{"id":11978,"date":"2022-01-01T09:00:35","date_gmt":"2022-01-01T09:00:35","guid":{"rendered":"https:\/\/kmblock.com\/product\/mercedes-classe-c-w204-c204-s204\/"},"modified":"2022-01-01T09:00:35","modified_gmt":"2022-01-01T09:00:35","slug":"mercedes-classe-c-w204-c204-s204","status":"publish","type":"product","link":"https:\/\/kmblock.com\/pt-pt\/product\/mercedes-classe-c-w204-c204-s204\/","title":{"rendered":"Mercedes Classe C W204\/C204\/S204"},"content":{"rendered":"<h3><strong>Bloqueador de quil\u00f3metros para Mercedes C-Class W204 (2007-2015)<\/strong><\/h3>\n<p>O <strong>bloqueador de quilometragem do Mercedes Classe C W204<\/strong> \u00e9 muitas vezes referido como <strong>bloqueador do conta-quil\u00f3metros<\/strong>, limitador <strong>do<\/strong> conta-quil\u00f3metros, bloqueador <strong>de latas<\/strong>, <strong>limitador de quilometragem<\/strong>, conta-quil\u00f3metros <strong>de viagem<\/strong>, <strong>filtro de latas<\/strong> ou, por vezes, <strong>ferramenta de corre\u00e7\u00e3o de quilometragem<\/strong>.    <\/p>\n<p>Este dispositivo foi concebido especificamente para todos os modelos <strong>Mercedes Classe C W204<\/strong> lan\u00e7ados entre <strong>2007 e 2015<\/strong>.<\/p>\n<h4><strong>Especifica\u00e7\u00f5es principais:<\/strong><\/h4>\n<ul>\n<li><strong>Instala\u00e7\u00e3o &#8221;fa\u00e7a voc\u00ea mesmo&#8221; (DIY)<\/strong>: Simples e r\u00e1pida de instalar sem necessidade de assist\u00eancia profissional.<\/li>\n<li><strong>Desempenho indetet\u00e1vel<\/strong>: O dispositivo n\u00e3o deixa qualquer vest\u00edgio ou modifica\u00e7\u00e3o que possa ser detectada ap\u00f3s a remo\u00e7\u00e3o.<\/li>\n<li><strong>N\u00e3o soldas nem cortas<\/strong>: N\u00e3o precisas de cortar cabos ou soldar componentes electr\u00f3nicos.<\/li>\n<li><strong>Componentes de qualidade superior<\/strong>: Inclui fichas de alta qualidade e cabos resistentes ao calor para maior durabilidade.<\/li>\n<li><strong>Veloc\u00edmetro e sistemas de assist\u00eancia<\/strong>: Tanto o veloc\u00edmetro como os outros programas de assist\u00eancia continuam a funcionar sem falhas.<\/li>\n<li><strong>N\u00e3o h\u00e1 mensagens de erro<\/strong>: N\u00e3o h\u00e1 mensagens de erro no veloc\u00edmetro ou no painel de navega\u00e7\u00e3o, mesmo quando s\u00e3o utilizados aparelhos de teste de diagn\u00f3stico.<\/li>\n<li><strong>Defini\u00e7\u00f5es guardadas<\/strong>: Depois de definires o m\u00f3dulo, as defini\u00e7\u00f5es s\u00e3o guardadas e n\u00e3o precisam de ser repostas ao reiniciar o ve\u00edculo.<\/li>\n<li><strong>Desvio na quilometragem<\/strong>: Para o modo que altera completamente a quilometragem, \u00e9 permitido um desvio de at\u00e9 <strong>1%<\/strong> na dist\u00e2ncia percorrida, com pequenas diferen\u00e7as na quilometragem parada.<\/li>\n<\/ul>\n<h4><strong>Vis\u00e3o geral dos modos:<\/strong><\/h4>\n<ul>\n<li><strong>Modo 1<\/strong>: O contador de quil\u00f3metros est\u00e1 parado a 100%, mas o indicador de velocidade n\u00e3o funciona.<\/li>\n<li><strong>Modo 2<\/strong>: Conta 10% da quilometragem real e visualiza 1\/10 da velocidade no veloc\u00edmetro.<\/li>\n<li><strong>Modo 3<\/strong>: A quilometragem \u00e9 reduzida para metade (50%) e o veloc\u00edmetro indica 50% da velocidade real.<\/li>\n<li><strong>Modo 4<\/strong>: O contador de quil\u00f3metros est\u00e1 parado a 100%, mas o indicador de velocidade funciona.<\/li>\n<li><strong>Modo 5<\/strong>: O od\u00f3metro conta 100% da quilometragem.<\/li>\n<\/ul>\n<h4><strong>Ativa\u00e7\u00e3o e desativa\u00e7\u00e3o:<\/strong><\/h4>\n<p><span data-sheets-root=\"1\">&#8221;Ativar&#8221;, mantendo premido o &#8221;bot\u00e3o de retorno&#8221; durante 10 segundos at\u00e9 que todas as luzes se acendam.<\/span><\/p>\n<p><strong>Modo On:<\/strong> todas as luzes se acendem e conta 0% da quilometragem. Tudo est\u00e1 a funcionar corretamente. <\/p>\n<p><strong>Modo desligado:<\/strong> todas as luzes se acendem e conta 100% da quilometragem. Tudo est\u00e1 a funcionar corretamente&#8221;. <\/p>\n<h4><strong>Instru\u00e7\u00f5es de calibra\u00e7\u00e3o:<\/strong><\/h4>\n<ol>\n<li>Para calibrar, prime <strong>10 vezes<\/strong> o bot\u00e3o <strong>Return<\/strong> quando o m\u00f3dulo estiver ativado.<\/li>\n<li>Define a velocidade para <strong>60km\/h (ou 60mph)<\/strong> e, em seguida, ajusta a velocidade utilizando as <strong>setas para cima e para baixo<\/strong>.<\/li>\n<li>Pressiona o bot\u00e3o <strong>OK<\/strong> para confirmar quando a velocidade coincidir.<\/li>\n<li>Para sair do modo de calibra\u00e7\u00e3o, prime <strong>12 vezes<\/strong> a tecla <strong>Return<\/strong>.<\/li>\n<\/ol>\n<h4><strong>Notas importantes:<\/strong><\/h4>\n<ul>\n<li>O <strong>bloqueador de quilometragem do Mercedes Classe C W204<\/strong> \u00e9 ideal para <strong>testes de desempenho<\/strong> ou <strong>altera\u00e7\u00e3o tempor\u00e1ria da quilometragem<\/strong>.<\/li>\n<li><strong>N\u00e3o \u00e9 uma ferramenta de corre\u00e7\u00e3o de quilometragem<\/strong>: Ao contr\u00e1rio das ferramentas que podem reverter a quilometragem, este dispositivo foi concebido para parar ou alterar a quilometragem para fins de teste, sem remover a quilometragem permanentemente.<\/li>\n<li>O m\u00f3dulo funciona com v\u00e1rios tipos de motores, incluindo <strong>diesel<\/strong>, <strong>gasolina<\/strong>, <strong>ve\u00edculos h\u00edbridos el\u00e9ctricos plug-in (PHEV)<\/strong> e <strong>carros el\u00e9ctricos<\/strong>.<\/li>\n<\/ul>\n<h4><strong>Principais vantagens:<\/strong><\/h4>\n<ul>\n<li><strong>N\u00e3o pode ser rastreado<\/strong>: N\u00e3o deixa vest\u00edgios de adultera\u00e7\u00e3o.<\/li>\n<li><strong>Sem impacto noutras fun\u00e7\u00f5es<\/strong>: O veloc\u00edmetro e os programas de assist\u00eancia permanecem totalmente funcionais.<\/li>\n<li><strong>M\u00faltiplos modos de personaliza\u00e7\u00e3o<\/strong>: Altera as leituras de quilometragem e velocidade de acordo com as tuas necessidades.<\/li>\n<li><strong>Confi\u00e1vel<\/strong>: Guarda as suas defini\u00e7\u00f5es, assegurando que n\u00e3o \u00e9 necess\u00e1rio reinici\u00e1-las quando o ve\u00edculo \u00e9 reiniciado.<\/li>\n<\/ul>\n<p>Para mais informa\u00e7\u00f5es ou para encomendar, n\u00e3o hesites em contactar-nos.<\/p>\n","protected":false},"excerpt":{"rendered":"<p>Antes de encomendar, certifica-te de que compreendes o processo de ativa\u00e7\u00e3o do m\u00f3dulo e os efeitos potenciais nas mensagens de erro ou nas fun\u00e7\u00f5es do ve\u00edculo.<\/p>\n<p><strong>Este dispositivo \u00e9 adequado para todos os modelos Mercedes C-Class W204 lan\u00e7ados entre 2007 e 2015.  <\/strong>Instala\u00e7\u00e3o f\u00e1cil e r\u00e1pida, sem necessidade de assist\u00eancia profissional. O dispositivo n\u00e3o deixa qualquer vest\u00edgio de manipula\u00e7\u00e3o ap\u00f3s a sua remo\u00e7\u00e3o. O m\u00f3dulo pode ser ativado ou desativado durante a condu\u00e7\u00e3o, para maior comodidade. Garante uma durabilidade e um desempenho duradouro. N\u00e3o interfere com o veloc\u00edmetro, a navega\u00e7\u00e3o ou outros sistemas de assist\u00eancia do ve\u00edculo.    <\/p>\n<p class=\"p1\"><b> Integra\u00e7\u00e3o perfeita<\/b><b><\/b><\/p>\n<p class=\"p1\"><b> Instala\u00e7\u00e3o f\u00e1cil<\/b><b><\/b><\/p>\n<p class=\"p1\"><b> Gest\u00e3o exacta da quilometragem<\/b><b><\/b><\/p>\n<p class=\"p1\"><b> Funcionamento em modo furtivo<\/b><b><\/b><\/p>\n<p class=\"p1\"><span class=\"s1\">\u2705<\/span><b> Suporte e actualiza\u00e7\u00f5es vital\u00edcias<\/b><\/p>\n<p>&nbsp;<\/p>\n","protected":false},"featured_media":1075,"comment_status":"open","ping_status":"closed","template":"","meta":[],"product_brand":[],"product_cat":[1245],"product_tag":[],"class_list":{"0":"post-11978","1":"product","2":"type-product","3":"status-publish","4":"has-post-thumbnail","6":"product_cat-mercedes","8":"first","9":"instock","10":"taxable","11":"shipping-taxable","12":"purchasable","13":"product-type-variable"},"yoast_head":"<!-- This site is optimized with the Yoast SEO plugin v27.5 - https:\/\/yoast.com\/product\/yoast-seo-wordpress\/ -->\n<title>Mercedes Classe C W204\/C204\/S204 Mileage Blocker (KM stopper) \u2192 KM Block<\/title>\n<meta name=\"description\" content=\"Buy a Mercedes Classe C W204\/C204\/S204 Mileage Blocker for the Best Prices \u2713 Free Shipping \u2713 Incl. Installation Guides\" \/>\n<meta name=\"robots\" content=\"index, follow, max-snippet:-1, max-image-preview:large, max-video-preview:-1\" \/>\n<meta property=\"og:locale\" content=\"pt_PT\" \/>\n<meta property=\"og:type\" content=\"article\" \/>\n<meta property=\"og:title\" content=\"Mercedes Classe C W204\/C204\/S204 Mileage Blocker (KM stopper) \u2192 KM Block\" \/>\n<meta property=\"og:description\" content=\"Buy a Mercedes Classe C W204\/C204\/S204 Mileage Blocker for the Best Prices \u2713 Free Shipping \u2713 Incl. Installation Guides\" \/>\n<meta property=\"og:url\" content=\"https:\/\/kmblock.com\/pt-pt\/product\/mercedes-classe-c-w204-c204-s204\/\" \/>\n<meta property=\"og:site_name\" content=\"KM Block\" \/>\n<meta property=\"og:image\" content=\"https:\/\/kmblock.com\/wp-content\/uploads\/2024\/11\/class-2018-600x491-1.jpg\" \/>\n\t<meta property=\"og:image:width\" content=\"600\" \/>\n\t<meta property=\"og:image:height\" content=\"491\" \/>\n\t<meta property=\"og:image:type\" content=\"image\/jpeg\" \/>\n<meta name=\"twitter:card\" content=\"summary_large_image\" \/>\n<meta name=\"twitter:label1\" content=\"Tempo estimado de leitura\" \/>\n\t<meta name=\"twitter:data1\" content=\"3 minutos\" \/>\n<script type=\"application\/ld+json\" class=\"yoast-schema-graph\">{\"@context\":\"https:\\\/\\\/schema.org\",\"@graph\":[{\"@type\":\"WebPage\",\"@id\":\"https:\\\/\\\/kmblock.com\\\/pt-pt\\\/product\\\/mercedes-classe-c-w204-c204-s204\\\/\",\"url\":\"https:\\\/\\\/kmblock.com\\\/pt-pt\\\/product\\\/mercedes-classe-c-w204-c204-s204\\\/\",\"name\":\"Mercedes Classe C W204\\\/C204\\\/S204 Mileage Blocker (KM stopper) \u2192 KM Block\",\"isPartOf\":{\"@id\":\"https:\\\/\\\/kmblock.com\\\/pt-pt\\\/#website\"},\"primaryImageOfPage\":{\"@id\":\"https:\\\/\\\/kmblock.com\\\/pt-pt\\\/product\\\/mercedes-classe-c-w204-c204-s204\\\/#primaryimage\"},\"image\":{\"@id\":\"https:\\\/\\\/kmblock.com\\\/pt-pt\\\/product\\\/mercedes-classe-c-w204-c204-s204\\\/#primaryimage\"},\"thumbnailUrl\":\"https:\\\/\\\/kmblock.com\\\/wp-content\\\/uploads\\\/2024\\\/11\\\/class-2018-600x491-1.jpg\",\"datePublished\":\"2022-01-01T09:00:35+00:00\",\"description\":\"Buy a Mercedes Classe C W204\\\/C204\\\/S204 Mileage Blocker for the Best Prices \u2713 Free Shipping \u2713 Incl. Installation Guides\",\"breadcrumb\":{\"@id\":\"https:\\\/\\\/kmblock.com\\\/pt-pt\\\/product\\\/mercedes-classe-c-w204-c204-s204\\\/#breadcrumb\"},\"inLanguage\":\"pt-PT\",\"potentialAction\":[{\"@type\":\"ReadAction\",\"target\":[\"https:\\\/\\\/kmblock.com\\\/pt-pt\\\/product\\\/mercedes-classe-c-w204-c204-s204\\\/\"]}]},{\"@type\":\"ImageObject\",\"inLanguage\":\"pt-PT\",\"@id\":\"https:\\\/\\\/kmblock.com\\\/pt-pt\\\/product\\\/mercedes-classe-c-w204-c204-s204\\\/#primaryimage\",\"url\":\"https:\\\/\\\/kmblock.com\\\/wp-content\\\/uploads\\\/2024\\\/11\\\/class-2018-600x491-1.jpg\",\"contentUrl\":\"https:\\\/\\\/kmblock.com\\\/wp-content\\\/uploads\\\/2024\\\/11\\\/class-2018-600x491-1.jpg\",\"width\":600,\"height\":491},{\"@type\":\"BreadcrumbList\",\"@id\":\"https:\\\/\\\/kmblock.com\\\/pt-pt\\\/product\\\/mercedes-classe-c-w204-c204-s204\\\/#breadcrumb\",\"itemListElement\":[{\"@type\":\"ListItem\",\"position\":1,\"name\":\"Casa\",\"item\":\"https:\\\/\\\/kmblock.com\\\/pt-pt\\\/\"},{\"@type\":\"ListItem\",\"position\":2,\"name\":\"Produtos\",\"item\":\"https:\\\/\\\/kmblock.com\\\/pt-pt\\\/shop\\\/\"},{\"@type\":\"ListItem\",\"position\":3,\"name\":\"Mercedes Classe C W204\\\/C204\\\/S204\"}]},{\"@type\":\"WebSite\",\"@id\":\"https:\\\/\\\/kmblock.com\\\/pt-pt\\\/#website\",\"url\":\"https:\\\/\\\/kmblock.com\\\/pt-pt\\\/\",\"name\":\"KM Block\",\"description\":\"\",\"publisher\":{\"@id\":\"https:\\\/\\\/kmblock.com\\\/pt-pt\\\/#organization\"},\"potentialAction\":[{\"@type\":\"SearchAction\",\"target\":{\"@type\":\"EntryPoint\",\"urlTemplate\":\"https:\\\/\\\/kmblock.com\\\/pt-pt\\\/?s={search_term_string}\"},\"query-input\":{\"@type\":\"PropertyValueSpecification\",\"valueRequired\":true,\"valueName\":\"search_term_string\"}}],\"inLanguage\":\"pt-PT\"},{\"@type\":\"Organization\",\"@id\":\"https:\\\/\\\/kmblock.com\\\/pt-pt\\\/#organization\",\"name\":\"Bloco KM\",\"url\":\"https:\\\/\\\/kmblock.com\\\/pt-pt\\\/\",\"logo\":{\"@type\":\"ImageObject\",\"inLanguage\":\"pt-PT\",\"@id\":\"https:\\\/\\\/kmblock.com\\\/pt-pt\\\/#\\\/schema\\\/logo\\\/image\\\/\",\"url\":\"https:\\\/\\\/kmblock.com\\\/wp-content\\\/uploads\\\/2024\\\/08\\\/main-logo.png\",\"contentUrl\":\"https:\\\/\\\/kmblock.com\\\/wp-content\\\/uploads\\\/2024\\\/08\\\/main-logo.png\",\"width\":186,\"height\":28,\"caption\":\"Bloco KM\"},\"image\":{\"@id\":\"https:\\\/\\\/kmblock.com\\\/pt-pt\\\/#\\\/schema\\\/logo\\\/image\\\/\"}}]}<\/script>\n<!-- \/ Yoast SEO plugin. -->","yoast_head_json":{"title":"Mercedes Classe C W204\/C204\/S204 Mileage Blocker (KM stopper) \u2192 KM Block","description":"Buy a Mercedes Classe C W204\/C204\/S204 Mileage Blocker for the Best Prices \u2713 Free Shipping \u2713 Incl. Installation Guides","robots":{"index":"index","follow":"follow","max-snippet":"max-snippet:-1","max-image-preview":"max-image-preview:large","max-video-preview":"max-video-preview:-1"},"og_locale":"pt_PT","og_type":"article","og_title":"Mercedes Classe C W204\/C204\/S204 Mileage Blocker (KM stopper) \u2192 KM Block","og_description":"Buy a Mercedes Classe C W204\/C204\/S204 Mileage Blocker for the Best Prices \u2713 Free Shipping \u2713 Incl. Installation Guides","og_url":"https:\/\/kmblock.com\/pt-pt\/product\/mercedes-classe-c-w204-c204-s204\/","og_site_name":"KM Block","og_image":[{"width":600,"height":491,"url":"https:\/\/kmblock.com\/wp-content\/uploads\/2024\/11\/class-2018-600x491-1.jpg","type":"image\/jpeg"}],"twitter_card":"summary_large_image","twitter_misc":{"Tempo estimado de leitura":"3 minutos"},"schema":{"@context":"https:\/\/schema.org","@graph":[{"@type":"WebPage","@id":"https:\/\/kmblock.com\/pt-pt\/product\/mercedes-classe-c-w204-c204-s204\/","url":"https:\/\/kmblock.com\/pt-pt\/product\/mercedes-classe-c-w204-c204-s204\/","name":"Mercedes Classe C W204\/C204\/S204 Mileage Blocker (KM stopper) \u2192 KM Block","isPartOf":{"@id":"https:\/\/kmblock.com\/pt-pt\/#website"},"primaryImageOfPage":{"@id":"https:\/\/kmblock.com\/pt-pt\/product\/mercedes-classe-c-w204-c204-s204\/#primaryimage"},"image":{"@id":"https:\/\/kmblock.com\/pt-pt\/product\/mercedes-classe-c-w204-c204-s204\/#primaryimage"},"thumbnailUrl":"https:\/\/kmblock.com\/wp-content\/uploads\/2024\/11\/class-2018-600x491-1.jpg","datePublished":"2022-01-01T09:00:35+00:00","description":"Buy a Mercedes Classe C W204\/C204\/S204 Mileage Blocker for the Best Prices \u2713 Free Shipping \u2713 Incl. Installation Guides","breadcrumb":{"@id":"https:\/\/kmblock.com\/pt-pt\/product\/mercedes-classe-c-w204-c204-s204\/#breadcrumb"},"inLanguage":"pt-PT","potentialAction":[{"@type":"ReadAction","target":["https:\/\/kmblock.com\/pt-pt\/product\/mercedes-classe-c-w204-c204-s204\/"]}]},{"@type":"ImageObject","inLanguage":"pt-PT","@id":"https:\/\/kmblock.com\/pt-pt\/product\/mercedes-classe-c-w204-c204-s204\/#primaryimage","url":"https:\/\/kmblock.com\/wp-content\/uploads\/2024\/11\/class-2018-600x491-1.jpg","contentUrl":"https:\/\/kmblock.com\/wp-content\/uploads\/2024\/11\/class-2018-600x491-1.jpg","width":600,"height":491},{"@type":"BreadcrumbList","@id":"https:\/\/kmblock.com\/pt-pt\/product\/mercedes-classe-c-w204-c204-s204\/#breadcrumb","itemListElement":[{"@type":"ListItem","position":1,"name":"Casa","item":"https:\/\/kmblock.com\/pt-pt\/"},{"@type":"ListItem","position":2,"name":"Produtos","item":"https:\/\/kmblock.com\/pt-pt\/shop\/"},{"@type":"ListItem","position":3,"name":"Mercedes Classe C W204\/C204\/S204"}]},{"@type":"WebSite","@id":"https:\/\/kmblock.com\/pt-pt\/#website","url":"https:\/\/kmblock.com\/pt-pt\/","name":"KM Block","description":"","publisher":{"@id":"https:\/\/kmblock.com\/pt-pt\/#organization"},"potentialAction":[{"@type":"SearchAction","target":{"@type":"EntryPoint","urlTemplate":"https:\/\/kmblock.com\/pt-pt\/?s={search_term_string}"},"query-input":{"@type":"PropertyValueSpecification","valueRequired":true,"valueName":"search_term_string"}}],"inLanguage":"pt-PT"},{"@type":"Organization","@id":"https:\/\/kmblock.com\/pt-pt\/#organization","name":"Bloco KM","url":"https:\/\/kmblock.com\/pt-pt\/","logo":{"@type":"ImageObject","inLanguage":"pt-PT","@id":"https:\/\/kmblock.com\/pt-pt\/#\/schema\/logo\/image\/","url":"https:\/\/kmblock.com\/wp-content\/uploads\/2024\/08\/main-logo.png","contentUrl":"https:\/\/kmblock.com\/wp-content\/uploads\/2024\/08\/main-logo.png","width":186,"height":28,"caption":"Bloco KM"},"image":{"@id":"https:\/\/kmblock.com\/pt-pt\/#\/schema\/logo\/image\/"}}]}},"_links":{"self":[{"href":"https:\/\/kmblock.com\/pt-pt\/wp-json\/wp\/v2\/product\/11978","targetHints":{"allow":["GET"]}}],"collection":[{"href":"https:\/\/kmblock.com\/pt-pt\/wp-json\/wp\/v2\/product"}],"about":[{"href":"https:\/\/kmblock.com\/pt-pt\/wp-json\/wp\/v2\/types\/product"}],"replies":[{"embeddable":true,"href":"https:\/\/kmblock.com\/pt-pt\/wp-json\/wp\/v2\/comments?post=11978"}],"wp:featuredmedia":[{"embeddable":true,"href":"https:\/\/kmblock.com\/pt-pt\/wp-json\/wp\/v2\/media\/1075"}],"wp:attachment":[{"href":"https:\/\/kmblock.com\/pt-pt\/wp-json\/wp\/v2\/media?parent=11978"}],"wp:term":[{"taxonomy":"product_brand","embeddable":true,"href":"https:\/\/kmblock.com\/pt-pt\/wp-json\/wp\/v2\/product_brand?post=11978"},{"taxonomy":"product_cat","embeddable":true,"href":"https:\/\/kmblock.com\/pt-pt\/wp-json\/wp\/v2\/product_cat?post=11978"},{"taxonomy":"product_tag","embeddable":true,"href":"https:\/\/kmblock.com\/pt-pt\/wp-json\/wp\/v2\/product_tag?post=11978"}],"curies":[{"name":"wp","href":"https:\/\/api.w.org\/{rel}","templated":true}]}}