{"id":11961,"date":"2024-11-17T10:29:47","date_gmt":"2024-11-17T10:29:47","guid":{"rendered":"https:\/\/kmblock.com\/product\/mercedes-classe-v-w447\/"},"modified":"2024-11-17T10:29:47","modified_gmt":"2024-11-17T10:29:47","slug":"mercedes-classe-v-w447","status":"publish","type":"product","link":"https:\/\/kmblock.com\/pt-pt\/product\/mercedes-classe-v-w447\/","title":{"rendered":"Mercedes Classe V W447"},"content":{"rendered":"<p><strong>BLOQUEADOR DE QUIL\u00d3METROS PARA MERCEDES V CLASS \/ VITO W447 (BLOQUEIO DE KM)<\/strong><\/p>\n<p><strong>ESPECIFICA\u00c7\u00d5ES:<\/strong><\/p>\n<ul>\n<li><strong>Instala\u00e7\u00e3o &#8221;fa\u00e7a voc\u00ea mesmo&#8221; (DIY)<\/strong>: Processo de instala\u00e7\u00e3o f\u00e1cil e r\u00e1pido que n\u00e3o necessita de assist\u00eancia profissional.<\/li>\n<li><strong>Liga e desliga facilmente em movimento<\/strong>: O dispositivo pode ser ativado ou desativado enquanto o ve\u00edculo est\u00e1 em movimento sem afetar o seu desempenho.<\/li>\n<li><strong>N\u00e3o deixa rasto<\/strong>: O m\u00f3dulo n\u00e3o requer qualquer soldadura ou corte de cabos, assegurando que n\u00e3o h\u00e1 altera\u00e7\u00f5es permanentes na cablagem do ve\u00edculo.<\/li>\n<li><strong>Fichas de qualidade superior e cabos resistentes ao calor<\/strong>: O m\u00f3dulo foi concebido com materiais de alta qualidade para garantir uma durabilidade a longo prazo e um funcionamento fi\u00e1vel.<\/li>\n<li><strong>F\u00e1cil de utilizar com v\u00e1rias combina\u00e7\u00f5es de teclas<\/strong>: O sistema pode ser controlado atrav\u00e9s de combina\u00e7\u00f5es de teclas simples, proporcionando uma utiliza\u00e7\u00e3o f\u00e1cil para qualquer propriet\u00e1rio de ve\u00edculo.<\/li>\n<li><strong>Ap\u00f3s a remo\u00e7\u00e3o do m\u00f3dulo, a quilometragem n\u00e3o aumenta espontaneamente<\/strong>: Ap\u00f3s a remo\u00e7\u00e3o do m\u00f3dulo, a quilometragem do ve\u00edculo n\u00e3o aumenta automaticamente, preservando a contagem de quil\u00f3metros atual.<\/li>\n<li><strong>Os aparelhos de diagn\u00f3stico n\u00e3o conseguem descobrir a quilometragem alterada pelo Mercedes V-Class, Vito W447 Mileage Stopper<\/strong>: O dispositivo funciona de tal forma que os sistemas de diagn\u00f3stico n\u00e3o detectam quaisquer altera\u00e7\u00f5es na quilometragem, mantendo as altera\u00e7\u00f5es indetect\u00e1veis.<\/li>\n<li><strong>Seleciona as defini\u00e7\u00f5es uma vez e estas s\u00e3o guardadas incondicionalmente<\/strong>: As defini\u00e7\u00f5es escolhidas s\u00e3o guardadas sem necessidade de reprograma\u00e7\u00e3o cada vez que o aparelho \u00e9 ativado.<\/li>\n<li><strong>O veloc\u00edmetro e todos os outros sistemas de assist\u00eancia funcionam sem problemas<\/strong>: O dispositivo garante que todos os sistemas do ve\u00edculo, incluindo o veloc\u00edmetro e os programas de assist\u00eancia, funcionam como devem, sem interfer\u00eancias.<\/li>\n<li><strong>N\u00e3o aparecem mensagens de erro no veloc\u00edmetro ou no painel de navega\u00e7\u00e3o<\/strong>: O sistema n\u00e3o apresenta quaisquer mensagens de erro, proporcionando uma experi\u00eancia de condu\u00e7\u00e3o sem problemas.<\/li>\n<li><strong>A face de acoplamento e os sulcos no conetor garantem um processo de instala\u00e7\u00e3o suave<\/strong>: O design do conetor garante uma instala\u00e7\u00e3o segura e simples, reduzindo a possibilidade de problemas de liga\u00e7\u00e3o.<\/li>\n<li><strong>O controlo da velocidade de cruzeiro\/Distronic n\u00e3o funciona<\/strong>: Enquanto o m\u00f3dulo estiver ativo, funcionalidades como o Cruise Control e o Distronic n\u00e3o funcionar\u00e3o como habitualmente.<\/li>\n<li><strong>Para o modo que altera totalmente a quilometragem, permitimos um desvio de at\u00e9 1% da dist\u00e2ncia percorrida<\/strong>: O m\u00f3dulo foi concebido para parar o contador de quil\u00f3metros, mas permite uma pequena margem de erro de at\u00e9 1% nas leituras de quil\u00f3metros. Os detalhes sobre a quilometragem parada s\u00e3o aproxima\u00e7\u00f5es e podem apresentar ligeiras discrep\u00e2ncias. <\/li>\n<\/ul>\n<p><strong>ACTIVA\u00c7\u00c3O E DESACTIVA\u00c7\u00c3O:<\/strong><\/p>\n<p><span data-sheets-root=\"1\">&#8221;Ativar&#8221;, mantendo premido o &#8221;bot\u00e3o de retorno&#8221; durante 10 segundos at\u00e9 que todas as luzes se acendam.<\/span><\/p>\n<p><strong>Modo On<\/strong>: todas as luzes se acendem e conta 0% da quilometragem. Tudo est\u00e1 a funcionar corretamente. <\/p>\n<p><strong>Modo desligado:<\/strong> todas as luzes se acendem e conta 100% da quilometragem. Tudo est\u00e1 a funcionar corretamente&#8221;. <\/p>\n<p><strong>O que \u00e9 o Mercedes V-Class, Vito W447, Bloqueador de Od\u00f3metro ou Ferramenta de Corre\u00e7\u00e3o de Quil\u00f3metros?<\/strong> O <strong>Bloqueador de Quil\u00f3metros Mercedes V-Class, Vito W447<\/strong> (tamb\u00e9m conhecido como Bloqueador de Od\u00f3metro) foi concebido para parar temporariamente a contagem de quil\u00f3metros enquanto o ve\u00edculo est\u00e1 a ser utilizado para testes de desempenho. A ferramenta funciona de forma eficiente, independentemente de o od\u00f3metro do ve\u00edculo medir em quil\u00f3metros ou milhas, o que a torna universalmente compat\u00edvel. <\/p>\n<p>Ao contr\u00e1rio das ferramentas de Corre\u00e7\u00e3o de Quil\u00f3metros que tentam alterar as leituras do conta-quil\u00f3metros (que s\u00e3o normalmente utilizadas para reverter a quilometragem de forma fraudulenta), este <strong>Bloqueador de Quil\u00f3metros<\/strong> p\u00e1ra a contagem de quil\u00f3metros durante condi\u00e7\u00f5es espec\u00edficas sem alterar permanentemente quaisquer dados. \u00c9 ideal para testar o desempenho ou para quando a quilometragem do ve\u00edculo n\u00e3o deve aumentar temporariamente. <\/p>\n<p><strong>Nota importante:<\/strong> N\u00e3o vendemos <strong>ferramentas de corre\u00e7\u00e3o de quilometragem<\/strong> para o Mercedes V-Class, Vito W447, uma vez que estas ferramentas foram concebidas para manipular as leituras do conta-quil\u00f3metros e s\u00e3o utilizadas para fins fraudulentos. O nosso m\u00f3dulo apenas controla a quilometragem durante os testes de desempenho e n\u00e3o altera a leitura do conta-quil\u00f3metros de forma permanente. Al\u00e9m disso, <strong>os autom\u00f3veis t\u00eam v\u00e1rias unidades de armazenamento de dados<\/strong> e as ferramentas de revers\u00e3o n\u00e3o podem reverter totalmente a quilometragem, tornando-as ineficazes.  <\/p>\n<p>O <strong>bloqueador de quil\u00f3metros do Mercedes Classe V, Vito W447<\/strong> pode ser ativado ou desativado a qualquer momento, mesmo com o ve\u00edculo em movimento ou parado. Basta lig\u00e1-lo \u00e0 porta do veloc\u00edmetro e do painel de instrumentos e poder\u00e1s usufruir das vantagens do dispositivo sem necessidade de conhecimentos profundos sobre a manuten\u00e7\u00e3o do ve\u00edculo. <\/p>\n","protected":false},"excerpt":{"rendered":"<p><strong>Antes de encomendar, l\u00ea atentamente as instru\u00e7\u00f5es de ativa\u00e7\u00e3o do m\u00f3dulo e as notas importantes sobre mensagens de erro e fun\u00e7\u00f5es abaixo.<\/strong><\/p>\n<p><strong>ESTE DISPOSITIVO \u00c9 ADEQUADO PARA TODOS OS MODELOS MERCEDES V CLASS \/ VITO W447 QUE FORAM LAN\u00c7ADOS ENTRE 2015 E 2022.  <\/strong>  Instala\u00e7\u00e3o f\u00e1cil e r\u00e1pida sem necessidade de assist\u00eancia profissional. O m\u00f3dulo pode ser ativado ou desativado enquanto o ve\u00edculo est\u00e1 em movimento, proporcionando comodidade e flexibilidade. Concebido com materiais de alta qualidade para durabilidade e desempenho fi\u00e1vel. Enquanto o m\u00f3dulo estiver ativado, as fun\u00e7\u00f5es de controlo da velocidade de cruzeiro e Distronic ser\u00e3o desactivadas. O dispositivo assegura que o veloc\u00edmetro e outros sistemas de assist\u00eancia funcionam como previsto, sem quaisquer problemas. O m\u00f3dulo oferece v\u00e1rios modos, permitindo-te selecionar a melhor op\u00e7\u00e3o para as tuas necessidades.     <\/p>\n<p class=\"p1\"><b> Integra\u00e7\u00e3o perfeita<\/b><b><\/b><\/p>\n<p class=\"p1\"><b> Instala\u00e7\u00e3o f\u00e1cil<\/b><b><\/b><\/p>\n<p class=\"p1\"><b> Gest\u00e3o exacta da quilometragem<\/b><b><\/b><\/p>\n<p class=\"p1\"><b> Funcionamento em modo furtivo<\/b><b><\/b><\/p>\n<p class=\"p1\"><span class=\"s1\">\u2705<\/span><b> Suporte e actualiza\u00e7\u00f5es vital\u00edcias<\/b><\/p>\n","protected":false},"featured_media":1098,"comment_status":"open","ping_status":"closed","template":"","meta":[],"product_brand":[],"product_cat":[1245],"product_tag":[],"class_list":{"0":"post-11961","1":"product","2":"type-product","3":"status-publish","4":"has-post-thumbnail","6":"product_cat-mercedes","8":"first","9":"instock","10":"taxable","11":"shipping-taxable","12":"purchasable","13":"product-type-variable"},"yoast_head":"<!-- This site is optimized with the Yoast SEO plugin v27.5 - https:\/\/yoast.com\/product\/yoast-seo-wordpress\/ -->\n<title>Mercedes Classe V W447 Mileage Blocker (KM stopper) \u2192 KM Block<\/title>\n<meta name=\"description\" content=\"Buy a Mercedes Classe V W447 Mileage Blocker for the Best Prices \u2713 Free Shipping \u2713 Incl. Installation Guides\" \/>\n<meta name=\"robots\" content=\"index, follow, max-snippet:-1, max-image-preview:large, max-video-preview:-1\" \/>\n<meta property=\"og:locale\" content=\"pt_PT\" \/>\n<meta property=\"og:type\" content=\"article\" \/>\n<meta property=\"og:title\" content=\"Mercedes Classe V W447 Mileage Blocker (KM stopper) \u2192 KM Block\" \/>\n<meta property=\"og:description\" content=\"Buy a Mercedes Classe V W447 Mileage Blocker for the Best Prices \u2713 Free Shipping \u2713 Incl. Installation Guides\" \/>\n<meta property=\"og:url\" content=\"https:\/\/kmblock.com\/pt-pt\/product\/mercedes-classe-v-w447\/\" \/>\n<meta property=\"og:site_name\" content=\"KM Block\" \/>\n<meta property=\"og:image\" content=\"https:\/\/kmblock.com\/wp-content\/uploads\/2024\/11\/vclass-600x491-1.jpg\" \/>\n\t<meta property=\"og:image:width\" content=\"600\" \/>\n\t<meta property=\"og:image:height\" content=\"491\" \/>\n\t<meta property=\"og:image:type\" content=\"image\/jpeg\" \/>\n<meta name=\"twitter:card\" content=\"summary_large_image\" \/>\n<meta name=\"twitter:label1\" content=\"Tempo estimado de leitura\" \/>\n\t<meta name=\"twitter:data1\" content=\"4 minutos\" \/>\n<script type=\"application\/ld+json\" class=\"yoast-schema-graph\">{\"@context\":\"https:\\\/\\\/schema.org\",\"@graph\":[{\"@type\":\"WebPage\",\"@id\":\"https:\\\/\\\/kmblock.com\\\/pt-pt\\\/product\\\/mercedes-classe-v-w447\\\/\",\"url\":\"https:\\\/\\\/kmblock.com\\\/pt-pt\\\/product\\\/mercedes-classe-v-w447\\\/\",\"name\":\"Mercedes Classe V W447 Mileage Blocker (KM stopper) \u2192 KM Block\",\"isPartOf\":{\"@id\":\"https:\\\/\\\/kmblock.com\\\/pt-pt\\\/#website\"},\"primaryImageOfPage\":{\"@id\":\"https:\\\/\\\/kmblock.com\\\/pt-pt\\\/product\\\/mercedes-classe-v-w447\\\/#primaryimage\"},\"image\":{\"@id\":\"https:\\\/\\\/kmblock.com\\\/pt-pt\\\/product\\\/mercedes-classe-v-w447\\\/#primaryimage\"},\"thumbnailUrl\":\"https:\\\/\\\/kmblock.com\\\/wp-content\\\/uploads\\\/2024\\\/11\\\/vclass-600x491-1.jpg\",\"datePublished\":\"2024-11-17T10:29:47+00:00\",\"description\":\"Buy a Mercedes Classe V W447 Mileage Blocker for the Best Prices \u2713 Free Shipping \u2713 Incl. Installation Guides\",\"breadcrumb\":{\"@id\":\"https:\\\/\\\/kmblock.com\\\/pt-pt\\\/product\\\/mercedes-classe-v-w447\\\/#breadcrumb\"},\"inLanguage\":\"pt-PT\",\"potentialAction\":[{\"@type\":\"ReadAction\",\"target\":[\"https:\\\/\\\/kmblock.com\\\/pt-pt\\\/product\\\/mercedes-classe-v-w447\\\/\"]}]},{\"@type\":\"ImageObject\",\"inLanguage\":\"pt-PT\",\"@id\":\"https:\\\/\\\/kmblock.com\\\/pt-pt\\\/product\\\/mercedes-classe-v-w447\\\/#primaryimage\",\"url\":\"https:\\\/\\\/kmblock.com\\\/wp-content\\\/uploads\\\/2024\\\/11\\\/vclass-600x491-1.jpg\",\"contentUrl\":\"https:\\\/\\\/kmblock.com\\\/wp-content\\\/uploads\\\/2024\\\/11\\\/vclass-600x491-1.jpg\",\"width\":600,\"height\":491},{\"@type\":\"BreadcrumbList\",\"@id\":\"https:\\\/\\\/kmblock.com\\\/pt-pt\\\/product\\\/mercedes-classe-v-w447\\\/#breadcrumb\",\"itemListElement\":[{\"@type\":\"ListItem\",\"position\":1,\"name\":\"Casa\",\"item\":\"https:\\\/\\\/kmblock.com\\\/pt-pt\\\/\"},{\"@type\":\"ListItem\",\"position\":2,\"name\":\"Produtos\",\"item\":\"https:\\\/\\\/kmblock.com\\\/pt-pt\\\/shop\\\/\"},{\"@type\":\"ListItem\",\"position\":3,\"name\":\"Mercedes Classe V W447\"}]},{\"@type\":\"WebSite\",\"@id\":\"https:\\\/\\\/kmblock.com\\\/pt-pt\\\/#website\",\"url\":\"https:\\\/\\\/kmblock.com\\\/pt-pt\\\/\",\"name\":\"KM Block\",\"description\":\"\",\"publisher\":{\"@id\":\"https:\\\/\\\/kmblock.com\\\/pt-pt\\\/#organization\"},\"potentialAction\":[{\"@type\":\"SearchAction\",\"target\":{\"@type\":\"EntryPoint\",\"urlTemplate\":\"https:\\\/\\\/kmblock.com\\\/pt-pt\\\/?s={search_term_string}\"},\"query-input\":{\"@type\":\"PropertyValueSpecification\",\"valueRequired\":true,\"valueName\":\"search_term_string\"}}],\"inLanguage\":\"pt-PT\"},{\"@type\":\"Organization\",\"@id\":\"https:\\\/\\\/kmblock.com\\\/pt-pt\\\/#organization\",\"name\":\"Bloco KM\",\"url\":\"https:\\\/\\\/kmblock.com\\\/pt-pt\\\/\",\"logo\":{\"@type\":\"ImageObject\",\"inLanguage\":\"pt-PT\",\"@id\":\"https:\\\/\\\/kmblock.com\\\/pt-pt\\\/#\\\/schema\\\/logo\\\/image\\\/\",\"url\":\"https:\\\/\\\/kmblock.com\\\/wp-content\\\/uploads\\\/2024\\\/08\\\/main-logo.png\",\"contentUrl\":\"https:\\\/\\\/kmblock.com\\\/wp-content\\\/uploads\\\/2024\\\/08\\\/main-logo.png\",\"width\":186,\"height\":28,\"caption\":\"Bloco KM\"},\"image\":{\"@id\":\"https:\\\/\\\/kmblock.com\\\/pt-pt\\\/#\\\/schema\\\/logo\\\/image\\\/\"}}]}<\/script>\n<!-- \/ Yoast SEO plugin. -->","yoast_head_json":{"title":"Mercedes Classe V W447 Mileage Blocker (KM stopper) \u2192 KM Block","description":"Buy a Mercedes Classe V W447 Mileage Blocker for the Best Prices \u2713 Free Shipping \u2713 Incl. Installation Guides","robots":{"index":"index","follow":"follow","max-snippet":"max-snippet:-1","max-image-preview":"max-image-preview:large","max-video-preview":"max-video-preview:-1"},"og_locale":"pt_PT","og_type":"article","og_title":"Mercedes Classe V W447 Mileage Blocker (KM stopper) \u2192 KM Block","og_description":"Buy a Mercedes Classe V W447 Mileage Blocker for the Best Prices \u2713 Free Shipping \u2713 Incl. Installation Guides","og_url":"https:\/\/kmblock.com\/pt-pt\/product\/mercedes-classe-v-w447\/","og_site_name":"KM Block","og_image":[{"width":600,"height":491,"url":"https:\/\/kmblock.com\/wp-content\/uploads\/2024\/11\/vclass-600x491-1.jpg","type":"image\/jpeg"}],"twitter_card":"summary_large_image","twitter_misc":{"Tempo estimado de leitura":"4 minutos"},"schema":{"@context":"https:\/\/schema.org","@graph":[{"@type":"WebPage","@id":"https:\/\/kmblock.com\/pt-pt\/product\/mercedes-classe-v-w447\/","url":"https:\/\/kmblock.com\/pt-pt\/product\/mercedes-classe-v-w447\/","name":"Mercedes Classe V W447 Mileage Blocker (KM stopper) \u2192 KM Block","isPartOf":{"@id":"https:\/\/kmblock.com\/pt-pt\/#website"},"primaryImageOfPage":{"@id":"https:\/\/kmblock.com\/pt-pt\/product\/mercedes-classe-v-w447\/#primaryimage"},"image":{"@id":"https:\/\/kmblock.com\/pt-pt\/product\/mercedes-classe-v-w447\/#primaryimage"},"thumbnailUrl":"https:\/\/kmblock.com\/wp-content\/uploads\/2024\/11\/vclass-600x491-1.jpg","datePublished":"2024-11-17T10:29:47+00:00","description":"Buy a Mercedes Classe V W447 Mileage Blocker for the Best Prices \u2713 Free Shipping \u2713 Incl. Installation Guides","breadcrumb":{"@id":"https:\/\/kmblock.com\/pt-pt\/product\/mercedes-classe-v-w447\/#breadcrumb"},"inLanguage":"pt-PT","potentialAction":[{"@type":"ReadAction","target":["https:\/\/kmblock.com\/pt-pt\/product\/mercedes-classe-v-w447\/"]}]},{"@type":"ImageObject","inLanguage":"pt-PT","@id":"https:\/\/kmblock.com\/pt-pt\/product\/mercedes-classe-v-w447\/#primaryimage","url":"https:\/\/kmblock.com\/wp-content\/uploads\/2024\/11\/vclass-600x491-1.jpg","contentUrl":"https:\/\/kmblock.com\/wp-content\/uploads\/2024\/11\/vclass-600x491-1.jpg","width":600,"height":491},{"@type":"BreadcrumbList","@id":"https:\/\/kmblock.com\/pt-pt\/product\/mercedes-classe-v-w447\/#breadcrumb","itemListElement":[{"@type":"ListItem","position":1,"name":"Casa","item":"https:\/\/kmblock.com\/pt-pt\/"},{"@type":"ListItem","position":2,"name":"Produtos","item":"https:\/\/kmblock.com\/pt-pt\/shop\/"},{"@type":"ListItem","position":3,"name":"Mercedes Classe V W447"}]},{"@type":"WebSite","@id":"https:\/\/kmblock.com\/pt-pt\/#website","url":"https:\/\/kmblock.com\/pt-pt\/","name":"KM Block","description":"","publisher":{"@id":"https:\/\/kmblock.com\/pt-pt\/#organization"},"potentialAction":[{"@type":"SearchAction","target":{"@type":"EntryPoint","urlTemplate":"https:\/\/kmblock.com\/pt-pt\/?s={search_term_string}"},"query-input":{"@type":"PropertyValueSpecification","valueRequired":true,"valueName":"search_term_string"}}],"inLanguage":"pt-PT"},{"@type":"Organization","@id":"https:\/\/kmblock.com\/pt-pt\/#organization","name":"Bloco KM","url":"https:\/\/kmblock.com\/pt-pt\/","logo":{"@type":"ImageObject","inLanguage":"pt-PT","@id":"https:\/\/kmblock.com\/pt-pt\/#\/schema\/logo\/image\/","url":"https:\/\/kmblock.com\/wp-content\/uploads\/2024\/08\/main-logo.png","contentUrl":"https:\/\/kmblock.com\/wp-content\/uploads\/2024\/08\/main-logo.png","width":186,"height":28,"caption":"Bloco KM"},"image":{"@id":"https:\/\/kmblock.com\/pt-pt\/#\/schema\/logo\/image\/"}}]}},"_links":{"self":[{"href":"https:\/\/kmblock.com\/pt-pt\/wp-json\/wp\/v2\/product\/11961","targetHints":{"allow":["GET"]}}],"collection":[{"href":"https:\/\/kmblock.com\/pt-pt\/wp-json\/wp\/v2\/product"}],"about":[{"href":"https:\/\/kmblock.com\/pt-pt\/wp-json\/wp\/v2\/types\/product"}],"replies":[{"embeddable":true,"href":"https:\/\/kmblock.com\/pt-pt\/wp-json\/wp\/v2\/comments?post=11961"}],"wp:featuredmedia":[{"embeddable":true,"href":"https:\/\/kmblock.com\/pt-pt\/wp-json\/wp\/v2\/media\/1098"}],"wp:attachment":[{"href":"https:\/\/kmblock.com\/pt-pt\/wp-json\/wp\/v2\/media?parent=11961"}],"wp:term":[{"taxonomy":"product_brand","embeddable":true,"href":"https:\/\/kmblock.com\/pt-pt\/wp-json\/wp\/v2\/product_brand?post=11961"},{"taxonomy":"product_cat","embeddable":true,"href":"https:\/\/kmblock.com\/pt-pt\/wp-json\/wp\/v2\/product_cat?post=11961"},{"taxonomy":"product_tag","embeddable":true,"href":"https:\/\/kmblock.com\/pt-pt\/wp-json\/wp\/v2\/product_tag?post=11961"}],"curies":[{"name":"wp","href":"https:\/\/api.w.org\/{rel}","templated":true}]}}