{"id":11929,"date":"2024-12-22T19:58:56","date_gmt":"2024-12-22T19:58:56","guid":{"rendered":"https:\/\/kmblock.com\/product\/mini-cooper-countryman-f60\/"},"modified":"2026-02-18T20:20:01","modified_gmt":"2026-02-18T20:20:01","slug":"mini-cooper-countryman-f60","status":"publish","type":"product","link":"https:\/\/kmblock.com\/pt-pt\/product\/mini-cooper-countryman-f60\/","title":{"rendered":"Mini Cooper Countryman F60"},"content":{"rendered":"<p><strong>Congelador KM\/Milhas para Mini Countryman F60 (2015 em diante)<\/strong><\/p>\n<p><strong>Descri\u00e7\u00e3o:<\/strong><br \/>\nEste congelador de KM\/Milhas \u00e9 compat\u00edvel com o Mini Countryman F60 de 2015 em diante. Permite que o ve\u00edculo deixe de contar a quilometragem durante a condu\u00e7\u00e3o, com o veloc\u00edmetro a continuar a funcionar normalmente. <\/p>\n<p><strong>Carater\u00edsticas principais:<\/strong><\/p>\n<ul>\n<li><strong>Instala\u00e7\u00e3o Plug &amp; Play:<\/strong>\n<ul>\n<li>N\u00e3o \u00e9 necess\u00e1rio soldar, cortar ou aceder \u00e0 ECU.<\/li>\n<li>Liga-se facilmente utilizando as fichas originais do ve\u00edculo.<\/li>\n<\/ul>\n<\/li>\n<li><strong>Actua:<\/strong>\n<ul>\n<li>Congela todas as mem\u00f3rias KM\/Milhas durante o funcionamento.<\/li>\n<li>A quilometragem n\u00e3o volta a subir ap\u00f3s a remo\u00e7\u00e3o do m\u00f3dulo.<\/li>\n<li>O veloc\u00edmetro e a navega\u00e7\u00e3o permanecem sem erros.<\/li>\n<\/ul>\n<\/li>\n<li><strong>Ativa\u00e7\u00e3o f\u00e1cil de utilizar:<\/strong><\/li>\n<\/ul>\n<p>&#8221;&#8221;Liga pressionando e mantendo pressionado o &#8216;bot\u00e3o BC&#8217; no guiador durante 10 segundos at\u00e9 o pisca-pisca piscar.<\/p>\n<p><strong>Modo On:<\/strong> conta 0% de milhas. o pisca-pisca pisca uma vez para a esquerda.  Tudo est\u00e1 a funcionar corretamente.<\/p>\n<p><strong>Modo desligado:<\/strong> conta 100% da quilometragem. O pisca-pisca pisca uma vez para a direita. tudo est\u00e1 a funcionar corretamente.&#8221;&#8221;<\/p>\n<p>&#8221;&#8221;Liga pressionando o bot\u00e3o &#8216;BC 5 vezes&#8217; at\u00e9 o pisca-pisca piscar.<\/p>\n<p><strong>Modo 1:<\/strong> conta 30% dos quil\u00f3metros. o pisca-pisca pisca uma vez para a esquerda.  Tudo est\u00e1 a funcionar corretamente.<\/p>\n<p><strong>Modo 2:<\/strong> conta 100% da quilometragem. O pisca-pisca pisca uma vez para a direita. tudo est\u00e1 a funcionar bem.  <\/p>\n<p><strong>Modo 3:<\/strong> Conta 0% da quilometragem. Ambos os piscas piscam uma vez. A velocidade n\u00e3o est\u00e1 a funcionar.&#8221;&#8221;<\/p>\n<p><strong>Vantagens:<\/strong><br \/>\n\u2714\ufe0f Configura\u00e7\u00e3o simples e r\u00e1pida sem modifica\u00e7\u00f5es no ve\u00edculo.<br \/>\n\u2714\ufe0f Sem mensagens de erro ou problemas de desempenho.<br \/>\n\u2714\ufe0f Conectores de alta qualidade para um desempenho fi\u00e1vel.<br \/>\n\u2714\ufe0f Escolha entre contagem de quil\u00f3metros normal ou congelada.<br \/>\n\u2714\ufe0f Desactiva a funcionalidade de arranque\/paragem autom\u00e1tica durante o funcionamento.<\/p>\n<p><strong>Compatibilidade:<\/strong><br \/>\nEste m\u00f3dulo KM\/Miles Freezer \u00e9 adequado para todos os modelos Mini at\u00e9 2020, inclusive.<\/p>\n<p><strong>Nota:<\/strong><br \/>\nEste produto destina-se a utiliza\u00e7\u00e3o profissional e pode estar sujeito a restri\u00e7\u00f5es legais, dependendo da regi\u00e3o. Assegura a conformidade com a legisla\u00e7\u00e3o local antes da instala\u00e7\u00e3o. <\/p>\n","protected":false},"excerpt":{"rendered":"<div class=\"flex max-w-full flex-col flex-grow\">\n<div class=\"min-h-8 text-message flex w-full flex-col items-end gap-2 whitespace-normal break-words [.text-message+&amp;]:mt-5\" dir=\"auto\" data-message-author-role=\"assistant\" data-message-id=\"a441b426-36fd-46d5-8aba-1f7451c77ece\" data-message-model-slug=\"gpt-4o\">\n<div class=\"flex w-full flex-col gap-1 empty:hidden first:pt-[3px]\">\n<div class=\"markdown prose w-full break-words dark:prose-invert light\">\n<p><strong>Congelador Stop KM\/Milhas para Mini Countryman F60<\/strong><\/p>\n<p><strong>Modelos compat\u00edveis:<\/strong> Mini Countryman F60, Mini Clubman F54, Mini Hatch F55 (5 portas), Mini Hatch F55 (3 portas), Mini Cabrio F57<\/p>\n<p>Este m\u00f3dulo foi concebido para parar a contagem de quil\u00f3metros durante a condu\u00e7\u00e3o, proporcionando uma compatibilidade perfeita com v\u00e1rios modelos Mini. A instala\u00e7\u00e3o \u00e9 r\u00e1pida e f\u00e1cil com um sistema Plug &amp; Play, n\u00e3o necessitando de soldaduras ou modifica\u00e7\u00f5es permanentes. <\/p>\n<p class=\"p1\"><b> Integra\u00e7\u00e3o perfeita<\/b><b><\/b><\/p>\n<p class=\"p1\"><b> Instala\u00e7\u00e3o f\u00e1cil<\/b><b><\/b><\/p>\n<p class=\"p1\"><b> Gest\u00e3o exacta da quilometragem<\/b><b><\/b><\/p>\n<p class=\"p1\"><b> Funcionamento em modo furtivo<\/b><b><\/b><\/p>\n<p class=\"p1\"><span class=\"s1\">\u2705<\/span><b> Suporte e actualiza\u00e7\u00f5es vital\u00edcias<\/b><\/p>\n<\/div>\n<\/div>\n<\/div>\n<\/div>\n","protected":false},"featured_media":11930,"comment_status":"open","ping_status":"closed","template":"","meta":[],"product_brand":[],"product_cat":[1196],"product_tag":[],"class_list":{"0":"post-11929","1":"product","2":"type-product","3":"status-publish","4":"has-post-thumbnail","6":"product_cat-mini","8":"first","9":"instock","10":"taxable","11":"shipping-taxable","12":"purchasable","13":"product-type-variable"},"yoast_head":"<!-- This site is optimized with the Yoast SEO plugin v27.5 - https:\/\/yoast.com\/product\/yoast-seo-wordpress\/ -->\n<title>Mini Cooper Countryman F60 Mileage Blocker (KM stopper) \u2192 KM Block<\/title>\n<meta name=\"description\" content=\"Buy a Mini Cooper Countryman F60 Mileage Blocker for the Best Prices \u2713 Free Shipping \u2713 Incl. Installation Guides\" \/>\n<meta name=\"robots\" content=\"index, follow, max-snippet:-1, max-image-preview:large, max-video-preview:-1\" \/>\n<meta property=\"og:locale\" content=\"pt_PT\" \/>\n<meta property=\"og:type\" content=\"article\" \/>\n<meta property=\"og:title\" content=\"Mini Cooper Countryman F60 Mileage Blocker (KM stopper) \u2192 KM Block\" \/>\n<meta property=\"og:description\" content=\"Buy a Mini Cooper Countryman F60 Mileage Blocker for the Best Prices \u2713 Free Shipping \u2713 Incl. Installation Guides\" \/>\n<meta property=\"og:url\" content=\"https:\/\/kmblock.com\/pt-pt\/product\/mini-cooper-countryman-f60\/\" \/>\n<meta property=\"og:site_name\" content=\"KM Block\" \/>\n<meta property=\"article:modified_time\" content=\"2026-02-18T20:20:01+00:00\" \/>\n<meta property=\"og:image\" content=\"https:\/\/kmblock.com\/wp-content\/uploads\/2024\/12\/Mini-Cooper-Countryman-F60.jpg\" \/>\n\t<meta property=\"og:image:width\" content=\"600\" \/>\n\t<meta property=\"og:image:height\" content=\"491\" \/>\n\t<meta property=\"og:image:type\" content=\"image\/jpeg\" \/>\n<meta name=\"twitter:card\" content=\"summary_large_image\" \/>\n<meta name=\"twitter:label1\" content=\"Tempo estimado de leitura\" \/>\n\t<meta name=\"twitter:data1\" content=\"2 minutos\" \/>\n<script type=\"application\/ld+json\" class=\"yoast-schema-graph\">{\"@context\":\"https:\\\/\\\/schema.org\",\"@graph\":[{\"@type\":\"WebPage\",\"@id\":\"https:\\\/\\\/kmblock.com\\\/pt-pt\\\/product\\\/mini-cooper-countryman-f60\\\/\",\"url\":\"https:\\\/\\\/kmblock.com\\\/pt-pt\\\/product\\\/mini-cooper-countryman-f60\\\/\",\"name\":\"Mini Cooper Countryman F60 Mileage Blocker (KM stopper) \u2192 KM Block\",\"isPartOf\":{\"@id\":\"https:\\\/\\\/kmblock.com\\\/pt-pt\\\/#website\"},\"primaryImageOfPage\":{\"@id\":\"https:\\\/\\\/kmblock.com\\\/pt-pt\\\/product\\\/mini-cooper-countryman-f60\\\/#primaryimage\"},\"image\":{\"@id\":\"https:\\\/\\\/kmblock.com\\\/pt-pt\\\/product\\\/mini-cooper-countryman-f60\\\/#primaryimage\"},\"thumbnailUrl\":\"https:\\\/\\\/kmblock.com\\\/wp-content\\\/uploads\\\/2024\\\/12\\\/Mini-Cooper-Countryman-F60.jpg\",\"datePublished\":\"2024-12-22T19:58:56+00:00\",\"dateModified\":\"2026-02-18T20:20:01+00:00\",\"description\":\"Buy a Mini Cooper Countryman F60 Mileage Blocker for the Best Prices \u2713 Free Shipping \u2713 Incl. Installation Guides\",\"breadcrumb\":{\"@id\":\"https:\\\/\\\/kmblock.com\\\/pt-pt\\\/product\\\/mini-cooper-countryman-f60\\\/#breadcrumb\"},\"inLanguage\":\"pt-PT\",\"potentialAction\":[{\"@type\":\"ReadAction\",\"target\":[\"https:\\\/\\\/kmblock.com\\\/pt-pt\\\/product\\\/mini-cooper-countryman-f60\\\/\"]}]},{\"@type\":\"ImageObject\",\"inLanguage\":\"pt-PT\",\"@id\":\"https:\\\/\\\/kmblock.com\\\/pt-pt\\\/product\\\/mini-cooper-countryman-f60\\\/#primaryimage\",\"url\":\"https:\\\/\\\/kmblock.com\\\/wp-content\\\/uploads\\\/2024\\\/12\\\/Mini-Cooper-Countryman-F60.jpg\",\"contentUrl\":\"https:\\\/\\\/kmblock.com\\\/wp-content\\\/uploads\\\/2024\\\/12\\\/Mini-Cooper-Countryman-F60.jpg\",\"width\":600,\"height\":491,\"caption\":\"Mini Cooper Countryman F60\"},{\"@type\":\"BreadcrumbList\",\"@id\":\"https:\\\/\\\/kmblock.com\\\/pt-pt\\\/product\\\/mini-cooper-countryman-f60\\\/#breadcrumb\",\"itemListElement\":[{\"@type\":\"ListItem\",\"position\":1,\"name\":\"Casa\",\"item\":\"https:\\\/\\\/kmblock.com\\\/pt-pt\\\/\"},{\"@type\":\"ListItem\",\"position\":2,\"name\":\"Produtos\",\"item\":\"https:\\\/\\\/kmblock.com\\\/pt-pt\\\/shop\\\/\"},{\"@type\":\"ListItem\",\"position\":3,\"name\":\"Mini Cooper Countryman F60\"}]},{\"@type\":\"WebSite\",\"@id\":\"https:\\\/\\\/kmblock.com\\\/pt-pt\\\/#website\",\"url\":\"https:\\\/\\\/kmblock.com\\\/pt-pt\\\/\",\"name\":\"KM Block\",\"description\":\"\",\"publisher\":{\"@id\":\"https:\\\/\\\/kmblock.com\\\/pt-pt\\\/#organization\"},\"potentialAction\":[{\"@type\":\"SearchAction\",\"target\":{\"@type\":\"EntryPoint\",\"urlTemplate\":\"https:\\\/\\\/kmblock.com\\\/pt-pt\\\/?s={search_term_string}\"},\"query-input\":{\"@type\":\"PropertyValueSpecification\",\"valueRequired\":true,\"valueName\":\"search_term_string\"}}],\"inLanguage\":\"pt-PT\"},{\"@type\":\"Organization\",\"@id\":\"https:\\\/\\\/kmblock.com\\\/pt-pt\\\/#organization\",\"name\":\"Bloco KM\",\"url\":\"https:\\\/\\\/kmblock.com\\\/pt-pt\\\/\",\"logo\":{\"@type\":\"ImageObject\",\"inLanguage\":\"pt-PT\",\"@id\":\"https:\\\/\\\/kmblock.com\\\/pt-pt\\\/#\\\/schema\\\/logo\\\/image\\\/\",\"url\":\"https:\\\/\\\/kmblock.com\\\/wp-content\\\/uploads\\\/2024\\\/08\\\/main-logo.png\",\"contentUrl\":\"https:\\\/\\\/kmblock.com\\\/wp-content\\\/uploads\\\/2024\\\/08\\\/main-logo.png\",\"width\":186,\"height\":28,\"caption\":\"Bloco KM\"},\"image\":{\"@id\":\"https:\\\/\\\/kmblock.com\\\/pt-pt\\\/#\\\/schema\\\/logo\\\/image\\\/\"}}]}<\/script>\n<!-- \/ Yoast SEO plugin. -->","yoast_head_json":{"title":"Mini Cooper Countryman F60 Mileage Blocker (KM stopper) \u2192 KM Block","description":"Buy a Mini Cooper Countryman F60 Mileage Blocker for the Best Prices \u2713 Free Shipping \u2713 Incl. Installation Guides","robots":{"index":"index","follow":"follow","max-snippet":"max-snippet:-1","max-image-preview":"max-image-preview:large","max-video-preview":"max-video-preview:-1"},"og_locale":"pt_PT","og_type":"article","og_title":"Mini Cooper Countryman F60 Mileage Blocker (KM stopper) \u2192 KM Block","og_description":"Buy a Mini Cooper Countryman F60 Mileage Blocker for the Best Prices \u2713 Free Shipping \u2713 Incl. Installation Guides","og_url":"https:\/\/kmblock.com\/pt-pt\/product\/mini-cooper-countryman-f60\/","og_site_name":"KM Block","article_modified_time":"2026-02-18T20:20:01+00:00","og_image":[{"width":600,"height":491,"url":"https:\/\/kmblock.com\/wp-content\/uploads\/2024\/12\/Mini-Cooper-Countryman-F60.jpg","type":"image\/jpeg"}],"twitter_card":"summary_large_image","twitter_misc":{"Tempo estimado de leitura":"2 minutos"},"schema":{"@context":"https:\/\/schema.org","@graph":[{"@type":"WebPage","@id":"https:\/\/kmblock.com\/pt-pt\/product\/mini-cooper-countryman-f60\/","url":"https:\/\/kmblock.com\/pt-pt\/product\/mini-cooper-countryman-f60\/","name":"Mini Cooper Countryman F60 Mileage Blocker (KM stopper) \u2192 KM Block","isPartOf":{"@id":"https:\/\/kmblock.com\/pt-pt\/#website"},"primaryImageOfPage":{"@id":"https:\/\/kmblock.com\/pt-pt\/product\/mini-cooper-countryman-f60\/#primaryimage"},"image":{"@id":"https:\/\/kmblock.com\/pt-pt\/product\/mini-cooper-countryman-f60\/#primaryimage"},"thumbnailUrl":"https:\/\/kmblock.com\/wp-content\/uploads\/2024\/12\/Mini-Cooper-Countryman-F60.jpg","datePublished":"2024-12-22T19:58:56+00:00","dateModified":"2026-02-18T20:20:01+00:00","description":"Buy a Mini Cooper Countryman F60 Mileage Blocker for the Best Prices \u2713 Free Shipping \u2713 Incl. Installation Guides","breadcrumb":{"@id":"https:\/\/kmblock.com\/pt-pt\/product\/mini-cooper-countryman-f60\/#breadcrumb"},"inLanguage":"pt-PT","potentialAction":[{"@type":"ReadAction","target":["https:\/\/kmblock.com\/pt-pt\/product\/mini-cooper-countryman-f60\/"]}]},{"@type":"ImageObject","inLanguage":"pt-PT","@id":"https:\/\/kmblock.com\/pt-pt\/product\/mini-cooper-countryman-f60\/#primaryimage","url":"https:\/\/kmblock.com\/wp-content\/uploads\/2024\/12\/Mini-Cooper-Countryman-F60.jpg","contentUrl":"https:\/\/kmblock.com\/wp-content\/uploads\/2024\/12\/Mini-Cooper-Countryman-F60.jpg","width":600,"height":491,"caption":"Mini Cooper Countryman F60"},{"@type":"BreadcrumbList","@id":"https:\/\/kmblock.com\/pt-pt\/product\/mini-cooper-countryman-f60\/#breadcrumb","itemListElement":[{"@type":"ListItem","position":1,"name":"Casa","item":"https:\/\/kmblock.com\/pt-pt\/"},{"@type":"ListItem","position":2,"name":"Produtos","item":"https:\/\/kmblock.com\/pt-pt\/shop\/"},{"@type":"ListItem","position":3,"name":"Mini Cooper Countryman F60"}]},{"@type":"WebSite","@id":"https:\/\/kmblock.com\/pt-pt\/#website","url":"https:\/\/kmblock.com\/pt-pt\/","name":"KM Block","description":"","publisher":{"@id":"https:\/\/kmblock.com\/pt-pt\/#organization"},"potentialAction":[{"@type":"SearchAction","target":{"@type":"EntryPoint","urlTemplate":"https:\/\/kmblock.com\/pt-pt\/?s={search_term_string}"},"query-input":{"@type":"PropertyValueSpecification","valueRequired":true,"valueName":"search_term_string"}}],"inLanguage":"pt-PT"},{"@type":"Organization","@id":"https:\/\/kmblock.com\/pt-pt\/#organization","name":"Bloco KM","url":"https:\/\/kmblock.com\/pt-pt\/","logo":{"@type":"ImageObject","inLanguage":"pt-PT","@id":"https:\/\/kmblock.com\/pt-pt\/#\/schema\/logo\/image\/","url":"https:\/\/kmblock.com\/wp-content\/uploads\/2024\/08\/main-logo.png","contentUrl":"https:\/\/kmblock.com\/wp-content\/uploads\/2024\/08\/main-logo.png","width":186,"height":28,"caption":"Bloco KM"},"image":{"@id":"https:\/\/kmblock.com\/pt-pt\/#\/schema\/logo\/image\/"}}]}},"_links":{"self":[{"href":"https:\/\/kmblock.com\/pt-pt\/wp-json\/wp\/v2\/product\/11929","targetHints":{"allow":["GET"]}}],"collection":[{"href":"https:\/\/kmblock.com\/pt-pt\/wp-json\/wp\/v2\/product"}],"about":[{"href":"https:\/\/kmblock.com\/pt-pt\/wp-json\/wp\/v2\/types\/product"}],"replies":[{"embeddable":true,"href":"https:\/\/kmblock.com\/pt-pt\/wp-json\/wp\/v2\/comments?post=11929"}],"wp:featuredmedia":[{"embeddable":true,"href":"https:\/\/kmblock.com\/pt-pt\/wp-json\/wp\/v2\/media\/11930"}],"wp:attachment":[{"href":"https:\/\/kmblock.com\/pt-pt\/wp-json\/wp\/v2\/media?parent=11929"}],"wp:term":[{"taxonomy":"product_brand","embeddable":true,"href":"https:\/\/kmblock.com\/pt-pt\/wp-json\/wp\/v2\/product_brand?post=11929"},{"taxonomy":"product_cat","embeddable":true,"href":"https:\/\/kmblock.com\/pt-pt\/wp-json\/wp\/v2\/product_cat?post=11929"},{"taxonomy":"product_tag","embeddable":true,"href":"https:\/\/kmblock.com\/pt-pt\/wp-json\/wp\/v2\/product_tag?post=11929"}],"curies":[{"name":"wp","href":"https:\/\/api.w.org\/{rel}","templated":true}]}}