{"id":11913,"date":"2024-11-17T10:19:23","date_gmt":"2024-11-17T10:19:23","guid":{"rendered":"https:\/\/kmblock.com\/product\/mercedes-classe-s-w222-c217-a217\/"},"modified":"2024-11-17T10:19:23","modified_gmt":"2024-11-17T10:19:23","slug":"mercedes-classe-s-w222-c217-a217","status":"publish","type":"product","link":"https:\/\/kmblock.com\/pt-pt\/product\/mercedes-classe-s-w222-c217-a217\/","title":{"rendered":"Mercedes Classe S W222 C217 A217"},"content":{"rendered":"<p><strong>Bloqueador de Quil\u00f3metros para Mercedes Classe S W222, A217, C217<\/strong><\/p>\n<p>O <strong>bloqueador de quilometragem do Mercedes Classe S W222, A217, C217<\/strong> \u00e9 por vezes referido por v\u00e1rios nomes, tais como <strong>bloqueador de<\/strong> conta-quil\u00f3metros, <strong>trav\u00e3o<\/strong> <strong>de<\/strong> conta-quil\u00f3metros, bloqueador <strong>de latas<\/strong>, trav\u00e3o <strong>de quilometragem, conta-quil\u00f3metros<\/strong> <strong>de viagem<\/strong>, <strong>filtro de latas<\/strong> ou, em alguns casos, como <strong>ferramenta de corre\u00e7\u00e3o de quilometragem<\/strong>.<\/p>\n<h3><strong>Especifica\u00e7\u00f5es<\/strong><\/h3>\n<ul>\n<li><strong>Instala\u00e7\u00e3o f\u00e1cil do tipo &#8221;fa\u00e7a voc\u00ea mesmo&#8221;<\/strong>: O m\u00f3dulo foi concebido para uma instala\u00e7\u00e3o r\u00e1pida, do tipo &#8221;fa\u00e7a voc\u00ea mesmo&#8221;, sem necessidade de ajuda profissional.<\/li>\n<li><strong>Controlo de velocidade e de velocidade de cruzeiro sem falhas<\/strong>: Tanto o indicador de velocidade como o sistema de controlo de velocidade de cruzeiro funcionam perfeitamente, mesmo com o m\u00f3dulo ativo.<\/li>\n<li><strong>Ativa\u00e7\u00e3o em movimento<\/strong>: Pode ser ligada e desligada enquanto o ve\u00edculo est\u00e1 em movimento.<\/li>\n<li><strong>N\u00e3o tem problemas com o conta-quil\u00f3metros<\/strong>: O m\u00f3dulo n\u00e3o cria tra\u00e7os no conta-quil\u00f3metros e n\u00e3o \u00e9 necess\u00e1rio cortar cabos ou soldar componentes.<\/li>\n<li><strong>Quilometragem n\u00e3o espont\u00e2nea<\/strong>: Depois de removeres o m\u00f3dulo, a quilometragem n\u00e3o aumenta automaticamente.<\/li>\n<li><strong>Defini\u00e7\u00f5es guardadas<\/strong>: Depois de escolheres as defini\u00e7\u00f5es, estas s\u00e3o guardadas e mantidas sem necessidade de as reconfigurares de cada vez.<\/li>\n<li><strong>Componentes de alta qualidade<\/strong>: O m\u00f3dulo \u00e9 fornecido com fichas de qualidade superior e cabos resistentes ao calor.<\/li>\n<li><strong>Modos dispon\u00edveis<\/strong>: V\u00e1rios modos \u00e0 escolha para uma funcionalidade flex\u00edvel.<\/li>\n<li><strong>Remo\u00e7\u00e3o sem vest\u00edgios<\/strong>: A remo\u00e7\u00e3o do m\u00f3dulo n\u00e3o deixa vest\u00edgios, tornando-o completamente indetet\u00e1vel por testadores de diagn\u00f3stico.<\/li>\n<li><strong>Instala\u00e7\u00e3o suave<\/strong>: O m\u00f3dulo foi concebido com uma face de acoplamento e sulcos para garantir uma instala\u00e7\u00e3o f\u00e1cil.<\/li>\n<li><strong>Desvio de quilometragem<\/strong>: Para a altera\u00e7\u00e3o da quilometragem completa, \u00e9 permitido um desvio de at\u00e9 1% da dist\u00e2ncia percorrida. Os detalhes sobre a quilometragem parada s\u00e3o aproxima\u00e7\u00f5es e podem ocorrer pequenas diferen\u00e7as. <\/li>\n<\/ul>\n<h3><strong>Ativa\u00e7\u00e3o e desativa\u00e7\u00e3o<\/strong><\/h3>\n<p><span data-sheets-root=\"1\">&#8221;Ativar&#8221;, mantendo premido o &#8221;bot\u00e3o de retorno&#8221; durante 10 segundos at\u00e9 que todas as luzes se acendam.<\/span><\/p>\n<p><strong>Modo On<\/strong>: todas as luzes se acendem e conta 0% da quilometragem. Tudo est\u00e1 a funcionar corretamente. <\/p>\n<p><strong>Modo desligado:<\/strong> todas as luzes se acendem e conta 100% da quilometragem. Tudo est\u00e1 a funcionar corretamente&#8221;. <\/p>\n<h3><strong>Objetivo<\/strong><\/h3>\n<ul>\n<li>O <strong>Mercedes S-Class W222 Mileage Blocker<\/strong> permite-te parar a quilometragem do teu carro durante os testes de desempenho. Funciona igualmente bem em ve\u00edculos com od\u00f3metros digitais que contam em milhas ou quil\u00f3metros. O dispositivo \u00e9 eficaz para <strong>carros<\/strong> <strong>a diesel<\/strong>, <strong>a gasolina<\/strong>, <strong>PHEVs<\/strong> e <strong>el\u00e9ctricos<\/strong>.  <\/li>\n<li><strong>Nota<\/strong>: O dispositivo <strong>n\u00e3o<\/strong> \u00e9 uma <strong>ferramenta de corre\u00e7\u00e3o de quilometragem<\/strong>, que \u00e9 utilizada para fins fraudulentos, como a invers\u00e3o das leituras do conta-quil\u00f3metros. Estas ferramentas n\u00e3o conseguem reverter a quilometragem nos autom\u00f3veis modernos que armazenam dados em v\u00e1rias unidades. Os nossos m\u00f3dulos destinam-se apenas a fins de teste e desempenho.  <\/li>\n<\/ul>\n<h3><strong>Compatibilidade e flexibilidade<\/strong><\/h3>\n<ul>\n<li><strong>Instala\u00e7\u00e3o f\u00e1cil<\/strong>: Instala o m\u00f3dulo entre a porta do veloc\u00edmetro e o painel de instrumentos sem necessitar de conhecimentos aprofundados sobre o ve\u00edculo. Oferece a vantagem de monitorizar o desempenho do ve\u00edculo sem afetar a quilometragem. <\/li>\n<li>O <strong>bloqueador de quil\u00f3metros do Mercedes Classe S W222<\/strong> pode ser ativado ou desativado a qualquer momento, quer o ve\u00edculo esteja parado ou em movimento.<\/li>\n<\/ul>\n","protected":false},"excerpt":{"rendered":"<div class=\"flex max-w-full flex-col flex-grow\">\n<div class=\"min-h-8 text-message flex w-full flex-col items-end gap-2 whitespace-normal break-words [.text-message+&amp;]:mt-5\" dir=\"auto\" data-message-author-role=\"assistant\" data-message-id=\"a441b426-36fd-46d5-8aba-1f7451c77ece\" data-message-model-slug=\"gpt-4o\">\n<div class=\"flex w-full flex-col gap-1 empty:hidden first:pt-[3px]\">\n<div class=\"markdown prose w-full break-words dark:prose-invert light\">\n<div class=\"flex max-w-full flex-col flex-grow\">\n<div class=\"min-h-8 text-message flex w-full flex-col items-end gap-2 whitespace-normal break-words [.text-message+&amp;]:mt-5\" dir=\"auto\" data-message-author-role=\"assistant\" data-message-id=\"a441b426-36fd-46d5-8aba-1f7451c77ece\" data-message-model-slug=\"gpt-4o\">\n<div class=\"flex w-full flex-col gap-1 empty:hidden first:pt-[3px]\">\n<div class=\"markdown prose w-full break-words dark:prose-invert light\">\n<p>Este <strong>bloqueador de quil\u00f3metros<\/strong> foi concebido para os <strong>modelos Mercedes S-Class W222<\/strong> de <strong>2018 a 2024<\/strong>. S\u00f3 pode ser utilizado num ve\u00edculo, uma vez que guarda o <strong>n\u00famero do chassis<\/strong>. F\u00e1cil de instalar sem cortar os fios. O indicador de velocidade e o controlo de cruzeiro funcionam normalmente. Fichas de qualidade superior e cabos resistentes ao calor.      <span style=\"font-family: -apple-system, BlinkMacSystemFont, 'Segoe UI', Roboto, 'Helvetica Neue', Arial, 'Noto Sans', sans-serif, 'Apple Color Emoji', 'Segoe UI Emoji', 'Segoe UI Symbol', 'Noto Color Emoji';\">Este dispositivo est\u00e1 ligado ao n\u00famero de chassis do ve\u00edculo e s\u00f3 pode ser utilizado num \u00fanico ve\u00edculo.<\/span><\/p>\n<\/div>\n<p class=\"p1\"><b> Integra\u00e7\u00e3o perfeita<\/b><b><\/b><\/p>\n<p class=\"p1\"><b> Instala\u00e7\u00e3o f\u00e1cil<\/b><b><\/b><\/p>\n<p class=\"p1\"><b> Gest\u00e3o exacta da quilometragem<\/b><b><\/b><\/p>\n<p class=\"p1\"><b> Funcionamento em modo furtivo<\/b><b><\/b><\/p>\n<p class=\"p1\"><span class=\"s1\">\u2705<\/span><b> Suporte e actualiza\u00e7\u00f5es vital\u00edcias<\/b><\/p>\n<\/div>\n<\/div>\n<\/div>\n<\/div>\n<\/div>\n<\/div>\n<\/div>\n","protected":false},"featured_media":1096,"comment_status":"open","ping_status":"closed","template":"","meta":[],"product_brand":[],"product_cat":[1245],"product_tag":[],"class_list":{"0":"post-11913","1":"product","2":"type-product","3":"status-publish","4":"has-post-thumbnail","6":"product_cat-mercedes","8":"first","9":"instock","10":"taxable","11":"shipping-taxable","12":"purchasable","13":"product-type-variable"},"yoast_head":"<!-- This site is optimized with the Yoast SEO plugin v27.5 - https:\/\/yoast.com\/product\/yoast-seo-wordpress\/ -->\n<title>Mercedes Classe S W222 C217 A217 Mileage Blocker (KM stopper) \u2192 KM Block<\/title>\n<meta name=\"description\" content=\"Buy a Mercedes Classe S W222 C217 A217 Mileage Blocker for the Best Prices \u2713 Free Shipping \u2713 Incl. Installation Guides\" \/>\n<meta name=\"robots\" content=\"index, follow, max-snippet:-1, max-image-preview:large, max-video-preview:-1\" \/>\n<meta property=\"og:locale\" content=\"pt_PT\" \/>\n<meta property=\"og:type\" content=\"article\" \/>\n<meta property=\"og:title\" content=\"Mercedes Classe S W222 C217 A217 Mileage Blocker (KM stopper) \u2192 KM Block\" \/>\n<meta property=\"og:description\" content=\"Buy a Mercedes Classe S W222 C217 A217 Mileage Blocker for the Best Prices \u2713 Free Shipping \u2713 Incl. Installation Guides\" \/>\n<meta property=\"og:url\" content=\"https:\/\/kmblock.com\/pt-pt\/product\/mercedes-classe-s-w222-c217-a217\/\" \/>\n<meta property=\"og:site_name\" content=\"KM Block\" \/>\n<meta property=\"og:image\" content=\"https:\/\/kmblock.com\/wp-content\/uploads\/2024\/11\/sclass-600x491-1.jpg\" \/>\n\t<meta property=\"og:image:width\" content=\"600\" \/>\n\t<meta property=\"og:image:height\" content=\"491\" \/>\n\t<meta property=\"og:image:type\" content=\"image\/jpeg\" \/>\n<meta name=\"twitter:card\" content=\"summary_large_image\" \/>\n<meta name=\"twitter:label1\" content=\"Tempo estimado de leitura\" \/>\n\t<meta name=\"twitter:data1\" content=\"3 minutos\" \/>\n<script type=\"application\/ld+json\" class=\"yoast-schema-graph\">{\"@context\":\"https:\\\/\\\/schema.org\",\"@graph\":[{\"@type\":\"WebPage\",\"@id\":\"https:\\\/\\\/kmblock.com\\\/pt-pt\\\/product\\\/mercedes-classe-s-w222-c217-a217\\\/\",\"url\":\"https:\\\/\\\/kmblock.com\\\/pt-pt\\\/product\\\/mercedes-classe-s-w222-c217-a217\\\/\",\"name\":\"Mercedes Classe S W222 C217 A217 Mileage Blocker (KM stopper) \u2192 KM Block\",\"isPartOf\":{\"@id\":\"https:\\\/\\\/kmblock.com\\\/pt-pt\\\/#website\"},\"primaryImageOfPage\":{\"@id\":\"https:\\\/\\\/kmblock.com\\\/pt-pt\\\/product\\\/mercedes-classe-s-w222-c217-a217\\\/#primaryimage\"},\"image\":{\"@id\":\"https:\\\/\\\/kmblock.com\\\/pt-pt\\\/product\\\/mercedes-classe-s-w222-c217-a217\\\/#primaryimage\"},\"thumbnailUrl\":\"https:\\\/\\\/kmblock.com\\\/wp-content\\\/uploads\\\/2024\\\/11\\\/sclass-600x491-1.jpg\",\"datePublished\":\"2024-11-17T10:19:23+00:00\",\"description\":\"Buy a Mercedes Classe S W222 C217 A217 Mileage Blocker for the Best Prices \u2713 Free Shipping \u2713 Incl. Installation Guides\",\"breadcrumb\":{\"@id\":\"https:\\\/\\\/kmblock.com\\\/pt-pt\\\/product\\\/mercedes-classe-s-w222-c217-a217\\\/#breadcrumb\"},\"inLanguage\":\"pt-PT\",\"potentialAction\":[{\"@type\":\"ReadAction\",\"target\":[\"https:\\\/\\\/kmblock.com\\\/pt-pt\\\/product\\\/mercedes-classe-s-w222-c217-a217\\\/\"]}]},{\"@type\":\"ImageObject\",\"inLanguage\":\"pt-PT\",\"@id\":\"https:\\\/\\\/kmblock.com\\\/pt-pt\\\/product\\\/mercedes-classe-s-w222-c217-a217\\\/#primaryimage\",\"url\":\"https:\\\/\\\/kmblock.com\\\/wp-content\\\/uploads\\\/2024\\\/11\\\/sclass-600x491-1.jpg\",\"contentUrl\":\"https:\\\/\\\/kmblock.com\\\/wp-content\\\/uploads\\\/2024\\\/11\\\/sclass-600x491-1.jpg\",\"width\":600,\"height\":491},{\"@type\":\"BreadcrumbList\",\"@id\":\"https:\\\/\\\/kmblock.com\\\/pt-pt\\\/product\\\/mercedes-classe-s-w222-c217-a217\\\/#breadcrumb\",\"itemListElement\":[{\"@type\":\"ListItem\",\"position\":1,\"name\":\"Casa\",\"item\":\"https:\\\/\\\/kmblock.com\\\/pt-pt\\\/\"},{\"@type\":\"ListItem\",\"position\":2,\"name\":\"Produtos\",\"item\":\"https:\\\/\\\/kmblock.com\\\/pt-pt\\\/shop\\\/\"},{\"@type\":\"ListItem\",\"position\":3,\"name\":\"Mercedes Classe S W222 C217 A217\"}]},{\"@type\":\"WebSite\",\"@id\":\"https:\\\/\\\/kmblock.com\\\/pt-pt\\\/#website\",\"url\":\"https:\\\/\\\/kmblock.com\\\/pt-pt\\\/\",\"name\":\"KM Block\",\"description\":\"\",\"publisher\":{\"@id\":\"https:\\\/\\\/kmblock.com\\\/pt-pt\\\/#organization\"},\"potentialAction\":[{\"@type\":\"SearchAction\",\"target\":{\"@type\":\"EntryPoint\",\"urlTemplate\":\"https:\\\/\\\/kmblock.com\\\/pt-pt\\\/?s={search_term_string}\"},\"query-input\":{\"@type\":\"PropertyValueSpecification\",\"valueRequired\":true,\"valueName\":\"search_term_string\"}}],\"inLanguage\":\"pt-PT\"},{\"@type\":\"Organization\",\"@id\":\"https:\\\/\\\/kmblock.com\\\/pt-pt\\\/#organization\",\"name\":\"Bloco KM\",\"url\":\"https:\\\/\\\/kmblock.com\\\/pt-pt\\\/\",\"logo\":{\"@type\":\"ImageObject\",\"inLanguage\":\"pt-PT\",\"@id\":\"https:\\\/\\\/kmblock.com\\\/pt-pt\\\/#\\\/schema\\\/logo\\\/image\\\/\",\"url\":\"https:\\\/\\\/kmblock.com\\\/wp-content\\\/uploads\\\/2024\\\/08\\\/main-logo.png\",\"contentUrl\":\"https:\\\/\\\/kmblock.com\\\/wp-content\\\/uploads\\\/2024\\\/08\\\/main-logo.png\",\"width\":186,\"height\":28,\"caption\":\"Bloco KM\"},\"image\":{\"@id\":\"https:\\\/\\\/kmblock.com\\\/pt-pt\\\/#\\\/schema\\\/logo\\\/image\\\/\"}}]}<\/script>\n<!-- \/ Yoast SEO plugin. -->","yoast_head_json":{"title":"Mercedes Classe S W222 C217 A217 Mileage Blocker (KM stopper) \u2192 KM Block","description":"Buy a Mercedes Classe S W222 C217 A217 Mileage Blocker for the Best Prices \u2713 Free Shipping \u2713 Incl. Installation Guides","robots":{"index":"index","follow":"follow","max-snippet":"max-snippet:-1","max-image-preview":"max-image-preview:large","max-video-preview":"max-video-preview:-1"},"og_locale":"pt_PT","og_type":"article","og_title":"Mercedes Classe S W222 C217 A217 Mileage Blocker (KM stopper) \u2192 KM Block","og_description":"Buy a Mercedes Classe S W222 C217 A217 Mileage Blocker for the Best Prices \u2713 Free Shipping \u2713 Incl. Installation Guides","og_url":"https:\/\/kmblock.com\/pt-pt\/product\/mercedes-classe-s-w222-c217-a217\/","og_site_name":"KM Block","og_image":[{"width":600,"height":491,"url":"https:\/\/kmblock.com\/wp-content\/uploads\/2024\/11\/sclass-600x491-1.jpg","type":"image\/jpeg"}],"twitter_card":"summary_large_image","twitter_misc":{"Tempo estimado de leitura":"3 minutos"},"schema":{"@context":"https:\/\/schema.org","@graph":[{"@type":"WebPage","@id":"https:\/\/kmblock.com\/pt-pt\/product\/mercedes-classe-s-w222-c217-a217\/","url":"https:\/\/kmblock.com\/pt-pt\/product\/mercedes-classe-s-w222-c217-a217\/","name":"Mercedes Classe S W222 C217 A217 Mileage Blocker (KM stopper) \u2192 KM Block","isPartOf":{"@id":"https:\/\/kmblock.com\/pt-pt\/#website"},"primaryImageOfPage":{"@id":"https:\/\/kmblock.com\/pt-pt\/product\/mercedes-classe-s-w222-c217-a217\/#primaryimage"},"image":{"@id":"https:\/\/kmblock.com\/pt-pt\/product\/mercedes-classe-s-w222-c217-a217\/#primaryimage"},"thumbnailUrl":"https:\/\/kmblock.com\/wp-content\/uploads\/2024\/11\/sclass-600x491-1.jpg","datePublished":"2024-11-17T10:19:23+00:00","description":"Buy a Mercedes Classe S W222 C217 A217 Mileage Blocker for the Best Prices \u2713 Free Shipping \u2713 Incl. Installation Guides","breadcrumb":{"@id":"https:\/\/kmblock.com\/pt-pt\/product\/mercedes-classe-s-w222-c217-a217\/#breadcrumb"},"inLanguage":"pt-PT","potentialAction":[{"@type":"ReadAction","target":["https:\/\/kmblock.com\/pt-pt\/product\/mercedes-classe-s-w222-c217-a217\/"]}]},{"@type":"ImageObject","inLanguage":"pt-PT","@id":"https:\/\/kmblock.com\/pt-pt\/product\/mercedes-classe-s-w222-c217-a217\/#primaryimage","url":"https:\/\/kmblock.com\/wp-content\/uploads\/2024\/11\/sclass-600x491-1.jpg","contentUrl":"https:\/\/kmblock.com\/wp-content\/uploads\/2024\/11\/sclass-600x491-1.jpg","width":600,"height":491},{"@type":"BreadcrumbList","@id":"https:\/\/kmblock.com\/pt-pt\/product\/mercedes-classe-s-w222-c217-a217\/#breadcrumb","itemListElement":[{"@type":"ListItem","position":1,"name":"Casa","item":"https:\/\/kmblock.com\/pt-pt\/"},{"@type":"ListItem","position":2,"name":"Produtos","item":"https:\/\/kmblock.com\/pt-pt\/shop\/"},{"@type":"ListItem","position":3,"name":"Mercedes Classe S W222 C217 A217"}]},{"@type":"WebSite","@id":"https:\/\/kmblock.com\/pt-pt\/#website","url":"https:\/\/kmblock.com\/pt-pt\/","name":"KM Block","description":"","publisher":{"@id":"https:\/\/kmblock.com\/pt-pt\/#organization"},"potentialAction":[{"@type":"SearchAction","target":{"@type":"EntryPoint","urlTemplate":"https:\/\/kmblock.com\/pt-pt\/?s={search_term_string}"},"query-input":{"@type":"PropertyValueSpecification","valueRequired":true,"valueName":"search_term_string"}}],"inLanguage":"pt-PT"},{"@type":"Organization","@id":"https:\/\/kmblock.com\/pt-pt\/#organization","name":"Bloco KM","url":"https:\/\/kmblock.com\/pt-pt\/","logo":{"@type":"ImageObject","inLanguage":"pt-PT","@id":"https:\/\/kmblock.com\/pt-pt\/#\/schema\/logo\/image\/","url":"https:\/\/kmblock.com\/wp-content\/uploads\/2024\/08\/main-logo.png","contentUrl":"https:\/\/kmblock.com\/wp-content\/uploads\/2024\/08\/main-logo.png","width":186,"height":28,"caption":"Bloco KM"},"image":{"@id":"https:\/\/kmblock.com\/pt-pt\/#\/schema\/logo\/image\/"}}]}},"_links":{"self":[{"href":"https:\/\/kmblock.com\/pt-pt\/wp-json\/wp\/v2\/product\/11913","targetHints":{"allow":["GET"]}}],"collection":[{"href":"https:\/\/kmblock.com\/pt-pt\/wp-json\/wp\/v2\/product"}],"about":[{"href":"https:\/\/kmblock.com\/pt-pt\/wp-json\/wp\/v2\/types\/product"}],"replies":[{"embeddable":true,"href":"https:\/\/kmblock.com\/pt-pt\/wp-json\/wp\/v2\/comments?post=11913"}],"wp:featuredmedia":[{"embeddable":true,"href":"https:\/\/kmblock.com\/pt-pt\/wp-json\/wp\/v2\/media\/1096"}],"wp:attachment":[{"href":"https:\/\/kmblock.com\/pt-pt\/wp-json\/wp\/v2\/media?parent=11913"}],"wp:term":[{"taxonomy":"product_brand","embeddable":true,"href":"https:\/\/kmblock.com\/pt-pt\/wp-json\/wp\/v2\/product_brand?post=11913"},{"taxonomy":"product_cat","embeddable":true,"href":"https:\/\/kmblock.com\/pt-pt\/wp-json\/wp\/v2\/product_cat?post=11913"},{"taxonomy":"product_tag","embeddable":true,"href":"https:\/\/kmblock.com\/pt-pt\/wp-json\/wp\/v2\/product_tag?post=11913"}],"curies":[{"name":"wp","href":"https:\/\/api.w.org\/{rel}","templated":true}]}}