{"id":11903,"date":"2024-11-17T10:14:59","date_gmt":"2024-11-17T10:14:59","guid":{"rendered":"https:\/\/kmblock.com\/product\/mercedes-gls-classe-x166\/"},"modified":"2024-11-17T10:14:59","modified_gmt":"2024-11-17T10:14:59","slug":"mercedes-gls-classe-x166","status":"publish","type":"product","link":"https:\/\/kmblock.com\/pt-pt\/product\/mercedes-gls-classe-x166\/","title":{"rendered":"Mercedes GLS Classe X166"},"content":{"rendered":"<p><strong>Bloqueador de Quil\u00f3metros para Mercedes GL \/ GLS X166<\/strong><\/p>\n<p>Este <strong>Bloqueador de Quil\u00f3metros<\/strong> \u00e9 por vezes referido por outros nomes, como <strong>Bloqueador de Od<\/strong>\u00f3metro, Bloqueador <strong>de<\/strong> <strong>Od\u00f3metro<\/strong>, Bloqueador <strong>de Latas<\/strong>, Bloqueador <strong>de Quil\u00f3metros<\/strong>, <strong>Od\u00f3metro de Viagem<\/strong>, <strong>Filtro de Latas<\/strong> e, em alguns casos, como <strong>Ferramenta de Corre\u00e7\u00e3o de Quil\u00f3metros<\/strong>.<\/p>\n<h3><strong>Especifica\u00e7\u00f5es<\/strong><\/h3>\n<ul>\n<li><strong>Instala\u00e7\u00e3o &#8221;fa\u00e7a voc\u00ea mesmo&#8221;<\/strong>: F\u00e1cil de instalar sem ajuda profissional.<\/li>\n<li><strong>Desempenho indetet\u00e1vel<\/strong>: N\u00e3o deixa vest\u00edgios, assegurando que n\u00e3o \u00e9 detectado por aparelhos de teste de diagn\u00f3stico.<\/li>\n<li><strong>Ativa\u00e7\u00e3o e desativa\u00e7\u00e3o<\/strong>: Pode ser facilmente ativado ou desativado, mesmo em movimento, com v\u00e1rias combina\u00e7\u00f5es de teclas.<\/li>\n<li><strong>N\u00e3o corta nem solda<\/strong>: A instala\u00e7\u00e3o n\u00e3o requer soldadura ou corte de fios.<\/li>\n<li><strong>Componentes de qualidade superior<\/strong>: O dispositivo \u00e9 fornecido com fichas de alta qualidade e cabos resistentes ao calor.<\/li>\n<li><strong>Veloc\u00edmetro e sistemas de assist\u00eancia<\/strong>: O veloc\u00edmetro e todos os sistemas de assist\u00eancia continuar\u00e3o a funcionar sem falhas.<\/li>\n<li><strong>Controlo preciso da quilometragem<\/strong>: Depois de remover o dispositivo, a quilometragem n\u00e3o aumenta espontaneamente e o m\u00f3dulo guarda as defini\u00e7\u00f5es.<\/li>\n<li><strong>Funcionamento sem erros<\/strong>: N\u00e3o aparecem mensagens de erro no veloc\u00edmetro ou no painel de navega\u00e7\u00e3o.<\/li>\n<li><strong>Pequenos desvios na quilometragem<\/strong>: Para a altera\u00e7\u00e3o da quilometragem completa, \u00e9 permitido um desvio de at\u00e9 1% da dist\u00e2ncia.<\/li>\n<\/ul>\n<h3><strong>Ativa\u00e7\u00e3o e desativa\u00e7\u00e3o<\/strong><\/h3>\n<p><span data-sheets-root=\"1\">&#8221;Ativa&#8221;, mantendo premido o &#8221;bot\u00e3o Mudo&#8221; durante 10 segundos at\u00e9 que todas as luzes se acendam.<\/span><\/p>\n<p><strong>Modo On:<\/strong> todas as luzes se acendem e conta 0% da quilometragem. Tudo est\u00e1 a funcionar corretamente. <\/p>\n<p><strong>Modo desligado:<\/strong> todas as luzes se acendem e conta 100% da quilometragem. Tudo est\u00e1 a funcionar corretamente&#8221;. <\/p>\n<h3><strong>Calibra\u00e7\u00e3o<\/strong><\/h3>\n<ul>\n<li><strong>Calibra\u00e7\u00e3o da velocidade<\/strong>: Se a indica\u00e7\u00e3o da velocidade n\u00e3o for exacta, prime a <strong>tecla Return 10 vezes<\/strong> para entrar no modo de calibra\u00e7\u00e3o. A velocidade ideal para a calibra\u00e7\u00e3o \u00e9 de <strong>60 KM\/h ou 60 MP\/h<\/strong>. Ajusta a velocidade utilizando as setas para cima\/para baixo e confirma quando estiver correta.  <\/li>\n<\/ul>\n<h3><strong>Objetivo<\/strong><\/h3>\n<ul>\n<li>O <strong>Mileage Blocker<\/strong> p\u00e1ra a quilometragem para testes de desempenho. Funciona com od\u00f3metros digitais que exibem milhas ou quil\u00f3metros e \u00e9 compat\u00edvel com ve\u00edculos a diesel, a gasolina, ve\u00edculos h\u00edbridos el\u00e9ctricos plug-in (PHEV) e carros el\u00e9ctricos. <\/li>\n<li><strong>Nota<\/strong>: <strong>N\u00e3o<\/strong> vendemos ferramentas de corre\u00e7\u00e3o de quilometragem que sejam utilizadas para alterar as leituras do conta-quil\u00f3metros de forma fraudulenta (por exemplo, anular a quilometragem). O dispositivo n\u00e3o tenta anular a quilometragem total, mas oferece a funcionalidade para efeitos de teste. <\/li>\n<\/ul>\n<h3><strong>Utiliza\u00e7\u00e3o<\/strong><\/h3>\n<ul>\n<li>O <strong>Mercedes GL \/ GLS X166 Mileage Blocker<\/strong> pode ser ativado ou desativado a qualquer momento, quer o ve\u00edculo esteja em movimento ou parado.<\/li>\n<\/ul>\n<p>Este m\u00f3dulo \u00e9 ideal para quem pretende testar o desempenho do seu ve\u00edculo sem que o conta-quil\u00f3metros registe a dist\u00e2ncia.<\/p>\n","protected":false},"excerpt":{"rendered":"<div class=\"flex max-w-full flex-col flex-grow\">\n<div class=\"min-h-8 text-message flex w-full flex-col items-end gap-2 whitespace-normal break-words [.text-message+&amp;]:mt-5\" dir=\"auto\" data-message-author-role=\"assistant\" data-message-id=\"a441b426-36fd-46d5-8aba-1f7451c77ece\" data-message-model-slug=\"gpt-4o\">\n<div class=\"flex w-full flex-col gap-1 empty:hidden first:pt-[3px]\">\n<div class=\"markdown prose w-full break-words dark:prose-invert light\">\n<p><strong>Informa\u00e7\u00e3o importante antes de encomendares: Este<\/strong>dispositivo \u00e9 adequado para os modelos <strong>Mercedes GL \/ GLS X166<\/strong> lan\u00e7ados entre 2012 e 2018. O dispositivo permite a instala\u00e7\u00e3o do tipo &#8221;fa\u00e7a voc\u00ea mesmo&#8221; (DIY), sem necessidade de assist\u00eancia profissional. Oferece um desempenho indetet\u00e1vel, o que significa que nenhuma ferramenta de diagn\u00f3stico detectar\u00e1 as altera\u00e7\u00f5es feitas. Para maior comodidade, o m\u00f3dulo pode ser ativado ou desativado com o ve\u00edculo em movimento. O dispositivo \u00e9 fornecido com fichas de qualidade superior e cabos resistentes ao calor, garantindo durabilidade e fiabilidade. O veloc\u00edmetro e todos os outros programas de assist\u00eancia funcionam perfeitamente com o m\u00f3dulo instalado. O m\u00f3dulo assegura que n\u00e3o existem mensagens de erro ou avarias nos sistemas do ve\u00edculo.      <\/p>\n<p class=\"p1\"><b> Integra\u00e7\u00e3o perfeita<\/b><b><\/b><\/p>\n<p class=\"p1\"><b> Instala\u00e7\u00e3o f\u00e1cil<\/b><b><\/b><\/p>\n<p class=\"p1\"><b> Gest\u00e3o exacta da quilometragem<\/b><b><\/b><\/p>\n<p class=\"p1\"><b> Funcionamento em modo furtivo<\/b><b><\/b><\/p>\n<p class=\"p1\"><span class=\"s1\">\u2705<\/span><b> Suporte e actualiza\u00e7\u00f5es vital\u00edcias<\/b><\/p>\n<\/div>\n<\/div>\n<\/div>\n<\/div>\n","protected":false},"featured_media":1094,"comment_status":"open","ping_status":"closed","template":"","meta":[],"product_brand":[],"product_cat":[1245],"product_tag":[],"class_list":{"0":"post-11903","1":"product","2":"type-product","3":"status-publish","4":"has-post-thumbnail","6":"product_cat-mercedes","8":"first","9":"instock","10":"taxable","11":"shipping-taxable","12":"purchasable","13":"product-type-variable"},"yoast_head":"<!-- This site is optimized with the Yoast SEO plugin v27.5 - https:\/\/yoast.com\/product\/yoast-seo-wordpress\/ -->\n<title>Mercedes GLS Classe X166 Mileage Blocker (KM stopper) \u2192 KM Block<\/title>\n<meta name=\"description\" content=\"Buy a Mercedes GLS Classe X166 Mileage Blocker for the Best Prices \u2713 Free Shipping \u2713 Incl. Installation Guides\" \/>\n<meta name=\"robots\" content=\"index, follow, max-snippet:-1, max-image-preview:large, max-video-preview:-1\" \/>\n<meta property=\"og:locale\" content=\"pt_PT\" \/>\n<meta property=\"og:type\" content=\"article\" \/>\n<meta property=\"og:title\" content=\"Mercedes GLS Classe X166 Mileage Blocker (KM stopper) \u2192 KM Block\" \/>\n<meta property=\"og:description\" content=\"Buy a Mercedes GLS Classe X166 Mileage Blocker for the Best Prices \u2713 Free Shipping \u2713 Incl. Installation Guides\" \/>\n<meta property=\"og:url\" content=\"https:\/\/kmblock.com\/pt-pt\/product\/mercedes-gls-classe-x166\/\" \/>\n<meta property=\"og:site_name\" content=\"KM Block\" \/>\n<meta property=\"og:image\" content=\"https:\/\/kmblock.com\/wp-content\/uploads\/2024\/11\/gls-600x491-1.jpg\" \/>\n\t<meta property=\"og:image:width\" content=\"600\" \/>\n\t<meta property=\"og:image:height\" content=\"491\" \/>\n\t<meta property=\"og:image:type\" content=\"image\/jpeg\" \/>\n<meta name=\"twitter:card\" content=\"summary_large_image\" \/>\n<meta name=\"twitter:label1\" content=\"Tempo estimado de leitura\" \/>\n\t<meta name=\"twitter:data1\" content=\"2 minutos\" \/>\n<script type=\"application\/ld+json\" class=\"yoast-schema-graph\">{\"@context\":\"https:\\\/\\\/schema.org\",\"@graph\":[{\"@type\":\"WebPage\",\"@id\":\"https:\\\/\\\/kmblock.com\\\/pt-pt\\\/product\\\/mercedes-gls-classe-x166\\\/\",\"url\":\"https:\\\/\\\/kmblock.com\\\/pt-pt\\\/product\\\/mercedes-gls-classe-x166\\\/\",\"name\":\"Mercedes GLS Classe X166 Mileage Blocker (KM stopper) \u2192 KM Block\",\"isPartOf\":{\"@id\":\"https:\\\/\\\/kmblock.com\\\/pt-pt\\\/#website\"},\"primaryImageOfPage\":{\"@id\":\"https:\\\/\\\/kmblock.com\\\/pt-pt\\\/product\\\/mercedes-gls-classe-x166\\\/#primaryimage\"},\"image\":{\"@id\":\"https:\\\/\\\/kmblock.com\\\/pt-pt\\\/product\\\/mercedes-gls-classe-x166\\\/#primaryimage\"},\"thumbnailUrl\":\"https:\\\/\\\/kmblock.com\\\/wp-content\\\/uploads\\\/2024\\\/11\\\/gls-600x491-1.jpg\",\"datePublished\":\"2024-11-17T10:14:59+00:00\",\"description\":\"Buy a Mercedes GLS Classe X166 Mileage Blocker for the Best Prices \u2713 Free Shipping \u2713 Incl. Installation Guides\",\"breadcrumb\":{\"@id\":\"https:\\\/\\\/kmblock.com\\\/pt-pt\\\/product\\\/mercedes-gls-classe-x166\\\/#breadcrumb\"},\"inLanguage\":\"pt-PT\",\"potentialAction\":[{\"@type\":\"ReadAction\",\"target\":[\"https:\\\/\\\/kmblock.com\\\/pt-pt\\\/product\\\/mercedes-gls-classe-x166\\\/\"]}]},{\"@type\":\"ImageObject\",\"inLanguage\":\"pt-PT\",\"@id\":\"https:\\\/\\\/kmblock.com\\\/pt-pt\\\/product\\\/mercedes-gls-classe-x166\\\/#primaryimage\",\"url\":\"https:\\\/\\\/kmblock.com\\\/wp-content\\\/uploads\\\/2024\\\/11\\\/gls-600x491-1.jpg\",\"contentUrl\":\"https:\\\/\\\/kmblock.com\\\/wp-content\\\/uploads\\\/2024\\\/11\\\/gls-600x491-1.jpg\",\"width\":600,\"height\":491},{\"@type\":\"BreadcrumbList\",\"@id\":\"https:\\\/\\\/kmblock.com\\\/pt-pt\\\/product\\\/mercedes-gls-classe-x166\\\/#breadcrumb\",\"itemListElement\":[{\"@type\":\"ListItem\",\"position\":1,\"name\":\"Casa\",\"item\":\"https:\\\/\\\/kmblock.com\\\/pt-pt\\\/\"},{\"@type\":\"ListItem\",\"position\":2,\"name\":\"Produtos\",\"item\":\"https:\\\/\\\/kmblock.com\\\/pt-pt\\\/shop\\\/\"},{\"@type\":\"ListItem\",\"position\":3,\"name\":\"Mercedes GLS Classe X166\"}]},{\"@type\":\"WebSite\",\"@id\":\"https:\\\/\\\/kmblock.com\\\/pt-pt\\\/#website\",\"url\":\"https:\\\/\\\/kmblock.com\\\/pt-pt\\\/\",\"name\":\"KM Block\",\"description\":\"\",\"publisher\":{\"@id\":\"https:\\\/\\\/kmblock.com\\\/pt-pt\\\/#organization\"},\"potentialAction\":[{\"@type\":\"SearchAction\",\"target\":{\"@type\":\"EntryPoint\",\"urlTemplate\":\"https:\\\/\\\/kmblock.com\\\/pt-pt\\\/?s={search_term_string}\"},\"query-input\":{\"@type\":\"PropertyValueSpecification\",\"valueRequired\":true,\"valueName\":\"search_term_string\"}}],\"inLanguage\":\"pt-PT\"},{\"@type\":\"Organization\",\"@id\":\"https:\\\/\\\/kmblock.com\\\/pt-pt\\\/#organization\",\"name\":\"Bloco KM\",\"url\":\"https:\\\/\\\/kmblock.com\\\/pt-pt\\\/\",\"logo\":{\"@type\":\"ImageObject\",\"inLanguage\":\"pt-PT\",\"@id\":\"https:\\\/\\\/kmblock.com\\\/pt-pt\\\/#\\\/schema\\\/logo\\\/image\\\/\",\"url\":\"https:\\\/\\\/kmblock.com\\\/wp-content\\\/uploads\\\/2024\\\/08\\\/main-logo.png\",\"contentUrl\":\"https:\\\/\\\/kmblock.com\\\/wp-content\\\/uploads\\\/2024\\\/08\\\/main-logo.png\",\"width\":186,\"height\":28,\"caption\":\"Bloco KM\"},\"image\":{\"@id\":\"https:\\\/\\\/kmblock.com\\\/pt-pt\\\/#\\\/schema\\\/logo\\\/image\\\/\"}}]}<\/script>\n<!-- \/ Yoast SEO plugin. -->","yoast_head_json":{"title":"Mercedes GLS Classe X166 Mileage Blocker (KM stopper) \u2192 KM Block","description":"Buy a Mercedes GLS Classe X166 Mileage Blocker for the Best Prices \u2713 Free Shipping \u2713 Incl. Installation Guides","robots":{"index":"index","follow":"follow","max-snippet":"max-snippet:-1","max-image-preview":"max-image-preview:large","max-video-preview":"max-video-preview:-1"},"og_locale":"pt_PT","og_type":"article","og_title":"Mercedes GLS Classe X166 Mileage Blocker (KM stopper) \u2192 KM Block","og_description":"Buy a Mercedes GLS Classe X166 Mileage Blocker for the Best Prices \u2713 Free Shipping \u2713 Incl. Installation Guides","og_url":"https:\/\/kmblock.com\/pt-pt\/product\/mercedes-gls-classe-x166\/","og_site_name":"KM Block","og_image":[{"width":600,"height":491,"url":"https:\/\/kmblock.com\/wp-content\/uploads\/2024\/11\/gls-600x491-1.jpg","type":"image\/jpeg"}],"twitter_card":"summary_large_image","twitter_misc":{"Tempo estimado de leitura":"2 minutos"},"schema":{"@context":"https:\/\/schema.org","@graph":[{"@type":"WebPage","@id":"https:\/\/kmblock.com\/pt-pt\/product\/mercedes-gls-classe-x166\/","url":"https:\/\/kmblock.com\/pt-pt\/product\/mercedes-gls-classe-x166\/","name":"Mercedes GLS Classe X166 Mileage Blocker (KM stopper) \u2192 KM Block","isPartOf":{"@id":"https:\/\/kmblock.com\/pt-pt\/#website"},"primaryImageOfPage":{"@id":"https:\/\/kmblock.com\/pt-pt\/product\/mercedes-gls-classe-x166\/#primaryimage"},"image":{"@id":"https:\/\/kmblock.com\/pt-pt\/product\/mercedes-gls-classe-x166\/#primaryimage"},"thumbnailUrl":"https:\/\/kmblock.com\/wp-content\/uploads\/2024\/11\/gls-600x491-1.jpg","datePublished":"2024-11-17T10:14:59+00:00","description":"Buy a Mercedes GLS Classe X166 Mileage Blocker for the Best Prices \u2713 Free Shipping \u2713 Incl. Installation Guides","breadcrumb":{"@id":"https:\/\/kmblock.com\/pt-pt\/product\/mercedes-gls-classe-x166\/#breadcrumb"},"inLanguage":"pt-PT","potentialAction":[{"@type":"ReadAction","target":["https:\/\/kmblock.com\/pt-pt\/product\/mercedes-gls-classe-x166\/"]}]},{"@type":"ImageObject","inLanguage":"pt-PT","@id":"https:\/\/kmblock.com\/pt-pt\/product\/mercedes-gls-classe-x166\/#primaryimage","url":"https:\/\/kmblock.com\/wp-content\/uploads\/2024\/11\/gls-600x491-1.jpg","contentUrl":"https:\/\/kmblock.com\/wp-content\/uploads\/2024\/11\/gls-600x491-1.jpg","width":600,"height":491},{"@type":"BreadcrumbList","@id":"https:\/\/kmblock.com\/pt-pt\/product\/mercedes-gls-classe-x166\/#breadcrumb","itemListElement":[{"@type":"ListItem","position":1,"name":"Casa","item":"https:\/\/kmblock.com\/pt-pt\/"},{"@type":"ListItem","position":2,"name":"Produtos","item":"https:\/\/kmblock.com\/pt-pt\/shop\/"},{"@type":"ListItem","position":3,"name":"Mercedes GLS Classe X166"}]},{"@type":"WebSite","@id":"https:\/\/kmblock.com\/pt-pt\/#website","url":"https:\/\/kmblock.com\/pt-pt\/","name":"KM Block","description":"","publisher":{"@id":"https:\/\/kmblock.com\/pt-pt\/#organization"},"potentialAction":[{"@type":"SearchAction","target":{"@type":"EntryPoint","urlTemplate":"https:\/\/kmblock.com\/pt-pt\/?s={search_term_string}"},"query-input":{"@type":"PropertyValueSpecification","valueRequired":true,"valueName":"search_term_string"}}],"inLanguage":"pt-PT"},{"@type":"Organization","@id":"https:\/\/kmblock.com\/pt-pt\/#organization","name":"Bloco KM","url":"https:\/\/kmblock.com\/pt-pt\/","logo":{"@type":"ImageObject","inLanguage":"pt-PT","@id":"https:\/\/kmblock.com\/pt-pt\/#\/schema\/logo\/image\/","url":"https:\/\/kmblock.com\/wp-content\/uploads\/2024\/08\/main-logo.png","contentUrl":"https:\/\/kmblock.com\/wp-content\/uploads\/2024\/08\/main-logo.png","width":186,"height":28,"caption":"Bloco KM"},"image":{"@id":"https:\/\/kmblock.com\/pt-pt\/#\/schema\/logo\/image\/"}}]}},"_links":{"self":[{"href":"https:\/\/kmblock.com\/pt-pt\/wp-json\/wp\/v2\/product\/11903","targetHints":{"allow":["GET"]}}],"collection":[{"href":"https:\/\/kmblock.com\/pt-pt\/wp-json\/wp\/v2\/product"}],"about":[{"href":"https:\/\/kmblock.com\/pt-pt\/wp-json\/wp\/v2\/types\/product"}],"replies":[{"embeddable":true,"href":"https:\/\/kmblock.com\/pt-pt\/wp-json\/wp\/v2\/comments?post=11903"}],"wp:featuredmedia":[{"embeddable":true,"href":"https:\/\/kmblock.com\/pt-pt\/wp-json\/wp\/v2\/media\/1094"}],"wp:attachment":[{"href":"https:\/\/kmblock.com\/pt-pt\/wp-json\/wp\/v2\/media?parent=11903"}],"wp:term":[{"taxonomy":"product_brand","embeddable":true,"href":"https:\/\/kmblock.com\/pt-pt\/wp-json\/wp\/v2\/product_brand?post=11903"},{"taxonomy":"product_cat","embeddable":true,"href":"https:\/\/kmblock.com\/pt-pt\/wp-json\/wp\/v2\/product_cat?post=11903"},{"taxonomy":"product_tag","embeddable":true,"href":"https:\/\/kmblock.com\/pt-pt\/wp-json\/wp\/v2\/product_tag?post=11903"}],"curies":[{"name":"wp","href":"https:\/\/api.w.org\/{rel}","templated":true}]}}