{"id":11805,"date":"2024-11-17T08:14:53","date_gmt":"2024-11-17T08:14:53","guid":{"rendered":"https:\/\/kmblock.com\/product\/mercedes-amg-gt-190-sl-231\/"},"modified":"2024-11-17T08:14:53","modified_gmt":"2024-11-17T08:14:53","slug":"mercedes-amg-gt-190-sl-231","status":"publish","type":"product","link":"https:\/\/kmblock.com\/pt-pt\/product\/mercedes-amg-gt-190-sl-231\/","title":{"rendered":"Mercedes AMG GT 190 &#8211; SL 231"},"content":{"rendered":"<div class=\"SmallHint\">\n<h3><strong>Bloqueador de quil\u00f3metros para Mercedes AMG GT C190 (2019-2024)<\/strong><\/h3>\n<p>O <strong>Bloqueador de Quil\u00f3metros Mercedes AMG GT C190<\/strong> foi concebido para impedir o aumento da quilometragem enquanto testas o desempenho do teu ve\u00edculo. Tamb\u00e9m \u00e9 conhecido como <strong>Bloqueador de Od\u00f3metro<\/strong>, <strong>Limitador de Qu<\/strong>il\u00f3metros, <strong>Filtro de Lata<\/strong>, <strong>Ferramenta de Corre\u00e7\u00e3o de Quil\u00f3metros<\/strong> e outros termos semelhantes. Este dispositivo \u00e9 compat\u00edvel com todos os modelos <strong>Mercedes AMG GT C190<\/strong> lan\u00e7ados entre <strong>2019-2024<\/strong>.  <\/p>\n<hr>\n<h3><strong>Especifica\u00e7\u00f5es:<\/strong><\/h3>\n<ul>\n<li><strong>Instala\u00e7\u00e3o &#8221;fa\u00e7a voc\u00ea mesmo&#8221;<\/strong>: Instala-o de forma f\u00e1cil e r\u00e1pida, sem necessidade de ajuda profissional.<\/li>\n<li><strong>Veloc\u00edmetro e controlo da velocidade de cruzeiro<\/strong>: Ambos funcionam na perfei\u00e7\u00e3o, assegurando que o funcionamento do teu ve\u00edculo n\u00e3o \u00e9 interrompido.<\/li>\n<li><strong>Ativa\u00e7\u00e3o em movimento<\/strong>: Pode ser ligado e desligado durante a condu\u00e7\u00e3o, oferecendo flexibilidade.<\/li>\n<li><strong>N\u00e3o altera o conta-quil\u00f3metros<\/strong>: O dispositivo n\u00e3o cria tra\u00e7os ou altera\u00e7\u00f5es no conta-quil\u00f3metros.<\/li>\n<li><strong>N\u00e3o corta nem solda<\/strong>: O m\u00f3dulo n\u00e3o requer o corte de cabos ou a soldadura de componentes electr\u00f3nicos.<\/li>\n<li><strong>N\u00e3o aumenta a quilometragem ap\u00f3s a remo\u00e7\u00e3o<\/strong>: Quando o m\u00f3dulo \u00e9 removido, a quilometragem n\u00e3o aumenta espontaneamente.<\/li>\n<li><strong>Defini\u00e7\u00f5es guardadas<\/strong>: O dispositivo guarda as tuas defini\u00e7\u00f5es, para que n\u00e3o tenhas de o repor sempre que conduzes.<\/li>\n<li><strong>Componentes de qualidade superior<\/strong>: Inclui fichas de alta qualidade e cabos resistentes ao calor para garantir uma utiliza\u00e7\u00e3o duradoura.<\/li>\n<li><strong>Invis\u00edvel para os aparelhos de diagn\u00f3stico<\/strong>: N\u00e3o deixa vest\u00edgios e os aparelhos de diagn\u00f3stico n\u00e3o conseguem detetar quilometragem alterada.<\/li>\n<li><strong>Funcionamento sem erros<\/strong>: N\u00e3o aparecem mensagens de erro no veloc\u00edmetro ou no painel de navega\u00e7\u00e3o, mesmo com testes de diagn\u00f3stico.<\/li>\n<\/ul>\n<p>Para o modo que altera totalmente a quilometragem, \u00e9 permitido um <strong>desvio de 1%<\/strong> na dist\u00e2ncia percorrida. Tem em aten\u00e7\u00e3o que os dados de quilometragem podem variar ligeiramente, uma vez que se trata de aproxima\u00e7\u00f5es. <\/p>\n<hr>\n<h3><strong>Ativa\u00e7\u00e3o e desativa\u00e7\u00e3o:<\/strong><\/h3>\n<p><span data-sheets-root=\"1\">&#8221;Ativar&#8221;, mantendo premido o &#8221;bot\u00e3o de retorno&#8221; durante 10 segundos at\u00e9 que todas as luzes se acendam.<\/span><\/p>\n<p><strong>Modo On:<\/strong> todas as luzes se acendem e conta 0% da quilometragem. Tudo est\u00e1 a funcionar corretamente. <\/p>\n<p><strong>Modo desligado:<\/strong> todas as luzes se acendem e conta 100% da quilometragem. Tudo est\u00e1 a funcionar corretamente&#8221;. <\/p>\n<p>Podes ativar ou desativar o dispositivo em qualquer altura, quer o ve\u00edculo esteja parado ou em movimento.<\/p>\n<hr>\n<h3><strong>O que \u00e9 o bloqueador de conta-quil\u00f3metros do Mercedes AMG GT C190?<\/strong><\/h3>\n<p>O <strong>Mercedes AMG GT C190 Mileage Blocker<\/strong> permite-te parar a contagem de quil\u00f3metros enquanto testas o desempenho do teu carro. Funciona perfeitamente com todos os tipos de ve\u00edculos Mercedes AMG GT C190, quer utilizem motores <strong>a diesel<\/strong>, <strong>a gasolina<\/strong>, <strong>PHEVs<\/strong> ou <strong>el\u00e9ctricos<\/strong>. O dispositivo pode lidar com milhas e quil\u00f3metros no od\u00f3metro.  <\/p>\n<p>Este m\u00f3dulo funciona atrav\u00e9s da <strong>liga\u00e7\u00e3o entre a porta do veloc\u00edmetro e o painel de instrumentos<\/strong>, proporcionando uma funcionalidade perfeita sem exigir um conhecimento profundo do ve\u00edculo.<\/p>\n<h3><strong>Nota importante:<\/strong><\/h3>\n<p><strong>N\u00e3o<\/strong> disponibilizamos <strong>ferramentas de corre\u00e7\u00e3o de quilometragem<\/strong> para o Mercedes AMG GT C190. Estas ferramentas s\u00e3o normalmente utilizadas para fins desonestos, tais como a revers\u00e3o da quilometragem, o que n\u00e3o \u00e9 recomendado. Os autom\u00f3veis modernos t\u00eam v\u00e1rias unidades de armazenamento de dados, pelo que as ferramentas de retrocesso de quilometragem s\u00e3o ineficazes.  <\/p>\n<hr>\n<p>Desfruta de todos os benef\u00edcios do <strong>bloqueador de quilometragem Mercedes AMG GT C190<\/strong>, assegurando um controlo preciso da quilometragem do teu ve\u00edculo, uma instala\u00e7\u00e3o f\u00e1cil e um funcionamento sem falhas em qualquer altura.<\/p>\n<\/div>\n<h3><\/h3>\n","protected":false},"excerpt":{"rendered":"<div class=\"flex max-w-full flex-col flex-grow\">\n<div class=\"min-h-8 text-message flex w-full flex-col items-end gap-2 whitespace-normal break-words [.text-message+&amp;]:mt-5\" dir=\"auto\" data-message-author-role=\"assistant\" data-message-id=\"a441b426-36fd-46d5-8aba-1f7451c77ece\" data-message-model-slug=\"gpt-4o\">\n<div class=\"flex w-full flex-col gap-1 empty:hidden first:pt-[3px]\">\n<div class=\"markdown prose w-full break-words dark:prose-invert light\">\n<h3><strong>Notas importantes antes de encomendares o bloqueador de quil\u00f3metros Mercedes AMG GT C190<\/strong><\/h3>\n<p>L\u00ea atentamente as seguintes informa\u00e7\u00f5es sobre a ativa\u00e7\u00e3o, as mensagens de erro e as fun\u00e7\u00f5es do <strong>bloqueador de quil\u00f3metros Mercedes AMG GT C190<\/strong>: Este dispositivo \u00e9 adequado para todos os modelos Mercedes AMG GT C190 lan\u00e7ados de 2019 a 2024. Este dispositivo s\u00f3 pode ser utilizado num ve\u00edculo, pois guarda o n\u00famero interno do chassis. A instala\u00e7\u00e3o \u00e9 simples e n\u00e3o necessita de ajuda profissional. O m\u00f3dulo foi concebido para uma configura\u00e7\u00e3o r\u00e1pida do tipo &#8221;fa\u00e7a voc\u00ea mesmo&#8221;. Uma vez ativado, o dispositivo funciona sem deixar qualquer vest\u00edgio de altera\u00e7\u00f5es no conta-quil\u00f3metros. O m\u00f3dulo pode ser facilmente operado com v\u00e1rias combina\u00e7\u00f5es de teclas para mudar de modo. Ambas as fun\u00e7\u00f5es funcionam sem falhas enquanto o m\u00f3dulo est\u00e1 a ser utilizado, assegurando o funcionamento normal do teu ve\u00edculo. O dispositivo \u00e9 fornecido com fichas de alta qualidade e cabos resistentes ao calor para garantir uma utiliza\u00e7\u00e3o duradoura e fi\u00e1vel.       <\/p>\n<p>Se seguires cuidadosamente as instru\u00e7\u00f5es de ativa\u00e7\u00e3o e desativa\u00e7\u00e3o, podes controlar a quilometragem sem problemas. Se tiveres alguma d\u00favida ou precisares de mais assist\u00eancia, n\u00e3o hesites em contactar-nos antes de fazeres a tua compra. <\/p>\n<p class=\"p1\"><b> Integra\u00e7\u00e3o perfeita<\/b><b><\/b><\/p>\n<p class=\"p1\"><b> Instala\u00e7\u00e3o f\u00e1cil<\/b><b><\/b><\/p>\n<p class=\"p1\"><b> Gest\u00e3o exacta da quilometragem<\/b><b><\/b><\/p>\n<p class=\"p1\"><b> Funcionamento em modo furtivo<\/b><b><\/b><\/p>\n<p class=\"p1\"><span class=\"s1\">\u2705<\/span><b> Suporte e actualiza\u00e7\u00f5es vital\u00edcias<\/b><\/p>\n<\/div>\n<\/div>\n<\/div>\n<\/div>\n","protected":false},"featured_media":2645,"comment_status":"open","ping_status":"closed","template":"","meta":[],"product_brand":[],"product_cat":[1245],"product_tag":[],"class_list":{"0":"post-11805","1":"product","2":"type-product","3":"status-publish","4":"has-post-thumbnail","6":"product_cat-mercedes","8":"first","9":"instock","10":"taxable","11":"shipping-taxable","12":"purchasable","13":"product-type-variable"},"yoast_head":"<!-- This site is optimized with the Yoast SEO plugin v27.5 - https:\/\/yoast.com\/product\/yoast-seo-wordpress\/ -->\n<title>Mercedes AMG GT 190 - SL 231 Mileage Blocker (KM stopper) \u2192 KM Block<\/title>\n<meta name=\"description\" content=\"Buy a Mercedes AMG GT 190 - SL 231 Mileage Blocker for the Best Prices \u2713 Free Shipping \u2713 Incl. Installation Guides\" \/>\n<meta name=\"robots\" content=\"index, follow, max-snippet:-1, max-image-preview:large, max-video-preview:-1\" \/>\n<meta property=\"og:locale\" content=\"pt_PT\" \/>\n<meta property=\"og:type\" content=\"article\" \/>\n<meta property=\"og:title\" content=\"Mercedes AMG GT 190 - SL 231 Mileage Blocker (KM stopper) \u2192 KM Block\" \/>\n<meta property=\"og:description\" content=\"Buy a Mercedes AMG GT 190 - SL 231 Mileage Blocker for the Best Prices \u2713 Free Shipping \u2713 Incl. Installation Guides\" \/>\n<meta property=\"og:url\" content=\"https:\/\/kmblock.com\/pt-pt\/product\/mercedes-amg-gt-190-sl-231\/\" \/>\n<meta property=\"og:site_name\" content=\"KM Block\" \/>\n<meta property=\"og:image\" content=\"https:\/\/kmblock.com\/wp-content\/uploads\/2024\/11\/Mercedes-AMG-GT-190-\u2013-SL-231.jpg\" \/>\n\t<meta property=\"og:image:width\" content=\"400\" \/>\n\t<meta property=\"og:image:height\" content=\"327\" \/>\n\t<meta property=\"og:image:type\" content=\"image\/jpeg\" \/>\n<meta name=\"twitter:card\" content=\"summary_large_image\" \/>\n<meta name=\"twitter:label1\" content=\"Tempo estimado de leitura\" \/>\n\t<meta name=\"twitter:data1\" content=\"3 minutos\" \/>\n<script type=\"application\/ld+json\" class=\"yoast-schema-graph\">{\"@context\":\"https:\\\/\\\/schema.org\",\"@graph\":[{\"@type\":\"WebPage\",\"@id\":\"https:\\\/\\\/kmblock.com\\\/pt-pt\\\/product\\\/mercedes-amg-gt-190-sl-231\\\/\",\"url\":\"https:\\\/\\\/kmblock.com\\\/pt-pt\\\/product\\\/mercedes-amg-gt-190-sl-231\\\/\",\"name\":\"Mercedes AMG GT 190 - SL 231 Mileage Blocker (KM stopper) \u2192 KM Block\",\"isPartOf\":{\"@id\":\"https:\\\/\\\/kmblock.com\\\/pt-pt\\\/#website\"},\"primaryImageOfPage\":{\"@id\":\"https:\\\/\\\/kmblock.com\\\/pt-pt\\\/product\\\/mercedes-amg-gt-190-sl-231\\\/#primaryimage\"},\"image\":{\"@id\":\"https:\\\/\\\/kmblock.com\\\/pt-pt\\\/product\\\/mercedes-amg-gt-190-sl-231\\\/#primaryimage\"},\"thumbnailUrl\":\"https:\\\/\\\/kmblock.com\\\/wp-content\\\/uploads\\\/2024\\\/11\\\/Mercedes-AMG-GT-190-\u2013-SL-231.jpg\",\"datePublished\":\"2024-11-17T08:14:53+00:00\",\"description\":\"Buy a Mercedes AMG GT 190 - SL 231 Mileage Blocker for the Best Prices \u2713 Free Shipping \u2713 Incl. Installation Guides\",\"breadcrumb\":{\"@id\":\"https:\\\/\\\/kmblock.com\\\/pt-pt\\\/product\\\/mercedes-amg-gt-190-sl-231\\\/#breadcrumb\"},\"inLanguage\":\"pt-PT\",\"potentialAction\":[{\"@type\":\"ReadAction\",\"target\":[\"https:\\\/\\\/kmblock.com\\\/pt-pt\\\/product\\\/mercedes-amg-gt-190-sl-231\\\/\"]}]},{\"@type\":\"ImageObject\",\"inLanguage\":\"pt-PT\",\"@id\":\"https:\\\/\\\/kmblock.com\\\/pt-pt\\\/product\\\/mercedes-amg-gt-190-sl-231\\\/#primaryimage\",\"url\":\"https:\\\/\\\/kmblock.com\\\/wp-content\\\/uploads\\\/2024\\\/11\\\/Mercedes-AMG-GT-190-\u2013-SL-231.jpg\",\"contentUrl\":\"https:\\\/\\\/kmblock.com\\\/wp-content\\\/uploads\\\/2024\\\/11\\\/Mercedes-AMG-GT-190-\u2013-SL-231.jpg\",\"width\":400,\"height\":327,\"caption\":\"Mercedes AMG GT 190 \u2013 SL 231\"},{\"@type\":\"BreadcrumbList\",\"@id\":\"https:\\\/\\\/kmblock.com\\\/pt-pt\\\/product\\\/mercedes-amg-gt-190-sl-231\\\/#breadcrumb\",\"itemListElement\":[{\"@type\":\"ListItem\",\"position\":1,\"name\":\"Casa\",\"item\":\"https:\\\/\\\/kmblock.com\\\/pt-pt\\\/\"},{\"@type\":\"ListItem\",\"position\":2,\"name\":\"Produtos\",\"item\":\"https:\\\/\\\/kmblock.com\\\/pt-pt\\\/shop\\\/\"},{\"@type\":\"ListItem\",\"position\":3,\"name\":\"Mercedes AMG GT 190 &#8211; SL 231\"}]},{\"@type\":\"WebSite\",\"@id\":\"https:\\\/\\\/kmblock.com\\\/pt-pt\\\/#website\",\"url\":\"https:\\\/\\\/kmblock.com\\\/pt-pt\\\/\",\"name\":\"KM Block\",\"description\":\"\",\"publisher\":{\"@id\":\"https:\\\/\\\/kmblock.com\\\/pt-pt\\\/#organization\"},\"potentialAction\":[{\"@type\":\"SearchAction\",\"target\":{\"@type\":\"EntryPoint\",\"urlTemplate\":\"https:\\\/\\\/kmblock.com\\\/pt-pt\\\/?s={search_term_string}\"},\"query-input\":{\"@type\":\"PropertyValueSpecification\",\"valueRequired\":true,\"valueName\":\"search_term_string\"}}],\"inLanguage\":\"pt-PT\"},{\"@type\":\"Organization\",\"@id\":\"https:\\\/\\\/kmblock.com\\\/pt-pt\\\/#organization\",\"name\":\"Bloco KM\",\"url\":\"https:\\\/\\\/kmblock.com\\\/pt-pt\\\/\",\"logo\":{\"@type\":\"ImageObject\",\"inLanguage\":\"pt-PT\",\"@id\":\"https:\\\/\\\/kmblock.com\\\/pt-pt\\\/#\\\/schema\\\/logo\\\/image\\\/\",\"url\":\"https:\\\/\\\/kmblock.com\\\/wp-content\\\/uploads\\\/2024\\\/08\\\/main-logo.png\",\"contentUrl\":\"https:\\\/\\\/kmblock.com\\\/wp-content\\\/uploads\\\/2024\\\/08\\\/main-logo.png\",\"width\":186,\"height\":28,\"caption\":\"Bloco KM\"},\"image\":{\"@id\":\"https:\\\/\\\/kmblock.com\\\/pt-pt\\\/#\\\/schema\\\/logo\\\/image\\\/\"}}]}<\/script>\n<!-- \/ Yoast SEO plugin. -->","yoast_head_json":{"title":"Mercedes AMG GT 190 - SL 231 Mileage Blocker (KM stopper) \u2192 KM Block","description":"Buy a Mercedes AMG GT 190 - SL 231 Mileage Blocker for the Best Prices \u2713 Free Shipping \u2713 Incl. Installation Guides","robots":{"index":"index","follow":"follow","max-snippet":"max-snippet:-1","max-image-preview":"max-image-preview:large","max-video-preview":"max-video-preview:-1"},"og_locale":"pt_PT","og_type":"article","og_title":"Mercedes AMG GT 190 - SL 231 Mileage Blocker (KM stopper) \u2192 KM Block","og_description":"Buy a Mercedes AMG GT 190 - SL 231 Mileage Blocker for the Best Prices \u2713 Free Shipping \u2713 Incl. Installation Guides","og_url":"https:\/\/kmblock.com\/pt-pt\/product\/mercedes-amg-gt-190-sl-231\/","og_site_name":"KM Block","og_image":[{"width":400,"height":327,"url":"https:\/\/kmblock.com\/wp-content\/uploads\/2024\/11\/Mercedes-AMG-GT-190-\u2013-SL-231.jpg","type":"image\/jpeg"}],"twitter_card":"summary_large_image","twitter_misc":{"Tempo estimado de leitura":"3 minutos"},"schema":{"@context":"https:\/\/schema.org","@graph":[{"@type":"WebPage","@id":"https:\/\/kmblock.com\/pt-pt\/product\/mercedes-amg-gt-190-sl-231\/","url":"https:\/\/kmblock.com\/pt-pt\/product\/mercedes-amg-gt-190-sl-231\/","name":"Mercedes AMG GT 190 - SL 231 Mileage Blocker (KM stopper) \u2192 KM Block","isPartOf":{"@id":"https:\/\/kmblock.com\/pt-pt\/#website"},"primaryImageOfPage":{"@id":"https:\/\/kmblock.com\/pt-pt\/product\/mercedes-amg-gt-190-sl-231\/#primaryimage"},"image":{"@id":"https:\/\/kmblock.com\/pt-pt\/product\/mercedes-amg-gt-190-sl-231\/#primaryimage"},"thumbnailUrl":"https:\/\/kmblock.com\/wp-content\/uploads\/2024\/11\/Mercedes-AMG-GT-190-\u2013-SL-231.jpg","datePublished":"2024-11-17T08:14:53+00:00","description":"Buy a Mercedes AMG GT 190 - SL 231 Mileage Blocker for the Best Prices \u2713 Free Shipping \u2713 Incl. Installation Guides","breadcrumb":{"@id":"https:\/\/kmblock.com\/pt-pt\/product\/mercedes-amg-gt-190-sl-231\/#breadcrumb"},"inLanguage":"pt-PT","potentialAction":[{"@type":"ReadAction","target":["https:\/\/kmblock.com\/pt-pt\/product\/mercedes-amg-gt-190-sl-231\/"]}]},{"@type":"ImageObject","inLanguage":"pt-PT","@id":"https:\/\/kmblock.com\/pt-pt\/product\/mercedes-amg-gt-190-sl-231\/#primaryimage","url":"https:\/\/kmblock.com\/wp-content\/uploads\/2024\/11\/Mercedes-AMG-GT-190-\u2013-SL-231.jpg","contentUrl":"https:\/\/kmblock.com\/wp-content\/uploads\/2024\/11\/Mercedes-AMG-GT-190-\u2013-SL-231.jpg","width":400,"height":327,"caption":"Mercedes AMG GT 190 \u2013 SL 231"},{"@type":"BreadcrumbList","@id":"https:\/\/kmblock.com\/pt-pt\/product\/mercedes-amg-gt-190-sl-231\/#breadcrumb","itemListElement":[{"@type":"ListItem","position":1,"name":"Casa","item":"https:\/\/kmblock.com\/pt-pt\/"},{"@type":"ListItem","position":2,"name":"Produtos","item":"https:\/\/kmblock.com\/pt-pt\/shop\/"},{"@type":"ListItem","position":3,"name":"Mercedes AMG GT 190 &#8211; SL 231"}]},{"@type":"WebSite","@id":"https:\/\/kmblock.com\/pt-pt\/#website","url":"https:\/\/kmblock.com\/pt-pt\/","name":"KM Block","description":"","publisher":{"@id":"https:\/\/kmblock.com\/pt-pt\/#organization"},"potentialAction":[{"@type":"SearchAction","target":{"@type":"EntryPoint","urlTemplate":"https:\/\/kmblock.com\/pt-pt\/?s={search_term_string}"},"query-input":{"@type":"PropertyValueSpecification","valueRequired":true,"valueName":"search_term_string"}}],"inLanguage":"pt-PT"},{"@type":"Organization","@id":"https:\/\/kmblock.com\/pt-pt\/#organization","name":"Bloco KM","url":"https:\/\/kmblock.com\/pt-pt\/","logo":{"@type":"ImageObject","inLanguage":"pt-PT","@id":"https:\/\/kmblock.com\/pt-pt\/#\/schema\/logo\/image\/","url":"https:\/\/kmblock.com\/wp-content\/uploads\/2024\/08\/main-logo.png","contentUrl":"https:\/\/kmblock.com\/wp-content\/uploads\/2024\/08\/main-logo.png","width":186,"height":28,"caption":"Bloco KM"},"image":{"@id":"https:\/\/kmblock.com\/pt-pt\/#\/schema\/logo\/image\/"}}]}},"_links":{"self":[{"href":"https:\/\/kmblock.com\/pt-pt\/wp-json\/wp\/v2\/product\/11805","targetHints":{"allow":["GET"]}}],"collection":[{"href":"https:\/\/kmblock.com\/pt-pt\/wp-json\/wp\/v2\/product"}],"about":[{"href":"https:\/\/kmblock.com\/pt-pt\/wp-json\/wp\/v2\/types\/product"}],"replies":[{"embeddable":true,"href":"https:\/\/kmblock.com\/pt-pt\/wp-json\/wp\/v2\/comments?post=11805"}],"wp:featuredmedia":[{"embeddable":true,"href":"https:\/\/kmblock.com\/pt-pt\/wp-json\/wp\/v2\/media\/2645"}],"wp:attachment":[{"href":"https:\/\/kmblock.com\/pt-pt\/wp-json\/wp\/v2\/media?parent=11805"}],"wp:term":[{"taxonomy":"product_brand","embeddable":true,"href":"https:\/\/kmblock.com\/pt-pt\/wp-json\/wp\/v2\/product_brand?post=11805"},{"taxonomy":"product_cat","embeddable":true,"href":"https:\/\/kmblock.com\/pt-pt\/wp-json\/wp\/v2\/product_cat?post=11805"},{"taxonomy":"product_tag","embeddable":true,"href":"https:\/\/kmblock.com\/pt-pt\/wp-json\/wp\/v2\/product_tag?post=11805"}],"curies":[{"name":"wp","href":"https:\/\/api.w.org\/{rel}","templated":true}]}}