{"id":11685,"date":"2024-09-25T11:15:06","date_gmt":"2024-09-25T11:15:06","guid":{"rendered":"https:\/\/kmblock.com\/product\/volkswagen-teramont-x\/"},"modified":"2024-09-25T11:15:06","modified_gmt":"2024-09-25T11:15:06","slug":"volkswagen-teramont-x","status":"publish","type":"product","link":"https:\/\/kmblock.com\/pt-pt\/product\/volkswagen-teramont-x\/","title":{"rendered":"Volkswagen Teramont \/ X"},"content":{"rendered":"<div class=\"flex max-w-full flex-col flex-grow\">\n<div class=\"min-h-[20px] text-message flex w-full flex-col items-end gap-2 whitespace-normal break-words [.text-message+&amp;]:mt-5\" dir=\"auto\" data-message-author-role=\"assistant\" data-message-id=\"d6917fa6-327f-426b-8c95-0356a88e4710\">\n<div class=\"flex w-full flex-col gap-1 empty:hidden first:pt-[3px]\">\n<div class=\"markdown prose w-full break-words dark:prose-invert dark\">\n<div class=\"flex-1 overflow-hidden\">\n<div class=\"h-full\">\n<div class=\"react-scroll-to-bottom--css-igras-79elbk h-full\">\n<div class=\"react-scroll-to-bottom--css-igras-1n7m0yu\">\n<div class=\"flex flex-col text-sm md:pb-9\">\n<article class=\"w-full text-token-text-primary focus-visible:outline-2 focus-visible:outline-offset-[-4px]\" dir=\"auto\" data-testid=\"conversation-turn-39\" data-scroll-anchor=\"true\">\n<div class=\"text-base py-[18px] px-3 md:px-4 m-auto w-full md:px-5 lg:px-4 xl:px-5\">\n<div class=\"mx-auto flex flex-1 gap-4 text-base md:gap-5 lg:gap-6 md:max-w-3xl lg:max-w-[40rem] xl:max-w-[48rem]\">\n<div class=\"group\/conversation-turn relative flex w-full min-w-0 flex-col agent-turn\">\n<div class=\"flex-col gap-1 md:gap-3\">\n<div class=\"flex max-w-full flex-col flex-grow\">\n<div class=\"min-h-8 text-message flex w-full flex-col items-end gap-2 whitespace-normal break-words [.text-message+&amp;]:mt-5\" dir=\"auto\" data-message-author-role=\"assistant\" data-message-id=\"94262946-86db-408d-bd5a-d72f16e1950f\">\n<div class=\"flex w-full flex-col gap-1 empty:hidden first:pt-[3px]\">\n<div class=\"markdown prose w-full break-words dark:prose-invert dark\">\n<h3>BLOQUEADOR DE QUIL\u00d3METROS PARA VOLKSWAGEN TERAMONT \/ X<\/h3>\n<p>O <strong>Bloqueador de Quil\u00f3metros Volkswagen Teramont \/ X<\/strong>, tamb\u00e9m conhecido como Bloqueador de Od\u00f3metro, Bloqueador de Od\u00f3metro, Bloqueador de Lata, Bloqueador de Quil\u00f3metros, Od\u00f3metro de Viagem ou Filtro de Lata, foi concebido para os <strong>modelos Volkswagen Teramont \/ X lan\u00e7ados desde 2016<\/strong>.<\/p>\n<h4>ESPECIFICA\u00c7\u00d5ES:<\/h4>\n<ul>\n<li><strong>Instala\u00e7\u00e3o &#8221;fa\u00e7a voc\u00ea mesmo&#8221; (DIY)<\/strong> &#8211; N\u00e3o necessita de ajuda profissional.<\/li>\n<li>N\u00e3o <strong>deixa vest\u00edgios<\/strong> &#8211; N\u00e3o \u00e9 necess\u00e1rio soldar ou cortar cabos.<\/li>\n<li><strong>V\u00e1rios modos<\/strong> &#8211; Alterna entre v\u00e1rios modos para diferentes funcionalidades.<\/li>\n<li><strong>Conectores com face de encaixe e estriados<\/strong> &#8211; Assegura um processo de instala\u00e7\u00e3o suave.<\/li>\n<li><strong>Fichas de qualidade superior<\/strong> e <strong>cabos resistentes ao calor<\/strong> &#8211; Concebidos para durar.<\/li>\n<li><strong>N\u00e3o \u00e9 necess\u00e1rio abrir as UEC<\/strong> &#8211; Funcionalidade &#8221;plug-and-play&#8221;.<\/li>\n<li><strong>Combina\u00e7\u00f5es de teclas<\/strong> para uma utiliza\u00e7\u00e3o f\u00e1cil.<\/li>\n<li><strong>N\u00e3o h\u00e1 aumento espont\u00e2neo<\/strong> da quilometragem &#8211; Ap\u00f3s a remo\u00e7\u00e3o do m\u00f3dulo, a quilometragem mant\u00e9m-se constante.<\/li>\n<li><strong>N\u00e3o pode ser detectado por ferramentas de diagn\u00f3stico<\/strong> &#8211; A altera\u00e7\u00e3o da quilometragem passa despercebida.<\/li>\n<li><strong>As defini\u00e7\u00f5es s\u00e3o guardadas<\/strong> incondicionalmente para utiliza\u00e7\u00e3o futura.<\/li>\n<li><strong>Desempenho impec\u00e1vel do veloc\u00edmetro e dos sistemas de assist\u00eancia<\/strong>.<\/li>\n<li><strong>N\u00e3o h\u00e1 mensagens de erro<\/strong> no veloc\u00edmetro ou no painel de navega\u00e7\u00e3o.<\/li>\n<li><strong>A luz de controlo do motor pode aparecer<\/strong> nos ve\u00edculos a partir do final de 2020 quando activada.<\/li>\n<li><strong>Desvio de 1%<\/strong> para os modos que alteram totalmente a quilometragem.<\/li>\n<\/ul>\n<h4>ACTIVA\u00c7\u00c3O E DESACTIVA\u00c7\u00c3O:<\/h4>\n<p><span data-sheets-root=\"1\">Com o comando &#8221;ok&#8221; no volante, mant\u00e9m premido at\u00e9 que o pisca-pisca pisque.<\/span><\/p>\n<p><strong>Modo 1:<\/strong> 1 intermit\u00eancia \u00e0 esquerda 18 por cento (Tudo funciona, velocidade de cruzeiro, etc.)<\/p>\n<p><strong>Modo 2:<\/strong> 2 intermit\u00eancias \u00e0 esquerda 0 por cento (sem velocidade, sem indicador de combust\u00edvel)<\/p>\n<p><strong>Modo 3:<\/strong> 1 intermit\u00eancia \u00e0 direita 100 por cento (original)&#8221;<\/p>\n<p>O <strong>Volkswagen Teramont \/ X Kilometer Stopper<\/strong> memoriza sempre as \u00faltimas configura\u00e7\u00f5es aplicadas, o que significa que n\u00e3o \u00e9 necess\u00e1rio reconfigurar o sistema cada vez que ligas o ve\u00edculo.<\/p>\n<hr>\n<h3>O que \u00e9 o bloqueador de quil\u00f3metros Volkswagen Teramont \/ X?<\/h3>\n<p>O <strong>Bloqueador de Quilometragem\/Od\u00f4metro Volkswagen Teramont \/ X<\/strong> foi desenvolvido para impedir que o ve\u00edculo registre a quilometragem durante os testes de desempenho. Na KM Block, podes adquirir um m\u00f3dulo com componentes de alta qualidade, garantindo um desempenho sem falhas. Este m\u00f3dulo funciona quer o teu ve\u00edculo conte a quilometragem em milhas ou em quil\u00f3metros.  <\/p>\n<p>N\u00e3o vendemos <strong>ferramentas de corre\u00e7\u00e3o de quilometragem<\/strong>, que s\u00e3o normalmente utilizadas para fins fraudulentos para reverter ou remover leituras de conta-quil\u00f3metros. Estas ferramentas n\u00e3o revertem completamente a quilometragem registada noutras unidades de armazenamento de dados. <\/p>\n<p>O nosso <strong>bloqueador de quil\u00f3metros<\/strong> pode ser utilizado em <strong>autom\u00f3veis a gas\u00f3leo, a gasolina, ve\u00edculos h\u00edbridos el\u00e9ctricos de Plug-in (PHEV) e autom\u00f3veis el\u00e9ctricos<\/strong>. O processo de instala\u00e7\u00e3o \u00e9 simples e n\u00e3o requer conhecimentos especializados &#8211; basta ligar o dispositivo entre o veloc\u00edmetro e o painel de instrumentos. <\/p>\n<p>O <strong>bloqueador de quil\u00f3metros Volkswagen Teramont \/ X<\/strong> \u00e9 uma ferramenta fi\u00e1vel para testes de desempenho, proporcionando controlo e precis\u00e3o num ambiente seguro.<\/p>\n<\/div>\n<\/div>\n<\/div>\n<\/div>\n<\/div>\n<\/div>\n<\/div>\n<\/div>\n<\/article>\n<\/div>\n<\/div>\n<\/div>\n<\/div>\n<\/div>\n<\/div>\n<\/div>\n<\/div>\n<\/div>\n","protected":false},"excerpt":{"rendered":"<div class=\"flex-shrink-0 flex flex-col relative items-end\">\n<div class=\"pt-0\">\n<div class=\"gizmo-bot-avatar flex h-8 w-8 items-center justify-center overflow-hidden rounded-full\">\n<div class=\"relative p-1 rounded-sm flex items-center justify-center bg-token-main-surface-primary text-token-text-primary h-8 w-8\">\n<p>Antes de encomendar, rev\u00ea cuidadosamente o processo de ativa\u00e7\u00e3o do m\u00f3dulo e as notas importantes sobre potenciais mensagens de erro e<\/p>\n<div class=\"flex-shrink-0 flex flex-col relative items-end\">\n<div class=\"pt-0\">\n<div class=\"gizmo-bot-avatar flex h-8 w-8 items-center justify-center overflow-hidden rounded-full\">\n<div class=\"relative p-1 rounded-sm flex items-center justify-center bg-token-main-surface-primary text-token-text-primary h-8 w-8\">\n<p><strong>PARA OS MODELOS LAN\u00c7ADOS DESDE 2016.  <\/strong>Monta facilmente sem ajuda profissional. N\u00e3o deixa vest\u00edgios ap\u00f3s a remo\u00e7\u00e3o. Constru\u00eddo para uma durabilidade duradoura. N\u00e3o interfere com os sistemas principais do ve\u00edculo.   <\/p>\n<p class=\"p1\"><b> Integra\u00e7\u00e3o perfeita<\/b><b><\/b><\/p>\n<p class=\"p1\"><b> Instala\u00e7\u00e3o f\u00e1cil<\/b><b><\/b><\/p>\n<p class=\"p1\"><b> Gest\u00e3o exacta da quilometragem<\/b><b><\/b><\/p>\n<p class=\"p1\"><b> Funcionamento em modo furtivo<\/b><b><\/b><\/p>\n<p class=\"p1\"><span class=\"s1\">\u2705<\/span><b> Suporte e actualiza\u00e7\u00f5es vital\u00edcias<\/b><\/p>\n<\/div>\n<\/div>\n<\/div>\n<\/div>\n<\/div>\n<\/div>\n<\/div>\n<\/div>\n","protected":false},"featured_media":960,"comment_status":"open","ping_status":"closed","template":"","meta":[],"product_brand":[],"product_cat":[1088],"product_tag":[],"class_list":{"0":"post-11685","1":"product","2":"type-product","3":"status-publish","4":"has-post-thumbnail","6":"product_cat-volkswagen","8":"first","9":"instock","10":"taxable","11":"shipping-taxable","12":"purchasable","13":"product-type-variable"},"yoast_head":"<!-- This site is optimized with the Yoast SEO plugin v27.5 - https:\/\/yoast.com\/product\/yoast-seo-wordpress\/ -->\n<title>Volkswagen Teramont \/ X Mileage Blocker (KM stopper) \u2192 KM Block<\/title>\n<meta name=\"description\" content=\"Buy a Volkswagen Teramont \/ X Mileage Blocker for the Best Prices \u2713 Free Shipping \u2713 Incl. Installation Guides\" \/>\n<meta name=\"robots\" content=\"index, follow, max-snippet:-1, max-image-preview:large, max-video-preview:-1\" \/>\n<meta property=\"og:locale\" content=\"pt_PT\" \/>\n<meta property=\"og:type\" content=\"article\" \/>\n<meta property=\"og:title\" content=\"Volkswagen Teramont \/ X Mileage Blocker (KM stopper) \u2192 KM Block\" \/>\n<meta property=\"og:description\" content=\"Buy a Volkswagen Teramont \/ X Mileage Blocker for the Best Prices \u2713 Free Shipping \u2713 Incl. Installation Guides\" \/>\n<meta property=\"og:url\" content=\"https:\/\/kmblock.com\/pt-pt\/product\/volkswagen-teramont-x\/\" \/>\n<meta property=\"og:site_name\" content=\"KM Block\" \/>\n<meta property=\"og:image\" content=\"https:\/\/kmblock.com\/wp-content\/uploads\/2024\/09\/Volkswagen-Teramont-X.jpg\" \/>\n\t<meta property=\"og:image:width\" content=\"800\" \/>\n\t<meta property=\"og:image:height\" content=\"800\" \/>\n\t<meta property=\"og:image:type\" content=\"image\/jpeg\" \/>\n<meta name=\"twitter:card\" content=\"summary_large_image\" \/>\n<meta name=\"twitter:label1\" content=\"Tempo estimado de leitura\" \/>\n\t<meta name=\"twitter:data1\" content=\"3 minutos\" \/>\n<script type=\"application\/ld+json\" class=\"yoast-schema-graph\">{\"@context\":\"https:\\\/\\\/schema.org\",\"@graph\":[{\"@type\":\"WebPage\",\"@id\":\"https:\\\/\\\/kmblock.com\\\/pt-pt\\\/product\\\/volkswagen-teramont-x\\\/\",\"url\":\"https:\\\/\\\/kmblock.com\\\/pt-pt\\\/product\\\/volkswagen-teramont-x\\\/\",\"name\":\"Volkswagen Teramont \\\/ X Mileage Blocker (KM stopper) \u2192 KM Block\",\"isPartOf\":{\"@id\":\"https:\\\/\\\/kmblock.com\\\/pt-pt\\\/#website\"},\"primaryImageOfPage\":{\"@id\":\"https:\\\/\\\/kmblock.com\\\/pt-pt\\\/product\\\/volkswagen-teramont-x\\\/#primaryimage\"},\"image\":{\"@id\":\"https:\\\/\\\/kmblock.com\\\/pt-pt\\\/product\\\/volkswagen-teramont-x\\\/#primaryimage\"},\"thumbnailUrl\":\"https:\\\/\\\/kmblock.com\\\/wp-content\\\/uploads\\\/2024\\\/09\\\/Volkswagen-Teramont-X.jpg\",\"datePublished\":\"2024-09-25T11:15:06+00:00\",\"description\":\"Buy a Volkswagen Teramont \\\/ X Mileage Blocker for the Best Prices \u2713 Free Shipping \u2713 Incl. Installation Guides\",\"breadcrumb\":{\"@id\":\"https:\\\/\\\/kmblock.com\\\/pt-pt\\\/product\\\/volkswagen-teramont-x\\\/#breadcrumb\"},\"inLanguage\":\"pt-PT\",\"potentialAction\":[{\"@type\":\"ReadAction\",\"target\":[\"https:\\\/\\\/kmblock.com\\\/pt-pt\\\/product\\\/volkswagen-teramont-x\\\/\"]}]},{\"@type\":\"ImageObject\",\"inLanguage\":\"pt-PT\",\"@id\":\"https:\\\/\\\/kmblock.com\\\/pt-pt\\\/product\\\/volkswagen-teramont-x\\\/#primaryimage\",\"url\":\"https:\\\/\\\/kmblock.com\\\/wp-content\\\/uploads\\\/2024\\\/09\\\/Volkswagen-Teramont-X.jpg\",\"contentUrl\":\"https:\\\/\\\/kmblock.com\\\/wp-content\\\/uploads\\\/2024\\\/09\\\/Volkswagen-Teramont-X.jpg\",\"width\":800,\"height\":800,\"caption\":\"Volkswagen Teramont \\\/ X\"},{\"@type\":\"BreadcrumbList\",\"@id\":\"https:\\\/\\\/kmblock.com\\\/pt-pt\\\/product\\\/volkswagen-teramont-x\\\/#breadcrumb\",\"itemListElement\":[{\"@type\":\"ListItem\",\"position\":1,\"name\":\"Casa\",\"item\":\"https:\\\/\\\/kmblock.com\\\/pt-pt\\\/\"},{\"@type\":\"ListItem\",\"position\":2,\"name\":\"Produtos\",\"item\":\"https:\\\/\\\/kmblock.com\\\/pt-pt\\\/shop\\\/\"},{\"@type\":\"ListItem\",\"position\":3,\"name\":\"Volkswagen Teramont \\\/ X\"}]},{\"@type\":\"WebSite\",\"@id\":\"https:\\\/\\\/kmblock.com\\\/pt-pt\\\/#website\",\"url\":\"https:\\\/\\\/kmblock.com\\\/pt-pt\\\/\",\"name\":\"KM Block\",\"description\":\"\",\"publisher\":{\"@id\":\"https:\\\/\\\/kmblock.com\\\/pt-pt\\\/#organization\"},\"potentialAction\":[{\"@type\":\"SearchAction\",\"target\":{\"@type\":\"EntryPoint\",\"urlTemplate\":\"https:\\\/\\\/kmblock.com\\\/pt-pt\\\/?s={search_term_string}\"},\"query-input\":{\"@type\":\"PropertyValueSpecification\",\"valueRequired\":true,\"valueName\":\"search_term_string\"}}],\"inLanguage\":\"pt-PT\"},{\"@type\":\"Organization\",\"@id\":\"https:\\\/\\\/kmblock.com\\\/pt-pt\\\/#organization\",\"name\":\"Bloco KM\",\"url\":\"https:\\\/\\\/kmblock.com\\\/pt-pt\\\/\",\"logo\":{\"@type\":\"ImageObject\",\"inLanguage\":\"pt-PT\",\"@id\":\"https:\\\/\\\/kmblock.com\\\/pt-pt\\\/#\\\/schema\\\/logo\\\/image\\\/\",\"url\":\"https:\\\/\\\/kmblock.com\\\/wp-content\\\/uploads\\\/2024\\\/08\\\/main-logo.png\",\"contentUrl\":\"https:\\\/\\\/kmblock.com\\\/wp-content\\\/uploads\\\/2024\\\/08\\\/main-logo.png\",\"width\":186,\"height\":28,\"caption\":\"Bloco KM\"},\"image\":{\"@id\":\"https:\\\/\\\/kmblock.com\\\/pt-pt\\\/#\\\/schema\\\/logo\\\/image\\\/\"}}]}<\/script>\n<!-- \/ Yoast SEO plugin. -->","yoast_head_json":{"title":"Volkswagen Teramont \/ X Mileage Blocker (KM stopper) \u2192 KM Block","description":"Buy a Volkswagen Teramont \/ X Mileage Blocker for the Best Prices \u2713 Free Shipping \u2713 Incl. Installation Guides","robots":{"index":"index","follow":"follow","max-snippet":"max-snippet:-1","max-image-preview":"max-image-preview:large","max-video-preview":"max-video-preview:-1"},"og_locale":"pt_PT","og_type":"article","og_title":"Volkswagen Teramont \/ X Mileage Blocker (KM stopper) \u2192 KM Block","og_description":"Buy a Volkswagen Teramont \/ X Mileage Blocker for the Best Prices \u2713 Free Shipping \u2713 Incl. Installation Guides","og_url":"https:\/\/kmblock.com\/pt-pt\/product\/volkswagen-teramont-x\/","og_site_name":"KM Block","og_image":[{"width":800,"height":800,"url":"https:\/\/kmblock.com\/wp-content\/uploads\/2024\/09\/Volkswagen-Teramont-X.jpg","type":"image\/jpeg"}],"twitter_card":"summary_large_image","twitter_misc":{"Tempo estimado de leitura":"3 minutos"},"schema":{"@context":"https:\/\/schema.org","@graph":[{"@type":"WebPage","@id":"https:\/\/kmblock.com\/pt-pt\/product\/volkswagen-teramont-x\/","url":"https:\/\/kmblock.com\/pt-pt\/product\/volkswagen-teramont-x\/","name":"Volkswagen Teramont \/ X Mileage Blocker (KM stopper) \u2192 KM Block","isPartOf":{"@id":"https:\/\/kmblock.com\/pt-pt\/#website"},"primaryImageOfPage":{"@id":"https:\/\/kmblock.com\/pt-pt\/product\/volkswagen-teramont-x\/#primaryimage"},"image":{"@id":"https:\/\/kmblock.com\/pt-pt\/product\/volkswagen-teramont-x\/#primaryimage"},"thumbnailUrl":"https:\/\/kmblock.com\/wp-content\/uploads\/2024\/09\/Volkswagen-Teramont-X.jpg","datePublished":"2024-09-25T11:15:06+00:00","description":"Buy a Volkswagen Teramont \/ X Mileage Blocker for the Best Prices \u2713 Free Shipping \u2713 Incl. Installation Guides","breadcrumb":{"@id":"https:\/\/kmblock.com\/pt-pt\/product\/volkswagen-teramont-x\/#breadcrumb"},"inLanguage":"pt-PT","potentialAction":[{"@type":"ReadAction","target":["https:\/\/kmblock.com\/pt-pt\/product\/volkswagen-teramont-x\/"]}]},{"@type":"ImageObject","inLanguage":"pt-PT","@id":"https:\/\/kmblock.com\/pt-pt\/product\/volkswagen-teramont-x\/#primaryimage","url":"https:\/\/kmblock.com\/wp-content\/uploads\/2024\/09\/Volkswagen-Teramont-X.jpg","contentUrl":"https:\/\/kmblock.com\/wp-content\/uploads\/2024\/09\/Volkswagen-Teramont-X.jpg","width":800,"height":800,"caption":"Volkswagen Teramont \/ X"},{"@type":"BreadcrumbList","@id":"https:\/\/kmblock.com\/pt-pt\/product\/volkswagen-teramont-x\/#breadcrumb","itemListElement":[{"@type":"ListItem","position":1,"name":"Casa","item":"https:\/\/kmblock.com\/pt-pt\/"},{"@type":"ListItem","position":2,"name":"Produtos","item":"https:\/\/kmblock.com\/pt-pt\/shop\/"},{"@type":"ListItem","position":3,"name":"Volkswagen Teramont \/ X"}]},{"@type":"WebSite","@id":"https:\/\/kmblock.com\/pt-pt\/#website","url":"https:\/\/kmblock.com\/pt-pt\/","name":"KM Block","description":"","publisher":{"@id":"https:\/\/kmblock.com\/pt-pt\/#organization"},"potentialAction":[{"@type":"SearchAction","target":{"@type":"EntryPoint","urlTemplate":"https:\/\/kmblock.com\/pt-pt\/?s={search_term_string}"},"query-input":{"@type":"PropertyValueSpecification","valueRequired":true,"valueName":"search_term_string"}}],"inLanguage":"pt-PT"},{"@type":"Organization","@id":"https:\/\/kmblock.com\/pt-pt\/#organization","name":"Bloco KM","url":"https:\/\/kmblock.com\/pt-pt\/","logo":{"@type":"ImageObject","inLanguage":"pt-PT","@id":"https:\/\/kmblock.com\/pt-pt\/#\/schema\/logo\/image\/","url":"https:\/\/kmblock.com\/wp-content\/uploads\/2024\/08\/main-logo.png","contentUrl":"https:\/\/kmblock.com\/wp-content\/uploads\/2024\/08\/main-logo.png","width":186,"height":28,"caption":"Bloco KM"},"image":{"@id":"https:\/\/kmblock.com\/pt-pt\/#\/schema\/logo\/image\/"}}]}},"_links":{"self":[{"href":"https:\/\/kmblock.com\/pt-pt\/wp-json\/wp\/v2\/product\/11685","targetHints":{"allow":["GET"]}}],"collection":[{"href":"https:\/\/kmblock.com\/pt-pt\/wp-json\/wp\/v2\/product"}],"about":[{"href":"https:\/\/kmblock.com\/pt-pt\/wp-json\/wp\/v2\/types\/product"}],"replies":[{"embeddable":true,"href":"https:\/\/kmblock.com\/pt-pt\/wp-json\/wp\/v2\/comments?post=11685"}],"wp:featuredmedia":[{"embeddable":true,"href":"https:\/\/kmblock.com\/pt-pt\/wp-json\/wp\/v2\/media\/960"}],"wp:attachment":[{"href":"https:\/\/kmblock.com\/pt-pt\/wp-json\/wp\/v2\/media?parent=11685"}],"wp:term":[{"taxonomy":"product_brand","embeddable":true,"href":"https:\/\/kmblock.com\/pt-pt\/wp-json\/wp\/v2\/product_brand?post=11685"},{"taxonomy":"product_cat","embeddable":true,"href":"https:\/\/kmblock.com\/pt-pt\/wp-json\/wp\/v2\/product_cat?post=11685"},{"taxonomy":"product_tag","embeddable":true,"href":"https:\/\/kmblock.com\/pt-pt\/wp-json\/wp\/v2\/product_tag?post=11685"}],"curies":[{"name":"wp","href":"https:\/\/api.w.org\/{rel}","templated":true}]}}