{"id":11646,"date":"2024-09-25T00:22:35","date_gmt":"2024-09-25T00:22:35","guid":{"rendered":"https:\/\/kmblock.com\/product\/volkswagen-sharan-ii\/"},"modified":"2024-09-25T00:22:35","modified_gmt":"2024-09-25T00:22:35","slug":"volkswagen-sharan-ii","status":"publish","type":"product","link":"https:\/\/kmblock.com\/pt-pt\/product\/volkswagen-sharan-ii\/","title":{"rendered":"Volkswagen Sharan II"},"content":{"rendered":"<div class=\"flex max-w-full flex-col flex-grow\">\n<div class=\"min-h-[20px] text-message flex w-full flex-col items-end gap-2 whitespace-normal break-words [.text-message+&amp;]:mt-5\" dir=\"auto\" data-message-author-role=\"assistant\" data-message-id=\"d6917fa6-327f-426b-8c95-0356a88e4710\">\n<div class=\"flex w-full flex-col gap-1 empty:hidden first:pt-[3px]\">\n<div class=\"markdown prose w-full break-words dark:prose-invert dark\">\n<h3>Bloqueador de Quil\u00f3metros para Volkswagen Sharan II<\/h3>\n<p>O <strong>bloqueador de quil\u00f3metros do Volkswagen Sharan II<\/strong> \u00e9 por vezes referido como bloqueador de conta-quil\u00f3metros, limitador de conta-quil\u00f3metros, bloqueador CAN, limitador de quil\u00f3metros, conta-quil\u00f3metros de viagem, filtro CAN e, ocasionalmente, como ferramenta de corre\u00e7\u00e3o de quil\u00f3metros.<\/p>\n<p><strong>Este dispositivo \u00e9 compat\u00edvel com todos os modelos Volkswagen Sharan II lan\u00e7ados desde 2010.<\/strong><\/p>\n<hr>\n<h3>Especifica\u00e7\u00f5es:<\/h3>\n<ul>\n<li><strong>Instala\u00e7\u00e3o DIY (Do-it-yourself)<\/strong><\/li>\n<li>Opera\u00e7\u00e3o f\u00e1cil com v\u00e1rias combina\u00e7\u00f5es de teclas<\/li>\n<li>N\u00e3o deixa vest\u00edgios &#8211; n\u00e3o \u00e9 necess\u00e1rio soldar ou cortar cabos<\/li>\n<li>N\u00e3o h\u00e1 mensagens de erro no veloc\u00edmetro ou no painel de navega\u00e7\u00e3o<\/li>\n<li>Pode ser ligado e desligado durante a condu\u00e7\u00e3o<\/li>\n<li>Inclui fichas de qualidade superior e cabos resistentes ao calor<\/li>\n<li>V\u00e1rios modos dispon\u00edveis para personaliza\u00e7\u00e3o<\/li>\n<li>Ap\u00f3s a remo\u00e7\u00e3o, a quilometragem n\u00e3o aumenta espontaneamente<\/li>\n<li>As ferramentas de diagn\u00f3stico n\u00e3o conseguem detetar a quilometragem alterada pelo Volkswagen Sharan II Mileage Stopper<\/li>\n<li>As defini\u00e7\u00f5es s\u00e3o guardadas incondicionalmente ap\u00f3s serem selecionadas<\/li>\n<li><strong>O veloc\u00edmetro e os sistemas de assist\u00eancia s\u00e3o desactivados<\/strong> quando est\u00e3o a ser utilizados<\/li>\n<li>Instala\u00e7\u00e3o suave devido \u00e0 face de acoplamento e aos sulcos no conetor<\/li>\n<li>Nos modelos a partir do final de 2020, a ativa\u00e7\u00e3o do dispositivo pode acionar a luz de controlo do motor<\/li>\n<li>Permite um desvio de at\u00e9 1% na quilometragem para os modos que alteram totalmente a quilometragem. Os dados de quilometragem fornecidos s\u00e3o aproximados, sendo poss\u00edveis ligeiras varia\u00e7\u00f5es. <\/li>\n<\/ul>\n<hr>\n<h3>Ativa\u00e7\u00e3o e desativa\u00e7\u00e3o:<\/h3>\n<ul>\n<li>Pressiona <strong>o bot\u00e3o OK durante 10 segundos<\/strong> para mudar de modo<\/li>\n<li>As mudan\u00e7as de modo s\u00e3o indicadas por breves intermit\u00eancias das luzes indicadoras de mudan\u00e7a de dire\u00e7\u00e3o:\n<ul>\n<li><strong>Modo 1<\/strong>: 1 flash (50% da quilometragem registada; o indicador de velocidade indica meia velocidade, sistemas de assist\u00eancia desactivados)<\/li>\n<li><strong>Modo 2<\/strong>: 2 flashes (100% da quilometragem est\u00e1 parada)<\/li>\n<li><strong>Modo 3<\/strong>: 3 flashes (A quilometragem \u00e9 contada a 100%)<\/li>\n<\/ul>\n<\/li>\n<\/ul>\n<p>Uma vez aplicadas as defini\u00e7\u00f5es, o <strong>Volkswagen Sharan II Kilometer Stopper<\/strong> conserva-as para utiliza\u00e7\u00e3o futura, pelo que n\u00e3o \u00e9 necess\u00e1rio ajust\u00e1-las antes de voltar a ligar o ve\u00edculo. O dispositivo pode ser ativado ou desativado a qualquer momento, quer o ve\u00edculo esteja parado ou em movimento. <\/p>\n<hr>\n<h3>O que \u00e9 o bloqueador do conta-quil\u00f3metros ou a ferramenta de corre\u00e7\u00e3o da quilometragem do Volkswagen Sharan II?<\/h3>\n<p>O <strong>Bloqueador de Quil\u00f3metros\/Od\u00f3metro do Volkswagen Sharan II<\/strong> foi concebido para impedir o registo de quil\u00f3metros durante os testes de desempenho. Dispon\u00edvel atrav\u00e9s da <strong>KM Block<\/strong>, \u00e9 fabricado com componentes de alta qualidade. Funciona sem problemas tanto com as milhas como com os quil\u00f3metros (km) no conta-quil\u00f3metros, garantindo um funcionamento eficiente. O software \u00e9 escrito especificamente para cada marca e modelo de ve\u00edculo, garantindo um desempenho sem falhas.   <\/p>\n<p>O Mileage Blocker \u00e9 compat\u00edvel com autom\u00f3veis a gas\u00f3leo, a gasolina, ve\u00edculos h\u00edbridos el\u00e9ctricos plug-in (PHEV) e el\u00e9ctricos.<\/p>\n<p><strong>Nota:<\/strong> N\u00e3o vendemos ferramentas de corre\u00e7\u00e3o de quilometragem destinadas a fins fraudulentos. Estas ferramentas podem remover valores de quilometragem do conta-quil\u00f3metros, mas n\u00e3o s\u00e3o capazes de inverter completamente a quilometragem devido \u00e0s m\u00faltiplas unidades de armazenamento de dados nos ve\u00edculos modernos. <\/p>\n<hr>\n<p>O <strong>bloqueador de quil\u00f3metros Volkswagen Sharan II<\/strong> permite uma instala\u00e7\u00e3o f\u00e1cil, sem necessidade de conhecimentos aprofundados sobre a manuten\u00e7\u00e3o do ve\u00edculo. Liga-se entre o veloc\u00edmetro e o painel de instrumentos e \u00e9 operado utilizando combina\u00e7\u00f5es de teclas predefinidas para alternar entre modos. <\/p>\n<p>Este m\u00f3dulo \u00fanico pode ser ativado ou desativado a qualquer momento, mesmo durante a condu\u00e7\u00e3o, permitindo-te testar o desempenho do teu ve\u00edculo num ambiente controlado.<\/p>\n<\/div>\n<\/div>\n<\/div>\n<\/div>\n","protected":false},"excerpt":{"rendered":"<div class=\"flex-shrink-0 flex flex-col relative items-end\">\n<div class=\"pt-0\">\n<div class=\"gizmo-bot-avatar flex h-8 w-8 items-center justify-center overflow-hidden rounded-full\">\n<div class=\"relative p-1 rounded-sm flex items-center justify-center bg-token-main-surface-primary text-token-text-primary h-8 w-8\">\n<p>Antes de encomendar, rev\u00ea cuidadosamente o processo de ativa\u00e7\u00e3o do m\u00f3dulo e as notas importantes sobre potenciais mensagens de erro e<\/p>\n<div class=\"flex-shrink-0 flex flex-col relative items-end\">\n<div class=\"pt-0\">\n<div class=\"gizmo-bot-avatar flex h-8 w-8 items-center justify-center overflow-hidden rounded-full\">\n<div class=\"relative p-1 rounded-sm flex items-center justify-center bg-token-main-surface-primary text-token-text-primary h-8 w-8\">\n<p><strong>PARA OS MODELOS LAN\u00c7ADOS DESDE 2010.  <\/strong>O indicador de velocidade e os sistemas de assist\u00eancia n\u00e3o funcionam enquanto o dispositivo estiver ativo. Instala\u00e7\u00e3o &#8221;fa\u00e7a voc\u00ea mesmo&#8221; para facilitar a utiliza\u00e7\u00e3o. Pode ser ativado em movimento. As fichas de qualidade superior e os cabos resistentes ao calor garantem durabilidade e desempenho.   <\/p>\n<p class=\"p1\"><b> Integra\u00e7\u00e3o perfeita<\/b><b><\/b><\/p>\n<p class=\"p1\"><b> Instala\u00e7\u00e3o f\u00e1cil<\/b><b><\/b><\/p>\n<p class=\"p1\"><b> Gest\u00e3o exacta da quilometragem<\/b><b><\/b><\/p>\n<p class=\"p1\"><b> Funcionamento em modo furtivo<\/b><b><\/b><\/p>\n<p class=\"p1\"><span class=\"s1\">\u2705<\/span><b> Suporte e actualiza\u00e7\u00f5es vital\u00edcias<\/b><\/p>\n<\/div>\n<\/div>\n<\/div>\n<\/div>\n<\/div>\n<\/div>\n<\/div>\n<\/div>\n","protected":false},"featured_media":944,"comment_status":"open","ping_status":"closed","template":"","meta":[],"product_brand":[],"product_cat":[1088],"product_tag":[],"class_list":{"0":"post-11646","1":"product","2":"type-product","3":"status-publish","4":"has-post-thumbnail","6":"product_cat-volkswagen","8":"first","9":"instock","10":"taxable","11":"shipping-taxable","12":"purchasable","13":"product-type-variable"},"yoast_head":"<!-- This site is optimized with the Yoast SEO plugin v27.5 - https:\/\/yoast.com\/product\/yoast-seo-wordpress\/ -->\n<title>Volkswagen Sharan II Mileage Blocker (KM stopper) \u2192 KM Block<\/title>\n<meta name=\"description\" content=\"Buy a Volkswagen Sharan II Mileage Blocker for the Best Prices \u2713 Free Shipping \u2713 Incl. Installation Guides\" \/>\n<meta name=\"robots\" content=\"index, follow, max-snippet:-1, max-image-preview:large, max-video-preview:-1\" \/>\n<meta property=\"og:locale\" content=\"pt_PT\" \/>\n<meta property=\"og:type\" content=\"article\" \/>\n<meta property=\"og:title\" content=\"Volkswagen Sharan II Mileage Blocker (KM stopper) \u2192 KM Block\" \/>\n<meta property=\"og:description\" content=\"Buy a Volkswagen Sharan II Mileage Blocker for the Best Prices \u2713 Free Shipping \u2713 Incl. Installation Guides\" \/>\n<meta property=\"og:url\" content=\"https:\/\/kmblock.com\/pt-pt\/product\/volkswagen-sharan-ii\/\" \/>\n<meta property=\"og:site_name\" content=\"KM Block\" \/>\n<meta property=\"og:image\" content=\"https:\/\/kmblock.com\/wp-content\/uploads\/2024\/09\/Volkswagen-Sharan-II.jpg\" \/>\n\t<meta property=\"og:image:width\" content=\"800\" \/>\n\t<meta property=\"og:image:height\" content=\"800\" \/>\n\t<meta property=\"og:image:type\" content=\"image\/jpeg\" \/>\n<meta name=\"twitter:card\" content=\"summary_large_image\" \/>\n<meta name=\"twitter:label1\" content=\"Tempo estimado de leitura\" \/>\n\t<meta name=\"twitter:data1\" content=\"3 minutos\" \/>\n<script type=\"application\/ld+json\" class=\"yoast-schema-graph\">{\"@context\":\"https:\\\/\\\/schema.org\",\"@graph\":[{\"@type\":\"WebPage\",\"@id\":\"https:\\\/\\\/kmblock.com\\\/pt-pt\\\/product\\\/volkswagen-sharan-ii\\\/\",\"url\":\"https:\\\/\\\/kmblock.com\\\/pt-pt\\\/product\\\/volkswagen-sharan-ii\\\/\",\"name\":\"Volkswagen Sharan II Mileage Blocker (KM stopper) \u2192 KM Block\",\"isPartOf\":{\"@id\":\"https:\\\/\\\/kmblock.com\\\/pt-pt\\\/#website\"},\"primaryImageOfPage\":{\"@id\":\"https:\\\/\\\/kmblock.com\\\/pt-pt\\\/product\\\/volkswagen-sharan-ii\\\/#primaryimage\"},\"image\":{\"@id\":\"https:\\\/\\\/kmblock.com\\\/pt-pt\\\/product\\\/volkswagen-sharan-ii\\\/#primaryimage\"},\"thumbnailUrl\":\"https:\\\/\\\/kmblock.com\\\/wp-content\\\/uploads\\\/2024\\\/09\\\/Volkswagen-Sharan-II.jpg\",\"datePublished\":\"2024-09-25T00:22:35+00:00\",\"description\":\"Buy a Volkswagen Sharan II Mileage Blocker for the Best Prices \u2713 Free Shipping \u2713 Incl. Installation Guides\",\"breadcrumb\":{\"@id\":\"https:\\\/\\\/kmblock.com\\\/pt-pt\\\/product\\\/volkswagen-sharan-ii\\\/#breadcrumb\"},\"inLanguage\":\"pt-PT\",\"potentialAction\":[{\"@type\":\"ReadAction\",\"target\":[\"https:\\\/\\\/kmblock.com\\\/pt-pt\\\/product\\\/volkswagen-sharan-ii\\\/\"]}]},{\"@type\":\"ImageObject\",\"inLanguage\":\"pt-PT\",\"@id\":\"https:\\\/\\\/kmblock.com\\\/pt-pt\\\/product\\\/volkswagen-sharan-ii\\\/#primaryimage\",\"url\":\"https:\\\/\\\/kmblock.com\\\/wp-content\\\/uploads\\\/2024\\\/09\\\/Volkswagen-Sharan-II.jpg\",\"contentUrl\":\"https:\\\/\\\/kmblock.com\\\/wp-content\\\/uploads\\\/2024\\\/09\\\/Volkswagen-Sharan-II.jpg\",\"width\":800,\"height\":800,\"caption\":\"Volkswagen Sharan II\"},{\"@type\":\"BreadcrumbList\",\"@id\":\"https:\\\/\\\/kmblock.com\\\/pt-pt\\\/product\\\/volkswagen-sharan-ii\\\/#breadcrumb\",\"itemListElement\":[{\"@type\":\"ListItem\",\"position\":1,\"name\":\"Casa\",\"item\":\"https:\\\/\\\/kmblock.com\\\/pt-pt\\\/\"},{\"@type\":\"ListItem\",\"position\":2,\"name\":\"Produtos\",\"item\":\"https:\\\/\\\/kmblock.com\\\/pt-pt\\\/shop\\\/\"},{\"@type\":\"ListItem\",\"position\":3,\"name\":\"Volkswagen Sharan II\"}]},{\"@type\":\"WebSite\",\"@id\":\"https:\\\/\\\/kmblock.com\\\/pt-pt\\\/#website\",\"url\":\"https:\\\/\\\/kmblock.com\\\/pt-pt\\\/\",\"name\":\"KM Block\",\"description\":\"\",\"publisher\":{\"@id\":\"https:\\\/\\\/kmblock.com\\\/pt-pt\\\/#organization\"},\"potentialAction\":[{\"@type\":\"SearchAction\",\"target\":{\"@type\":\"EntryPoint\",\"urlTemplate\":\"https:\\\/\\\/kmblock.com\\\/pt-pt\\\/?s={search_term_string}\"},\"query-input\":{\"@type\":\"PropertyValueSpecification\",\"valueRequired\":true,\"valueName\":\"search_term_string\"}}],\"inLanguage\":\"pt-PT\"},{\"@type\":\"Organization\",\"@id\":\"https:\\\/\\\/kmblock.com\\\/pt-pt\\\/#organization\",\"name\":\"Bloco KM\",\"url\":\"https:\\\/\\\/kmblock.com\\\/pt-pt\\\/\",\"logo\":{\"@type\":\"ImageObject\",\"inLanguage\":\"pt-PT\",\"@id\":\"https:\\\/\\\/kmblock.com\\\/pt-pt\\\/#\\\/schema\\\/logo\\\/image\\\/\",\"url\":\"https:\\\/\\\/kmblock.com\\\/wp-content\\\/uploads\\\/2024\\\/08\\\/main-logo.png\",\"contentUrl\":\"https:\\\/\\\/kmblock.com\\\/wp-content\\\/uploads\\\/2024\\\/08\\\/main-logo.png\",\"width\":186,\"height\":28,\"caption\":\"Bloco KM\"},\"image\":{\"@id\":\"https:\\\/\\\/kmblock.com\\\/pt-pt\\\/#\\\/schema\\\/logo\\\/image\\\/\"}}]}<\/script>\n<!-- \/ Yoast SEO plugin. -->","yoast_head_json":{"title":"Volkswagen Sharan II Mileage Blocker (KM stopper) \u2192 KM Block","description":"Buy a Volkswagen Sharan II Mileage Blocker for the Best Prices \u2713 Free Shipping \u2713 Incl. Installation Guides","robots":{"index":"index","follow":"follow","max-snippet":"max-snippet:-1","max-image-preview":"max-image-preview:large","max-video-preview":"max-video-preview:-1"},"og_locale":"pt_PT","og_type":"article","og_title":"Volkswagen Sharan II Mileage Blocker (KM stopper) \u2192 KM Block","og_description":"Buy a Volkswagen Sharan II Mileage Blocker for the Best Prices \u2713 Free Shipping \u2713 Incl. Installation Guides","og_url":"https:\/\/kmblock.com\/pt-pt\/product\/volkswagen-sharan-ii\/","og_site_name":"KM Block","og_image":[{"width":800,"height":800,"url":"https:\/\/kmblock.com\/wp-content\/uploads\/2024\/09\/Volkswagen-Sharan-II.jpg","type":"image\/jpeg"}],"twitter_card":"summary_large_image","twitter_misc":{"Tempo estimado de leitura":"3 minutos"},"schema":{"@context":"https:\/\/schema.org","@graph":[{"@type":"WebPage","@id":"https:\/\/kmblock.com\/pt-pt\/product\/volkswagen-sharan-ii\/","url":"https:\/\/kmblock.com\/pt-pt\/product\/volkswagen-sharan-ii\/","name":"Volkswagen Sharan II Mileage Blocker (KM stopper) \u2192 KM Block","isPartOf":{"@id":"https:\/\/kmblock.com\/pt-pt\/#website"},"primaryImageOfPage":{"@id":"https:\/\/kmblock.com\/pt-pt\/product\/volkswagen-sharan-ii\/#primaryimage"},"image":{"@id":"https:\/\/kmblock.com\/pt-pt\/product\/volkswagen-sharan-ii\/#primaryimage"},"thumbnailUrl":"https:\/\/kmblock.com\/wp-content\/uploads\/2024\/09\/Volkswagen-Sharan-II.jpg","datePublished":"2024-09-25T00:22:35+00:00","description":"Buy a Volkswagen Sharan II Mileage Blocker for the Best Prices \u2713 Free Shipping \u2713 Incl. Installation Guides","breadcrumb":{"@id":"https:\/\/kmblock.com\/pt-pt\/product\/volkswagen-sharan-ii\/#breadcrumb"},"inLanguage":"pt-PT","potentialAction":[{"@type":"ReadAction","target":["https:\/\/kmblock.com\/pt-pt\/product\/volkswagen-sharan-ii\/"]}]},{"@type":"ImageObject","inLanguage":"pt-PT","@id":"https:\/\/kmblock.com\/pt-pt\/product\/volkswagen-sharan-ii\/#primaryimage","url":"https:\/\/kmblock.com\/wp-content\/uploads\/2024\/09\/Volkswagen-Sharan-II.jpg","contentUrl":"https:\/\/kmblock.com\/wp-content\/uploads\/2024\/09\/Volkswagen-Sharan-II.jpg","width":800,"height":800,"caption":"Volkswagen Sharan II"},{"@type":"BreadcrumbList","@id":"https:\/\/kmblock.com\/pt-pt\/product\/volkswagen-sharan-ii\/#breadcrumb","itemListElement":[{"@type":"ListItem","position":1,"name":"Casa","item":"https:\/\/kmblock.com\/pt-pt\/"},{"@type":"ListItem","position":2,"name":"Produtos","item":"https:\/\/kmblock.com\/pt-pt\/shop\/"},{"@type":"ListItem","position":3,"name":"Volkswagen Sharan II"}]},{"@type":"WebSite","@id":"https:\/\/kmblock.com\/pt-pt\/#website","url":"https:\/\/kmblock.com\/pt-pt\/","name":"KM Block","description":"","publisher":{"@id":"https:\/\/kmblock.com\/pt-pt\/#organization"},"potentialAction":[{"@type":"SearchAction","target":{"@type":"EntryPoint","urlTemplate":"https:\/\/kmblock.com\/pt-pt\/?s={search_term_string}"},"query-input":{"@type":"PropertyValueSpecification","valueRequired":true,"valueName":"search_term_string"}}],"inLanguage":"pt-PT"},{"@type":"Organization","@id":"https:\/\/kmblock.com\/pt-pt\/#organization","name":"Bloco KM","url":"https:\/\/kmblock.com\/pt-pt\/","logo":{"@type":"ImageObject","inLanguage":"pt-PT","@id":"https:\/\/kmblock.com\/pt-pt\/#\/schema\/logo\/image\/","url":"https:\/\/kmblock.com\/wp-content\/uploads\/2024\/08\/main-logo.png","contentUrl":"https:\/\/kmblock.com\/wp-content\/uploads\/2024\/08\/main-logo.png","width":186,"height":28,"caption":"Bloco KM"},"image":{"@id":"https:\/\/kmblock.com\/pt-pt\/#\/schema\/logo\/image\/"}}]}},"_links":{"self":[{"href":"https:\/\/kmblock.com\/pt-pt\/wp-json\/wp\/v2\/product\/11646","targetHints":{"allow":["GET"]}}],"collection":[{"href":"https:\/\/kmblock.com\/pt-pt\/wp-json\/wp\/v2\/product"}],"about":[{"href":"https:\/\/kmblock.com\/pt-pt\/wp-json\/wp\/v2\/types\/product"}],"replies":[{"embeddable":true,"href":"https:\/\/kmblock.com\/pt-pt\/wp-json\/wp\/v2\/comments?post=11646"}],"wp:featuredmedia":[{"embeddable":true,"href":"https:\/\/kmblock.com\/pt-pt\/wp-json\/wp\/v2\/media\/944"}],"wp:attachment":[{"href":"https:\/\/kmblock.com\/pt-pt\/wp-json\/wp\/v2\/media?parent=11646"}],"wp:term":[{"taxonomy":"product_brand","embeddable":true,"href":"https:\/\/kmblock.com\/pt-pt\/wp-json\/wp\/v2\/product_brand?post=11646"},{"taxonomy":"product_cat","embeddable":true,"href":"https:\/\/kmblock.com\/pt-pt\/wp-json\/wp\/v2\/product_cat?post=11646"},{"taxonomy":"product_tag","embeddable":true,"href":"https:\/\/kmblock.com\/pt-pt\/wp-json\/wp\/v2\/product_tag?post=11646"}],"curies":[{"name":"wp","href":"https:\/\/api.w.org\/{rel}","templated":true}]}}