{"id":11645,"date":"2024-09-25T10:59:04","date_gmt":"2024-09-25T10:59:04","guid":{"rendered":"https:\/\/kmblock.com\/product\/volkswagen-t6\/"},"modified":"2024-09-25T10:59:04","modified_gmt":"2024-09-25T10:59:04","slug":"volkswagen-t6","status":"publish","type":"product","link":"https:\/\/kmblock.com\/pt-pt\/product\/volkswagen-t6\/","title":{"rendered":"Volkswagen T6"},"content":{"rendered":"<div class=\"flex max-w-full flex-col flex-grow\">\n<div class=\"min-h-[20px] text-message flex w-full flex-col items-end gap-2 whitespace-normal break-words [.text-message+&amp;]:mt-5\" dir=\"auto\" data-message-author-role=\"assistant\" data-message-id=\"d6917fa6-327f-426b-8c95-0356a88e4710\">\n<div class=\"flex w-full flex-col gap-1 empty:hidden first:pt-[3px]\">\n<div class=\"markdown prose w-full break-words dark:prose-invert dark\">\n<div class=\"flex-1 overflow-hidden\">\n<div class=\"h-full\">\n<div class=\"react-scroll-to-bottom--css-igras-79elbk h-full\">\n<div class=\"react-scroll-to-bottom--css-igras-1n7m0yu\">\n<div class=\"flex flex-col text-sm md:pb-9\">\n<article class=\"w-full text-token-text-primary focus-visible:outline-2 focus-visible:outline-offset-[-4px]\" dir=\"auto\" data-testid=\"conversation-turn-39\" data-scroll-anchor=\"true\">\n<div class=\"text-base py-[18px] px-3 md:px-4 m-auto w-full md:px-5 lg:px-4 xl:px-5\">\n<div class=\"mx-auto flex flex-1 gap-4 text-base md:gap-5 lg:gap-6 md:max-w-3xl lg:max-w-[40rem] xl:max-w-[48rem]\">\n<div class=\"group\/conversation-turn relative flex w-full min-w-0 flex-col agent-turn\">\n<div class=\"flex-col gap-1 md:gap-3\">\n<div class=\"flex max-w-full flex-col flex-grow\">\n<div class=\"min-h-8 text-message flex w-full flex-col items-end gap-2 whitespace-normal break-words [.text-message+&amp;]:mt-5\" dir=\"auto\" data-message-author-role=\"assistant\" data-message-id=\"94262946-86db-408d-bd5a-d72f16e1950f\">\n<div class=\"flex w-full flex-col gap-1 empty:hidden first:pt-[3px]\">\n<div class=\"markdown prose w-full break-words dark:prose-invert dark\">\n<h3><strong>BLOQUEADOR DE QUIL\u00d3METROS PARA VOLKSWAGEN T6<\/strong><\/h3>\n<p>O <strong>bloqueador de quilometragem do Volkswagen T6<\/strong> \u00e9 vulgarmente designado por <strong>bloqueador de conta-quil\u00f3metros, batente de conta-quil\u00f3metros, bloqueador de latas, batente de quilometragem, conta-quil\u00f3metros de viagem, filtro de latas<\/strong> e, por vezes, <strong>ferramenta de corre\u00e7\u00e3o de quilometragem<\/strong>.<\/p>\n<p><strong>ESTE DISPOSITIVO \u00c9 ADEQUADO PARA TODOS OS MODELOS VOLKSWAGEN T6 LAN\u00c7ADOS ENTRE 2015-2019.<\/strong><\/p>\n<h3>ESPECIFICA\u00c7\u00d5ES:<\/h3>\n<ul>\n<li><strong>Instala\u00e7\u00e3o &#8221;fa\u00e7a voc\u00ea mesmo&#8221; (DIY)<\/strong><\/li>\n<li><strong>Opera\u00e7\u00e3o f\u00e1cil<\/strong> com v\u00e1rias combina\u00e7\u00f5es de teclas<\/li>\n<li>N\u00e3o <strong>deixa vest\u00edgios ap\u00f3s a remo\u00e7\u00e3o<\/strong> &#8211; n\u00e3o \u00e9 necess\u00e1rio soldar ou cortar os cabos<\/li>\n<li><strong>N\u00e3o s\u00e3o<\/strong> apresentadas <strong>mensagens de erro<\/strong> no veloc\u00edmetro ou no painel de navega\u00e7\u00e3o<\/li>\n<li>Pode ser ativado <strong>e desativado em movimento<\/strong><\/li>\n<li>Disp\u00f5e de <strong>v\u00e1rios modos<\/strong> de manipula\u00e7\u00e3o da quilometragem<\/li>\n<li><strong>Os aparelhos de diagn\u00f3stico<\/strong> n\u00e3o conseguem detetar a altera\u00e7\u00e3o da quilometragem<\/li>\n<li>As defini\u00e7\u00f5es s\u00e3o guardadas automaticamente depois de serem definidas uma vez<\/li>\n<li><strong>Fichas de qualidade superior<\/strong> e <strong>cabos resistentes ao calor<\/strong><\/li>\n<li><strong>A face de encaixe e os sulcos<\/strong> garantem um processo de instala\u00e7\u00e3o suave<\/li>\n<li><strong>Desvio at\u00e9 1%<\/strong> no modo de quilometragem totalmente parado; podem ocorrer pequenas diferen\u00e7as.<\/li>\n<\/ul>\n<h3>ACTIVA\u00c7\u00c3O E DESACTIVA\u00c7\u00c3O:<\/h3>\n<p><span data-sheets-root=\"1\">Com o comando &#8221;ok&#8221; no volante, mant\u00e9m premido at\u00e9 que o pisca-pisca pisque.<\/span><\/p>\n<p><strong>Modo 1<\/strong>: 1 intermit\u00eancia \u00e0 esquerda 18 por cento (tudo funciona, velocidade de cruzeiro, etc.)<\/p>\n<p><strong>Modo 2<\/strong>: 2 intermit\u00eancias \u00e0 esquerda 0 por cento (sem velocidade, sem indicador de combust\u00edvel)<\/p>\n<p><strong>Modo 3<\/strong>: 1 intermit\u00eancia \u00e0 direita 100 por cento (original)&#8221;<\/p>\n<p>O <strong>Volkswagen T6 Kilometer Stopper<\/strong> memoriza as \u00faltimas defini\u00e7\u00f5es aplicadas, para que n\u00e3o tenhas de as ajustar de cada vez que ligas o ve\u00edculo. O dispositivo pode ser ativado ou desativado durante a condu\u00e7\u00e3o ou quando est\u00e1s parado. <\/p>\n<h3>O QUE \u00c9 UM BLOQUEADOR DE CONTA-QUIL\u00d3METROS VOLKSWAGEN T6?<\/h3>\n<p>O <strong>Bloqueador de Quil\u00f3metros \/ Bloqueador de Od\u00f3metro do Volkswagen T6<\/strong> foi concebido para evitar a contagem de quil\u00f3metros desnecess\u00e1rios durante os testes de desempenho do ve\u00edculo. Na <strong>KM Block<\/strong>, o m\u00f3dulo \u00e9 fabricado com componentes de alta qualidade e funciona com od\u00f3metros que indicam tanto milhas como quil\u00f3metros (km). Nosso software \u00e9 feito sob medida para cada modelo de ve\u00edculo, garantindo um funcionamento impec\u00e1vel. O Mileage Blocker funciona perfeitamente com motores diesel-gasolina, ve\u00edculos h\u00edbridos el\u00e9tricos plug-in (PHEVs) e carros el\u00e9tricos.   <\/p>\n<p>\u00c9 essencial notar que <strong>as ferramentas de corre\u00e7\u00e3o de quilometragem<\/strong> para o <strong>Volkswagen T6<\/strong> n\u00e3o s\u00e3o vendidas por n\u00f3s, uma vez que se destinam a uma utiliza\u00e7\u00e3o ilegal, tal como a invers\u00e3o das leituras do conta-quil\u00f3metros. Estas ferramentas n\u00e3o podem reverter totalmente a quilometragem devido ao armazenamento de dados em v\u00e1rios sistemas. <\/p>\n<p>Os nossos <strong>dispositivos de travagem de quil\u00f3metros<\/strong> s\u00e3o simples de instalar em v\u00e1rios modelos. Liga-se ao veloc\u00edmetro e ao painel de instrumentos e n\u00e3o requer conhecimentos mec\u00e2nicos especiais. <\/p>\n<p>O <strong>bloqueador de quil\u00f3metros do Volkswagen T6<\/strong> \u00e9 perfeito para testar o desempenho do ve\u00edculo num ambiente controlado, com a flexibilidade de poder ser ativado ou desativado a qualquer momento.<\/p>\n<\/div>\n<\/div>\n<\/div>\n<\/div>\n<\/div>\n<\/div>\n<\/div>\n<\/div>\n<\/article>\n<\/div>\n<\/div>\n<\/div>\n<\/div>\n<\/div>\n<\/div>\n<\/div>\n<\/div>\n<\/div>\n","protected":false},"excerpt":{"rendered":"<div class=\"flex-shrink-0 flex flex-col relative items-end\">\n<div class=\"pt-0\">\n<div class=\"gizmo-bot-avatar flex h-8 w-8 items-center justify-center overflow-hidden rounded-full\">\n<div class=\"relative p-1 rounded-sm flex items-center justify-center bg-token-main-surface-primary text-token-text-primary h-8 w-8\">\n<p>Antes de encomendar, rev\u00ea cuidadosamente o processo de ativa\u00e7\u00e3o do m\u00f3dulo e as notas importantes sobre potenciais mensagens de erro e<\/p>\n<div class=\"flex-shrink-0 flex flex-col relative items-end\">\n<div class=\"pt-0\">\n<div class=\"gizmo-bot-avatar flex h-8 w-8 items-center justify-center overflow-hidden rounded-full\">\n<div class=\"relative p-1 rounded-sm flex items-center justify-center bg-token-main-surface-primary text-token-text-primary h-8 w-8\">\n<p><strong>PARA OS MODELOS LAN\u00c7ADOS ENTRE 2015-2019.  <\/strong>O indicador de velocidade e os sistemas de assist\u00eancia funcionam com base no modo selecionado. A instala\u00e7\u00e3o &#8221;fa\u00e7a voc\u00ea mesmo&#8221; permite uma configura\u00e7\u00e3o f\u00e1cil. Pode ser ativado em movimento. Inclui fichas de qualidade superior e cabos resistentes ao calor para maior durabilidade.   <\/p>\n<p class=\"p1\"><b> Integra\u00e7\u00e3o perfeita<\/b><b><\/b><\/p>\n<p class=\"p1\"><b> Instala\u00e7\u00e3o f\u00e1cil<\/b><b><\/b><\/p>\n<p class=\"p1\"><b> Gest\u00e3o exacta da quilometragem<\/b><b><\/b><\/p>\n<p class=\"p1\"><b> Funcionamento em modo furtivo<\/b><b><\/b><\/p>\n<p class=\"p1\"><span class=\"s1\">\u2705<\/span><b> Suporte e actualiza\u00e7\u00f5es vital\u00edcias<\/b><\/p>\n<\/div>\n<\/div>\n<\/div>\n<\/div>\n<\/div>\n<\/div>\n<\/div>\n<\/div>\n","protected":false},"featured_media":954,"comment_status":"open","ping_status":"closed","template":"","meta":[],"product_brand":[],"product_cat":[1088],"product_tag":[],"class_list":{"0":"post-11645","1":"product","2":"type-product","3":"status-publish","4":"has-post-thumbnail","6":"product_cat-volkswagen","8":"first","9":"instock","10":"taxable","11":"shipping-taxable","12":"purchasable","13":"product-type-variable"},"yoast_head":"<!-- This site is optimized with the Yoast SEO plugin v27.5 - https:\/\/yoast.com\/product\/yoast-seo-wordpress\/ -->\n<title>Volkswagen T6 Mileage Blocker (KM stopper) \u2192 KM Block<\/title>\n<meta name=\"description\" content=\"Buy a Volkswagen T6 Mileage Blocker for the Best Prices \u2713 Free Shipping \u2713 Incl. Installation Guides\" \/>\n<meta name=\"robots\" content=\"index, follow, max-snippet:-1, max-image-preview:large, max-video-preview:-1\" \/>\n<meta property=\"og:locale\" content=\"pt_PT\" \/>\n<meta property=\"og:type\" content=\"article\" \/>\n<meta property=\"og:title\" content=\"Volkswagen T6 Mileage Blocker (KM stopper) \u2192 KM Block\" \/>\n<meta property=\"og:description\" content=\"Buy a Volkswagen T6 Mileage Blocker for the Best Prices \u2713 Free Shipping \u2713 Incl. Installation Guides\" \/>\n<meta property=\"og:url\" content=\"https:\/\/kmblock.com\/pt-pt\/product\/volkswagen-t6\/\" \/>\n<meta property=\"og:site_name\" content=\"KM Block\" \/>\n<meta property=\"og:image\" content=\"https:\/\/kmblock.com\/wp-content\/uploads\/2024\/09\/Volkswagen-T6.jpg\" \/>\n\t<meta property=\"og:image:width\" content=\"800\" \/>\n\t<meta property=\"og:image:height\" content=\"800\" \/>\n\t<meta property=\"og:image:type\" content=\"image\/jpeg\" \/>\n<meta name=\"twitter:card\" content=\"summary_large_image\" \/>\n<meta name=\"twitter:label1\" content=\"Tempo estimado de leitura\" \/>\n\t<meta name=\"twitter:data1\" content=\"3 minutos\" \/>\n<script type=\"application\/ld+json\" class=\"yoast-schema-graph\">{\"@context\":\"https:\\\/\\\/schema.org\",\"@graph\":[{\"@type\":\"WebPage\",\"@id\":\"https:\\\/\\\/kmblock.com\\\/pt-pt\\\/product\\\/volkswagen-t6\\\/\",\"url\":\"https:\\\/\\\/kmblock.com\\\/pt-pt\\\/product\\\/volkswagen-t6\\\/\",\"name\":\"Volkswagen T6 Mileage Blocker (KM stopper) \u2192 KM Block\",\"isPartOf\":{\"@id\":\"https:\\\/\\\/kmblock.com\\\/pt-pt\\\/#website\"},\"primaryImageOfPage\":{\"@id\":\"https:\\\/\\\/kmblock.com\\\/pt-pt\\\/product\\\/volkswagen-t6\\\/#primaryimage\"},\"image\":{\"@id\":\"https:\\\/\\\/kmblock.com\\\/pt-pt\\\/product\\\/volkswagen-t6\\\/#primaryimage\"},\"thumbnailUrl\":\"https:\\\/\\\/kmblock.com\\\/wp-content\\\/uploads\\\/2024\\\/09\\\/Volkswagen-T6.jpg\",\"datePublished\":\"2024-09-25T10:59:04+00:00\",\"description\":\"Buy a Volkswagen T6 Mileage Blocker for the Best Prices \u2713 Free Shipping \u2713 Incl. Installation Guides\",\"breadcrumb\":{\"@id\":\"https:\\\/\\\/kmblock.com\\\/pt-pt\\\/product\\\/volkswagen-t6\\\/#breadcrumb\"},\"inLanguage\":\"pt-PT\",\"potentialAction\":[{\"@type\":\"ReadAction\",\"target\":[\"https:\\\/\\\/kmblock.com\\\/pt-pt\\\/product\\\/volkswagen-t6\\\/\"]}]},{\"@type\":\"ImageObject\",\"inLanguage\":\"pt-PT\",\"@id\":\"https:\\\/\\\/kmblock.com\\\/pt-pt\\\/product\\\/volkswagen-t6\\\/#primaryimage\",\"url\":\"https:\\\/\\\/kmblock.com\\\/wp-content\\\/uploads\\\/2024\\\/09\\\/Volkswagen-T6.jpg\",\"contentUrl\":\"https:\\\/\\\/kmblock.com\\\/wp-content\\\/uploads\\\/2024\\\/09\\\/Volkswagen-T6.jpg\",\"width\":800,\"height\":800,\"caption\":\"Volkswagen T6\"},{\"@type\":\"BreadcrumbList\",\"@id\":\"https:\\\/\\\/kmblock.com\\\/pt-pt\\\/product\\\/volkswagen-t6\\\/#breadcrumb\",\"itemListElement\":[{\"@type\":\"ListItem\",\"position\":1,\"name\":\"Casa\",\"item\":\"https:\\\/\\\/kmblock.com\\\/pt-pt\\\/\"},{\"@type\":\"ListItem\",\"position\":2,\"name\":\"Produtos\",\"item\":\"https:\\\/\\\/kmblock.com\\\/pt-pt\\\/shop\\\/\"},{\"@type\":\"ListItem\",\"position\":3,\"name\":\"Volkswagen T6\"}]},{\"@type\":\"WebSite\",\"@id\":\"https:\\\/\\\/kmblock.com\\\/pt-pt\\\/#website\",\"url\":\"https:\\\/\\\/kmblock.com\\\/pt-pt\\\/\",\"name\":\"KM Block\",\"description\":\"\",\"publisher\":{\"@id\":\"https:\\\/\\\/kmblock.com\\\/pt-pt\\\/#organization\"},\"potentialAction\":[{\"@type\":\"SearchAction\",\"target\":{\"@type\":\"EntryPoint\",\"urlTemplate\":\"https:\\\/\\\/kmblock.com\\\/pt-pt\\\/?s={search_term_string}\"},\"query-input\":{\"@type\":\"PropertyValueSpecification\",\"valueRequired\":true,\"valueName\":\"search_term_string\"}}],\"inLanguage\":\"pt-PT\"},{\"@type\":\"Organization\",\"@id\":\"https:\\\/\\\/kmblock.com\\\/pt-pt\\\/#organization\",\"name\":\"Bloco KM\",\"url\":\"https:\\\/\\\/kmblock.com\\\/pt-pt\\\/\",\"logo\":{\"@type\":\"ImageObject\",\"inLanguage\":\"pt-PT\",\"@id\":\"https:\\\/\\\/kmblock.com\\\/pt-pt\\\/#\\\/schema\\\/logo\\\/image\\\/\",\"url\":\"https:\\\/\\\/kmblock.com\\\/wp-content\\\/uploads\\\/2024\\\/08\\\/main-logo.png\",\"contentUrl\":\"https:\\\/\\\/kmblock.com\\\/wp-content\\\/uploads\\\/2024\\\/08\\\/main-logo.png\",\"width\":186,\"height\":28,\"caption\":\"Bloco KM\"},\"image\":{\"@id\":\"https:\\\/\\\/kmblock.com\\\/pt-pt\\\/#\\\/schema\\\/logo\\\/image\\\/\"}}]}<\/script>\n<!-- \/ Yoast SEO plugin. -->","yoast_head_json":{"title":"Volkswagen T6 Mileage Blocker (KM stopper) \u2192 KM Block","description":"Buy a Volkswagen T6 Mileage Blocker for the Best Prices \u2713 Free Shipping \u2713 Incl. Installation Guides","robots":{"index":"index","follow":"follow","max-snippet":"max-snippet:-1","max-image-preview":"max-image-preview:large","max-video-preview":"max-video-preview:-1"},"og_locale":"pt_PT","og_type":"article","og_title":"Volkswagen T6 Mileage Blocker (KM stopper) \u2192 KM Block","og_description":"Buy a Volkswagen T6 Mileage Blocker for the Best Prices \u2713 Free Shipping \u2713 Incl. Installation Guides","og_url":"https:\/\/kmblock.com\/pt-pt\/product\/volkswagen-t6\/","og_site_name":"KM Block","og_image":[{"width":800,"height":800,"url":"https:\/\/kmblock.com\/wp-content\/uploads\/2024\/09\/Volkswagen-T6.jpg","type":"image\/jpeg"}],"twitter_card":"summary_large_image","twitter_misc":{"Tempo estimado de leitura":"3 minutos"},"schema":{"@context":"https:\/\/schema.org","@graph":[{"@type":"WebPage","@id":"https:\/\/kmblock.com\/pt-pt\/product\/volkswagen-t6\/","url":"https:\/\/kmblock.com\/pt-pt\/product\/volkswagen-t6\/","name":"Volkswagen T6 Mileage Blocker (KM stopper) \u2192 KM Block","isPartOf":{"@id":"https:\/\/kmblock.com\/pt-pt\/#website"},"primaryImageOfPage":{"@id":"https:\/\/kmblock.com\/pt-pt\/product\/volkswagen-t6\/#primaryimage"},"image":{"@id":"https:\/\/kmblock.com\/pt-pt\/product\/volkswagen-t6\/#primaryimage"},"thumbnailUrl":"https:\/\/kmblock.com\/wp-content\/uploads\/2024\/09\/Volkswagen-T6.jpg","datePublished":"2024-09-25T10:59:04+00:00","description":"Buy a Volkswagen T6 Mileage Blocker for the Best Prices \u2713 Free Shipping \u2713 Incl. Installation Guides","breadcrumb":{"@id":"https:\/\/kmblock.com\/pt-pt\/product\/volkswagen-t6\/#breadcrumb"},"inLanguage":"pt-PT","potentialAction":[{"@type":"ReadAction","target":["https:\/\/kmblock.com\/pt-pt\/product\/volkswagen-t6\/"]}]},{"@type":"ImageObject","inLanguage":"pt-PT","@id":"https:\/\/kmblock.com\/pt-pt\/product\/volkswagen-t6\/#primaryimage","url":"https:\/\/kmblock.com\/wp-content\/uploads\/2024\/09\/Volkswagen-T6.jpg","contentUrl":"https:\/\/kmblock.com\/wp-content\/uploads\/2024\/09\/Volkswagen-T6.jpg","width":800,"height":800,"caption":"Volkswagen T6"},{"@type":"BreadcrumbList","@id":"https:\/\/kmblock.com\/pt-pt\/product\/volkswagen-t6\/#breadcrumb","itemListElement":[{"@type":"ListItem","position":1,"name":"Casa","item":"https:\/\/kmblock.com\/pt-pt\/"},{"@type":"ListItem","position":2,"name":"Produtos","item":"https:\/\/kmblock.com\/pt-pt\/shop\/"},{"@type":"ListItem","position":3,"name":"Volkswagen T6"}]},{"@type":"WebSite","@id":"https:\/\/kmblock.com\/pt-pt\/#website","url":"https:\/\/kmblock.com\/pt-pt\/","name":"KM Block","description":"","publisher":{"@id":"https:\/\/kmblock.com\/pt-pt\/#organization"},"potentialAction":[{"@type":"SearchAction","target":{"@type":"EntryPoint","urlTemplate":"https:\/\/kmblock.com\/pt-pt\/?s={search_term_string}"},"query-input":{"@type":"PropertyValueSpecification","valueRequired":true,"valueName":"search_term_string"}}],"inLanguage":"pt-PT"},{"@type":"Organization","@id":"https:\/\/kmblock.com\/pt-pt\/#organization","name":"Bloco KM","url":"https:\/\/kmblock.com\/pt-pt\/","logo":{"@type":"ImageObject","inLanguage":"pt-PT","@id":"https:\/\/kmblock.com\/pt-pt\/#\/schema\/logo\/image\/","url":"https:\/\/kmblock.com\/wp-content\/uploads\/2024\/08\/main-logo.png","contentUrl":"https:\/\/kmblock.com\/wp-content\/uploads\/2024\/08\/main-logo.png","width":186,"height":28,"caption":"Bloco KM"},"image":{"@id":"https:\/\/kmblock.com\/pt-pt\/#\/schema\/logo\/image\/"}}]}},"_links":{"self":[{"href":"https:\/\/kmblock.com\/pt-pt\/wp-json\/wp\/v2\/product\/11645","targetHints":{"allow":["GET"]}}],"collection":[{"href":"https:\/\/kmblock.com\/pt-pt\/wp-json\/wp\/v2\/product"}],"about":[{"href":"https:\/\/kmblock.com\/pt-pt\/wp-json\/wp\/v2\/types\/product"}],"replies":[{"embeddable":true,"href":"https:\/\/kmblock.com\/pt-pt\/wp-json\/wp\/v2\/comments?post=11645"}],"wp:featuredmedia":[{"embeddable":true,"href":"https:\/\/kmblock.com\/pt-pt\/wp-json\/wp\/v2\/media\/954"}],"wp:attachment":[{"href":"https:\/\/kmblock.com\/pt-pt\/wp-json\/wp\/v2\/media?parent=11645"}],"wp:term":[{"taxonomy":"product_brand","embeddable":true,"href":"https:\/\/kmblock.com\/pt-pt\/wp-json\/wp\/v2\/product_brand?post=11645"},{"taxonomy":"product_cat","embeddable":true,"href":"https:\/\/kmblock.com\/pt-pt\/wp-json\/wp\/v2\/product_cat?post=11645"},{"taxonomy":"product_tag","embeddable":true,"href":"https:\/\/kmblock.com\/pt-pt\/wp-json\/wp\/v2\/product_tag?post=11645"}],"curies":[{"name":"wp","href":"https:\/\/api.w.org\/{rel}","templated":true}]}}