{"id":11630,"date":"2024-09-25T10:41:58","date_gmt":"2024-09-25T10:41:58","guid":{"rendered":"https:\/\/kmblock.com\/product\/volkswagen-t-5\/"},"modified":"2024-09-25T10:41:58","modified_gmt":"2024-09-25T10:41:58","slug":"volkswagen-t-5","status":"publish","type":"product","link":"https:\/\/kmblock.com\/pt-pt\/product\/volkswagen-t-5\/","title":{"rendered":"Volkswagen T-5"},"content":{"rendered":"<div class=\"flex max-w-full flex-col flex-grow\">\n<div class=\"min-h-[20px] text-message flex w-full flex-col items-end gap-2 whitespace-normal break-words [.text-message+&amp;]:mt-5\" dir=\"auto\" data-message-author-role=\"assistant\" data-message-id=\"d6917fa6-327f-426b-8c95-0356a88e4710\">\n<div class=\"flex w-full flex-col gap-1 empty:hidden first:pt-[3px]\">\n<div class=\"markdown prose w-full break-words dark:prose-invert dark\">\n<h3><strong>BLOQUEADOR DE QUIL\u00d3METROS PARA VOLKSWAGEN T-5<\/strong><\/h3>\n<p>O <strong>Bloqueador de Quil\u00f3metros Volkswagen T-5<\/strong>, tamb\u00e9m conhecido como Bloqueador de Od\u00f3metro, Bloqueador de Lata, Limitador de Quil\u00f3metros ou Od\u00f3metro de Viagem, \u00e9 uma ferramenta vers\u00e1til frequentemente referida como um dispositivo de Corre\u00e7\u00e3o de Quil\u00f3metros.<\/p>\n<p><strong>COMPATIBILIDADE<\/strong><br \/>\nEsta ferramenta foi concebida para os <strong>modelos Volkswagen T-5 lan\u00e7ados entre 2012-2014<\/strong>.<\/p>\n<h3><strong>ESPECIFICA\u00c7\u00d5ES<\/strong><\/h3>\n<ul>\n<li>Funciona exclusivamente em ve\u00edculos com um volante multifun\u00e7\u00f5es<\/li>\n<li>Instala\u00e7\u00e3o &#8221;fa\u00e7a voc\u00ea mesmo&#8221; (DIY)<\/li>\n<li>Funciona facilmente atrav\u00e9s de v\u00e1rias combina\u00e7\u00f5es de teclas<\/li>\n<li>N\u00e3o deixa vest\u00edgios; n\u00e3o \u00e9 necess\u00e1rio soldar ou cortar cabos<\/li>\n<li>N\u00e3o h\u00e1 mensagens de erro no veloc\u00edmetro ou no sistema de navega\u00e7\u00e3o<\/li>\n<li>Pode ser ligado ou desligado enquanto est\u00e1s em movimento<\/li>\n<li>Oferece v\u00e1rios modos de personaliza\u00e7\u00e3o<\/li>\n<li>A quilometragem n\u00e3o aumenta espontaneamente ap\u00f3s a remo\u00e7\u00e3o do m\u00f3dulo<\/li>\n<li>Os aparelhos de diagn\u00f3stico n\u00e3o conseguem detetar a altera\u00e7\u00e3o da quilometragem<\/li>\n<li>Uma vez selecionadas as defini\u00e7\u00f5es, estas s\u00e3o guardadas automaticamente<\/li>\n<li>Concebida com fichas de qualidade superior e cabos resistentes ao calor<\/li>\n<li>A face de encaixe e os sulcos no conetor garantem uma instala\u00e7\u00e3o suave<\/li>\n<li>Desvio de quilometragem at\u00e9 1% em modo de paragem completa (podem ocorrer pequenas diferen\u00e7as)<\/li>\n<\/ul>\n<h3><strong>ACTIVA\u00c7\u00c3O E DESACTIVA\u00c7\u00c3O<\/strong><\/h3>\n<p><span data-sheets-root=\"1\">Com o comando &#8221;ok&#8221; no volante, mant\u00e9m premido at\u00e9 que o pisca-pisca pisque.<\/span><\/p>\n<p><strong>Modo 1:<\/strong> 1 intermit\u00eancia \u00e0 esquerda 18 por cento (tudo funciona, velocidade de cruzeiro, etc.)<\/p>\n<p><strong>Modo 2:<\/strong> 2 intermit\u00eancias \u00e0 esquerda 0 por cento (sem velocidade, sem indicador de combust\u00edvel)<\/p>\n<p><strong>Modo 3:<\/strong> 1 intermit\u00eancia \u00e0 direita 100 por cento (original)&#8221;<\/p>\n<p>O <strong>Volkswagen T-5 Kilometer Stopper<\/strong> ret\u00e9m as \u00faltimas defini\u00e7\u00f5es utilizadas, pelo que n\u00e3o \u00e9 necess\u00e1rio voltar a configur\u00e1-lo antes de ligar o ve\u00edculo de cada vez. Pode ser ativado ou desativado com o ve\u00edculo parado ou em movimento. <\/p>\n<h3><strong>O QUE \u00c9 O BLOQUEADOR DE QUIL\u00d3METROS?<\/strong><\/h3>\n<p>O <strong>bloqueador de quil\u00f3metros Volkswagen T-5<\/strong> ajuda a evitar a acumula\u00e7\u00e3o de quil\u00f3metros enquanto testa o desempenho do ve\u00edculo. Funciona tanto para milhas como para quil\u00f3metros. O nosso dispositivo \u00e9 adaptado a cada modelo, garantindo um desempenho perfeito em motores a diesel, a gasolina, h\u00edbridos e el\u00e9ctricos.  <\/p>\n<p><strong>DISCLAIMER<\/strong><br \/>\nN\u00e3o vendemos <strong>ferramentas de corre\u00e7\u00e3o de quilometragem<\/strong> destinadas a fins fraudulentos, como a retroceder as leituras do conta-quil\u00f3metros. Estas ferramentas apenas removem os valores de quilometragem, mas n\u00e3o podem reverter todos os dados armazenados no ve\u00edculo. <\/p>\n<p><strong>Os<\/strong> nossos <strong>dispositivos Mileage Stopper<\/strong> s\u00e3o f\u00e1ceis de instalar em v\u00e1rios modelos de ve\u00edculos. Basta ligar o m\u00f3dulo entre o veloc\u00edmetro e o painel de instrumentos e selecionar o modo pretendido. <\/p>\n<p>O <strong>bloqueador de quil\u00f3metros do Volkswagen T-5<\/strong> pode ser ativado ou desativado a qualquer momento, quer o ve\u00edculo esteja em movimento ou estacionado.<\/p>\n<\/div>\n<\/div>\n<\/div>\n<\/div>\n","protected":false},"excerpt":{"rendered":"<div class=\"flex-shrink-0 flex flex-col relative items-end\">\n<div class=\"pt-0\">\n<div class=\"gizmo-bot-avatar flex h-8 w-8 items-center justify-center overflow-hidden rounded-full\">\n<div class=\"relative p-1 rounded-sm flex items-center justify-center bg-token-main-surface-primary text-token-text-primary h-8 w-8\">\n<p>Antes de encomendar, rev\u00ea cuidadosamente o processo de ativa\u00e7\u00e3o do m\u00f3dulo e as notas importantes sobre potenciais mensagens de erro e<\/p>\n<div class=\"flex-shrink-0 flex flex-col relative items-end\">\n<div class=\"pt-0\">\n<div class=\"gizmo-bot-avatar flex h-8 w-8 items-center justify-center overflow-hidden rounded-full\">\n<div class=\"relative p-1 rounded-sm flex items-center justify-center bg-token-main-surface-primary text-token-text-primary h-8 w-8\">\n<p><strong>PARA OS MODELOS LAN\u00c7ADOS ENTRE 2012-2014.  <\/strong>O m\u00f3dulo s\u00f3 \u00e9 compat\u00edvel com os ve\u00edculos que possuem um volante multifun\u00e7\u00f5es. O indicador de velocidade e os sistemas de assist\u00eancia n\u00e3o funcionam quando o bloqueador est\u00e1 ativo. Instala\u00e7\u00e3o &#8221;fa\u00e7a voc\u00ea mesmo&#8221;, sem necessidade de soldar ou cortar cabos. Pode ser ativado com o ve\u00edculo em movimento. Constru\u00eddo com fichas de qualidade superior e cabos resistentes ao calor para garantir durabilidade e desempenho fi\u00e1vel.    <\/p>\n<p class=\"p1\"><b> Integra\u00e7\u00e3o perfeita<\/b><b><\/b><\/p>\n<p class=\"p1\"><b> Instala\u00e7\u00e3o f\u00e1cil<\/b><b><\/b><\/p>\n<p class=\"p1\"><b> Gest\u00e3o exacta da quilometragem<\/b><b><\/b><\/p>\n<p class=\"p1\"><b> Funcionamento em modo furtivo<\/b><b><\/b><\/p>\n<p class=\"p1\"><span class=\"s1\">\u2705<\/span><b> Suporte e actualiza\u00e7\u00f5es vital\u00edcias<\/b><\/p>\n<\/div>\n<\/div>\n<\/div>\n<\/div>\n<\/div>\n<\/div>\n<\/div>\n<\/div>\n","protected":false},"featured_media":950,"comment_status":"open","ping_status":"closed","template":"","meta":[],"product_brand":[],"product_cat":[1088],"product_tag":[],"class_list":{"0":"post-11630","1":"product","2":"type-product","3":"status-publish","4":"has-post-thumbnail","6":"product_cat-volkswagen","8":"first","9":"instock","10":"taxable","11":"shipping-taxable","12":"purchasable","13":"product-type-variable"},"yoast_head":"<!-- This site is optimized with the Yoast SEO plugin v27.5 - https:\/\/yoast.com\/product\/yoast-seo-wordpress\/ -->\n<title>Volkswagen T-5 Mileage Blocker (KM stopper) \u2192 KM Block<\/title>\n<meta name=\"description\" content=\"Buy a Volkswagen T-5 Mileage Blocker for the Best Prices \u2713 Free Shipping \u2713 Incl. Installation Guides\" \/>\n<meta name=\"robots\" content=\"index, follow, max-snippet:-1, max-image-preview:large, max-video-preview:-1\" \/>\n<meta property=\"og:locale\" content=\"pt_PT\" \/>\n<meta property=\"og:type\" content=\"article\" \/>\n<meta property=\"og:title\" content=\"Volkswagen T-5 Mileage Blocker (KM stopper) \u2192 KM Block\" \/>\n<meta property=\"og:description\" content=\"Buy a Volkswagen T-5 Mileage Blocker for the Best Prices \u2713 Free Shipping \u2713 Incl. Installation Guides\" \/>\n<meta property=\"og:url\" content=\"https:\/\/kmblock.com\/pt-pt\/product\/volkswagen-t-5\/\" \/>\n<meta property=\"og:site_name\" content=\"KM Block\" \/>\n<meta property=\"og:image\" content=\"https:\/\/kmblock.com\/wp-content\/uploads\/2024\/09\/Volkswagen-T-5.jpg\" \/>\n\t<meta property=\"og:image:width\" content=\"800\" \/>\n\t<meta property=\"og:image:height\" content=\"800\" \/>\n\t<meta property=\"og:image:type\" content=\"image\/jpeg\" \/>\n<meta name=\"twitter:card\" content=\"summary_large_image\" \/>\n<meta name=\"twitter:label1\" content=\"Tempo estimado de leitura\" \/>\n\t<meta name=\"twitter:data1\" content=\"2 minutos\" \/>\n<script type=\"application\/ld+json\" class=\"yoast-schema-graph\">{\"@context\":\"https:\\\/\\\/schema.org\",\"@graph\":[{\"@type\":\"WebPage\",\"@id\":\"https:\\\/\\\/kmblock.com\\\/pt-pt\\\/product\\\/volkswagen-t-5\\\/\",\"url\":\"https:\\\/\\\/kmblock.com\\\/pt-pt\\\/product\\\/volkswagen-t-5\\\/\",\"name\":\"Volkswagen T-5 Mileage Blocker (KM stopper) \u2192 KM Block\",\"isPartOf\":{\"@id\":\"https:\\\/\\\/kmblock.com\\\/pt-pt\\\/#website\"},\"primaryImageOfPage\":{\"@id\":\"https:\\\/\\\/kmblock.com\\\/pt-pt\\\/product\\\/volkswagen-t-5\\\/#primaryimage\"},\"image\":{\"@id\":\"https:\\\/\\\/kmblock.com\\\/pt-pt\\\/product\\\/volkswagen-t-5\\\/#primaryimage\"},\"thumbnailUrl\":\"https:\\\/\\\/kmblock.com\\\/wp-content\\\/uploads\\\/2024\\\/09\\\/Volkswagen-T-5.jpg\",\"datePublished\":\"2024-09-25T10:41:58+00:00\",\"description\":\"Buy a Volkswagen T-5 Mileage Blocker for the Best Prices \u2713 Free Shipping \u2713 Incl. Installation Guides\",\"breadcrumb\":{\"@id\":\"https:\\\/\\\/kmblock.com\\\/pt-pt\\\/product\\\/volkswagen-t-5\\\/#breadcrumb\"},\"inLanguage\":\"pt-PT\",\"potentialAction\":[{\"@type\":\"ReadAction\",\"target\":[\"https:\\\/\\\/kmblock.com\\\/pt-pt\\\/product\\\/volkswagen-t-5\\\/\"]}]},{\"@type\":\"ImageObject\",\"inLanguage\":\"pt-PT\",\"@id\":\"https:\\\/\\\/kmblock.com\\\/pt-pt\\\/product\\\/volkswagen-t-5\\\/#primaryimage\",\"url\":\"https:\\\/\\\/kmblock.com\\\/wp-content\\\/uploads\\\/2024\\\/09\\\/Volkswagen-T-5.jpg\",\"contentUrl\":\"https:\\\/\\\/kmblock.com\\\/wp-content\\\/uploads\\\/2024\\\/09\\\/Volkswagen-T-5.jpg\",\"width\":800,\"height\":800,\"caption\":\"Volkswagen T-5\"},{\"@type\":\"BreadcrumbList\",\"@id\":\"https:\\\/\\\/kmblock.com\\\/pt-pt\\\/product\\\/volkswagen-t-5\\\/#breadcrumb\",\"itemListElement\":[{\"@type\":\"ListItem\",\"position\":1,\"name\":\"Casa\",\"item\":\"https:\\\/\\\/kmblock.com\\\/pt-pt\\\/\"},{\"@type\":\"ListItem\",\"position\":2,\"name\":\"Produtos\",\"item\":\"https:\\\/\\\/kmblock.com\\\/pt-pt\\\/shop\\\/\"},{\"@type\":\"ListItem\",\"position\":3,\"name\":\"Volkswagen T-5\"}]},{\"@type\":\"WebSite\",\"@id\":\"https:\\\/\\\/kmblock.com\\\/pt-pt\\\/#website\",\"url\":\"https:\\\/\\\/kmblock.com\\\/pt-pt\\\/\",\"name\":\"KM Block\",\"description\":\"\",\"publisher\":{\"@id\":\"https:\\\/\\\/kmblock.com\\\/pt-pt\\\/#organization\"},\"potentialAction\":[{\"@type\":\"SearchAction\",\"target\":{\"@type\":\"EntryPoint\",\"urlTemplate\":\"https:\\\/\\\/kmblock.com\\\/pt-pt\\\/?s={search_term_string}\"},\"query-input\":{\"@type\":\"PropertyValueSpecification\",\"valueRequired\":true,\"valueName\":\"search_term_string\"}}],\"inLanguage\":\"pt-PT\"},{\"@type\":\"Organization\",\"@id\":\"https:\\\/\\\/kmblock.com\\\/pt-pt\\\/#organization\",\"name\":\"Bloco KM\",\"url\":\"https:\\\/\\\/kmblock.com\\\/pt-pt\\\/\",\"logo\":{\"@type\":\"ImageObject\",\"inLanguage\":\"pt-PT\",\"@id\":\"https:\\\/\\\/kmblock.com\\\/pt-pt\\\/#\\\/schema\\\/logo\\\/image\\\/\",\"url\":\"https:\\\/\\\/kmblock.com\\\/wp-content\\\/uploads\\\/2024\\\/08\\\/main-logo.png\",\"contentUrl\":\"https:\\\/\\\/kmblock.com\\\/wp-content\\\/uploads\\\/2024\\\/08\\\/main-logo.png\",\"width\":186,\"height\":28,\"caption\":\"Bloco KM\"},\"image\":{\"@id\":\"https:\\\/\\\/kmblock.com\\\/pt-pt\\\/#\\\/schema\\\/logo\\\/image\\\/\"}}]}<\/script>\n<!-- \/ Yoast SEO plugin. -->","yoast_head_json":{"title":"Volkswagen T-5 Mileage Blocker (KM stopper) \u2192 KM Block","description":"Buy a Volkswagen T-5 Mileage Blocker for the Best Prices \u2713 Free Shipping \u2713 Incl. Installation Guides","robots":{"index":"index","follow":"follow","max-snippet":"max-snippet:-1","max-image-preview":"max-image-preview:large","max-video-preview":"max-video-preview:-1"},"og_locale":"pt_PT","og_type":"article","og_title":"Volkswagen T-5 Mileage Blocker (KM stopper) \u2192 KM Block","og_description":"Buy a Volkswagen T-5 Mileage Blocker for the Best Prices \u2713 Free Shipping \u2713 Incl. Installation Guides","og_url":"https:\/\/kmblock.com\/pt-pt\/product\/volkswagen-t-5\/","og_site_name":"KM Block","og_image":[{"width":800,"height":800,"url":"https:\/\/kmblock.com\/wp-content\/uploads\/2024\/09\/Volkswagen-T-5.jpg","type":"image\/jpeg"}],"twitter_card":"summary_large_image","twitter_misc":{"Tempo estimado de leitura":"2 minutos"},"schema":{"@context":"https:\/\/schema.org","@graph":[{"@type":"WebPage","@id":"https:\/\/kmblock.com\/pt-pt\/product\/volkswagen-t-5\/","url":"https:\/\/kmblock.com\/pt-pt\/product\/volkswagen-t-5\/","name":"Volkswagen T-5 Mileage Blocker (KM stopper) \u2192 KM Block","isPartOf":{"@id":"https:\/\/kmblock.com\/pt-pt\/#website"},"primaryImageOfPage":{"@id":"https:\/\/kmblock.com\/pt-pt\/product\/volkswagen-t-5\/#primaryimage"},"image":{"@id":"https:\/\/kmblock.com\/pt-pt\/product\/volkswagen-t-5\/#primaryimage"},"thumbnailUrl":"https:\/\/kmblock.com\/wp-content\/uploads\/2024\/09\/Volkswagen-T-5.jpg","datePublished":"2024-09-25T10:41:58+00:00","description":"Buy a Volkswagen T-5 Mileage Blocker for the Best Prices \u2713 Free Shipping \u2713 Incl. Installation Guides","breadcrumb":{"@id":"https:\/\/kmblock.com\/pt-pt\/product\/volkswagen-t-5\/#breadcrumb"},"inLanguage":"pt-PT","potentialAction":[{"@type":"ReadAction","target":["https:\/\/kmblock.com\/pt-pt\/product\/volkswagen-t-5\/"]}]},{"@type":"ImageObject","inLanguage":"pt-PT","@id":"https:\/\/kmblock.com\/pt-pt\/product\/volkswagen-t-5\/#primaryimage","url":"https:\/\/kmblock.com\/wp-content\/uploads\/2024\/09\/Volkswagen-T-5.jpg","contentUrl":"https:\/\/kmblock.com\/wp-content\/uploads\/2024\/09\/Volkswagen-T-5.jpg","width":800,"height":800,"caption":"Volkswagen T-5"},{"@type":"BreadcrumbList","@id":"https:\/\/kmblock.com\/pt-pt\/product\/volkswagen-t-5\/#breadcrumb","itemListElement":[{"@type":"ListItem","position":1,"name":"Casa","item":"https:\/\/kmblock.com\/pt-pt\/"},{"@type":"ListItem","position":2,"name":"Produtos","item":"https:\/\/kmblock.com\/pt-pt\/shop\/"},{"@type":"ListItem","position":3,"name":"Volkswagen T-5"}]},{"@type":"WebSite","@id":"https:\/\/kmblock.com\/pt-pt\/#website","url":"https:\/\/kmblock.com\/pt-pt\/","name":"KM Block","description":"","publisher":{"@id":"https:\/\/kmblock.com\/pt-pt\/#organization"},"potentialAction":[{"@type":"SearchAction","target":{"@type":"EntryPoint","urlTemplate":"https:\/\/kmblock.com\/pt-pt\/?s={search_term_string}"},"query-input":{"@type":"PropertyValueSpecification","valueRequired":true,"valueName":"search_term_string"}}],"inLanguage":"pt-PT"},{"@type":"Organization","@id":"https:\/\/kmblock.com\/pt-pt\/#organization","name":"Bloco KM","url":"https:\/\/kmblock.com\/pt-pt\/","logo":{"@type":"ImageObject","inLanguage":"pt-PT","@id":"https:\/\/kmblock.com\/pt-pt\/#\/schema\/logo\/image\/","url":"https:\/\/kmblock.com\/wp-content\/uploads\/2024\/08\/main-logo.png","contentUrl":"https:\/\/kmblock.com\/wp-content\/uploads\/2024\/08\/main-logo.png","width":186,"height":28,"caption":"Bloco KM"},"image":{"@id":"https:\/\/kmblock.com\/pt-pt\/#\/schema\/logo\/image\/"}}]}},"_links":{"self":[{"href":"https:\/\/kmblock.com\/pt-pt\/wp-json\/wp\/v2\/product\/11630","targetHints":{"allow":["GET"]}}],"collection":[{"href":"https:\/\/kmblock.com\/pt-pt\/wp-json\/wp\/v2\/product"}],"about":[{"href":"https:\/\/kmblock.com\/pt-pt\/wp-json\/wp\/v2\/types\/product"}],"replies":[{"embeddable":true,"href":"https:\/\/kmblock.com\/pt-pt\/wp-json\/wp\/v2\/comments?post=11630"}],"wp:featuredmedia":[{"embeddable":true,"href":"https:\/\/kmblock.com\/pt-pt\/wp-json\/wp\/v2\/media\/950"}],"wp:attachment":[{"href":"https:\/\/kmblock.com\/pt-pt\/wp-json\/wp\/v2\/media?parent=11630"}],"wp:term":[{"taxonomy":"product_brand","embeddable":true,"href":"https:\/\/kmblock.com\/pt-pt\/wp-json\/wp\/v2\/product_brand?post=11630"},{"taxonomy":"product_cat","embeddable":true,"href":"https:\/\/kmblock.com\/pt-pt\/wp-json\/wp\/v2\/product_cat?post=11630"},{"taxonomy":"product_tag","embeddable":true,"href":"https:\/\/kmblock.com\/pt-pt\/wp-json\/wp\/v2\/product_tag?post=11630"}],"curies":[{"name":"wp","href":"https:\/\/api.w.org\/{rel}","templated":true}]}}