{"id":11629,"date":"2024-09-25T10:04:00","date_gmt":"2024-09-25T10:04:00","guid":{"rendered":"https:\/\/kmblock.com\/product\/volkswagen-t-cross-c1\/"},"modified":"2024-09-25T10:04:00","modified_gmt":"2024-09-25T10:04:00","slug":"volkswagen-t-cross-c1","status":"publish","type":"product","link":"https:\/\/kmblock.com\/pt-pt\/product\/volkswagen-t-cross-c1\/","title":{"rendered":"Volkswagen T Cross C1"},"content":{"rendered":"<div class=\"flex max-w-full flex-col flex-grow\">\n<div class=\"min-h-[20px] text-message flex w-full flex-col items-end gap-2 whitespace-normal break-words [.text-message+&amp;]:mt-5\" dir=\"auto\" data-message-author-role=\"assistant\" data-message-id=\"d6917fa6-327f-426b-8c95-0356a88e4710\">\n<div class=\"flex w-full flex-col gap-1 empty:hidden first:pt-[3px]\">\n<div class=\"markdown prose w-full break-words dark:prose-invert dark\">\n<h3>BLOQUEADOR DE QUIL\u00d3METROS PARA VOLKSWAGEN T-CROSS C1<\/h3>\n<p>O <strong>Bloqueador de Quil\u00f3metros Volkswagen T-Cross C1<\/strong> \u00e9 por vezes referido como Bloqueador do conta-quil\u00f3metros, Bloqueador do conta-quil\u00f3metros, Bloqueador de latas, Bloqueador de quil\u00f3metros, Conta-quil\u00f3metros de viagem, Filtro de latas ou mesmo uma ferramenta de corre\u00e7\u00e3o de quil\u00f3metros.<\/p>\n<p><strong>COMPATIBILIDADE:<\/strong><br \/>\nEste dispositivo \u00e9 adequado para todos os <strong>modelos Volkswagen T-Cross C1<\/strong> lan\u00e7ados desde 2018.<\/p>\n<hr>\n<h3>ESPECIFICA\u00c7\u00d5ES:<\/h3>\n<ul>\n<li><strong>Instala-te sozinho<\/strong>: R\u00e1pida e f\u00e1cil, demora menos de uma hora<\/li>\n<li><strong>Fichas de qualidade superior e cabos resistentes ao calor<\/strong> para um desempenho duradouro<\/li>\n<li><strong>N\u00e3o h\u00e1 mensagens de erro<\/strong> no veloc\u00edmetro ou no sistema de navega\u00e7\u00e3o<\/li>\n<li>Escolhe entre <strong>v\u00e1rios modos de funcionamento<\/strong> <\/li>\n<li>N\u00e3o <strong>deixa vest\u00edgios ap\u00f3s a remo\u00e7\u00e3o<\/strong>, n\u00e3o \u00e9 necess\u00e1rio soldar ou cortar cabos para a instala\u00e7\u00e3o<\/li>\n<li><strong>F\u00e1cil de utilizar<\/strong> atrav\u00e9s de combina\u00e7\u00f5es de teclas<\/li>\n<li><strong>A face de encaixe e os sulcos<\/strong> no conetor asseguram uma instala\u00e7\u00e3o suave e segura<\/li>\n<li><strong>N\u00e3o precisas de aceder \u00e0 ECU<\/strong><\/li>\n<li>Pode ser <strong>ligado ou desligado durante a condu\u00e7\u00e3o<\/strong><\/li>\n<li>Ap\u00f3s a remo\u00e7\u00e3o, <strong>a quilometragem n\u00e3o aumenta espontaneamente<\/strong><\/li>\n<li><strong>Os aparelhos de diagn\u00f3stico n\u00e3o conseguem detetar a altera\u00e7\u00e3o da quilometragem<\/strong><\/li>\n<li>Uma vez selecionadas as defini\u00e7\u00f5es, estas s\u00e3o <strong>guardadas permanentemente<\/strong><\/li>\n<li><strong>O veloc\u00edmetro e os sistemas de assist\u00eancia funcionam perfeitamente<\/strong> sem interfer\u00eancias<\/li>\n<li><strong>A luz de controlo do motor<\/strong> pode aparecer nos ve\u00edculos a partir do final de 2020 quando o dispositivo \u00e9 ativado<\/li>\n<li>Pode ocorrer um <strong>desvio de at\u00e9 1%<\/strong> na quilometragem quando se utiliza o modo de altera\u00e7\u00e3o total da quilometragem, embora esta seja uma diferen\u00e7a menor e esperada<\/li>\n<\/ul>\n<hr>\n<h3>ACTIVA\u00c7\u00c3O E DESACTIVA\u00c7\u00c3O:<\/h3>\n<p><span data-sheets-root=\"1\">Com o comando &#8221;ok&#8221; no volante, mant\u00e9m premido at\u00e9 que o pisca-pisca pisque.<\/span><\/p>\n<p><strong>Modo 1:<\/strong> 1 intermit\u00eancia \u00e0 esquerda 18 por cento (tudo funciona, velocidade de cruzeiro, etc.)<\/p>\n<p><strong>Modo 2:<\/strong> 2 intermit\u00eancias \u00e0 esquerda 0 por cento (sem velocidade, sem indicador de combust\u00edvel)<\/p>\n<p><strong>Modo 3:<\/strong> 1 intermit\u00eancia \u00e0 direita 100 por cento (original)&#8221;<\/p>\n<p>O <strong>Volkswagen T-Cross C1 Kilometer Stopper<\/strong> mant\u00e9m as \u00faltimas defini\u00e7\u00f5es aplicadas, pelo que n\u00e3o \u00e9 necess\u00e1rio voltar a configur\u00e1-lo antes de cada viagem. Pode ser ativado ou desativado durante a condu\u00e7\u00e3o ou quando est\u00e1 parado. <\/p>\n<hr>\n<h3>O que \u00e9 um bloqueador de od\u00f3metro ou uma ferramenta de corre\u00e7\u00e3o de quilometragem Volkswagen T-Cross C1?<\/h3>\n<p>O <strong>bloqueador de quil\u00f3metros Volkswagen T-Cross C1<\/strong> \u00e9 utilizado para parar o registo de quil\u00f3metros durante os testes de desempenho. Na <strong>KM Block<\/strong>, fornecemos o m\u00f3dulo da melhor qualidade com componentes genu\u00ednos. Quer o conta-quil\u00f3metros do teu ve\u00edculo seja em milhas ou em quil\u00f3metros, o dispositivo funciona eficientemente para ambos.  <\/p>\n<p>Concebemos software espec\u00edfico para cada marca e modelo de ve\u00edculo para garantir um funcionamento sem falhas. A <strong>ferramenta Mileage Blocker<\/strong> funciona igualmente bem com motores diesel-gasolina, <strong>ve\u00edculos h\u00edbridos el\u00e9ctricos plug-in (PHEV)<\/strong> e <strong>carros el\u00e9ctricos.<\/strong> <\/p>\n<hr>\n<p><strong>Nota:<\/strong><br \/>\n<strong>N\u00e3o<\/strong> vendemos <strong>ferramentas de corre\u00e7\u00e3o de quilometragem<\/strong> para o Volkswagen T-Cross C1, uma vez que estas s\u00e3o normalmente utilizadas para alterar de forma fraudulenta as leituras do conta-quil\u00f3metros. Estas ferramentas falham frequentemente porque os ve\u00edculos modernos armazenam os dados de quilometragem em v\u00e1rios locais. As ferramentas de revers\u00e3o podem n\u00e3o reverter totalmente os dados de quilometragem.  <\/p>\n<hr>\n<p>Oferecemos <strong>dispositivos Mileage Stopper<\/strong> para uma variedade de ve\u00edculos. A instala\u00e7\u00e3o n\u00e3o requer conhecimentos profundos &#8211; basta ligar o m\u00f3dulo entre o veloc\u00edmetro e o painel de instrumentos para come\u00e7ar a utilizar as suas funcionalidades. <\/p>\n<p>O <strong>Bloqueador de Quil\u00f3metros Volkswagen T-Cross C1<\/strong> pode ser ativado ou desativado a qualquer momento, quer o ve\u00edculo esteja em movimento ou parado.<\/p>\n<\/div>\n<\/div>\n<\/div>\n<\/div>\n","protected":false},"excerpt":{"rendered":"<div class=\"flex-shrink-0 flex flex-col relative items-end\">\n<div class=\"pt-0\">\n<div class=\"gizmo-bot-avatar flex h-8 w-8 items-center justify-center overflow-hidden rounded-full\">\n<div class=\"relative p-1 rounded-sm flex items-center justify-center bg-token-main-surface-primary text-token-text-primary h-8 w-8\">\n<p>Antes de encomendar, rev\u00ea cuidadosamente o processo de ativa\u00e7\u00e3o do m\u00f3dulo e as notas importantes sobre potenciais mensagens de erro e<\/p>\n<div class=\"flex-shrink-0 flex flex-col relative items-end\">\n<div class=\"pt-0\">\n<div class=\"gizmo-bot-avatar flex h-8 w-8 items-center justify-center overflow-hidden rounded-full\">\n<div class=\"relative p-1 rounded-sm flex items-center justify-center bg-token-main-surface-primary text-token-text-primary h-8 w-8\">\n<p><strong>PARA OS MODELOS LAN\u00c7ADOS A PARTIR DE 2018.  <\/strong>Instala\u00e7\u00e3o &#8221;fa\u00e7a voc\u00ea mesmo&#8221; para uma configura\u00e7\u00e3o f\u00e1cil. Desempenho indetet\u00e1vel que garante a aus\u00eancia de erros e de rastreabilidade. Pode ser ativado em movimento.   Equipado com fichas de qualidade superior e cabos resistentes ao calor. O veloc\u00edmetro e os sistemas de assist\u00eancia funcionam sem problemas. <\/p>\n<p class=\"p1\"><b> Integra\u00e7\u00e3o perfeita<\/b><b><\/b><\/p>\n<p class=\"p1\"><b> Instala\u00e7\u00e3o f\u00e1cil<\/b><b><\/b><\/p>\n<p class=\"p1\"><b> Gest\u00e3o exacta da quilometragem<\/b><b><\/b><\/p>\n<p class=\"p1\"><b> Funcionamento em modo furtivo<\/b><b><\/b><\/p>\n<p class=\"p1\"><span class=\"s1\">\u2705<\/span><b> Suporte e actualiza\u00e7\u00f5es vital\u00edcias<\/b><\/p>\n<\/div>\n<\/div>\n<\/div>\n<\/div>\n<\/div>\n<\/div>\n<\/div>\n<\/div>\n","protected":false},"featured_media":946,"comment_status":"open","ping_status":"closed","template":"","meta":[],"product_brand":[],"product_cat":[1088],"product_tag":[],"class_list":{"0":"post-11629","1":"product","2":"type-product","3":"status-publish","4":"has-post-thumbnail","6":"product_cat-volkswagen","8":"first","9":"instock","10":"taxable","11":"shipping-taxable","12":"purchasable","13":"product-type-variable"},"yoast_head":"<!-- This site is optimized with the Yoast SEO plugin v27.5 - https:\/\/yoast.com\/product\/yoast-seo-wordpress\/ -->\n<title>Volkswagen T Cross C1 Mileage Blocker (KM stopper) \u2192 KM Block<\/title>\n<meta name=\"description\" content=\"Buy a Volkswagen T Cross C1 Mileage Blocker for the Best Prices \u2713 Free Shipping \u2713 Incl. Installation Guides\" \/>\n<meta name=\"robots\" content=\"index, follow, max-snippet:-1, max-image-preview:large, max-video-preview:-1\" \/>\n<meta property=\"og:locale\" content=\"pt_PT\" \/>\n<meta property=\"og:type\" content=\"article\" \/>\n<meta property=\"og:title\" content=\"Volkswagen T Cross C1 Mileage Blocker (KM stopper) \u2192 KM Block\" \/>\n<meta property=\"og:description\" content=\"Buy a Volkswagen T Cross C1 Mileage Blocker for the Best Prices \u2713 Free Shipping \u2713 Incl. Installation Guides\" \/>\n<meta property=\"og:url\" content=\"https:\/\/kmblock.com\/pt-pt\/product\/volkswagen-t-cross-c1\/\" \/>\n<meta property=\"og:site_name\" content=\"KM Block\" \/>\n<meta property=\"og:image\" content=\"https:\/\/kmblock.com\/wp-content\/uploads\/2024\/09\/Volkswagen-T-Cross-C1.jpg\" \/>\n\t<meta property=\"og:image:width\" content=\"800\" \/>\n\t<meta property=\"og:image:height\" content=\"800\" \/>\n\t<meta property=\"og:image:type\" content=\"image\/jpeg\" \/>\n<meta name=\"twitter:card\" content=\"summary_large_image\" \/>\n<meta name=\"twitter:label1\" content=\"Tempo estimado de leitura\" \/>\n\t<meta name=\"twitter:data1\" content=\"3 minutos\" \/>\n<script type=\"application\/ld+json\" class=\"yoast-schema-graph\">{\"@context\":\"https:\\\/\\\/schema.org\",\"@graph\":[{\"@type\":\"WebPage\",\"@id\":\"https:\\\/\\\/kmblock.com\\\/pt-pt\\\/product\\\/volkswagen-t-cross-c1\\\/\",\"url\":\"https:\\\/\\\/kmblock.com\\\/pt-pt\\\/product\\\/volkswagen-t-cross-c1\\\/\",\"name\":\"Volkswagen T Cross C1 Mileage Blocker (KM stopper) \u2192 KM Block\",\"isPartOf\":{\"@id\":\"https:\\\/\\\/kmblock.com\\\/pt-pt\\\/#website\"},\"primaryImageOfPage\":{\"@id\":\"https:\\\/\\\/kmblock.com\\\/pt-pt\\\/product\\\/volkswagen-t-cross-c1\\\/#primaryimage\"},\"image\":{\"@id\":\"https:\\\/\\\/kmblock.com\\\/pt-pt\\\/product\\\/volkswagen-t-cross-c1\\\/#primaryimage\"},\"thumbnailUrl\":\"https:\\\/\\\/kmblock.com\\\/wp-content\\\/uploads\\\/2024\\\/09\\\/Volkswagen-T-Cross-C1.jpg\",\"datePublished\":\"2024-09-25T10:04:00+00:00\",\"description\":\"Buy a Volkswagen T Cross C1 Mileage Blocker for the Best Prices \u2713 Free Shipping \u2713 Incl. Installation Guides\",\"breadcrumb\":{\"@id\":\"https:\\\/\\\/kmblock.com\\\/pt-pt\\\/product\\\/volkswagen-t-cross-c1\\\/#breadcrumb\"},\"inLanguage\":\"pt-PT\",\"potentialAction\":[{\"@type\":\"ReadAction\",\"target\":[\"https:\\\/\\\/kmblock.com\\\/pt-pt\\\/product\\\/volkswagen-t-cross-c1\\\/\"]}]},{\"@type\":\"ImageObject\",\"inLanguage\":\"pt-PT\",\"@id\":\"https:\\\/\\\/kmblock.com\\\/pt-pt\\\/product\\\/volkswagen-t-cross-c1\\\/#primaryimage\",\"url\":\"https:\\\/\\\/kmblock.com\\\/wp-content\\\/uploads\\\/2024\\\/09\\\/Volkswagen-T-Cross-C1.jpg\",\"contentUrl\":\"https:\\\/\\\/kmblock.com\\\/wp-content\\\/uploads\\\/2024\\\/09\\\/Volkswagen-T-Cross-C1.jpg\",\"width\":800,\"height\":800,\"caption\":\"Volkswagen T Cross C1\"},{\"@type\":\"BreadcrumbList\",\"@id\":\"https:\\\/\\\/kmblock.com\\\/pt-pt\\\/product\\\/volkswagen-t-cross-c1\\\/#breadcrumb\",\"itemListElement\":[{\"@type\":\"ListItem\",\"position\":1,\"name\":\"Casa\",\"item\":\"https:\\\/\\\/kmblock.com\\\/pt-pt\\\/\"},{\"@type\":\"ListItem\",\"position\":2,\"name\":\"Produtos\",\"item\":\"https:\\\/\\\/kmblock.com\\\/pt-pt\\\/shop\\\/\"},{\"@type\":\"ListItem\",\"position\":3,\"name\":\"Volkswagen T Cross C1\"}]},{\"@type\":\"WebSite\",\"@id\":\"https:\\\/\\\/kmblock.com\\\/pt-pt\\\/#website\",\"url\":\"https:\\\/\\\/kmblock.com\\\/pt-pt\\\/\",\"name\":\"KM Block\",\"description\":\"\",\"publisher\":{\"@id\":\"https:\\\/\\\/kmblock.com\\\/pt-pt\\\/#organization\"},\"potentialAction\":[{\"@type\":\"SearchAction\",\"target\":{\"@type\":\"EntryPoint\",\"urlTemplate\":\"https:\\\/\\\/kmblock.com\\\/pt-pt\\\/?s={search_term_string}\"},\"query-input\":{\"@type\":\"PropertyValueSpecification\",\"valueRequired\":true,\"valueName\":\"search_term_string\"}}],\"inLanguage\":\"pt-PT\"},{\"@type\":\"Organization\",\"@id\":\"https:\\\/\\\/kmblock.com\\\/pt-pt\\\/#organization\",\"name\":\"Bloco KM\",\"url\":\"https:\\\/\\\/kmblock.com\\\/pt-pt\\\/\",\"logo\":{\"@type\":\"ImageObject\",\"inLanguage\":\"pt-PT\",\"@id\":\"https:\\\/\\\/kmblock.com\\\/pt-pt\\\/#\\\/schema\\\/logo\\\/image\\\/\",\"url\":\"https:\\\/\\\/kmblock.com\\\/wp-content\\\/uploads\\\/2024\\\/08\\\/main-logo.png\",\"contentUrl\":\"https:\\\/\\\/kmblock.com\\\/wp-content\\\/uploads\\\/2024\\\/08\\\/main-logo.png\",\"width\":186,\"height\":28,\"caption\":\"Bloco KM\"},\"image\":{\"@id\":\"https:\\\/\\\/kmblock.com\\\/pt-pt\\\/#\\\/schema\\\/logo\\\/image\\\/\"}}]}<\/script>\n<!-- \/ Yoast SEO plugin. -->","yoast_head_json":{"title":"Volkswagen T Cross C1 Mileage Blocker (KM stopper) \u2192 KM Block","description":"Buy a Volkswagen T Cross C1 Mileage Blocker for the Best Prices \u2713 Free Shipping \u2713 Incl. Installation Guides","robots":{"index":"index","follow":"follow","max-snippet":"max-snippet:-1","max-image-preview":"max-image-preview:large","max-video-preview":"max-video-preview:-1"},"og_locale":"pt_PT","og_type":"article","og_title":"Volkswagen T Cross C1 Mileage Blocker (KM stopper) \u2192 KM Block","og_description":"Buy a Volkswagen T Cross C1 Mileage Blocker for the Best Prices \u2713 Free Shipping \u2713 Incl. Installation Guides","og_url":"https:\/\/kmblock.com\/pt-pt\/product\/volkswagen-t-cross-c1\/","og_site_name":"KM Block","og_image":[{"width":800,"height":800,"url":"https:\/\/kmblock.com\/wp-content\/uploads\/2024\/09\/Volkswagen-T-Cross-C1.jpg","type":"image\/jpeg"}],"twitter_card":"summary_large_image","twitter_misc":{"Tempo estimado de leitura":"3 minutos"},"schema":{"@context":"https:\/\/schema.org","@graph":[{"@type":"WebPage","@id":"https:\/\/kmblock.com\/pt-pt\/product\/volkswagen-t-cross-c1\/","url":"https:\/\/kmblock.com\/pt-pt\/product\/volkswagen-t-cross-c1\/","name":"Volkswagen T Cross C1 Mileage Blocker (KM stopper) \u2192 KM Block","isPartOf":{"@id":"https:\/\/kmblock.com\/pt-pt\/#website"},"primaryImageOfPage":{"@id":"https:\/\/kmblock.com\/pt-pt\/product\/volkswagen-t-cross-c1\/#primaryimage"},"image":{"@id":"https:\/\/kmblock.com\/pt-pt\/product\/volkswagen-t-cross-c1\/#primaryimage"},"thumbnailUrl":"https:\/\/kmblock.com\/wp-content\/uploads\/2024\/09\/Volkswagen-T-Cross-C1.jpg","datePublished":"2024-09-25T10:04:00+00:00","description":"Buy a Volkswagen T Cross C1 Mileage Blocker for the Best Prices \u2713 Free Shipping \u2713 Incl. Installation Guides","breadcrumb":{"@id":"https:\/\/kmblock.com\/pt-pt\/product\/volkswagen-t-cross-c1\/#breadcrumb"},"inLanguage":"pt-PT","potentialAction":[{"@type":"ReadAction","target":["https:\/\/kmblock.com\/pt-pt\/product\/volkswagen-t-cross-c1\/"]}]},{"@type":"ImageObject","inLanguage":"pt-PT","@id":"https:\/\/kmblock.com\/pt-pt\/product\/volkswagen-t-cross-c1\/#primaryimage","url":"https:\/\/kmblock.com\/wp-content\/uploads\/2024\/09\/Volkswagen-T-Cross-C1.jpg","contentUrl":"https:\/\/kmblock.com\/wp-content\/uploads\/2024\/09\/Volkswagen-T-Cross-C1.jpg","width":800,"height":800,"caption":"Volkswagen T Cross C1"},{"@type":"BreadcrumbList","@id":"https:\/\/kmblock.com\/pt-pt\/product\/volkswagen-t-cross-c1\/#breadcrumb","itemListElement":[{"@type":"ListItem","position":1,"name":"Casa","item":"https:\/\/kmblock.com\/pt-pt\/"},{"@type":"ListItem","position":2,"name":"Produtos","item":"https:\/\/kmblock.com\/pt-pt\/shop\/"},{"@type":"ListItem","position":3,"name":"Volkswagen T Cross C1"}]},{"@type":"WebSite","@id":"https:\/\/kmblock.com\/pt-pt\/#website","url":"https:\/\/kmblock.com\/pt-pt\/","name":"KM Block","description":"","publisher":{"@id":"https:\/\/kmblock.com\/pt-pt\/#organization"},"potentialAction":[{"@type":"SearchAction","target":{"@type":"EntryPoint","urlTemplate":"https:\/\/kmblock.com\/pt-pt\/?s={search_term_string}"},"query-input":{"@type":"PropertyValueSpecification","valueRequired":true,"valueName":"search_term_string"}}],"inLanguage":"pt-PT"},{"@type":"Organization","@id":"https:\/\/kmblock.com\/pt-pt\/#organization","name":"Bloco KM","url":"https:\/\/kmblock.com\/pt-pt\/","logo":{"@type":"ImageObject","inLanguage":"pt-PT","@id":"https:\/\/kmblock.com\/pt-pt\/#\/schema\/logo\/image\/","url":"https:\/\/kmblock.com\/wp-content\/uploads\/2024\/08\/main-logo.png","contentUrl":"https:\/\/kmblock.com\/wp-content\/uploads\/2024\/08\/main-logo.png","width":186,"height":28,"caption":"Bloco KM"},"image":{"@id":"https:\/\/kmblock.com\/pt-pt\/#\/schema\/logo\/image\/"}}]}},"_links":{"self":[{"href":"https:\/\/kmblock.com\/pt-pt\/wp-json\/wp\/v2\/product\/11629","targetHints":{"allow":["GET"]}}],"collection":[{"href":"https:\/\/kmblock.com\/pt-pt\/wp-json\/wp\/v2\/product"}],"about":[{"href":"https:\/\/kmblock.com\/pt-pt\/wp-json\/wp\/v2\/types\/product"}],"replies":[{"embeddable":true,"href":"https:\/\/kmblock.com\/pt-pt\/wp-json\/wp\/v2\/comments?post=11629"}],"wp:featuredmedia":[{"embeddable":true,"href":"https:\/\/kmblock.com\/pt-pt\/wp-json\/wp\/v2\/media\/946"}],"wp:attachment":[{"href":"https:\/\/kmblock.com\/pt-pt\/wp-json\/wp\/v2\/media?parent=11629"}],"wp:term":[{"taxonomy":"product_brand","embeddable":true,"href":"https:\/\/kmblock.com\/pt-pt\/wp-json\/wp\/v2\/product_brand?post=11629"},{"taxonomy":"product_cat","embeddable":true,"href":"https:\/\/kmblock.com\/pt-pt\/wp-json\/wp\/v2\/product_cat?post=11629"},{"taxonomy":"product_tag","embeddable":true,"href":"https:\/\/kmblock.com\/pt-pt\/wp-json\/wp\/v2\/product_tag?post=11629"}],"curies":[{"name":"wp","href":"https:\/\/api.w.org\/{rel}","templated":true}]}}