{"id":11599,"date":"2024-09-24T22:07:04","date_gmt":"2024-09-24T22:07:04","guid":{"rendered":"https:\/\/kmblock.com\/product\/volkswagen-jetta-vi\/"},"modified":"2024-09-24T22:07:04","modified_gmt":"2024-09-24T22:07:04","slug":"volkswagen-jetta-vi","status":"publish","type":"product","link":"https:\/\/kmblock.com\/pt-pt\/product\/volkswagen-jetta-vi\/","title":{"rendered":"Volkswagen Jetta VI"},"content":{"rendered":"<h3><strong>BLOQUEADOR DE QUIL\u00d3METROS PARA VOLKSWAGEN JETTA VI<\/strong><\/h3>\n<p>O Bloqueador de Quil\u00f3metros do VOLKSWAGEN JETTA VI tamb\u00e9m \u00e9 conhecido como: Bloqueador de Od\u00f3metro, Bloqueador de Od\u00f3metro, Bloqueador de Lata, Bloqueador de Quil\u00f3metros, Od\u00f3metro de Viagem, Filtro de Lata e, por vezes, como ferramenta de Corre\u00e7\u00e3o de Quil\u00f3metros.<\/p>\n<p><strong>COMPATIBILIDADE:<\/strong> Adequado para todos os modelos VOLKSWAGEN JETTA VI lan\u00e7ados de 2010 a 2018.<\/p>\n<h3><strong>ESPECIFICA\u00c7\u00d5ES:<\/strong><\/h3>\n<ul>\n<li><strong>Instala\u00e7\u00e3o f\u00e1cil de fazeres tu mesmo:<\/strong> Processo de instala\u00e7\u00e3o simples, sem necessidade de soldar ou cortar cabos.<\/li>\n<li><strong>Funcionamento f\u00e1cil de utilizar:<\/strong> Funciona com combina\u00e7\u00f5es de teclas f\u00e1ceis.<\/li>\n<li><strong>Desempenho indetet\u00e1vel:<\/strong> N\u00e3o deixa vest\u00edgios, nem mensagens de erro no veloc\u00edmetro ou no painel de navega\u00e7\u00e3o.<\/li>\n<li><strong>Flexibilidade operacional:<\/strong> Pode ser ligado e desligado enquanto o ve\u00edculo est\u00e1 em movimento.<\/li>\n<li><strong>Componentes de alta qualidade:<\/strong> Inclui fichas de qualidade superior e cabos resistentes ao calor.<\/li>\n<li><strong>Modos m\u00faltiplos:<\/strong> Escolhe entre v\u00e1rios modos para diferentes prefer\u00eancias de altera\u00e7\u00e3o de quilometragem.<\/li>\n<li><strong>Fun\u00e7\u00e3o de mem\u00f3ria:<\/strong> As defini\u00e7\u00f5es s\u00e3o guardadas automaticamente para maior comodidade.<\/li>\n<li><strong>Garantia p\u00f3s-remo\u00e7\u00e3o:<\/strong> Evita que a quilometragem aumente ap\u00f3s a remo\u00e7\u00e3o.<\/li>\n<li><strong>Seguran\u00e7a de diagn\u00f3stico:<\/strong> N\u00e3o pode ser detectado por aparelhos de diagn\u00f3stico para quilometragem alterada.<\/li>\n<li><strong>Instala\u00e7\u00e3o suave:<\/strong> Concebida com uma face de contacto e sulcos para uma instala\u00e7\u00e3o f\u00e1cil.<\/li>\n<li><strong>Luz de controlo do motor Nota:<\/strong> A ativa\u00e7\u00e3o pode acionar a luz de controlo do motor em ve\u00edculos a partir de finais de 2020.<\/li>\n<li><strong>Permite o desvio:<\/strong> Permite um desvio at\u00e9 1% da dist\u00e2ncia real percorrida para modos de quilometragem alterados.<\/li>\n<\/ul>\n<h3><strong>ACTIVA\u00c7\u00c3O E DESACTIVA\u00c7\u00c3O:<\/strong><\/h3>\n<ul>\n<li><strong>M\u00e9todo:<\/strong> Pressiona o bot\u00e3o OK durante 10 segundos.<\/li>\n<li><strong>Confirma\u00e7\u00e3o do modo:<\/strong> As luzes rotativas piscam brevemente para confirmar o modo selecionado (por exemplo, Modo 1 = 1 flash, Modo 2 = 2 flashes, etc.).<\/li>\n<\/ul>\n<p><strong>MODOS DISPON\u00cdVEIS:<\/strong><\/p>\n<p><span data-sheets-root=\"1\">Com o comando &#8221;ok&#8221; no volante, mant\u00e9m premido at\u00e9 que o pisca-pisca pisque.<\/span><\/p>\n<p><strong>Modo 1<\/strong>: 1 intermit\u00eancia \u00e0 esquerda 18 por cento (tudo funciona, velocidade de cruzeiro, etc.)<\/p>\n<p><strong>Modo 2:<\/strong> 2 intermit\u00eancias \u00e0 esquerda 0 por cento (sem velocidade, sem indicador de combust\u00edvel)<\/p>\n<p><strong>Modo 3<\/strong>: 1 intermit\u00eancia \u00e0 direita 100 por cento (original)&#8221;<\/p>\n<h3><strong>O QUE \u00c9 O BLOQUEADOR DE CONTA-QUIL\u00d3METROS OU A FERRAMENTA DE CORREC\u00c7\u00c3O DE QUILOMETRAGEM DO VOLKSWAGEN JETTA VI?<\/strong><\/h3>\n<p>Bloqueador de Quil\u00f3metros\/Odometro Volkswagen Jetta VI interrompe a contagem de quil\u00f3metros para testar o desempenho do ve\u00edculo. Na KM Block adquire o melhor m\u00f3dulo com componentes genu\u00ednos. Compat\u00edvel com od\u00f3metros digitais que contam em milhas ou quil\u00f3metros, garantindo a efici\u00eancia em motores diesel-gasolina, Ve\u00edculos El\u00e9ctricos H\u00edbridos Plug-in (PHEVs) e Carros El\u00e9ctricos.  <\/p>\n<p><strong>NOTA:<\/strong> As ferramentas de corre\u00e7\u00e3o de quilometragem n\u00e3o s\u00e3o vendidas para o Volkswagen Jetta VI devido ao seu potencial de utiliza\u00e7\u00e3o indevida para repor as leituras do conta-quil\u00f3metros. Estas ferramentas n\u00e3o conseguem reverter totalmente a quilometragem em ve\u00edculos modernos com m\u00faltiplas unidades de armazenamento de dados. <\/p>\n<p><strong>OP\u00c7\u00d5ES DISPON\u00cdVEIS:<\/strong> Explora a nossa vasta gama de dispositivos de trav\u00f5es de quilometragem para v\u00e1rios ve\u00edculos. A instala\u00e7\u00e3o \u00e9 padronizada e direta, n\u00e3o exigindo conhecimentos especializados de manuten\u00e7\u00e3o do ve\u00edculo. Liga-se \u00e0 porta do veloc\u00edmetro e ao painel de instrumentos para obter benef\u00edcios imediatos.  <\/p>\n<p><strong>FUNCIONAMENTO FLEX\u00cdVEL:<\/strong> Ativa ou desactiva o Bloqueador de Quil\u00f3metros do Volkswagen Jetta VI em qualquer altura, quer o ve\u00edculo esteja em movimento ou parado.<\/p>\n","protected":false},"excerpt":{"rendered":"<div class=\"flex-shrink-0 flex flex-col relative items-end\">\n<div class=\"pt-0\">\n<div class=\"gizmo-bot-avatar flex h-8 w-8 items-center justify-center overflow-hidden rounded-full\">\n<div class=\"relative p-1 rounded-sm flex items-center justify-center bg-token-main-surface-primary text-token-text-primary h-8 w-8\">\n<p>Antes de encomendar, rev\u00ea cuidadosamente o processo de ativa\u00e7\u00e3o do m\u00f3dulo e as notas importantes sobre potenciais mensagens de erro e<\/p>\n<div class=\"flex-shrink-0 flex flex-col relative items-end\">\n<div class=\"pt-0\">\n<div class=\"gizmo-bot-avatar flex h-8 w-8 items-center justify-center overflow-hidden rounded-full\">\n<div class=\"relative p-1 rounded-sm flex items-center justify-center bg-token-main-surface-primary text-token-text-primary h-8 w-8\">\n<p><strong>Para os modelos lan\u00e7ados entre 2010 e 2018: <\/strong>Os indicadores de velocidade e os sistemas de assist\u00eancia est\u00e3o inactivos. Concebido para instala\u00e7\u00e3o &#8221;fa\u00e7a voc\u00ea mesmo&#8221;. Pode ser ativado em movimento. Inclui fichas de qualidade superior e cabos resistentes ao calor.   <\/p>\n<p class=\"p1\"><b> Integra\u00e7\u00e3o perfeita<\/b><b><\/b><\/p>\n<p class=\"p1\"><b> Instala\u00e7\u00e3o f\u00e1cil<\/b><b><\/b><\/p>\n<p class=\"p1\"><b> Gest\u00e3o exacta da quilometragem<\/b><b><\/b><\/p>\n<p class=\"p1\"><b> Funcionamento em modo furtivo<\/b><b><\/b><\/p>\n<p class=\"p1\"><span class=\"s1\">\u2705<\/span><b> Suporte e actualiza\u00e7\u00f5es vital\u00edcias<\/b><\/p>\n<\/div>\n<\/div>\n<\/div>\n<\/div>\n<\/div>\n<\/div>\n<\/div>\n<\/div>\n","protected":false},"featured_media":933,"comment_status":"open","ping_status":"closed","template":"","meta":[],"product_brand":[],"product_cat":[1088],"product_tag":[],"class_list":{"0":"post-11599","1":"product","2":"type-product","3":"status-publish","4":"has-post-thumbnail","6":"product_cat-volkswagen","8":"first","9":"instock","10":"taxable","11":"shipping-taxable","12":"purchasable","13":"product-type-variable"},"yoast_head":"<!-- This site is optimized with the Yoast SEO plugin v27.5 - https:\/\/yoast.com\/product\/yoast-seo-wordpress\/ -->\n<title>Volkswagen Jetta VI Mileage Blocker (KM stopper) \u2192 KM Block<\/title>\n<meta name=\"description\" content=\"Buy a Volkswagen Jetta VI Mileage Blocker for the Best Prices \u2713 Free Shipping \u2713 Incl. Installation Guides\" \/>\n<meta name=\"robots\" content=\"index, follow, max-snippet:-1, max-image-preview:large, max-video-preview:-1\" \/>\n<meta property=\"og:locale\" content=\"pt_PT\" \/>\n<meta property=\"og:type\" content=\"article\" \/>\n<meta property=\"og:title\" content=\"Volkswagen Jetta VI Mileage Blocker (KM stopper) \u2192 KM Block\" \/>\n<meta property=\"og:description\" content=\"Buy a Volkswagen Jetta VI Mileage Blocker for the Best Prices \u2713 Free Shipping \u2713 Incl. Installation Guides\" \/>\n<meta property=\"og:url\" content=\"https:\/\/kmblock.com\/pt-pt\/product\/volkswagen-jetta-vi\/\" \/>\n<meta property=\"og:site_name\" content=\"KM Block\" \/>\n<meta property=\"og:image\" content=\"https:\/\/kmblock.com\/wp-content\/uploads\/2024\/09\/Volkswagen-ID.BUZZ_.webp\" \/>\n\t<meta property=\"og:image:width\" content=\"800\" \/>\n\t<meta property=\"og:image:height\" content=\"800\" \/>\n\t<meta property=\"og:image:type\" content=\"image\/webp\" \/>\n<meta name=\"twitter:card\" content=\"summary_large_image\" \/>\n<meta name=\"twitter:label1\" content=\"Tempo estimado de leitura\" \/>\n\t<meta name=\"twitter:data1\" content=\"3 minutos\" \/>\n<script type=\"application\/ld+json\" class=\"yoast-schema-graph\">{\"@context\":\"https:\\\/\\\/schema.org\",\"@graph\":[{\"@type\":\"WebPage\",\"@id\":\"https:\\\/\\\/kmblock.com\\\/pt-pt\\\/product\\\/volkswagen-jetta-vi\\\/\",\"url\":\"https:\\\/\\\/kmblock.com\\\/pt-pt\\\/product\\\/volkswagen-jetta-vi\\\/\",\"name\":\"Volkswagen Jetta VI Mileage Blocker (KM stopper) \u2192 KM Block\",\"isPartOf\":{\"@id\":\"https:\\\/\\\/kmblock.com\\\/pt-pt\\\/#website\"},\"primaryImageOfPage\":{\"@id\":\"https:\\\/\\\/kmblock.com\\\/pt-pt\\\/product\\\/volkswagen-jetta-vi\\\/#primaryimage\"},\"image\":{\"@id\":\"https:\\\/\\\/kmblock.com\\\/pt-pt\\\/product\\\/volkswagen-jetta-vi\\\/#primaryimage\"},\"thumbnailUrl\":\"https:\\\/\\\/kmblock.com\\\/wp-content\\\/uploads\\\/2024\\\/09\\\/Volkswagen-ID.BUZZ_.webp\",\"datePublished\":\"2024-09-24T22:07:04+00:00\",\"description\":\"Buy a Volkswagen Jetta VI Mileage Blocker for the Best Prices \u2713 Free Shipping \u2713 Incl. Installation Guides\",\"breadcrumb\":{\"@id\":\"https:\\\/\\\/kmblock.com\\\/pt-pt\\\/product\\\/volkswagen-jetta-vi\\\/#breadcrumb\"},\"inLanguage\":\"pt-PT\",\"potentialAction\":[{\"@type\":\"ReadAction\",\"target\":[\"https:\\\/\\\/kmblock.com\\\/pt-pt\\\/product\\\/volkswagen-jetta-vi\\\/\"]}]},{\"@type\":\"ImageObject\",\"inLanguage\":\"pt-PT\",\"@id\":\"https:\\\/\\\/kmblock.com\\\/pt-pt\\\/product\\\/volkswagen-jetta-vi\\\/#primaryimage\",\"url\":\"https:\\\/\\\/kmblock.com\\\/wp-content\\\/uploads\\\/2024\\\/09\\\/Volkswagen-ID.BUZZ_.webp\",\"contentUrl\":\"https:\\\/\\\/kmblock.com\\\/wp-content\\\/uploads\\\/2024\\\/09\\\/Volkswagen-ID.BUZZ_.webp\",\"width\":800,\"height\":800,\"caption\":\"Volkswagen ID.BUZZ\"},{\"@type\":\"BreadcrumbList\",\"@id\":\"https:\\\/\\\/kmblock.com\\\/pt-pt\\\/product\\\/volkswagen-jetta-vi\\\/#breadcrumb\",\"itemListElement\":[{\"@type\":\"ListItem\",\"position\":1,\"name\":\"Casa\",\"item\":\"https:\\\/\\\/kmblock.com\\\/pt-pt\\\/\"},{\"@type\":\"ListItem\",\"position\":2,\"name\":\"Produtos\",\"item\":\"https:\\\/\\\/kmblock.com\\\/pt-pt\\\/shop\\\/\"},{\"@type\":\"ListItem\",\"position\":3,\"name\":\"Volkswagen Jetta VI\"}]},{\"@type\":\"WebSite\",\"@id\":\"https:\\\/\\\/kmblock.com\\\/pt-pt\\\/#website\",\"url\":\"https:\\\/\\\/kmblock.com\\\/pt-pt\\\/\",\"name\":\"KM Block\",\"description\":\"\",\"publisher\":{\"@id\":\"https:\\\/\\\/kmblock.com\\\/pt-pt\\\/#organization\"},\"potentialAction\":[{\"@type\":\"SearchAction\",\"target\":{\"@type\":\"EntryPoint\",\"urlTemplate\":\"https:\\\/\\\/kmblock.com\\\/pt-pt\\\/?s={search_term_string}\"},\"query-input\":{\"@type\":\"PropertyValueSpecification\",\"valueRequired\":true,\"valueName\":\"search_term_string\"}}],\"inLanguage\":\"pt-PT\"},{\"@type\":\"Organization\",\"@id\":\"https:\\\/\\\/kmblock.com\\\/pt-pt\\\/#organization\",\"name\":\"Bloco KM\",\"url\":\"https:\\\/\\\/kmblock.com\\\/pt-pt\\\/\",\"logo\":{\"@type\":\"ImageObject\",\"inLanguage\":\"pt-PT\",\"@id\":\"https:\\\/\\\/kmblock.com\\\/pt-pt\\\/#\\\/schema\\\/logo\\\/image\\\/\",\"url\":\"https:\\\/\\\/kmblock.com\\\/wp-content\\\/uploads\\\/2024\\\/08\\\/main-logo.png\",\"contentUrl\":\"https:\\\/\\\/kmblock.com\\\/wp-content\\\/uploads\\\/2024\\\/08\\\/main-logo.png\",\"width\":186,\"height\":28,\"caption\":\"Bloco KM\"},\"image\":{\"@id\":\"https:\\\/\\\/kmblock.com\\\/pt-pt\\\/#\\\/schema\\\/logo\\\/image\\\/\"}}]}<\/script>\n<!-- \/ Yoast SEO plugin. -->","yoast_head_json":{"title":"Volkswagen Jetta VI Mileage Blocker (KM stopper) \u2192 KM Block","description":"Buy a Volkswagen Jetta VI Mileage Blocker for the Best Prices \u2713 Free Shipping \u2713 Incl. Installation Guides","robots":{"index":"index","follow":"follow","max-snippet":"max-snippet:-1","max-image-preview":"max-image-preview:large","max-video-preview":"max-video-preview:-1"},"og_locale":"pt_PT","og_type":"article","og_title":"Volkswagen Jetta VI Mileage Blocker (KM stopper) \u2192 KM Block","og_description":"Buy a Volkswagen Jetta VI Mileage Blocker for the Best Prices \u2713 Free Shipping \u2713 Incl. Installation Guides","og_url":"https:\/\/kmblock.com\/pt-pt\/product\/volkswagen-jetta-vi\/","og_site_name":"KM Block","og_image":[{"width":800,"height":800,"url":"https:\/\/kmblock.com\/wp-content\/uploads\/2024\/09\/Volkswagen-ID.BUZZ_.webp","type":"image\/webp"}],"twitter_card":"summary_large_image","twitter_misc":{"Tempo estimado de leitura":"3 minutos"},"schema":{"@context":"https:\/\/schema.org","@graph":[{"@type":"WebPage","@id":"https:\/\/kmblock.com\/pt-pt\/product\/volkswagen-jetta-vi\/","url":"https:\/\/kmblock.com\/pt-pt\/product\/volkswagen-jetta-vi\/","name":"Volkswagen Jetta VI Mileage Blocker (KM stopper) \u2192 KM Block","isPartOf":{"@id":"https:\/\/kmblock.com\/pt-pt\/#website"},"primaryImageOfPage":{"@id":"https:\/\/kmblock.com\/pt-pt\/product\/volkswagen-jetta-vi\/#primaryimage"},"image":{"@id":"https:\/\/kmblock.com\/pt-pt\/product\/volkswagen-jetta-vi\/#primaryimage"},"thumbnailUrl":"https:\/\/kmblock.com\/wp-content\/uploads\/2024\/09\/Volkswagen-ID.BUZZ_.webp","datePublished":"2024-09-24T22:07:04+00:00","description":"Buy a Volkswagen Jetta VI Mileage Blocker for the Best Prices \u2713 Free Shipping \u2713 Incl. Installation Guides","breadcrumb":{"@id":"https:\/\/kmblock.com\/pt-pt\/product\/volkswagen-jetta-vi\/#breadcrumb"},"inLanguage":"pt-PT","potentialAction":[{"@type":"ReadAction","target":["https:\/\/kmblock.com\/pt-pt\/product\/volkswagen-jetta-vi\/"]}]},{"@type":"ImageObject","inLanguage":"pt-PT","@id":"https:\/\/kmblock.com\/pt-pt\/product\/volkswagen-jetta-vi\/#primaryimage","url":"https:\/\/kmblock.com\/wp-content\/uploads\/2024\/09\/Volkswagen-ID.BUZZ_.webp","contentUrl":"https:\/\/kmblock.com\/wp-content\/uploads\/2024\/09\/Volkswagen-ID.BUZZ_.webp","width":800,"height":800,"caption":"Volkswagen ID.BUZZ"},{"@type":"BreadcrumbList","@id":"https:\/\/kmblock.com\/pt-pt\/product\/volkswagen-jetta-vi\/#breadcrumb","itemListElement":[{"@type":"ListItem","position":1,"name":"Casa","item":"https:\/\/kmblock.com\/pt-pt\/"},{"@type":"ListItem","position":2,"name":"Produtos","item":"https:\/\/kmblock.com\/pt-pt\/shop\/"},{"@type":"ListItem","position":3,"name":"Volkswagen Jetta VI"}]},{"@type":"WebSite","@id":"https:\/\/kmblock.com\/pt-pt\/#website","url":"https:\/\/kmblock.com\/pt-pt\/","name":"KM Block","description":"","publisher":{"@id":"https:\/\/kmblock.com\/pt-pt\/#organization"},"potentialAction":[{"@type":"SearchAction","target":{"@type":"EntryPoint","urlTemplate":"https:\/\/kmblock.com\/pt-pt\/?s={search_term_string}"},"query-input":{"@type":"PropertyValueSpecification","valueRequired":true,"valueName":"search_term_string"}}],"inLanguage":"pt-PT"},{"@type":"Organization","@id":"https:\/\/kmblock.com\/pt-pt\/#organization","name":"Bloco KM","url":"https:\/\/kmblock.com\/pt-pt\/","logo":{"@type":"ImageObject","inLanguage":"pt-PT","@id":"https:\/\/kmblock.com\/pt-pt\/#\/schema\/logo\/image\/","url":"https:\/\/kmblock.com\/wp-content\/uploads\/2024\/08\/main-logo.png","contentUrl":"https:\/\/kmblock.com\/wp-content\/uploads\/2024\/08\/main-logo.png","width":186,"height":28,"caption":"Bloco KM"},"image":{"@id":"https:\/\/kmblock.com\/pt-pt\/#\/schema\/logo\/image\/"}}]}},"_links":{"self":[{"href":"https:\/\/kmblock.com\/pt-pt\/wp-json\/wp\/v2\/product\/11599","targetHints":{"allow":["GET"]}}],"collection":[{"href":"https:\/\/kmblock.com\/pt-pt\/wp-json\/wp\/v2\/product"}],"about":[{"href":"https:\/\/kmblock.com\/pt-pt\/wp-json\/wp\/v2\/types\/product"}],"replies":[{"embeddable":true,"href":"https:\/\/kmblock.com\/pt-pt\/wp-json\/wp\/v2\/comments?post=11599"}],"wp:featuredmedia":[{"embeddable":true,"href":"https:\/\/kmblock.com\/pt-pt\/wp-json\/wp\/v2\/media\/933"}],"wp:attachment":[{"href":"https:\/\/kmblock.com\/pt-pt\/wp-json\/wp\/v2\/media?parent=11599"}],"wp:term":[{"taxonomy":"product_brand","embeddable":true,"href":"https:\/\/kmblock.com\/pt-pt\/wp-json\/wp\/v2\/product_brand?post=11599"},{"taxonomy":"product_cat","embeddable":true,"href":"https:\/\/kmblock.com\/pt-pt\/wp-json\/wp\/v2\/product_cat?post=11599"},{"taxonomy":"product_tag","embeddable":true,"href":"https:\/\/kmblock.com\/pt-pt\/wp-json\/wp\/v2\/product_tag?post=11599"}],"curies":[{"name":"wp","href":"https:\/\/api.w.org\/{rel}","templated":true}]}}