{"id":11515,"date":"2024-09-24T15:39:44","date_gmt":"2024-09-24T15:39:44","guid":{"rendered":"https:\/\/kmblock.com\/product\/volkswagen-golf-vii\/"},"modified":"2024-09-24T15:39:44","modified_gmt":"2024-09-24T15:39:44","slug":"volkswagen-golf-vii","status":"publish","type":"product","link":"https:\/\/kmblock.com\/pt-pt\/product\/volkswagen-golf-vii\/","title":{"rendered":"Volkswagen Golf VII"},"content":{"rendered":"<h3>Bloqueador de quil\u00f3metros para Volkswagen Golf VII<\/h3>\n<p>O <strong>bloqueador de quilometragem do Volkswagen Golf VII &#8211; frequentemente<\/strong>designado por bloqueador do conta-quil\u00f3metros, batente do conta-quil\u00f3metros, bloqueador de latas, batente de quilometragem, conta-quil\u00f3metros de viagem, filtro de latas ou mesmo ferramenta de corre\u00e7\u00e3o de quilometragem &#8211; foi concebido para todos os modelos <strong>Volkswagen Golf VII<\/strong> lan\u00e7ados entre <strong>2012 e 2020<\/strong>.<\/p>\n<h3>Especifica\u00e7\u00f5es<\/h3>\n<ul>\n<li><strong>Instala\u00e7\u00e3o &#8221;fa\u00e7a voc\u00ea mesmo&#8221; (DIY)<\/strong> para maior comodidade do utilizador.<\/li>\n<li><strong>M\u00faltiplos modos de funcionamento<\/strong> para uma utiliza\u00e7\u00e3o vers\u00e1til.<\/li>\n<li><strong>Instala\u00e7\u00e3o suave<\/strong> assegurada pela face de contacto e pelas sali\u00eancias do conetor.<\/li>\n<li><strong>N\u00e3o s\u00e3o apresentadas mensagens de erro<\/strong> no veloc\u00edmetro ou no painel de navega\u00e7\u00e3o.<\/li>\n<li><strong>Remo\u00e7\u00e3o indetet\u00e1vel<\/strong>&#8211; n\u00e3o \u00e9 necess\u00e1rio soldar ou cortar os cabos.<\/li>\n<li><strong>Fichas de qualidade superior<\/strong> e cabos resistentes ao calor para maior durabilidade.<\/li>\n<li>Funciona <strong>facilmente<\/strong> com v\u00e1rias combina\u00e7\u00f5es de teclas.<\/li>\n<li>Ap\u00f3s a remo\u00e7\u00e3o do m\u00f3dulo, <strong>a quilometragem n\u00e3o \u00e9 afetada<\/strong>.<\/li>\n<li><strong>Os aparelhos de diagn\u00f3stico<\/strong> n\u00e3o conseguem detetar as altera\u00e7\u00f5es efectuadas pelo Mileage Blocker.<\/li>\n<li><strong>Defini\u00e7\u00f5es persistentes &#8211; uma vez<\/strong>selecionadas, permanecem guardadas para utiliza\u00e7\u00e3o futura.<\/li>\n<li><strong>O veloc\u00edmetro e os sistemas de assist\u00eancia<\/strong> funcionam sem falhas.<\/li>\n<li>Aten\u00e7\u00e3o: a ativa\u00e7\u00e3o do dispositivo pode acionar a luz de controlo do motor nos modelos do final de 2020.<\/li>\n<\/ul>\n<h3>Ativa\u00e7\u00e3o e desativa\u00e7\u00e3o<\/h3>\n<p><span data-sheets-root=\"1\">Com o comando &#8221;ok&#8221; no volante, mant\u00e9m premido at\u00e9 que o pisca-pisca pisque.<\/span><\/p>\n<p><strong>Modo 1:<\/strong> 1 intermit\u00eancia \u00e0 esquerda 18 por cento (tudo funciona, velocidade de cruzeiro, etc.)<\/p>\n<p><strong>Modo 2<\/strong>: 2 intermit\u00eancias \u00e0 esquerda 0 por cento (sem velocidade, sem indicador de combust\u00edvel)<\/p>\n<p><strong>Modo 3<\/strong>: 1 intermit\u00eancia \u00e0 direita 100 por cento (original)&#8221;<\/p>\n<p>O <strong>Volkswagen Golf VII Kilometer Stopper<\/strong> mant\u00e9m sempre as \u00faltimas regula\u00e7\u00f5es aplicadas, pelo que n\u00e3o \u00e9 necess\u00e1rio reajustar ao ligar o ve\u00edculo da pr\u00f3xima vez.<\/p>\n<h3>O que \u00e9 o bloqueador de conta-quil\u00f3metros do Volkswagen Golf VII?<\/h3>\n<p>O <strong>Bloqueador de Quil\u00f3metros\/Odometro do Volkswagen Golf VII<\/strong> foi especificamente concebido para parar a contagem de quil\u00f3metros enquanto testa o desempenho do ve\u00edculo. Esta ferramenta \u00e9 compat\u00edvel com motores a diesel e a gasolina, bem como com ve\u00edculos h\u00edbridos el\u00e9ctricos de Plug-in (PHEV) e carros el\u00e9ctricos. Na KM Block, podes comprar um m\u00f3dulo de alta qualidade feito de componentes genu\u00ednos. Independentemente de o od\u00f3metro do teu ve\u00edculo medir em milhas ou quil\u00f3metros, o dispositivo funciona eficazmente. Os nossos programadores criam software \u00e0 medida de cada fabricante e modelo para garantir um funcionamento sem falhas.<\/p>\n<p>Tem em aten\u00e7\u00e3o que n\u00e3o vendemos ferramentas de corre\u00e7\u00e3o de quilometragem para o Volkswagen Golf VII, uma vez que se destinam a fins fraudulentos e apenas alteram as leituras do conta-quil\u00f3metros. Estas ferramentas tentam muitas vezes rebobinar ou reverter a quilometragem, mas n\u00e3o conseguem ajustar com precis\u00e3o todas as unidades de armazenamento de dados de um ve\u00edculo. <\/p>\n<p>Oferecemos uma vasta gama de dispositivos de travagem de quil\u00f3metros para v\u00e1rios ve\u00edculos. A instala\u00e7\u00e3o \u00e9 simples e n\u00e3o requer grandes conhecimentos de manuten\u00e7\u00e3o do ve\u00edculo. Basta ligar o m\u00f3dulo entre a porta do veloc\u00edmetro e o painel de instrumentos para colher os benef\u00edcios deste dispositivo inovador.  <\/p>\n<p>O <strong>bloqueador de quil\u00f3metros do Volkswagen Golf VII<\/strong> \u00e9 uma ferramenta excecional que te permite testar o desempenho do teu carro num ambiente controlado.<\/p>\n","protected":false},"excerpt":{"rendered":"<div class=\"flex-shrink-0 flex flex-col relative items-end\">\n<div class=\"pt-0\">\n<div class=\"gizmo-bot-avatar flex h-8 w-8 items-center justify-center overflow-hidden rounded-full\">\n<div class=\"relative p-1 rounded-sm flex items-center justify-center bg-token-main-surface-primary text-token-text-primary h-8 w-8\">\n<p>Antes de encomendar, rev\u00ea cuidadosamente o processo de ativa\u00e7\u00e3o do m\u00f3dulo e as notas importantes sobre potenciais mensagens de erro e funcionalidade do sistema abaixo.<\/p>\n<p><strong>Para modelos lan\u00e7ados desde 2012-2020.  <\/strong>Instala facilmente o dispositivo sem ajuda profissional. Desfruta de uma funcionalidade discreta que n\u00e3o deixa vest\u00edgios ap\u00f3s a remo\u00e7\u00e3o. Vem com fichas de alta qualidade e cabos resistentes ao calor para maior durabilidade. O veloc\u00edmetro e os sistemas de assist\u00eancia funcionam perfeitamente sem qualquer problema.   <\/p>\n<p class=\"p1\"><b> Integra\u00e7\u00e3o perfeita<\/b><b><\/b><\/p>\n<p class=\"p1\"><b> Instala\u00e7\u00e3o f\u00e1cil<\/b><b><\/b><\/p>\n<p class=\"p1\"><b> Gest\u00e3o exacta da quilometragem<\/b><b><\/b><\/p>\n<p class=\"p1\"><b> Funcionamento em modo furtivo<\/b><b><\/b><\/p>\n<p class=\"p1\"><span class=\"s1\">\u2705<\/span><b> Suporte e actualiza\u00e7\u00f5es vital\u00edcias<\/b><\/p>\n<\/div>\n<\/div>\n<\/div>\n<\/div>\n","protected":false},"featured_media":917,"comment_status":"open","ping_status":"closed","template":"","meta":[],"product_brand":[],"product_cat":[1088],"product_tag":[],"class_list":{"0":"post-11515","1":"product","2":"type-product","3":"status-publish","4":"has-post-thumbnail","6":"product_cat-volkswagen","8":"first","9":"instock","10":"taxable","11":"shipping-taxable","12":"purchasable","13":"product-type-variable"},"yoast_head":"<!-- This site is optimized with the Yoast SEO plugin v27.5 - https:\/\/yoast.com\/product\/yoast-seo-wordpress\/ -->\n<title>Volkswagen Golf VII Mileage Blocker (KM stopper) \u2192 KM Block<\/title>\n<meta name=\"description\" content=\"Buy a Volkswagen Golf VII Mileage Blocker for the Best Prices \u2713 Free Shipping \u2713 Incl. Installation Guides\" \/>\n<meta name=\"robots\" content=\"index, follow, max-snippet:-1, max-image-preview:large, max-video-preview:-1\" \/>\n<meta property=\"og:locale\" content=\"pt_PT\" \/>\n<meta property=\"og:type\" content=\"article\" \/>\n<meta property=\"og:title\" content=\"Volkswagen Golf VII Mileage Blocker (KM stopper) \u2192 KM Block\" \/>\n<meta property=\"og:description\" content=\"Buy a Volkswagen Golf VII Mileage Blocker for the Best Prices \u2713 Free Shipping \u2713 Incl. Installation Guides\" \/>\n<meta property=\"og:url\" content=\"https:\/\/kmblock.com\/pt-pt\/product\/volkswagen-golf-vii\/\" \/>\n<meta property=\"og:site_name\" content=\"KM Block\" \/>\n<meta property=\"og:image\" content=\"https:\/\/kmblock.com\/wp-content\/uploads\/2024\/09\/VW-Golf-7-600x600-1.jpg\" \/>\n\t<meta property=\"og:image:width\" content=\"600\" \/>\n\t<meta property=\"og:image:height\" content=\"600\" \/>\n\t<meta property=\"og:image:type\" content=\"image\/jpeg\" \/>\n<meta name=\"twitter:card\" content=\"summary_large_image\" \/>\n<meta name=\"twitter:label1\" content=\"Tempo estimado de leitura\" \/>\n\t<meta name=\"twitter:data1\" content=\"3 minutos\" \/>\n<script type=\"application\/ld+json\" class=\"yoast-schema-graph\">{\"@context\":\"https:\\\/\\\/schema.org\",\"@graph\":[{\"@type\":\"WebPage\",\"@id\":\"https:\\\/\\\/kmblock.com\\\/pt-pt\\\/product\\\/volkswagen-golf-vii\\\/\",\"url\":\"https:\\\/\\\/kmblock.com\\\/pt-pt\\\/product\\\/volkswagen-golf-vii\\\/\",\"name\":\"Volkswagen Golf VII Mileage Blocker (KM stopper) \u2192 KM Block\",\"isPartOf\":{\"@id\":\"https:\\\/\\\/kmblock.com\\\/pt-pt\\\/#website\"},\"primaryImageOfPage\":{\"@id\":\"https:\\\/\\\/kmblock.com\\\/pt-pt\\\/product\\\/volkswagen-golf-vii\\\/#primaryimage\"},\"image\":{\"@id\":\"https:\\\/\\\/kmblock.com\\\/pt-pt\\\/product\\\/volkswagen-golf-vii\\\/#primaryimage\"},\"thumbnailUrl\":\"https:\\\/\\\/kmblock.com\\\/wp-content\\\/uploads\\\/2024\\\/09\\\/VW-Golf-7-600x600-1.jpg\",\"datePublished\":\"2024-09-24T15:39:44+00:00\",\"description\":\"Buy a Volkswagen Golf VII Mileage Blocker for the Best Prices \u2713 Free Shipping \u2713 Incl. Installation Guides\",\"breadcrumb\":{\"@id\":\"https:\\\/\\\/kmblock.com\\\/pt-pt\\\/product\\\/volkswagen-golf-vii\\\/#breadcrumb\"},\"inLanguage\":\"pt-PT\",\"potentialAction\":[{\"@type\":\"ReadAction\",\"target\":[\"https:\\\/\\\/kmblock.com\\\/pt-pt\\\/product\\\/volkswagen-golf-vii\\\/\"]}]},{\"@type\":\"ImageObject\",\"inLanguage\":\"pt-PT\",\"@id\":\"https:\\\/\\\/kmblock.com\\\/pt-pt\\\/product\\\/volkswagen-golf-vii\\\/#primaryimage\",\"url\":\"https:\\\/\\\/kmblock.com\\\/wp-content\\\/uploads\\\/2024\\\/09\\\/VW-Golf-7-600x600-1.jpg\",\"contentUrl\":\"https:\\\/\\\/kmblock.com\\\/wp-content\\\/uploads\\\/2024\\\/09\\\/VW-Golf-7-600x600-1.jpg\",\"width\":600,\"height\":600,\"caption\":\"VW-Golf-7-600x600\"},{\"@type\":\"BreadcrumbList\",\"@id\":\"https:\\\/\\\/kmblock.com\\\/pt-pt\\\/product\\\/volkswagen-golf-vii\\\/#breadcrumb\",\"itemListElement\":[{\"@type\":\"ListItem\",\"position\":1,\"name\":\"Casa\",\"item\":\"https:\\\/\\\/kmblock.com\\\/pt-pt\\\/\"},{\"@type\":\"ListItem\",\"position\":2,\"name\":\"Produtos\",\"item\":\"https:\\\/\\\/kmblock.com\\\/pt-pt\\\/shop\\\/\"},{\"@type\":\"ListItem\",\"position\":3,\"name\":\"Volkswagen Golf VII\"}]},{\"@type\":\"WebSite\",\"@id\":\"https:\\\/\\\/kmblock.com\\\/pt-pt\\\/#website\",\"url\":\"https:\\\/\\\/kmblock.com\\\/pt-pt\\\/\",\"name\":\"KM Block\",\"description\":\"\",\"publisher\":{\"@id\":\"https:\\\/\\\/kmblock.com\\\/pt-pt\\\/#organization\"},\"potentialAction\":[{\"@type\":\"SearchAction\",\"target\":{\"@type\":\"EntryPoint\",\"urlTemplate\":\"https:\\\/\\\/kmblock.com\\\/pt-pt\\\/?s={search_term_string}\"},\"query-input\":{\"@type\":\"PropertyValueSpecification\",\"valueRequired\":true,\"valueName\":\"search_term_string\"}}],\"inLanguage\":\"pt-PT\"},{\"@type\":\"Organization\",\"@id\":\"https:\\\/\\\/kmblock.com\\\/pt-pt\\\/#organization\",\"name\":\"Bloco KM\",\"url\":\"https:\\\/\\\/kmblock.com\\\/pt-pt\\\/\",\"logo\":{\"@type\":\"ImageObject\",\"inLanguage\":\"pt-PT\",\"@id\":\"https:\\\/\\\/kmblock.com\\\/pt-pt\\\/#\\\/schema\\\/logo\\\/image\\\/\",\"url\":\"https:\\\/\\\/kmblock.com\\\/wp-content\\\/uploads\\\/2024\\\/08\\\/main-logo.png\",\"contentUrl\":\"https:\\\/\\\/kmblock.com\\\/wp-content\\\/uploads\\\/2024\\\/08\\\/main-logo.png\",\"width\":186,\"height\":28,\"caption\":\"Bloco KM\"},\"image\":{\"@id\":\"https:\\\/\\\/kmblock.com\\\/pt-pt\\\/#\\\/schema\\\/logo\\\/image\\\/\"}}]}<\/script>\n<!-- \/ Yoast SEO plugin. -->","yoast_head_json":{"title":"Volkswagen Golf VII Mileage Blocker (KM stopper) \u2192 KM Block","description":"Buy a Volkswagen Golf VII Mileage Blocker for the Best Prices \u2713 Free Shipping \u2713 Incl. Installation Guides","robots":{"index":"index","follow":"follow","max-snippet":"max-snippet:-1","max-image-preview":"max-image-preview:large","max-video-preview":"max-video-preview:-1"},"og_locale":"pt_PT","og_type":"article","og_title":"Volkswagen Golf VII Mileage Blocker (KM stopper) \u2192 KM Block","og_description":"Buy a Volkswagen Golf VII Mileage Blocker for the Best Prices \u2713 Free Shipping \u2713 Incl. Installation Guides","og_url":"https:\/\/kmblock.com\/pt-pt\/product\/volkswagen-golf-vii\/","og_site_name":"KM Block","og_image":[{"width":600,"height":600,"url":"https:\/\/kmblock.com\/wp-content\/uploads\/2024\/09\/VW-Golf-7-600x600-1.jpg","type":"image\/jpeg"}],"twitter_card":"summary_large_image","twitter_misc":{"Tempo estimado de leitura":"3 minutos"},"schema":{"@context":"https:\/\/schema.org","@graph":[{"@type":"WebPage","@id":"https:\/\/kmblock.com\/pt-pt\/product\/volkswagen-golf-vii\/","url":"https:\/\/kmblock.com\/pt-pt\/product\/volkswagen-golf-vii\/","name":"Volkswagen Golf VII Mileage Blocker (KM stopper) \u2192 KM Block","isPartOf":{"@id":"https:\/\/kmblock.com\/pt-pt\/#website"},"primaryImageOfPage":{"@id":"https:\/\/kmblock.com\/pt-pt\/product\/volkswagen-golf-vii\/#primaryimage"},"image":{"@id":"https:\/\/kmblock.com\/pt-pt\/product\/volkswagen-golf-vii\/#primaryimage"},"thumbnailUrl":"https:\/\/kmblock.com\/wp-content\/uploads\/2024\/09\/VW-Golf-7-600x600-1.jpg","datePublished":"2024-09-24T15:39:44+00:00","description":"Buy a Volkswagen Golf VII Mileage Blocker for the Best Prices \u2713 Free Shipping \u2713 Incl. Installation Guides","breadcrumb":{"@id":"https:\/\/kmblock.com\/pt-pt\/product\/volkswagen-golf-vii\/#breadcrumb"},"inLanguage":"pt-PT","potentialAction":[{"@type":"ReadAction","target":["https:\/\/kmblock.com\/pt-pt\/product\/volkswagen-golf-vii\/"]}]},{"@type":"ImageObject","inLanguage":"pt-PT","@id":"https:\/\/kmblock.com\/pt-pt\/product\/volkswagen-golf-vii\/#primaryimage","url":"https:\/\/kmblock.com\/wp-content\/uploads\/2024\/09\/VW-Golf-7-600x600-1.jpg","contentUrl":"https:\/\/kmblock.com\/wp-content\/uploads\/2024\/09\/VW-Golf-7-600x600-1.jpg","width":600,"height":600,"caption":"VW-Golf-7-600x600"},{"@type":"BreadcrumbList","@id":"https:\/\/kmblock.com\/pt-pt\/product\/volkswagen-golf-vii\/#breadcrumb","itemListElement":[{"@type":"ListItem","position":1,"name":"Casa","item":"https:\/\/kmblock.com\/pt-pt\/"},{"@type":"ListItem","position":2,"name":"Produtos","item":"https:\/\/kmblock.com\/pt-pt\/shop\/"},{"@type":"ListItem","position":3,"name":"Volkswagen Golf VII"}]},{"@type":"WebSite","@id":"https:\/\/kmblock.com\/pt-pt\/#website","url":"https:\/\/kmblock.com\/pt-pt\/","name":"KM Block","description":"","publisher":{"@id":"https:\/\/kmblock.com\/pt-pt\/#organization"},"potentialAction":[{"@type":"SearchAction","target":{"@type":"EntryPoint","urlTemplate":"https:\/\/kmblock.com\/pt-pt\/?s={search_term_string}"},"query-input":{"@type":"PropertyValueSpecification","valueRequired":true,"valueName":"search_term_string"}}],"inLanguage":"pt-PT"},{"@type":"Organization","@id":"https:\/\/kmblock.com\/pt-pt\/#organization","name":"Bloco KM","url":"https:\/\/kmblock.com\/pt-pt\/","logo":{"@type":"ImageObject","inLanguage":"pt-PT","@id":"https:\/\/kmblock.com\/pt-pt\/#\/schema\/logo\/image\/","url":"https:\/\/kmblock.com\/wp-content\/uploads\/2024\/08\/main-logo.png","contentUrl":"https:\/\/kmblock.com\/wp-content\/uploads\/2024\/08\/main-logo.png","width":186,"height":28,"caption":"Bloco KM"},"image":{"@id":"https:\/\/kmblock.com\/pt-pt\/#\/schema\/logo\/image\/"}}]}},"_links":{"self":[{"href":"https:\/\/kmblock.com\/pt-pt\/wp-json\/wp\/v2\/product\/11515","targetHints":{"allow":["GET"]}}],"collection":[{"href":"https:\/\/kmblock.com\/pt-pt\/wp-json\/wp\/v2\/product"}],"about":[{"href":"https:\/\/kmblock.com\/pt-pt\/wp-json\/wp\/v2\/types\/product"}],"replies":[{"embeddable":true,"href":"https:\/\/kmblock.com\/pt-pt\/wp-json\/wp\/v2\/comments?post=11515"}],"wp:featuredmedia":[{"embeddable":true,"href":"https:\/\/kmblock.com\/pt-pt\/wp-json\/wp\/v2\/media\/917"}],"wp:attachment":[{"href":"https:\/\/kmblock.com\/pt-pt\/wp-json\/wp\/v2\/media?parent=11515"}],"wp:term":[{"taxonomy":"product_brand","embeddable":true,"href":"https:\/\/kmblock.com\/pt-pt\/wp-json\/wp\/v2\/product_brand?post=11515"},{"taxonomy":"product_cat","embeddable":true,"href":"https:\/\/kmblock.com\/pt-pt\/wp-json\/wp\/v2\/product_cat?post=11515"},{"taxonomy":"product_tag","embeddable":true,"href":"https:\/\/kmblock.com\/pt-pt\/wp-json\/wp\/v2\/product_tag?post=11515"}],"curies":[{"name":"wp","href":"https:\/\/api.w.org\/{rel}","templated":true}]}}