{"id":11422,"date":"2024-09-24T15:36:33","date_gmt":"2024-09-24T15:36:33","guid":{"rendered":"https:\/\/kmblock.com\/product\/volkswagen-golf-vi\/"},"modified":"2024-09-24T15:36:33","modified_gmt":"2024-09-24T15:36:33","slug":"volkswagen-golf-vi","status":"publish","type":"product","link":"https:\/\/kmblock.com\/pt-pt\/product\/volkswagen-golf-vi\/","title":{"rendered":"Volkswagen Golf VI"},"content":{"rendered":"<h3>Bloqueador de Quil\u00f3metros para Volkswagen Golf VI<\/h3>\n<p>O <strong>bloqueador de quilometragem do Volkswagen Golf VI<\/strong>, tamb\u00e9m designado por <strong>bloqueador de<\/strong> conta-quil\u00f3metros, <strong>batente de<\/strong> conta-quil\u00f3metros, bloqueador <strong>de latas<\/strong>, <strong>batente de quilometragem<\/strong>, conta-quil\u00f3metros <strong>de viagem<\/strong>, <strong>filtro de latas<\/strong> ou, por vezes, <strong>ferramenta de corre\u00e7\u00e3o de quilometragem<\/strong>, foi especificamente concebido para todos os modelos Volkswagen Golf VI lan\u00e7ados <strong>entre 2008 e 2012<\/strong>.     <\/p>\n<h4>Especifica\u00e7\u00f5es<\/h4>\n<ul>\n<li><strong>Instala\u00e7\u00e3o &#8221;fa\u00e7a voc\u00ea mesmo&#8221;<\/strong>: Simples e direta, concebida para uma instala\u00e7\u00e3o f\u00e1cil.<\/li>\n<li><strong>Funcionamento f\u00e1cil de utilizar<\/strong>: Funciona com v\u00e1rias combina\u00e7\u00f5es de teclas para sele\u00e7\u00e3o do modo.<\/li>\n<li><strong>Funcionalidade sem vest\u00edgios<\/strong>: N\u00e3o \u00e9 necess\u00e1rio soldar ou cortar os cabos, n\u00e3o deixando vest\u00edgios ap\u00f3s a remo\u00e7\u00e3o.<\/li>\n<li><strong>Desempenho sem erros<\/strong>: N\u00e3o h\u00e1 mensagens de erro no veloc\u00edmetro ou no painel de navega\u00e7\u00e3o.<\/li>\n<li><strong>Ativa\u00e7\u00e3o em movimento<\/strong>: Liga e desliga facilmente o dispositivo durante a condu\u00e7\u00e3o.<\/li>\n<li><strong>Componentes de qualidade<\/strong>: Vem equipado com fichas de qualidade superior e cabos resistentes ao calor.<\/li>\n<li><strong>Quilometragem inalterada ap\u00f3s a remo\u00e7\u00e3o<\/strong>: A quilometragem n\u00e3o aumenta espontaneamente ap\u00f3s a remo\u00e7\u00e3o do m\u00f3dulo.<\/li>\n<li><strong>Resili\u00eancia de diagn\u00f3stico<\/strong>: A quilometragem alterada permanece indetet\u00e1vel pelos aparelhos de diagn\u00f3stico.<\/li>\n<li><strong>M\u00faltiplos modos<\/strong>: Escolhe entre v\u00e1rios modos adaptados \u00e0s tuas necessidades.<\/li>\n<li><strong>Veloc\u00edmetro e sistemas de assist\u00eancia<\/strong>: Tem em aten\u00e7\u00e3o que o veloc\u00edmetro e os sistemas de assist\u00eancia n\u00e3o funcionar\u00e3o enquanto o bloqueador estiver ativo.<\/li>\n<li><strong>Instala\u00e7\u00e3o sem problemas<\/strong>: A face de encaixe e os sulcos no conetor asseguram um processo de instala\u00e7\u00e3o f\u00e1cil e seguro.<\/li>\n<\/ul>\n<h4>Ativa\u00e7\u00e3o e desativa\u00e7\u00e3o<\/h4>\n<p><span data-sheets-root=\"1\">Com o comando &#8221;ok&#8221; no volante, mant\u00e9m premido at\u00e9 que o pisca-pisca pisque.<\/span><\/p>\n<p><strong>Modo 1: <\/strong>1 intermit\u00eancia \u00e0 esquerda 18 por cento (tudo funciona, velocidade de cruzeiro, etc.)<\/p>\n<p><strong>Modo 2<\/strong>: 2 intermit\u00eancias \u00e0 esquerda 0 por cento (sem velocidade, sem indicador de combust\u00edvel)<\/p>\n<p><strong>Modo 3<\/strong>: 1 intermit\u00eancia \u00e0 direita 100 por cento (original)&#8221;<\/p>\n<p>O <strong>Volkswagen Golf VI Kilometer Stopper<\/strong> mant\u00e9m as defini\u00e7\u00f5es previamente aplicadas, o que significa que n\u00e3o \u00e9 necess\u00e1rio ajustar as defini\u00e7\u00f5es de cada vez que ligas o carro.<\/p>\n<p>O dispositivo pode ser ativado ou desativado a qualquer momento, quer o ve\u00edculo esteja em movimento ou parado.<\/p>\n<h4>O que \u00e9 o bloqueador de conta-quil\u00f3metros do Volkswagen Golf VI?<\/h4>\n<p>O <strong>Bloqueador de Qu<\/strong> il\u00f3metros \/ <strong>Bloqueador de Od\u00f3metro<\/strong> <strong>do Volkswagen Golf VI<\/strong> foi concebido para impedir o registo de quil\u00f3metros no teu ve\u00edculo durante os testes de desempenho. Na KM Block, podes encontrar um m\u00f3dulo de alta qualidade equipado com componentes genu\u00ednos. Quer o teu conta-quil\u00f3metros digital me\u00e7a em milhas ou em quil\u00f3metros, este dispositivo funciona eficazmente. A nossa equipa personaliza o software para cada marca e modelo de ve\u00edculo para garantir um desempenho sem falhas. O Mileage Blocker \u00e9 compat\u00edvel com ve\u00edculos a diesel, a gasolina, ve\u00edculos h\u00edbridos el\u00e9tricos plug-in (PHEVs) e carros el\u00e9tricos.    <\/p>\n<p><strong>Nota importante<\/strong>: N\u00e3o disponibilizamos ferramentas de corre\u00e7\u00e3o de quilometragem para o Volkswagen Golf VI, uma vez que estas s\u00e3o frequentemente utilizadas de forma incorrecta para manipular as leituras do conta-quil\u00f3metros de forma enganosa. Tais ferramentas podem reverter a dist\u00e2ncia percorrida, mas os ve\u00edculos modernos t\u00eam v\u00e1rios sistemas de armazenamento de dados, tornando a revers\u00e3o completa ineficaz. <\/p>\n<p>Explora a nossa vasta sele\u00e7\u00e3o de dispositivos de trav\u00f5es de quilometragem para v\u00e1rios ve\u00edculos. O processo de instala\u00e7\u00e3o \u00e9 consistente em todos os modelos, n\u00e3o requerendo conhecimentos especializados de manuten\u00e7\u00e3o do ve\u00edculo. Basta ligar o m\u00f3dulo entre a porta do veloc\u00edmetro e o painel de instrumentos, e beneficiar\u00e1s desta solu\u00e7\u00e3o inovadora.  <\/p>\n<p>O <strong>bloqueador de quil\u00f3metros do Volkswagen Golf VI<\/strong> pode ser ativado ou desativado a qualquer momento, quer o ve\u00edculo esteja em movimento ou parado.<\/p>\n","protected":false},"excerpt":{"rendered":"<div class=\"flex-shrink-0 flex flex-col relative items-end\">\n<div class=\"pt-0\">\n<div class=\"gizmo-bot-avatar flex h-8 w-8 items-center justify-center overflow-hidden rounded-full\">\n<div class=\"relative p-1 rounded-sm flex items-center justify-center bg-token-main-surface-primary text-token-text-primary h-8 w-8\">\n<p>Antes de encomendar, rev\u00ea cuidadosamente o processo de ativa\u00e7\u00e3o do m\u00f3dulo e as notas importantes sobre potenciais mensagens de erro e funcionalidade do sistema abaixo.<\/p>\n<p>Carater\u00edsticas principais para Volkswagen Golf VI (Modelos 2008-2012): Indicador de velocidade e sistemas de assist\u00eancia inoperacionais: Enquanto o Mileage Blocker estiver ativo, o veloc\u00edmetro e as fun\u00e7\u00f5es de assist\u00eancia n\u00e3o funcionar\u00e3o. Concebido para uma instala\u00e7\u00e3o f\u00e1cil, do tipo &#8221;fa\u00e7a voc\u00ea mesmo&#8221;. O dispositivo pode ser ativado ou desativado durante a condu\u00e7\u00e3o. Equipado com fichas de qualidade superior e cabos resistentes ao calor para maior durabilidade.   <\/p>\n<p class=\"p1\"><b> Integra\u00e7\u00e3o perfeita<\/b><b><\/b><\/p>\n<p class=\"p1\"><b> Instala\u00e7\u00e3o f\u00e1cil<\/b><b><\/b><\/p>\n<p class=\"p1\"><b> Gest\u00e3o exacta da quilometragem<\/b><b><\/b><\/p>\n<p class=\"p1\"><b> Funcionamento em modo furtivo<\/b><b><\/b><\/p>\n<p class=\"p1\"><span class=\"s1\">\u2705<\/span><b> Suporte e actualiza\u00e7\u00f5es vital\u00edcias<\/b><\/p>\n<\/div>\n<\/div>\n<\/div>\n<\/div>\n","protected":false},"featured_media":915,"comment_status":"open","ping_status":"closed","template":"","meta":[],"product_brand":[],"product_cat":[1088],"product_tag":[],"class_list":{"0":"post-11422","1":"product","2":"type-product","3":"status-publish","4":"has-post-thumbnail","6":"product_cat-volkswagen","8":"first","9":"instock","10":"taxable","11":"shipping-taxable","12":"purchasable","13":"product-type-variable"},"yoast_head":"<!-- This site is optimized with the Yoast SEO plugin v27.5 - https:\/\/yoast.com\/product\/yoast-seo-wordpress\/ -->\n<title>Volkswagen Golf VI Mileage Blocker (KM stopper) \u2192 KM Block<\/title>\n<meta name=\"description\" content=\"Buy a Volkswagen Golf VI Mileage Blocker for the Best Prices \u2713 Free Shipping \u2713 Incl. Installation Guides\" \/>\n<meta name=\"robots\" content=\"index, follow, max-snippet:-1, max-image-preview:large, max-video-preview:-1\" \/>\n<meta property=\"og:locale\" content=\"pt_PT\" \/>\n<meta property=\"og:type\" content=\"article\" \/>\n<meta property=\"og:title\" content=\"Volkswagen Golf VI Mileage Blocker (KM stopper) \u2192 KM Block\" \/>\n<meta property=\"og:description\" content=\"Buy a Volkswagen Golf VI Mileage Blocker for the Best Prices \u2713 Free Shipping \u2713 Incl. Installation Guides\" \/>\n<meta property=\"og:url\" content=\"https:\/\/kmblock.com\/pt-pt\/product\/volkswagen-golf-vi\/\" \/>\n<meta property=\"og:site_name\" content=\"KM Block\" \/>\n<meta property=\"og:image\" content=\"https:\/\/kmblock.com\/wp-content\/uploads\/2024\/09\/VW-Golf-6-600x600-1.webp\" \/>\n\t<meta property=\"og:image:width\" content=\"600\" \/>\n\t<meta property=\"og:image:height\" content=\"600\" \/>\n\t<meta property=\"og:image:type\" content=\"image\/webp\" \/>\n<meta name=\"twitter:card\" content=\"summary_large_image\" \/>\n<meta name=\"twitter:label1\" content=\"Tempo estimado de leitura\" \/>\n\t<meta name=\"twitter:data1\" content=\"3 minutos\" \/>\n<script type=\"application\/ld+json\" class=\"yoast-schema-graph\">{\"@context\":\"https:\\\/\\\/schema.org\",\"@graph\":[{\"@type\":\"WebPage\",\"@id\":\"https:\\\/\\\/kmblock.com\\\/pt-pt\\\/product\\\/volkswagen-golf-vi\\\/\",\"url\":\"https:\\\/\\\/kmblock.com\\\/pt-pt\\\/product\\\/volkswagen-golf-vi\\\/\",\"name\":\"Volkswagen Golf VI Mileage Blocker (KM stopper) \u2192 KM Block\",\"isPartOf\":{\"@id\":\"https:\\\/\\\/kmblock.com\\\/pt-pt\\\/#website\"},\"primaryImageOfPage\":{\"@id\":\"https:\\\/\\\/kmblock.com\\\/pt-pt\\\/product\\\/volkswagen-golf-vi\\\/#primaryimage\"},\"image\":{\"@id\":\"https:\\\/\\\/kmblock.com\\\/pt-pt\\\/product\\\/volkswagen-golf-vi\\\/#primaryimage\"},\"thumbnailUrl\":\"https:\\\/\\\/kmblock.com\\\/wp-content\\\/uploads\\\/2024\\\/09\\\/VW-Golf-6-600x600-1.webp\",\"datePublished\":\"2024-09-24T15:36:33+00:00\",\"description\":\"Buy a Volkswagen Golf VI Mileage Blocker for the Best Prices \u2713 Free Shipping \u2713 Incl. Installation Guides\",\"breadcrumb\":{\"@id\":\"https:\\\/\\\/kmblock.com\\\/pt-pt\\\/product\\\/volkswagen-golf-vi\\\/#breadcrumb\"},\"inLanguage\":\"pt-PT\",\"potentialAction\":[{\"@type\":\"ReadAction\",\"target\":[\"https:\\\/\\\/kmblock.com\\\/pt-pt\\\/product\\\/volkswagen-golf-vi\\\/\"]}]},{\"@type\":\"ImageObject\",\"inLanguage\":\"pt-PT\",\"@id\":\"https:\\\/\\\/kmblock.com\\\/pt-pt\\\/product\\\/volkswagen-golf-vi\\\/#primaryimage\",\"url\":\"https:\\\/\\\/kmblock.com\\\/wp-content\\\/uploads\\\/2024\\\/09\\\/VW-Golf-6-600x600-1.webp\",\"contentUrl\":\"https:\\\/\\\/kmblock.com\\\/wp-content\\\/uploads\\\/2024\\\/09\\\/VW-Golf-6-600x600-1.webp\",\"width\":600,\"height\":600,\"caption\":\"VW-Golf-6-600x600\"},{\"@type\":\"BreadcrumbList\",\"@id\":\"https:\\\/\\\/kmblock.com\\\/pt-pt\\\/product\\\/volkswagen-golf-vi\\\/#breadcrumb\",\"itemListElement\":[{\"@type\":\"ListItem\",\"position\":1,\"name\":\"Casa\",\"item\":\"https:\\\/\\\/kmblock.com\\\/pt-pt\\\/\"},{\"@type\":\"ListItem\",\"position\":2,\"name\":\"Produtos\",\"item\":\"https:\\\/\\\/kmblock.com\\\/pt-pt\\\/shop\\\/\"},{\"@type\":\"ListItem\",\"position\":3,\"name\":\"Volkswagen Golf VI\"}]},{\"@type\":\"WebSite\",\"@id\":\"https:\\\/\\\/kmblock.com\\\/pt-pt\\\/#website\",\"url\":\"https:\\\/\\\/kmblock.com\\\/pt-pt\\\/\",\"name\":\"KM Block\",\"description\":\"\",\"publisher\":{\"@id\":\"https:\\\/\\\/kmblock.com\\\/pt-pt\\\/#organization\"},\"potentialAction\":[{\"@type\":\"SearchAction\",\"target\":{\"@type\":\"EntryPoint\",\"urlTemplate\":\"https:\\\/\\\/kmblock.com\\\/pt-pt\\\/?s={search_term_string}\"},\"query-input\":{\"@type\":\"PropertyValueSpecification\",\"valueRequired\":true,\"valueName\":\"search_term_string\"}}],\"inLanguage\":\"pt-PT\"},{\"@type\":\"Organization\",\"@id\":\"https:\\\/\\\/kmblock.com\\\/pt-pt\\\/#organization\",\"name\":\"Bloco KM\",\"url\":\"https:\\\/\\\/kmblock.com\\\/pt-pt\\\/\",\"logo\":{\"@type\":\"ImageObject\",\"inLanguage\":\"pt-PT\",\"@id\":\"https:\\\/\\\/kmblock.com\\\/pt-pt\\\/#\\\/schema\\\/logo\\\/image\\\/\",\"url\":\"https:\\\/\\\/kmblock.com\\\/wp-content\\\/uploads\\\/2024\\\/08\\\/main-logo.png\",\"contentUrl\":\"https:\\\/\\\/kmblock.com\\\/wp-content\\\/uploads\\\/2024\\\/08\\\/main-logo.png\",\"width\":186,\"height\":28,\"caption\":\"Bloco KM\"},\"image\":{\"@id\":\"https:\\\/\\\/kmblock.com\\\/pt-pt\\\/#\\\/schema\\\/logo\\\/image\\\/\"}}]}<\/script>\n<!-- \/ Yoast SEO plugin. -->","yoast_head_json":{"title":"Volkswagen Golf VI Mileage Blocker (KM stopper) \u2192 KM Block","description":"Buy a Volkswagen Golf VI Mileage Blocker for the Best Prices \u2713 Free Shipping \u2713 Incl. Installation Guides","robots":{"index":"index","follow":"follow","max-snippet":"max-snippet:-1","max-image-preview":"max-image-preview:large","max-video-preview":"max-video-preview:-1"},"og_locale":"pt_PT","og_type":"article","og_title":"Volkswagen Golf VI Mileage Blocker (KM stopper) \u2192 KM Block","og_description":"Buy a Volkswagen Golf VI Mileage Blocker for the Best Prices \u2713 Free Shipping \u2713 Incl. Installation Guides","og_url":"https:\/\/kmblock.com\/pt-pt\/product\/volkswagen-golf-vi\/","og_site_name":"KM Block","og_image":[{"width":600,"height":600,"url":"https:\/\/kmblock.com\/wp-content\/uploads\/2024\/09\/VW-Golf-6-600x600-1.webp","type":"image\/webp"}],"twitter_card":"summary_large_image","twitter_misc":{"Tempo estimado de leitura":"3 minutos"},"schema":{"@context":"https:\/\/schema.org","@graph":[{"@type":"WebPage","@id":"https:\/\/kmblock.com\/pt-pt\/product\/volkswagen-golf-vi\/","url":"https:\/\/kmblock.com\/pt-pt\/product\/volkswagen-golf-vi\/","name":"Volkswagen Golf VI Mileage Blocker (KM stopper) \u2192 KM Block","isPartOf":{"@id":"https:\/\/kmblock.com\/pt-pt\/#website"},"primaryImageOfPage":{"@id":"https:\/\/kmblock.com\/pt-pt\/product\/volkswagen-golf-vi\/#primaryimage"},"image":{"@id":"https:\/\/kmblock.com\/pt-pt\/product\/volkswagen-golf-vi\/#primaryimage"},"thumbnailUrl":"https:\/\/kmblock.com\/wp-content\/uploads\/2024\/09\/VW-Golf-6-600x600-1.webp","datePublished":"2024-09-24T15:36:33+00:00","description":"Buy a Volkswagen Golf VI Mileage Blocker for the Best Prices \u2713 Free Shipping \u2713 Incl. Installation Guides","breadcrumb":{"@id":"https:\/\/kmblock.com\/pt-pt\/product\/volkswagen-golf-vi\/#breadcrumb"},"inLanguage":"pt-PT","potentialAction":[{"@type":"ReadAction","target":["https:\/\/kmblock.com\/pt-pt\/product\/volkswagen-golf-vi\/"]}]},{"@type":"ImageObject","inLanguage":"pt-PT","@id":"https:\/\/kmblock.com\/pt-pt\/product\/volkswagen-golf-vi\/#primaryimage","url":"https:\/\/kmblock.com\/wp-content\/uploads\/2024\/09\/VW-Golf-6-600x600-1.webp","contentUrl":"https:\/\/kmblock.com\/wp-content\/uploads\/2024\/09\/VW-Golf-6-600x600-1.webp","width":600,"height":600,"caption":"VW-Golf-6-600x600"},{"@type":"BreadcrumbList","@id":"https:\/\/kmblock.com\/pt-pt\/product\/volkswagen-golf-vi\/#breadcrumb","itemListElement":[{"@type":"ListItem","position":1,"name":"Casa","item":"https:\/\/kmblock.com\/pt-pt\/"},{"@type":"ListItem","position":2,"name":"Produtos","item":"https:\/\/kmblock.com\/pt-pt\/shop\/"},{"@type":"ListItem","position":3,"name":"Volkswagen Golf VI"}]},{"@type":"WebSite","@id":"https:\/\/kmblock.com\/pt-pt\/#website","url":"https:\/\/kmblock.com\/pt-pt\/","name":"KM Block","description":"","publisher":{"@id":"https:\/\/kmblock.com\/pt-pt\/#organization"},"potentialAction":[{"@type":"SearchAction","target":{"@type":"EntryPoint","urlTemplate":"https:\/\/kmblock.com\/pt-pt\/?s={search_term_string}"},"query-input":{"@type":"PropertyValueSpecification","valueRequired":true,"valueName":"search_term_string"}}],"inLanguage":"pt-PT"},{"@type":"Organization","@id":"https:\/\/kmblock.com\/pt-pt\/#organization","name":"Bloco KM","url":"https:\/\/kmblock.com\/pt-pt\/","logo":{"@type":"ImageObject","inLanguage":"pt-PT","@id":"https:\/\/kmblock.com\/pt-pt\/#\/schema\/logo\/image\/","url":"https:\/\/kmblock.com\/wp-content\/uploads\/2024\/08\/main-logo.png","contentUrl":"https:\/\/kmblock.com\/wp-content\/uploads\/2024\/08\/main-logo.png","width":186,"height":28,"caption":"Bloco KM"},"image":{"@id":"https:\/\/kmblock.com\/pt-pt\/#\/schema\/logo\/image\/"}}]}},"_links":{"self":[{"href":"https:\/\/kmblock.com\/pt-pt\/wp-json\/wp\/v2\/product\/11422","targetHints":{"allow":["GET"]}}],"collection":[{"href":"https:\/\/kmblock.com\/pt-pt\/wp-json\/wp\/v2\/product"}],"about":[{"href":"https:\/\/kmblock.com\/pt-pt\/wp-json\/wp\/v2\/types\/product"}],"replies":[{"embeddable":true,"href":"https:\/\/kmblock.com\/pt-pt\/wp-json\/wp\/v2\/comments?post=11422"}],"wp:featuredmedia":[{"embeddable":true,"href":"https:\/\/kmblock.com\/pt-pt\/wp-json\/wp\/v2\/media\/915"}],"wp:attachment":[{"href":"https:\/\/kmblock.com\/pt-pt\/wp-json\/wp\/v2\/media?parent=11422"}],"wp:term":[{"taxonomy":"product_brand","embeddable":true,"href":"https:\/\/kmblock.com\/pt-pt\/wp-json\/wp\/v2\/product_brand?post=11422"},{"taxonomy":"product_cat","embeddable":true,"href":"https:\/\/kmblock.com\/pt-pt\/wp-json\/wp\/v2\/product_cat?post=11422"},{"taxonomy":"product_tag","embeddable":true,"href":"https:\/\/kmblock.com\/pt-pt\/wp-json\/wp\/v2\/product_tag?post=11422"}],"curies":[{"name":"wp","href":"https:\/\/api.w.org\/{rel}","templated":true}]}}