{"id":11416,"date":"2024-09-24T14:28:07","date_gmt":"2024-09-24T14:28:07","guid":{"rendered":"https:\/\/kmblock.com\/product\/skoda-kodiaq\/"},"modified":"2026-03-10T17:37:13","modified_gmt":"2026-03-10T17:37:13","slug":"skoda-kodiaq","status":"publish","type":"product","link":"https:\/\/kmblock.com\/pt-pt\/product\/skoda-kodiaq\/","title":{"rendered":"Skoda KODIAQ"},"content":{"rendered":"<div class=\"flex max-w-full flex-col flex-grow\">\n<div class=\"min-h-[20px] text-message flex w-full flex-col items-end gap-2 whitespace-normal break-words [.text-message+&amp;]:mt-5\" dir=\"auto\" data-message-author-role=\"assistant\" data-message-id=\"486fbb14-d9b0-4abf-8aac-69dd9ef3f888\">\n<div class=\"flex w-full flex-col gap-1 empty:hidden first:pt-[3px]\">\n<div class=\"markdown prose w-full break-words dark:prose-invert dark\">\n<div class=\"flex max-w-full flex-col flex-grow\">\n<div class=\"min-h-[20px] text-message flex w-full flex-col items-end gap-2 whitespace-normal break-words [.text-message+&amp;]:mt-5\" dir=\"auto\" data-message-author-role=\"assistant\" data-message-id=\"583787e4-ced2-4497-934b-fd13934d3b5f\">\n<div class=\"flex w-full flex-col gap-1 empty:hidden first:pt-[3px]\">\n<div class=\"markdown prose w-full break-words dark:prose-invert dark\">\n<div class=\"flex-1 overflow-hidden\">\n<div class=\"h-full\">\n<div class=\"react-scroll-to-bottom--css-edlrf-79elbk h-full\">\n<div class=\"react-scroll-to-bottom--css-edlrf-1n7m0yu\">\n<div class=\"flex flex-col text-sm md:pb-9\">\n<article class=\"w-full text-token-text-primary focus-visible:outline-2 focus-visible:outline-offset-[-4px]\" dir=\"auto\" data-testid=\"conversation-turn-171\" data-scroll-anchor=\"true\">\n<div class=\"text-base py-[18px] px-3 md:px-4 m-auto w-full md:px-5 lg:px-4 xl:px-5\">\n<div class=\"mx-auto flex flex-1 gap-4 text-base md:gap-5 lg:gap-6 md:max-w-3xl lg:max-w-[40rem] xl:max-w-[48rem]\">\n<div class=\"group\/conversation-turn relative flex w-full min-w-0 flex-col agent-turn\">\n<div class=\"flex-col gap-1 md:gap-3\">\n<div class=\"flex max-w-full flex-col flex-grow\">\n<div class=\"min-h-[20px] text-message flex w-full flex-col items-end gap-2 whitespace-normal break-words [.text-message+&amp;]:mt-5\" dir=\"auto\" data-message-author-role=\"assistant\" data-message-id=\"c587c539-d375-471b-ba08-a0c42b7a5935\">\n<div class=\"flex w-full flex-col gap-1 empty:hidden first:pt-[3px]\">\n<div class=\"markdown prose w-full break-words dark:prose-invert dark\">\n<div class=\"flex max-w-full flex-col flex-grow\">\n<div class=\"min-h-[20px] text-message flex w-full flex-col items-end gap-2 whitespace-normal break-words [.text-message+&amp;]:mt-5\" dir=\"auto\" data-message-author-role=\"assistant\" data-message-id=\"f2e7ca64-e326-43ac-9cc2-b5e20ed1c815\">\n<div class=\"flex w-full flex-col gap-1 empty:hidden first:pt-[3px]\">\n<div class=\"markdown prose w-full break-words dark:prose-invert dark\">\n<div class=\"flex max-w-full flex-col flex-grow\">\n<div class=\"min-h-[20px] text-message flex w-full flex-col items-end gap-2 whitespace-normal break-words [.text-message+&amp;]:mt-5\" dir=\"auto\" data-message-author-role=\"assistant\" data-message-id=\"ad6c8a64-6b87-4f7b-87fc-7b2974512196\">\n<div class=\"flex w-full flex-col gap-1 empty:hidden first:pt-[3px]\">\n<div class=\"markdown prose w-full break-words dark:prose-invert dark\">\n<article class=\"w-full text-token-text-primary focus-visible:outline-2 focus-visible:outline-offset-[-4px]\" dir=\"auto\" data-testid=\"conversation-turn-199\" data-scroll-anchor=\"false\">\n<div class=\"text-base py-[18px] px-3 md:px-4 m-auto w-full md:px-5 lg:px-4 xl:px-5\">\n<div class=\"mx-auto flex flex-1 gap-4 text-base md:gap-5 lg:gap-6 md:max-w-3xl lg:max-w-[40rem] xl:max-w-[48rem]\">\n<div class=\"group\/conversation-turn relative flex w-full min-w-0 flex-col agent-turn\">\n<div class=\"flex-col gap-1 md:gap-3\">\n<div class=\"flex max-w-full flex-col flex-grow\">\n<div class=\"flex max-w-full flex-col flex-grow\">\n<div class=\"min-h-[20px] text-message flex w-full flex-col items-end gap-2 whitespace-normal break-words [.text-message+&amp;]:mt-5\" dir=\"auto\" data-message-author-role=\"assistant\" data-message-id=\"81975351-cc56-42c9-9397-4e8d72670779\">\n<div class=\"flex w-full flex-col gap-1 empty:hidden first:pt-[3px]\">\n<div class=\"markdown prose w-full break-words dark:prose-invert dark\">\n<div class=\"flex-1 overflow-hidden\">\n<div class=\"h-full\">\n<div class=\"react-scroll-to-bottom--css-agaqu-79elbk h-full\">\n<div class=\"react-scroll-to-bottom--css-agaqu-1n7m0yu\">\n<div class=\"flex flex-col text-sm md:pb-9\">\n<article class=\"w-full text-token-text-primary focus-visible:outline-2 focus-visible:outline-offset-[-4px]\" dir=\"auto\" data-testid=\"conversation-turn-275\" data-scroll-anchor=\"true\">\n<div class=\"text-base py-[18px] px-3 md:px-4 m-auto w-full md:px-5 lg:px-4 xl:px-5\">\n<div class=\"mx-auto flex flex-1 gap-4 text-base md:gap-5 lg:gap-6 md:max-w-3xl lg:max-w-[40rem] xl:max-w-[48rem]\">\n<div class=\"group\/conversation-turn relative flex w-full min-w-0 flex-col agent-turn\">\n<div class=\"flex-col gap-1 md:gap-3\">\n<div class=\"flex max-w-full flex-col flex-grow\">\n<div class=\"min-h-[20px] text-message flex w-full flex-col items-end gap-2 whitespace-normal break-words [.text-message+&amp;]:mt-5\" dir=\"auto\" data-message-author-role=\"assistant\" data-message-id=\"52f1d1d2-af92-46ce-b685-329119136ee3\">\n<div class=\"flex w-full flex-col gap-1 empty:hidden first:pt-[3px]\">\n<div class=\"markdown prose w-full break-words dark:prose-invert dark\">\n<div class=\"flex max-w-full flex-col flex-grow\">\n<div class=\"min-h-[20px] text-message flex w-full flex-col items-end gap-2 whitespace-normal break-words [.text-message+&amp;]:mt-5\" dir=\"auto\" data-message-author-role=\"assistant\" data-message-id=\"a498a381-cb36-4e61-a65d-a6c7f8b543c5\">\n<div class=\"flex w-full flex-col gap-1 empty:hidden first:pt-[3px]\">\n<div class=\"markdown prose w-full break-words dark:prose-invert dark\">\n<h3>Bloqueador de quil\u00f3metros para Skoda Kodiaq<\/h3>\n<p>O Bloqueador de Quil\u00f3metros do SKODA KODIAQ tamb\u00e9m \u00e9 conhecido por v\u00e1rios nomes, incluindo Bloqueador de Od\u00f3metro, Bloqueador de Od\u00f3metro, Bloqueador de Latas, Bloqueador de Quil\u00f3metros, Od\u00f3metro de Viagem, Filtro de Latas e, em alguns casos, como uma ferramenta de Corre\u00e7\u00e3o de Quil\u00f3metros.<br \/>\n<strong>Este dispositivo \u00e9 compat\u00edvel com todos os modelos SKODA KODIAQ lan\u00e7ados desde 2017.<\/strong><\/p>\n<h4>Especifica\u00e7\u00f5es<\/h4>\n<ul>\n<li><strong>Instala\u00e7\u00e3o &#8221;fa\u00e7a voc\u00ea mesmo&#8221; (DIY)<\/strong>: Concebida para uma f\u00e1cil auto-instala\u00e7\u00e3o.<\/li>\n<li><strong>Desempenho sem erros<\/strong>: N\u00e3o aparecem mensagens de erro no veloc\u00edmetro ou no painel de navega\u00e7\u00e3o.<\/li>\n<li><strong>Dispon\u00edveis v\u00e1rios modos<\/strong>: Oferece v\u00e1rios modos de funcionamento para se adaptar \u00e0s tuas necessidades.<\/li>\n<li><strong>Componentes de qualidade<\/strong>: Inclui fichas de qualidade superior e cabos resistentes ao calor.<\/li>\n<li><strong>Remo\u00e7\u00e3o sem deixar rasto<\/strong>: Pode ser removido sem deixar rasto &#8211; n\u00e3o \u00e9 necess\u00e1rio soldar ou cortar os cabos.<\/li>\n<li><strong>Opera\u00e7\u00e3o f\u00e1cil de utilizar<\/strong>: F\u00e1cil de utilizar com v\u00e1rias combina\u00e7\u00f5es de teclas.<\/li>\n<li><strong>Estabilidade da quilometragem<\/strong>: Ap\u00f3s a remo\u00e7\u00e3o do m\u00f3dulo, a quilometragem n\u00e3o aumenta espontaneamente.<\/li>\n<li><strong>Funcionalidade discreta<\/strong>: Os aparelhos de diagn\u00f3stico n\u00e3o conseguem detetar a altera\u00e7\u00e3o da quilometragem do Skoda Kodiaq Mileage Stopper.<\/li>\n<li><strong>Mem\u00f3ria de defini\u00e7\u00f5es<\/strong>: Depois de seleccionares as tuas defini\u00e7\u00f5es, estas ser\u00e3o guardadas automaticamente.<\/li>\n<li><strong>Integra\u00e7\u00e3o sem falhas<\/strong>: O veloc\u00edmetro e todos os sistemas de assist\u00eancia funcionam sem problemas.<\/li>\n<li><strong>Processo de instala\u00e7\u00e3o suave<\/strong>: A face de encaixe e os sulcos no conetor asseguram uma instala\u00e7\u00e3o sem problemas.<\/li>\n<li><strong>Luz de controlo do motor<\/strong>: A ativa\u00e7\u00e3o pode acionar a luz de controlo do motor nos ve\u00edculos fabricados a partir do final de 2020.<\/li>\n<li><strong>Desvio de quilometragem<\/strong>: Para os modos que alteram completamente a quilometragem, permitimos um desvio de at\u00e9 1% da dist\u00e2ncia percorrida. Os dados relativos \u00e0 quilometragem parada s\u00e3o aproximados e podem variar ligeiramente.<\/li>\n<\/ul>\n<h4>Ativa\u00e7\u00e3o e desativa\u00e7\u00e3o<\/h4>\n<p><span data-sheets-root=\"1\">Com o comando &#8221;ok&#8221; no volante, mant\u00e9m premido at\u00e9 que o pisca-pisca pisque.<\/span><\/p>\n<p><strong>Modo 1<\/strong>: 1 intermit\u00eancia \u00e0 esquerda 18 por cento (tudo funciona, velocidade de cruzeiro, etc.)<\/p>\n<p><strong>Modo 2<\/strong>: 2 intermit\u00eancias \u00e0 esquerda 0 por cento (sem velocidade, sem indicador de combust\u00edvel)<\/p>\n<p><strong>Modo 3:<\/strong> 1 intermit\u00eancia \u00e0 direita 100 por cento (original)&#8221;<\/p>\n<p>O Skoda Kodiaq Kilometer Stopper mant\u00e9m as \u00faltimas defini\u00e7\u00f5es aplicadas, pelo que n\u00e3o h\u00e1 necessidade de as ajustar antes de ligar o carro da pr\u00f3xima vez.<\/p>\n<h4>O que \u00e9 o bloqueador do conta-quil\u00f3metros ou a ferramenta de corre\u00e7\u00e3o da quilometragem do Skoda Kodiaq?<\/h4>\n<p>O Bloqueador de Quil\u00f3metros\/Od\u00f3metro do Skoda Kodiaq permite-te interromper o registo de quil\u00f3metros enquanto testas o desempenho do ve\u00edculo. Dispon\u00edvel na KM Block, este m\u00f3dulo possui componentes exclusivos concebidos para serem eficientes. Os nossos programadores desenvolvem software adaptado a cada fabricante e modelo para garantir um funcionamento sem falhas. Quer o teu od\u00f3metro digital me\u00e7a a quilometragem em milhas ou em quil\u00f3metros, este aparelho funciona perfeitamente. Basta instalar o m\u00f3dulo e utilizar combina\u00e7\u00f5es de teclas pr\u00e9-determinadas para mudar de modo.<\/p>\n<p><strong>Nota importante<\/strong>: N\u00e3o vendemos ferramentas de corre\u00e7\u00e3o de quilometragem para o Skoda Kodiaq, uma vez que se destinam a fins enganadores e s\u00f3 podem remover os valores de quilometragem dos conta-quil\u00f3metros. Normalmente, estas ferramentas s\u00e3o utilizadas para reverter a dist\u00e2ncia percorrida, mas devido \u00e0s m\u00faltiplas unidades de armazenamento de dados nos autom\u00f3veis, n\u00e3o conseguem reverter completamente a quilometragem.<\/p>\n<p>Oferecemos-te uma vasta gama de dispositivos de trav\u00f5es de quilometragem para v\u00e1rios ve\u00edculos. O processo de instala\u00e7\u00e3o \u00e9 uniforme em todos os modelos e n\u00e3o requer grandes conhecimentos autom\u00f3veis. Basta lig\u00e1-lo entre a porta do veloc\u00edmetro e o painel de instrumentos para usufruir das vantagens deste m\u00f3dulo \u00fanico.<\/p>\n<p>O bloqueador de quil\u00f3metros do Skoda Kodiaq \u00e9 uma ferramenta excecional que lhe permite avaliar o desempenho do seu ve\u00edculo num ambiente controlado.<\/p>\n<\/div>\n<\/div>\n<\/div>\n<\/div>\n<\/div>\n<\/div>\n<\/div>\n<\/div>\n<\/div>\n<\/div>\n<\/div>\n<\/div>\n<\/article>\n<\/div>\n<\/div>\n<\/div>\n<\/div>\n<\/div>\n<\/div>\n<\/div>\n<\/div>\n<\/div>\n<\/div>\n<\/div>\n<\/div>\n<\/div>\n<\/div>\n<\/article>\n<\/div>\n<\/div>\n<\/div>\n<\/div>\n<\/div>\n<\/div>\n<\/div>\n<\/div>\n<\/div>\n<\/div>\n<\/div>\n<\/div>\n<\/div>\n<\/div>\n<\/div>\n<\/div>\n<\/article>\n<\/div>\n<\/div>\n<\/div>\n<\/div>\n<\/div>\n<\/div>\n<\/div>\n<\/div>\n<\/div>\n<\/div>\n<\/div>\n<\/div>\n<\/div>\n","protected":false},"excerpt":{"rendered":"<div class=\"flex-shrink-0 flex flex-col relative items-end\">\n<div class=\"pt-0\">\n<div class=\"gizmo-bot-avatar flex h-8 w-8 items-center justify-center overflow-hidden rounded-full\">\n<div class=\"relative p-1 rounded-sm flex items-center justify-center bg-token-main-surface-primary text-token-text-primary h-8 w-8\">\n<p>Antes de encomendar, l\u00ea os seguintes detalhes importantes relativos \u00e0 ativa\u00e7\u00e3o do m\u00f3dulo, mensagens de erro e funcionalidade.<\/p>\n<div class=\"flex max-w-full flex-col flex-grow\">\n<div class=\"min-h-[20px] text-message flex w-full flex-col items-end gap-2 whitespace-normal break-words [.text-message+&amp;]:mt-5\" dir=\"auto\" data-message-author-role=\"assistant\" data-message-id=\"fa49fe5c-62a3-4d02-842e-7a1021d9fec1\">\n<div class=\"flex w-full flex-col gap-1 empty:hidden first:pt-[3px]\">\n<div class=\"markdown prose w-full break-words dark:prose-invert dark\">\n<p><strong>Este dispositivo \u00e9 adequado para todos os modelos Skoda Kodiaq lan\u00e7ados desde 2017.  <\/strong>Concebido para uma instala\u00e7\u00e3o f\u00e1cil do tipo &#8221;fa\u00e7a voc\u00ea mesmo&#8221;. Funciona sem deixar quaisquer vest\u00edgios detect\u00e1veis. Inclui fichas de qualidade superior e cabos resistentes ao calor. O veloc\u00edmetro e os programas de assist\u00eancia funcionam sem falhas.   <\/p>\n<p class=\"p1\"><b> Integra\u00e7\u00e3o perfeita<\/b><b><\/b><\/p>\n<p class=\"p1\"><b> Instala\u00e7\u00e3o f\u00e1cil<\/b><b><\/b><\/p>\n<p class=\"p1\"><b> Gest\u00e3o exacta da quilometragem<\/b><b><\/b><\/p>\n<p class=\"p1\"><b> Funcionamento em modo furtivo<\/b><b><\/b><\/p>\n<p class=\"p1\"><span class=\"s1\">\u2705<\/span><b> Suporte e actualiza\u00e7\u00f5es vital\u00edcias<\/b><\/p>\n<\/div>\n<\/div>\n<\/div>\n<\/div>\n<\/div>\n<\/div>\n<\/div>\n<\/div>\n","protected":false},"featured_media":896,"comment_status":"open","ping_status":"closed","template":"","meta":[],"product_brand":[],"product_cat":[1211],"product_tag":[],"class_list":{"0":"post-11416","1":"product","2":"type-product","3":"status-publish","4":"has-post-thumbnail","6":"product_cat-skoda","8":"first","9":"instock","10":"taxable","11":"shipping-taxable","12":"purchasable","13":"product-type-variable"},"yoast_head":"<!-- This site is optimized with the Yoast SEO plugin v27.5 - https:\/\/yoast.com\/product\/yoast-seo-wordpress\/ -->\n<title>Skoda KODIAQ Mileage Blocker (KM stopper) \u2192 KM Block<\/title>\n<meta name=\"description\" content=\"Buy a Skoda KODIAQ Mileage Blocker for the Best Prices \u2713 Free Shipping \u2713 Incl. Installation Guides\" \/>\n<meta name=\"robots\" content=\"index, follow, max-snippet:-1, max-image-preview:large, max-video-preview:-1\" \/>\n<meta property=\"og:locale\" content=\"pt_PT\" \/>\n<meta property=\"og:type\" content=\"article\" \/>\n<meta property=\"og:title\" content=\"Skoda KODIAQ Mileage Blocker (KM stopper) \u2192 KM Block\" \/>\n<meta property=\"og:description\" content=\"Buy a Skoda KODIAQ Mileage Blocker for the Best Prices \u2713 Free Shipping \u2713 Incl. Installation Guides\" \/>\n<meta property=\"og:url\" content=\"https:\/\/kmblock.com\/pt-pt\/product\/skoda-kodiaq\/\" \/>\n<meta property=\"og:site_name\" content=\"KM Block\" \/>\n<meta property=\"article:modified_time\" content=\"2026-03-10T17:37:13+00:00\" \/>\n<meta property=\"og:image\" content=\"https:\/\/kmblock.com\/wp-content\/uploads\/2024\/09\/Skoda-KODIAQ.jpg\" \/>\n\t<meta property=\"og:image:width\" content=\"800\" \/>\n\t<meta property=\"og:image:height\" content=\"800\" \/>\n\t<meta property=\"og:image:type\" content=\"image\/jpeg\" \/>\n<meta name=\"twitter:card\" content=\"summary_large_image\" \/>\n<meta name=\"twitter:label1\" content=\"Tempo estimado de leitura\" \/>\n\t<meta name=\"twitter:data1\" content=\"3 minutos\" \/>\n<script type=\"application\/ld+json\" class=\"yoast-schema-graph\">{\"@context\":\"https:\\\/\\\/schema.org\",\"@graph\":[{\"@type\":\"WebPage\",\"@id\":\"https:\\\/\\\/kmblock.com\\\/pt-pt\\\/product\\\/skoda-kodiaq\\\/\",\"url\":\"https:\\\/\\\/kmblock.com\\\/pt-pt\\\/product\\\/skoda-kodiaq\\\/\",\"name\":\"Skoda KODIAQ Mileage Blocker (KM stopper) \u2192 KM Block\",\"isPartOf\":{\"@id\":\"https:\\\/\\\/kmblock.com\\\/pt-pt\\\/#website\"},\"primaryImageOfPage\":{\"@id\":\"https:\\\/\\\/kmblock.com\\\/pt-pt\\\/product\\\/skoda-kodiaq\\\/#primaryimage\"},\"image\":{\"@id\":\"https:\\\/\\\/kmblock.com\\\/pt-pt\\\/product\\\/skoda-kodiaq\\\/#primaryimage\"},\"thumbnailUrl\":\"https:\\\/\\\/kmblock.com\\\/wp-content\\\/uploads\\\/2024\\\/09\\\/Skoda-KODIAQ.jpg\",\"datePublished\":\"2024-09-24T14:28:07+00:00\",\"dateModified\":\"2026-03-10T17:37:13+00:00\",\"description\":\"Buy a Skoda KODIAQ Mileage Blocker for the Best Prices \u2713 Free Shipping \u2713 Incl. Installation Guides\",\"breadcrumb\":{\"@id\":\"https:\\\/\\\/kmblock.com\\\/pt-pt\\\/product\\\/skoda-kodiaq\\\/#breadcrumb\"},\"inLanguage\":\"pt-PT\",\"potentialAction\":[{\"@type\":\"ReadAction\",\"target\":[\"https:\\\/\\\/kmblock.com\\\/pt-pt\\\/product\\\/skoda-kodiaq\\\/\"]}]},{\"@type\":\"ImageObject\",\"inLanguage\":\"pt-PT\",\"@id\":\"https:\\\/\\\/kmblock.com\\\/pt-pt\\\/product\\\/skoda-kodiaq\\\/#primaryimage\",\"url\":\"https:\\\/\\\/kmblock.com\\\/wp-content\\\/uploads\\\/2024\\\/09\\\/Skoda-KODIAQ.jpg\",\"contentUrl\":\"https:\\\/\\\/kmblock.com\\\/wp-content\\\/uploads\\\/2024\\\/09\\\/Skoda-KODIAQ.jpg\",\"width\":800,\"height\":800},{\"@type\":\"BreadcrumbList\",\"@id\":\"https:\\\/\\\/kmblock.com\\\/pt-pt\\\/product\\\/skoda-kodiaq\\\/#breadcrumb\",\"itemListElement\":[{\"@type\":\"ListItem\",\"position\":1,\"name\":\"Casa\",\"item\":\"https:\\\/\\\/kmblock.com\\\/pt-pt\\\/\"},{\"@type\":\"ListItem\",\"position\":2,\"name\":\"Produtos\",\"item\":\"https:\\\/\\\/kmblock.com\\\/pt-pt\\\/shop\\\/\"},{\"@type\":\"ListItem\",\"position\":3,\"name\":\"Skoda KODIAQ\"}]},{\"@type\":\"WebSite\",\"@id\":\"https:\\\/\\\/kmblock.com\\\/pt-pt\\\/#website\",\"url\":\"https:\\\/\\\/kmblock.com\\\/pt-pt\\\/\",\"name\":\"KM Block\",\"description\":\"\",\"publisher\":{\"@id\":\"https:\\\/\\\/kmblock.com\\\/pt-pt\\\/#organization\"},\"potentialAction\":[{\"@type\":\"SearchAction\",\"target\":{\"@type\":\"EntryPoint\",\"urlTemplate\":\"https:\\\/\\\/kmblock.com\\\/pt-pt\\\/?s={search_term_string}\"},\"query-input\":{\"@type\":\"PropertyValueSpecification\",\"valueRequired\":true,\"valueName\":\"search_term_string\"}}],\"inLanguage\":\"pt-PT\"},{\"@type\":\"Organization\",\"@id\":\"https:\\\/\\\/kmblock.com\\\/pt-pt\\\/#organization\",\"name\":\"Bloco KM\",\"url\":\"https:\\\/\\\/kmblock.com\\\/pt-pt\\\/\",\"logo\":{\"@type\":\"ImageObject\",\"inLanguage\":\"pt-PT\",\"@id\":\"https:\\\/\\\/kmblock.com\\\/pt-pt\\\/#\\\/schema\\\/logo\\\/image\\\/\",\"url\":\"https:\\\/\\\/kmblock.com\\\/wp-content\\\/uploads\\\/2024\\\/08\\\/main-logo.png\",\"contentUrl\":\"https:\\\/\\\/kmblock.com\\\/wp-content\\\/uploads\\\/2024\\\/08\\\/main-logo.png\",\"width\":186,\"height\":28,\"caption\":\"Bloco KM\"},\"image\":{\"@id\":\"https:\\\/\\\/kmblock.com\\\/pt-pt\\\/#\\\/schema\\\/logo\\\/image\\\/\"}}]}<\/script>\n<!-- \/ Yoast SEO plugin. -->","yoast_head_json":{"title":"Skoda KODIAQ Mileage Blocker (KM stopper) \u2192 KM Block","description":"Buy a Skoda KODIAQ Mileage Blocker for the Best Prices \u2713 Free Shipping \u2713 Incl. Installation Guides","robots":{"index":"index","follow":"follow","max-snippet":"max-snippet:-1","max-image-preview":"max-image-preview:large","max-video-preview":"max-video-preview:-1"},"og_locale":"pt_PT","og_type":"article","og_title":"Skoda KODIAQ Mileage Blocker (KM stopper) \u2192 KM Block","og_description":"Buy a Skoda KODIAQ Mileage Blocker for the Best Prices \u2713 Free Shipping \u2713 Incl. Installation Guides","og_url":"https:\/\/kmblock.com\/pt-pt\/product\/skoda-kodiaq\/","og_site_name":"KM Block","article_modified_time":"2026-03-10T17:37:13+00:00","og_image":[{"width":800,"height":800,"url":"https:\/\/kmblock.com\/wp-content\/uploads\/2024\/09\/Skoda-KODIAQ.jpg","type":"image\/jpeg"}],"twitter_card":"summary_large_image","twitter_misc":{"Tempo estimado de leitura":"3 minutos"},"schema":{"@context":"https:\/\/schema.org","@graph":[{"@type":"WebPage","@id":"https:\/\/kmblock.com\/pt-pt\/product\/skoda-kodiaq\/","url":"https:\/\/kmblock.com\/pt-pt\/product\/skoda-kodiaq\/","name":"Skoda KODIAQ Mileage Blocker (KM stopper) \u2192 KM Block","isPartOf":{"@id":"https:\/\/kmblock.com\/pt-pt\/#website"},"primaryImageOfPage":{"@id":"https:\/\/kmblock.com\/pt-pt\/product\/skoda-kodiaq\/#primaryimage"},"image":{"@id":"https:\/\/kmblock.com\/pt-pt\/product\/skoda-kodiaq\/#primaryimage"},"thumbnailUrl":"https:\/\/kmblock.com\/wp-content\/uploads\/2024\/09\/Skoda-KODIAQ.jpg","datePublished":"2024-09-24T14:28:07+00:00","dateModified":"2026-03-10T17:37:13+00:00","description":"Buy a Skoda KODIAQ Mileage Blocker for the Best Prices \u2713 Free Shipping \u2713 Incl. Installation Guides","breadcrumb":{"@id":"https:\/\/kmblock.com\/pt-pt\/product\/skoda-kodiaq\/#breadcrumb"},"inLanguage":"pt-PT","potentialAction":[{"@type":"ReadAction","target":["https:\/\/kmblock.com\/pt-pt\/product\/skoda-kodiaq\/"]}]},{"@type":"ImageObject","inLanguage":"pt-PT","@id":"https:\/\/kmblock.com\/pt-pt\/product\/skoda-kodiaq\/#primaryimage","url":"https:\/\/kmblock.com\/wp-content\/uploads\/2024\/09\/Skoda-KODIAQ.jpg","contentUrl":"https:\/\/kmblock.com\/wp-content\/uploads\/2024\/09\/Skoda-KODIAQ.jpg","width":800,"height":800},{"@type":"BreadcrumbList","@id":"https:\/\/kmblock.com\/pt-pt\/product\/skoda-kodiaq\/#breadcrumb","itemListElement":[{"@type":"ListItem","position":1,"name":"Casa","item":"https:\/\/kmblock.com\/pt-pt\/"},{"@type":"ListItem","position":2,"name":"Produtos","item":"https:\/\/kmblock.com\/pt-pt\/shop\/"},{"@type":"ListItem","position":3,"name":"Skoda KODIAQ"}]},{"@type":"WebSite","@id":"https:\/\/kmblock.com\/pt-pt\/#website","url":"https:\/\/kmblock.com\/pt-pt\/","name":"KM Block","description":"","publisher":{"@id":"https:\/\/kmblock.com\/pt-pt\/#organization"},"potentialAction":[{"@type":"SearchAction","target":{"@type":"EntryPoint","urlTemplate":"https:\/\/kmblock.com\/pt-pt\/?s={search_term_string}"},"query-input":{"@type":"PropertyValueSpecification","valueRequired":true,"valueName":"search_term_string"}}],"inLanguage":"pt-PT"},{"@type":"Organization","@id":"https:\/\/kmblock.com\/pt-pt\/#organization","name":"Bloco KM","url":"https:\/\/kmblock.com\/pt-pt\/","logo":{"@type":"ImageObject","inLanguage":"pt-PT","@id":"https:\/\/kmblock.com\/pt-pt\/#\/schema\/logo\/image\/","url":"https:\/\/kmblock.com\/wp-content\/uploads\/2024\/08\/main-logo.png","contentUrl":"https:\/\/kmblock.com\/wp-content\/uploads\/2024\/08\/main-logo.png","width":186,"height":28,"caption":"Bloco KM"},"image":{"@id":"https:\/\/kmblock.com\/pt-pt\/#\/schema\/logo\/image\/"}}]}},"_links":{"self":[{"href":"https:\/\/kmblock.com\/pt-pt\/wp-json\/wp\/v2\/product\/11416","targetHints":{"allow":["GET"]}}],"collection":[{"href":"https:\/\/kmblock.com\/pt-pt\/wp-json\/wp\/v2\/product"}],"about":[{"href":"https:\/\/kmblock.com\/pt-pt\/wp-json\/wp\/v2\/types\/product"}],"replies":[{"embeddable":true,"href":"https:\/\/kmblock.com\/pt-pt\/wp-json\/wp\/v2\/comments?post=11416"}],"wp:featuredmedia":[{"embeddable":true,"href":"https:\/\/kmblock.com\/pt-pt\/wp-json\/wp\/v2\/media\/896"}],"wp:attachment":[{"href":"https:\/\/kmblock.com\/pt-pt\/wp-json\/wp\/v2\/media?parent=11416"}],"wp:term":[{"taxonomy":"product_brand","embeddable":true,"href":"https:\/\/kmblock.com\/pt-pt\/wp-json\/wp\/v2\/product_brand?post=11416"},{"taxonomy":"product_cat","embeddable":true,"href":"https:\/\/kmblock.com\/pt-pt\/wp-json\/wp\/v2\/product_cat?post=11416"},{"taxonomy":"product_tag","embeddable":true,"href":"https:\/\/kmblock.com\/pt-pt\/wp-json\/wp\/v2\/product_tag?post=11416"}],"curies":[{"name":"wp","href":"https:\/\/api.w.org\/{rel}","templated":true}]}}