{"id":11280,"date":"2024-09-22T13:29:44","date_gmt":"2024-09-22T13:29:44","guid":{"rendered":"https:\/\/kmblock.com\/product\/porsche-721-boxster-tipo-982\/"},"modified":"2024-09-22T13:29:44","modified_gmt":"2024-09-22T13:29:44","slug":"porsche-721-boxster-tipo-982","status":"publish","type":"product","link":"https:\/\/kmblock.com\/pt-pt\/product\/porsche-721-boxster-tipo-982\/","title":{"rendered":"Porsche 721 Boxster Tipo 982"},"content":{"rendered":"<div class=\"flex max-w-full flex-col flex-grow\">\n<div class=\"min-h-[20px] text-message flex w-full flex-col items-end gap-2 whitespace-normal break-words [.text-message+&amp;]:mt-5\" dir=\"auto\" data-message-author-role=\"assistant\" data-message-id=\"486fbb14-d9b0-4abf-8aac-69dd9ef3f888\">\n<div class=\"flex w-full flex-col gap-1 empty:hidden first:pt-[3px]\">\n<div class=\"markdown prose w-full break-words dark:prose-invert dark\">\n<div class=\"flex max-w-full flex-col flex-grow\">\n<div class=\"min-h-[20px] text-message flex w-full flex-col items-end gap-2 whitespace-normal break-words [.text-message+&amp;]:mt-5\" dir=\"auto\" data-message-author-role=\"assistant\" data-message-id=\"583787e4-ced2-4497-934b-fd13934d3b5f\">\n<div class=\"flex w-full flex-col gap-1 empty:hidden first:pt-[3px]\">\n<div class=\"markdown prose w-full break-words dark:prose-invert dark\">\n<div class=\"flex-1 overflow-hidden\">\n<div class=\"h-full\">\n<div class=\"react-scroll-to-bottom--css-edlrf-79elbk h-full\">\n<div class=\"react-scroll-to-bottom--css-edlrf-1n7m0yu\">\n<div class=\"flex flex-col text-sm md:pb-9\">\n<article class=\"w-full text-token-text-primary focus-visible:outline-2 focus-visible:outline-offset-[-4px]\" dir=\"auto\" data-testid=\"conversation-turn-171\" data-scroll-anchor=\"true\">\n<div class=\"text-base py-[18px] px-3 md:px-4 m-auto w-full md:px-5 lg:px-4 xl:px-5\">\n<div class=\"mx-auto flex flex-1 gap-4 text-base md:gap-5 lg:gap-6 md:max-w-3xl lg:max-w-[40rem] xl:max-w-[48rem]\">\n<div class=\"group\/conversation-turn relative flex w-full min-w-0 flex-col agent-turn\">\n<div class=\"flex-col gap-1 md:gap-3\">\n<div class=\"flex max-w-full flex-col flex-grow\">\n<div class=\"min-h-[20px] text-message flex w-full flex-col items-end gap-2 whitespace-normal break-words [.text-message+&amp;]:mt-5\" dir=\"auto\" data-message-author-role=\"assistant\" data-message-id=\"c587c539-d375-471b-ba08-a0c42b7a5935\">\n<div class=\"flex w-full flex-col gap-1 empty:hidden first:pt-[3px]\">\n<div class=\"markdown prose w-full break-words dark:prose-invert dark\">\n<div class=\"flex max-w-full flex-col flex-grow\">\n<div class=\"min-h-[20px] text-message flex w-full flex-col items-end gap-2 whitespace-normal break-words [.text-message+&amp;]:mt-5\" dir=\"auto\" data-message-author-role=\"assistant\" data-message-id=\"f2e7ca64-e326-43ac-9cc2-b5e20ed1c815\">\n<div class=\"flex w-full flex-col gap-1 empty:hidden first:pt-[3px]\">\n<div class=\"markdown prose w-full break-words dark:prose-invert dark\">\n<p><strong>BLOQUEADOR DE QUIL\u00d3METROS PARA PORSCHE 718 BOXSTER TYPE 982<\/strong><\/p>\n<p>O bloqueador de quilometragem do Porsche 718 Boxster Type 982, por vezes referido como bloqueador de conta-quil\u00f3metros, limitador de conta-quil\u00f3metros, bloqueador CAN, limitador de quilometragem, conta-quil\u00f3metros de viagem, filtro CAN e, ocasionalmente, como ferramenta de corre\u00e7\u00e3o de quilometragem, \u00e9 um dispositivo vers\u00e1til adequado para todos os modelos Porsche 718\/719\/721 Boxster Type 982 lan\u00e7ados desde 2016.<\/p>\n<h3><strong>ESPECIFICA\u00c7\u00d5ES:<\/strong><\/h3>\n<ul>\n<li><strong>Instala\u00e7\u00e3o f\u00e1cil do tipo &#8221;fa\u00e7a voc\u00ea mesmo&#8221;<\/strong>: N\u00e3o precisas de abrir as ECUs, o que torna a instala\u00e7\u00e3o sem complica\u00e7\u00f5es.<\/li>\n<li><strong>Ativa ou desactiva em movimento<\/strong>: Pode ser controlado enquanto o autom\u00f3vel est\u00e1 em movimento.<\/li>\n<li><strong>Modos m\u00faltiplos<\/strong>: Escolhe entre diferentes modos para v\u00e1rios n\u00edveis de controlo de quilometragem.<\/li>\n<li><strong>Sem erros<\/strong>: N\u00e3o aparecem mensagens de erro no veloc\u00edmetro ou no painel de navega\u00e7\u00e3o.<\/li>\n<li><strong>N\u00e3o deixa rasto<\/strong>: N\u00e3o \u00e9 necess\u00e1rio soldar ou cortar os cabos, n\u00e3o deixa vest\u00edgios.<\/li>\n<li><strong>Defini\u00e7\u00f5es predefinidas<\/strong>: Seleciona as tuas defini\u00e7\u00f5es uma vez e guarda-as permanentemente.<\/li>\n<li><strong>N\u00e3o pode ser detectado pelos aparelhos de diagn\u00f3stico<\/strong>: O dispositivo funciona sem ser detectado por ferramentas de diagn\u00f3stico.<\/li>\n<li><strong>Componentes de alta qualidade<\/strong>: Inclui fichas de qualidade superior e cabos resistentes ao calor para maior durabilidade.<\/li>\n<li><strong>Instala\u00e7\u00e3o suave<\/strong>: A face de encaixe e os sulcos no conetor asseguram uma instala\u00e7\u00e3o perfeita.<\/li>\n<li><strong>N\u00e3o h\u00e1 aumento de quilometragem ap\u00f3s a remo\u00e7\u00e3o<\/strong>: Ap\u00f3s a remo\u00e7\u00e3o do m\u00f3dulo, a quilometragem n\u00e3o aumenta espontaneamente.<\/li>\n<li><strong>Desvio m\u00ednimo<\/strong>: Para os modos que param totalmente a quilometragem, pode haver um pequeno desvio de at\u00e9 1% da dist\u00e2ncia percorrida.<\/li>\n<\/ul>\n<h3><strong>ACTIVA\u00c7\u00c3O E DESACTIVA\u00c7\u00c3O:<\/strong><\/h3>\n<p>&#8221;Ativar&#8221; premindo o &#8221;bot\u00e3o de retorno&#8221; durante 10 segundos.<\/p>\n<p><strong>Modo ligado:<\/strong> pisca uma vez para a esquerda. Conta 0% da quilometragem. Tudo est\u00e1 a funcionar corretamente.  <\/p>\n<p><strong>Modo desligado:<\/strong> a luz intermitente pisca uma vez para a direita. Conta 100% dos quil\u00f3metros. Tudo est\u00e1 a funcionar corretamente.&#8221;&#8221;<\/p>\n<h3><strong>INFORMA\u00c7\u00d5ES ADICIONAIS:<\/strong><\/h3>\n<p>O dispositivo pode ser ativado ou desativado a qualquer momento, quer o autom\u00f3vel esteja parado ou em movimento.<\/p>\n<h3><strong>O que \u00e9 o bloqueador de od\u00f3metro ou ferramenta de corre\u00e7\u00e3o de quilometragem do Porsche 718 Boxster Type 982?<\/strong><\/h3>\n<p>O Porsche 718 Boxster Type 982 Mileage Blocker, tamb\u00e9m conhecido como Odometer Blocker, permite que os utilizadores deixem de registar a quilometragem enquanto testam o desempenho do carro. Na KM Block, fornecemos m\u00f3dulos de alta qualidade com componentes exclusivos. Os nossos programadores criam software especificamente para cada marca e modelo de ve\u00edculo para garantir uma funcionalidade sem falhas. Quer o teu carro me\u00e7a a quilometragem em milhas ou em quil\u00f3metros, o dispositivo funciona eficientemente.   <\/p>\n<p><strong>Importante<\/strong>: N\u00e3o vendemos ferramentas de corre\u00e7\u00e3o de quilometragem para o Porsche 718\/719\/721 Boxster Type 982, uma vez que estas s\u00e3o normalmente utilizadas para fins pouco \u00e9ticos, como a anula\u00e7\u00e3o ou altera\u00e7\u00e3o das leituras do conta-quil\u00f3metros. Embora estas ferramentas se destinem a manipular os dados de quilometragem, os ve\u00edculos modernos armazenam a quilometragem em v\u00e1rias unidades, o que impossibilita a revers\u00e3o total. <\/p>\n<p>O Mileage Blocker \u00e9 compat\u00edvel com ve\u00edculos a gas\u00f3leo, a gasolina, ve\u00edculos h\u00edbridos el\u00e9ctricos Plug-in (PHEV) e carros el\u00e9ctricos. A instala\u00e7\u00e3o \u00e9 simples &#8211; basta ligar o m\u00f3dulo entre o veloc\u00edmetro e o painel de instrumentos. Desfruta de todas as vantagens desta ferramenta avan\u00e7ada.  <\/p>\n<p>O Porsche 718\/719\/721 Boxster Type 982 Mileage Blocker pode ser utilizado em qualquer altura, quer o ve\u00edculo esteja em movimento ou parado.<\/p>\n<\/div>\n<\/div>\n<\/div>\n<\/div>\n<\/div>\n<\/div>\n<\/div>\n<\/div>\n<\/div>\n<\/div>\n<\/div>\n<\/div>\n<\/article>\n<\/div>\n<\/div>\n<\/div>\n<\/div>\n<\/div>\n<\/div>\n<\/div>\n<\/div>\n<\/div>\n<\/div>\n<\/div>\n<\/div>\n<\/div>\n","protected":false},"excerpt":{"rendered":"<div class=\"flex-shrink-0 flex flex-col relative items-end\">\n<div class=\"pt-0\">\n<div class=\"gizmo-bot-avatar flex h-8 w-8 items-center justify-center overflow-hidden rounded-full\">\n<div class=\"relative p-1 rounded-sm flex items-center justify-center bg-token-main-surface-primary text-token-text-primary h-8 w-8\">\n<p>Antes de encomendar, l\u00ea os seguintes detalhes importantes relativos \u00e0 ativa\u00e7\u00e3o do m\u00f3dulo, mensagens de erro e funcionalidade.<\/p>\n<div class=\"flex max-w-full flex-col flex-grow\">\n<div class=\"min-h-[20px] text-message flex w-full flex-col items-end gap-2 whitespace-normal break-words [.text-message+&amp;]:mt-5\" dir=\"auto\" data-message-author-role=\"assistant\" data-message-id=\"fa49fe5c-62a3-4d02-842e-7a1021d9fec1\">\n<div class=\"flex w-full flex-col gap-1 empty:hidden first:pt-[3px]\">\n<div class=\"markdown prose w-full break-words dark:prose-invert dark\">\n<p><strong>PARA OS MODELOS LAN\u00c7ADOS DESDE 2016:<\/strong> Os sistemas de assist\u00eancia n\u00e3o funcionam, mas o indicador de velocidade funciona com base no modo selecionado. Configura\u00e7\u00e3o f\u00e1cil, do tipo &#8221;fa\u00e7a voc\u00ea mesmo&#8221;. Pode ser ativado ou desativado durante a condu\u00e7\u00e3o. Vem com fichas de alta qualidade e cabos resistentes ao calor para um desempenho fi\u00e1vel.   <\/p>\n<p class=\"p1\"><b> Integra\u00e7\u00e3o perfeita<\/b><b><\/b><\/p>\n<p class=\"p1\"><b> Instala\u00e7\u00e3o f\u00e1cil<\/b><b><\/b><\/p>\n<p class=\"p1\"><b> Gest\u00e3o exacta da quilometragem<\/b><b><\/b><\/p>\n<p class=\"p1\"><b> Funcionamento em modo furtivo<\/b><b><\/b><\/p>\n<p class=\"p1\"><span class=\"s1\">\u2705<\/span><b> Suporte e actualiza\u00e7\u00f5es vital\u00edcias<\/b><\/p>\n<\/div>\n<\/div>\n<\/div>\n<\/div>\n<\/div>\n<\/div>\n<\/div>\n<\/div>\n","protected":false},"featured_media":829,"comment_status":"open","ping_status":"closed","template":"","meta":[],"product_brand":[],"product_cat":[1157],"product_tag":[],"class_list":{"0":"post-11280","1":"product","2":"type-product","3":"status-publish","4":"has-post-thumbnail","6":"product_cat-porsche","8":"first","9":"instock","10":"taxable","11":"shipping-taxable","12":"purchasable","13":"product-type-variable"},"yoast_head":"<!-- This site is optimized with the Yoast SEO plugin v27.5 - https:\/\/yoast.com\/product\/yoast-seo-wordpress\/ -->\n<title>Porsche 721 Boxster Tipo 982 Mileage Blocker (KM stopper) \u2192 KM Block<\/title>\n<meta name=\"description\" content=\"Buy a Porsche 721 Boxster Tipo 982 Mileage Blocker for the Best Prices \u2713 Free Shipping \u2713 Incl. Installation Guides\" \/>\n<meta name=\"robots\" content=\"index, follow, max-snippet:-1, max-image-preview:large, max-video-preview:-1\" \/>\n<meta property=\"og:locale\" content=\"pt_PT\" \/>\n<meta property=\"og:type\" content=\"article\" \/>\n<meta property=\"og:title\" content=\"Porsche 721 Boxster Tipo 982 Mileage Blocker (KM stopper) \u2192 KM Block\" \/>\n<meta property=\"og:description\" content=\"Buy a Porsche 721 Boxster Tipo 982 Mileage Blocker for the Best Prices \u2713 Free Shipping \u2713 Incl. Installation Guides\" \/>\n<meta property=\"og:url\" content=\"https:\/\/kmblock.com\/pt-pt\/product\/porsche-721-boxster-tipo-982\/\" \/>\n<meta property=\"og:site_name\" content=\"KM Block\" \/>\n<meta property=\"og:image\" content=\"https:\/\/kmblock.com\/wp-content\/uploads\/2024\/09\/Porsche-721-Boxster-Type-982.jpg\" \/>\n\t<meta property=\"og:image:width\" content=\"800\" \/>\n\t<meta property=\"og:image:height\" content=\"800\" \/>\n\t<meta property=\"og:image:type\" content=\"image\/jpeg\" \/>\n<meta name=\"twitter:card\" content=\"summary_large_image\" \/>\n<meta name=\"twitter:label1\" content=\"Tempo estimado de leitura\" \/>\n\t<meta name=\"twitter:data1\" content=\"3 minutos\" \/>\n<script type=\"application\/ld+json\" class=\"yoast-schema-graph\">{\"@context\":\"https:\\\/\\\/schema.org\",\"@graph\":[{\"@type\":\"WebPage\",\"@id\":\"https:\\\/\\\/kmblock.com\\\/pt-pt\\\/product\\\/porsche-721-boxster-tipo-982\\\/\",\"url\":\"https:\\\/\\\/kmblock.com\\\/pt-pt\\\/product\\\/porsche-721-boxster-tipo-982\\\/\",\"name\":\"Porsche 721 Boxster Tipo 982 Mileage Blocker (KM stopper) \u2192 KM Block\",\"isPartOf\":{\"@id\":\"https:\\\/\\\/kmblock.com\\\/pt-pt\\\/#website\"},\"primaryImageOfPage\":{\"@id\":\"https:\\\/\\\/kmblock.com\\\/pt-pt\\\/product\\\/porsche-721-boxster-tipo-982\\\/#primaryimage\"},\"image\":{\"@id\":\"https:\\\/\\\/kmblock.com\\\/pt-pt\\\/product\\\/porsche-721-boxster-tipo-982\\\/#primaryimage\"},\"thumbnailUrl\":\"https:\\\/\\\/kmblock.com\\\/wp-content\\\/uploads\\\/2024\\\/09\\\/Porsche-721-Boxster-Type-982.jpg\",\"datePublished\":\"2024-09-22T13:29:44+00:00\",\"description\":\"Buy a Porsche 721 Boxster Tipo 982 Mileage Blocker for the Best Prices \u2713 Free Shipping \u2713 Incl. Installation Guides\",\"breadcrumb\":{\"@id\":\"https:\\\/\\\/kmblock.com\\\/pt-pt\\\/product\\\/porsche-721-boxster-tipo-982\\\/#breadcrumb\"},\"inLanguage\":\"pt-PT\",\"potentialAction\":[{\"@type\":\"ReadAction\",\"target\":[\"https:\\\/\\\/kmblock.com\\\/pt-pt\\\/product\\\/porsche-721-boxster-tipo-982\\\/\"]}]},{\"@type\":\"ImageObject\",\"inLanguage\":\"pt-PT\",\"@id\":\"https:\\\/\\\/kmblock.com\\\/pt-pt\\\/product\\\/porsche-721-boxster-tipo-982\\\/#primaryimage\",\"url\":\"https:\\\/\\\/kmblock.com\\\/wp-content\\\/uploads\\\/2024\\\/09\\\/Porsche-721-Boxster-Type-982.jpg\",\"contentUrl\":\"https:\\\/\\\/kmblock.com\\\/wp-content\\\/uploads\\\/2024\\\/09\\\/Porsche-721-Boxster-Type-982.jpg\",\"width\":800,\"height\":800,\"caption\":\"Porsche 721 Boxster Type 982\"},{\"@type\":\"BreadcrumbList\",\"@id\":\"https:\\\/\\\/kmblock.com\\\/pt-pt\\\/product\\\/porsche-721-boxster-tipo-982\\\/#breadcrumb\",\"itemListElement\":[{\"@type\":\"ListItem\",\"position\":1,\"name\":\"Casa\",\"item\":\"https:\\\/\\\/kmblock.com\\\/pt-pt\\\/\"},{\"@type\":\"ListItem\",\"position\":2,\"name\":\"Produtos\",\"item\":\"https:\\\/\\\/kmblock.com\\\/pt-pt\\\/shop\\\/\"},{\"@type\":\"ListItem\",\"position\":3,\"name\":\"Porsche 721 Boxster Tipo 982\"}]},{\"@type\":\"WebSite\",\"@id\":\"https:\\\/\\\/kmblock.com\\\/pt-pt\\\/#website\",\"url\":\"https:\\\/\\\/kmblock.com\\\/pt-pt\\\/\",\"name\":\"KM Block\",\"description\":\"\",\"publisher\":{\"@id\":\"https:\\\/\\\/kmblock.com\\\/pt-pt\\\/#organization\"},\"potentialAction\":[{\"@type\":\"SearchAction\",\"target\":{\"@type\":\"EntryPoint\",\"urlTemplate\":\"https:\\\/\\\/kmblock.com\\\/pt-pt\\\/?s={search_term_string}\"},\"query-input\":{\"@type\":\"PropertyValueSpecification\",\"valueRequired\":true,\"valueName\":\"search_term_string\"}}],\"inLanguage\":\"pt-PT\"},{\"@type\":\"Organization\",\"@id\":\"https:\\\/\\\/kmblock.com\\\/pt-pt\\\/#organization\",\"name\":\"Bloco KM\",\"url\":\"https:\\\/\\\/kmblock.com\\\/pt-pt\\\/\",\"logo\":{\"@type\":\"ImageObject\",\"inLanguage\":\"pt-PT\",\"@id\":\"https:\\\/\\\/kmblock.com\\\/pt-pt\\\/#\\\/schema\\\/logo\\\/image\\\/\",\"url\":\"https:\\\/\\\/kmblock.com\\\/wp-content\\\/uploads\\\/2024\\\/08\\\/main-logo.png\",\"contentUrl\":\"https:\\\/\\\/kmblock.com\\\/wp-content\\\/uploads\\\/2024\\\/08\\\/main-logo.png\",\"width\":186,\"height\":28,\"caption\":\"Bloco KM\"},\"image\":{\"@id\":\"https:\\\/\\\/kmblock.com\\\/pt-pt\\\/#\\\/schema\\\/logo\\\/image\\\/\"}}]}<\/script>\n<!-- \/ Yoast SEO plugin. -->","yoast_head_json":{"title":"Porsche 721 Boxster Tipo 982 Mileage Blocker (KM stopper) \u2192 KM Block","description":"Buy a Porsche 721 Boxster Tipo 982 Mileage Blocker for the Best Prices \u2713 Free Shipping \u2713 Incl. Installation Guides","robots":{"index":"index","follow":"follow","max-snippet":"max-snippet:-1","max-image-preview":"max-image-preview:large","max-video-preview":"max-video-preview:-1"},"og_locale":"pt_PT","og_type":"article","og_title":"Porsche 721 Boxster Tipo 982 Mileage Blocker (KM stopper) \u2192 KM Block","og_description":"Buy a Porsche 721 Boxster Tipo 982 Mileage Blocker for the Best Prices \u2713 Free Shipping \u2713 Incl. Installation Guides","og_url":"https:\/\/kmblock.com\/pt-pt\/product\/porsche-721-boxster-tipo-982\/","og_site_name":"KM Block","og_image":[{"width":800,"height":800,"url":"https:\/\/kmblock.com\/wp-content\/uploads\/2024\/09\/Porsche-721-Boxster-Type-982.jpg","type":"image\/jpeg"}],"twitter_card":"summary_large_image","twitter_misc":{"Tempo estimado de leitura":"3 minutos"},"schema":{"@context":"https:\/\/schema.org","@graph":[{"@type":"WebPage","@id":"https:\/\/kmblock.com\/pt-pt\/product\/porsche-721-boxster-tipo-982\/","url":"https:\/\/kmblock.com\/pt-pt\/product\/porsche-721-boxster-tipo-982\/","name":"Porsche 721 Boxster Tipo 982 Mileage Blocker (KM stopper) \u2192 KM Block","isPartOf":{"@id":"https:\/\/kmblock.com\/pt-pt\/#website"},"primaryImageOfPage":{"@id":"https:\/\/kmblock.com\/pt-pt\/product\/porsche-721-boxster-tipo-982\/#primaryimage"},"image":{"@id":"https:\/\/kmblock.com\/pt-pt\/product\/porsche-721-boxster-tipo-982\/#primaryimage"},"thumbnailUrl":"https:\/\/kmblock.com\/wp-content\/uploads\/2024\/09\/Porsche-721-Boxster-Type-982.jpg","datePublished":"2024-09-22T13:29:44+00:00","description":"Buy a Porsche 721 Boxster Tipo 982 Mileage Blocker for the Best Prices \u2713 Free Shipping \u2713 Incl. Installation Guides","breadcrumb":{"@id":"https:\/\/kmblock.com\/pt-pt\/product\/porsche-721-boxster-tipo-982\/#breadcrumb"},"inLanguage":"pt-PT","potentialAction":[{"@type":"ReadAction","target":["https:\/\/kmblock.com\/pt-pt\/product\/porsche-721-boxster-tipo-982\/"]}]},{"@type":"ImageObject","inLanguage":"pt-PT","@id":"https:\/\/kmblock.com\/pt-pt\/product\/porsche-721-boxster-tipo-982\/#primaryimage","url":"https:\/\/kmblock.com\/wp-content\/uploads\/2024\/09\/Porsche-721-Boxster-Type-982.jpg","contentUrl":"https:\/\/kmblock.com\/wp-content\/uploads\/2024\/09\/Porsche-721-Boxster-Type-982.jpg","width":800,"height":800,"caption":"Porsche 721 Boxster Type 982"},{"@type":"BreadcrumbList","@id":"https:\/\/kmblock.com\/pt-pt\/product\/porsche-721-boxster-tipo-982\/#breadcrumb","itemListElement":[{"@type":"ListItem","position":1,"name":"Casa","item":"https:\/\/kmblock.com\/pt-pt\/"},{"@type":"ListItem","position":2,"name":"Produtos","item":"https:\/\/kmblock.com\/pt-pt\/shop\/"},{"@type":"ListItem","position":3,"name":"Porsche 721 Boxster Tipo 982"}]},{"@type":"WebSite","@id":"https:\/\/kmblock.com\/pt-pt\/#website","url":"https:\/\/kmblock.com\/pt-pt\/","name":"KM Block","description":"","publisher":{"@id":"https:\/\/kmblock.com\/pt-pt\/#organization"},"potentialAction":[{"@type":"SearchAction","target":{"@type":"EntryPoint","urlTemplate":"https:\/\/kmblock.com\/pt-pt\/?s={search_term_string}"},"query-input":{"@type":"PropertyValueSpecification","valueRequired":true,"valueName":"search_term_string"}}],"inLanguage":"pt-PT"},{"@type":"Organization","@id":"https:\/\/kmblock.com\/pt-pt\/#organization","name":"Bloco KM","url":"https:\/\/kmblock.com\/pt-pt\/","logo":{"@type":"ImageObject","inLanguage":"pt-PT","@id":"https:\/\/kmblock.com\/pt-pt\/#\/schema\/logo\/image\/","url":"https:\/\/kmblock.com\/wp-content\/uploads\/2024\/08\/main-logo.png","contentUrl":"https:\/\/kmblock.com\/wp-content\/uploads\/2024\/08\/main-logo.png","width":186,"height":28,"caption":"Bloco KM"},"image":{"@id":"https:\/\/kmblock.com\/pt-pt\/#\/schema\/logo\/image\/"}}]}},"_links":{"self":[{"href":"https:\/\/kmblock.com\/pt-pt\/wp-json\/wp\/v2\/product\/11280","targetHints":{"allow":["GET"]}}],"collection":[{"href":"https:\/\/kmblock.com\/pt-pt\/wp-json\/wp\/v2\/product"}],"about":[{"href":"https:\/\/kmblock.com\/pt-pt\/wp-json\/wp\/v2\/types\/product"}],"replies":[{"embeddable":true,"href":"https:\/\/kmblock.com\/pt-pt\/wp-json\/wp\/v2\/comments?post=11280"}],"wp:featuredmedia":[{"embeddable":true,"href":"https:\/\/kmblock.com\/pt-pt\/wp-json\/wp\/v2\/media\/829"}],"wp:attachment":[{"href":"https:\/\/kmblock.com\/pt-pt\/wp-json\/wp\/v2\/media?parent=11280"}],"wp:term":[{"taxonomy":"product_brand","embeddable":true,"href":"https:\/\/kmblock.com\/pt-pt\/wp-json\/wp\/v2\/product_brand?post=11280"},{"taxonomy":"product_cat","embeddable":true,"href":"https:\/\/kmblock.com\/pt-pt\/wp-json\/wp\/v2\/product_cat?post=11280"},{"taxonomy":"product_tag","embeddable":true,"href":"https:\/\/kmblock.com\/pt-pt\/wp-json\/wp\/v2\/product_tag?post=11280"}],"curies":[{"name":"wp","href":"https:\/\/api.w.org\/{rel}","templated":true}]}}