{"id":11270,"date":"2024-09-23T00:47:10","date_gmt":"2024-09-23T00:47:10","guid":{"rendered":"https:\/\/kmblock.com\/product\/porsche-991-gt2-rs\/"},"modified":"2024-09-23T00:47:10","modified_gmt":"2024-09-23T00:47:10","slug":"porsche-991-gt2-rs","status":"publish","type":"product","link":"https:\/\/kmblock.com\/pt-pt\/product\/porsche-991-gt2-rs\/","title":{"rendered":"Porsche 991 GT2 \/ RS"},"content":{"rendered":"<div class=\"flex max-w-full flex-col flex-grow\">\n<div class=\"min-h-[20px] text-message flex w-full flex-col items-end gap-2 whitespace-normal break-words [.text-message+&amp;]:mt-5\" dir=\"auto\" data-message-author-role=\"assistant\" data-message-id=\"486fbb14-d9b0-4abf-8aac-69dd9ef3f888\">\n<div class=\"flex w-full flex-col gap-1 empty:hidden first:pt-[3px]\">\n<div class=\"markdown prose w-full break-words dark:prose-invert dark\">\n<div class=\"flex max-w-full flex-col flex-grow\">\n<div class=\"min-h-[20px] text-message flex w-full flex-col items-end gap-2 whitespace-normal break-words [.text-message+&amp;]:mt-5\" dir=\"auto\" data-message-author-role=\"assistant\" data-message-id=\"583787e4-ced2-4497-934b-fd13934d3b5f\">\n<div class=\"flex w-full flex-col gap-1 empty:hidden first:pt-[3px]\">\n<div class=\"markdown prose w-full break-words dark:prose-invert dark\">\n<div class=\"flex-1 overflow-hidden\">\n<div class=\"h-full\">\n<div class=\"react-scroll-to-bottom--css-edlrf-79elbk h-full\">\n<div class=\"react-scroll-to-bottom--css-edlrf-1n7m0yu\">\n<div class=\"flex flex-col text-sm md:pb-9\">\n<article class=\"w-full text-token-text-primary focus-visible:outline-2 focus-visible:outline-offset-[-4px]\" dir=\"auto\" data-testid=\"conversation-turn-171\" data-scroll-anchor=\"true\">\n<div class=\"text-base py-[18px] px-3 md:px-4 m-auto w-full md:px-5 lg:px-4 xl:px-5\">\n<div class=\"mx-auto flex flex-1 gap-4 text-base md:gap-5 lg:gap-6 md:max-w-3xl lg:max-w-[40rem] xl:max-w-[48rem]\">\n<div class=\"group\/conversation-turn relative flex w-full min-w-0 flex-col agent-turn\">\n<div class=\"flex-col gap-1 md:gap-3\">\n<div class=\"flex max-w-full flex-col flex-grow\">\n<div class=\"min-h-[20px] text-message flex w-full flex-col items-end gap-2 whitespace-normal break-words [.text-message+&amp;]:mt-5\" dir=\"auto\" data-message-author-role=\"assistant\" data-message-id=\"c587c539-d375-471b-ba08-a0c42b7a5935\">\n<div class=\"flex w-full flex-col gap-1 empty:hidden first:pt-[3px]\">\n<div class=\"markdown prose w-full break-words dark:prose-invert dark\">\n<div class=\"flex max-w-full flex-col flex-grow\">\n<div class=\"min-h-[20px] text-message flex w-full flex-col items-end gap-2 whitespace-normal break-words [.text-message+&amp;]:mt-5\" dir=\"auto\" data-message-author-role=\"assistant\" data-message-id=\"f2e7ca64-e326-43ac-9cc2-b5e20ed1c815\">\n<div class=\"flex w-full flex-col gap-1 empty:hidden first:pt-[3px]\">\n<div class=\"markdown prose w-full break-words dark:prose-invert dark\">\n<div class=\"flex max-w-full flex-col flex-grow\">\n<div class=\"min-h-[20px] text-message flex w-full flex-col items-end gap-2 whitespace-normal break-words [.text-message+&amp;]:mt-5\" dir=\"auto\" data-message-author-role=\"assistant\" data-message-id=\"ad6c8a64-6b87-4f7b-87fc-7b2974512196\">\n<div class=\"flex w-full flex-col gap-1 empty:hidden first:pt-[3px]\">\n<div class=\"markdown prose w-full break-words dark:prose-invert dark\">\n<h3><strong>BLOQUEADOR DE QUIL\u00d3METROS PARA PORSCHE 991 GT2 \/ RS<\/strong><\/h3>\n<p>O Porsche 991 GT2 \/ RS Mileage Blocker, tamb\u00e9m conhecido como Odometer Blocker, Odometer Stopper, Can Blocker, Mileage Stopper, Trip Odometer, Can Filter ou Mileage Corretion tool, foi concebido para todos os modelos Porsche 991 GT2 \/ RS lan\u00e7ados desde 2017.<\/p>\n<h3>ESPECIFICA\u00c7\u00d5ES:<\/h3>\n<ul>\n<li>Instala\u00e7\u00e3o r\u00e1pida e f\u00e1cil do tipo &#8221;fa\u00e7a voc\u00ea mesmo&#8221; (DIY)<\/li>\n<li>N\u00e3o necessita de acesso \u00e0 UCE<\/li>\n<li>Ativar ou desativar em movimento<\/li>\n<li>Funciona sem problemas com combina\u00e7\u00f5es de teclas<\/li>\n<li>Guarda as defini\u00e7\u00f5es permanentemente depois de as selecionar<\/li>\n<li>A quilometragem mant\u00e9m-se inalterada ap\u00f3s a remo\u00e7\u00e3o do m\u00f3dulo<\/li>\n<li>Fichas de alta qualidade e cabos resistentes ao calor<\/li>\n<li>N\u00e3o \u00e9 necess\u00e1rio soldar ou cortar, n\u00e3o deixa vest\u00edgios<\/li>\n<li>As ferramentas de diagn\u00f3stico n\u00e3o conseguem detetar a altera\u00e7\u00e3o da quilometragem do dispositivo de travagem de quil\u00f3metros<\/li>\n<li>A face de acoplamento e o conetor estriado garantem uma instala\u00e7\u00e3o f\u00e1cil<\/li>\n<li>Os sistemas de assist\u00eancia est\u00e3o desactivados, mas o indicador de velocidade funciona de acordo com o modo selecionado<\/li>\n<li>N\u00e3o h\u00e1 mensagens de erro no veloc\u00edmetro ou no ecr\u00e3 de navega\u00e7\u00e3o<\/li>\n<li>Para os modos que bloqueiam completamente a quilometragem, pode ocorrer um desvio de at\u00e9 1%, e os detalhes s\u00e3o aproximados.<\/li>\n<\/ul>\n<h3>ACTIVA\u00c7\u00c3O E DESACTIVA\u00c7\u00c3O:<\/h3>\n<\/div>\n<p>&#8221;Ativar&#8221; premindo simultaneamente os dois &#8221;bot\u00f5es de retorno&#8221;.<\/p>\n<p><strong>Modo ligado:<\/strong> ambos piscam uma vez. Conta 0% de milhas. Tudo est\u00e1 a funcionar corretamente.  <\/p>\n<p><strong>Modo desligado:<\/strong> ambos os piscas piscam uma vez. Conta 100% dos quil\u00f3metros. Tudo est\u00e1 a funcionar corretamente.&#8221;&#8221;<\/p>\n<div class=\"markdown prose w-full break-words dark:prose-invert dark\">\n<h3>O QUE \u00c9 O PORSCHE 991 GT2 \/ RS ODOMETER BLOCKER OU FERRAMENTA DE CORREC\u00c7\u00c3O DE QUILOMETRAGEM?<\/h3>\n<p>O Porsche 991 GT2 \/ RS Mileage Blocker\/Odometer Blocker destina-se a interromper o registo da quilometragem enquanto testa o desempenho do ve\u00edculo. A KM Block oferece m\u00f3dulos da mais alta qualidade com componentes originais. O dispositivo \u00e9 igualmente eficaz, quer o teu conta-quil\u00f3metros conte em milhas ou em quil\u00f3metros. Os nossos programadores adaptam o software a cada modelo de ve\u00edculo, garantindo um desempenho sem falhas. Muda facilmente de modo utilizando combina\u00e7\u00f5es de teclas pr\u00e9-definidas.    <\/p>\n<p>Tem em aten\u00e7\u00e3o que o KM Block n\u00e3o oferece ferramentas de corre\u00e7\u00e3o de quilometragem, uma vez que estas s\u00e3o concebidas para fins n\u00e3o \u00e9ticos, como a revers\u00e3o ou a elimina\u00e7\u00e3o de quilometragem. Muitos ve\u00edculos modernos armazenam dados em v\u00e1rias unidades, o que significa que as ferramentas de revers\u00e3o n\u00e3o podem reverter completamente a quilometragem. <\/p>\n<p>Podes encontrar uma vasta gama de dispositivos Mileage Stopper no nosso website. Estas ferramentas funcionam com autom\u00f3veis a gas\u00f3leo, a gasolina, ve\u00edculos h\u00edbridos el\u00e9ctricos plug-in (PHEV) e el\u00e9ctricos. A instala\u00e7\u00e3o \u00e9 simples &#8211; basta ligares o m\u00f3dulo entre a porta do veloc\u00edmetro e o painel de instrumentos para obteres o m\u00e1ximo de benef\u00edcios.  <\/p>\n<p>O Porsche 991 GT2 \/ RS Mileage Blocker pode ser ativado ou desativado a qualquer momento, quer o ve\u00edculo esteja em movimento ou parado.<\/p>\n<\/div>\n<\/div>\n<\/div>\n<\/div>\n<\/div>\n<\/div>\n<\/div>\n<\/div>\n<\/div>\n<\/div>\n<\/div>\n<\/div>\n<\/div>\n<\/div>\n<\/div>\n<\/div>\n<\/article>\n<\/div>\n<\/div>\n<\/div>\n<\/div>\n<\/div>\n<\/div>\n<\/div>\n<\/div>\n<\/div>\n<\/div>\n<\/div>\n<\/div>\n<\/div>\n","protected":false},"excerpt":{"rendered":"<div class=\"flex-shrink-0 flex flex-col relative items-end\">\n<div class=\"pt-0\">\n<div class=\"gizmo-bot-avatar flex h-8 w-8 items-center justify-center overflow-hidden rounded-full\">\n<div class=\"relative p-1 rounded-sm flex items-center justify-center bg-token-main-surface-primary text-token-text-primary h-8 w-8\">\n<p>Antes de encomendar, l\u00ea os seguintes detalhes importantes relativos \u00e0 ativa\u00e7\u00e3o do m\u00f3dulo, mensagens de erro e funcionalidade.<\/p>\n<div class=\"flex max-w-full flex-col flex-grow\">\n<div class=\"min-h-[20px] text-message flex w-full flex-col items-end gap-2 whitespace-normal break-words [.text-message+&amp;]:mt-5\" dir=\"auto\" data-message-author-role=\"assistant\" data-message-id=\"fa49fe5c-62a3-4d02-842e-7a1021d9fec1\">\n<div class=\"flex w-full flex-col gap-1 empty:hidden first:pt-[3px]\">\n<div class=\"markdown prose w-full break-words dark:prose-invert dark\">\n<p>PARA OS MODELOS LAN\u00c7ADOS DESDE 2017: Sistemas de assist\u00eancia: Desativado, enquanto o indicador de velocidade funciona com base no modo selecionado. R\u00e1pido e f\u00e1cil, n\u00e3o necessita de ferramentas especiais. Pode ser ativado enquanto o ve\u00edculo est\u00e1 em movimento. Inclui fichas de qualidade superior e cabos resistentes ao calor para um desempenho fi\u00e1vel.   <\/p>\n<p class=\"p1\"><b> Integra\u00e7\u00e3o perfeita<\/b><b><\/b><\/p>\n<p class=\"p1\"><b> Instala\u00e7\u00e3o f\u00e1cil<\/b><b><\/b><\/p>\n<p class=\"p1\"><b> Gest\u00e3o exacta da quilometragem<\/b><b><\/b><\/p>\n<p class=\"p1\"><b> Funcionamento em modo furtivo<\/b><b><\/b><\/p>\n<p class=\"p1\"><span class=\"s1\">\u2705<\/span><b> Suporte e actualiza\u00e7\u00f5es vital\u00edcias<\/b><\/p>\n<\/div>\n<\/div>\n<\/div>\n<\/div>\n<\/div>\n<\/div>\n<\/div>\n<\/div>\n","protected":false},"featured_media":838,"comment_status":"open","ping_status":"closed","template":"","meta":[],"product_brand":[],"product_cat":[1157],"product_tag":[],"class_list":{"0":"post-11270","1":"product","2":"type-product","3":"status-publish","4":"has-post-thumbnail","6":"product_cat-porsche","8":"first","9":"instock","10":"taxable","11":"shipping-taxable","12":"purchasable","13":"product-type-variable"},"yoast_head":"<!-- This site is optimized with the Yoast SEO plugin v27.5 - https:\/\/yoast.com\/product\/yoast-seo-wordpress\/ -->\n<title>Porsche 991 GT2 \/ RS Mileage Blocker (KM stopper) \u2192 KM Block<\/title>\n<meta name=\"description\" content=\"Buy a Porsche 991 GT2 \/ RS Mileage Blocker for the Best Prices \u2713 Free Shipping \u2713 Incl. Installation Guides\" \/>\n<meta name=\"robots\" content=\"index, follow, max-snippet:-1, max-image-preview:large, max-video-preview:-1\" \/>\n<meta property=\"og:locale\" content=\"pt_PT\" \/>\n<meta property=\"og:type\" content=\"article\" \/>\n<meta property=\"og:title\" content=\"Porsche 991 GT2 \/ RS Mileage Blocker (KM stopper) \u2192 KM Block\" \/>\n<meta property=\"og:description\" content=\"Buy a Porsche 991 GT2 \/ RS Mileage Blocker for the Best Prices \u2713 Free Shipping \u2713 Incl. Installation Guides\" \/>\n<meta property=\"og:url\" content=\"https:\/\/kmblock.com\/pt-pt\/product\/porsche-991-gt2-rs\/\" \/>\n<meta property=\"og:site_name\" content=\"KM Block\" \/>\n<meta property=\"og:image\" content=\"https:\/\/kmblock.com\/wp-content\/uploads\/2024\/09\/Porsche-991-GT2-RS.jpg\" \/>\n\t<meta property=\"og:image:width\" content=\"800\" \/>\n\t<meta property=\"og:image:height\" content=\"800\" \/>\n\t<meta property=\"og:image:type\" content=\"image\/jpeg\" \/>\n<meta name=\"twitter:card\" content=\"summary_large_image\" \/>\n<meta name=\"twitter:label1\" content=\"Tempo estimado de leitura\" \/>\n\t<meta name=\"twitter:data1\" content=\"3 minutos\" \/>\n<script type=\"application\/ld+json\" class=\"yoast-schema-graph\">{\"@context\":\"https:\\\/\\\/schema.org\",\"@graph\":[{\"@type\":\"WebPage\",\"@id\":\"https:\\\/\\\/kmblock.com\\\/pt-pt\\\/product\\\/porsche-991-gt2-rs\\\/\",\"url\":\"https:\\\/\\\/kmblock.com\\\/pt-pt\\\/product\\\/porsche-991-gt2-rs\\\/\",\"name\":\"Porsche 991 GT2 \\\/ RS Mileage Blocker (KM stopper) \u2192 KM Block\",\"isPartOf\":{\"@id\":\"https:\\\/\\\/kmblock.com\\\/pt-pt\\\/#website\"},\"primaryImageOfPage\":{\"@id\":\"https:\\\/\\\/kmblock.com\\\/pt-pt\\\/product\\\/porsche-991-gt2-rs\\\/#primaryimage\"},\"image\":{\"@id\":\"https:\\\/\\\/kmblock.com\\\/pt-pt\\\/product\\\/porsche-991-gt2-rs\\\/#primaryimage\"},\"thumbnailUrl\":\"https:\\\/\\\/kmblock.com\\\/wp-content\\\/uploads\\\/2024\\\/09\\\/Porsche-991-GT2-RS.jpg\",\"datePublished\":\"2024-09-23T00:47:10+00:00\",\"description\":\"Buy a Porsche 991 GT2 \\\/ RS Mileage Blocker for the Best Prices \u2713 Free Shipping \u2713 Incl. Installation Guides\",\"breadcrumb\":{\"@id\":\"https:\\\/\\\/kmblock.com\\\/pt-pt\\\/product\\\/porsche-991-gt2-rs\\\/#breadcrumb\"},\"inLanguage\":\"pt-PT\",\"potentialAction\":[{\"@type\":\"ReadAction\",\"target\":[\"https:\\\/\\\/kmblock.com\\\/pt-pt\\\/product\\\/porsche-991-gt2-rs\\\/\"]}]},{\"@type\":\"ImageObject\",\"inLanguage\":\"pt-PT\",\"@id\":\"https:\\\/\\\/kmblock.com\\\/pt-pt\\\/product\\\/porsche-991-gt2-rs\\\/#primaryimage\",\"url\":\"https:\\\/\\\/kmblock.com\\\/wp-content\\\/uploads\\\/2024\\\/09\\\/Porsche-991-GT2-RS.jpg\",\"contentUrl\":\"https:\\\/\\\/kmblock.com\\\/wp-content\\\/uploads\\\/2024\\\/09\\\/Porsche-991-GT2-RS.jpg\",\"width\":800,\"height\":800,\"caption\":\"Porsche 991 GT2 \\\/ RS\"},{\"@type\":\"BreadcrumbList\",\"@id\":\"https:\\\/\\\/kmblock.com\\\/pt-pt\\\/product\\\/porsche-991-gt2-rs\\\/#breadcrumb\",\"itemListElement\":[{\"@type\":\"ListItem\",\"position\":1,\"name\":\"Casa\",\"item\":\"https:\\\/\\\/kmblock.com\\\/pt-pt\\\/\"},{\"@type\":\"ListItem\",\"position\":2,\"name\":\"Produtos\",\"item\":\"https:\\\/\\\/kmblock.com\\\/pt-pt\\\/shop\\\/\"},{\"@type\":\"ListItem\",\"position\":3,\"name\":\"Porsche 991 GT2 \\\/ RS\"}]},{\"@type\":\"WebSite\",\"@id\":\"https:\\\/\\\/kmblock.com\\\/pt-pt\\\/#website\",\"url\":\"https:\\\/\\\/kmblock.com\\\/pt-pt\\\/\",\"name\":\"KM Block\",\"description\":\"\",\"publisher\":{\"@id\":\"https:\\\/\\\/kmblock.com\\\/pt-pt\\\/#organization\"},\"potentialAction\":[{\"@type\":\"SearchAction\",\"target\":{\"@type\":\"EntryPoint\",\"urlTemplate\":\"https:\\\/\\\/kmblock.com\\\/pt-pt\\\/?s={search_term_string}\"},\"query-input\":{\"@type\":\"PropertyValueSpecification\",\"valueRequired\":true,\"valueName\":\"search_term_string\"}}],\"inLanguage\":\"pt-PT\"},{\"@type\":\"Organization\",\"@id\":\"https:\\\/\\\/kmblock.com\\\/pt-pt\\\/#organization\",\"name\":\"Bloco KM\",\"url\":\"https:\\\/\\\/kmblock.com\\\/pt-pt\\\/\",\"logo\":{\"@type\":\"ImageObject\",\"inLanguage\":\"pt-PT\",\"@id\":\"https:\\\/\\\/kmblock.com\\\/pt-pt\\\/#\\\/schema\\\/logo\\\/image\\\/\",\"url\":\"https:\\\/\\\/kmblock.com\\\/wp-content\\\/uploads\\\/2024\\\/08\\\/main-logo.png\",\"contentUrl\":\"https:\\\/\\\/kmblock.com\\\/wp-content\\\/uploads\\\/2024\\\/08\\\/main-logo.png\",\"width\":186,\"height\":28,\"caption\":\"Bloco KM\"},\"image\":{\"@id\":\"https:\\\/\\\/kmblock.com\\\/pt-pt\\\/#\\\/schema\\\/logo\\\/image\\\/\"}}]}<\/script>\n<!-- \/ Yoast SEO plugin. -->","yoast_head_json":{"title":"Porsche 991 GT2 \/ RS Mileage Blocker (KM stopper) \u2192 KM Block","description":"Buy a Porsche 991 GT2 \/ RS Mileage Blocker for the Best Prices \u2713 Free Shipping \u2713 Incl. Installation Guides","robots":{"index":"index","follow":"follow","max-snippet":"max-snippet:-1","max-image-preview":"max-image-preview:large","max-video-preview":"max-video-preview:-1"},"og_locale":"pt_PT","og_type":"article","og_title":"Porsche 991 GT2 \/ RS Mileage Blocker (KM stopper) \u2192 KM Block","og_description":"Buy a Porsche 991 GT2 \/ RS Mileage Blocker for the Best Prices \u2713 Free Shipping \u2713 Incl. Installation Guides","og_url":"https:\/\/kmblock.com\/pt-pt\/product\/porsche-991-gt2-rs\/","og_site_name":"KM Block","og_image":[{"width":800,"height":800,"url":"https:\/\/kmblock.com\/wp-content\/uploads\/2024\/09\/Porsche-991-GT2-RS.jpg","type":"image\/jpeg"}],"twitter_card":"summary_large_image","twitter_misc":{"Tempo estimado de leitura":"3 minutos"},"schema":{"@context":"https:\/\/schema.org","@graph":[{"@type":"WebPage","@id":"https:\/\/kmblock.com\/pt-pt\/product\/porsche-991-gt2-rs\/","url":"https:\/\/kmblock.com\/pt-pt\/product\/porsche-991-gt2-rs\/","name":"Porsche 991 GT2 \/ RS Mileage Blocker (KM stopper) \u2192 KM Block","isPartOf":{"@id":"https:\/\/kmblock.com\/pt-pt\/#website"},"primaryImageOfPage":{"@id":"https:\/\/kmblock.com\/pt-pt\/product\/porsche-991-gt2-rs\/#primaryimage"},"image":{"@id":"https:\/\/kmblock.com\/pt-pt\/product\/porsche-991-gt2-rs\/#primaryimage"},"thumbnailUrl":"https:\/\/kmblock.com\/wp-content\/uploads\/2024\/09\/Porsche-991-GT2-RS.jpg","datePublished":"2024-09-23T00:47:10+00:00","description":"Buy a Porsche 991 GT2 \/ RS Mileage Blocker for the Best Prices \u2713 Free Shipping \u2713 Incl. Installation Guides","breadcrumb":{"@id":"https:\/\/kmblock.com\/pt-pt\/product\/porsche-991-gt2-rs\/#breadcrumb"},"inLanguage":"pt-PT","potentialAction":[{"@type":"ReadAction","target":["https:\/\/kmblock.com\/pt-pt\/product\/porsche-991-gt2-rs\/"]}]},{"@type":"ImageObject","inLanguage":"pt-PT","@id":"https:\/\/kmblock.com\/pt-pt\/product\/porsche-991-gt2-rs\/#primaryimage","url":"https:\/\/kmblock.com\/wp-content\/uploads\/2024\/09\/Porsche-991-GT2-RS.jpg","contentUrl":"https:\/\/kmblock.com\/wp-content\/uploads\/2024\/09\/Porsche-991-GT2-RS.jpg","width":800,"height":800,"caption":"Porsche 991 GT2 \/ RS"},{"@type":"BreadcrumbList","@id":"https:\/\/kmblock.com\/pt-pt\/product\/porsche-991-gt2-rs\/#breadcrumb","itemListElement":[{"@type":"ListItem","position":1,"name":"Casa","item":"https:\/\/kmblock.com\/pt-pt\/"},{"@type":"ListItem","position":2,"name":"Produtos","item":"https:\/\/kmblock.com\/pt-pt\/shop\/"},{"@type":"ListItem","position":3,"name":"Porsche 991 GT2 \/ RS"}]},{"@type":"WebSite","@id":"https:\/\/kmblock.com\/pt-pt\/#website","url":"https:\/\/kmblock.com\/pt-pt\/","name":"KM Block","description":"","publisher":{"@id":"https:\/\/kmblock.com\/pt-pt\/#organization"},"potentialAction":[{"@type":"SearchAction","target":{"@type":"EntryPoint","urlTemplate":"https:\/\/kmblock.com\/pt-pt\/?s={search_term_string}"},"query-input":{"@type":"PropertyValueSpecification","valueRequired":true,"valueName":"search_term_string"}}],"inLanguage":"pt-PT"},{"@type":"Organization","@id":"https:\/\/kmblock.com\/pt-pt\/#organization","name":"Bloco KM","url":"https:\/\/kmblock.com\/pt-pt\/","logo":{"@type":"ImageObject","inLanguage":"pt-PT","@id":"https:\/\/kmblock.com\/pt-pt\/#\/schema\/logo\/image\/","url":"https:\/\/kmblock.com\/wp-content\/uploads\/2024\/08\/main-logo.png","contentUrl":"https:\/\/kmblock.com\/wp-content\/uploads\/2024\/08\/main-logo.png","width":186,"height":28,"caption":"Bloco KM"},"image":{"@id":"https:\/\/kmblock.com\/pt-pt\/#\/schema\/logo\/image\/"}}]}},"_links":{"self":[{"href":"https:\/\/kmblock.com\/pt-pt\/wp-json\/wp\/v2\/product\/11270","targetHints":{"allow":["GET"]}}],"collection":[{"href":"https:\/\/kmblock.com\/pt-pt\/wp-json\/wp\/v2\/product"}],"about":[{"href":"https:\/\/kmblock.com\/pt-pt\/wp-json\/wp\/v2\/types\/product"}],"replies":[{"embeddable":true,"href":"https:\/\/kmblock.com\/pt-pt\/wp-json\/wp\/v2\/comments?post=11270"}],"wp:featuredmedia":[{"embeddable":true,"href":"https:\/\/kmblock.com\/pt-pt\/wp-json\/wp\/v2\/media\/838"}],"wp:attachment":[{"href":"https:\/\/kmblock.com\/pt-pt\/wp-json\/wp\/v2\/media?parent=11270"}],"wp:term":[{"taxonomy":"product_brand","embeddable":true,"href":"https:\/\/kmblock.com\/pt-pt\/wp-json\/wp\/v2\/product_brand?post=11270"},{"taxonomy":"product_cat","embeddable":true,"href":"https:\/\/kmblock.com\/pt-pt\/wp-json\/wp\/v2\/product_cat?post=11270"},{"taxonomy":"product_tag","embeddable":true,"href":"https:\/\/kmblock.com\/pt-pt\/wp-json\/wp\/v2\/product_tag?post=11270"}],"curies":[{"name":"wp","href":"https:\/\/api.w.org\/{rel}","templated":true}]}}