{"id":11206,"date":"2024-09-21T17:25:44","date_gmt":"2024-09-21T17:25:44","guid":{"rendered":"https:\/\/kmblock.com\/product\/lamborghini-aventador-aventador-svj\/"},"modified":"2024-09-21T17:25:44","modified_gmt":"2024-09-21T17:25:44","slug":"lamborghini-aventador-aventador-svj","status":"publish","type":"product","link":"https:\/\/kmblock.com\/pt-pt\/product\/lamborghini-aventador-aventador-svj\/","title":{"rendered":"Lamborghini Aventador \/ Aventador SVJ"},"content":{"rendered":"<div class=\"flex max-w-full flex-col flex-grow\">\n<div class=\"min-h-[20px] text-message flex w-full flex-col items-end gap-2 whitespace-normal break-words [.text-message+&amp;]:mt-5\" dir=\"auto\" data-message-author-role=\"assistant\" data-message-id=\"486fbb14-d9b0-4abf-8aac-69dd9ef3f888\">\n<div class=\"flex w-full flex-col gap-1 empty:hidden first:pt-[3px]\">\n<div class=\"markdown prose w-full break-words dark:prose-invert dark\">\n<div class=\"flex max-w-full flex-col flex-grow\">\n<div class=\"min-h-[20px] text-message flex w-full flex-col items-end gap-2 whitespace-normal break-words [.text-message+&amp;]:mt-5\" dir=\"auto\" data-message-author-role=\"assistant\" data-message-id=\"583787e4-ced2-4497-934b-fd13934d3b5f\">\n<div class=\"flex w-full flex-col gap-1 empty:hidden first:pt-[3px]\">\n<div class=\"markdown prose w-full break-words dark:prose-invert dark\">\n<h3><strong>Bloqueador de Quil\u00f3metros para Lamborghini Aventador \/ Aventador SVJ<\/strong><\/h3>\n<p><strong>Tamb\u00e9m conhecido como:<\/strong> Bloqueador de conta-quil\u00f3metros, Bloqueador de conta-quil\u00f3metros, Bloqueador de latas, Bloqueador de quil\u00f3metros, Conta-quil\u00f3metros de viagem, Filtro de latas.<\/p>\n<h4>Especifica\u00e7\u00f5es principais:<\/h4>\n<ul>\n<li><strong>Instala\u00e7\u00e3o f\u00e1cil de fazeres tu mesmo:<\/strong> Instala\u00e7\u00e3o r\u00e1pida e direta.<\/li>\n<li><strong>Componentes de qualidade:<\/strong> Inclui fichas de qualidade superior e cabos resistentes ao calor.<\/li>\n<li><strong>Controlo da quilometragem:<\/strong> A quilometragem n\u00e3o aumenta espontaneamente ap\u00f3s a remo\u00e7\u00e3o da ferramenta.<\/li>\n<li><strong>Remo\u00e7\u00e3o sem rasto:<\/strong> N\u00e3o \u00e9 necess\u00e1rio soldar ou cortar os cabos; n\u00e3o deixa vest\u00edgios.<\/li>\n<li><strong>Funcionamento f\u00e1cil de utilizar:<\/strong> Funciona com combina\u00e7\u00f5es simples de teclas.<\/li>\n<li><strong>N\u00e3o h\u00e1 mensagens de erro:<\/strong> O veloc\u00edmetro e o painel de navega\u00e7\u00e3o n\u00e3o s\u00e3o afectados.<\/li>\n<li><strong>Defini\u00e7\u00f5es guardadas:<\/strong> Uma vez definidas, as defini\u00e7\u00f5es s\u00e3o guardadas automaticamente.<\/li>\n<li><strong>Ativa\u00e7\u00e3o em movimento:<\/strong> Pode ser ligado ou desligado durante a condu\u00e7\u00e3o.<\/li>\n<li><strong>Diagn\u00f3stico furtivo:<\/strong> N\u00e3o pode ser detectado por testadores de diagn\u00f3stico.<\/li>\n<\/ul>\n<h4>Ativa\u00e7\u00e3o e desativa\u00e7\u00e3o:<\/h4>\n<p>Utiliza o bot\u00e3o &#8221;ok&#8221; no guiador. Mant\u00e9m premido at\u00e9 que o pisca-pisca comece a piscar. <\/p>\n<p><strong>Modo 1:<\/strong> 1 pisca \u00e0 esquerda 20 por cento<br \/>\n<strong>Modo 2:<\/strong> 2 piscadas \u00e0 esquerda 10 por cento<br \/>\n<strong>Modo 3:<\/strong> 3 piscas \u00e0 esquerda 0 por cento<br \/>\n<strong>Modo 4:<\/strong> 1 piscada \u00e0 direita 100 por cento<\/p>\n<p>Para o modo 3: 0 por cento, tens de ligar o modo e, em seguida, desligar o carro e tranc\u00e1-lo durante 2 minutos e, depois, ligar e conduzir.&#8221;<\/p>\n<h4>O que \u00e9 o bloqueador de quil\u00f3metros?<\/h4>\n<p>O Lamborghini Aventador Mileage Blocker foi concebido para parar a quilometragem para testes de desempenho. Funciona tanto com milhas como com quil\u00f3metros e \u00e9 eficaz para ve\u00edculos a diesel, a gasolina, PHEVs e el\u00e9ctricos. <\/p>\n<p><strong>Nota importante:<\/strong> N\u00e3o vendemos ferramentas de corre\u00e7\u00e3o de quilometragem, uma vez que se destinam a fins enganadores e s\u00f3 podem alterar as leituras do conta-quil\u00f3metros sem inverter totalmente a quilometragem.<\/p>\n<p>O processo de instala\u00e7\u00e3o \u00e9 semelhante em v\u00e1rios modelos e n\u00e3o requer grandes conhecimentos autom\u00f3veis. Liga-o entre o veloc\u00edmetro e o painel de instrumentos e desfruta dos benef\u00edcios. <\/p>\n<p><strong>Flexibilidade:<\/strong> Pode ser ativado ou desativado em qualquer altura, quer o ve\u00edculo esteja parado ou em movimento.<\/p>\n<\/div>\n<\/div>\n<\/div>\n<\/div>\n<\/div>\n<\/div>\n<\/div>\n<\/div>\n","protected":false},"excerpt":{"rendered":"<div class=\"flex-shrink-0 flex flex-col relative items-end\">\n<div class=\"pt-0\">\n<div class=\"gizmo-bot-avatar flex h-8 w-8 items-center justify-center overflow-hidden rounded-full\">\n<div class=\"relative p-1 rounded-sm flex items-center justify-center bg-token-main-surface-primary text-token-text-primary h-8 w-8\">\n<p>Antes de encomendar, l\u00ea os seguintes detalhes importantes relativos \u00e0 ativa\u00e7\u00e3o do m\u00f3dulo, mensagens de erro e funcionalidade.<\/p>\n<p><strong>  Para modelos lan\u00e7ados entre 2011-2020, incluindo o Lamborghini Aventador SVJ.  <\/strong>Instala\u00e7\u00e3o r\u00e1pida e f\u00e1cil de utilizar. Funciona sem deixar vest\u00edgios ap\u00f3s a remo\u00e7\u00e3o. Pode ser ativado ou desativado durante a condu\u00e7\u00e3o. Fabricado com fichas de qualidade superior e cabos resistentes ao calor. Nota que o veloc\u00edmetro e os sistemas de assist\u00eancia podem n\u00e3o funcionar durante a utiliza\u00e7\u00e3o.    <\/p>\n<p class=\"p1\"><b> Integra\u00e7\u00e3o perfeita<\/b><b><\/b><\/p>\n<p class=\"p1\"><b> Instala\u00e7\u00e3o f\u00e1cil<\/b><b><\/b><\/p>\n<p class=\"p1\"><b> Gest\u00e3o exacta da quilometragem<\/b><b><\/b><\/p>\n<p class=\"p1\"><b> Funcionamento em modo furtivo<\/b><b><\/b><\/p>\n<p class=\"p1\"><span class=\"s1\">\u2705<\/span><b> Suporte e actualiza\u00e7\u00f5es vital\u00edcias<\/b><\/p>\n<\/div>\n<\/div>\n<\/div>\n<\/div>\n","protected":false},"featured_media":792,"comment_status":"open","ping_status":"closed","template":"","meta":[],"product_brand":[],"product_cat":[1189],"product_tag":[],"class_list":{"0":"post-11206","1":"product","2":"type-product","3":"status-publish","4":"has-post-thumbnail","6":"product_cat-lamborghini","8":"first","9":"instock","10":"taxable","11":"shipping-taxable","12":"purchasable","13":"product-type-variable"},"yoast_head":"<!-- This site is optimized with the Yoast SEO plugin v27.5 - https:\/\/yoast.com\/product\/yoast-seo-wordpress\/ -->\n<title>Lamborghini Aventador \/ Aventador SVJ Mileage Blocker (KM stopper) \u2192 KM Block<\/title>\n<meta name=\"description\" content=\"Buy a Lamborghini Aventador \/ Aventador SVJ Mileage Blocker for the Best Prices \u2713 Free Shipping \u2713 Incl. Installation Guides\" \/>\n<meta name=\"robots\" content=\"index, follow, max-snippet:-1, max-image-preview:large, max-video-preview:-1\" \/>\n<meta property=\"og:locale\" content=\"pt_PT\" \/>\n<meta property=\"og:type\" content=\"article\" \/>\n<meta property=\"og:title\" content=\"Lamborghini Aventador \/ Aventador SVJ Mileage Blocker (KM stopper) \u2192 KM Block\" \/>\n<meta property=\"og:description\" content=\"Buy a Lamborghini Aventador \/ Aventador SVJ Mileage Blocker for the Best Prices \u2713 Free Shipping \u2713 Incl. Installation Guides\" \/>\n<meta property=\"og:url\" content=\"https:\/\/kmblock.com\/pt-pt\/product\/lamborghini-aventador-aventador-svj\/\" \/>\n<meta property=\"og:site_name\" content=\"KM Block\" \/>\n<meta property=\"og:image\" content=\"https:\/\/kmblock.com\/wp-content\/uploads\/2024\/09\/Lamborghini-Aventador-Aventador-SVJ.jpg\" \/>\n\t<meta property=\"og:image:width\" content=\"800\" \/>\n\t<meta property=\"og:image:height\" content=\"800\" \/>\n\t<meta property=\"og:image:type\" content=\"image\/jpeg\" \/>\n<meta name=\"twitter:card\" content=\"summary_large_image\" \/>\n<meta name=\"twitter:label1\" content=\"Tempo estimado de leitura\" \/>\n\t<meta name=\"twitter:data1\" content=\"2 minutos\" \/>\n<script type=\"application\/ld+json\" class=\"yoast-schema-graph\">{\"@context\":\"https:\\\/\\\/schema.org\",\"@graph\":[{\"@type\":\"WebPage\",\"@id\":\"https:\\\/\\\/kmblock.com\\\/pt-pt\\\/product\\\/lamborghini-aventador-aventador-svj\\\/\",\"url\":\"https:\\\/\\\/kmblock.com\\\/pt-pt\\\/product\\\/lamborghini-aventador-aventador-svj\\\/\",\"name\":\"Lamborghini Aventador \\\/ Aventador SVJ Mileage Blocker (KM stopper) \u2192 KM Block\",\"isPartOf\":{\"@id\":\"https:\\\/\\\/kmblock.com\\\/pt-pt\\\/#website\"},\"primaryImageOfPage\":{\"@id\":\"https:\\\/\\\/kmblock.com\\\/pt-pt\\\/product\\\/lamborghini-aventador-aventador-svj\\\/#primaryimage\"},\"image\":{\"@id\":\"https:\\\/\\\/kmblock.com\\\/pt-pt\\\/product\\\/lamborghini-aventador-aventador-svj\\\/#primaryimage\"},\"thumbnailUrl\":\"https:\\\/\\\/kmblock.com\\\/wp-content\\\/uploads\\\/2024\\\/09\\\/Lamborghini-Aventador-Aventador-SVJ.jpg\",\"datePublished\":\"2024-09-21T17:25:44+00:00\",\"description\":\"Buy a Lamborghini Aventador \\\/ Aventador SVJ Mileage Blocker for the Best Prices \u2713 Free Shipping \u2713 Incl. Installation Guides\",\"breadcrumb\":{\"@id\":\"https:\\\/\\\/kmblock.com\\\/pt-pt\\\/product\\\/lamborghini-aventador-aventador-svj\\\/#breadcrumb\"},\"inLanguage\":\"pt-PT\",\"potentialAction\":[{\"@type\":\"ReadAction\",\"target\":[\"https:\\\/\\\/kmblock.com\\\/pt-pt\\\/product\\\/lamborghini-aventador-aventador-svj\\\/\"]}]},{\"@type\":\"ImageObject\",\"inLanguage\":\"pt-PT\",\"@id\":\"https:\\\/\\\/kmblock.com\\\/pt-pt\\\/product\\\/lamborghini-aventador-aventador-svj\\\/#primaryimage\",\"url\":\"https:\\\/\\\/kmblock.com\\\/wp-content\\\/uploads\\\/2024\\\/09\\\/Lamborghini-Aventador-Aventador-SVJ.jpg\",\"contentUrl\":\"https:\\\/\\\/kmblock.com\\\/wp-content\\\/uploads\\\/2024\\\/09\\\/Lamborghini-Aventador-Aventador-SVJ.jpg\",\"width\":800,\"height\":800,\"caption\":\"Lamborghini Aventador \\\/ Aventador SVJ\"},{\"@type\":\"BreadcrumbList\",\"@id\":\"https:\\\/\\\/kmblock.com\\\/pt-pt\\\/product\\\/lamborghini-aventador-aventador-svj\\\/#breadcrumb\",\"itemListElement\":[{\"@type\":\"ListItem\",\"position\":1,\"name\":\"Casa\",\"item\":\"https:\\\/\\\/kmblock.com\\\/pt-pt\\\/\"},{\"@type\":\"ListItem\",\"position\":2,\"name\":\"Produtos\",\"item\":\"https:\\\/\\\/kmblock.com\\\/pt-pt\\\/shop\\\/\"},{\"@type\":\"ListItem\",\"position\":3,\"name\":\"Lamborghini Aventador \\\/ Aventador SVJ\"}]},{\"@type\":\"WebSite\",\"@id\":\"https:\\\/\\\/kmblock.com\\\/pt-pt\\\/#website\",\"url\":\"https:\\\/\\\/kmblock.com\\\/pt-pt\\\/\",\"name\":\"KM Block\",\"description\":\"\",\"publisher\":{\"@id\":\"https:\\\/\\\/kmblock.com\\\/pt-pt\\\/#organization\"},\"potentialAction\":[{\"@type\":\"SearchAction\",\"target\":{\"@type\":\"EntryPoint\",\"urlTemplate\":\"https:\\\/\\\/kmblock.com\\\/pt-pt\\\/?s={search_term_string}\"},\"query-input\":{\"@type\":\"PropertyValueSpecification\",\"valueRequired\":true,\"valueName\":\"search_term_string\"}}],\"inLanguage\":\"pt-PT\"},{\"@type\":\"Organization\",\"@id\":\"https:\\\/\\\/kmblock.com\\\/pt-pt\\\/#organization\",\"name\":\"Bloco KM\",\"url\":\"https:\\\/\\\/kmblock.com\\\/pt-pt\\\/\",\"logo\":{\"@type\":\"ImageObject\",\"inLanguage\":\"pt-PT\",\"@id\":\"https:\\\/\\\/kmblock.com\\\/pt-pt\\\/#\\\/schema\\\/logo\\\/image\\\/\",\"url\":\"https:\\\/\\\/kmblock.com\\\/wp-content\\\/uploads\\\/2024\\\/08\\\/main-logo.png\",\"contentUrl\":\"https:\\\/\\\/kmblock.com\\\/wp-content\\\/uploads\\\/2024\\\/08\\\/main-logo.png\",\"width\":186,\"height\":28,\"caption\":\"Bloco KM\"},\"image\":{\"@id\":\"https:\\\/\\\/kmblock.com\\\/pt-pt\\\/#\\\/schema\\\/logo\\\/image\\\/\"}}]}<\/script>\n<!-- \/ Yoast SEO plugin. -->","yoast_head_json":{"title":"Lamborghini Aventador \/ Aventador SVJ Mileage Blocker (KM stopper) \u2192 KM Block","description":"Buy a Lamborghini Aventador \/ Aventador SVJ Mileage Blocker for the Best Prices \u2713 Free Shipping \u2713 Incl. Installation Guides","robots":{"index":"index","follow":"follow","max-snippet":"max-snippet:-1","max-image-preview":"max-image-preview:large","max-video-preview":"max-video-preview:-1"},"og_locale":"pt_PT","og_type":"article","og_title":"Lamborghini Aventador \/ Aventador SVJ Mileage Blocker (KM stopper) \u2192 KM Block","og_description":"Buy a Lamborghini Aventador \/ Aventador SVJ Mileage Blocker for the Best Prices \u2713 Free Shipping \u2713 Incl. Installation Guides","og_url":"https:\/\/kmblock.com\/pt-pt\/product\/lamborghini-aventador-aventador-svj\/","og_site_name":"KM Block","og_image":[{"width":800,"height":800,"url":"https:\/\/kmblock.com\/wp-content\/uploads\/2024\/09\/Lamborghini-Aventador-Aventador-SVJ.jpg","type":"image\/jpeg"}],"twitter_card":"summary_large_image","twitter_misc":{"Tempo estimado de leitura":"2 minutos"},"schema":{"@context":"https:\/\/schema.org","@graph":[{"@type":"WebPage","@id":"https:\/\/kmblock.com\/pt-pt\/product\/lamborghini-aventador-aventador-svj\/","url":"https:\/\/kmblock.com\/pt-pt\/product\/lamborghini-aventador-aventador-svj\/","name":"Lamborghini Aventador \/ Aventador SVJ Mileage Blocker (KM stopper) \u2192 KM Block","isPartOf":{"@id":"https:\/\/kmblock.com\/pt-pt\/#website"},"primaryImageOfPage":{"@id":"https:\/\/kmblock.com\/pt-pt\/product\/lamborghini-aventador-aventador-svj\/#primaryimage"},"image":{"@id":"https:\/\/kmblock.com\/pt-pt\/product\/lamborghini-aventador-aventador-svj\/#primaryimage"},"thumbnailUrl":"https:\/\/kmblock.com\/wp-content\/uploads\/2024\/09\/Lamborghini-Aventador-Aventador-SVJ.jpg","datePublished":"2024-09-21T17:25:44+00:00","description":"Buy a Lamborghini Aventador \/ Aventador SVJ Mileage Blocker for the Best Prices \u2713 Free Shipping \u2713 Incl. Installation Guides","breadcrumb":{"@id":"https:\/\/kmblock.com\/pt-pt\/product\/lamborghini-aventador-aventador-svj\/#breadcrumb"},"inLanguage":"pt-PT","potentialAction":[{"@type":"ReadAction","target":["https:\/\/kmblock.com\/pt-pt\/product\/lamborghini-aventador-aventador-svj\/"]}]},{"@type":"ImageObject","inLanguage":"pt-PT","@id":"https:\/\/kmblock.com\/pt-pt\/product\/lamborghini-aventador-aventador-svj\/#primaryimage","url":"https:\/\/kmblock.com\/wp-content\/uploads\/2024\/09\/Lamborghini-Aventador-Aventador-SVJ.jpg","contentUrl":"https:\/\/kmblock.com\/wp-content\/uploads\/2024\/09\/Lamborghini-Aventador-Aventador-SVJ.jpg","width":800,"height":800,"caption":"Lamborghini Aventador \/ Aventador SVJ"},{"@type":"BreadcrumbList","@id":"https:\/\/kmblock.com\/pt-pt\/product\/lamborghini-aventador-aventador-svj\/#breadcrumb","itemListElement":[{"@type":"ListItem","position":1,"name":"Casa","item":"https:\/\/kmblock.com\/pt-pt\/"},{"@type":"ListItem","position":2,"name":"Produtos","item":"https:\/\/kmblock.com\/pt-pt\/shop\/"},{"@type":"ListItem","position":3,"name":"Lamborghini Aventador \/ Aventador SVJ"}]},{"@type":"WebSite","@id":"https:\/\/kmblock.com\/pt-pt\/#website","url":"https:\/\/kmblock.com\/pt-pt\/","name":"KM Block","description":"","publisher":{"@id":"https:\/\/kmblock.com\/pt-pt\/#organization"},"potentialAction":[{"@type":"SearchAction","target":{"@type":"EntryPoint","urlTemplate":"https:\/\/kmblock.com\/pt-pt\/?s={search_term_string}"},"query-input":{"@type":"PropertyValueSpecification","valueRequired":true,"valueName":"search_term_string"}}],"inLanguage":"pt-PT"},{"@type":"Organization","@id":"https:\/\/kmblock.com\/pt-pt\/#organization","name":"Bloco KM","url":"https:\/\/kmblock.com\/pt-pt\/","logo":{"@type":"ImageObject","inLanguage":"pt-PT","@id":"https:\/\/kmblock.com\/pt-pt\/#\/schema\/logo\/image\/","url":"https:\/\/kmblock.com\/wp-content\/uploads\/2024\/08\/main-logo.png","contentUrl":"https:\/\/kmblock.com\/wp-content\/uploads\/2024\/08\/main-logo.png","width":186,"height":28,"caption":"Bloco KM"},"image":{"@id":"https:\/\/kmblock.com\/pt-pt\/#\/schema\/logo\/image\/"}}]}},"_links":{"self":[{"href":"https:\/\/kmblock.com\/pt-pt\/wp-json\/wp\/v2\/product\/11206","targetHints":{"allow":["GET"]}}],"collection":[{"href":"https:\/\/kmblock.com\/pt-pt\/wp-json\/wp\/v2\/product"}],"about":[{"href":"https:\/\/kmblock.com\/pt-pt\/wp-json\/wp\/v2\/types\/product"}],"replies":[{"embeddable":true,"href":"https:\/\/kmblock.com\/pt-pt\/wp-json\/wp\/v2\/comments?post=11206"}],"wp:featuredmedia":[{"embeddable":true,"href":"https:\/\/kmblock.com\/pt-pt\/wp-json\/wp\/v2\/media\/792"}],"wp:attachment":[{"href":"https:\/\/kmblock.com\/pt-pt\/wp-json\/wp\/v2\/media?parent=11206"}],"wp:term":[{"taxonomy":"product_brand","embeddable":true,"href":"https:\/\/kmblock.com\/pt-pt\/wp-json\/wp\/v2\/product_brand?post=11206"},{"taxonomy":"product_cat","embeddable":true,"href":"https:\/\/kmblock.com\/pt-pt\/wp-json\/wp\/v2\/product_cat?post=11206"},{"taxonomy":"product_tag","embeddable":true,"href":"https:\/\/kmblock.com\/pt-pt\/wp-json\/wp\/v2\/product_tag?post=11206"}],"curies":[{"name":"wp","href":"https:\/\/api.w.org\/{rel}","templated":true}]}}