{"id":11163,"date":"2024-09-21T17:58:22","date_gmt":"2024-09-21T17:58:22","guid":{"rendered":"https:\/\/kmblock.com\/product\/lamborghini-urus\/"},"modified":"2024-09-21T17:58:22","modified_gmt":"2024-09-21T17:58:22","slug":"lamborghini-urus","status":"publish","type":"product","link":"https:\/\/kmblock.com\/pt-pt\/product\/lamborghini-urus\/","title":{"rendered":"Lamborghini Urus"},"content":{"rendered":"<div class=\"flex max-w-full flex-col flex-grow\">\n<div class=\"min-h-[20px] text-message flex w-full flex-col items-end gap-2 whitespace-normal break-words [.text-message+&amp;]:mt-5\" dir=\"auto\" data-message-author-role=\"assistant\" data-message-id=\"486fbb14-d9b0-4abf-8aac-69dd9ef3f888\">\n<div class=\"flex w-full flex-col gap-1 empty:hidden first:pt-[3px]\">\n<div class=\"markdown prose w-full break-words dark:prose-invert dark\">\n<div class=\"flex max-w-full flex-col flex-grow\">\n<div class=\"min-h-[20px] text-message flex w-full flex-col items-end gap-2 whitespace-normal break-words [.text-message+&amp;]:mt-5\" dir=\"auto\" data-message-author-role=\"assistant\" data-message-id=\"583787e4-ced2-4497-934b-fd13934d3b5f\">\n<div class=\"flex w-full flex-col gap-1 empty:hidden first:pt-[3px]\">\n<div class=\"markdown prose w-full break-words dark:prose-invert dark\">\n<h3>Bloqueador de Quil\u00f3metros para Lamborghini Urus<\/h3>\n<p>O <strong>Mileage Blocker para Lamborghini Urus &#8211; tamb\u00e9m<\/strong>conhecido como Odometer Blocker, Can Blocker, Mileage Stopper ou Trip Odometer &#8211; \u00e9 uma ferramenta inovadora concebida para impedir que o teu carro registe a quilometragem durante o teste.<\/p>\n<h4>Compatibilidade<\/h4>\n<ul>\n<li>Adequado para <strong>todos os modelos Lamborghini Urus<\/strong> lan\u00e7ados desde 2018.<\/li>\n<\/ul>\n<h4>Especifica\u00e7\u00f5es<\/h4>\n<ul>\n<li><strong>Instala\u00e7\u00e3o &#8221;fa\u00e7a voc\u00ea mesmo&#8221;:<\/strong> F\u00e1cil de instalar, n\u00e3o necessita de ajuda profissional.<\/li>\n<li><strong>Componentes de qualidade superior:<\/strong> Inclui fichas de alta qualidade e cabos resistentes ao calor.<\/li>\n<li><strong>M\u00faltiplos modos:<\/strong> Oferece v\u00e1rios modos para se adaptar \u00e0s tuas necessidades, incluindo paragem parcial e total da quilometragem.<\/li>\n<li><strong>Ativa-se sem o veloc\u00edmetro:<\/strong> Pode ser ligado ou desligado, mesmo quando o veloc\u00edmetro est\u00e1 inativo.<\/li>\n<li><strong>N\u00e3o deixa vest\u00edgios:<\/strong> A remo\u00e7\u00e3o n\u00e3o deixa sinais &#8211; n\u00e3o \u00e9 necess\u00e1rio soldar ou cortar os cabos.<\/li>\n<li><strong>Funcionamento f\u00e1cil:<\/strong> Muda de modo utilizando algumas combina\u00e7\u00f5es simples de teclas.<\/li>\n<li><strong>Instala\u00e7\u00e3o simples e segura:<\/strong> A face de encaixe e os sulcos no conetor garantem um processo suave.<\/li>\n<li><strong>O controlo da velocidade de cruzeiro continua a funcionar.<\/strong><\/li>\n<li><strong>N\u00e3o h\u00e1 aumento da quilometragem ap\u00f3s a remo\u00e7\u00e3o.<\/strong><\/li>\n<li><strong>N\u00e3o pode ser detectado pelos aparelhos de diagn\u00f3stico:<\/strong> O dispositivo garante que a quilometragem alterada n\u00e3o \u00e9 detectada.<\/li>\n<li><strong>N\u00e3o apresenta erros:<\/strong> N\u00e3o aparece nenhuma mensagem de erro no veloc\u00edmetro ou no painel de navega\u00e7\u00e3o.<\/li>\n<li><strong>Atualiza\u00e7\u00e3o importante (p\u00f3s-2020):<\/strong> Alguns ve\u00edculos fabricados ap\u00f3s 2020 podem acionar a luz de controlo do motor quando o dispositivo \u00e9 ativado.<\/li>\n<\/ul>\n<h4>Atualiza\u00e7\u00e3o importante<\/h4>\n<ul>\n<li>Se o teu ve\u00edculo recebeu uma atualiza\u00e7\u00e3o recente do fabricante, apenas <strong>o Modo 3 (Paragem total)<\/strong> e <strong>o Modo 4 (Contagem total)<\/strong> funcionar\u00e3o. Para ativar, desliga o ve\u00edculo cinco vezes seguidas. <\/li>\n<li>Ap\u00f3s a compra, receber\u00e1s um ficheiro PDF com instru\u00e7\u00f5es detalhadas.<\/li>\n<\/ul>\n<h4>Modos<\/h4>\n<p>Utiliza o bot\u00e3o &#8221;ok&#8221; no guiador. Mant\u00e9m premido at\u00e9 que o pisca-pisca comece a piscar. <\/p>\n<p><strong>Modo 1:<\/strong> 1 pisca \u00e0 esquerda 20 por cento<br \/>\n<strong>Modo 2:<\/strong> 2 piscadas \u00e0 esquerda 10 por cento<br \/>\n<strong>Modo 3:<\/strong> 3 piscas \u00e0 esquerda 0 por cento<br \/>\n<strong>Modo 4:<\/strong> 1 piscada \u00e0 direita 100 por cento<\/p>\n<p>Para o modo 3: 0 por cento, tens de ligar o modo e, em seguida, desligar o carro e tranc\u00e1-lo durante 2 minutos e, depois, ligar e conduzir.&#8221;<\/p>\n<h4>O que \u00e9 o bloqueador de od\u00f3metro do Lamborghini Urus?<\/h4>\n<p>O <strong>Lamborghini Urus Mileage Blocker<\/strong> impede a acumula\u00e7\u00e3o desnecess\u00e1ria de quil\u00f3metros enquanto testa o desempenho do autom\u00f3vel. Funciona sem problemas tanto em motores diesel-gasolina como em ve\u00edculos h\u00edbridos\/el\u00e9ctricos (PHEV). Desenvolvida com precis\u00e3o, esta ferramenta garante um desempenho exato em todos os modelos Lamborghini.  <\/p>\n<p>Tem em aten\u00e7\u00e3o que <strong>n\u00e3o se trata de uma Ferramenta de Corre\u00e7\u00e3o de<\/strong> Quil\u00f3metros, que \u00e9 frequentemente utilizada para fins fraudulentos, como o retrocesso de od\u00f3metros. O bloqueador de quilometragem impede simplesmente o registo de quilometragem extra durante o teste e n\u00e3o foi concebido para alterar os dados de quilometragem existentes armazenados no ve\u00edculo. <\/p>\n<h4>Instala\u00e7\u00e3o<\/h4>\n<p>O Mileage Blocker \u00e9 f\u00e1cil de instalar sem conhecimentos avan\u00e7ados sobre o ve\u00edculo. Liga-se entre o veloc\u00edmetro e o painel de instrumentos para um desempenho perfeito, e n\u00e3o s\u00e3o feitas altera\u00e7\u00f5es permanentes no teu carro. <\/p>\n<p>O <strong>bloqueador de quilometragem do Lamborghini Urus<\/strong> oferece uma forma segura e eficiente de monitorizar e controlar a quilometragem durante os testes, assegurando que o teu ve\u00edculo funciona da melhor forma e mantendo registos precisos.<\/p>\n<\/div>\n<\/div>\n<\/div>\n<\/div>\n<\/div>\n<\/div>\n<\/div>\n<\/div>\n","protected":false},"excerpt":{"rendered":"<div class=\"flex-shrink-0 flex flex-col relative items-end\">\n<div class=\"pt-0\">\n<div class=\"gizmo-bot-avatar flex h-8 w-8 items-center justify-center overflow-hidden rounded-full\">\n<div class=\"relative p-1 rounded-sm flex items-center justify-center bg-token-main-surface-primary text-token-text-primary h-8 w-8\">\n<p>Antes de encomendar, l\u00ea os seguintes detalhes importantes relativos \u00e0 ativa\u00e7\u00e3o do m\u00f3dulo, mensagens de erro e funcionalidade.<\/p>\n<p>Para os <strong>modelos Lamborghini Urus lan\u00e7ados desde 2018<\/strong>, rev\u00ea os seguintes detalhes importantes. Assegura a compatibilidade verificando o tipo de conetor do teu ve\u00edculo: <strong>18 Pinos<\/strong> ou <strong>32 Pinos<\/strong> antes de fazeres a tua encomenda. O dispositivo foi concebido para uma instala\u00e7\u00e3o f\u00e1cil, do tipo &#8221;fa\u00e7a voc\u00ea mesmo&#8221;, sem necessidade de ajuda especializada. \u00c9 fornecido com fichas de alta qualidade e cabos resistentes ao calor para um desempenho duradouro. O veloc\u00edmetro e os programas de assist\u00eancia continuam a funcionar sem falhas quando o m\u00f3dulo \u00e9 instalado.    <\/p>\n<p class=\"p1\"><b> Integra\u00e7\u00e3o perfeita<\/b><b><\/b><\/p>\n<p class=\"p1\"><b> Instala\u00e7\u00e3o f\u00e1cil<\/b><b><\/b><\/p>\n<p class=\"p1\"><b> Gest\u00e3o exacta da quilometragem<\/b><b><\/b><\/p>\n<p class=\"p1\"><b> Funcionamento em modo furtivo<\/b><b><\/b><\/p>\n<p class=\"p1\"><span class=\"s1\">\u2705<\/span><b> Suporte e actualiza\u00e7\u00f5es vital\u00edcias<\/b><\/p>\n<\/div>\n<\/div>\n<\/div>\n<\/div>\n","protected":false},"featured_media":796,"comment_status":"open","ping_status":"closed","template":"","meta":[],"product_brand":[],"product_cat":[1189],"product_tag":[],"class_list":{"0":"post-11163","1":"product","2":"type-product","3":"status-publish","4":"has-post-thumbnail","6":"product_cat-lamborghini","8":"first","9":"instock","10":"taxable","11":"shipping-taxable","12":"purchasable","13":"product-type-variable"},"yoast_head":"<!-- This site is optimized with the Yoast SEO plugin v27.5 - https:\/\/yoast.com\/product\/yoast-seo-wordpress\/ -->\n<title>Lamborghini Urus Mileage Blocker (KM stopper) \u2192 KM Block<\/title>\n<meta name=\"description\" content=\"Buy a Lamborghini Urus Mileage Blocker for the Best Prices \u2713 Free Shipping \u2713 Incl. Installation Guides\" \/>\n<meta name=\"robots\" content=\"index, follow, max-snippet:-1, max-image-preview:large, max-video-preview:-1\" \/>\n<meta property=\"og:locale\" content=\"pt_PT\" \/>\n<meta property=\"og:type\" content=\"article\" \/>\n<meta property=\"og:title\" content=\"Lamborghini Urus Mileage Blocker (KM stopper) \u2192 KM Block\" \/>\n<meta property=\"og:description\" content=\"Buy a Lamborghini Urus Mileage Blocker for the Best Prices \u2713 Free Shipping \u2713 Incl. Installation Guides\" \/>\n<meta property=\"og:url\" content=\"https:\/\/kmblock.com\/pt-pt\/product\/lamborghini-urus\/\" \/>\n<meta property=\"og:site_name\" content=\"KM Block\" \/>\n<meta property=\"og:image\" content=\"https:\/\/kmblock.com\/wp-content\/uploads\/2024\/09\/Lamborghini-Urus.jpg\" \/>\n\t<meta property=\"og:image:width\" content=\"800\" \/>\n\t<meta property=\"og:image:height\" content=\"800\" \/>\n\t<meta property=\"og:image:type\" content=\"image\/jpeg\" \/>\n<meta name=\"twitter:card\" content=\"summary_large_image\" \/>\n<meta name=\"twitter:label1\" content=\"Tempo estimado de leitura\" \/>\n\t<meta name=\"twitter:data1\" content=\"3 minutos\" \/>\n<script type=\"application\/ld+json\" class=\"yoast-schema-graph\">{\"@context\":\"https:\\\/\\\/schema.org\",\"@graph\":[{\"@type\":\"WebPage\",\"@id\":\"https:\\\/\\\/kmblock.com\\\/pt-pt\\\/product\\\/lamborghini-urus\\\/\",\"url\":\"https:\\\/\\\/kmblock.com\\\/pt-pt\\\/product\\\/lamborghini-urus\\\/\",\"name\":\"Lamborghini Urus Mileage Blocker (KM stopper) \u2192 KM Block\",\"isPartOf\":{\"@id\":\"https:\\\/\\\/kmblock.com\\\/pt-pt\\\/#website\"},\"primaryImageOfPage\":{\"@id\":\"https:\\\/\\\/kmblock.com\\\/pt-pt\\\/product\\\/lamborghini-urus\\\/#primaryimage\"},\"image\":{\"@id\":\"https:\\\/\\\/kmblock.com\\\/pt-pt\\\/product\\\/lamborghini-urus\\\/#primaryimage\"},\"thumbnailUrl\":\"https:\\\/\\\/kmblock.com\\\/wp-content\\\/uploads\\\/2024\\\/09\\\/Lamborghini-Urus.jpg\",\"datePublished\":\"2024-09-21T17:58:22+00:00\",\"description\":\"Buy a Lamborghini Urus Mileage Blocker for the Best Prices \u2713 Free Shipping \u2713 Incl. Installation Guides\",\"breadcrumb\":{\"@id\":\"https:\\\/\\\/kmblock.com\\\/pt-pt\\\/product\\\/lamborghini-urus\\\/#breadcrumb\"},\"inLanguage\":\"pt-PT\",\"potentialAction\":[{\"@type\":\"ReadAction\",\"target\":[\"https:\\\/\\\/kmblock.com\\\/pt-pt\\\/product\\\/lamborghini-urus\\\/\"]}]},{\"@type\":\"ImageObject\",\"inLanguage\":\"pt-PT\",\"@id\":\"https:\\\/\\\/kmblock.com\\\/pt-pt\\\/product\\\/lamborghini-urus\\\/#primaryimage\",\"url\":\"https:\\\/\\\/kmblock.com\\\/wp-content\\\/uploads\\\/2024\\\/09\\\/Lamborghini-Urus.jpg\",\"contentUrl\":\"https:\\\/\\\/kmblock.com\\\/wp-content\\\/uploads\\\/2024\\\/09\\\/Lamborghini-Urus.jpg\",\"width\":800,\"height\":800,\"caption\":\"Lamborghini Urus\"},{\"@type\":\"BreadcrumbList\",\"@id\":\"https:\\\/\\\/kmblock.com\\\/pt-pt\\\/product\\\/lamborghini-urus\\\/#breadcrumb\",\"itemListElement\":[{\"@type\":\"ListItem\",\"position\":1,\"name\":\"Casa\",\"item\":\"https:\\\/\\\/kmblock.com\\\/pt-pt\\\/\"},{\"@type\":\"ListItem\",\"position\":2,\"name\":\"Produtos\",\"item\":\"https:\\\/\\\/kmblock.com\\\/pt-pt\\\/shop\\\/\"},{\"@type\":\"ListItem\",\"position\":3,\"name\":\"Lamborghini Urus\"}]},{\"@type\":\"WebSite\",\"@id\":\"https:\\\/\\\/kmblock.com\\\/pt-pt\\\/#website\",\"url\":\"https:\\\/\\\/kmblock.com\\\/pt-pt\\\/\",\"name\":\"KM Block\",\"description\":\"\",\"publisher\":{\"@id\":\"https:\\\/\\\/kmblock.com\\\/pt-pt\\\/#organization\"},\"potentialAction\":[{\"@type\":\"SearchAction\",\"target\":{\"@type\":\"EntryPoint\",\"urlTemplate\":\"https:\\\/\\\/kmblock.com\\\/pt-pt\\\/?s={search_term_string}\"},\"query-input\":{\"@type\":\"PropertyValueSpecification\",\"valueRequired\":true,\"valueName\":\"search_term_string\"}}],\"inLanguage\":\"pt-PT\"},{\"@type\":\"Organization\",\"@id\":\"https:\\\/\\\/kmblock.com\\\/pt-pt\\\/#organization\",\"name\":\"Bloco KM\",\"url\":\"https:\\\/\\\/kmblock.com\\\/pt-pt\\\/\",\"logo\":{\"@type\":\"ImageObject\",\"inLanguage\":\"pt-PT\",\"@id\":\"https:\\\/\\\/kmblock.com\\\/pt-pt\\\/#\\\/schema\\\/logo\\\/image\\\/\",\"url\":\"https:\\\/\\\/kmblock.com\\\/wp-content\\\/uploads\\\/2024\\\/08\\\/main-logo.png\",\"contentUrl\":\"https:\\\/\\\/kmblock.com\\\/wp-content\\\/uploads\\\/2024\\\/08\\\/main-logo.png\",\"width\":186,\"height\":28,\"caption\":\"Bloco KM\"},\"image\":{\"@id\":\"https:\\\/\\\/kmblock.com\\\/pt-pt\\\/#\\\/schema\\\/logo\\\/image\\\/\"}}]}<\/script>\n<!-- \/ Yoast SEO plugin. -->","yoast_head_json":{"title":"Lamborghini Urus Mileage Blocker (KM stopper) \u2192 KM Block","description":"Buy a Lamborghini Urus Mileage Blocker for the Best Prices \u2713 Free Shipping \u2713 Incl. Installation Guides","robots":{"index":"index","follow":"follow","max-snippet":"max-snippet:-1","max-image-preview":"max-image-preview:large","max-video-preview":"max-video-preview:-1"},"og_locale":"pt_PT","og_type":"article","og_title":"Lamborghini Urus Mileage Blocker (KM stopper) \u2192 KM Block","og_description":"Buy a Lamborghini Urus Mileage Blocker for the Best Prices \u2713 Free Shipping \u2713 Incl. Installation Guides","og_url":"https:\/\/kmblock.com\/pt-pt\/product\/lamborghini-urus\/","og_site_name":"KM Block","og_image":[{"width":800,"height":800,"url":"https:\/\/kmblock.com\/wp-content\/uploads\/2024\/09\/Lamborghini-Urus.jpg","type":"image\/jpeg"}],"twitter_card":"summary_large_image","twitter_misc":{"Tempo estimado de leitura":"3 minutos"},"schema":{"@context":"https:\/\/schema.org","@graph":[{"@type":"WebPage","@id":"https:\/\/kmblock.com\/pt-pt\/product\/lamborghini-urus\/","url":"https:\/\/kmblock.com\/pt-pt\/product\/lamborghini-urus\/","name":"Lamborghini Urus Mileage Blocker (KM stopper) \u2192 KM Block","isPartOf":{"@id":"https:\/\/kmblock.com\/pt-pt\/#website"},"primaryImageOfPage":{"@id":"https:\/\/kmblock.com\/pt-pt\/product\/lamborghini-urus\/#primaryimage"},"image":{"@id":"https:\/\/kmblock.com\/pt-pt\/product\/lamborghini-urus\/#primaryimage"},"thumbnailUrl":"https:\/\/kmblock.com\/wp-content\/uploads\/2024\/09\/Lamborghini-Urus.jpg","datePublished":"2024-09-21T17:58:22+00:00","description":"Buy a Lamborghini Urus Mileage Blocker for the Best Prices \u2713 Free Shipping \u2713 Incl. Installation Guides","breadcrumb":{"@id":"https:\/\/kmblock.com\/pt-pt\/product\/lamborghini-urus\/#breadcrumb"},"inLanguage":"pt-PT","potentialAction":[{"@type":"ReadAction","target":["https:\/\/kmblock.com\/pt-pt\/product\/lamborghini-urus\/"]}]},{"@type":"ImageObject","inLanguage":"pt-PT","@id":"https:\/\/kmblock.com\/pt-pt\/product\/lamborghini-urus\/#primaryimage","url":"https:\/\/kmblock.com\/wp-content\/uploads\/2024\/09\/Lamborghini-Urus.jpg","contentUrl":"https:\/\/kmblock.com\/wp-content\/uploads\/2024\/09\/Lamborghini-Urus.jpg","width":800,"height":800,"caption":"Lamborghini Urus"},{"@type":"BreadcrumbList","@id":"https:\/\/kmblock.com\/pt-pt\/product\/lamborghini-urus\/#breadcrumb","itemListElement":[{"@type":"ListItem","position":1,"name":"Casa","item":"https:\/\/kmblock.com\/pt-pt\/"},{"@type":"ListItem","position":2,"name":"Produtos","item":"https:\/\/kmblock.com\/pt-pt\/shop\/"},{"@type":"ListItem","position":3,"name":"Lamborghini Urus"}]},{"@type":"WebSite","@id":"https:\/\/kmblock.com\/pt-pt\/#website","url":"https:\/\/kmblock.com\/pt-pt\/","name":"KM Block","description":"","publisher":{"@id":"https:\/\/kmblock.com\/pt-pt\/#organization"},"potentialAction":[{"@type":"SearchAction","target":{"@type":"EntryPoint","urlTemplate":"https:\/\/kmblock.com\/pt-pt\/?s={search_term_string}"},"query-input":{"@type":"PropertyValueSpecification","valueRequired":true,"valueName":"search_term_string"}}],"inLanguage":"pt-PT"},{"@type":"Organization","@id":"https:\/\/kmblock.com\/pt-pt\/#organization","name":"Bloco KM","url":"https:\/\/kmblock.com\/pt-pt\/","logo":{"@type":"ImageObject","inLanguage":"pt-PT","@id":"https:\/\/kmblock.com\/pt-pt\/#\/schema\/logo\/image\/","url":"https:\/\/kmblock.com\/wp-content\/uploads\/2024\/08\/main-logo.png","contentUrl":"https:\/\/kmblock.com\/wp-content\/uploads\/2024\/08\/main-logo.png","width":186,"height":28,"caption":"Bloco KM"},"image":{"@id":"https:\/\/kmblock.com\/pt-pt\/#\/schema\/logo\/image\/"}}]}},"_links":{"self":[{"href":"https:\/\/kmblock.com\/pt-pt\/wp-json\/wp\/v2\/product\/11163","targetHints":{"allow":["GET"]}}],"collection":[{"href":"https:\/\/kmblock.com\/pt-pt\/wp-json\/wp\/v2\/product"}],"about":[{"href":"https:\/\/kmblock.com\/pt-pt\/wp-json\/wp\/v2\/types\/product"}],"replies":[{"embeddable":true,"href":"https:\/\/kmblock.com\/pt-pt\/wp-json\/wp\/v2\/comments?post=11163"}],"wp:featuredmedia":[{"embeddable":true,"href":"https:\/\/kmblock.com\/pt-pt\/wp-json\/wp\/v2\/media\/796"}],"wp:attachment":[{"href":"https:\/\/kmblock.com\/pt-pt\/wp-json\/wp\/v2\/media?parent=11163"}],"wp:term":[{"taxonomy":"product_brand","embeddable":true,"href":"https:\/\/kmblock.com\/pt-pt\/wp-json\/wp\/v2\/product_brand?post=11163"},{"taxonomy":"product_cat","embeddable":true,"href":"https:\/\/kmblock.com\/pt-pt\/wp-json\/wp\/v2\/product_cat?post=11163"},{"taxonomy":"product_tag","embeddable":true,"href":"https:\/\/kmblock.com\/pt-pt\/wp-json\/wp\/v2\/product_tag?post=11163"}],"curies":[{"name":"wp","href":"https:\/\/api.w.org\/{rel}","templated":true}]}}