{"id":11162,"date":"2024-09-22T13:11:41","date_gmt":"2024-09-22T13:11:41","guid":{"rendered":"https:\/\/kmblock.com\/product\/porsche-718-boxster-tipo-982\/"},"modified":"2024-09-22T13:11:41","modified_gmt":"2024-09-22T13:11:41","slug":"porsche-718-boxster-tipo-982","status":"publish","type":"product","link":"https:\/\/kmblock.com\/pt-pt\/product\/porsche-718-boxster-tipo-982\/","title":{"rendered":"Porsche 718 Boxster Tipo 982"},"content":{"rendered":"<div class=\"flex max-w-full flex-col flex-grow\">\n<div class=\"min-h-[20px] text-message flex w-full flex-col items-end gap-2 whitespace-normal break-words [.text-message+&amp;]:mt-5\" dir=\"auto\" data-message-author-role=\"assistant\" data-message-id=\"486fbb14-d9b0-4abf-8aac-69dd9ef3f888\">\n<div class=\"flex w-full flex-col gap-1 empty:hidden first:pt-[3px]\">\n<div class=\"markdown prose w-full break-words dark:prose-invert dark\">\n<div class=\"flex max-w-full flex-col flex-grow\">\n<div class=\"min-h-[20px] text-message flex w-full flex-col items-end gap-2 whitespace-normal break-words [.text-message+&amp;]:mt-5\" dir=\"auto\" data-message-author-role=\"assistant\" data-message-id=\"583787e4-ced2-4497-934b-fd13934d3b5f\">\n<div class=\"flex w-full flex-col gap-1 empty:hidden first:pt-[3px]\">\n<div class=\"markdown prose w-full break-words dark:prose-invert dark\">\n<h3>BLOQUEADOR DE QUIL\u00d3METROS PARA PORSCHE 718 BOXSTER TYPE 982<\/h3>\n<p>O bloqueador de quil\u00f3metros do Porsche 718 Boxster Type 982 tamb\u00e9m \u00e9 conhecido por v\u00e1rios nomes, incluindo bloqueador de conta-quil\u00f3metros, bloqueador de conta-quil\u00f3metros, bloqueador de latas, bloqueador de quil\u00f3metros, conta-quil\u00f3metros de viagem e ferramenta de corre\u00e7\u00e3o de quil\u00f3metros.<\/p>\n<p><strong>Compatibilidade<\/strong><br \/>\nEste dispositivo \u00e9 adequado para todos os modelos Porsche 718, 719 e 721 Boxster Type 982 lan\u00e7ados desde 2016.<\/p>\n<h3>Especifica\u00e7\u00f5es<\/h3>\n<ul>\n<li><strong>Instala\u00e7\u00e3o r\u00e1pida do tipo &#8221;fa\u00e7a voc\u00ea mesmo&#8221;<\/strong>: N\u00e3o precisas de abrir as ECUs.<\/li>\n<li><strong>Ativa\u00e7\u00e3o em movimento<\/strong>: Pode ser ligado e desligado durante a condu\u00e7\u00e3o.<\/li>\n<li><strong>Modos m\u00faltiplos<\/strong>: Escolhe entre v\u00e1rias defini\u00e7\u00f5es.<\/li>\n<li><strong>Funcionamento sem erros<\/strong>: N\u00e3o aparecem mensagens de erro no veloc\u00edmetro ou no painel de navega\u00e7\u00e3o.<\/li>\n<li><strong>Instala\u00e7\u00e3o sem rasto<\/strong>: N\u00e3o necessita de soldar ou cortar os cabos.<\/li>\n<li><strong>Defini\u00e7\u00f5es persistentes<\/strong>: Uma vez selecionado, as defini\u00e7\u00f5es s\u00e3o guardadas incondicionalmente.<\/li>\n<li><strong>Altera\u00e7\u00f5es indetect\u00e1veis<\/strong>: Os aparelhos de diagn\u00f3stico n\u00e3o conseguem detetar as altera\u00e7\u00f5es efectuadas pelo Mileage Stopper.<\/li>\n<li><strong>Instala\u00e7\u00e3o f\u00e1cil<\/strong>: A face de acoplamento e os sulcos no conetor garantem uma instala\u00e7\u00e3o sem problemas.<\/li>\n<li><strong>Componentes de alta qualidade<\/strong>: Inclui fichas de qualidade superior e cabos resistentes ao calor.<\/li>\n<li><strong>F\u00e1cil de utilizar<\/strong>: Funciona facilmente com combina\u00e7\u00f5es de teclas.<\/li>\n<li><strong>Estabilidade da quilometragem<\/strong>: Ap\u00f3s a remo\u00e7\u00e3o do m\u00f3dulo, a quilometragem n\u00e3o aumenta espontaneamente.<\/li>\n<li><strong>Desvio permitido<\/strong>: Os modos que alteram a quilometragem t\u00eam um desvio de at\u00e9 1% da dist\u00e2ncia percorrida. Os detalhes sobre a quilometragem parada s\u00e3o aproximados e podem variar ligeiramente. <\/li>\n<\/ul>\n<h3>Ativa\u00e7\u00e3o e desativa\u00e7\u00e3o<\/h3>\n<p>Ativa&#8221; premindo simultaneamente os dois &#8221;bot\u00f5es de retorno&#8221;.<\/p>\n<p><strong>Modo ligado:<\/strong> ambos piscam uma vez. Conta 0% de milhas. Tudo est\u00e1 a funcionar corretamente.  <\/p>\n<p><strong>Modo desligado:<\/strong> ambos os piscas piscam uma vez. Conta 100% dos quil\u00f3metros. Tudo funciona corretamente&#8221;.  <\/p>\n<h3>O que \u00e9 o bloqueador de od\u00f3metro ou ferramenta de corre\u00e7\u00e3o de quilometragem do Porsche 718 Boxster Type 982?<\/h3>\n<p>O Porsche 718 \/ 719 \/ 721 Boxster Type 982 Mileage Blocker \/ Odometer Blocker foi concebido para interromper a contagem de quil\u00f3metros enquanto testas o desempenho do teu ve\u00edculo. Na KM Block, podes adquirir um m\u00f3dulo especificamente concebido para o teu ve\u00edculo. O nosso software foi concebido para garantir um funcionamento perfeito, quer o teu od\u00f3metro digital me\u00e7a em milhas ou em quil\u00f3metros.  <\/p>\n<p>Tem em aten\u00e7\u00e3o que n\u00e3o vendemos ferramentas de corre\u00e7\u00e3o de quilometragem para o Porsche 718 \/ 719 \/ 721 Boxster Type 982, uma vez que estas se destinam a fins fraudulentos e s\u00f3 podem remover os valores de quilometragem dos od\u00f3metros. Normalmente, s\u00e3o utilizadas para reverter a dist\u00e2ncia percorrida, mas os ve\u00edculos modernos cont\u00eam v\u00e1rias unidades de armazenamento de dados, o que torna dif\u00edcil que as ferramentas de revers\u00e3o apaguem completamente a quilometragem. <\/p>\n<p>Explora a nossa vasta gama de dispositivos de bloqueio de quil\u00f3metros para v\u00e1rios ve\u00edculos no nosso s\u00edtio Web. O Mileage Blocker \u00e9 compat\u00edvel com motores a diesel e a gasolina, bem como com ve\u00edculos h\u00edbridos el\u00e9ctricos plug-in (PHEV) e carros el\u00e9ctricos. A instala\u00e7\u00e3o n\u00e3o requer conhecimentos especializados; basta lig\u00e1-lo entre a porta do veloc\u00edmetro e o painel de instrumentos para usufruir de todos os benef\u00edcios do m\u00f3dulo.  <\/p>\n<p>O Porsche 718 \/ 719 \/ 721 Boxster Type 982 Mileage Blocker pode ser ativado ou desativado em qualquer momento, quer o ve\u00edculo esteja em movimento ou parado.<\/p>\n<\/div>\n<\/div>\n<\/div>\n<\/div>\n<\/div>\n<\/div>\n<\/div>\n<\/div>\n","protected":false},"excerpt":{"rendered":"<div class=\"flex-shrink-0 flex flex-col relative items-end\">\n<div class=\"pt-0\">\n<div class=\"gizmo-bot-avatar flex h-8 w-8 items-center justify-center overflow-hidden rounded-full\">\n<div class=\"relative p-1 rounded-sm flex items-center justify-center bg-token-main-surface-primary text-token-text-primary h-8 w-8\">\n<p>Antes de encomendar, l\u00ea os seguintes detalhes importantes relativos \u00e0 ativa\u00e7\u00e3o do m\u00f3dulo, mensagens de erro e funcionalidade.<\/p>\n<div class=\"flex max-w-full flex-col flex-grow\">\n<div class=\"min-h-[20px] text-message flex w-full flex-col items-end gap-2 whitespace-normal break-words [.text-message+&amp;]:mt-5\" dir=\"auto\" data-message-author-role=\"assistant\" data-message-id=\"fa49fe5c-62a3-4d02-842e-7a1021d9fec1\">\n<div class=\"flex w-full flex-col gap-1 empty:hidden first:pt-[3px]\">\n<div class=\"markdown prose w-full break-words dark:prose-invert dark\">\n<p><strong>PARA OS MODELOS LAN\u00c7ADOS DESDE 2016.  <\/strong>Os sistemas de assist\u00eancia n\u00e3o funcionam, enquanto o indicador de velocidade funciona com base no modo selecionado. Instala\u00e7\u00e3o f\u00e1cil do tipo &#8221;fa\u00e7a voc\u00ea mesmo&#8221;. Pode ser ativado em movimento. Inclui fichas de qualidade superior e cabos resistentes ao calor.   <\/p>\n<p class=\"p1\"><b> Integra\u00e7\u00e3o perfeita<\/b><b><\/b><\/p>\n<p class=\"p1\"><b> Instala\u00e7\u00e3o f\u00e1cil<\/b><b><\/b><\/p>\n<p class=\"p1\"><b> Gest\u00e3o exacta da quilometragem<\/b><b><\/b><\/p>\n<p class=\"p1\"><b> Funcionamento em modo furtivo<\/b><b><\/b><\/p>\n<p class=\"p1\"><span class=\"s1\">\u2705<\/span><b> Suporte e actualiza\u00e7\u00f5es vital\u00edcias<\/b><\/p>\n<p>&nbsp;<\/p>\n<\/div>\n<\/div>\n<\/div>\n<\/div>\n<div class=\"mb-2 flex gap-3 empty:hidden -ml-2\">\n<div class=\"items-center justify-start rounded-xl p-1 flex\"><\/div>\n<\/div>\n<\/div>\n<\/div>\n<\/div>\n<\/div>\n","protected":false},"featured_media":824,"comment_status":"open","ping_status":"closed","template":"","meta":[],"product_brand":[],"product_cat":[1157],"product_tag":[],"class_list":{"0":"post-11162","1":"product","2":"type-product","3":"status-publish","4":"has-post-thumbnail","6":"product_cat-porsche","8":"first","9":"instock","10":"taxable","11":"shipping-taxable","12":"purchasable","13":"product-type-variable"},"yoast_head":"<!-- This site is optimized with the Yoast SEO plugin v27.5 - https:\/\/yoast.com\/product\/yoast-seo-wordpress\/ -->\n<title>Porsche 718 Boxster Tipo 982 Mileage Blocker (KM stopper) \u2192 KM Block<\/title>\n<meta name=\"description\" content=\"Buy a Porsche 718 Boxster Tipo 982 Mileage Blocker for the Best Prices \u2713 Free Shipping \u2713 Incl. Installation Guides\" \/>\n<meta name=\"robots\" content=\"index, follow, max-snippet:-1, max-image-preview:large, max-video-preview:-1\" \/>\n<meta property=\"og:locale\" content=\"pt_PT\" \/>\n<meta property=\"og:type\" content=\"article\" \/>\n<meta property=\"og:title\" content=\"Porsche 718 Boxster Tipo 982 Mileage Blocker (KM stopper) \u2192 KM Block\" \/>\n<meta property=\"og:description\" content=\"Buy a Porsche 718 Boxster Tipo 982 Mileage Blocker for the Best Prices \u2713 Free Shipping \u2713 Incl. Installation Guides\" \/>\n<meta property=\"og:url\" content=\"https:\/\/kmblock.com\/pt-pt\/product\/porsche-718-boxster-tipo-982\/\" \/>\n<meta property=\"og:site_name\" content=\"KM Block\" \/>\n<meta property=\"og:image\" content=\"https:\/\/kmblock.com\/wp-content\/uploads\/2024\/09\/Porsche-718-Boxster-Type-982.jpg\" \/>\n\t<meta property=\"og:image:width\" content=\"800\" \/>\n\t<meta property=\"og:image:height\" content=\"800\" \/>\n\t<meta property=\"og:image:type\" content=\"image\/jpeg\" \/>\n<meta name=\"twitter:card\" content=\"summary_large_image\" \/>\n<meta name=\"twitter:label1\" content=\"Tempo estimado de leitura\" \/>\n\t<meta name=\"twitter:data1\" content=\"3 minutos\" \/>\n<script type=\"application\/ld+json\" class=\"yoast-schema-graph\">{\"@context\":\"https:\\\/\\\/schema.org\",\"@graph\":[{\"@type\":\"WebPage\",\"@id\":\"https:\\\/\\\/kmblock.com\\\/pt-pt\\\/product\\\/porsche-718-boxster-tipo-982\\\/\",\"url\":\"https:\\\/\\\/kmblock.com\\\/pt-pt\\\/product\\\/porsche-718-boxster-tipo-982\\\/\",\"name\":\"Porsche 718 Boxster Tipo 982 Mileage Blocker (KM stopper) \u2192 KM Block\",\"isPartOf\":{\"@id\":\"https:\\\/\\\/kmblock.com\\\/pt-pt\\\/#website\"},\"primaryImageOfPage\":{\"@id\":\"https:\\\/\\\/kmblock.com\\\/pt-pt\\\/product\\\/porsche-718-boxster-tipo-982\\\/#primaryimage\"},\"image\":{\"@id\":\"https:\\\/\\\/kmblock.com\\\/pt-pt\\\/product\\\/porsche-718-boxster-tipo-982\\\/#primaryimage\"},\"thumbnailUrl\":\"https:\\\/\\\/kmblock.com\\\/wp-content\\\/uploads\\\/2024\\\/09\\\/Porsche-718-Boxster-Type-982.jpg\",\"datePublished\":\"2024-09-22T13:11:41+00:00\",\"description\":\"Buy a Porsche 718 Boxster Tipo 982 Mileage Blocker for the Best Prices \u2713 Free Shipping \u2713 Incl. Installation Guides\",\"breadcrumb\":{\"@id\":\"https:\\\/\\\/kmblock.com\\\/pt-pt\\\/product\\\/porsche-718-boxster-tipo-982\\\/#breadcrumb\"},\"inLanguage\":\"pt-PT\",\"potentialAction\":[{\"@type\":\"ReadAction\",\"target\":[\"https:\\\/\\\/kmblock.com\\\/pt-pt\\\/product\\\/porsche-718-boxster-tipo-982\\\/\"]}]},{\"@type\":\"ImageObject\",\"inLanguage\":\"pt-PT\",\"@id\":\"https:\\\/\\\/kmblock.com\\\/pt-pt\\\/product\\\/porsche-718-boxster-tipo-982\\\/#primaryimage\",\"url\":\"https:\\\/\\\/kmblock.com\\\/wp-content\\\/uploads\\\/2024\\\/09\\\/Porsche-718-Boxster-Type-982.jpg\",\"contentUrl\":\"https:\\\/\\\/kmblock.com\\\/wp-content\\\/uploads\\\/2024\\\/09\\\/Porsche-718-Boxster-Type-982.jpg\",\"width\":800,\"height\":800,\"caption\":\"Porsche 718 Boxster Type 982\"},{\"@type\":\"BreadcrumbList\",\"@id\":\"https:\\\/\\\/kmblock.com\\\/pt-pt\\\/product\\\/porsche-718-boxster-tipo-982\\\/#breadcrumb\",\"itemListElement\":[{\"@type\":\"ListItem\",\"position\":1,\"name\":\"Casa\",\"item\":\"https:\\\/\\\/kmblock.com\\\/pt-pt\\\/\"},{\"@type\":\"ListItem\",\"position\":2,\"name\":\"Produtos\",\"item\":\"https:\\\/\\\/kmblock.com\\\/pt-pt\\\/shop\\\/\"},{\"@type\":\"ListItem\",\"position\":3,\"name\":\"Porsche 718 Boxster Tipo 982\"}]},{\"@type\":\"WebSite\",\"@id\":\"https:\\\/\\\/kmblock.com\\\/pt-pt\\\/#website\",\"url\":\"https:\\\/\\\/kmblock.com\\\/pt-pt\\\/\",\"name\":\"KM Block\",\"description\":\"\",\"publisher\":{\"@id\":\"https:\\\/\\\/kmblock.com\\\/pt-pt\\\/#organization\"},\"potentialAction\":[{\"@type\":\"SearchAction\",\"target\":{\"@type\":\"EntryPoint\",\"urlTemplate\":\"https:\\\/\\\/kmblock.com\\\/pt-pt\\\/?s={search_term_string}\"},\"query-input\":{\"@type\":\"PropertyValueSpecification\",\"valueRequired\":true,\"valueName\":\"search_term_string\"}}],\"inLanguage\":\"pt-PT\"},{\"@type\":\"Organization\",\"@id\":\"https:\\\/\\\/kmblock.com\\\/pt-pt\\\/#organization\",\"name\":\"Bloco KM\",\"url\":\"https:\\\/\\\/kmblock.com\\\/pt-pt\\\/\",\"logo\":{\"@type\":\"ImageObject\",\"inLanguage\":\"pt-PT\",\"@id\":\"https:\\\/\\\/kmblock.com\\\/pt-pt\\\/#\\\/schema\\\/logo\\\/image\\\/\",\"url\":\"https:\\\/\\\/kmblock.com\\\/wp-content\\\/uploads\\\/2024\\\/08\\\/main-logo.png\",\"contentUrl\":\"https:\\\/\\\/kmblock.com\\\/wp-content\\\/uploads\\\/2024\\\/08\\\/main-logo.png\",\"width\":186,\"height\":28,\"caption\":\"Bloco KM\"},\"image\":{\"@id\":\"https:\\\/\\\/kmblock.com\\\/pt-pt\\\/#\\\/schema\\\/logo\\\/image\\\/\"}}]}<\/script>\n<!-- \/ Yoast SEO plugin. -->","yoast_head_json":{"title":"Porsche 718 Boxster Tipo 982 Mileage Blocker (KM stopper) \u2192 KM Block","description":"Buy a Porsche 718 Boxster Tipo 982 Mileage Blocker for the Best Prices \u2713 Free Shipping \u2713 Incl. Installation Guides","robots":{"index":"index","follow":"follow","max-snippet":"max-snippet:-1","max-image-preview":"max-image-preview:large","max-video-preview":"max-video-preview:-1"},"og_locale":"pt_PT","og_type":"article","og_title":"Porsche 718 Boxster Tipo 982 Mileage Blocker (KM stopper) \u2192 KM Block","og_description":"Buy a Porsche 718 Boxster Tipo 982 Mileage Blocker for the Best Prices \u2713 Free Shipping \u2713 Incl. Installation Guides","og_url":"https:\/\/kmblock.com\/pt-pt\/product\/porsche-718-boxster-tipo-982\/","og_site_name":"KM Block","og_image":[{"width":800,"height":800,"url":"https:\/\/kmblock.com\/wp-content\/uploads\/2024\/09\/Porsche-718-Boxster-Type-982.jpg","type":"image\/jpeg"}],"twitter_card":"summary_large_image","twitter_misc":{"Tempo estimado de leitura":"3 minutos"},"schema":{"@context":"https:\/\/schema.org","@graph":[{"@type":"WebPage","@id":"https:\/\/kmblock.com\/pt-pt\/product\/porsche-718-boxster-tipo-982\/","url":"https:\/\/kmblock.com\/pt-pt\/product\/porsche-718-boxster-tipo-982\/","name":"Porsche 718 Boxster Tipo 982 Mileage Blocker (KM stopper) \u2192 KM Block","isPartOf":{"@id":"https:\/\/kmblock.com\/pt-pt\/#website"},"primaryImageOfPage":{"@id":"https:\/\/kmblock.com\/pt-pt\/product\/porsche-718-boxster-tipo-982\/#primaryimage"},"image":{"@id":"https:\/\/kmblock.com\/pt-pt\/product\/porsche-718-boxster-tipo-982\/#primaryimage"},"thumbnailUrl":"https:\/\/kmblock.com\/wp-content\/uploads\/2024\/09\/Porsche-718-Boxster-Type-982.jpg","datePublished":"2024-09-22T13:11:41+00:00","description":"Buy a Porsche 718 Boxster Tipo 982 Mileage Blocker for the Best Prices \u2713 Free Shipping \u2713 Incl. Installation Guides","breadcrumb":{"@id":"https:\/\/kmblock.com\/pt-pt\/product\/porsche-718-boxster-tipo-982\/#breadcrumb"},"inLanguage":"pt-PT","potentialAction":[{"@type":"ReadAction","target":["https:\/\/kmblock.com\/pt-pt\/product\/porsche-718-boxster-tipo-982\/"]}]},{"@type":"ImageObject","inLanguage":"pt-PT","@id":"https:\/\/kmblock.com\/pt-pt\/product\/porsche-718-boxster-tipo-982\/#primaryimage","url":"https:\/\/kmblock.com\/wp-content\/uploads\/2024\/09\/Porsche-718-Boxster-Type-982.jpg","contentUrl":"https:\/\/kmblock.com\/wp-content\/uploads\/2024\/09\/Porsche-718-Boxster-Type-982.jpg","width":800,"height":800,"caption":"Porsche 718 Boxster Type 982"},{"@type":"BreadcrumbList","@id":"https:\/\/kmblock.com\/pt-pt\/product\/porsche-718-boxster-tipo-982\/#breadcrumb","itemListElement":[{"@type":"ListItem","position":1,"name":"Casa","item":"https:\/\/kmblock.com\/pt-pt\/"},{"@type":"ListItem","position":2,"name":"Produtos","item":"https:\/\/kmblock.com\/pt-pt\/shop\/"},{"@type":"ListItem","position":3,"name":"Porsche 718 Boxster Tipo 982"}]},{"@type":"WebSite","@id":"https:\/\/kmblock.com\/pt-pt\/#website","url":"https:\/\/kmblock.com\/pt-pt\/","name":"KM Block","description":"","publisher":{"@id":"https:\/\/kmblock.com\/pt-pt\/#organization"},"potentialAction":[{"@type":"SearchAction","target":{"@type":"EntryPoint","urlTemplate":"https:\/\/kmblock.com\/pt-pt\/?s={search_term_string}"},"query-input":{"@type":"PropertyValueSpecification","valueRequired":true,"valueName":"search_term_string"}}],"inLanguage":"pt-PT"},{"@type":"Organization","@id":"https:\/\/kmblock.com\/pt-pt\/#organization","name":"Bloco KM","url":"https:\/\/kmblock.com\/pt-pt\/","logo":{"@type":"ImageObject","inLanguage":"pt-PT","@id":"https:\/\/kmblock.com\/pt-pt\/#\/schema\/logo\/image\/","url":"https:\/\/kmblock.com\/wp-content\/uploads\/2024\/08\/main-logo.png","contentUrl":"https:\/\/kmblock.com\/wp-content\/uploads\/2024\/08\/main-logo.png","width":186,"height":28,"caption":"Bloco KM"},"image":{"@id":"https:\/\/kmblock.com\/pt-pt\/#\/schema\/logo\/image\/"}}]}},"_links":{"self":[{"href":"https:\/\/kmblock.com\/pt-pt\/wp-json\/wp\/v2\/product\/11162","targetHints":{"allow":["GET"]}}],"collection":[{"href":"https:\/\/kmblock.com\/pt-pt\/wp-json\/wp\/v2\/product"}],"about":[{"href":"https:\/\/kmblock.com\/pt-pt\/wp-json\/wp\/v2\/types\/product"}],"replies":[{"embeddable":true,"href":"https:\/\/kmblock.com\/pt-pt\/wp-json\/wp\/v2\/comments?post=11162"}],"wp:featuredmedia":[{"embeddable":true,"href":"https:\/\/kmblock.com\/pt-pt\/wp-json\/wp\/v2\/media\/824"}],"wp:attachment":[{"href":"https:\/\/kmblock.com\/pt-pt\/wp-json\/wp\/v2\/media?parent=11162"}],"wp:term":[{"taxonomy":"product_brand","embeddable":true,"href":"https:\/\/kmblock.com\/pt-pt\/wp-json\/wp\/v2\/product_brand?post=11162"},{"taxonomy":"product_cat","embeddable":true,"href":"https:\/\/kmblock.com\/pt-pt\/wp-json\/wp\/v2\/product_cat?post=11162"},{"taxonomy":"product_tag","embeddable":true,"href":"https:\/\/kmblock.com\/pt-pt\/wp-json\/wp\/v2\/product_tag?post=11162"}],"curies":[{"name":"wp","href":"https:\/\/api.w.org\/{rel}","templated":true}]}}