{"id":11161,"date":"2024-09-21T16:34:48","date_gmt":"2024-09-21T16:34:48","guid":{"rendered":"https:\/\/kmblock.com\/product\/jaguar-f-type-c-x16\/"},"modified":"2024-09-21T16:34:48","modified_gmt":"2024-09-21T16:34:48","slug":"jaguar-f-type-c-x16","status":"publish","type":"product","link":"https:\/\/kmblock.com\/pt-pt\/product\/jaguar-f-type-c-x16\/","title":{"rendered":"Jaguar F-Type (C-X16)"},"content":{"rendered":"<div class=\"flex max-w-full flex-col flex-grow\">\n<div class=\"min-h-[20px] text-message flex w-full flex-col items-end gap-2 whitespace-normal break-words [.text-message+&amp;]:mt-5\" dir=\"auto\" data-message-author-role=\"assistant\" data-message-id=\"486fbb14-d9b0-4abf-8aac-69dd9ef3f888\">\n<div class=\"flex w-full flex-col gap-1 empty:hidden first:pt-[3px]\">\n<div class=\"markdown prose w-full break-words dark:prose-invert dark\">\n<div class=\"flex max-w-full flex-col flex-grow\">\n<div class=\"min-h-[20px] text-message flex w-full flex-col items-end gap-2 whitespace-normal break-words [.text-message+&amp;]:mt-5\" dir=\"auto\" data-message-author-role=\"assistant\" data-message-id=\"583787e4-ced2-4497-934b-fd13934d3b5f\">\n<div class=\"flex w-full flex-col gap-1 empty:hidden first:pt-[3px]\">\n<div class=\"markdown prose w-full break-words dark:prose-invert dark\">\n<h3>BLOQUEADOR DE QUIL\u00d3METROS PARA JAGUAR F-TYPE (C-X16)<\/h3>\n<p>O <strong>Bloqueador de Quil\u00f3metros do Jaguar F-TYPE (C-X16)<\/strong>, tamb\u00e9m conhecido como <strong>Bloqueador de Od\u00f3metro<\/strong>, Bloqueador <strong>de Od\u00f3metro<\/strong>, Bloqueador <strong>de Lata<\/strong>, Bloqueador <strong>de Quil\u00f3metros<\/strong>, <strong>Od\u00f3metro de Viagem<\/strong>, <strong>Filtro de Lata<\/strong> e, ocasionalmente, como <strong>ferramenta de Corre\u00e7\u00e3o de Quil\u00f3metros<\/strong>, foi especificamente concebido para os modelos <strong>Jaguar F-TYPE (C-X16)<\/strong> lan\u00e7ados <strong>entre 2017 e 2020<\/strong>.      <\/p>\n<h4>ESPECIFICA\u00c7\u00d5ES:<\/h4>\n<ul>\n<li><strong>Instala\u00e7\u00e3o &#8221;fa\u00e7a voc\u00ea mesmo<\/strong> &#8221; &#8211; n\u00e3o necessita de assist\u00eancia profissional<\/li>\n<li><strong>Ativar\/Desativar em movimento<\/strong> sem deixar vest\u00edgios<\/li>\n<li><strong>N\u00e3o \u00e9<\/strong> necess\u00e1rio <strong>soldar ou cortar<\/strong> <\/li>\n<li>Inclui <strong>fichas de qualidade superior<\/strong> e <strong>cabos resistentes ao calor<\/strong><\/li>\n<li>Funciona com <strong>combina\u00e7\u00f5es simples de teclas<\/strong><\/li>\n<li><strong>A quilometragem n\u00e3o aumenta<\/strong> depois de o m\u00f3dulo ser removido<\/li>\n<li><strong>Os aparelhos de diagn\u00f3stico n\u00e3o conseguem detetar<\/strong> a altera\u00e7\u00e3o da quilometragem<\/li>\n<li><strong>Defini\u00e7\u00f5es guardadas permanentemente<\/strong> ap\u00f3s a configura\u00e7\u00e3o<\/li>\n<li><strong>O veloc\u00edmetro e os sistemas de assist\u00eancia funcionam sem problemas<\/strong><\/li>\n<li>N\u00e3o h\u00e1 <strong>mensagens de erro<\/strong> no veloc\u00edmetro ou no painel de navega\u00e7\u00e3o<\/li>\n<li><strong>Instala\u00e7\u00e3o suave<\/strong> com conectores estriados<\/li>\n<li><strong>Desvio<\/strong> de quilometragem at\u00e9 1% ao alterar a quilometragem<\/li>\n<\/ul>\n<h4>ACTIVA\u00c7\u00c3O E DESACTIVA\u00c7\u00c3O (Modelos pr\u00e9-Facelift):<\/h4>\n<p>&#8221;Liga mantendo o bot\u00e3o de sil\u00eancio premido durante 7 segundos. N\u00e3o d\u00e1 sinal mas est\u00e1 ligado. <\/p>\n<p><strong>Modo On:<\/strong> conta 0% de milhas. Tudo est\u00e1 a funcionar corretamente. <\/p>\n<p><strong>Modo desligado:<\/strong> conta 100% da quilometragem. Tudo est\u00e1 a funcionar bem&#8221; <\/p>\n<hr>\n<h3>O que \u00e9 o bloqueador do conta-quil\u00f3metros ou a ferramenta de corre\u00e7\u00e3o da quilometragem do Jaguar F-TYPE (C-X16)?<\/h3>\n<p>O <strong>Bloqueador de Quil\u00f3metros do Jaguar F-TYPE<\/strong> foi concebido para parar a contagem de quil\u00f3metros ao testar o desempenho do ve\u00edculo. Dispon\u00edvel na <strong>KM Block<\/strong>, este m\u00f3dulo \u00e9 constru\u00eddo com componentes de alta qualidade e funciona perfeitamente, independentemente de o conta-quil\u00f3metros indicar <strong>milhas<\/strong> ou <strong>quil\u00f3metros<\/strong>. Compat\u00edvel com <strong>ve\u00edculos a diesel, a gasolina, h\u00edbridos e el\u00e9ctricos<\/strong>, o software \u00e9 programado \u00e0 medida de cada modelo para garantir um funcionamento sem falhas.  <\/p>\n<h4>Aviso importante:<\/h4>\n<p>N\u00e3o vendemos <strong>ferramentas de corre\u00e7\u00e3o de quilometragem<\/strong> para fins fraudulentos, uma vez que estas ferramentas apenas removem os valores de quilometragem dos od\u00f3metros. Estes dispositivos n\u00e3o podem inverter totalmente a quilometragem, uma vez que os autom\u00f3veis t\u00eam v\u00e1rias unidades de armazenamento de dados. <\/p>\n<p>Oferecemos <strong>dispositivos Mileage Stopper<\/strong> para uma vasta gama de ve\u00edculos, e a instala\u00e7\u00e3o \u00e9 simples. Basta ligar o dispositivo entre a porta do veloc\u00edmetro e o painel de instrumentos para usufruir de todas as vantagens deste m\u00f3dulo. O dispositivo <strong>Mileage Blocker do Jaguar F-TYPE<\/strong> pode ser ativado ou desativado a qualquer momento, independentemente de o ve\u00edculo estar em movimento ou parado.  <\/p>\n<\/div>\n<\/div>\n<\/div>\n<\/div>\n<\/div>\n<\/div>\n<\/div>\n<\/div>\n","protected":false},"excerpt":{"rendered":"<div class=\"flex-shrink-0 flex flex-col relative items-end\">\n<div class=\"pt-0\">\n<div class=\"gizmo-bot-avatar flex h-8 w-8 items-center justify-center overflow-hidden rounded-full\">\n<div class=\"relative p-1 rounded-sm flex items-center justify-center bg-token-main-surface-primary text-token-text-primary h-8 w-8\">\n<p>Antes de encomendar, l\u00ea os seguintes detalhes importantes relativos \u00e0 ativa\u00e7\u00e3o do m\u00f3dulo, mensagens de erro e funcionalidade.<\/p>\n<p><strong>ESTE DISPOSITIVO \u00c9 ADEQUADO PARA TODOS OS MODELOS JAGUAR F-TYPE (C-X16) LAN\u00c7ADOS DESDE 2017-2020.  <\/strong>Instala\u00e7\u00e3o &#8221;fa\u00e7a voc\u00ea mesmo&#8221; &#8211; n\u00e3o necessita de ajuda profissional, n\u00e3o pode ser detectado por aparelhos de teste de diagn\u00f3stico. Pode ser ativado\/desativado em movimento. Equipado com fichas de qualidade superior e cabos resistentes ao calor. O veloc\u00edmetro e os programas de assist\u00eancia continuam a funcionar sem falhas, Dispon\u00edvel para as vers\u00f5es Facelift e Pr\u00e9-Facelift.   <\/p>\n<p class=\"p1\"><b> Integra\u00e7\u00e3o perfeita<\/b><b><\/b><\/p>\n<p class=\"p1\"><b> Instala\u00e7\u00e3o f\u00e1cil<\/b><b><\/b><\/p>\n<p class=\"p1\"><b> Gest\u00e3o exacta da quilometragem<\/b><b><\/b><\/p>\n<p class=\"p1\"><b> Funcionamento em modo furtivo<\/b><b><\/b><\/p>\n<p class=\"p1\"><span class=\"s1\">\u2705<\/span><b> Suporte e actualiza\u00e7\u00f5es vital\u00edcias<\/b><\/p>\n<\/div>\n<\/div>\n<\/div>\n<\/div>\n","protected":false},"featured_media":782,"comment_status":"open","ping_status":"closed","template":"","meta":[],"product_brand":[],"product_cat":[1148],"product_tag":[],"class_list":{"0":"post-11161","1":"product","2":"type-product","3":"status-publish","4":"has-post-thumbnail","6":"product_cat-jaguar","8":"first","9":"instock","10":"taxable","11":"shipping-taxable","12":"purchasable","13":"product-type-variable"},"yoast_head":"<!-- This site is optimized with the Yoast SEO plugin v27.5 - https:\/\/yoast.com\/product\/yoast-seo-wordpress\/ -->\n<title>Jaguar F-Type (C-X16) Mileage Blocker (KM stopper) \u2192 KM Block<\/title>\n<meta name=\"description\" content=\"Buy a Jaguar F-Type (C-X16) Mileage Blocker for the Best Prices \u2713 Free Shipping \u2713 Incl. Installation Guides\" \/>\n<meta name=\"robots\" content=\"index, follow, max-snippet:-1, max-image-preview:large, max-video-preview:-1\" \/>\n<meta property=\"og:locale\" content=\"pt_PT\" \/>\n<meta property=\"og:type\" content=\"article\" \/>\n<meta property=\"og:title\" content=\"Jaguar F-Type (C-X16) Mileage Blocker (KM stopper) \u2192 KM Block\" \/>\n<meta property=\"og:description\" content=\"Buy a Jaguar F-Type (C-X16) Mileage Blocker for the Best Prices \u2713 Free Shipping \u2713 Incl. Installation Guides\" \/>\n<meta property=\"og:url\" content=\"https:\/\/kmblock.com\/pt-pt\/product\/jaguar-f-type-c-x16\/\" \/>\n<meta property=\"og:site_name\" content=\"KM Block\" \/>\n<meta property=\"og:image\" content=\"https:\/\/kmblock.com\/wp-content\/uploads\/2024\/09\/Jaguar-F-Type-C-X16.jpg\" \/>\n\t<meta property=\"og:image:width\" content=\"800\" \/>\n\t<meta property=\"og:image:height\" content=\"800\" \/>\n\t<meta property=\"og:image:type\" content=\"image\/jpeg\" \/>\n<meta name=\"twitter:card\" content=\"summary_large_image\" \/>\n<meta name=\"twitter:label1\" content=\"Tempo estimado de leitura\" \/>\n\t<meta name=\"twitter:data1\" content=\"2 minutos\" \/>\n<script type=\"application\/ld+json\" class=\"yoast-schema-graph\">{\"@context\":\"https:\\\/\\\/schema.org\",\"@graph\":[{\"@type\":\"WebPage\",\"@id\":\"https:\\\/\\\/kmblock.com\\\/pt-pt\\\/product\\\/jaguar-f-type-c-x16\\\/\",\"url\":\"https:\\\/\\\/kmblock.com\\\/pt-pt\\\/product\\\/jaguar-f-type-c-x16\\\/\",\"name\":\"Jaguar F-Type (C-X16) Mileage Blocker (KM stopper) \u2192 KM Block\",\"isPartOf\":{\"@id\":\"https:\\\/\\\/kmblock.com\\\/pt-pt\\\/#website\"},\"primaryImageOfPage\":{\"@id\":\"https:\\\/\\\/kmblock.com\\\/pt-pt\\\/product\\\/jaguar-f-type-c-x16\\\/#primaryimage\"},\"image\":{\"@id\":\"https:\\\/\\\/kmblock.com\\\/pt-pt\\\/product\\\/jaguar-f-type-c-x16\\\/#primaryimage\"},\"thumbnailUrl\":\"https:\\\/\\\/kmblock.com\\\/wp-content\\\/uploads\\\/2024\\\/09\\\/Jaguar-F-Type-C-X16.jpg\",\"datePublished\":\"2024-09-21T16:34:48+00:00\",\"description\":\"Buy a Jaguar F-Type (C-X16) Mileage Blocker for the Best Prices \u2713 Free Shipping \u2713 Incl. Installation Guides\",\"breadcrumb\":{\"@id\":\"https:\\\/\\\/kmblock.com\\\/pt-pt\\\/product\\\/jaguar-f-type-c-x16\\\/#breadcrumb\"},\"inLanguage\":\"pt-PT\",\"potentialAction\":[{\"@type\":\"ReadAction\",\"target\":[\"https:\\\/\\\/kmblock.com\\\/pt-pt\\\/product\\\/jaguar-f-type-c-x16\\\/\"]}]},{\"@type\":\"ImageObject\",\"inLanguage\":\"pt-PT\",\"@id\":\"https:\\\/\\\/kmblock.com\\\/pt-pt\\\/product\\\/jaguar-f-type-c-x16\\\/#primaryimage\",\"url\":\"https:\\\/\\\/kmblock.com\\\/wp-content\\\/uploads\\\/2024\\\/09\\\/Jaguar-F-Type-C-X16.jpg\",\"contentUrl\":\"https:\\\/\\\/kmblock.com\\\/wp-content\\\/uploads\\\/2024\\\/09\\\/Jaguar-F-Type-C-X16.jpg\",\"width\":800,\"height\":800,\"caption\":\"Jaguar F-Type (C-X16)\"},{\"@type\":\"BreadcrumbList\",\"@id\":\"https:\\\/\\\/kmblock.com\\\/pt-pt\\\/product\\\/jaguar-f-type-c-x16\\\/#breadcrumb\",\"itemListElement\":[{\"@type\":\"ListItem\",\"position\":1,\"name\":\"Casa\",\"item\":\"https:\\\/\\\/kmblock.com\\\/pt-pt\\\/\"},{\"@type\":\"ListItem\",\"position\":2,\"name\":\"Produtos\",\"item\":\"https:\\\/\\\/kmblock.com\\\/pt-pt\\\/shop\\\/\"},{\"@type\":\"ListItem\",\"position\":3,\"name\":\"Jaguar F-Type (C-X16)\"}]},{\"@type\":\"WebSite\",\"@id\":\"https:\\\/\\\/kmblock.com\\\/pt-pt\\\/#website\",\"url\":\"https:\\\/\\\/kmblock.com\\\/pt-pt\\\/\",\"name\":\"KM Block\",\"description\":\"\",\"publisher\":{\"@id\":\"https:\\\/\\\/kmblock.com\\\/pt-pt\\\/#organization\"},\"potentialAction\":[{\"@type\":\"SearchAction\",\"target\":{\"@type\":\"EntryPoint\",\"urlTemplate\":\"https:\\\/\\\/kmblock.com\\\/pt-pt\\\/?s={search_term_string}\"},\"query-input\":{\"@type\":\"PropertyValueSpecification\",\"valueRequired\":true,\"valueName\":\"search_term_string\"}}],\"inLanguage\":\"pt-PT\"},{\"@type\":\"Organization\",\"@id\":\"https:\\\/\\\/kmblock.com\\\/pt-pt\\\/#organization\",\"name\":\"Bloco KM\",\"url\":\"https:\\\/\\\/kmblock.com\\\/pt-pt\\\/\",\"logo\":{\"@type\":\"ImageObject\",\"inLanguage\":\"pt-PT\",\"@id\":\"https:\\\/\\\/kmblock.com\\\/pt-pt\\\/#\\\/schema\\\/logo\\\/image\\\/\",\"url\":\"https:\\\/\\\/kmblock.com\\\/wp-content\\\/uploads\\\/2024\\\/08\\\/main-logo.png\",\"contentUrl\":\"https:\\\/\\\/kmblock.com\\\/wp-content\\\/uploads\\\/2024\\\/08\\\/main-logo.png\",\"width\":186,\"height\":28,\"caption\":\"Bloco KM\"},\"image\":{\"@id\":\"https:\\\/\\\/kmblock.com\\\/pt-pt\\\/#\\\/schema\\\/logo\\\/image\\\/\"}}]}<\/script>\n<!-- \/ Yoast SEO plugin. -->","yoast_head_json":{"title":"Jaguar F-Type (C-X16) Mileage Blocker (KM stopper) \u2192 KM Block","description":"Buy a Jaguar F-Type (C-X16) Mileage Blocker for the Best Prices \u2713 Free Shipping \u2713 Incl. Installation Guides","robots":{"index":"index","follow":"follow","max-snippet":"max-snippet:-1","max-image-preview":"max-image-preview:large","max-video-preview":"max-video-preview:-1"},"og_locale":"pt_PT","og_type":"article","og_title":"Jaguar F-Type (C-X16) Mileage Blocker (KM stopper) \u2192 KM Block","og_description":"Buy a Jaguar F-Type (C-X16) Mileage Blocker for the Best Prices \u2713 Free Shipping \u2713 Incl. Installation Guides","og_url":"https:\/\/kmblock.com\/pt-pt\/product\/jaguar-f-type-c-x16\/","og_site_name":"KM Block","og_image":[{"width":800,"height":800,"url":"https:\/\/kmblock.com\/wp-content\/uploads\/2024\/09\/Jaguar-F-Type-C-X16.jpg","type":"image\/jpeg"}],"twitter_card":"summary_large_image","twitter_misc":{"Tempo estimado de leitura":"2 minutos"},"schema":{"@context":"https:\/\/schema.org","@graph":[{"@type":"WebPage","@id":"https:\/\/kmblock.com\/pt-pt\/product\/jaguar-f-type-c-x16\/","url":"https:\/\/kmblock.com\/pt-pt\/product\/jaguar-f-type-c-x16\/","name":"Jaguar F-Type (C-X16) Mileage Blocker (KM stopper) \u2192 KM Block","isPartOf":{"@id":"https:\/\/kmblock.com\/pt-pt\/#website"},"primaryImageOfPage":{"@id":"https:\/\/kmblock.com\/pt-pt\/product\/jaguar-f-type-c-x16\/#primaryimage"},"image":{"@id":"https:\/\/kmblock.com\/pt-pt\/product\/jaguar-f-type-c-x16\/#primaryimage"},"thumbnailUrl":"https:\/\/kmblock.com\/wp-content\/uploads\/2024\/09\/Jaguar-F-Type-C-X16.jpg","datePublished":"2024-09-21T16:34:48+00:00","description":"Buy a Jaguar F-Type (C-X16) Mileage Blocker for the Best Prices \u2713 Free Shipping \u2713 Incl. Installation Guides","breadcrumb":{"@id":"https:\/\/kmblock.com\/pt-pt\/product\/jaguar-f-type-c-x16\/#breadcrumb"},"inLanguage":"pt-PT","potentialAction":[{"@type":"ReadAction","target":["https:\/\/kmblock.com\/pt-pt\/product\/jaguar-f-type-c-x16\/"]}]},{"@type":"ImageObject","inLanguage":"pt-PT","@id":"https:\/\/kmblock.com\/pt-pt\/product\/jaguar-f-type-c-x16\/#primaryimage","url":"https:\/\/kmblock.com\/wp-content\/uploads\/2024\/09\/Jaguar-F-Type-C-X16.jpg","contentUrl":"https:\/\/kmblock.com\/wp-content\/uploads\/2024\/09\/Jaguar-F-Type-C-X16.jpg","width":800,"height":800,"caption":"Jaguar F-Type (C-X16)"},{"@type":"BreadcrumbList","@id":"https:\/\/kmblock.com\/pt-pt\/product\/jaguar-f-type-c-x16\/#breadcrumb","itemListElement":[{"@type":"ListItem","position":1,"name":"Casa","item":"https:\/\/kmblock.com\/pt-pt\/"},{"@type":"ListItem","position":2,"name":"Produtos","item":"https:\/\/kmblock.com\/pt-pt\/shop\/"},{"@type":"ListItem","position":3,"name":"Jaguar F-Type (C-X16)"}]},{"@type":"WebSite","@id":"https:\/\/kmblock.com\/pt-pt\/#website","url":"https:\/\/kmblock.com\/pt-pt\/","name":"KM Block","description":"","publisher":{"@id":"https:\/\/kmblock.com\/pt-pt\/#organization"},"potentialAction":[{"@type":"SearchAction","target":{"@type":"EntryPoint","urlTemplate":"https:\/\/kmblock.com\/pt-pt\/?s={search_term_string}"},"query-input":{"@type":"PropertyValueSpecification","valueRequired":true,"valueName":"search_term_string"}}],"inLanguage":"pt-PT"},{"@type":"Organization","@id":"https:\/\/kmblock.com\/pt-pt\/#organization","name":"Bloco KM","url":"https:\/\/kmblock.com\/pt-pt\/","logo":{"@type":"ImageObject","inLanguage":"pt-PT","@id":"https:\/\/kmblock.com\/pt-pt\/#\/schema\/logo\/image\/","url":"https:\/\/kmblock.com\/wp-content\/uploads\/2024\/08\/main-logo.png","contentUrl":"https:\/\/kmblock.com\/wp-content\/uploads\/2024\/08\/main-logo.png","width":186,"height":28,"caption":"Bloco KM"},"image":{"@id":"https:\/\/kmblock.com\/pt-pt\/#\/schema\/logo\/image\/"}}]}},"_links":{"self":[{"href":"https:\/\/kmblock.com\/pt-pt\/wp-json\/wp\/v2\/product\/11161","targetHints":{"allow":["GET"]}}],"collection":[{"href":"https:\/\/kmblock.com\/pt-pt\/wp-json\/wp\/v2\/product"}],"about":[{"href":"https:\/\/kmblock.com\/pt-pt\/wp-json\/wp\/v2\/types\/product"}],"replies":[{"embeddable":true,"href":"https:\/\/kmblock.com\/pt-pt\/wp-json\/wp\/v2\/comments?post=11161"}],"wp:featuredmedia":[{"embeddable":true,"href":"https:\/\/kmblock.com\/pt-pt\/wp-json\/wp\/v2\/media\/782"}],"wp:attachment":[{"href":"https:\/\/kmblock.com\/pt-pt\/wp-json\/wp\/v2\/media?parent=11161"}],"wp:term":[{"taxonomy":"product_brand","embeddable":true,"href":"https:\/\/kmblock.com\/pt-pt\/wp-json\/wp\/v2\/product_brand?post=11161"},{"taxonomy":"product_cat","embeddable":true,"href":"https:\/\/kmblock.com\/pt-pt\/wp-json\/wp\/v2\/product_cat?post=11161"},{"taxonomy":"product_tag","embeddable":true,"href":"https:\/\/kmblock.com\/pt-pt\/wp-json\/wp\/v2\/product_tag?post=11161"}],"curies":[{"name":"wp","href":"https:\/\/api.w.org\/{rel}","templated":true}]}}