{"id":11146,"date":"2024-09-21T16:25:52","date_gmt":"2024-09-21T16:25:52","guid":{"rendered":"https:\/\/kmblock.com\/product\/jaguar-f-pace-x761\/"},"modified":"2024-09-21T16:25:52","modified_gmt":"2024-09-21T16:25:52","slug":"jaguar-f-pace-x761","status":"publish","type":"product","link":"https:\/\/kmblock.com\/pt-pt\/product\/jaguar-f-pace-x761\/","title":{"rendered":"Jaguar F-Pace (X761)"},"content":{"rendered":"<div class=\"flex max-w-full flex-col flex-grow\">\n<div class=\"min-h-[20px] text-message flex w-full flex-col items-end gap-2 whitespace-normal break-words [.text-message+&amp;]:mt-5\" dir=\"auto\" data-message-author-role=\"assistant\" data-message-id=\"486fbb14-d9b0-4abf-8aac-69dd9ef3f888\">\n<div class=\"flex w-full flex-col gap-1 empty:hidden first:pt-[3px]\">\n<div class=\"markdown prose w-full break-words dark:prose-invert dark\">\n<div class=\"flex max-w-full flex-col flex-grow\">\n<div class=\"min-h-[20px] text-message flex w-full flex-col items-end gap-2 whitespace-normal break-words [.text-message+&amp;]:mt-5\" dir=\"auto\" data-message-author-role=\"assistant\" data-message-id=\"583787e4-ced2-4497-934b-fd13934d3b5f\">\n<div class=\"flex w-full flex-col gap-1 empty:hidden first:pt-[3px]\">\n<div class=\"markdown prose w-full break-words dark:prose-invert dark\">\n<h3><strong>BLOQUEADOR DE QUIL\u00d3METROS PARA JAGUAR F-PACE (X761)<\/strong><\/h3>\n<p>O <strong>Bloqueador de Quil\u00f3metros do Jaguar F-Pace (X761)<\/strong> tamb\u00e9m \u00e9 conhecido como <strong>Bloqueador do<\/strong> conta-quil\u00f3metros, Bloqueador <strong>do conta-quil\u00f3metros<\/strong>, Bloqueador <strong>de latas<\/strong>, Bloqueador <strong>de quil\u00f3metros, Conta-quil\u00f3metros<\/strong> <strong>de viagem<\/strong>, <strong>Filtro de latas<\/strong> e, em alguns casos, <strong>Ferramenta de corre\u00e7\u00e3o de quil\u00f3metros<\/strong>.    <\/p>\n<p><strong>ESTE DISPOSITIVO \u00c9 ADEQUADO PARA TODOS OS MODELOS JAGUAR F-PACE (X761) LAN\u00c7ADOS DESDE 2017<\/strong><\/p>\n<hr>\n<h3><strong>ESPECIFICA\u00c7\u00d5ES<\/strong><\/h3>\n<ul>\n<li><strong>Instala\u00e7\u00e3o &#8221;fa\u00e7a voc\u00ea mesmo&#8221;:<\/strong> Instala\u00e7\u00e3o simples, do tipo &#8221;fa\u00e7a voc\u00ea mesmo&#8221;, sem necessidade de ajuda profissional.<\/li>\n<li><strong>Ativar em movimento:<\/strong> Pode ser facilmente ligado e desligado durante a condu\u00e7\u00e3o.<\/li>\n<li><strong>N\u00e3o deixa rasto:<\/strong> N\u00e3o necessita de soldadura, corte de cabos ou quaisquer modifica\u00e7\u00f5es permanentes.<\/li>\n<li><strong>Qualidade superior:<\/strong> Inclui fichas de alta qualidade e cabos resistentes ao calor.<\/li>\n<li><strong>Funcionamento f\u00e1cil:<\/strong> Controlado atrav\u00e9s de combina\u00e7\u00f5es de teclas pr\u00e9-definidas.<\/li>\n<li><strong>N\u00e3o h\u00e1 saltos de quilometragem:<\/strong> Ap\u00f3s a remo\u00e7\u00e3o, a quilometragem n\u00e3o aumenta automaticamente.<\/li>\n<li><strong>N\u00e3o pode ser detectado:<\/strong> As ferramentas de diagn\u00f3stico n\u00e3o conseguem detetar a quilometragem alterada.<\/li>\n<li><strong>Reten\u00e7\u00e3o de defini\u00e7\u00f5es:<\/strong> Uma vez configuradas, as defini\u00e7\u00f5es s\u00e3o guardadas incondicionalmente.<\/li>\n<li><strong>Compatibilidade total com o sistema:<\/strong> O veloc\u00edmetro e todos os sistemas de assist\u00eancia funcionam sem qualquer problema.<\/li>\n<li><strong>Ecr\u00e3 sem erros:<\/strong> N\u00e3o aparecem mensagens de erro no veloc\u00edmetro ou no painel de navega\u00e7\u00e3o.<\/li>\n<li><strong>Instala\u00e7\u00e3o suave:<\/strong> A face de acoplamento e os sulcos no conetor asseguram uma instala\u00e7\u00e3o sem problemas.<\/li>\n<li><strong>Precis\u00e3o:<\/strong> Permite um desvio de at\u00e9 1% da dist\u00e2ncia percorrida no modo de altera\u00e7\u00e3o da quilometragem.<\/li>\n<\/ul>\n<hr>\n<h3><strong>ACTIVA\u00c7\u00c3O E DESACTIVA\u00c7\u00c3O<\/strong><\/h3>\n<p>Liga mantendo premido o bot\u00e3o de sil\u00eancio durante 7 segundos. N\u00e3o d\u00e1 sinal mas est\u00e1 ligado. <\/p>\n<p><strong>Modo On:<\/strong> conta 0% de milhas. Tudo est\u00e1 a funcionar corretamente. <\/p>\n<p><strong>Modo desligado:<\/strong> conta 100% da quilometragem. Tudo est\u00e1 a funcionar bem&#8221; <\/p>\n<hr>\n<h3><strong>CARACTER\u00cdSTICAS ADICIONAIS<\/strong><\/h3>\n<ul>\n<li>O dispositivo pode ser ativado ou desativado quer o ve\u00edculo esteja em movimento ou parado.<\/li>\n<\/ul>\n<hr>\n<h3><strong>O que \u00e9 um bloqueador do conta-quil\u00f3metros ou uma ferramenta de corre\u00e7\u00e3o da quilometragem do Jaguar F-Pace?<\/strong><\/h3>\n<p>O <strong>Jaguar F-Pace Mileage Blocker<\/strong> (ou Odometer Blocker) foi concebido para impedir a acumula\u00e7\u00e3o de quil\u00f3metros durante os testes de desempenho. Dispon\u00edvel atrav\u00e9s da <strong>KM Block<\/strong>, este m\u00f3dulo foi concebido com componentes genu\u00ednos e software personalizado para funcionar na perfei\u00e7\u00e3o com o teu modelo espec\u00edfico, independentemente de o conta-quil\u00f3metros indicar milhas ou quil\u00f3metros. O Mileage Blocker \u00e9 compat\u00edvel com motores a diesel, a gasolina, ve\u00edculos h\u00edbridos el\u00e9tricos plug-in (PHEVs) e carros el\u00e9tricos.  <\/p>\n<p><strong>Nota importante:<\/strong> N\u00e3o vendemos <strong>ferramentas de corre\u00e7\u00e3o de quilometragem<\/strong> para o Jaguar F-Pace, uma vez que estas se destinam a fins fraudulentos. Estas ferramentas podem remover a quilometragem dos conta-quil\u00f3metros, mas os ve\u00edculos armazenam dados em v\u00e1rias unidades e estas ferramentas de revers\u00e3o n\u00e3o conseguem frequentemente apagar totalmente a quilometragem. <\/p>\n<p>Oferecemos uma vasta gama de tamp\u00f5es de quilometragem para v\u00e1rios ve\u00edculos, todos eles com um processo de instala\u00e7\u00e3o simples que n\u00e3o requer conhecimentos avan\u00e7ados de manuten\u00e7\u00e3o do ve\u00edculo. Basta ligares o dispositivo entre o veloc\u00edmetro e o painel de instrumentos para desfrutares das vantagens desta ferramenta \u00fanica. <\/p>\n<hr>\n<p>O <strong>Jaguar F-Pace Mileage Blocker<\/strong> \u00e9 uma solu\u00e7\u00e3o fi\u00e1vel e eficaz para testar o desempenho do teu ve\u00edculo sem afetar a quilometragem apresentada.<\/p>\n<\/div>\n<\/div>\n<\/div>\n<\/div>\n<\/div>\n<\/div>\n<\/div>\n<\/div>\n","protected":false},"excerpt":{"rendered":"<div class=\"flex-shrink-0 flex flex-col relative items-end\">\n<div class=\"pt-0\">\n<div class=\"gizmo-bot-avatar flex h-8 w-8 items-center justify-center overflow-hidden rounded-full\">\n<div class=\"relative p-1 rounded-sm flex items-center justify-center bg-token-main-surface-primary text-token-text-primary h-8 w-8\">\n<p>Antes de encomendar, l\u00ea os seguintes detalhes importantes relativos \u00e0 ativa\u00e7\u00e3o do m\u00f3dulo, mensagens de erro e funcionalidade.<\/p>\n<p><strong>ESTE DISPOSITIVO \u00c9 ADEQUADO PARA TODOS OS MODELOS JAGUAR F-PACE (X761) LAN\u00c7ADOS DESDE 2017.  <\/strong>Instala\u00e7\u00e3o &#8221;fa\u00e7a voc\u00ea mesmo&#8221;, sem necessidade de ajuda profissional. As ferramentas de diagn\u00f3stico n\u00e3o conseguem detetar o dispositivo. Pode ser ativado em movimento ou quando est\u00e1 parado. Vem com fichas de qualidade superior e cabos resistentes ao calor para maior durabilidade. O veloc\u00edmetro e os programas de assist\u00eancia funcionam sem falhas em todos os modos. Dispon\u00edvel para as vers\u00f5es Facelift e Pr\u00e9-Facelift.     <\/p>\n<p class=\"p1\"><b> Integra\u00e7\u00e3o perfeita<\/b><b><\/b><\/p>\n<p class=\"p1\"><b> Instala\u00e7\u00e3o f\u00e1cil<\/b><b><\/b><\/p>\n<p class=\"p1\"><b> Gest\u00e3o exacta da quilometragem<\/b><b><\/b><\/p>\n<p class=\"p1\"><b> Funcionamento em modo furtivo<\/b><b><\/b><\/p>\n<p class=\"p1\"><span class=\"s1\">\u2705<\/span><b> Suporte e actualiza\u00e7\u00f5es vital\u00edcias<\/b><\/p>\n<p>&nbsp;<\/p>\n<\/div>\n<\/div>\n<\/div>\n<\/div>\n","protected":false},"featured_media":780,"comment_status":"open","ping_status":"closed","template":"","meta":[],"product_brand":[],"product_cat":[1148],"product_tag":[],"class_list":{"0":"post-11146","1":"product","2":"type-product","3":"status-publish","4":"has-post-thumbnail","6":"product_cat-jaguar","8":"first","9":"instock","10":"taxable","11":"shipping-taxable","12":"purchasable","13":"product-type-variable"},"yoast_head":"<!-- This site is optimized with the Yoast SEO plugin v27.5 - https:\/\/yoast.com\/product\/yoast-seo-wordpress\/ -->\n<title>Jaguar F-Pace (X761) Mileage Blocker (KM stopper) \u2192 KM Block<\/title>\n<meta name=\"description\" content=\"Buy a Jaguar F-Pace (X761) Mileage Blocker for the Best Prices \u2713 Free Shipping \u2713 Incl. Installation Guides\" \/>\n<meta name=\"robots\" content=\"index, follow, max-snippet:-1, max-image-preview:large, max-video-preview:-1\" \/>\n<meta property=\"og:locale\" content=\"pt_PT\" \/>\n<meta property=\"og:type\" content=\"article\" \/>\n<meta property=\"og:title\" content=\"Jaguar F-Pace (X761) Mileage Blocker (KM stopper) \u2192 KM Block\" \/>\n<meta property=\"og:description\" content=\"Buy a Jaguar F-Pace (X761) Mileage Blocker for the Best Prices \u2713 Free Shipping \u2713 Incl. Installation Guides\" \/>\n<meta property=\"og:url\" content=\"https:\/\/kmblock.com\/pt-pt\/product\/jaguar-f-pace-x761\/\" \/>\n<meta property=\"og:site_name\" content=\"KM Block\" \/>\n<meta property=\"og:image\" content=\"https:\/\/kmblock.com\/wp-content\/uploads\/2024\/09\/Jaguar-F-Pace-X761.jpg\" \/>\n\t<meta property=\"og:image:width\" content=\"800\" \/>\n\t<meta property=\"og:image:height\" content=\"800\" \/>\n\t<meta property=\"og:image:type\" content=\"image\/jpeg\" \/>\n<meta name=\"twitter:card\" content=\"summary_large_image\" \/>\n<meta name=\"twitter:label1\" content=\"Tempo estimado de leitura\" \/>\n\t<meta name=\"twitter:data1\" content=\"3 minutos\" \/>\n<script type=\"application\/ld+json\" class=\"yoast-schema-graph\">{\"@context\":\"https:\\\/\\\/schema.org\",\"@graph\":[{\"@type\":\"WebPage\",\"@id\":\"https:\\\/\\\/kmblock.com\\\/pt-pt\\\/product\\\/jaguar-f-pace-x761\\\/\",\"url\":\"https:\\\/\\\/kmblock.com\\\/pt-pt\\\/product\\\/jaguar-f-pace-x761\\\/\",\"name\":\"Jaguar F-Pace (X761) Mileage Blocker (KM stopper) \u2192 KM Block\",\"isPartOf\":{\"@id\":\"https:\\\/\\\/kmblock.com\\\/pt-pt\\\/#website\"},\"primaryImageOfPage\":{\"@id\":\"https:\\\/\\\/kmblock.com\\\/pt-pt\\\/product\\\/jaguar-f-pace-x761\\\/#primaryimage\"},\"image\":{\"@id\":\"https:\\\/\\\/kmblock.com\\\/pt-pt\\\/product\\\/jaguar-f-pace-x761\\\/#primaryimage\"},\"thumbnailUrl\":\"https:\\\/\\\/kmblock.com\\\/wp-content\\\/uploads\\\/2024\\\/09\\\/Jaguar-F-Pace-X761.jpg\",\"datePublished\":\"2024-09-21T16:25:52+00:00\",\"description\":\"Buy a Jaguar F-Pace (X761) Mileage Blocker for the Best Prices \u2713 Free Shipping \u2713 Incl. Installation Guides\",\"breadcrumb\":{\"@id\":\"https:\\\/\\\/kmblock.com\\\/pt-pt\\\/product\\\/jaguar-f-pace-x761\\\/#breadcrumb\"},\"inLanguage\":\"pt-PT\",\"potentialAction\":[{\"@type\":\"ReadAction\",\"target\":[\"https:\\\/\\\/kmblock.com\\\/pt-pt\\\/product\\\/jaguar-f-pace-x761\\\/\"]}]},{\"@type\":\"ImageObject\",\"inLanguage\":\"pt-PT\",\"@id\":\"https:\\\/\\\/kmblock.com\\\/pt-pt\\\/product\\\/jaguar-f-pace-x761\\\/#primaryimage\",\"url\":\"https:\\\/\\\/kmblock.com\\\/wp-content\\\/uploads\\\/2024\\\/09\\\/Jaguar-F-Pace-X761.jpg\",\"contentUrl\":\"https:\\\/\\\/kmblock.com\\\/wp-content\\\/uploads\\\/2024\\\/09\\\/Jaguar-F-Pace-X761.jpg\",\"width\":800,\"height\":800,\"caption\":\"Jaguar F-Pace (X761)\"},{\"@type\":\"BreadcrumbList\",\"@id\":\"https:\\\/\\\/kmblock.com\\\/pt-pt\\\/product\\\/jaguar-f-pace-x761\\\/#breadcrumb\",\"itemListElement\":[{\"@type\":\"ListItem\",\"position\":1,\"name\":\"Casa\",\"item\":\"https:\\\/\\\/kmblock.com\\\/pt-pt\\\/\"},{\"@type\":\"ListItem\",\"position\":2,\"name\":\"Produtos\",\"item\":\"https:\\\/\\\/kmblock.com\\\/pt-pt\\\/shop\\\/\"},{\"@type\":\"ListItem\",\"position\":3,\"name\":\"Jaguar F-Pace (X761)\"}]},{\"@type\":\"WebSite\",\"@id\":\"https:\\\/\\\/kmblock.com\\\/pt-pt\\\/#website\",\"url\":\"https:\\\/\\\/kmblock.com\\\/pt-pt\\\/\",\"name\":\"KM Block\",\"description\":\"\",\"publisher\":{\"@id\":\"https:\\\/\\\/kmblock.com\\\/pt-pt\\\/#organization\"},\"potentialAction\":[{\"@type\":\"SearchAction\",\"target\":{\"@type\":\"EntryPoint\",\"urlTemplate\":\"https:\\\/\\\/kmblock.com\\\/pt-pt\\\/?s={search_term_string}\"},\"query-input\":{\"@type\":\"PropertyValueSpecification\",\"valueRequired\":true,\"valueName\":\"search_term_string\"}}],\"inLanguage\":\"pt-PT\"},{\"@type\":\"Organization\",\"@id\":\"https:\\\/\\\/kmblock.com\\\/pt-pt\\\/#organization\",\"name\":\"Bloco KM\",\"url\":\"https:\\\/\\\/kmblock.com\\\/pt-pt\\\/\",\"logo\":{\"@type\":\"ImageObject\",\"inLanguage\":\"pt-PT\",\"@id\":\"https:\\\/\\\/kmblock.com\\\/pt-pt\\\/#\\\/schema\\\/logo\\\/image\\\/\",\"url\":\"https:\\\/\\\/kmblock.com\\\/wp-content\\\/uploads\\\/2024\\\/08\\\/main-logo.png\",\"contentUrl\":\"https:\\\/\\\/kmblock.com\\\/wp-content\\\/uploads\\\/2024\\\/08\\\/main-logo.png\",\"width\":186,\"height\":28,\"caption\":\"Bloco KM\"},\"image\":{\"@id\":\"https:\\\/\\\/kmblock.com\\\/pt-pt\\\/#\\\/schema\\\/logo\\\/image\\\/\"}}]}<\/script>\n<!-- \/ Yoast SEO plugin. -->","yoast_head_json":{"title":"Jaguar F-Pace (X761) Mileage Blocker (KM stopper) \u2192 KM Block","description":"Buy a Jaguar F-Pace (X761) Mileage Blocker for the Best Prices \u2713 Free Shipping \u2713 Incl. Installation Guides","robots":{"index":"index","follow":"follow","max-snippet":"max-snippet:-1","max-image-preview":"max-image-preview:large","max-video-preview":"max-video-preview:-1"},"og_locale":"pt_PT","og_type":"article","og_title":"Jaguar F-Pace (X761) Mileage Blocker (KM stopper) \u2192 KM Block","og_description":"Buy a Jaguar F-Pace (X761) Mileage Blocker for the Best Prices \u2713 Free Shipping \u2713 Incl. Installation Guides","og_url":"https:\/\/kmblock.com\/pt-pt\/product\/jaguar-f-pace-x761\/","og_site_name":"KM Block","og_image":[{"width":800,"height":800,"url":"https:\/\/kmblock.com\/wp-content\/uploads\/2024\/09\/Jaguar-F-Pace-X761.jpg","type":"image\/jpeg"}],"twitter_card":"summary_large_image","twitter_misc":{"Tempo estimado de leitura":"3 minutos"},"schema":{"@context":"https:\/\/schema.org","@graph":[{"@type":"WebPage","@id":"https:\/\/kmblock.com\/pt-pt\/product\/jaguar-f-pace-x761\/","url":"https:\/\/kmblock.com\/pt-pt\/product\/jaguar-f-pace-x761\/","name":"Jaguar F-Pace (X761) Mileage Blocker (KM stopper) \u2192 KM Block","isPartOf":{"@id":"https:\/\/kmblock.com\/pt-pt\/#website"},"primaryImageOfPage":{"@id":"https:\/\/kmblock.com\/pt-pt\/product\/jaguar-f-pace-x761\/#primaryimage"},"image":{"@id":"https:\/\/kmblock.com\/pt-pt\/product\/jaguar-f-pace-x761\/#primaryimage"},"thumbnailUrl":"https:\/\/kmblock.com\/wp-content\/uploads\/2024\/09\/Jaguar-F-Pace-X761.jpg","datePublished":"2024-09-21T16:25:52+00:00","description":"Buy a Jaguar F-Pace (X761) Mileage Blocker for the Best Prices \u2713 Free Shipping \u2713 Incl. Installation Guides","breadcrumb":{"@id":"https:\/\/kmblock.com\/pt-pt\/product\/jaguar-f-pace-x761\/#breadcrumb"},"inLanguage":"pt-PT","potentialAction":[{"@type":"ReadAction","target":["https:\/\/kmblock.com\/pt-pt\/product\/jaguar-f-pace-x761\/"]}]},{"@type":"ImageObject","inLanguage":"pt-PT","@id":"https:\/\/kmblock.com\/pt-pt\/product\/jaguar-f-pace-x761\/#primaryimage","url":"https:\/\/kmblock.com\/wp-content\/uploads\/2024\/09\/Jaguar-F-Pace-X761.jpg","contentUrl":"https:\/\/kmblock.com\/wp-content\/uploads\/2024\/09\/Jaguar-F-Pace-X761.jpg","width":800,"height":800,"caption":"Jaguar F-Pace (X761)"},{"@type":"BreadcrumbList","@id":"https:\/\/kmblock.com\/pt-pt\/product\/jaguar-f-pace-x761\/#breadcrumb","itemListElement":[{"@type":"ListItem","position":1,"name":"Casa","item":"https:\/\/kmblock.com\/pt-pt\/"},{"@type":"ListItem","position":2,"name":"Produtos","item":"https:\/\/kmblock.com\/pt-pt\/shop\/"},{"@type":"ListItem","position":3,"name":"Jaguar F-Pace (X761)"}]},{"@type":"WebSite","@id":"https:\/\/kmblock.com\/pt-pt\/#website","url":"https:\/\/kmblock.com\/pt-pt\/","name":"KM Block","description":"","publisher":{"@id":"https:\/\/kmblock.com\/pt-pt\/#organization"},"potentialAction":[{"@type":"SearchAction","target":{"@type":"EntryPoint","urlTemplate":"https:\/\/kmblock.com\/pt-pt\/?s={search_term_string}"},"query-input":{"@type":"PropertyValueSpecification","valueRequired":true,"valueName":"search_term_string"}}],"inLanguage":"pt-PT"},{"@type":"Organization","@id":"https:\/\/kmblock.com\/pt-pt\/#organization","name":"Bloco KM","url":"https:\/\/kmblock.com\/pt-pt\/","logo":{"@type":"ImageObject","inLanguage":"pt-PT","@id":"https:\/\/kmblock.com\/pt-pt\/#\/schema\/logo\/image\/","url":"https:\/\/kmblock.com\/wp-content\/uploads\/2024\/08\/main-logo.png","contentUrl":"https:\/\/kmblock.com\/wp-content\/uploads\/2024\/08\/main-logo.png","width":186,"height":28,"caption":"Bloco KM"},"image":{"@id":"https:\/\/kmblock.com\/pt-pt\/#\/schema\/logo\/image\/"}}]}},"_links":{"self":[{"href":"https:\/\/kmblock.com\/pt-pt\/wp-json\/wp\/v2\/product\/11146","targetHints":{"allow":["GET"]}}],"collection":[{"href":"https:\/\/kmblock.com\/pt-pt\/wp-json\/wp\/v2\/product"}],"about":[{"href":"https:\/\/kmblock.com\/pt-pt\/wp-json\/wp\/v2\/types\/product"}],"replies":[{"embeddable":true,"href":"https:\/\/kmblock.com\/pt-pt\/wp-json\/wp\/v2\/comments?post=11146"}],"wp:featuredmedia":[{"embeddable":true,"href":"https:\/\/kmblock.com\/pt-pt\/wp-json\/wp\/v2\/media\/780"}],"wp:attachment":[{"href":"https:\/\/kmblock.com\/pt-pt\/wp-json\/wp\/v2\/media?parent=11146"}],"wp:term":[{"taxonomy":"product_brand","embeddable":true,"href":"https:\/\/kmblock.com\/pt-pt\/wp-json\/wp\/v2\/product_brand?post=11146"},{"taxonomy":"product_cat","embeddable":true,"href":"https:\/\/kmblock.com\/pt-pt\/wp-json\/wp\/v2\/product_cat?post=11146"},{"taxonomy":"product_tag","embeddable":true,"href":"https:\/\/kmblock.com\/pt-pt\/wp-json\/wp\/v2\/product_tag?post=11146"}],"curies":[{"name":"wp","href":"https:\/\/api.w.org\/{rel}","templated":true}]}}