{"id":11124,"date":"2024-09-21T16:38:35","date_gmt":"2024-09-21T16:38:35","guid":{"rendered":"https:\/\/kmblock.com\/product\/jaguar-i-pace\/"},"modified":"2024-09-21T16:38:35","modified_gmt":"2024-09-21T16:38:35","slug":"jaguar-i-pace","status":"publish","type":"product","link":"https:\/\/kmblock.com\/pt-pt\/product\/jaguar-i-pace\/","title":{"rendered":"Jaguar I Pace"},"content":{"rendered":"<div class=\"flex max-w-full flex-col flex-grow\">\n<div class=\"min-h-[20px] text-message flex w-full flex-col items-end gap-2 whitespace-normal break-words [.text-message+&amp;]:mt-5\" dir=\"auto\" data-message-author-role=\"assistant\" data-message-id=\"486fbb14-d9b0-4abf-8aac-69dd9ef3f888\">\n<div class=\"flex w-full flex-col gap-1 empty:hidden first:pt-[3px]\">\n<div class=\"markdown prose w-full break-words dark:prose-invert dark\">\n<div class=\"flex max-w-full flex-col flex-grow\">\n<div class=\"min-h-[20px] text-message flex w-full flex-col items-end gap-2 whitespace-normal break-words [.text-message+&amp;]:mt-5\" dir=\"auto\" data-message-author-role=\"assistant\" data-message-id=\"583787e4-ced2-4497-934b-fd13934d3b5f\">\n<div class=\"flex w-full flex-col gap-1 empty:hidden first:pt-[3px]\">\n<div class=\"markdown prose w-full break-words dark:prose-invert dark\">\n<h3>ATEN\u00c7\u00c3O<\/h3>\n<p>Tem em aten\u00e7\u00e3o que os artigos devolvidos devem estar nas <strong>condi\u00e7\u00f5es originais<\/strong>. Se apresentarem sinais de utiliza\u00e7\u00e3o, tais como remo\u00e7\u00e3o ou danifica\u00e7\u00e3o da caixa ou da manga de prote\u00e7\u00e3o, <strong>n\u00e3o<\/strong> ter\u00e1s <strong>direito a um reembolso<\/strong>. Da mesma forma, se os produtos tiverem sido utilizados extensivamente para al\u00e9m dos testes b\u00e1sicos, n\u00e3o poder\u00e1s receber um <strong>reembolso total<\/strong>.  <\/p>\n<hr>\n<h3>BLOQUEADOR DE QUIL\u00d3METROS PARA JAGUAR I-PACE<\/h3>\n<p>O <strong>Bloqueador de Quil\u00f3metros do Jaguar I-PACE<\/strong> tamb\u00e9m \u00e9 conhecido como Bloqueador do conta-quil\u00f3metros, Bloqueador do conta-quil\u00f3metros, Bloqueador de latas, Bloqueador de quil\u00f3metros, Conta-quil\u00f3metros de viagem ou Filtro de latas.<\/p>\n<p><strong>ESTE DISPOSITIVO \u00c9 ADEQUADO PARA TODOS OS MODELOS JAGUAR I-PACE LAN\u00c7ADOS DESDE 2018.<\/strong><\/p>\n<h4>ESPECIFICA\u00c7\u00d5ES:<\/h4>\n<ul>\n<li><strong>Instala\u00e7\u00e3o &#8221;fa\u00e7a voc\u00ea mesmo<\/strong> &#8221; &#8211; n\u00e3o \u00e9 necess\u00e1rio soldar ou cortar cabos<\/li>\n<li>Evita que a quilometragem aumente depois de retirar a ferramenta<\/li>\n<li>N\u00e3o deixa vest\u00edgios de utiliza\u00e7\u00e3o<\/li>\n<li>Pode ser ligado e desligado enquanto est\u00e1s em movimento<\/li>\n<li>Inclui <strong>fichas de qualidade superior<\/strong> e <strong>cabos resistentes ao calor<\/strong><\/li>\n<li>N\u00e3o aparecem mensagens de erro no veloc\u00edmetro ou no painel de navega\u00e7\u00e3o<\/li>\n<li>Funciona atrav\u00e9s de combina\u00e7\u00f5es de teclas f\u00e1ceis<\/li>\n<li>Os aparelhos de diagn\u00f3stico n\u00e3o conseguem detetar a altera\u00e7\u00e3o da quilometragem<\/li>\n<li>As defini\u00e7\u00f5es s\u00e3o guardadas e mant\u00eam-se incondicionalmente<\/li>\n<li>O veloc\u00edmetro e todos os sistemas de assist\u00eancia continuam a funcionar sem problemas<\/li>\n<li><strong>Instala\u00e7\u00e3o suave<\/strong> com a face de acoplamento e os sulcos no conetor<\/li>\n<li>Permite <strong>um desvio at\u00e9 1%<\/strong> da dist\u00e2ncia real percorrida, embora as varia\u00e7\u00f5es possam ser menores<\/li>\n<\/ul>\n<hr>\n<h3>ACTIVA\u00c7\u00c3O E DESACTIVA\u00c7\u00c3O<\/h3>\n<p>Liga mantendo premido o bot\u00e3o de sil\u00eancio durante 7 segundos. N\u00e3o d\u00e1 sinal mas est\u00e1 ligado. <\/p>\n<p><strong>Modo On:<\/strong> conta 0% de milhas. Tudo est\u00e1 a funcionar corretamente. <\/p>\n<p><strong>Modo desligado:<\/strong> conta 100% da quilometragem. Tudo est\u00e1 a funcionar bem&#8221; <\/p>\n<hr>\n<h3>O que \u00e9 o bloqueador do conta-quil\u00f3metros ou a ferramenta de corre\u00e7\u00e3o da quilometragem do Jaguar I-PACE?<\/h3>\n<p>O <strong>Bloqueador de Qu<\/strong> il\u00f3metros ou <strong>Bloqueador de Od\u00f3metro<\/strong> <strong>do Jaguar I-PACE<\/strong> p\u00e1ra a quilometragem enquanto testa o desempenho do ve\u00edculo. Na <strong>KM Block<\/strong>, podes adquirir um m\u00f3dulo fi\u00e1vel com componentes exclusivos. A ferramenta funciona perfeitamente em ve\u00edculos que registam a quilometragem em milhas ou quil\u00f3metros, quer sejam movidos por um <strong>motor diesel-gasolina<\/strong>, por um <strong>ve\u00edculo h\u00edbrido el\u00e9trico plug-in (PHEV)<\/strong> ou por um <strong>ve\u00edculo el\u00e9trico (EV)<\/strong>.  <\/p>\n<p>N\u00e3o vendemos <strong>Ferramentas de Corre\u00e7\u00e3o de Quilometragem<\/strong> para fins fraudulentos, tais como rebobinar ou fazer retroceder o conta-quil\u00f3metros. Estes dispositivos n\u00e3o podem reverter a quilometragem armazenada em v\u00e1rias unidades de dados nos autom\u00f3veis modernos. <\/p>\n<p>Oferecemos uma variedade de <strong>dispositivos de travagem de quil\u00f3metros<\/strong> para diferentes ve\u00edculos. A instala\u00e7\u00e3o \u00e9 r\u00e1pida e simples &#8211; liga o dispositivo entre a porta do veloc\u00edmetro e o painel de instrumentos e desfruta dos benef\u00edcios. Podes ativar ou desativar o dispositivo em qualquer altura, quer o carro esteja em movimento ou parado.  <\/p>\n<\/div>\n<\/div>\n<\/div>\n<\/div>\n<\/div>\n<\/div>\n<\/div>\n<\/div>\n","protected":false},"excerpt":{"rendered":"<div class=\"flex-shrink-0 flex flex-col relative items-end\">\n<div class=\"pt-0\">\n<div class=\"gizmo-bot-avatar flex h-8 w-8 items-center justify-center overflow-hidden rounded-full\">\n<div class=\"relative p-1 rounded-sm flex items-center justify-center bg-token-main-surface-primary text-token-text-primary h-8 w-8\">\n<p>Antes de encomendar, l\u00ea os seguintes detalhes importantes relativos \u00e0 ativa\u00e7\u00e3o do m\u00f3dulo, mensagens de erro e funcionalidade.<\/p>\n<p><strong>ESTE DISPOSITIVO \u00c9 ADEQUADO PARA TODOS OS MODELOS JAGUAR I-PACE LAN\u00c7ADOS DESDE 2018.  <\/strong>Instala\u00e7\u00e3o &#8221;fa\u00e7a voc\u00ea mesmo&#8221;. Desempenho indiscut\u00edvel.  Pode ser ativado em movimento. Inclui fichas de qualidade superior e cabos resistentes ao calor. O veloc\u00edmetro e os programas de assist\u00eancia funcionam sem falhas. Dispon\u00edvel nas vers\u00f5es Facelift e Pr\u00e9-Facelift.   <\/p>\n<p class=\"p1\"><b> Integra\u00e7\u00e3o perfeita<\/b><b><\/b><\/p>\n<p class=\"p1\"><b> Instala\u00e7\u00e3o f\u00e1cil<\/b><b><\/b><\/p>\n<p class=\"p1\"><b> Gest\u00e3o exacta da quilometragem<\/b><b><\/b><\/p>\n<p class=\"p1\"><b> Funcionamento em modo furtivo<\/b><b><\/b><\/p>\n<p class=\"p1\"><span class=\"s1\">\u2705<\/span><b> Suporte e actualiza\u00e7\u00f5es vital\u00edcias<\/b><\/p>\n<\/div>\n<\/div>\n<\/div>\n<\/div>\n","protected":false},"featured_media":784,"comment_status":"open","ping_status":"closed","template":"","meta":[],"product_brand":[],"product_cat":[1148],"product_tag":[],"class_list":{"0":"post-11124","1":"product","2":"type-product","3":"status-publish","4":"has-post-thumbnail","6":"product_cat-jaguar","8":"first","9":"instock","10":"taxable","11":"shipping-taxable","12":"purchasable","13":"product-type-variable"},"yoast_head":"<!-- This site is optimized with the Yoast SEO plugin v27.5 - https:\/\/yoast.com\/product\/yoast-seo-wordpress\/ -->\n<title>Jaguar I Pace Mileage Blocker (KM stopper) \u2192 KM Block<\/title>\n<meta name=\"description\" content=\"Buy a Jaguar I Pace Mileage Blocker for the Best Prices \u2713 Free Shipping \u2713 Incl. Installation Guides\" \/>\n<meta name=\"robots\" content=\"index, follow, max-snippet:-1, max-image-preview:large, max-video-preview:-1\" \/>\n<meta property=\"og:locale\" content=\"pt_PT\" \/>\n<meta property=\"og:type\" content=\"article\" \/>\n<meta property=\"og:title\" content=\"Jaguar I Pace Mileage Blocker (KM stopper) \u2192 KM Block\" \/>\n<meta property=\"og:description\" content=\"Buy a Jaguar I Pace Mileage Blocker for the Best Prices \u2713 Free Shipping \u2713 Incl. Installation Guides\" \/>\n<meta property=\"og:url\" content=\"https:\/\/kmblock.com\/pt-pt\/product\/jaguar-i-pace\/\" \/>\n<meta property=\"og:site_name\" content=\"KM Block\" \/>\n<meta property=\"og:image\" content=\"https:\/\/kmblock.com\/wp-content\/uploads\/2024\/09\/Jaguar-I-Pace.jpg\" \/>\n\t<meta property=\"og:image:width\" content=\"800\" \/>\n\t<meta property=\"og:image:height\" content=\"800\" \/>\n\t<meta property=\"og:image:type\" content=\"image\/jpeg\" \/>\n<meta name=\"twitter:card\" content=\"summary_large_image\" \/>\n<meta name=\"twitter:label1\" content=\"Tempo estimado de leitura\" \/>\n\t<meta name=\"twitter:data1\" content=\"3 minutos\" \/>\n<script type=\"application\/ld+json\" class=\"yoast-schema-graph\">{\"@context\":\"https:\\\/\\\/schema.org\",\"@graph\":[{\"@type\":\"WebPage\",\"@id\":\"https:\\\/\\\/kmblock.com\\\/pt-pt\\\/product\\\/jaguar-i-pace\\\/\",\"url\":\"https:\\\/\\\/kmblock.com\\\/pt-pt\\\/product\\\/jaguar-i-pace\\\/\",\"name\":\"Jaguar I Pace Mileage Blocker (KM stopper) \u2192 KM Block\",\"isPartOf\":{\"@id\":\"https:\\\/\\\/kmblock.com\\\/pt-pt\\\/#website\"},\"primaryImageOfPage\":{\"@id\":\"https:\\\/\\\/kmblock.com\\\/pt-pt\\\/product\\\/jaguar-i-pace\\\/#primaryimage\"},\"image\":{\"@id\":\"https:\\\/\\\/kmblock.com\\\/pt-pt\\\/product\\\/jaguar-i-pace\\\/#primaryimage\"},\"thumbnailUrl\":\"https:\\\/\\\/kmblock.com\\\/wp-content\\\/uploads\\\/2024\\\/09\\\/Jaguar-I-Pace.jpg\",\"datePublished\":\"2024-09-21T16:38:35+00:00\",\"description\":\"Buy a Jaguar I Pace Mileage Blocker for the Best Prices \u2713 Free Shipping \u2713 Incl. Installation Guides\",\"breadcrumb\":{\"@id\":\"https:\\\/\\\/kmblock.com\\\/pt-pt\\\/product\\\/jaguar-i-pace\\\/#breadcrumb\"},\"inLanguage\":\"pt-PT\",\"potentialAction\":[{\"@type\":\"ReadAction\",\"target\":[\"https:\\\/\\\/kmblock.com\\\/pt-pt\\\/product\\\/jaguar-i-pace\\\/\"]}]},{\"@type\":\"ImageObject\",\"inLanguage\":\"pt-PT\",\"@id\":\"https:\\\/\\\/kmblock.com\\\/pt-pt\\\/product\\\/jaguar-i-pace\\\/#primaryimage\",\"url\":\"https:\\\/\\\/kmblock.com\\\/wp-content\\\/uploads\\\/2024\\\/09\\\/Jaguar-I-Pace.jpg\",\"contentUrl\":\"https:\\\/\\\/kmblock.com\\\/wp-content\\\/uploads\\\/2024\\\/09\\\/Jaguar-I-Pace.jpg\",\"width\":800,\"height\":800,\"caption\":\"Jaguar I Pace\"},{\"@type\":\"BreadcrumbList\",\"@id\":\"https:\\\/\\\/kmblock.com\\\/pt-pt\\\/product\\\/jaguar-i-pace\\\/#breadcrumb\",\"itemListElement\":[{\"@type\":\"ListItem\",\"position\":1,\"name\":\"Casa\",\"item\":\"https:\\\/\\\/kmblock.com\\\/pt-pt\\\/\"},{\"@type\":\"ListItem\",\"position\":2,\"name\":\"Produtos\",\"item\":\"https:\\\/\\\/kmblock.com\\\/pt-pt\\\/shop\\\/\"},{\"@type\":\"ListItem\",\"position\":3,\"name\":\"Jaguar I Pace\"}]},{\"@type\":\"WebSite\",\"@id\":\"https:\\\/\\\/kmblock.com\\\/pt-pt\\\/#website\",\"url\":\"https:\\\/\\\/kmblock.com\\\/pt-pt\\\/\",\"name\":\"KM Block\",\"description\":\"\",\"publisher\":{\"@id\":\"https:\\\/\\\/kmblock.com\\\/pt-pt\\\/#organization\"},\"potentialAction\":[{\"@type\":\"SearchAction\",\"target\":{\"@type\":\"EntryPoint\",\"urlTemplate\":\"https:\\\/\\\/kmblock.com\\\/pt-pt\\\/?s={search_term_string}\"},\"query-input\":{\"@type\":\"PropertyValueSpecification\",\"valueRequired\":true,\"valueName\":\"search_term_string\"}}],\"inLanguage\":\"pt-PT\"},{\"@type\":\"Organization\",\"@id\":\"https:\\\/\\\/kmblock.com\\\/pt-pt\\\/#organization\",\"name\":\"Bloco KM\",\"url\":\"https:\\\/\\\/kmblock.com\\\/pt-pt\\\/\",\"logo\":{\"@type\":\"ImageObject\",\"inLanguage\":\"pt-PT\",\"@id\":\"https:\\\/\\\/kmblock.com\\\/pt-pt\\\/#\\\/schema\\\/logo\\\/image\\\/\",\"url\":\"https:\\\/\\\/kmblock.com\\\/wp-content\\\/uploads\\\/2024\\\/08\\\/main-logo.png\",\"contentUrl\":\"https:\\\/\\\/kmblock.com\\\/wp-content\\\/uploads\\\/2024\\\/08\\\/main-logo.png\",\"width\":186,\"height\":28,\"caption\":\"Bloco KM\"},\"image\":{\"@id\":\"https:\\\/\\\/kmblock.com\\\/pt-pt\\\/#\\\/schema\\\/logo\\\/image\\\/\"}}]}<\/script>\n<!-- \/ Yoast SEO plugin. -->","yoast_head_json":{"title":"Jaguar I Pace Mileage Blocker (KM stopper) \u2192 KM Block","description":"Buy a Jaguar I Pace Mileage Blocker for the Best Prices \u2713 Free Shipping \u2713 Incl. Installation Guides","robots":{"index":"index","follow":"follow","max-snippet":"max-snippet:-1","max-image-preview":"max-image-preview:large","max-video-preview":"max-video-preview:-1"},"og_locale":"pt_PT","og_type":"article","og_title":"Jaguar I Pace Mileage Blocker (KM stopper) \u2192 KM Block","og_description":"Buy a Jaguar I Pace Mileage Blocker for the Best Prices \u2713 Free Shipping \u2713 Incl. Installation Guides","og_url":"https:\/\/kmblock.com\/pt-pt\/product\/jaguar-i-pace\/","og_site_name":"KM Block","og_image":[{"width":800,"height":800,"url":"https:\/\/kmblock.com\/wp-content\/uploads\/2024\/09\/Jaguar-I-Pace.jpg","type":"image\/jpeg"}],"twitter_card":"summary_large_image","twitter_misc":{"Tempo estimado de leitura":"3 minutos"},"schema":{"@context":"https:\/\/schema.org","@graph":[{"@type":"WebPage","@id":"https:\/\/kmblock.com\/pt-pt\/product\/jaguar-i-pace\/","url":"https:\/\/kmblock.com\/pt-pt\/product\/jaguar-i-pace\/","name":"Jaguar I Pace Mileage Blocker (KM stopper) \u2192 KM Block","isPartOf":{"@id":"https:\/\/kmblock.com\/pt-pt\/#website"},"primaryImageOfPage":{"@id":"https:\/\/kmblock.com\/pt-pt\/product\/jaguar-i-pace\/#primaryimage"},"image":{"@id":"https:\/\/kmblock.com\/pt-pt\/product\/jaguar-i-pace\/#primaryimage"},"thumbnailUrl":"https:\/\/kmblock.com\/wp-content\/uploads\/2024\/09\/Jaguar-I-Pace.jpg","datePublished":"2024-09-21T16:38:35+00:00","description":"Buy a Jaguar I Pace Mileage Blocker for the Best Prices \u2713 Free Shipping \u2713 Incl. Installation Guides","breadcrumb":{"@id":"https:\/\/kmblock.com\/pt-pt\/product\/jaguar-i-pace\/#breadcrumb"},"inLanguage":"pt-PT","potentialAction":[{"@type":"ReadAction","target":["https:\/\/kmblock.com\/pt-pt\/product\/jaguar-i-pace\/"]}]},{"@type":"ImageObject","inLanguage":"pt-PT","@id":"https:\/\/kmblock.com\/pt-pt\/product\/jaguar-i-pace\/#primaryimage","url":"https:\/\/kmblock.com\/wp-content\/uploads\/2024\/09\/Jaguar-I-Pace.jpg","contentUrl":"https:\/\/kmblock.com\/wp-content\/uploads\/2024\/09\/Jaguar-I-Pace.jpg","width":800,"height":800,"caption":"Jaguar I Pace"},{"@type":"BreadcrumbList","@id":"https:\/\/kmblock.com\/pt-pt\/product\/jaguar-i-pace\/#breadcrumb","itemListElement":[{"@type":"ListItem","position":1,"name":"Casa","item":"https:\/\/kmblock.com\/pt-pt\/"},{"@type":"ListItem","position":2,"name":"Produtos","item":"https:\/\/kmblock.com\/pt-pt\/shop\/"},{"@type":"ListItem","position":3,"name":"Jaguar I Pace"}]},{"@type":"WebSite","@id":"https:\/\/kmblock.com\/pt-pt\/#website","url":"https:\/\/kmblock.com\/pt-pt\/","name":"KM Block","description":"","publisher":{"@id":"https:\/\/kmblock.com\/pt-pt\/#organization"},"potentialAction":[{"@type":"SearchAction","target":{"@type":"EntryPoint","urlTemplate":"https:\/\/kmblock.com\/pt-pt\/?s={search_term_string}"},"query-input":{"@type":"PropertyValueSpecification","valueRequired":true,"valueName":"search_term_string"}}],"inLanguage":"pt-PT"},{"@type":"Organization","@id":"https:\/\/kmblock.com\/pt-pt\/#organization","name":"Bloco KM","url":"https:\/\/kmblock.com\/pt-pt\/","logo":{"@type":"ImageObject","inLanguage":"pt-PT","@id":"https:\/\/kmblock.com\/pt-pt\/#\/schema\/logo\/image\/","url":"https:\/\/kmblock.com\/wp-content\/uploads\/2024\/08\/main-logo.png","contentUrl":"https:\/\/kmblock.com\/wp-content\/uploads\/2024\/08\/main-logo.png","width":186,"height":28,"caption":"Bloco KM"},"image":{"@id":"https:\/\/kmblock.com\/pt-pt\/#\/schema\/logo\/image\/"}}]}},"_links":{"self":[{"href":"https:\/\/kmblock.com\/pt-pt\/wp-json\/wp\/v2\/product\/11124","targetHints":{"allow":["GET"]}}],"collection":[{"href":"https:\/\/kmblock.com\/pt-pt\/wp-json\/wp\/v2\/product"}],"about":[{"href":"https:\/\/kmblock.com\/pt-pt\/wp-json\/wp\/v2\/types\/product"}],"replies":[{"embeddable":true,"href":"https:\/\/kmblock.com\/pt-pt\/wp-json\/wp\/v2\/comments?post=11124"}],"wp:featuredmedia":[{"embeddable":true,"href":"https:\/\/kmblock.com\/pt-pt\/wp-json\/wp\/v2\/media\/784"}],"wp:attachment":[{"href":"https:\/\/kmblock.com\/pt-pt\/wp-json\/wp\/v2\/media?parent=11124"}],"wp:term":[{"taxonomy":"product_brand","embeddable":true,"href":"https:\/\/kmblock.com\/pt-pt\/wp-json\/wp\/v2\/product_brand?post=11124"},{"taxonomy":"product_cat","embeddable":true,"href":"https:\/\/kmblock.com\/pt-pt\/wp-json\/wp\/v2\/product_cat?post=11124"},{"taxonomy":"product_tag","embeddable":true,"href":"https:\/\/kmblock.com\/pt-pt\/wp-json\/wp\/v2\/product_tag?post=11124"}],"curies":[{"name":"wp","href":"https:\/\/api.w.org\/{rel}","templated":true}]}}