{"id":11042,"date":"2024-09-19T15:42:14","date_gmt":"2024-09-19T15:42:14","guid":{"rendered":"https:\/\/kmblock.com\/product\/bmw-x5-f15\/"},"modified":"2024-09-19T15:42:14","modified_gmt":"2024-09-19T15:42:14","slug":"bmw-x5-f15","status":"publish","type":"product","link":"https:\/\/kmblock.com\/pt-pt\/product\/bmw-x5-f15\/","title":{"rendered":"BMW X5 F15"},"content":{"rendered":"<div class=\"flex max-w-full flex-col flex-grow\">\n<div class=\"min-h-[20px] text-message flex w-full flex-col items-end gap-2 whitespace-normal break-words [.text-message+&amp;]:mt-5\" dir=\"auto\" data-message-author-role=\"assistant\" data-message-id=\"486fbb14-d9b0-4abf-8aac-69dd9ef3f888\">\n<div class=\"flex w-full flex-col gap-1 empty:hidden first:pt-[3px]\">\n<div class=\"markdown prose w-full break-words dark:prose-invert dark\">\n<h3><strong>BLOQUEADOR DE QUIL\u00d3METROS PARA BMW X5 F15<\/strong><\/h3>\n<p>O Bloqueador de Quil\u00f3metros do BMW X5 F15, tamb\u00e9m conhecido como Bloqueador de Od\u00f3metro, Bloqueador de Od\u00f3metro, Bloqueador de Lata, Bloqueador de Quil\u00f3metros, Od\u00f3metro de Viagem, Filtro de Lata e, por vezes, referido como uma ferramenta de Corre\u00e7\u00e3o de Quil\u00f3metros, \u00e9 um dispositivo vers\u00e1til concebido para todos os modelos BMW X5 F15 produzidos entre 2013 e 2018.<\/p>\n<h3>Especifica\u00e7\u00f5es:<\/h3>\n<ul>\n<li><strong>Instala-te sozinho<\/strong>: N\u00e3o necessita de ajuda profissional.<\/li>\n<li><strong>Componentes de qualidade superior<\/strong>: Inclui fichas de qualidade superior e cabos resistentes ao calor.<\/li>\n<li><strong>N\u00e3o precisa de soldar ou cortar<\/strong>: A instala\u00e7\u00e3o \u00e9 simples, sem necessidade de modificar os fios.<\/li>\n<li><strong>Funcionamento simples<\/strong>: Alterna facilmente entre modos utilizando combina\u00e7\u00f5es de teclas.<\/li>\n<li><strong>M\u00faltiplos modos<\/strong>: Adapta o dispositivo \u00e0s tuas necessidades espec\u00edficas.<\/li>\n<li><strong>Compatibilidade com actualiza\u00e7\u00f5es de software<\/strong>: Se o teu ve\u00edculo receber uma atualiza\u00e7\u00e3o de software, ativa o modo dois e continua a utilizar o dispositivo sem necessidade de troca ou atualiza\u00e7\u00e3o.<\/li>\n<li><strong>Ajuste autom\u00e1tico de servi\u00e7o<\/strong>: Os intervalos de manuten\u00e7\u00e3o ajustam-se automaticamente, sem interven\u00e7\u00e3o manual.<\/li>\n<li><strong>Congelamento da quilometragem<\/strong>: Quando o m\u00f3dulo \u00e9 removido, a quilometragem n\u00e3o \u00e9 afetada.<\/li>\n<li><strong>Defini\u00e7\u00f5es persistentes<\/strong>: As defini\u00e7\u00f5es s\u00e3o guardadas depois de selecionadas.<\/li>\n<li><strong>Sistemas compat\u00edveis<\/strong>: Os indicadores de velocidade e os sistemas de assist\u00eancia funcionam sem problemas em determinados modos.<\/li>\n<li><strong>Desempenho sem erros<\/strong>: N\u00e3o aparecer\u00e3o mensagens de erro no veloc\u00edmetro ou na navega\u00e7\u00e3o.<\/li>\n<li><strong>Instala\u00e7\u00e3o f\u00e1cil<\/strong>: Instala\u00e7\u00e3o suave com conectores estriados para um ajuste seguro.<\/li>\n<li><strong>Estabilidade do sistema<\/strong>: N\u00e3o h\u00e1 erros de carater\u00edsticas como o Assistente de \u00e2ngulo morto ou o controlo de velocidade de cruzeiro.<\/li>\n<\/ul>\n<h3>Ajuste de servi\u00e7o:<\/h3>\n<p>O Bloqueador de Quil\u00f3metros n\u00e3o s\u00f3 p\u00e1ra a contagem de quil\u00f3metros em todos os sistemas de mem\u00f3ria do ve\u00edculo, como tamb\u00e9m ajusta automaticamente a contagem decrescente de servi\u00e7o. Enquanto estiver a ser utilizado, a contagem decrescente do intervalo de manuten\u00e7\u00e3o continua, mas a quilometragem n\u00e3o \u00e9 registada at\u00e9 restarem 30% do intervalo de manuten\u00e7\u00e3o. Quando atinge este limite, volta a 90%. Por exemplo, se o intervalo de manuten\u00e7\u00e3o for de 30.000 km, quando faltarem 9.000 km (30%), salta novamente para 27.000 km (90%).   <\/p>\n<p>Estes ajustes de servi\u00e7o asseguram que o teu ve\u00edculo \u00e9 mantido corretamente, sem que os intervalos de manuten\u00e7\u00e3o sejam prematuramente acionados.<\/p>\n<h3>Ativa\u00e7\u00e3o e desativa\u00e7\u00e3o:<\/h3>\n<p>&#8221;Ativa premindo *BC com o modo *.<br \/>\n<strong>Modo 1:<\/strong> 1 piscada para a esquerda 30 por cento<\/p>\n<p><strong>Modo 2:<\/strong> 2 piscas \u00e0 esquerda 0 por cento (sem velocidade)<\/p>\n<p><strong>Modo 3:<\/strong> 3 piscas \u00e0 esquerda 0 por cento (velocidade, funciona apenas sem atualiza\u00e7\u00e3o)<\/p>\n<p><strong>Modo 4:<\/strong> 1 piscadela para a direita 100 por cento&#8221;<\/p>\n<h3>O que \u00e9 o bloqueador de conta-quil\u00f3metros do BMW X5 F15?<\/h3>\n<p>O Bloqueador de Quil\u00f3metros BMW X5 F15 \u00e9 uma ferramenta avan\u00e7ada concebida para parar a contagem de quil\u00f3metros enquanto o carro est\u00e1 em movimento, ajudando-te a testar o desempenho do ve\u00edculo em ambientes controlados. Funciona em motores a gasolina e a diesel, bem como em ve\u00edculos h\u00edbridos el\u00e9ctricos de Plug-in (PHEV) e carros el\u00e9ctricos. O nosso dispositivo est\u00e1 programado para marcas e modelos espec\u00edficos para garantir um desempenho sem falhas.  <\/p>\n<p>Na <strong>KMBlock.com<\/strong>, salientamos que esta ferramenta n\u00e3o se destina a fins fraudulentos, como a corre\u00e7\u00e3o de quil\u00f3metros. Ao contr\u00e1rio dos dispositivos de revers\u00e3o, que apenas podem alterar as leituras do conta-quil\u00f3metros em determinadas \u00e1reas, o nosso Mileage Blocker foi concebido para testes de desempenho e preserva\u00e7\u00e3o de dados de uma forma legal e respons\u00e1vel. <\/p>\n<p>Oferecemos uma vasta gama de dispositivos de paragem de quil\u00f3metros para v\u00e1rios modelos de ve\u00edculos, todos com o mesmo processo de instala\u00e7\u00e3o simples. Basta ligar o dispositivo entre o veloc\u00edmetro e o painel de instrumentos e est\u00e1 pronto a funcionar! <\/p>\n<p><strong>O BMW X5 F15 Mileage Blocker<\/strong> fornece uma solu\u00e7\u00e3o fi\u00e1vel para monitorizar e testar o desempenho do ve\u00edculo com facilidade, oferecendo uma conveni\u00eancia e funcionalidade inigual\u00e1veis.<\/p>\n<\/div>\n<\/div>\n<\/div>\n<\/div>\n","protected":false},"excerpt":{"rendered":"<div class=\"flex-shrink-0 flex flex-col relative items-end\">\n<div class=\"pt-0\">\n<div class=\"gizmo-bot-avatar flex h-8 w-8 items-center justify-center overflow-hidden rounded-full\">\n<div class=\"relative p-1 rounded-sm flex items-center justify-center bg-token-main-surface-primary text-token-text-primary h-8 w-8\">\n<p>Antes de efectuares a tua encomenda, rev\u00ea cuidadosamente as instru\u00e7\u00f5es de ativa\u00e7\u00e3o e as notas importantes relativas a mensagens de erro e funcionalidades abaixo:<\/p>\n<p><strong>Este dispositivo foi concebido para funcionar com todos os modelos BMW X5 F15 fabricados entre 2013 e 2018.  <\/strong>Funciona sem problemas com indicadores de velocidade e programas de assist\u00eancia em determinados modos. Garante que n\u00e3o existem erros relacionados com a funcionalidade da Assist\u00eancia ao \u00e2ngulo morto ou do controlo da velocidade de cruzeiro. Configura\u00e7\u00e3o f\u00e1cil, do tipo &#8221;fa\u00e7a voc\u00ea mesmo&#8221;, sem necessidade de assist\u00eancia especializada.   Vem equipado com fichas de alta qualidade e cabos resistentes ao calor para maior durabilidade.<\/p>\n<p class=\"p1\"><b> Integra\u00e7\u00e3o perfeita<\/b><b><\/b><\/p>\n<p class=\"p1\"><b> Instala\u00e7\u00e3o f\u00e1cil<\/b><b><\/b><\/p>\n<p class=\"p1\"><b> Gest\u00e3o exacta da quilometragem<\/b><b><\/b><\/p>\n<p class=\"p1\"><b> Funcionamento em modo furtivo<\/b><b><\/b><\/p>\n<p class=\"p1\"><span class=\"s1\">\u2705<\/span><b> Suporte e actualiza\u00e7\u00f5es vital\u00edcias<\/b><\/p>\n<\/div>\n<\/div>\n<\/div>\n<\/div>\n","protected":false},"featured_media":759,"comment_status":"open","ping_status":"closed","template":"","meta":[],"product_brand":[],"product_cat":[1109],"product_tag":[],"class_list":{"0":"post-11042","1":"product","2":"type-product","3":"status-publish","4":"has-post-thumbnail","6":"product_cat-bmw","8":"first","9":"instock","10":"taxable","11":"shipping-taxable","12":"purchasable","13":"product-type-variable"},"yoast_head":"<!-- This site is optimized with the Yoast SEO plugin v27.5 - https:\/\/yoast.com\/product\/yoast-seo-wordpress\/ -->\n<title>BMW X5 F15 Mileage Blocker (KM stopper) \u2192 KM Block<\/title>\n<meta name=\"description\" content=\"Buy a BMW X5 F15 Mileage Blocker for the Best Prices \u2713 Free Shipping \u2713 Incl. Installation Guides\" \/>\n<meta name=\"robots\" content=\"index, follow, max-snippet:-1, max-image-preview:large, max-video-preview:-1\" \/>\n<meta property=\"og:locale\" content=\"pt_PT\" \/>\n<meta property=\"og:type\" content=\"article\" \/>\n<meta property=\"og:title\" content=\"BMW X5 F15 Mileage Blocker (KM stopper) \u2192 KM Block\" \/>\n<meta property=\"og:description\" content=\"Buy a BMW X5 F15 Mileage Blocker for the Best Prices \u2713 Free Shipping \u2713 Incl. Installation Guides\" \/>\n<meta property=\"og:url\" content=\"https:\/\/kmblock.com\/pt-pt\/product\/bmw-x5-f15\/\" \/>\n<meta property=\"og:site_name\" content=\"KM Block\" \/>\n<meta property=\"og:image\" content=\"https:\/\/kmblock.com\/wp-content\/uploads\/2024\/09\/BMW-X5-F15-600x600-1.jpg\" \/>\n\t<meta property=\"og:image:width\" content=\"600\" \/>\n\t<meta property=\"og:image:height\" content=\"600\" \/>\n\t<meta property=\"og:image:type\" content=\"image\/jpeg\" \/>\n<meta name=\"twitter:card\" content=\"summary_large_image\" \/>\n<meta name=\"twitter:label1\" content=\"Tempo estimado de leitura\" \/>\n\t<meta name=\"twitter:data1\" content=\"3 minutos\" \/>\n<script type=\"application\/ld+json\" class=\"yoast-schema-graph\">{\"@context\":\"https:\\\/\\\/schema.org\",\"@graph\":[{\"@type\":\"WebPage\",\"@id\":\"https:\\\/\\\/kmblock.com\\\/pt-pt\\\/product\\\/bmw-x5-f15\\\/\",\"url\":\"https:\\\/\\\/kmblock.com\\\/pt-pt\\\/product\\\/bmw-x5-f15\\\/\",\"name\":\"BMW X5 F15 Mileage Blocker (KM stopper) \u2192 KM Block\",\"isPartOf\":{\"@id\":\"https:\\\/\\\/kmblock.com\\\/pt-pt\\\/#website\"},\"primaryImageOfPage\":{\"@id\":\"https:\\\/\\\/kmblock.com\\\/pt-pt\\\/product\\\/bmw-x5-f15\\\/#primaryimage\"},\"image\":{\"@id\":\"https:\\\/\\\/kmblock.com\\\/pt-pt\\\/product\\\/bmw-x5-f15\\\/#primaryimage\"},\"thumbnailUrl\":\"https:\\\/\\\/kmblock.com\\\/wp-content\\\/uploads\\\/2024\\\/09\\\/BMW-X5-F15-600x600-1.jpg\",\"datePublished\":\"2024-09-19T15:42:14+00:00\",\"description\":\"Buy a BMW X5 F15 Mileage Blocker for the Best Prices \u2713 Free Shipping \u2713 Incl. Installation Guides\",\"breadcrumb\":{\"@id\":\"https:\\\/\\\/kmblock.com\\\/pt-pt\\\/product\\\/bmw-x5-f15\\\/#breadcrumb\"},\"inLanguage\":\"pt-PT\",\"potentialAction\":[{\"@type\":\"ReadAction\",\"target\":[\"https:\\\/\\\/kmblock.com\\\/pt-pt\\\/product\\\/bmw-x5-f15\\\/\"]}]},{\"@type\":\"ImageObject\",\"inLanguage\":\"pt-PT\",\"@id\":\"https:\\\/\\\/kmblock.com\\\/pt-pt\\\/product\\\/bmw-x5-f15\\\/#primaryimage\",\"url\":\"https:\\\/\\\/kmblock.com\\\/wp-content\\\/uploads\\\/2024\\\/09\\\/BMW-X5-F15-600x600-1.jpg\",\"contentUrl\":\"https:\\\/\\\/kmblock.com\\\/wp-content\\\/uploads\\\/2024\\\/09\\\/BMW-X5-F15-600x600-1.jpg\",\"width\":600,\"height\":600,\"caption\":\"BMW-X5-F15-600x600\"},{\"@type\":\"BreadcrumbList\",\"@id\":\"https:\\\/\\\/kmblock.com\\\/pt-pt\\\/product\\\/bmw-x5-f15\\\/#breadcrumb\",\"itemListElement\":[{\"@type\":\"ListItem\",\"position\":1,\"name\":\"Casa\",\"item\":\"https:\\\/\\\/kmblock.com\\\/pt-pt\\\/\"},{\"@type\":\"ListItem\",\"position\":2,\"name\":\"Produtos\",\"item\":\"https:\\\/\\\/kmblock.com\\\/pt-pt\\\/shop\\\/\"},{\"@type\":\"ListItem\",\"position\":3,\"name\":\"BMW X5 F15\"}]},{\"@type\":\"WebSite\",\"@id\":\"https:\\\/\\\/kmblock.com\\\/pt-pt\\\/#website\",\"url\":\"https:\\\/\\\/kmblock.com\\\/pt-pt\\\/\",\"name\":\"KM Block\",\"description\":\"\",\"publisher\":{\"@id\":\"https:\\\/\\\/kmblock.com\\\/pt-pt\\\/#organization\"},\"potentialAction\":[{\"@type\":\"SearchAction\",\"target\":{\"@type\":\"EntryPoint\",\"urlTemplate\":\"https:\\\/\\\/kmblock.com\\\/pt-pt\\\/?s={search_term_string}\"},\"query-input\":{\"@type\":\"PropertyValueSpecification\",\"valueRequired\":true,\"valueName\":\"search_term_string\"}}],\"inLanguage\":\"pt-PT\"},{\"@type\":\"Organization\",\"@id\":\"https:\\\/\\\/kmblock.com\\\/pt-pt\\\/#organization\",\"name\":\"Bloco KM\",\"url\":\"https:\\\/\\\/kmblock.com\\\/pt-pt\\\/\",\"logo\":{\"@type\":\"ImageObject\",\"inLanguage\":\"pt-PT\",\"@id\":\"https:\\\/\\\/kmblock.com\\\/pt-pt\\\/#\\\/schema\\\/logo\\\/image\\\/\",\"url\":\"https:\\\/\\\/kmblock.com\\\/wp-content\\\/uploads\\\/2024\\\/08\\\/main-logo.png\",\"contentUrl\":\"https:\\\/\\\/kmblock.com\\\/wp-content\\\/uploads\\\/2024\\\/08\\\/main-logo.png\",\"width\":186,\"height\":28,\"caption\":\"Bloco KM\"},\"image\":{\"@id\":\"https:\\\/\\\/kmblock.com\\\/pt-pt\\\/#\\\/schema\\\/logo\\\/image\\\/\"}}]}<\/script>\n<!-- \/ Yoast SEO plugin. -->","yoast_head_json":{"title":"BMW X5 F15 Mileage Blocker (KM stopper) \u2192 KM Block","description":"Buy a BMW X5 F15 Mileage Blocker for the Best Prices \u2713 Free Shipping \u2713 Incl. Installation Guides","robots":{"index":"index","follow":"follow","max-snippet":"max-snippet:-1","max-image-preview":"max-image-preview:large","max-video-preview":"max-video-preview:-1"},"og_locale":"pt_PT","og_type":"article","og_title":"BMW X5 F15 Mileage Blocker (KM stopper) \u2192 KM Block","og_description":"Buy a BMW X5 F15 Mileage Blocker for the Best Prices \u2713 Free Shipping \u2713 Incl. Installation Guides","og_url":"https:\/\/kmblock.com\/pt-pt\/product\/bmw-x5-f15\/","og_site_name":"KM Block","og_image":[{"width":600,"height":600,"url":"https:\/\/kmblock.com\/wp-content\/uploads\/2024\/09\/BMW-X5-F15-600x600-1.jpg","type":"image\/jpeg"}],"twitter_card":"summary_large_image","twitter_misc":{"Tempo estimado de leitura":"3 minutos"},"schema":{"@context":"https:\/\/schema.org","@graph":[{"@type":"WebPage","@id":"https:\/\/kmblock.com\/pt-pt\/product\/bmw-x5-f15\/","url":"https:\/\/kmblock.com\/pt-pt\/product\/bmw-x5-f15\/","name":"BMW X5 F15 Mileage Blocker (KM stopper) \u2192 KM Block","isPartOf":{"@id":"https:\/\/kmblock.com\/pt-pt\/#website"},"primaryImageOfPage":{"@id":"https:\/\/kmblock.com\/pt-pt\/product\/bmw-x5-f15\/#primaryimage"},"image":{"@id":"https:\/\/kmblock.com\/pt-pt\/product\/bmw-x5-f15\/#primaryimage"},"thumbnailUrl":"https:\/\/kmblock.com\/wp-content\/uploads\/2024\/09\/BMW-X5-F15-600x600-1.jpg","datePublished":"2024-09-19T15:42:14+00:00","description":"Buy a BMW X5 F15 Mileage Blocker for the Best Prices \u2713 Free Shipping \u2713 Incl. Installation Guides","breadcrumb":{"@id":"https:\/\/kmblock.com\/pt-pt\/product\/bmw-x5-f15\/#breadcrumb"},"inLanguage":"pt-PT","potentialAction":[{"@type":"ReadAction","target":["https:\/\/kmblock.com\/pt-pt\/product\/bmw-x5-f15\/"]}]},{"@type":"ImageObject","inLanguage":"pt-PT","@id":"https:\/\/kmblock.com\/pt-pt\/product\/bmw-x5-f15\/#primaryimage","url":"https:\/\/kmblock.com\/wp-content\/uploads\/2024\/09\/BMW-X5-F15-600x600-1.jpg","contentUrl":"https:\/\/kmblock.com\/wp-content\/uploads\/2024\/09\/BMW-X5-F15-600x600-1.jpg","width":600,"height":600,"caption":"BMW-X5-F15-600x600"},{"@type":"BreadcrumbList","@id":"https:\/\/kmblock.com\/pt-pt\/product\/bmw-x5-f15\/#breadcrumb","itemListElement":[{"@type":"ListItem","position":1,"name":"Casa","item":"https:\/\/kmblock.com\/pt-pt\/"},{"@type":"ListItem","position":2,"name":"Produtos","item":"https:\/\/kmblock.com\/pt-pt\/shop\/"},{"@type":"ListItem","position":3,"name":"BMW X5 F15"}]},{"@type":"WebSite","@id":"https:\/\/kmblock.com\/pt-pt\/#website","url":"https:\/\/kmblock.com\/pt-pt\/","name":"KM Block","description":"","publisher":{"@id":"https:\/\/kmblock.com\/pt-pt\/#organization"},"potentialAction":[{"@type":"SearchAction","target":{"@type":"EntryPoint","urlTemplate":"https:\/\/kmblock.com\/pt-pt\/?s={search_term_string}"},"query-input":{"@type":"PropertyValueSpecification","valueRequired":true,"valueName":"search_term_string"}}],"inLanguage":"pt-PT"},{"@type":"Organization","@id":"https:\/\/kmblock.com\/pt-pt\/#organization","name":"Bloco KM","url":"https:\/\/kmblock.com\/pt-pt\/","logo":{"@type":"ImageObject","inLanguage":"pt-PT","@id":"https:\/\/kmblock.com\/pt-pt\/#\/schema\/logo\/image\/","url":"https:\/\/kmblock.com\/wp-content\/uploads\/2024\/08\/main-logo.png","contentUrl":"https:\/\/kmblock.com\/wp-content\/uploads\/2024\/08\/main-logo.png","width":186,"height":28,"caption":"Bloco KM"},"image":{"@id":"https:\/\/kmblock.com\/pt-pt\/#\/schema\/logo\/image\/"}}]}},"_links":{"self":[{"href":"https:\/\/kmblock.com\/pt-pt\/wp-json\/wp\/v2\/product\/11042","targetHints":{"allow":["GET"]}}],"collection":[{"href":"https:\/\/kmblock.com\/pt-pt\/wp-json\/wp\/v2\/product"}],"about":[{"href":"https:\/\/kmblock.com\/pt-pt\/wp-json\/wp\/v2\/types\/product"}],"replies":[{"embeddable":true,"href":"https:\/\/kmblock.com\/pt-pt\/wp-json\/wp\/v2\/comments?post=11042"}],"wp:featuredmedia":[{"embeddable":true,"href":"https:\/\/kmblock.com\/pt-pt\/wp-json\/wp\/v2\/media\/759"}],"wp:attachment":[{"href":"https:\/\/kmblock.com\/pt-pt\/wp-json\/wp\/v2\/media?parent=11042"}],"wp:term":[{"taxonomy":"product_brand","embeddable":true,"href":"https:\/\/kmblock.com\/pt-pt\/wp-json\/wp\/v2\/product_brand?post=11042"},{"taxonomy":"product_cat","embeddable":true,"href":"https:\/\/kmblock.com\/pt-pt\/wp-json\/wp\/v2\/product_cat?post=11042"},{"taxonomy":"product_tag","embeddable":true,"href":"https:\/\/kmblock.com\/pt-pt\/wp-json\/wp\/v2\/product_tag?post=11042"}],"curies":[{"name":"wp","href":"https:\/\/api.w.org\/{rel}","templated":true}]}}