{"id":10830,"date":"2024-09-23T23:09:21","date_gmt":"2024-09-23T23:09:21","guid":{"rendered":"https:\/\/kmblock.com\/product\/porsche-panamera-970\/"},"modified":"2024-09-23T23:09:21","modified_gmt":"2024-09-23T23:09:21","slug":"porsche-panamera-970","status":"publish","type":"product","link":"https:\/\/kmblock.com\/pt-pt\/product\/porsche-panamera-970\/","title":{"rendered":"Porsche Panamera 970"},"content":{"rendered":"<div class=\"flex max-w-full flex-col flex-grow\">\n<div class=\"min-h-[20px] text-message flex w-full flex-col items-end gap-2 whitespace-normal break-words [.text-message+&amp;]:mt-5\" dir=\"auto\" data-message-author-role=\"assistant\" data-message-id=\"486fbb14-d9b0-4abf-8aac-69dd9ef3f888\">\n<div class=\"flex w-full flex-col gap-1 empty:hidden first:pt-[3px]\">\n<div class=\"markdown prose w-full break-words dark:prose-invert dark\">\n<div class=\"flex max-w-full flex-col flex-grow\">\n<div class=\"min-h-[20px] text-message flex w-full flex-col items-end gap-2 whitespace-normal break-words [.text-message+&amp;]:mt-5\" dir=\"auto\" data-message-author-role=\"assistant\" data-message-id=\"583787e4-ced2-4497-934b-fd13934d3b5f\">\n<div class=\"flex w-full flex-col gap-1 empty:hidden first:pt-[3px]\">\n<div class=\"markdown prose w-full break-words dark:prose-invert dark\">\n<div class=\"flex-1 overflow-hidden\">\n<div class=\"h-full\">\n<div class=\"react-scroll-to-bottom--css-edlrf-79elbk h-full\">\n<div class=\"react-scroll-to-bottom--css-edlrf-1n7m0yu\">\n<div class=\"flex flex-col text-sm md:pb-9\">\n<article class=\"w-full text-token-text-primary focus-visible:outline-2 focus-visible:outline-offset-[-4px]\" dir=\"auto\" data-testid=\"conversation-turn-171\" data-scroll-anchor=\"true\">\n<div class=\"text-base py-[18px] px-3 md:px-4 m-auto w-full md:px-5 lg:px-4 xl:px-5\">\n<div class=\"mx-auto flex flex-1 gap-4 text-base md:gap-5 lg:gap-6 md:max-w-3xl lg:max-w-[40rem] xl:max-w-[48rem]\">\n<div class=\"group\/conversation-turn relative flex w-full min-w-0 flex-col agent-turn\">\n<div class=\"flex-col gap-1 md:gap-3\">\n<div class=\"flex max-w-full flex-col flex-grow\">\n<div class=\"min-h-[20px] text-message flex w-full flex-col items-end gap-2 whitespace-normal break-words [.text-message+&amp;]:mt-5\" dir=\"auto\" data-message-author-role=\"assistant\" data-message-id=\"c587c539-d375-471b-ba08-a0c42b7a5935\">\n<div class=\"flex w-full flex-col gap-1 empty:hidden first:pt-[3px]\">\n<div class=\"markdown prose w-full break-words dark:prose-invert dark\">\n<div class=\"flex max-w-full flex-col flex-grow\">\n<div class=\"min-h-[20px] text-message flex w-full flex-col items-end gap-2 whitespace-normal break-words [.text-message+&amp;]:mt-5\" dir=\"auto\" data-message-author-role=\"assistant\" data-message-id=\"f2e7ca64-e326-43ac-9cc2-b5e20ed1c815\">\n<div class=\"flex w-full flex-col gap-1 empty:hidden first:pt-[3px]\">\n<div class=\"markdown prose w-full break-words dark:prose-invert dark\">\n<div class=\"flex max-w-full flex-col flex-grow\">\n<div class=\"min-h-[20px] text-message flex w-full flex-col items-end gap-2 whitespace-normal break-words [.text-message+&amp;]:mt-5\" dir=\"auto\" data-message-author-role=\"assistant\" data-message-id=\"ad6c8a64-6b87-4f7b-87fc-7b2974512196\">\n<div class=\"flex w-full flex-col gap-1 empty:hidden first:pt-[3px]\">\n<div class=\"markdown prose w-full break-words dark:prose-invert dark\">\n<article class=\"w-full text-token-text-primary focus-visible:outline-2 focus-visible:outline-offset-[-4px]\" dir=\"auto\" data-testid=\"conversation-turn-199\" data-scroll-anchor=\"false\">\n<div class=\"text-base py-[18px] px-3 md:px-4 m-auto w-full md:px-5 lg:px-4 xl:px-5\">\n<div class=\"mx-auto flex flex-1 gap-4 text-base md:gap-5 lg:gap-6 md:max-w-3xl lg:max-w-[40rem] xl:max-w-[48rem]\">\n<div class=\"group\/conversation-turn relative flex w-full min-w-0 flex-col agent-turn\">\n<div class=\"flex-col gap-1 md:gap-3\">\n<div class=\"flex max-w-full flex-col flex-grow\">\n<div class=\"min-h-[20px] text-message flex w-full flex-col items-end gap-2 whitespace-normal break-words [.text-message+&amp;]:mt-5\" dir=\"auto\" data-message-author-role=\"assistant\" data-message-id=\"4fd93bff-878b-4241-b932-ea672f024f90\">\n<div class=\"flex w-full flex-col gap-1 empty:hidden first:pt-[3px]\">\n<div class=\"markdown prose w-full break-words dark:prose-invert dark\">\n<h3><strong>BLOQUEADOR DE QUIL\u00d3METROS PARA PORSCHE PANAMERA 970<\/strong><\/h3>\n<p>O <strong>bloqueador de quil\u00f3metros do Porsche Panamera 970<\/strong> \u00e9 muitas vezes referido por v\u00e1rios nomes, tais como bloqueador de conta-quil\u00f3metros, limitador de conta-quil\u00f3metros, bloqueador de latas, limitador de quil\u00f3metros, conta-quil\u00f3metros de viagem, filtro de latas ou ferramenta de corre\u00e7\u00e3o de quil\u00f3metros.<br \/>\n<strong>ADEQUA\u00c7\u00c3O<\/strong>: Concebido para todos os modelos <strong>Porsche Panamera 970<\/strong> lan\u00e7ados entre <strong>2009 e 2016<\/strong>.<\/p>\n<hr>\n<h3><strong>ESPECIFICA\u00c7\u00d5ES<\/strong><\/h3>\n<ul>\n<li><strong>Instala\u00e7\u00e3o r\u00e1pida do tipo &#8221;fa\u00e7a voc\u00ea mesmo&#8221;<\/strong>: Instala\u00e7\u00e3o r\u00e1pida e simples sem assist\u00eancia profissional.<\/li>\n<li><strong>Ativa\u00e7\u00e3o em movimento<\/strong>: Pode ser ligado ou desligado durante a condu\u00e7\u00e3o.<\/li>\n<li><strong>N\u00e3o h\u00e1 erros<\/strong>: N\u00e3o aparece nenhuma mensagem de erro no veloc\u00edmetro ou no painel de navega\u00e7\u00e3o.<\/li>\n<li><strong>Configura\u00e7\u00e3o \u00fanica<\/strong>: Configura as defini\u00e7\u00f5es uma vez e estas s\u00e3o guardadas permanentemente.<\/li>\n<li><strong>Modos m\u00faltiplos<\/strong>: Escolhe entre diferentes modos para controlar a quilometragem.<\/li>\n<li><strong>Instala\u00e7\u00e3o perfeita<\/strong>: A face de encaixe e os sulcos asseguram uma instala\u00e7\u00e3o sem problemas.<\/li>\n<li><strong>N\u00e3o pode ser detectado pelo sistema de diagn\u00f3stico<\/strong>: As ferramentas de diagn\u00f3stico n\u00e3o conseguem detetar as altera\u00e7\u00f5es efectuadas pelo Mileage Stopper.<\/li>\n<li><strong>Componentes de alta qualidade<\/strong>: Inclui fichas de qualidade superior e cabos resistentes ao calor.<\/li>\n<li><strong>Funcionalidade limitada do sistema<\/strong>: O indicador de velocidade e os sistemas de assist\u00eancia est\u00e3o desactivados em determinados modos.<\/li>\n<li><strong>F\u00e1cil de utilizar<\/strong>: Funciona com combina\u00e7\u00f5es simples de teclas.<\/li>\n<li><strong>N\u00e3o deixa rasto<\/strong>: N\u00e3o \u00e9 necess\u00e1rio cortar ou soldar; n\u00e3o deixa qualquer vest\u00edgio.<\/li>\n<li><strong>Exato<\/strong>: Pode ocorrer um pequeno desvio de at\u00e9 1% no modo de quilometragem totalmente alterado, mas a diferen\u00e7a \u00e9 insignificante.<\/li>\n<\/ul>\n<hr>\n<h3><strong>ACTIVA\u00c7\u00c3O E DESACTIVA\u00c7\u00c3O<\/strong><\/h3>\n<p><span data-sheets-root=\"1\">&#8221;Ativar&#8221; premindo simultaneamente os dois &#8221;bot\u00f5es de retorno&#8221;.<\/span><\/p>\n<p><strong>Modo ligado<\/strong>: ambos piscam uma vez. Conta 0% de milhas. Tudo est\u00e1 a funcionar corretamente.<\/p>\n<p><strong>Modo desligado:<\/strong> os dois piscas piscam uma vez. Conta 100% dos quil\u00f3metros. Tudo est\u00e1 a funcionar corretamente&#8221;.<\/p>\n<p>O <strong>Porsche Panamera 970 Kilometer Stopper<\/strong> mant\u00e9m as \u00faltimas defini\u00e7\u00f5es utilizadas, o que significa que n\u00e3o \u00e9 necess\u00e1rio reconfigurar o dispositivo antes de cada viagem. O m\u00f3dulo pode ser ativado ou desativado quer o autom\u00f3vel esteja parado ou em movimento.<\/p>\n<hr>\n<h3><strong>O que \u00e9 o bloqueador de od\u00f3metro ou a ferramenta de corre\u00e7\u00e3o de quilometragem do Porsche Panamera 970?<\/strong><\/h3>\n<p>O <strong>Porsche Panamera 970 Mileage Blocker<\/strong> p\u00e1ra o contador de quil\u00f3metros ao testar o desempenho do ve\u00edculo. Na <strong>KM Block<\/strong>, o m\u00f3dulo \u00e9 adaptado especificamente a cada autom\u00f3vel, garantindo um desempenho sem falhas. Quer o teu conta-quil\u00f3metros me\u00e7a em milhas ou quil\u00f3metros, o aparelho funciona perfeitamente com todos os modelos Porsche Panamera 970. O Mileage Blocker \u00e9 compat\u00edvel com motores a gas\u00f3leo e a gasolina, bem como com <strong>ve\u00edculos h\u00edbridos el\u00e9ctricos plug-in (PHEV)<\/strong> e <strong>carros el\u00e9ctricos<\/strong>.<\/p>\n<p><strong>Importante<\/strong>: As ferramentas de corre\u00e7\u00e3o de quilometragem n\u00e3o s\u00e3o vendidas no <strong>KM Block<\/strong>, uma vez que s\u00e3o frequentemente utilizadas para fins pouco \u00e9ticos, como a anula\u00e7\u00e3o de quilometragem. Estas ferramentas n\u00e3o conseguem inverter totalmente a quilometragem devido \u00e0s m\u00faltiplas unidades de armazenamento de dados existentes no autom\u00f3vel.<\/p>\n<hr>\n<p>Podes encontrar uma vasta sele\u00e7\u00e3o de dispositivos Mileage Stopper no nosso site. A instala\u00e7\u00e3o \u00e9 f\u00e1cil &#8211; basta ligar o dispositivo entre a porta do veloc\u00edmetro e o painel de instrumentos para usufruir das suas vantagens. Ativa ou desactiva o aparelho a qualquer momento, quer o ve\u00edculo esteja parado ou em movimento.<\/p>\n<\/div>\n<\/div>\n<\/div>\n<\/div>\n<\/div>\n<\/div>\n<\/div>\n<\/div>\n<\/article>\n<\/div>\n<\/div>\n<\/div>\n<\/div>\n<\/div>\n<\/div>\n<\/div>\n<\/div>\n<\/div>\n<\/div>\n<\/div>\n<\/div>\n<\/div>\n<\/div>\n<\/div>\n<\/div>\n<\/article>\n<\/div>\n<\/div>\n<\/div>\n<\/div>\n<\/div>\n<\/div>\n<\/div>\n<\/div>\n<\/div>\n<\/div>\n<\/div>\n<\/div>\n<\/div>\n","protected":false},"excerpt":{"rendered":"<div class=\"flex-shrink-0 flex flex-col relative items-end\">\n<div class=\"pt-0\">\n<div class=\"gizmo-bot-avatar flex h-8 w-8 items-center justify-center overflow-hidden rounded-full\">\n<div class=\"relative p-1 rounded-sm flex items-center justify-center bg-token-main-surface-primary text-token-text-primary h-8 w-8\">\n<p>Antes de encomendar, l\u00ea os seguintes detalhes importantes relativos \u00e0 ativa\u00e7\u00e3o do m\u00f3dulo, mensagens de erro e funcionalidade.<\/p>\n<div class=\"flex max-w-full flex-col flex-grow\">\n<div class=\"min-h-[20px] text-message flex w-full flex-col items-end gap-2 whitespace-normal break-words [.text-message+&amp;]:mt-5\" dir=\"auto\" data-message-author-role=\"assistant\" data-message-id=\"fa49fe5c-62a3-4d02-842e-7a1021d9fec1\">\n<div class=\"flex w-full flex-col gap-1 empty:hidden first:pt-[3px]\">\n<div class=\"markdown prose w-full break-words dark:prose-invert dark\">\n<p><strong>PARA OS MODELOS LAN\u00c7ADOS ENTRE 2009 E 2016: <\/strong>Os sistemas de assist\u00eancia est\u00e3o desactivados, mas o indicador de velocidade funciona com base no modo selecionado. A instala\u00e7\u00e3o &#8221;fa\u00e7a voc\u00ea mesmo&#8221; facilita a configura\u00e7\u00e3o sem ajuda profissional. Pode ser ativado ou desativado em movimento para uma utiliza\u00e7\u00e3o sem problemas. Equipado com fichas de qualidade superior e cabos resistentes ao calor para maior durabilidade.   <\/p>\n<p class=\"p1\"><b> Integra\u00e7\u00e3o perfeita<\/b><b><\/b><\/p>\n<p class=\"p1\"><b> Instala\u00e7\u00e3o f\u00e1cil<\/b><b><\/b><\/p>\n<p class=\"p1\"><b> Gest\u00e3o exacta da quilometragem<\/b><b><\/b><\/p>\n<p class=\"p1\"><b> Funcionamento em modo furtivo<\/b><b><\/b><\/p>\n<p class=\"p1\"><span class=\"s1\">\u2705<\/span><b> Suporte e actualiza\u00e7\u00f5es vital\u00edcias<\/b><\/p>\n<\/div>\n<\/div>\n<\/div>\n<\/div>\n<\/div>\n<\/div>\n<\/div>\n<\/div>\n","protected":false},"featured_media":856,"comment_status":"open","ping_status":"closed","template":"","meta":[],"product_brand":[],"product_cat":[1157],"product_tag":[],"class_list":{"0":"post-10830","1":"product","2":"type-product","3":"status-publish","4":"has-post-thumbnail","6":"product_cat-porsche","8":"first","9":"instock","10":"taxable","11":"shipping-taxable","12":"purchasable","13":"product-type-variable"},"yoast_head":"<!-- This site is optimized with the Yoast SEO plugin v27.5 - https:\/\/yoast.com\/product\/yoast-seo-wordpress\/ -->\n<title>Porsche Panamera 970 Mileage Blocker (KM stopper) \u2192 KM Block<\/title>\n<meta name=\"description\" content=\"Buy a Porsche Panamera 970 Mileage Blocker for the Best Prices \u2713 Free Shipping \u2713 Incl. Installation Guides\" \/>\n<meta name=\"robots\" content=\"index, follow, max-snippet:-1, max-image-preview:large, max-video-preview:-1\" \/>\n<meta property=\"og:locale\" content=\"pt_PT\" \/>\n<meta property=\"og:type\" content=\"article\" \/>\n<meta property=\"og:title\" content=\"Porsche Panamera 970 Mileage Blocker (KM stopper) \u2192 KM Block\" \/>\n<meta property=\"og:description\" content=\"Buy a Porsche Panamera 970 Mileage Blocker for the Best Prices \u2713 Free Shipping \u2713 Incl. Installation Guides\" \/>\n<meta property=\"og:url\" content=\"https:\/\/kmblock.com\/pt-pt\/product\/porsche-panamera-970\/\" \/>\n<meta property=\"og:site_name\" content=\"KM Block\" \/>\n<meta property=\"og:image\" content=\"https:\/\/kmblock.com\/wp-content\/uploads\/2024\/09\/Porsche-Panamera-970.jpg\" \/>\n\t<meta property=\"og:image:width\" content=\"800\" \/>\n\t<meta property=\"og:image:height\" content=\"800\" \/>\n\t<meta property=\"og:image:type\" content=\"image\/jpeg\" \/>\n<meta name=\"twitter:card\" content=\"summary_large_image\" \/>\n<meta name=\"twitter:label1\" content=\"Tempo estimado de leitura\" \/>\n\t<meta name=\"twitter:data1\" content=\"3 minutos\" \/>\n<script type=\"application\/ld+json\" class=\"yoast-schema-graph\">{\"@context\":\"https:\\\/\\\/schema.org\",\"@graph\":[{\"@type\":\"WebPage\",\"@id\":\"https:\\\/\\\/kmblock.com\\\/pt-pt\\\/product\\\/porsche-panamera-970\\\/\",\"url\":\"https:\\\/\\\/kmblock.com\\\/pt-pt\\\/product\\\/porsche-panamera-970\\\/\",\"name\":\"Porsche Panamera 970 Mileage Blocker (KM stopper) \u2192 KM Block\",\"isPartOf\":{\"@id\":\"https:\\\/\\\/kmblock.com\\\/pt-pt\\\/#website\"},\"primaryImageOfPage\":{\"@id\":\"https:\\\/\\\/kmblock.com\\\/pt-pt\\\/product\\\/porsche-panamera-970\\\/#primaryimage\"},\"image\":{\"@id\":\"https:\\\/\\\/kmblock.com\\\/pt-pt\\\/product\\\/porsche-panamera-970\\\/#primaryimage\"},\"thumbnailUrl\":\"https:\\\/\\\/kmblock.com\\\/wp-content\\\/uploads\\\/2024\\\/09\\\/Porsche-Panamera-970.jpg\",\"datePublished\":\"2024-09-23T23:09:21+00:00\",\"description\":\"Buy a Porsche Panamera 970 Mileage Blocker for the Best Prices \u2713 Free Shipping \u2713 Incl. Installation Guides\",\"breadcrumb\":{\"@id\":\"https:\\\/\\\/kmblock.com\\\/pt-pt\\\/product\\\/porsche-panamera-970\\\/#breadcrumb\"},\"inLanguage\":\"pt-PT\",\"potentialAction\":[{\"@type\":\"ReadAction\",\"target\":[\"https:\\\/\\\/kmblock.com\\\/pt-pt\\\/product\\\/porsche-panamera-970\\\/\"]}]},{\"@type\":\"ImageObject\",\"inLanguage\":\"pt-PT\",\"@id\":\"https:\\\/\\\/kmblock.com\\\/pt-pt\\\/product\\\/porsche-panamera-970\\\/#primaryimage\",\"url\":\"https:\\\/\\\/kmblock.com\\\/wp-content\\\/uploads\\\/2024\\\/09\\\/Porsche-Panamera-970.jpg\",\"contentUrl\":\"https:\\\/\\\/kmblock.com\\\/wp-content\\\/uploads\\\/2024\\\/09\\\/Porsche-Panamera-970.jpg\",\"width\":800,\"height\":800,\"caption\":\"Porsche Panamera 970\"},{\"@type\":\"BreadcrumbList\",\"@id\":\"https:\\\/\\\/kmblock.com\\\/pt-pt\\\/product\\\/porsche-panamera-970\\\/#breadcrumb\",\"itemListElement\":[{\"@type\":\"ListItem\",\"position\":1,\"name\":\"Casa\",\"item\":\"https:\\\/\\\/kmblock.com\\\/pt-pt\\\/\"},{\"@type\":\"ListItem\",\"position\":2,\"name\":\"Produtos\",\"item\":\"https:\\\/\\\/kmblock.com\\\/pt-pt\\\/shop\\\/\"},{\"@type\":\"ListItem\",\"position\":3,\"name\":\"Porsche Panamera 970\"}]},{\"@type\":\"WebSite\",\"@id\":\"https:\\\/\\\/kmblock.com\\\/pt-pt\\\/#website\",\"url\":\"https:\\\/\\\/kmblock.com\\\/pt-pt\\\/\",\"name\":\"KM Block\",\"description\":\"\",\"publisher\":{\"@id\":\"https:\\\/\\\/kmblock.com\\\/pt-pt\\\/#organization\"},\"potentialAction\":[{\"@type\":\"SearchAction\",\"target\":{\"@type\":\"EntryPoint\",\"urlTemplate\":\"https:\\\/\\\/kmblock.com\\\/pt-pt\\\/?s={search_term_string}\"},\"query-input\":{\"@type\":\"PropertyValueSpecification\",\"valueRequired\":true,\"valueName\":\"search_term_string\"}}],\"inLanguage\":\"pt-PT\"},{\"@type\":\"Organization\",\"@id\":\"https:\\\/\\\/kmblock.com\\\/pt-pt\\\/#organization\",\"name\":\"Bloco KM\",\"url\":\"https:\\\/\\\/kmblock.com\\\/pt-pt\\\/\",\"logo\":{\"@type\":\"ImageObject\",\"inLanguage\":\"pt-PT\",\"@id\":\"https:\\\/\\\/kmblock.com\\\/pt-pt\\\/#\\\/schema\\\/logo\\\/image\\\/\",\"url\":\"https:\\\/\\\/kmblock.com\\\/wp-content\\\/uploads\\\/2024\\\/08\\\/main-logo.png\",\"contentUrl\":\"https:\\\/\\\/kmblock.com\\\/wp-content\\\/uploads\\\/2024\\\/08\\\/main-logo.png\",\"width\":186,\"height\":28,\"caption\":\"Bloco KM\"},\"image\":{\"@id\":\"https:\\\/\\\/kmblock.com\\\/pt-pt\\\/#\\\/schema\\\/logo\\\/image\\\/\"}}]}<\/script>\n<!-- \/ Yoast SEO plugin. -->","yoast_head_json":{"title":"Porsche Panamera 970 Mileage Blocker (KM stopper) \u2192 KM Block","description":"Buy a Porsche Panamera 970 Mileage Blocker for the Best Prices \u2713 Free Shipping \u2713 Incl. Installation Guides","robots":{"index":"index","follow":"follow","max-snippet":"max-snippet:-1","max-image-preview":"max-image-preview:large","max-video-preview":"max-video-preview:-1"},"og_locale":"pt_PT","og_type":"article","og_title":"Porsche Panamera 970 Mileage Blocker (KM stopper) \u2192 KM Block","og_description":"Buy a Porsche Panamera 970 Mileage Blocker for the Best Prices \u2713 Free Shipping \u2713 Incl. Installation Guides","og_url":"https:\/\/kmblock.com\/pt-pt\/product\/porsche-panamera-970\/","og_site_name":"KM Block","og_image":[{"width":800,"height":800,"url":"https:\/\/kmblock.com\/wp-content\/uploads\/2024\/09\/Porsche-Panamera-970.jpg","type":"image\/jpeg"}],"twitter_card":"summary_large_image","twitter_misc":{"Tempo estimado de leitura":"3 minutos"},"schema":{"@context":"https:\/\/schema.org","@graph":[{"@type":"WebPage","@id":"https:\/\/kmblock.com\/pt-pt\/product\/porsche-panamera-970\/","url":"https:\/\/kmblock.com\/pt-pt\/product\/porsche-panamera-970\/","name":"Porsche Panamera 970 Mileage Blocker (KM stopper) \u2192 KM Block","isPartOf":{"@id":"https:\/\/kmblock.com\/pt-pt\/#website"},"primaryImageOfPage":{"@id":"https:\/\/kmblock.com\/pt-pt\/product\/porsche-panamera-970\/#primaryimage"},"image":{"@id":"https:\/\/kmblock.com\/pt-pt\/product\/porsche-panamera-970\/#primaryimage"},"thumbnailUrl":"https:\/\/kmblock.com\/wp-content\/uploads\/2024\/09\/Porsche-Panamera-970.jpg","datePublished":"2024-09-23T23:09:21+00:00","description":"Buy a Porsche Panamera 970 Mileage Blocker for the Best Prices \u2713 Free Shipping \u2713 Incl. Installation Guides","breadcrumb":{"@id":"https:\/\/kmblock.com\/pt-pt\/product\/porsche-panamera-970\/#breadcrumb"},"inLanguage":"pt-PT","potentialAction":[{"@type":"ReadAction","target":["https:\/\/kmblock.com\/pt-pt\/product\/porsche-panamera-970\/"]}]},{"@type":"ImageObject","inLanguage":"pt-PT","@id":"https:\/\/kmblock.com\/pt-pt\/product\/porsche-panamera-970\/#primaryimage","url":"https:\/\/kmblock.com\/wp-content\/uploads\/2024\/09\/Porsche-Panamera-970.jpg","contentUrl":"https:\/\/kmblock.com\/wp-content\/uploads\/2024\/09\/Porsche-Panamera-970.jpg","width":800,"height":800,"caption":"Porsche Panamera 970"},{"@type":"BreadcrumbList","@id":"https:\/\/kmblock.com\/pt-pt\/product\/porsche-panamera-970\/#breadcrumb","itemListElement":[{"@type":"ListItem","position":1,"name":"Casa","item":"https:\/\/kmblock.com\/pt-pt\/"},{"@type":"ListItem","position":2,"name":"Produtos","item":"https:\/\/kmblock.com\/pt-pt\/shop\/"},{"@type":"ListItem","position":3,"name":"Porsche Panamera 970"}]},{"@type":"WebSite","@id":"https:\/\/kmblock.com\/pt-pt\/#website","url":"https:\/\/kmblock.com\/pt-pt\/","name":"KM Block","description":"","publisher":{"@id":"https:\/\/kmblock.com\/pt-pt\/#organization"},"potentialAction":[{"@type":"SearchAction","target":{"@type":"EntryPoint","urlTemplate":"https:\/\/kmblock.com\/pt-pt\/?s={search_term_string}"},"query-input":{"@type":"PropertyValueSpecification","valueRequired":true,"valueName":"search_term_string"}}],"inLanguage":"pt-PT"},{"@type":"Organization","@id":"https:\/\/kmblock.com\/pt-pt\/#organization","name":"Bloco KM","url":"https:\/\/kmblock.com\/pt-pt\/","logo":{"@type":"ImageObject","inLanguage":"pt-PT","@id":"https:\/\/kmblock.com\/pt-pt\/#\/schema\/logo\/image\/","url":"https:\/\/kmblock.com\/wp-content\/uploads\/2024\/08\/main-logo.png","contentUrl":"https:\/\/kmblock.com\/wp-content\/uploads\/2024\/08\/main-logo.png","width":186,"height":28,"caption":"Bloco KM"},"image":{"@id":"https:\/\/kmblock.com\/pt-pt\/#\/schema\/logo\/image\/"}}]}},"_links":{"self":[{"href":"https:\/\/kmblock.com\/pt-pt\/wp-json\/wp\/v2\/product\/10830","targetHints":{"allow":["GET"]}}],"collection":[{"href":"https:\/\/kmblock.com\/pt-pt\/wp-json\/wp\/v2\/product"}],"about":[{"href":"https:\/\/kmblock.com\/pt-pt\/wp-json\/wp\/v2\/types\/product"}],"replies":[{"embeddable":true,"href":"https:\/\/kmblock.com\/pt-pt\/wp-json\/wp\/v2\/comments?post=10830"}],"wp:featuredmedia":[{"embeddable":true,"href":"https:\/\/kmblock.com\/pt-pt\/wp-json\/wp\/v2\/media\/856"}],"wp:attachment":[{"href":"https:\/\/kmblock.com\/pt-pt\/wp-json\/wp\/v2\/media?parent=10830"}],"wp:term":[{"taxonomy":"product_brand","embeddable":true,"href":"https:\/\/kmblock.com\/pt-pt\/wp-json\/wp\/v2\/product_brand?post=10830"},{"taxonomy":"product_cat","embeddable":true,"href":"https:\/\/kmblock.com\/pt-pt\/wp-json\/wp\/v2\/product_cat?post=10830"},{"taxonomy":"product_tag","embeddable":true,"href":"https:\/\/kmblock.com\/pt-pt\/wp-json\/wp\/v2\/product_tag?post=10830"}],"curies":[{"name":"wp","href":"https:\/\/api.w.org\/{rel}","templated":true}]}}