{"id":10814,"date":"2024-09-22T12:33:08","date_gmt":"2024-09-22T12:33:08","guid":{"rendered":"https:\/\/kmblock.com\/product\/land-rover-range-rover-sport\/"},"modified":"2024-09-22T12:33:08","modified_gmt":"2024-09-22T12:33:08","slug":"land-rover-range-rover-sport","status":"publish","type":"product","link":"https:\/\/kmblock.com\/pt-pt\/product\/land-rover-range-rover-sport\/","title":{"rendered":"Land Rover Range Rover Sport"},"content":{"rendered":"<div class=\"flex max-w-full flex-col flex-grow\">\n<div class=\"min-h-[20px] text-message flex w-full flex-col items-end gap-2 whitespace-normal break-words [.text-message+&amp;]:mt-5\" dir=\"auto\" data-message-author-role=\"assistant\" data-message-id=\"486fbb14-d9b0-4abf-8aac-69dd9ef3f888\">\n<div class=\"flex w-full flex-col gap-1 empty:hidden first:pt-[3px]\">\n<div class=\"markdown prose w-full break-words dark:prose-invert dark\">\n<div class=\"flex max-w-full flex-col flex-grow\">\n<div class=\"min-h-[20px] text-message flex w-full flex-col items-end gap-2 whitespace-normal break-words [.text-message+&amp;]:mt-5\" dir=\"auto\" data-message-author-role=\"assistant\" data-message-id=\"583787e4-ced2-4497-934b-fd13934d3b5f\">\n<div class=\"flex w-full flex-col gap-1 empty:hidden first:pt-[3px]\">\n<div class=\"markdown prose w-full break-words dark:prose-invert dark\">\n<h3>BLOQUEADOR DE QUIL\u00d3METROS PARA LAND ROVER RANGE ROVER<\/h3>\n<p>O <strong>Bloqueador de Quil\u00f3metros do Land Rover Range Rover<\/strong>, tamb\u00e9m conhecido como Bloqueador de Od\u00f3metro, Bloqueador de Od\u00f3metro, Bloqueador de Latas, Bloqueador de Quil\u00f3metros, Od\u00f3metro de Viagem, Filtro de Latas ou Ferramenta de Corre\u00e7\u00e3o de Quil\u00f3metros, foi concebido para todos os <strong>modelos Land Rover Range Rover lan\u00e7ados desde 2015<\/strong>.<\/p>\n<hr>\n<h3><strong>Especifica\u00e7\u00f5es<\/strong><\/h3>\n<ul>\n<li><strong>Instala\u00e7\u00e3o f\u00e1cil de fazeres tu mesmo<\/strong>: Instala\u00e7\u00e3o r\u00e1pida e direta.<\/li>\n<li><strong>Ativar em movimento<\/strong>: Liga ou desliga o dispositivo sem parar.<\/li>\n<li><strong>N\u00e3o deixa rasto<\/strong>: N\u00e3o \u00e9 necess\u00e1rio soldar ou cortar os cabos.<\/li>\n<li><strong>Componentes de alta qualidade<\/strong>: Inclui fichas de qualidade superior e cabos resistentes ao calor.<\/li>\n<li><strong>Funcionamento f\u00e1cil de utilizar<\/strong>: Controla-o com v\u00e1rias combina\u00e7\u00f5es de teclas.<\/li>\n<li><strong>Defini\u00e7\u00f5es guardadas<\/strong>: Uma vez selecionadas, as defini\u00e7\u00f5es s\u00e3o guardadas permanentemente.<\/li>\n<li><strong>Funcionalidade do Cruise Control<\/strong>: Continua a trabalhar sem interrup\u00e7\u00f5es.<\/li>\n<li><strong>N\u00e3o h\u00e1 mensagens de erro<\/strong>: O veloc\u00edmetro e o painel de navega\u00e7\u00e3o n\u00e3o apresentam erros.<\/li>\n<li><strong>Estabilidade da quilometragem<\/strong>: A remo\u00e7\u00e3o do m\u00f3dulo evita aumentos espont\u00e2neos de quilometragem.<\/li>\n<li><strong>Desempenho furtivo<\/strong>: Os aparelhos de diagn\u00f3stico n\u00e3o conseguem detetar a altera\u00e7\u00e3o da quilometragem.<\/li>\n<li><strong>Integra\u00e7\u00e3o perfeita<\/strong>: O veloc\u00edmetro e os sistemas de assist\u00eancia funcionam sem falhas.<\/li>\n<li><strong>Instala\u00e7\u00e3o exacta<\/strong>: A face de encaixe e os sulcos no conetor garantem uma instala\u00e7\u00e3o suave.<\/li>\n<li><strong>Precis\u00e3o da altera\u00e7\u00e3o da quilometragem<\/strong>: Permite um desvio de at\u00e9 1% para a quilometragem alterada.<\/li>\n<\/ul>\n<hr>\n<h3><strong>Ativa\u00e7\u00e3o e desativa\u00e7\u00e3o<\/strong><\/h3>\n<p>Liga mantendo premido o bot\u00e3o de sil\u00eancio durante 7 segundos. N\u00e3o d\u00e1 sinal mas est\u00e1 ligado. <\/p>\n<p><strong>Modo On:<\/strong> conta 0% de milhas. Tudo est\u00e1 a funcionar corretamente. <\/p>\n<p><strong>Modo desligado:<\/strong> conta 100% da quilometragem. Tudo est\u00e1 a funcionar bem&#8221; <\/p>\n<\/div>\n<p>Liga a luz alta accionando-a 5 vezes rapidamente. A luz intermitente fica intermitente. <\/p>\n<p><strong>Modo On:<\/strong> o pisca pisca \u00e0 esquerda. conta 0% de milhas. Tudo est\u00e1 a funcionar corretamente.  <\/p>\n<p><strong>Modo desligado:<\/strong> o pisca-pisca pisca para a direita. conta 100% da quilometragem. Tudo funciona bem  <\/p>\n<div class=\"markdown prose w-full break-words dark:prose-invert dark\">\n<hr>\n<h3><strong>O que \u00e9 o Bloqueador de Od\u00f3metro do Land Rover Range Rover?<\/strong><\/h3>\n<p>O <strong>Bloqueador de Quil\u00f3metros\/Od\u00f3metro do Land Rover Range Rover<\/strong> ajuda a evitar o registo de quilometragem extra durante o teste de desempenho do ve\u00edculo. Dispon\u00edvel na KM Block, este m\u00f3dulo inclui software adaptado a cada modelo para um desempenho \u00f3timo, funcionando eficazmente independentemente de o seu od\u00f3metro medir em milhas ou quil\u00f3metros. \u00c9 compat\u00edvel com ve\u00edculos a diesel, a gasolina, ve\u00edculos h\u00edbridos el\u00e9tricos plug-in (PHEVs) e carros el\u00e9tricos.  <\/p>\n<p><strong>Nota importante<\/strong>: N\u00e3o vendemos ferramentas de corre\u00e7\u00e3o de quilometragem para Land Rover Range Rover, uma vez que se destinam a fins desonestos e apenas apagam a quilometragem dos conta-quil\u00f3metros. Normalmente, tentam reverter a dist\u00e2ncia percorrida, mas devido \u00e0s m\u00faltiplas unidades de armazenamento de dados nos ve\u00edculos, estas ferramentas n\u00e3o conseguem muitas vezes reverter completamente a quilometragem. <\/p>\n<p>Fornecemos uma gama de dispositivos Mileage Stopper para v\u00e1rios ve\u00edculos. O processo de instala\u00e7\u00e3o \u00e9 simples e n\u00e3o requer conhecimentos avan\u00e7ados de manuten\u00e7\u00e3o do ve\u00edculo &#8211; basta ligar o m\u00f3dulo entre a porta do veloc\u00edmetro e o painel de instrumentos para usufruir dos seus benef\u00edcios. <\/p>\n<p>O <strong>Bloqueador de Quil\u00f3metros do Land Rover Range Rover<\/strong> pode ser ativado ou desativado em qualquer altura, quer o ve\u00edculo esteja em movimento ou parado.<\/p>\n<\/div>\n<\/div>\n<\/div>\n<\/div>\n<\/div>\n<\/div>\n<\/div>\n<\/div>\n","protected":false},"excerpt":{"rendered":"<div class=\"flex-shrink-0 flex flex-col relative items-end\">\n<div class=\"pt-0\">\n<div class=\"gizmo-bot-avatar flex h-8 w-8 items-center justify-center overflow-hidden rounded-full\">\n<div class=\"relative p-1 rounded-sm flex items-center justify-center bg-token-main-surface-primary text-token-text-primary h-8 w-8\">\n<p>Antes de encomendares, l\u00ea os seguintes detalhes importantes relativos \u00e0 ativa\u00e7\u00e3o do m\u00f3dulo, mensagens de erro e funcionalidade.<\/p>\n<p><strong>MILEAGE BLOCKER PARA MODELOS LAND ROVER LAN\u00c7ADOS DESDE 2015. <\/strong><span style=\"font-family: -apple-system, BlinkMacSystemFont, 'Segoe UI', Roboto, 'Helvetica Neue', Arial, 'Noto Sans', sans-serif, 'Apple Color Emoji', 'Segoe UI Emoji', 'Segoe UI Symbol', 'Noto Color Emoji'\">Os modelos mais recentes s\u00f3 est\u00e3o dispon\u00edveis com a op\u00e7\u00e3o &#8221;cabo longo&#8221; e &#8221;com aplica\u00e7\u00e3o&#8221;.<\/span><span style=\"font-family: -apple-system, BlinkMacSystemFont, 'Segoe UI', Roboto, 'Helvetica Neue', Arial, 'Noto Sans', sans-serif, 'Apple Color Emoji', 'Segoe UI Emoji', 'Segoe UI Symbol', 'Noto Color Emoji'\"> Concebido para uma instala\u00e7\u00e3o &#8221;fa\u00e7a voc\u00ea mesmo&#8221;.<\/span><span style=\"font-family: -apple-system, BlinkMacSystemFont, 'Segoe UI', Roboto, 'Helvetica Neue', Arial, 'Noto Sans', sans-serif, 'Apple Color Emoji', 'Segoe UI Emoji', 'Segoe UI Symbol', 'Noto Color Emoji'\"> Funciona sem deixar vest\u00edgios.<\/span><span style=\"font-family: -apple-system, BlinkMacSystemFont, 'Segoe UI', Roboto, 'Helvetica Neue', Arial, 'Noto Sans', sans-serif, 'Apple Color Emoji', 'Segoe UI Emoji', 'Segoe UI Symbol', 'Noto Color Emoji'\"> Pode ser ativado durante a condu\u00e7\u00e3o. <\/span><span style=\"font-family: -apple-system, BlinkMacSystemFont, 'Segoe UI', Roboto, 'Helvetica Neue', Arial, 'Noto Sans', sans-serif, 'Apple Color Emoji', 'Segoe UI Emoji', 'Segoe UI Symbol', 'Noto Color Emoji'\">O veloc\u00edmetro e todos os sistemas de assist\u00eancia funcionam sem falhas.<\/span><span style=\"font-family: -apple-system, BlinkMacSystemFont, 'Segoe UI', Roboto, 'Helvetica Neue', Arial, 'Noto Sans', sans-serif, 'Apple Color Emoji', 'Segoe UI Emoji', 'Segoe UI Symbol', 'Noto Color Emoji'\"> Inclui fichas de qualidade superior e cabos resistentes ao calor.<\/span><\/p>\n<\/div>\n<p class=\"p1\"><b> Integra\u00e7\u00e3o perfeita<\/b><b><\/b><\/p>\n<p class=\"p1\"><b> Instala\u00e7\u00e3o f\u00e1cil<\/b><b><\/b><\/p>\n<p class=\"p1\"><b> Gest\u00e3o exacta da quilometragem<\/b><b><\/b><\/p>\n<p class=\"p1\"><b> Funcionamento em modo furtivo<\/b><b><\/b><\/p>\n<p class=\"p1\"><span class=\"s1\">\u2705<\/span><b> Suporte e actualiza\u00e7\u00f5es vital\u00edcias<\/b><\/p>\n<\/div>\n<\/div>\n<\/div>\n","protected":false},"featured_media":818,"comment_status":"open","ping_status":"closed","template":"","meta":[],"product_brand":[],"product_cat":[1150],"product_tag":[],"class_list":{"0":"post-10814","1":"product","2":"type-product","3":"status-publish","4":"has-post-thumbnail","6":"product_cat-land-rover","8":"first","9":"instock","10":"taxable","11":"shipping-taxable","12":"purchasable","13":"product-type-variable"},"yoast_head":"<!-- This site is optimized with the Yoast SEO plugin v27.5 - https:\/\/yoast.com\/product\/yoast-seo-wordpress\/ -->\n<title>Land Rover Range Rover Sport Mileage Blocker (KM stopper) \u2192 KM Block<\/title>\n<meta name=\"description\" content=\"Buy a Land Rover Range Rover Sport Mileage Blocker for the Best Prices \u2713 Free Shipping \u2713 Incl. Installation Guides\" \/>\n<meta name=\"robots\" content=\"index, follow, max-snippet:-1, max-image-preview:large, max-video-preview:-1\" \/>\n<meta property=\"og:locale\" content=\"pt_PT\" \/>\n<meta property=\"og:type\" content=\"article\" \/>\n<meta property=\"og:title\" content=\"Land Rover Range Rover Sport Mileage Blocker (KM stopper) \u2192 KM Block\" \/>\n<meta property=\"og:description\" content=\"Buy a Land Rover Range Rover Sport Mileage Blocker for the Best Prices \u2713 Free Shipping \u2713 Incl. Installation Guides\" \/>\n<meta property=\"og:url\" content=\"https:\/\/kmblock.com\/pt-pt\/product\/land-rover-range-rover-sport\/\" \/>\n<meta property=\"og:site_name\" content=\"KM Block\" \/>\n<meta property=\"og:image\" content=\"https:\/\/kmblock.com\/wp-content\/uploads\/2024\/09\/Land-Rover-Range-Rover-Sport.webp\" \/>\n\t<meta property=\"og:image:width\" content=\"800\" \/>\n\t<meta property=\"og:image:height\" content=\"800\" \/>\n\t<meta property=\"og:image:type\" content=\"image\/webp\" \/>\n<meta name=\"twitter:card\" content=\"summary_large_image\" \/>\n<meta name=\"twitter:label1\" content=\"Tempo estimado de leitura\" \/>\n\t<meta name=\"twitter:data1\" content=\"3 minutos\" \/>\n<script type=\"application\/ld+json\" class=\"yoast-schema-graph\">{\"@context\":\"https:\\\/\\\/schema.org\",\"@graph\":[{\"@type\":\"WebPage\",\"@id\":\"https:\\\/\\\/kmblock.com\\\/pt-pt\\\/product\\\/land-rover-range-rover-sport\\\/\",\"url\":\"https:\\\/\\\/kmblock.com\\\/pt-pt\\\/product\\\/land-rover-range-rover-sport\\\/\",\"name\":\"Land Rover Range Rover Sport Mileage Blocker (KM stopper) \u2192 KM Block\",\"isPartOf\":{\"@id\":\"https:\\\/\\\/kmblock.com\\\/pt-pt\\\/#website\"},\"primaryImageOfPage\":{\"@id\":\"https:\\\/\\\/kmblock.com\\\/pt-pt\\\/product\\\/land-rover-range-rover-sport\\\/#primaryimage\"},\"image\":{\"@id\":\"https:\\\/\\\/kmblock.com\\\/pt-pt\\\/product\\\/land-rover-range-rover-sport\\\/#primaryimage\"},\"thumbnailUrl\":\"https:\\\/\\\/kmblock.com\\\/wp-content\\\/uploads\\\/2024\\\/09\\\/Land-Rover-Range-Rover-Sport.webp\",\"datePublished\":\"2024-09-22T12:33:08+00:00\",\"description\":\"Buy a Land Rover Range Rover Sport Mileage Blocker for the Best Prices \u2713 Free Shipping \u2713 Incl. Installation Guides\",\"breadcrumb\":{\"@id\":\"https:\\\/\\\/kmblock.com\\\/pt-pt\\\/product\\\/land-rover-range-rover-sport\\\/#breadcrumb\"},\"inLanguage\":\"pt-PT\",\"potentialAction\":[{\"@type\":\"ReadAction\",\"target\":[\"https:\\\/\\\/kmblock.com\\\/pt-pt\\\/product\\\/land-rover-range-rover-sport\\\/\"]}]},{\"@type\":\"ImageObject\",\"inLanguage\":\"pt-PT\",\"@id\":\"https:\\\/\\\/kmblock.com\\\/pt-pt\\\/product\\\/land-rover-range-rover-sport\\\/#primaryimage\",\"url\":\"https:\\\/\\\/kmblock.com\\\/wp-content\\\/uploads\\\/2024\\\/09\\\/Land-Rover-Range-Rover-Sport.webp\",\"contentUrl\":\"https:\\\/\\\/kmblock.com\\\/wp-content\\\/uploads\\\/2024\\\/09\\\/Land-Rover-Range-Rover-Sport.webp\",\"width\":800,\"height\":800,\"caption\":\"Land Rover Range Rover Sport\"},{\"@type\":\"BreadcrumbList\",\"@id\":\"https:\\\/\\\/kmblock.com\\\/pt-pt\\\/product\\\/land-rover-range-rover-sport\\\/#breadcrumb\",\"itemListElement\":[{\"@type\":\"ListItem\",\"position\":1,\"name\":\"Casa\",\"item\":\"https:\\\/\\\/kmblock.com\\\/pt-pt\\\/\"},{\"@type\":\"ListItem\",\"position\":2,\"name\":\"Produtos\",\"item\":\"https:\\\/\\\/kmblock.com\\\/pt-pt\\\/shop\\\/\"},{\"@type\":\"ListItem\",\"position\":3,\"name\":\"Land Rover Range Rover Sport\"}]},{\"@type\":\"WebSite\",\"@id\":\"https:\\\/\\\/kmblock.com\\\/pt-pt\\\/#website\",\"url\":\"https:\\\/\\\/kmblock.com\\\/pt-pt\\\/\",\"name\":\"KM Block\",\"description\":\"\",\"publisher\":{\"@id\":\"https:\\\/\\\/kmblock.com\\\/pt-pt\\\/#organization\"},\"potentialAction\":[{\"@type\":\"SearchAction\",\"target\":{\"@type\":\"EntryPoint\",\"urlTemplate\":\"https:\\\/\\\/kmblock.com\\\/pt-pt\\\/?s={search_term_string}\"},\"query-input\":{\"@type\":\"PropertyValueSpecification\",\"valueRequired\":true,\"valueName\":\"search_term_string\"}}],\"inLanguage\":\"pt-PT\"},{\"@type\":\"Organization\",\"@id\":\"https:\\\/\\\/kmblock.com\\\/pt-pt\\\/#organization\",\"name\":\"Bloco KM\",\"url\":\"https:\\\/\\\/kmblock.com\\\/pt-pt\\\/\",\"logo\":{\"@type\":\"ImageObject\",\"inLanguage\":\"pt-PT\",\"@id\":\"https:\\\/\\\/kmblock.com\\\/pt-pt\\\/#\\\/schema\\\/logo\\\/image\\\/\",\"url\":\"https:\\\/\\\/kmblock.com\\\/wp-content\\\/uploads\\\/2024\\\/08\\\/main-logo.png\",\"contentUrl\":\"https:\\\/\\\/kmblock.com\\\/wp-content\\\/uploads\\\/2024\\\/08\\\/main-logo.png\",\"width\":186,\"height\":28,\"caption\":\"Bloco KM\"},\"image\":{\"@id\":\"https:\\\/\\\/kmblock.com\\\/pt-pt\\\/#\\\/schema\\\/logo\\\/image\\\/\"}}]}<\/script>\n<!-- \/ Yoast SEO plugin. -->","yoast_head_json":{"title":"Land Rover Range Rover Sport Mileage Blocker (KM stopper) \u2192 KM Block","description":"Buy a Land Rover Range Rover Sport Mileage Blocker for the Best Prices \u2713 Free Shipping \u2713 Incl. Installation Guides","robots":{"index":"index","follow":"follow","max-snippet":"max-snippet:-1","max-image-preview":"max-image-preview:large","max-video-preview":"max-video-preview:-1"},"og_locale":"pt_PT","og_type":"article","og_title":"Land Rover Range Rover Sport Mileage Blocker (KM stopper) \u2192 KM Block","og_description":"Buy a Land Rover Range Rover Sport Mileage Blocker for the Best Prices \u2713 Free Shipping \u2713 Incl. Installation Guides","og_url":"https:\/\/kmblock.com\/pt-pt\/product\/land-rover-range-rover-sport\/","og_site_name":"KM Block","og_image":[{"width":800,"height":800,"url":"https:\/\/kmblock.com\/wp-content\/uploads\/2024\/09\/Land-Rover-Range-Rover-Sport.webp","type":"image\/webp"}],"twitter_card":"summary_large_image","twitter_misc":{"Tempo estimado de leitura":"3 minutos"},"schema":{"@context":"https:\/\/schema.org","@graph":[{"@type":"WebPage","@id":"https:\/\/kmblock.com\/pt-pt\/product\/land-rover-range-rover-sport\/","url":"https:\/\/kmblock.com\/pt-pt\/product\/land-rover-range-rover-sport\/","name":"Land Rover Range Rover Sport Mileage Blocker (KM stopper) \u2192 KM Block","isPartOf":{"@id":"https:\/\/kmblock.com\/pt-pt\/#website"},"primaryImageOfPage":{"@id":"https:\/\/kmblock.com\/pt-pt\/product\/land-rover-range-rover-sport\/#primaryimage"},"image":{"@id":"https:\/\/kmblock.com\/pt-pt\/product\/land-rover-range-rover-sport\/#primaryimage"},"thumbnailUrl":"https:\/\/kmblock.com\/wp-content\/uploads\/2024\/09\/Land-Rover-Range-Rover-Sport.webp","datePublished":"2024-09-22T12:33:08+00:00","description":"Buy a Land Rover Range Rover Sport Mileage Blocker for the Best Prices \u2713 Free Shipping \u2713 Incl. Installation Guides","breadcrumb":{"@id":"https:\/\/kmblock.com\/pt-pt\/product\/land-rover-range-rover-sport\/#breadcrumb"},"inLanguage":"pt-PT","potentialAction":[{"@type":"ReadAction","target":["https:\/\/kmblock.com\/pt-pt\/product\/land-rover-range-rover-sport\/"]}]},{"@type":"ImageObject","inLanguage":"pt-PT","@id":"https:\/\/kmblock.com\/pt-pt\/product\/land-rover-range-rover-sport\/#primaryimage","url":"https:\/\/kmblock.com\/wp-content\/uploads\/2024\/09\/Land-Rover-Range-Rover-Sport.webp","contentUrl":"https:\/\/kmblock.com\/wp-content\/uploads\/2024\/09\/Land-Rover-Range-Rover-Sport.webp","width":800,"height":800,"caption":"Land Rover Range Rover Sport"},{"@type":"BreadcrumbList","@id":"https:\/\/kmblock.com\/pt-pt\/product\/land-rover-range-rover-sport\/#breadcrumb","itemListElement":[{"@type":"ListItem","position":1,"name":"Casa","item":"https:\/\/kmblock.com\/pt-pt\/"},{"@type":"ListItem","position":2,"name":"Produtos","item":"https:\/\/kmblock.com\/pt-pt\/shop\/"},{"@type":"ListItem","position":3,"name":"Land Rover Range Rover Sport"}]},{"@type":"WebSite","@id":"https:\/\/kmblock.com\/pt-pt\/#website","url":"https:\/\/kmblock.com\/pt-pt\/","name":"KM Block","description":"","publisher":{"@id":"https:\/\/kmblock.com\/pt-pt\/#organization"},"potentialAction":[{"@type":"SearchAction","target":{"@type":"EntryPoint","urlTemplate":"https:\/\/kmblock.com\/pt-pt\/?s={search_term_string}"},"query-input":{"@type":"PropertyValueSpecification","valueRequired":true,"valueName":"search_term_string"}}],"inLanguage":"pt-PT"},{"@type":"Organization","@id":"https:\/\/kmblock.com\/pt-pt\/#organization","name":"Bloco KM","url":"https:\/\/kmblock.com\/pt-pt\/","logo":{"@type":"ImageObject","inLanguage":"pt-PT","@id":"https:\/\/kmblock.com\/pt-pt\/#\/schema\/logo\/image\/","url":"https:\/\/kmblock.com\/wp-content\/uploads\/2024\/08\/main-logo.png","contentUrl":"https:\/\/kmblock.com\/wp-content\/uploads\/2024\/08\/main-logo.png","width":186,"height":28,"caption":"Bloco KM"},"image":{"@id":"https:\/\/kmblock.com\/pt-pt\/#\/schema\/logo\/image\/"}}]}},"_links":{"self":[{"href":"https:\/\/kmblock.com\/pt-pt\/wp-json\/wp\/v2\/product\/10814","targetHints":{"allow":["GET"]}}],"collection":[{"href":"https:\/\/kmblock.com\/pt-pt\/wp-json\/wp\/v2\/product"}],"about":[{"href":"https:\/\/kmblock.com\/pt-pt\/wp-json\/wp\/v2\/types\/product"}],"replies":[{"embeddable":true,"href":"https:\/\/kmblock.com\/pt-pt\/wp-json\/wp\/v2\/comments?post=10814"}],"wp:featuredmedia":[{"embeddable":true,"href":"https:\/\/kmblock.com\/pt-pt\/wp-json\/wp\/v2\/media\/818"}],"wp:attachment":[{"href":"https:\/\/kmblock.com\/pt-pt\/wp-json\/wp\/v2\/media?parent=10814"}],"wp:term":[{"taxonomy":"product_brand","embeddable":true,"href":"https:\/\/kmblock.com\/pt-pt\/wp-json\/wp\/v2\/product_brand?post=10814"},{"taxonomy":"product_cat","embeddable":true,"href":"https:\/\/kmblock.com\/pt-pt\/wp-json\/wp\/v2\/product_cat?post=10814"},{"taxonomy":"product_tag","embeddable":true,"href":"https:\/\/kmblock.com\/pt-pt\/wp-json\/wp\/v2\/product_tag?post=10814"}],"curies":[{"name":"wp","href":"https:\/\/api.w.org\/{rel}","templated":true}]}}