{"id":10798,"date":"2024-09-22T12:19:27","date_gmt":"2024-09-22T12:19:27","guid":{"rendered":"https:\/\/kmblock.com\/product\/land-rover-range-rover\/"},"modified":"2024-09-22T12:19:27","modified_gmt":"2024-09-22T12:19:27","slug":"land-rover-range-rover","status":"publish","type":"product","link":"https:\/\/kmblock.com\/pt-pt\/product\/land-rover-range-rover\/","title":{"rendered":"Land Rover Range Rover"},"content":{"rendered":"<div class=\"flex max-w-full flex-col flex-grow\">\n<div class=\"min-h-[20px] text-message flex w-full flex-col items-end gap-2 whitespace-normal break-words [.text-message+&amp;]:mt-5\" dir=\"auto\" data-message-author-role=\"assistant\" data-message-id=\"486fbb14-d9b0-4abf-8aac-69dd9ef3f888\">\n<div class=\"flex w-full flex-col gap-1 empty:hidden first:pt-[3px]\">\n<div class=\"markdown prose w-full break-words dark:prose-invert dark\">\n<div class=\"flex max-w-full flex-col flex-grow\">\n<div class=\"min-h-[20px] text-message flex w-full flex-col items-end gap-2 whitespace-normal break-words [.text-message+&amp;]:mt-5\" dir=\"auto\" data-message-author-role=\"assistant\" data-message-id=\"583787e4-ced2-4497-934b-fd13934d3b5f\">\n<div class=\"flex w-full flex-col gap-1 empty:hidden first:pt-[3px]\">\n<div class=\"markdown prose w-full break-words dark:prose-invert dark\">\n<h3>BLOQUEADOR DE QUIL\u00d3METROS PARA LAND ROVER RANGE ROVER<\/h3>\n<p>O <strong>Bloqueador de Quil\u00f3metros do Land Rover Range Rover &#8211; tamb\u00e9m<\/strong>conhecido como <strong>Bloqueador do conta-quil\u00f3metros<\/strong>, Limitador <strong>do<\/strong> <strong>conta-quil\u00f3metros<\/strong>, Bloqueador <strong>de latas<\/strong>, <strong>Limitador de quil\u00f3metros<\/strong> ou <strong>Filtro de latas &#8211; foi<\/strong>concebido para os modelos Land Rover Range Rover lan\u00e7ados desde 2015.  <\/p>\n<h4><strong>Carater\u00edsticas principais:<\/strong><\/h4>\n<ul>\n<li><strong>Instala\u00e7\u00e3o simples do tipo &#8221;fa\u00e7a voc\u00ea mesmo&#8221;<\/strong>: Instala facilmente o dispositivo sem ajuda profissional.<\/li>\n<li><strong>Ativar\/Desativar em movimento<\/strong>: A ferramenta pode ser ligada ou desligada mesmo com o ve\u00edculo em movimento.<\/li>\n<li>N\u00e3o deixa <strong>vest\u00edgios<\/strong>: N\u00e3o \u00e9 necess\u00e1rio soldar ou cortar cabos. O dispositivo n\u00e3o deixa vest\u00edgios depois de removido. <\/li>\n<li><strong>Componentes de qualidade superior<\/strong>: Inclui fichas de alta qualidade e cabos resistentes ao calor.<\/li>\n<li><strong>Defini\u00e7\u00f5es persistentes<\/strong>: Depois de configuradas, as defini\u00e7\u00f5es s\u00e3o guardadas automaticamente e n\u00e3o precisam de ser alteradas antes de cada unidade.<\/li>\n<li><strong>Funcionamento impec\u00e1vel do sistema<\/strong>: O veloc\u00edmetro, o controlo da velocidade de cruzeiro e os sistemas de assist\u00eancia funcionam sem qualquer problema.<\/li>\n<li><strong>N\u00e3o h\u00e1 mensagens de erro<\/strong>: N\u00e3o aparecem erros ou luzes de aviso no veloc\u00edmetro ou no painel de navega\u00e7\u00e3o.<\/li>\n<li><strong>N\u00e3o pode ser detectado pelos aparelhos de diagn\u00f3stico<\/strong>: A quilometragem alterada n\u00e3o pode ser detectada por ferramentas de diagn\u00f3stico.<\/li>\n<li><strong>Desvio de quilometragem exato<\/strong>: A altera\u00e7\u00e3o da quilometragem \u00e9 exacta at\u00e9 1% da dist\u00e2ncia percorrida.<\/li>\n<\/ul>\n<hr>\n<h4><strong>ACTIVA\u00c7\u00c3O E DESACTIVA\u00c7\u00c3O  <\/strong><\/h4>\n<ul>\n<li>Liga-se mantendo o bot\u00e3o de sil\u00eancio premido durante 7 segundos. N\u00e3o d\u00e1 sinal, mas est\u00e1 ligado<strong>.Modo On:<\/strong> conta 0% de milhas. Tudo est\u00e1 a funcionar corretamente<strong>.Modo desligado:<\/strong> conta 100% da quilometragem. Tudo est\u00e1 a funcionar bem&#8221;   <\/li>\n<li>Liga a luz de m\u00e1ximos 5 vezes rapidamente. A luz intermitente piscar\u00e1<strong>.Modo On:<\/strong> o pisca-pisca pisca para a esquerda. conta 0% de quil\u00f3metros. Tudo est\u00e1 a funcionar corretamente<strong>.Modo desligado:<\/strong> o pisca-pisca pisca para a direita. conta 100% da quilometragem. Tudo funciona bem     <\/li>\n<\/ul>\n<p>&nbsp;<\/p>\n<hr>\n<h4><strong>O que \u00e9 o Bloqueador de Quil\u00f3metros do Land Rover Range Rover?<\/strong><\/h4>\n<p>O <strong>bloqueador de quilometragem do Land Rover Range Rover<\/strong> ajuda a evitar o registo de quilometragem adicional enquanto testa o desempenho do ve\u00edculo. Dispon\u00edvel na <strong>KM Block<\/strong>, este dispositivo \u00e9 feito \u00e0 medida com componentes de alta qualidade e software desenvolvido especificamente para cada modelo de ve\u00edculo, garantindo uma funcionalidade \u00f3ptima. Funciona eficazmente em motores diesel-gasolina, Ve\u00edculos El\u00e9ctricos H\u00edbridos Plug-in (PHEVs) e carros el\u00e9ctricos, independentemente de o teu conta-quil\u00f3metros ler em milhas ou quil\u00f3metros.  <\/p>\n<hr>\n<h4><strong>Notas importantes<\/strong>:<\/h4>\n<ul>\n<li><strong>Ferramentas de corre\u00e7\u00e3o de quilometragem<\/strong>: N\u00e3o vendemos dispositivos <strong>de corre\u00e7\u00e3o de quil<\/strong> ometragem destinados a fins maliciosos, como a retroatividade dos valores de quilometragem. Estas ferramentas n\u00e3o apagam a quilometragem de todas as unidades de armazenamento de dados do ve\u00edculo. <\/li>\n<li><strong>Instala\u00e7\u00e3o f\u00e1cil<\/strong>: Liga o dispositivo entre o veloc\u00edmetro e o painel de instrumentos, n\u00e3o \u00e9 necess\u00e1rio qualquer conhecimento especializado. Utiliza as combina\u00e7\u00f5es de teclas fornecidas para controlar o dispositivo. <\/li>\n<\/ul>\n<p>O <strong>Bloqueador de Quil\u00f3metros do Land Rover Range Rover<\/strong> pode ser ativado ou desativado com o ve\u00edculo parado ou em movimento, proporcionando-lhe controlo total em qualquer altura.<\/p>\n<\/div>\n<\/div>\n<\/div>\n<\/div>\n<\/div>\n<\/div>\n<\/div>\n<\/div>\n","protected":false},"excerpt":{"rendered":"<div class=\"flex-shrink-0 flex flex-col relative items-end\">\n<div class=\"pt-0\">\n<div class=\"gizmo-bot-avatar flex h-8 w-8 items-center justify-center overflow-hidden rounded-full\">\n<div class=\"relative p-1 rounded-sm flex items-center justify-center bg-token-main-surface-primary text-token-text-primary h-8 w-8\">Antes de encomendares, l\u00ea os seguintes detalhes importantes relativos \u00e0 ativa\u00e7\u00e3o do m\u00f3dulo, mensagens de erro e funcionalidade<strong>.PARA MODELOS LAN\u00c7ADOS DESDE 2015: <\/strong>Os modelos mais recentes est\u00e3o dispon\u00edveis apenas com um &#8221;cabo longo&#8221; e uma vers\u00e3o controlada por aplica\u00e7\u00e3o. Instala\u00e7\u00e3o r\u00e1pida e simples sem ajuda profissional. N\u00e3o deixa vest\u00edgios ap\u00f3s a remo\u00e7\u00e3o e n\u00e3o necessita de soldar ou cortar fios. O dispositivo pode ser ligado ou desligado mesmo durante a condu\u00e7\u00e3o. O veloc\u00edmetro e todos os sistemas de assist\u00eancia funcionam sem interrup\u00e7\u00f5es. Equipado com fichas de alta qualidade e cabos resistentes ao calor para um desempenho duradouro.     <\/p>\n<p class=\"p1\"><b> Integra\u00e7\u00e3o perfeita<\/b><b><\/b><\/p>\n<p class=\"p1\"><b> Instala\u00e7\u00e3o f\u00e1cil<\/b><b><\/b><\/p>\n<p class=\"p1\"><b> Gest\u00e3o exacta da quilometragem<\/b><b><\/b><\/p>\n<p class=\"p1\"><b> Funcionamento em modo furtivo<\/b><b><\/b><\/p>\n<p class=\"p1\"><span class=\"s1\">\u2705<\/span><b> Suporte e actualiza\u00e7\u00f5es vital\u00edcias<\/b><\/p>\n<\/div>\n<\/div>\n<\/div>\n<\/div>\n","protected":false},"featured_media":814,"comment_status":"open","ping_status":"closed","template":"","meta":[],"product_brand":[],"product_cat":[1150],"product_tag":[],"class_list":{"0":"post-10798","1":"product","2":"type-product","3":"status-publish","4":"has-post-thumbnail","6":"product_cat-land-rover","8":"first","9":"instock","10":"taxable","11":"shipping-taxable","12":"purchasable","13":"product-type-variable"},"yoast_head":"<!-- This site is optimized with the Yoast SEO plugin v27.5 - https:\/\/yoast.com\/product\/yoast-seo-wordpress\/ -->\n<title>Land Rover Range Rover Mileage Blocker (KM stopper) \u2192 KM Block<\/title>\n<meta name=\"description\" content=\"Buy a Land Rover Range Rover Mileage Blocker for the Best Prices \u2713 Free Shipping \u2713 Incl. Installation Guides\" \/>\n<meta name=\"robots\" content=\"index, follow, max-snippet:-1, max-image-preview:large, max-video-preview:-1\" \/>\n<meta property=\"og:locale\" content=\"pt_PT\" \/>\n<meta property=\"og:type\" content=\"article\" \/>\n<meta property=\"og:title\" content=\"Land Rover Range Rover Mileage Blocker (KM stopper) \u2192 KM Block\" \/>\n<meta property=\"og:description\" content=\"Buy a Land Rover Range Rover Mileage Blocker for the Best Prices \u2713 Free Shipping \u2713 Incl. Installation Guides\" \/>\n<meta property=\"og:url\" content=\"https:\/\/kmblock.com\/pt-pt\/product\/land-rover-range-rover\/\" \/>\n<meta property=\"og:site_name\" content=\"KM Block\" \/>\n<meta property=\"og:image\" content=\"https:\/\/kmblock.com\/wp-content\/uploads\/2024\/09\/Land-Rover-Range-Rover.webp\" \/>\n\t<meta property=\"og:image:width\" content=\"800\" \/>\n\t<meta property=\"og:image:height\" content=\"800\" \/>\n\t<meta property=\"og:image:type\" content=\"image\/webp\" \/>\n<meta name=\"twitter:card\" content=\"summary_large_image\" \/>\n<meta name=\"twitter:label1\" content=\"Tempo estimado de leitura\" \/>\n\t<meta name=\"twitter:data1\" content=\"3 minutos\" \/>\n<script type=\"application\/ld+json\" class=\"yoast-schema-graph\">{\"@context\":\"https:\\\/\\\/schema.org\",\"@graph\":[{\"@type\":\"WebPage\",\"@id\":\"https:\\\/\\\/kmblock.com\\\/pt-pt\\\/product\\\/land-rover-range-rover\\\/\",\"url\":\"https:\\\/\\\/kmblock.com\\\/pt-pt\\\/product\\\/land-rover-range-rover\\\/\",\"name\":\"Land Rover Range Rover Mileage Blocker (KM stopper) \u2192 KM Block\",\"isPartOf\":{\"@id\":\"https:\\\/\\\/kmblock.com\\\/pt-pt\\\/#website\"},\"primaryImageOfPage\":{\"@id\":\"https:\\\/\\\/kmblock.com\\\/pt-pt\\\/product\\\/land-rover-range-rover\\\/#primaryimage\"},\"image\":{\"@id\":\"https:\\\/\\\/kmblock.com\\\/pt-pt\\\/product\\\/land-rover-range-rover\\\/#primaryimage\"},\"thumbnailUrl\":\"https:\\\/\\\/kmblock.com\\\/wp-content\\\/uploads\\\/2024\\\/09\\\/Land-Rover-Range-Rover.webp\",\"datePublished\":\"2024-09-22T12:19:27+00:00\",\"description\":\"Buy a Land Rover Range Rover Mileage Blocker for the Best Prices \u2713 Free Shipping \u2713 Incl. Installation Guides\",\"breadcrumb\":{\"@id\":\"https:\\\/\\\/kmblock.com\\\/pt-pt\\\/product\\\/land-rover-range-rover\\\/#breadcrumb\"},\"inLanguage\":\"pt-PT\",\"potentialAction\":[{\"@type\":\"ReadAction\",\"target\":[\"https:\\\/\\\/kmblock.com\\\/pt-pt\\\/product\\\/land-rover-range-rover\\\/\"]}]},{\"@type\":\"ImageObject\",\"inLanguage\":\"pt-PT\",\"@id\":\"https:\\\/\\\/kmblock.com\\\/pt-pt\\\/product\\\/land-rover-range-rover\\\/#primaryimage\",\"url\":\"https:\\\/\\\/kmblock.com\\\/wp-content\\\/uploads\\\/2024\\\/09\\\/Land-Rover-Range-Rover.webp\",\"contentUrl\":\"https:\\\/\\\/kmblock.com\\\/wp-content\\\/uploads\\\/2024\\\/09\\\/Land-Rover-Range-Rover.webp\",\"width\":800,\"height\":800,\"caption\":\"Land Rover Range Rover\"},{\"@type\":\"BreadcrumbList\",\"@id\":\"https:\\\/\\\/kmblock.com\\\/pt-pt\\\/product\\\/land-rover-range-rover\\\/#breadcrumb\",\"itemListElement\":[{\"@type\":\"ListItem\",\"position\":1,\"name\":\"Casa\",\"item\":\"https:\\\/\\\/kmblock.com\\\/pt-pt\\\/\"},{\"@type\":\"ListItem\",\"position\":2,\"name\":\"Produtos\",\"item\":\"https:\\\/\\\/kmblock.com\\\/pt-pt\\\/shop\\\/\"},{\"@type\":\"ListItem\",\"position\":3,\"name\":\"Land Rover Range Rover\"}]},{\"@type\":\"WebSite\",\"@id\":\"https:\\\/\\\/kmblock.com\\\/pt-pt\\\/#website\",\"url\":\"https:\\\/\\\/kmblock.com\\\/pt-pt\\\/\",\"name\":\"KM Block\",\"description\":\"\",\"publisher\":{\"@id\":\"https:\\\/\\\/kmblock.com\\\/pt-pt\\\/#organization\"},\"potentialAction\":[{\"@type\":\"SearchAction\",\"target\":{\"@type\":\"EntryPoint\",\"urlTemplate\":\"https:\\\/\\\/kmblock.com\\\/pt-pt\\\/?s={search_term_string}\"},\"query-input\":{\"@type\":\"PropertyValueSpecification\",\"valueRequired\":true,\"valueName\":\"search_term_string\"}}],\"inLanguage\":\"pt-PT\"},{\"@type\":\"Organization\",\"@id\":\"https:\\\/\\\/kmblock.com\\\/pt-pt\\\/#organization\",\"name\":\"Bloco KM\",\"url\":\"https:\\\/\\\/kmblock.com\\\/pt-pt\\\/\",\"logo\":{\"@type\":\"ImageObject\",\"inLanguage\":\"pt-PT\",\"@id\":\"https:\\\/\\\/kmblock.com\\\/pt-pt\\\/#\\\/schema\\\/logo\\\/image\\\/\",\"url\":\"https:\\\/\\\/kmblock.com\\\/wp-content\\\/uploads\\\/2024\\\/08\\\/main-logo.png\",\"contentUrl\":\"https:\\\/\\\/kmblock.com\\\/wp-content\\\/uploads\\\/2024\\\/08\\\/main-logo.png\",\"width\":186,\"height\":28,\"caption\":\"Bloco KM\"},\"image\":{\"@id\":\"https:\\\/\\\/kmblock.com\\\/pt-pt\\\/#\\\/schema\\\/logo\\\/image\\\/\"}}]}<\/script>\n<!-- \/ Yoast SEO plugin. -->","yoast_head_json":{"title":"Land Rover Range Rover Mileage Blocker (KM stopper) \u2192 KM Block","description":"Buy a Land Rover Range Rover Mileage Blocker for the Best Prices \u2713 Free Shipping \u2713 Incl. Installation Guides","robots":{"index":"index","follow":"follow","max-snippet":"max-snippet:-1","max-image-preview":"max-image-preview:large","max-video-preview":"max-video-preview:-1"},"og_locale":"pt_PT","og_type":"article","og_title":"Land Rover Range Rover Mileage Blocker (KM stopper) \u2192 KM Block","og_description":"Buy a Land Rover Range Rover Mileage Blocker for the Best Prices \u2713 Free Shipping \u2713 Incl. Installation Guides","og_url":"https:\/\/kmblock.com\/pt-pt\/product\/land-rover-range-rover\/","og_site_name":"KM Block","og_image":[{"width":800,"height":800,"url":"https:\/\/kmblock.com\/wp-content\/uploads\/2024\/09\/Land-Rover-Range-Rover.webp","type":"image\/webp"}],"twitter_card":"summary_large_image","twitter_misc":{"Tempo estimado de leitura":"3 minutos"},"schema":{"@context":"https:\/\/schema.org","@graph":[{"@type":"WebPage","@id":"https:\/\/kmblock.com\/pt-pt\/product\/land-rover-range-rover\/","url":"https:\/\/kmblock.com\/pt-pt\/product\/land-rover-range-rover\/","name":"Land Rover Range Rover Mileage Blocker (KM stopper) \u2192 KM Block","isPartOf":{"@id":"https:\/\/kmblock.com\/pt-pt\/#website"},"primaryImageOfPage":{"@id":"https:\/\/kmblock.com\/pt-pt\/product\/land-rover-range-rover\/#primaryimage"},"image":{"@id":"https:\/\/kmblock.com\/pt-pt\/product\/land-rover-range-rover\/#primaryimage"},"thumbnailUrl":"https:\/\/kmblock.com\/wp-content\/uploads\/2024\/09\/Land-Rover-Range-Rover.webp","datePublished":"2024-09-22T12:19:27+00:00","description":"Buy a Land Rover Range Rover Mileage Blocker for the Best Prices \u2713 Free Shipping \u2713 Incl. Installation Guides","breadcrumb":{"@id":"https:\/\/kmblock.com\/pt-pt\/product\/land-rover-range-rover\/#breadcrumb"},"inLanguage":"pt-PT","potentialAction":[{"@type":"ReadAction","target":["https:\/\/kmblock.com\/pt-pt\/product\/land-rover-range-rover\/"]}]},{"@type":"ImageObject","inLanguage":"pt-PT","@id":"https:\/\/kmblock.com\/pt-pt\/product\/land-rover-range-rover\/#primaryimage","url":"https:\/\/kmblock.com\/wp-content\/uploads\/2024\/09\/Land-Rover-Range-Rover.webp","contentUrl":"https:\/\/kmblock.com\/wp-content\/uploads\/2024\/09\/Land-Rover-Range-Rover.webp","width":800,"height":800,"caption":"Land Rover Range Rover"},{"@type":"BreadcrumbList","@id":"https:\/\/kmblock.com\/pt-pt\/product\/land-rover-range-rover\/#breadcrumb","itemListElement":[{"@type":"ListItem","position":1,"name":"Casa","item":"https:\/\/kmblock.com\/pt-pt\/"},{"@type":"ListItem","position":2,"name":"Produtos","item":"https:\/\/kmblock.com\/pt-pt\/shop\/"},{"@type":"ListItem","position":3,"name":"Land Rover Range Rover"}]},{"@type":"WebSite","@id":"https:\/\/kmblock.com\/pt-pt\/#website","url":"https:\/\/kmblock.com\/pt-pt\/","name":"KM Block","description":"","publisher":{"@id":"https:\/\/kmblock.com\/pt-pt\/#organization"},"potentialAction":[{"@type":"SearchAction","target":{"@type":"EntryPoint","urlTemplate":"https:\/\/kmblock.com\/pt-pt\/?s={search_term_string}"},"query-input":{"@type":"PropertyValueSpecification","valueRequired":true,"valueName":"search_term_string"}}],"inLanguage":"pt-PT"},{"@type":"Organization","@id":"https:\/\/kmblock.com\/pt-pt\/#organization","name":"Bloco KM","url":"https:\/\/kmblock.com\/pt-pt\/","logo":{"@type":"ImageObject","inLanguage":"pt-PT","@id":"https:\/\/kmblock.com\/pt-pt\/#\/schema\/logo\/image\/","url":"https:\/\/kmblock.com\/wp-content\/uploads\/2024\/08\/main-logo.png","contentUrl":"https:\/\/kmblock.com\/wp-content\/uploads\/2024\/08\/main-logo.png","width":186,"height":28,"caption":"Bloco KM"},"image":{"@id":"https:\/\/kmblock.com\/pt-pt\/#\/schema\/logo\/image\/"}}]}},"_links":{"self":[{"href":"https:\/\/kmblock.com\/pt-pt\/wp-json\/wp\/v2\/product\/10798","targetHints":{"allow":["GET"]}}],"collection":[{"href":"https:\/\/kmblock.com\/pt-pt\/wp-json\/wp\/v2\/product"}],"about":[{"href":"https:\/\/kmblock.com\/pt-pt\/wp-json\/wp\/v2\/types\/product"}],"replies":[{"embeddable":true,"href":"https:\/\/kmblock.com\/pt-pt\/wp-json\/wp\/v2\/comments?post=10798"}],"wp:featuredmedia":[{"embeddable":true,"href":"https:\/\/kmblock.com\/pt-pt\/wp-json\/wp\/v2\/media\/814"}],"wp:attachment":[{"href":"https:\/\/kmblock.com\/pt-pt\/wp-json\/wp\/v2\/media?parent=10798"}],"wp:term":[{"taxonomy":"product_brand","embeddable":true,"href":"https:\/\/kmblock.com\/pt-pt\/wp-json\/wp\/v2\/product_brand?post=10798"},{"taxonomy":"product_cat","embeddable":true,"href":"https:\/\/kmblock.com\/pt-pt\/wp-json\/wp\/v2\/product_cat?post=10798"},{"taxonomy":"product_tag","embeddable":true,"href":"https:\/\/kmblock.com\/pt-pt\/wp-json\/wp\/v2\/product_tag?post=10798"}],"curies":[{"name":"wp","href":"https:\/\/api.w.org\/{rel}","templated":true}]}}