{"id":10770,"date":"2024-09-22T12:13:19","date_gmt":"2024-09-22T12:13:19","guid":{"rendered":"https:\/\/kmblock.com\/product\/land-rover-discovery\/"},"modified":"2024-09-22T12:13:19","modified_gmt":"2024-09-22T12:13:19","slug":"land-rover-discovery","status":"publish","type":"product","link":"https:\/\/kmblock.com\/pt-pt\/product\/land-rover-discovery\/","title":{"rendered":"Land Rover Discovery"},"content":{"rendered":"<div class=\"flex max-w-full flex-col flex-grow\">\n<div class=\"min-h-[20px] text-message flex w-full flex-col items-end gap-2 whitespace-normal break-words [.text-message+&amp;]:mt-5\" dir=\"auto\" data-message-author-role=\"assistant\" data-message-id=\"486fbb14-d9b0-4abf-8aac-69dd9ef3f888\">\n<div class=\"flex w-full flex-col gap-1 empty:hidden first:pt-[3px]\">\n<div class=\"markdown prose w-full break-words dark:prose-invert dark\">\n<div class=\"flex max-w-full flex-col flex-grow\">\n<div class=\"min-h-[20px] text-message flex w-full flex-col items-end gap-2 whitespace-normal break-words [.text-message+&amp;]:mt-5\" dir=\"auto\" data-message-author-role=\"assistant\" data-message-id=\"583787e4-ced2-4497-934b-fd13934d3b5f\">\n<div class=\"flex w-full flex-col gap-1 empty:hidden first:pt-[3px]\">\n<div class=\"markdown prose w-full break-words dark:prose-invert dark\">\n<h3>BLOQUEADOR DE QUIL\u00d3METROS PARA LAND ROVER DISCOVERY<\/h3>\n<p>O <strong>Bloqueador de Quil\u00f3metros do Land Rover Discovery<\/strong> tamb\u00e9m \u00e9 conhecido como: Bloqueador de Od\u00f3metro, Bloqueador de Od\u00f3metro, Bloqueador de Lata, Bloqueador de Quil\u00f3metros, Od\u00f3metro de Viagem, Filtro de Lata ou, por vezes, como ferramenta de Corre\u00e7\u00e3o de Quil\u00f3metros.<\/p>\n<p><strong>ESTE DISPOSITIVO \u00c9 ADEQUADO PARA TODOS OS MODELOS LAND ROVER DISCOVERY LAN\u00c7ADOS DESDE 2015.<\/strong><\/p>\n<hr>\n<h3>ESPECIFICA\u00c7\u00d5ES:<\/h3>\n<ul>\n<li><strong>Instala\u00e7\u00e3o &#8221;fa\u00e7a voc\u00ea mesmo&#8221;<\/strong>: Instala\u00e7\u00e3o f\u00e1cil e r\u00e1pida sem ajuda profissional.<\/li>\n<li><strong>Ativa em movimento<\/strong>: Pode ser ligado ou desligado durante a condu\u00e7\u00e3o.<\/li>\n<li><strong>N\u00e3o deixa vest\u00edgios<\/strong>: N\u00e3o \u00e9 necess\u00e1rio soldar ou cortar os cabos, n\u00e3o deixando quaisquer vest\u00edgios ap\u00f3s a remo\u00e7\u00e3o.<\/li>\n<li><strong>Qualidade superior<\/strong>: Equipado com fichas de qualidade superior e cabos resistentes ao calor.<\/li>\n<li><strong>F\u00e1cil de utilizar<\/strong>: Controla o dispositivo atrav\u00e9s de combina\u00e7\u00f5es de teclas.<\/li>\n<li><strong>N\u00e3o pode ser detectado pelo sistema de diagn\u00f3stico<\/strong>: As ferramentas de diagn\u00f3stico do ve\u00edculo n\u00e3o conseguem detetar a quilometragem alterada pelo Mileage Stopper.<\/li>\n<li><strong>Defini\u00e7\u00f5es persistentes<\/strong>: As defini\u00e7\u00f5es s\u00e3o guardadas permanentemente.<\/li>\n<li><strong>O controlo da velocidade de cruzeiro n\u00e3o foi afetado<\/strong>: O Cruise Control continua a funcionar sem qualquer problema.<\/li>\n<li><strong>N\u00e3o apresenta erros<\/strong>: N\u00e3o h\u00e1 mensagens de erro no veloc\u00edmetro ou no sistema de navega\u00e7\u00e3o.<\/li>\n<li><strong>N\u00e3o aumenta espontaneamente a quilometragem<\/strong>: Ap\u00f3s a remo\u00e7\u00e3o do m\u00f3dulo, a quilometragem mant\u00e9m-se inalterada.<\/li>\n<li><strong>Veloc\u00edmetro e sistemas de assist\u00eancia impec\u00e1veis<\/strong>: Todos os sistemas funcionam sem interrup\u00e7\u00f5es.<\/li>\n<li><strong>Instala\u00e7\u00e3o sem problemas<\/strong>: A face de encaixe e os sulcos garantem um processo de instala\u00e7\u00e3o sem esfor\u00e7o.<\/li>\n<li><strong>Desvio m\u00ednimo<\/strong>: O aparelho permite um ligeiro desvio de at\u00e9 1% na quilometragem. As aproxima\u00e7\u00f5es podem variar ligeiramente com base em diferentes factores. <\/li>\n<\/ul>\n<hr>\n<h3>ACTIVA\u00c7\u00c3O E DESACTIVA\u00c7\u00c3O<\/h3>\n<ul>\n<li>Liga-se mantendo o bot\u00e3o de sil\u00eancio premido durante 7 segundos. N\u00e3o d\u00e1 sinal, mas est\u00e1 ligado<strong>.Modo On:<\/strong> conta 0% de milhas. Tudo est\u00e1 a funcionar corretamente<strong>.Modo desligado:<\/strong> conta 100% da quilometragem. Tudo est\u00e1 a funcionar bem&#8221;   <\/li>\n<li>Liga a luz de m\u00e1ximos 5 vezes rapidamente. A luz intermitente piscar\u00e1<strong>.Modo On:<\/strong> o pisca-pisca pisca para a esquerda. conta 0% de quil\u00f3metros. Tudo est\u00e1 a funcionar corretamente<strong>.Modo desligado:<\/strong> o pisca-pisca pisca para a direita. conta 100% da quilometragem. Tudo funciona bem     <\/li>\n<\/ul>\n<hr>\n<h3>O que \u00e9 o bloqueador de od\u00f3metro ou a ferramenta de corre\u00e7\u00e3o de quilometragem do Land Rover Discovery?<\/h3>\n<p>O <strong>bloqueador de quilometragem do Land Rover Discovery<\/strong> foi concebido para impedir que a quilometragem seja registada durante o teste do ve\u00edculo. \u00c9 programado pelos nossos especialistas para funcionar sem falhas para cada modelo. Quer o teu ve\u00edculo registe a dist\u00e2ncia em milhas ou quil\u00f3metros, a ferramenta funciona com a mesma efici\u00eancia. Funciona perfeitamente com motores diesel-gasolina, bem como com ve\u00edculos h\u00edbridos el\u00e9ctricos plug-in (PHEVs) e ve\u00edculos el\u00e9ctricos.   <\/p>\n<p>Tem em aten\u00e7\u00e3o que <strong>n\u00e3o vendemos ferramentas de corre\u00e7\u00e3o de quilometragem<\/strong>. Estas ferramentas s\u00e3o utilizadas para fins pouco \u00e9ticos, como o retrocesso da quilometragem, que as unidades de armazenamento de dados dos autom\u00f3veis ainda conseguem detetar. No entanto, o nosso <strong>Mileage Stopper<\/strong> evita estes problemas e foi concebido para fins de teste leg\u00edtimos.  <\/p>\n<hr>\n<p>Oferecemos uma gama de dispositivos de trav\u00f5es de quilometragem para v\u00e1rios ve\u00edculos. O processo de instala\u00e7\u00e3o \u00e9 simples e n\u00e3o requer conhecimentos avan\u00e7ados sobre o ve\u00edculo. Basta lig\u00e1-lo entre o veloc\u00edmetro e o painel de instrumentos para beneficiar deste m\u00f3dulo avan\u00e7ado.  <\/p>\n<p>O <strong>Bloqueador de Quil\u00f3metros do Land Rover Discovery<\/strong> pode ser ativado ou desativado a qualquer momento, quer o ve\u00edculo esteja em movimento ou parado.<\/p>\n<\/div>\n<\/div>\n<\/div>\n<\/div>\n<\/div>\n<\/div>\n<\/div>\n<\/div>\n","protected":false},"excerpt":{"rendered":"<div class=\"flex-shrink-0 flex flex-col relative items-end\">\n<div class=\"pt-0\">\n<div class=\"gizmo-bot-avatar flex h-8 w-8 items-center justify-center overflow-hidden rounded-full\">\n<div class=\"relative p-1 rounded-sm flex items-center justify-center bg-token-main-surface-primary text-token-text-primary h-8 w-8\">\n<p>Antes de encomendar, l\u00ea os seguintes detalhes importantes relativos \u00e0 ativa\u00e7\u00e3o do m\u00f3dulo, mensagens de erro e funcionalidade.<\/p>\n<p><strong>PARA OS MODELOS LAND ROVER DISCOVERY LAN\u00c7ADOS DESDE 2015:<\/strong> Certifica-te de que completas a sele\u00e7\u00e3o do produto para escolheres a op\u00e7\u00e3o correta com base nas imagens fornecidas. Os modelos mais recentes s\u00f3 est\u00e3o dispon\u00edveis com as op\u00e7\u00f5es &#8221;cabo longo&#8221; e &#8221;com aplica\u00e7\u00e3o&#8221;. O produto foi concebido para uma instala\u00e7\u00e3o f\u00e1cil, do tipo &#8221;fa\u00e7a voc\u00ea mesmo&#8221;. Uma vez instalado, o dispositivo funciona sem deixar rasto. O dispositivo pode ser ligado e desligado mesmo quando o ve\u00edculo est\u00e1 em movimento. O veloc\u00edmetro e todos os sistemas de assist\u00eancia continuam a funcionar sem falhas com o dispositivo instalado. Equipado com fichas de qualidade superior e cabos resistentes ao calor para um desempenho fi\u00e1vel.      <\/p>\n<p class=\"p1\"><b> Integra\u00e7\u00e3o perfeita<\/b><b><\/b><\/p>\n<p class=\"p1\"><b> Instala\u00e7\u00e3o f\u00e1cil<\/b><b><\/b><\/p>\n<p class=\"p1\"><b> Gest\u00e3o exacta da quilometragem<\/b><b><\/b><\/p>\n<p class=\"p1\"><b> Funcionamento em modo furtivo<\/b><b><\/b><\/p>\n<p class=\"p1\"><span class=\"s1\">\u2705<\/span><b> Suporte e actualiza\u00e7\u00f5es vital\u00edcias<\/b><\/p>\n<\/div>\n<\/div>\n<\/div>\n<\/div>\n","protected":false},"featured_media":812,"comment_status":"open","ping_status":"closed","template":"","meta":[],"product_brand":[],"product_cat":[1150],"product_tag":[],"class_list":{"0":"post-10770","1":"product","2":"type-product","3":"status-publish","4":"has-post-thumbnail","6":"product_cat-land-rover","8":"first","9":"instock","10":"taxable","11":"shipping-taxable","12":"purchasable","13":"product-type-variable"},"yoast_head":"<!-- This site is optimized with the Yoast SEO plugin v27.5 - https:\/\/yoast.com\/product\/yoast-seo-wordpress\/ -->\n<title>Land Rover Discovery Mileage Blocker (KM stopper) \u2192 KM Block<\/title>\n<meta name=\"description\" content=\"Buy a Land Rover Discovery Mileage Blocker for the Best Prices \u2713 Free Shipping \u2713 Incl. Installation Guides\" \/>\n<meta name=\"robots\" content=\"index, follow, max-snippet:-1, max-image-preview:large, max-video-preview:-1\" \/>\n<meta property=\"og:locale\" content=\"pt_PT\" \/>\n<meta property=\"og:type\" content=\"article\" \/>\n<meta property=\"og:title\" content=\"Land Rover Discovery Mileage Blocker (KM stopper) \u2192 KM Block\" \/>\n<meta property=\"og:description\" content=\"Buy a Land Rover Discovery Mileage Blocker for the Best Prices \u2713 Free Shipping \u2713 Incl. Installation Guides\" \/>\n<meta property=\"og:url\" content=\"https:\/\/kmblock.com\/pt-pt\/product\/land-rover-discovery\/\" \/>\n<meta property=\"og:site_name\" content=\"KM Block\" \/>\n<meta property=\"og:image\" content=\"https:\/\/kmblock.com\/wp-content\/uploads\/2024\/09\/Land-Rover-Discovery-.jpg\" \/>\n\t<meta property=\"og:image:width\" content=\"800\" \/>\n\t<meta property=\"og:image:height\" content=\"800\" \/>\n\t<meta property=\"og:image:type\" content=\"image\/jpeg\" \/>\n<meta name=\"twitter:card\" content=\"summary_large_image\" \/>\n<meta name=\"twitter:label1\" content=\"Tempo estimado de leitura\" \/>\n\t<meta name=\"twitter:data1\" content=\"3 minutos\" \/>\n<script type=\"application\/ld+json\" class=\"yoast-schema-graph\">{\"@context\":\"https:\\\/\\\/schema.org\",\"@graph\":[{\"@type\":\"WebPage\",\"@id\":\"https:\\\/\\\/kmblock.com\\\/pt-pt\\\/product\\\/land-rover-discovery\\\/\",\"url\":\"https:\\\/\\\/kmblock.com\\\/pt-pt\\\/product\\\/land-rover-discovery\\\/\",\"name\":\"Land Rover Discovery Mileage Blocker (KM stopper) \u2192 KM Block\",\"isPartOf\":{\"@id\":\"https:\\\/\\\/kmblock.com\\\/pt-pt\\\/#website\"},\"primaryImageOfPage\":{\"@id\":\"https:\\\/\\\/kmblock.com\\\/pt-pt\\\/product\\\/land-rover-discovery\\\/#primaryimage\"},\"image\":{\"@id\":\"https:\\\/\\\/kmblock.com\\\/pt-pt\\\/product\\\/land-rover-discovery\\\/#primaryimage\"},\"thumbnailUrl\":\"https:\\\/\\\/kmblock.com\\\/wp-content\\\/uploads\\\/2024\\\/09\\\/Land-Rover-Discovery-.jpg\",\"datePublished\":\"2024-09-22T12:13:19+00:00\",\"description\":\"Buy a Land Rover Discovery Mileage Blocker for the Best Prices \u2713 Free Shipping \u2713 Incl. Installation Guides\",\"breadcrumb\":{\"@id\":\"https:\\\/\\\/kmblock.com\\\/pt-pt\\\/product\\\/land-rover-discovery\\\/#breadcrumb\"},\"inLanguage\":\"pt-PT\",\"potentialAction\":[{\"@type\":\"ReadAction\",\"target\":[\"https:\\\/\\\/kmblock.com\\\/pt-pt\\\/product\\\/land-rover-discovery\\\/\"]}]},{\"@type\":\"ImageObject\",\"inLanguage\":\"pt-PT\",\"@id\":\"https:\\\/\\\/kmblock.com\\\/pt-pt\\\/product\\\/land-rover-discovery\\\/#primaryimage\",\"url\":\"https:\\\/\\\/kmblock.com\\\/wp-content\\\/uploads\\\/2024\\\/09\\\/Land-Rover-Discovery-.jpg\",\"contentUrl\":\"https:\\\/\\\/kmblock.com\\\/wp-content\\\/uploads\\\/2024\\\/09\\\/Land-Rover-Discovery-.jpg\",\"width\":800,\"height\":800,\"caption\":\"Land Rover Discovery\"},{\"@type\":\"BreadcrumbList\",\"@id\":\"https:\\\/\\\/kmblock.com\\\/pt-pt\\\/product\\\/land-rover-discovery\\\/#breadcrumb\",\"itemListElement\":[{\"@type\":\"ListItem\",\"position\":1,\"name\":\"Casa\",\"item\":\"https:\\\/\\\/kmblock.com\\\/pt-pt\\\/\"},{\"@type\":\"ListItem\",\"position\":2,\"name\":\"Produtos\",\"item\":\"https:\\\/\\\/kmblock.com\\\/pt-pt\\\/shop\\\/\"},{\"@type\":\"ListItem\",\"position\":3,\"name\":\"Land Rover Discovery\"}]},{\"@type\":\"WebSite\",\"@id\":\"https:\\\/\\\/kmblock.com\\\/pt-pt\\\/#website\",\"url\":\"https:\\\/\\\/kmblock.com\\\/pt-pt\\\/\",\"name\":\"KM Block\",\"description\":\"\",\"publisher\":{\"@id\":\"https:\\\/\\\/kmblock.com\\\/pt-pt\\\/#organization\"},\"potentialAction\":[{\"@type\":\"SearchAction\",\"target\":{\"@type\":\"EntryPoint\",\"urlTemplate\":\"https:\\\/\\\/kmblock.com\\\/pt-pt\\\/?s={search_term_string}\"},\"query-input\":{\"@type\":\"PropertyValueSpecification\",\"valueRequired\":true,\"valueName\":\"search_term_string\"}}],\"inLanguage\":\"pt-PT\"},{\"@type\":\"Organization\",\"@id\":\"https:\\\/\\\/kmblock.com\\\/pt-pt\\\/#organization\",\"name\":\"Bloco KM\",\"url\":\"https:\\\/\\\/kmblock.com\\\/pt-pt\\\/\",\"logo\":{\"@type\":\"ImageObject\",\"inLanguage\":\"pt-PT\",\"@id\":\"https:\\\/\\\/kmblock.com\\\/pt-pt\\\/#\\\/schema\\\/logo\\\/image\\\/\",\"url\":\"https:\\\/\\\/kmblock.com\\\/wp-content\\\/uploads\\\/2024\\\/08\\\/main-logo.png\",\"contentUrl\":\"https:\\\/\\\/kmblock.com\\\/wp-content\\\/uploads\\\/2024\\\/08\\\/main-logo.png\",\"width\":186,\"height\":28,\"caption\":\"Bloco KM\"},\"image\":{\"@id\":\"https:\\\/\\\/kmblock.com\\\/pt-pt\\\/#\\\/schema\\\/logo\\\/image\\\/\"}}]}<\/script>\n<!-- \/ Yoast SEO plugin. -->","yoast_head_json":{"title":"Land Rover Discovery Mileage Blocker (KM stopper) \u2192 KM Block","description":"Buy a Land Rover Discovery Mileage Blocker for the Best Prices \u2713 Free Shipping \u2713 Incl. Installation Guides","robots":{"index":"index","follow":"follow","max-snippet":"max-snippet:-1","max-image-preview":"max-image-preview:large","max-video-preview":"max-video-preview:-1"},"og_locale":"pt_PT","og_type":"article","og_title":"Land Rover Discovery Mileage Blocker (KM stopper) \u2192 KM Block","og_description":"Buy a Land Rover Discovery Mileage Blocker for the Best Prices \u2713 Free Shipping \u2713 Incl. Installation Guides","og_url":"https:\/\/kmblock.com\/pt-pt\/product\/land-rover-discovery\/","og_site_name":"KM Block","og_image":[{"width":800,"height":800,"url":"https:\/\/kmblock.com\/wp-content\/uploads\/2024\/09\/Land-Rover-Discovery-.jpg","type":"image\/jpeg"}],"twitter_card":"summary_large_image","twitter_misc":{"Tempo estimado de leitura":"3 minutos"},"schema":{"@context":"https:\/\/schema.org","@graph":[{"@type":"WebPage","@id":"https:\/\/kmblock.com\/pt-pt\/product\/land-rover-discovery\/","url":"https:\/\/kmblock.com\/pt-pt\/product\/land-rover-discovery\/","name":"Land Rover Discovery Mileage Blocker (KM stopper) \u2192 KM Block","isPartOf":{"@id":"https:\/\/kmblock.com\/pt-pt\/#website"},"primaryImageOfPage":{"@id":"https:\/\/kmblock.com\/pt-pt\/product\/land-rover-discovery\/#primaryimage"},"image":{"@id":"https:\/\/kmblock.com\/pt-pt\/product\/land-rover-discovery\/#primaryimage"},"thumbnailUrl":"https:\/\/kmblock.com\/wp-content\/uploads\/2024\/09\/Land-Rover-Discovery-.jpg","datePublished":"2024-09-22T12:13:19+00:00","description":"Buy a Land Rover Discovery Mileage Blocker for the Best Prices \u2713 Free Shipping \u2713 Incl. Installation Guides","breadcrumb":{"@id":"https:\/\/kmblock.com\/pt-pt\/product\/land-rover-discovery\/#breadcrumb"},"inLanguage":"pt-PT","potentialAction":[{"@type":"ReadAction","target":["https:\/\/kmblock.com\/pt-pt\/product\/land-rover-discovery\/"]}]},{"@type":"ImageObject","inLanguage":"pt-PT","@id":"https:\/\/kmblock.com\/pt-pt\/product\/land-rover-discovery\/#primaryimage","url":"https:\/\/kmblock.com\/wp-content\/uploads\/2024\/09\/Land-Rover-Discovery-.jpg","contentUrl":"https:\/\/kmblock.com\/wp-content\/uploads\/2024\/09\/Land-Rover-Discovery-.jpg","width":800,"height":800,"caption":"Land Rover Discovery"},{"@type":"BreadcrumbList","@id":"https:\/\/kmblock.com\/pt-pt\/product\/land-rover-discovery\/#breadcrumb","itemListElement":[{"@type":"ListItem","position":1,"name":"Casa","item":"https:\/\/kmblock.com\/pt-pt\/"},{"@type":"ListItem","position":2,"name":"Produtos","item":"https:\/\/kmblock.com\/pt-pt\/shop\/"},{"@type":"ListItem","position":3,"name":"Land Rover Discovery"}]},{"@type":"WebSite","@id":"https:\/\/kmblock.com\/pt-pt\/#website","url":"https:\/\/kmblock.com\/pt-pt\/","name":"KM Block","description":"","publisher":{"@id":"https:\/\/kmblock.com\/pt-pt\/#organization"},"potentialAction":[{"@type":"SearchAction","target":{"@type":"EntryPoint","urlTemplate":"https:\/\/kmblock.com\/pt-pt\/?s={search_term_string}"},"query-input":{"@type":"PropertyValueSpecification","valueRequired":true,"valueName":"search_term_string"}}],"inLanguage":"pt-PT"},{"@type":"Organization","@id":"https:\/\/kmblock.com\/pt-pt\/#organization","name":"Bloco KM","url":"https:\/\/kmblock.com\/pt-pt\/","logo":{"@type":"ImageObject","inLanguage":"pt-PT","@id":"https:\/\/kmblock.com\/pt-pt\/#\/schema\/logo\/image\/","url":"https:\/\/kmblock.com\/wp-content\/uploads\/2024\/08\/main-logo.png","contentUrl":"https:\/\/kmblock.com\/wp-content\/uploads\/2024\/08\/main-logo.png","width":186,"height":28,"caption":"Bloco KM"},"image":{"@id":"https:\/\/kmblock.com\/pt-pt\/#\/schema\/logo\/image\/"}}]}},"_links":{"self":[{"href":"https:\/\/kmblock.com\/pt-pt\/wp-json\/wp\/v2\/product\/10770","targetHints":{"allow":["GET"]}}],"collection":[{"href":"https:\/\/kmblock.com\/pt-pt\/wp-json\/wp\/v2\/product"}],"about":[{"href":"https:\/\/kmblock.com\/pt-pt\/wp-json\/wp\/v2\/types\/product"}],"replies":[{"embeddable":true,"href":"https:\/\/kmblock.com\/pt-pt\/wp-json\/wp\/v2\/comments?post=10770"}],"wp:featuredmedia":[{"embeddable":true,"href":"https:\/\/kmblock.com\/pt-pt\/wp-json\/wp\/v2\/media\/812"}],"wp:attachment":[{"href":"https:\/\/kmblock.com\/pt-pt\/wp-json\/wp\/v2\/media?parent=10770"}],"wp:term":[{"taxonomy":"product_brand","embeddable":true,"href":"https:\/\/kmblock.com\/pt-pt\/wp-json\/wp\/v2\/product_brand?post=10770"},{"taxonomy":"product_cat","embeddable":true,"href":"https:\/\/kmblock.com\/pt-pt\/wp-json\/wp\/v2\/product_cat?post=10770"},{"taxonomy":"product_tag","embeddable":true,"href":"https:\/\/kmblock.com\/pt-pt\/wp-json\/wp\/v2\/product_tag?post=10770"}],"curies":[{"name":"wp","href":"https:\/\/api.w.org\/{rel}","templated":true}]}}