{"id":10738,"date":"2024-09-22T12:10:12","date_gmt":"2024-09-22T12:10:12","guid":{"rendered":"https:\/\/kmblock.com\/product\/land-rover-defender\/"},"modified":"2024-09-22T12:10:12","modified_gmt":"2024-09-22T12:10:12","slug":"land-rover-defender","status":"publish","type":"product","link":"https:\/\/kmblock.com\/pt-pt\/product\/land-rover-defender\/","title":{"rendered":"Land Rover Defender"},"content":{"rendered":"<div class=\"flex max-w-full flex-col flex-grow\">\n<div class=\"min-h-[20px] text-message flex w-full flex-col items-end gap-2 whitespace-normal break-words [.text-message+&amp;]:mt-5\" dir=\"auto\" data-message-author-role=\"assistant\" data-message-id=\"486fbb14-d9b0-4abf-8aac-69dd9ef3f888\">\n<div class=\"flex w-full flex-col gap-1 empty:hidden first:pt-[3px]\">\n<div class=\"markdown prose w-full break-words dark:prose-invert dark\">\n<div class=\"flex max-w-full flex-col flex-grow\">\n<div class=\"min-h-[20px] text-message flex w-full flex-col items-end gap-2 whitespace-normal break-words [.text-message+&amp;]:mt-5\" dir=\"auto\" data-message-author-role=\"assistant\" data-message-id=\"583787e4-ced2-4497-934b-fd13934d3b5f\">\n<div class=\"flex w-full flex-col gap-1 empty:hidden first:pt-[3px]\">\n<div class=\"markdown prose w-full break-words dark:prose-invert dark\">\n<h3>BLOQUEADOR DE QUIL\u00d3METROS PARA LAND ROVER DEFENDER<\/h3>\n<p>O <strong>Bloqueador de Quil\u00f3metros do Land Rover Defender<\/strong>, tamb\u00e9m conhecido como Bloqueador de Od\u00f3metro, Bloqueador de Od\u00f3metro ou Bloqueador de Lata, \u00e9 uma ferramenta concebida para impedir a contagem de quil\u00f3metros durante os testes de ve\u00edculos.<\/p>\n<p><strong>Este dispositivo \u00e9 compat\u00edvel com todos os modelos Land Rover Defender lan\u00e7ados desde 2020.<\/strong><\/p>\n<h3>ESPECIFICA\u00c7\u00d5ES<\/h3>\n<ul>\n<li><strong>Instala\u00e7\u00e3o f\u00e1cil do tipo &#8221;fa\u00e7a voc\u00ea mesmo&#8221;:<\/strong> Instala rapidamente sem ajuda profissional.<\/li>\n<li><strong>Ativa\u00e7\u00e3o em movimento:<\/strong> O dispositivo pode ser ligado ou desligado enquanto o ve\u00edculo est\u00e1 em movimento.<\/li>\n<li>N\u00e3o <strong>deixa vest\u00edgios:<\/strong> N\u00e3o precisa de soldar ou cortar cabos; basta lig\u00e1-lo.<\/li>\n<li><strong>Constru\u00e7\u00e3o de qualidade superior:<\/strong> Inclui fichas de alta qualidade e cabos resistentes ao calor.<\/li>\n<li><strong>N\u00e3o pode ser detectado pelo sistema de diagn\u00f3stico:<\/strong> As ferramentas de diagn\u00f3stico n\u00e3o conseguem detetar a quilometragem alterada.<\/li>\n<li><strong>Mem\u00f3ria de defini\u00e7\u00f5es:<\/strong> Uma vez selecionadas, as defini\u00e7\u00f5es permanecem armazenadas sem necessidade de reconfigura\u00e7\u00e3o.<\/li>\n<li><strong>Compatibilidade com o Cruise Control:<\/strong> O controlo de velocidade de cruzeiro funciona perfeitamente com o m\u00f3dulo instalado.<\/li>\n<li><strong>N\u00e3o h\u00e1 mensagens de erro:<\/strong> N\u00e3o h\u00e1 luzes de aviso ou erros no veloc\u00edmetro ou no sistema de navega\u00e7\u00e3o.<\/li>\n<li><strong>Precis\u00e3o p\u00f3s-remo\u00e7\u00e3o:<\/strong> Depois de removeres o dispositivo, a quilometragem n\u00e3o aumenta automaticamente.<\/li>\n<li><strong>Integra\u00e7\u00e3o perfeita:<\/strong> O veloc\u00edmetro e outros sistemas de assist\u00eancia continuam a funcionar perfeitamente.<\/li>\n<li><strong>Instala\u00e7\u00e3o suave:<\/strong> A face de encaixe e os sulcos no conetor asseguram uma instala\u00e7\u00e3o sem esfor\u00e7o.<\/li>\n<li><strong>Precis\u00e3o:<\/strong> A altera\u00e7\u00e3o da quilometragem pode ter um ligeiro desvio de at\u00e9 1%, dependendo da utiliza\u00e7\u00e3o.<\/li>\n<\/ul>\n<div id=\"docs-editor-container\" dir=\"ltr\">\n<div id=\"docs-editor\" class=\"\">\n<div id=\"waffle-grid-container\" dir=\"ltr\">\n<div id=\"254576576-grid-container\" class=\"grid-container\" dir=\"ltr\">\n<div id=\"254576576-grid-table-container\">\n<div class=\"grid-table-container\"><strong>  Modos:<\/strong><\/div>\n<\/div>\n<\/div>\n<\/div>\n<\/div>\n<\/div>\n<div dir=\"ltr\">\n<div class=\"input-box\">\n<div id=\"waffle-rich-text-editor\" class=\"cell-input editable\" dir=\"ltr\" role=\"combobox\" aria-label=\"C8\">\n<p>Liga mantendo premido o bot\u00e3o de sil\u00eancio durante 7 segundos. N\u00e3o d\u00e1 sinal mas est\u00e1 ligado. <\/p>\n<p><strong>Modo On:<\/strong> conta 0% de milhas. Tudo est\u00e1 a funcionar corretamente. <\/p>\n<p><strong>Modo desligado:<\/strong> conta 100% da quilometragem. Tudo est\u00e1 a funcionar bem&#8221; <\/p>\n<p>&nbsp;<\/p>\n<p>Liga a luz alta accionando-a 5 vezes rapidamente. A luz intermitente fica intermitente. <\/p>\n<p><strong>Modo On:<\/strong> o pisca pisca \u00e0 esquerda. conta 0% de milhas. Tudo est\u00e1 a funcionar corretamente.  <\/p>\n<p><strong>Modo desligado:<\/strong> o pisca-pisca pisca para a direita. conta 100% da quilometragem. Tudo funciona bem  <\/p>\n<\/div>\n<\/div>\n<\/div>\n<hr>\n<h3>O que \u00e9 um bloqueador de od\u00f3metro ou uma ferramenta de corre\u00e7\u00e3o de quilometragem do Land Rover Defender?<\/h3>\n<p>O <strong>Bloqueador de Quil\u00f3metros do Land Rover Defender<\/strong> \u00e9 utilizado para impedir o registo de quil\u00f3metros durante os testes de desempenho. Desenvolvida pela KM Block, a ferramenta foi concebida com um software preciso e espec\u00edfico para cada modelo, para garantir um funcionamento perfeito, independentemente de o teu conta-quil\u00f3metros registar a quilometragem em milhas ou quil\u00f3metros. O dispositivo \u00e9 totalmente compat\u00edvel com motores a diesel, a gasolina, h\u00edbridos (PHEV) e el\u00e9ctricos.  <\/p>\n<p><strong>Nota:<\/strong> N\u00e3o vendemos ferramentas de corre\u00e7\u00e3o de quilometragem para fins fraudulentos, como o retrocesso de quilometragem. Os dispositivos de corre\u00e7\u00e3o de quilometragem s\u00f3 podem alterar os valores armazenados nos od\u00f3metros, enquanto os autom\u00f3veis modernos cont\u00eam v\u00e1rias unidades de armazenamento, o que torna imposs\u00edvel inverter totalmente a quilometragem registada. <\/p>\n<hr>\n<p>A KM Block oferece uma gama de dispositivos <strong>de trav\u00f5es de quilometragem<\/strong> para diferentes ve\u00edculos. A instala\u00e7\u00e3o \u00e9 simples e n\u00e3o requer conhecimentos t\u00e9cnicos avan\u00e7ados. Basta ligar o dispositivo entre a porta do veloc\u00edmetro e o painel de instrumentos e desfrutar dos seus benef\u00edcios.  <\/p>\n<p>O <strong>Bloqueador de Quil\u00f3metros do Land Rover Defender<\/strong> pode ser ativado ou desativado a qualquer momento, quer o ve\u00edculo esteja em movimento ou parado.<\/p>\n<\/div>\n<\/div>\n<\/div>\n<\/div>\n<\/div>\n<\/div>\n<\/div>\n<\/div>\n","protected":false},"excerpt":{"rendered":"<div class=\"flex-shrink-0 flex flex-col relative items-end\">\n<div class=\"pt-0\">\n<div class=\"gizmo-bot-avatar flex h-8 w-8 items-center justify-center overflow-hidden rounded-full\">\n<div class=\"relative p-1 rounded-sm flex items-center justify-center bg-token-main-surface-primary text-token-text-primary h-8 w-8\">\n<p>Antes de encomendar, l\u00ea os seguintes detalhes importantes relativos \u00e0 ativa\u00e7\u00e3o do m\u00f3dulo, mensagens de erro e funcionalidade.<\/p>\n<p><strong>PARA OS MODELOS LAND ROVER DEFENDER LAN\u00c7ADOS A PARTIR DE 2020:<\/strong> Simples e f\u00e1cil de instalar sem assist\u00eancia profissional. O m\u00f3dulo n\u00e3o deixa quaisquer vest\u00edgios ap\u00f3s a sua remo\u00e7\u00e3o. Pode ser ativado ou desativado durante a condu\u00e7\u00e3o. O veloc\u00edmetro e todos os sistemas de assist\u00eancia continuam a funcionar perfeitamente sem interrup\u00e7\u00e3o. Fabricado com fichas de qualidade superior e cabos resistentes ao calor para maior durabilidade.    <\/p>\n<p class=\"p1\"><b> Integra\u00e7\u00e3o perfeita<\/b><b><\/b><\/p>\n<p class=\"p1\"><b> Instala\u00e7\u00e3o f\u00e1cil<\/b><b><\/b><\/p>\n<p class=\"p1\"><b> Gest\u00e3o exacta da quilometragem<\/b><b><\/b><\/p>\n<p class=\"p1\"><b> Funcionamento em modo furtivo<\/b><b><\/b><\/p>\n<p class=\"p1\"><span class=\"s1\">\u2705<\/span><b> Suporte e actualiza\u00e7\u00f5es vital\u00edcias<\/b><\/p>\n<\/div>\n<\/div>\n<\/div>\n<\/div>\n","protected":false},"featured_media":810,"comment_status":"open","ping_status":"closed","template":"","meta":[],"product_brand":[],"product_cat":[1150],"product_tag":[],"class_list":{"0":"post-10738","1":"product","2":"type-product","3":"status-publish","4":"has-post-thumbnail","6":"product_cat-land-rover","8":"first","9":"instock","10":"taxable","11":"shipping-taxable","12":"purchasable","13":"product-type-variable"},"yoast_head":"<!-- This site is optimized with the Yoast SEO plugin v27.5 - https:\/\/yoast.com\/product\/yoast-seo-wordpress\/ -->\n<title>Land Rover Defender Mileage Blocker (KM stopper) \u2192 KM Block<\/title>\n<meta name=\"description\" content=\"Buy a Land Rover Defender Mileage Blocker for the Best Prices \u2713 Free Shipping \u2713 Incl. Installation Guides\" \/>\n<meta name=\"robots\" content=\"index, follow, max-snippet:-1, max-image-preview:large, max-video-preview:-1\" \/>\n<meta property=\"og:locale\" content=\"pt_PT\" \/>\n<meta property=\"og:type\" content=\"article\" \/>\n<meta property=\"og:title\" content=\"Land Rover Defender Mileage Blocker (KM stopper) \u2192 KM Block\" \/>\n<meta property=\"og:description\" content=\"Buy a Land Rover Defender Mileage Blocker for the Best Prices \u2713 Free Shipping \u2713 Incl. Installation Guides\" \/>\n<meta property=\"og:url\" content=\"https:\/\/kmblock.com\/pt-pt\/product\/land-rover-defender\/\" \/>\n<meta property=\"og:site_name\" content=\"KM Block\" \/>\n<meta property=\"og:image\" content=\"https:\/\/kmblock.com\/wp-content\/uploads\/2024\/09\/Land-Rover-Defender.webp\" \/>\n\t<meta property=\"og:image:width\" content=\"800\" \/>\n\t<meta property=\"og:image:height\" content=\"800\" \/>\n\t<meta property=\"og:image:type\" content=\"image\/webp\" \/>\n<meta name=\"twitter:card\" content=\"summary_large_image\" \/>\n<meta name=\"twitter:label1\" content=\"Tempo estimado de leitura\" \/>\n\t<meta name=\"twitter:data1\" content=\"3 minutos\" \/>\n<script type=\"application\/ld+json\" class=\"yoast-schema-graph\">{\"@context\":\"https:\\\/\\\/schema.org\",\"@graph\":[{\"@type\":\"WebPage\",\"@id\":\"https:\\\/\\\/kmblock.com\\\/pt-pt\\\/product\\\/land-rover-defender\\\/\",\"url\":\"https:\\\/\\\/kmblock.com\\\/pt-pt\\\/product\\\/land-rover-defender\\\/\",\"name\":\"Land Rover Defender Mileage Blocker (KM stopper) \u2192 KM Block\",\"isPartOf\":{\"@id\":\"https:\\\/\\\/kmblock.com\\\/pt-pt\\\/#website\"},\"primaryImageOfPage\":{\"@id\":\"https:\\\/\\\/kmblock.com\\\/pt-pt\\\/product\\\/land-rover-defender\\\/#primaryimage\"},\"image\":{\"@id\":\"https:\\\/\\\/kmblock.com\\\/pt-pt\\\/product\\\/land-rover-defender\\\/#primaryimage\"},\"thumbnailUrl\":\"https:\\\/\\\/kmblock.com\\\/wp-content\\\/uploads\\\/2024\\\/09\\\/Land-Rover-Defender.webp\",\"datePublished\":\"2024-09-22T12:10:12+00:00\",\"description\":\"Buy a Land Rover Defender Mileage Blocker for the Best Prices \u2713 Free Shipping \u2713 Incl. Installation Guides\",\"breadcrumb\":{\"@id\":\"https:\\\/\\\/kmblock.com\\\/pt-pt\\\/product\\\/land-rover-defender\\\/#breadcrumb\"},\"inLanguage\":\"pt-PT\",\"potentialAction\":[{\"@type\":\"ReadAction\",\"target\":[\"https:\\\/\\\/kmblock.com\\\/pt-pt\\\/product\\\/land-rover-defender\\\/\"]}]},{\"@type\":\"ImageObject\",\"inLanguage\":\"pt-PT\",\"@id\":\"https:\\\/\\\/kmblock.com\\\/pt-pt\\\/product\\\/land-rover-defender\\\/#primaryimage\",\"url\":\"https:\\\/\\\/kmblock.com\\\/wp-content\\\/uploads\\\/2024\\\/09\\\/Land-Rover-Defender.webp\",\"contentUrl\":\"https:\\\/\\\/kmblock.com\\\/wp-content\\\/uploads\\\/2024\\\/09\\\/Land-Rover-Defender.webp\",\"width\":800,\"height\":800,\"caption\":\"Land Rover Defender\"},{\"@type\":\"BreadcrumbList\",\"@id\":\"https:\\\/\\\/kmblock.com\\\/pt-pt\\\/product\\\/land-rover-defender\\\/#breadcrumb\",\"itemListElement\":[{\"@type\":\"ListItem\",\"position\":1,\"name\":\"Casa\",\"item\":\"https:\\\/\\\/kmblock.com\\\/pt-pt\\\/\"},{\"@type\":\"ListItem\",\"position\":2,\"name\":\"Produtos\",\"item\":\"https:\\\/\\\/kmblock.com\\\/pt-pt\\\/shop\\\/\"},{\"@type\":\"ListItem\",\"position\":3,\"name\":\"Land Rover Defender\"}]},{\"@type\":\"WebSite\",\"@id\":\"https:\\\/\\\/kmblock.com\\\/pt-pt\\\/#website\",\"url\":\"https:\\\/\\\/kmblock.com\\\/pt-pt\\\/\",\"name\":\"KM Block\",\"description\":\"\",\"publisher\":{\"@id\":\"https:\\\/\\\/kmblock.com\\\/pt-pt\\\/#organization\"},\"potentialAction\":[{\"@type\":\"SearchAction\",\"target\":{\"@type\":\"EntryPoint\",\"urlTemplate\":\"https:\\\/\\\/kmblock.com\\\/pt-pt\\\/?s={search_term_string}\"},\"query-input\":{\"@type\":\"PropertyValueSpecification\",\"valueRequired\":true,\"valueName\":\"search_term_string\"}}],\"inLanguage\":\"pt-PT\"},{\"@type\":\"Organization\",\"@id\":\"https:\\\/\\\/kmblock.com\\\/pt-pt\\\/#organization\",\"name\":\"Bloco KM\",\"url\":\"https:\\\/\\\/kmblock.com\\\/pt-pt\\\/\",\"logo\":{\"@type\":\"ImageObject\",\"inLanguage\":\"pt-PT\",\"@id\":\"https:\\\/\\\/kmblock.com\\\/pt-pt\\\/#\\\/schema\\\/logo\\\/image\\\/\",\"url\":\"https:\\\/\\\/kmblock.com\\\/wp-content\\\/uploads\\\/2024\\\/08\\\/main-logo.png\",\"contentUrl\":\"https:\\\/\\\/kmblock.com\\\/wp-content\\\/uploads\\\/2024\\\/08\\\/main-logo.png\",\"width\":186,\"height\":28,\"caption\":\"Bloco KM\"},\"image\":{\"@id\":\"https:\\\/\\\/kmblock.com\\\/pt-pt\\\/#\\\/schema\\\/logo\\\/image\\\/\"}}]}<\/script>\n<!-- \/ Yoast SEO plugin. -->","yoast_head_json":{"title":"Land Rover Defender Mileage Blocker (KM stopper) \u2192 KM Block","description":"Buy a Land Rover Defender Mileage Blocker for the Best Prices \u2713 Free Shipping \u2713 Incl. Installation Guides","robots":{"index":"index","follow":"follow","max-snippet":"max-snippet:-1","max-image-preview":"max-image-preview:large","max-video-preview":"max-video-preview:-1"},"og_locale":"pt_PT","og_type":"article","og_title":"Land Rover Defender Mileage Blocker (KM stopper) \u2192 KM Block","og_description":"Buy a Land Rover Defender Mileage Blocker for the Best Prices \u2713 Free Shipping \u2713 Incl. Installation Guides","og_url":"https:\/\/kmblock.com\/pt-pt\/product\/land-rover-defender\/","og_site_name":"KM Block","og_image":[{"width":800,"height":800,"url":"https:\/\/kmblock.com\/wp-content\/uploads\/2024\/09\/Land-Rover-Defender.webp","type":"image\/webp"}],"twitter_card":"summary_large_image","twitter_misc":{"Tempo estimado de leitura":"3 minutos"},"schema":{"@context":"https:\/\/schema.org","@graph":[{"@type":"WebPage","@id":"https:\/\/kmblock.com\/pt-pt\/product\/land-rover-defender\/","url":"https:\/\/kmblock.com\/pt-pt\/product\/land-rover-defender\/","name":"Land Rover Defender Mileage Blocker (KM stopper) \u2192 KM Block","isPartOf":{"@id":"https:\/\/kmblock.com\/pt-pt\/#website"},"primaryImageOfPage":{"@id":"https:\/\/kmblock.com\/pt-pt\/product\/land-rover-defender\/#primaryimage"},"image":{"@id":"https:\/\/kmblock.com\/pt-pt\/product\/land-rover-defender\/#primaryimage"},"thumbnailUrl":"https:\/\/kmblock.com\/wp-content\/uploads\/2024\/09\/Land-Rover-Defender.webp","datePublished":"2024-09-22T12:10:12+00:00","description":"Buy a Land Rover Defender Mileage Blocker for the Best Prices \u2713 Free Shipping \u2713 Incl. Installation Guides","breadcrumb":{"@id":"https:\/\/kmblock.com\/pt-pt\/product\/land-rover-defender\/#breadcrumb"},"inLanguage":"pt-PT","potentialAction":[{"@type":"ReadAction","target":["https:\/\/kmblock.com\/pt-pt\/product\/land-rover-defender\/"]}]},{"@type":"ImageObject","inLanguage":"pt-PT","@id":"https:\/\/kmblock.com\/pt-pt\/product\/land-rover-defender\/#primaryimage","url":"https:\/\/kmblock.com\/wp-content\/uploads\/2024\/09\/Land-Rover-Defender.webp","contentUrl":"https:\/\/kmblock.com\/wp-content\/uploads\/2024\/09\/Land-Rover-Defender.webp","width":800,"height":800,"caption":"Land Rover Defender"},{"@type":"BreadcrumbList","@id":"https:\/\/kmblock.com\/pt-pt\/product\/land-rover-defender\/#breadcrumb","itemListElement":[{"@type":"ListItem","position":1,"name":"Casa","item":"https:\/\/kmblock.com\/pt-pt\/"},{"@type":"ListItem","position":2,"name":"Produtos","item":"https:\/\/kmblock.com\/pt-pt\/shop\/"},{"@type":"ListItem","position":3,"name":"Land Rover Defender"}]},{"@type":"WebSite","@id":"https:\/\/kmblock.com\/pt-pt\/#website","url":"https:\/\/kmblock.com\/pt-pt\/","name":"KM Block","description":"","publisher":{"@id":"https:\/\/kmblock.com\/pt-pt\/#organization"},"potentialAction":[{"@type":"SearchAction","target":{"@type":"EntryPoint","urlTemplate":"https:\/\/kmblock.com\/pt-pt\/?s={search_term_string}"},"query-input":{"@type":"PropertyValueSpecification","valueRequired":true,"valueName":"search_term_string"}}],"inLanguage":"pt-PT"},{"@type":"Organization","@id":"https:\/\/kmblock.com\/pt-pt\/#organization","name":"Bloco KM","url":"https:\/\/kmblock.com\/pt-pt\/","logo":{"@type":"ImageObject","inLanguage":"pt-PT","@id":"https:\/\/kmblock.com\/pt-pt\/#\/schema\/logo\/image\/","url":"https:\/\/kmblock.com\/wp-content\/uploads\/2024\/08\/main-logo.png","contentUrl":"https:\/\/kmblock.com\/wp-content\/uploads\/2024\/08\/main-logo.png","width":186,"height":28,"caption":"Bloco KM"},"image":{"@id":"https:\/\/kmblock.com\/pt-pt\/#\/schema\/logo\/image\/"}}]}},"_links":{"self":[{"href":"https:\/\/kmblock.com\/pt-pt\/wp-json\/wp\/v2\/product\/10738","targetHints":{"allow":["GET"]}}],"collection":[{"href":"https:\/\/kmblock.com\/pt-pt\/wp-json\/wp\/v2\/product"}],"about":[{"href":"https:\/\/kmblock.com\/pt-pt\/wp-json\/wp\/v2\/types\/product"}],"replies":[{"embeddable":true,"href":"https:\/\/kmblock.com\/pt-pt\/wp-json\/wp\/v2\/comments?post=10738"}],"wp:featuredmedia":[{"embeddable":true,"href":"https:\/\/kmblock.com\/pt-pt\/wp-json\/wp\/v2\/media\/810"}],"wp:attachment":[{"href":"https:\/\/kmblock.com\/pt-pt\/wp-json\/wp\/v2\/media?parent=10738"}],"wp:term":[{"taxonomy":"product_brand","embeddable":true,"href":"https:\/\/kmblock.com\/pt-pt\/wp-json\/wp\/v2\/product_brand?post=10738"},{"taxonomy":"product_cat","embeddable":true,"href":"https:\/\/kmblock.com\/pt-pt\/wp-json\/wp\/v2\/product_cat?post=10738"},{"taxonomy":"product_tag","embeddable":true,"href":"https:\/\/kmblock.com\/pt-pt\/wp-json\/wp\/v2\/product_tag?post=10738"}],"curies":[{"name":"wp","href":"https:\/\/api.w.org\/{rel}","templated":true}]}}