{"id":10733,"date":"2024-09-22T12:24:57","date_gmt":"2024-09-22T12:24:57","guid":{"rendered":"https:\/\/kmblock.com\/product\/land-rover-range-rover-evoque\/"},"modified":"2024-09-22T12:24:57","modified_gmt":"2024-09-22T12:24:57","slug":"land-rover-range-rover-evoque","status":"publish","type":"product","link":"https:\/\/kmblock.com\/pt-pt\/product\/land-rover-range-rover-evoque\/","title":{"rendered":"Land Rover Range Rover Evoque"},"content":{"rendered":"<div class=\"flex max-w-full flex-col flex-grow\">\n<div class=\"min-h-[20px] text-message flex w-full flex-col items-end gap-2 whitespace-normal break-words [.text-message+&amp;]:mt-5\" dir=\"auto\" data-message-author-role=\"assistant\" data-message-id=\"486fbb14-d9b0-4abf-8aac-69dd9ef3f888\">\n<div class=\"flex w-full flex-col gap-1 empty:hidden first:pt-[3px]\">\n<div class=\"markdown prose w-full break-words dark:prose-invert dark\">\n<div class=\"flex max-w-full flex-col flex-grow\">\n<div class=\"min-h-[20px] text-message flex w-full flex-col items-end gap-2 whitespace-normal break-words [.text-message+&amp;]:mt-5\" dir=\"auto\" data-message-author-role=\"assistant\" data-message-id=\"583787e4-ced2-4497-934b-fd13934d3b5f\">\n<div class=\"flex w-full flex-col gap-1 empty:hidden first:pt-[3px]\">\n<div class=\"markdown prose w-full break-words dark:prose-invert dark\">\n<h3><strong>BLOQUEADOR DE QUIL\u00d3METROS PARA LAND ROVER RANGE ROVER EVOQUE<\/strong><\/h3>\n<p>O Bloqueador de Quil\u00f3metros do Land Rover Range Rover Evoque, tamb\u00e9m conhecido como Bloqueador do Conta-quil\u00f3metros, Bloqueador do Conta-quil\u00f3metros, Bloqueador de Latas, Bloqueador de Quil\u00f3metros, Conta-quil\u00f3metros de Viagem, Filtro de Latas ou Ferramenta de Corre\u00e7\u00e3o de Quil\u00f3metros, \u00e9 compat\u00edvel com todos os modelos Range Rover Evoque lan\u00e7ados desde 2015.<\/p>\n<h3><strong>ESPECIFICA\u00c7\u00d5ES<\/strong><\/h3>\n<ul>\n<li><strong>Instala\u00e7\u00e3o f\u00e1cil de fazeres tu mesmo<\/strong>: Instala\u00e7\u00e3o r\u00e1pida e direta.<\/li>\n<li><strong>Ativar em movimento<\/strong>: Pode ser ativado ou desativado durante a condu\u00e7\u00e3o.<\/li>\n<li><strong>Funcionamento sem vest\u00edgios<\/strong>: N\u00e3o \u00e9 necess\u00e1rio soldar ou cortar cabos; o dispositivo n\u00e3o deixa vest\u00edgios ap\u00f3s a remo\u00e7\u00e3o.<\/li>\n<li><strong>Componentes de alta qualidade<\/strong>: Inclui fichas de qualidade superior e cabos resistentes ao calor.<\/li>\n<li><strong>F\u00e1cil de utilizar<\/strong>: Funciona com v\u00e1rias combina\u00e7\u00f5es de teclas.<\/li>\n<li><strong>Testes de diagn\u00f3stico indetect\u00e1veis<\/strong>: A quilometragem alterada permanece oculta aos testes de diagn\u00f3stico.<\/li>\n<li><strong>Defini\u00e7\u00f5es persistentes<\/strong>: As defini\u00e7\u00f5es selecionadas s\u00e3o guardadas indefinidamente.<\/li>\n<li><strong>Funcionalidade do Cruise Control<\/strong>: O Cruise Control continua a funcionar normalmente.<\/li>\n<li><strong>N\u00e3o h\u00e1 mensagens de erro<\/strong>: N\u00e3o h\u00e1 alertas no veloc\u00edmetro ou no painel de navega\u00e7\u00e3o.<\/li>\n<li><strong>Estabilidade da quilometragem<\/strong>: Ap\u00f3s a remo\u00e7\u00e3o, a quilometragem n\u00e3o aumenta inesperadamente.<\/li>\n<li><strong>Compatibilidade de sistemas sem falhas<\/strong>: O veloc\u00edmetro e os sistemas de assist\u00eancia funcionam na perfei\u00e7\u00e3o.<\/li>\n<li><strong>Instala\u00e7\u00e3o suave<\/strong>: O conetor possui faces de encaixe e sulcos para uma instala\u00e7\u00e3o f\u00e1cil.<\/li>\n<li><strong>Desvio de quilometragem<\/strong>: Permitimos um desvio de at\u00e9 1% na quilometragem alterada.<\/li>\n<\/ul>\n<h3><strong>ACTIVA\u00c7\u00c3O E DESACTIVA\u00c7\u00c3O<\/strong><\/h3>\n<p>Liga mantendo premido o bot\u00e3o de sil\u00eancio durante 7 segundos. N\u00e3o d\u00e1 sinal mas est\u00e1 ligado. <\/p>\n<p><strong>Modo On:<\/strong> conta 0% de milhas. Tudo est\u00e1 a funcionar corretamente. <\/p>\n<p><strong>Modo desligado:<\/strong> conta 100% da quilometragem. Tudo est\u00e1 a funcionar bem&#8221; <\/p>\n<h3><strong>O que \u00e9 o bloqueador de conta-quil\u00f3metros do Land Rover Range Rover Evoque?<\/strong><\/h3>\n<p>O bloqueador de quilometragem do Land Rover Range Rover Evoque foi concebido para interromper o registo de quilometragem enquanto testa o desempenho do teu ve\u00edculo. Dispon\u00edvel no KM Block, este m\u00f3dulo \u00e9 adaptado a cada modelo para garantir um funcionamento sem falhas. Funciona eficazmente, quer o teu conta-quil\u00f3metros me\u00e7a em milhas ou em quil\u00f3metros, e \u00e9 compat\u00edvel com ve\u00edculos a diesel, a gasolina, ve\u00edculos h\u00edbridos el\u00e9ctricos plug-in (PHEV) e carros el\u00e9ctricos.  <\/p>\n<h3><strong>Nota importante<\/strong><\/h3>\n<p>N\u00e3o vendemos ferramentas de corre\u00e7\u00e3o de quilometragem para o Range Rover Evoque, uma vez que se destinam a fins enganadores e apenas removem os valores de quilometragem do conta-quil\u00f3metros. Normalmente, estas ferramentas n\u00e3o conseguem repor completamente a quilometragem devido \u00e0s m\u00faltiplas unidades de armazenamento de dados nos ve\u00edculos. <\/p>\n<p>Oferecemos uma vasta gama de dispositivos de trav\u00f5es de quilometragem para v\u00e1rios ve\u00edculos. A instala\u00e7\u00e3o \u00e9 simples e n\u00e3o requer conhecimentos avan\u00e7ados de manuten\u00e7\u00e3o do ve\u00edculo. Basta lig\u00e1-lo entre a porta do veloc\u00edmetro e o painel de instrumentos para usufruir de todas as vantagens do m\u00f3dulo.  <\/p>\n<p>O Bloqueador de Quil\u00f3metros do Land Rover Range Rover Evoque pode ser ativado ou desativado a qualquer momento, quer o ve\u00edculo esteja em movimento ou parado.<\/p>\n<\/div>\n<\/div>\n<\/div>\n<\/div>\n<\/div>\n<\/div>\n<\/div>\n<\/div>\n","protected":false},"excerpt":{"rendered":"<div class=\"flex-shrink-0 flex flex-col relative items-end\">\n<div class=\"pt-0\">\n<div class=\"gizmo-bot-avatar flex h-8 w-8 items-center justify-center overflow-hidden rounded-full\">\n<div class=\"relative p-1 rounded-sm flex items-center justify-center bg-token-main-surface-primary text-token-text-primary h-8 w-8\">\n<p>Antes de encomendar, l\u00ea os seguintes detalhes importantes relativos \u00e0 ativa\u00e7\u00e3o do m\u00f3dulo, mensagens de erro e funcionalidade.<\/p>\n<p><strong>Para modelos lan\u00e7ados desde 2015:<\/strong> Certifica-te de que seleccionas o produto adequado com base no teu modelo. Os modelos mais recentes s\u00f3 est\u00e3o dispon\u00edveis com &#8221;cabo longo&#8221; e &#8221;com aplica\u00e7\u00e3o&#8221;. Instala\u00e7\u00e3o &#8221;fa\u00e7a voc\u00ea mesmo&#8221;: Processo de configura\u00e7\u00e3o simples. Desempenho indetet\u00e1vel: Funciona sem deixar quaisquer vest\u00edgios detect\u00e1veis.    Pode ser ligado ou desligado durante a condu\u00e7\u00e3o. Equipado com fichas de qualidade superior e cabos resistentes ao calor. O veloc\u00edmetro e todos os sistemas de assist\u00eancia funcionam perfeitamente. <\/p>\n<p class=\"p1\"><b> Integra\u00e7\u00e3o perfeita<\/b><b><\/b><\/p>\n<p class=\"p1\"><b> Instala\u00e7\u00e3o f\u00e1cil<\/b><b><\/b><\/p>\n<p class=\"p1\"><b> Gest\u00e3o exacta da quilometragem<\/b><b><\/b><\/p>\n<p class=\"p1\"><b> Funcionamento em modo furtivo<\/b><b><\/b><\/p>\n<p class=\"p1\"><span class=\"s1\">\u2705<\/span><b> Suporte e actualiza\u00e7\u00f5es vital\u00edcias<\/b><\/p>\n<\/div>\n<\/div>\n<\/div>\n<\/div>\n","protected":false},"featured_media":816,"comment_status":"open","ping_status":"closed","template":"","meta":[],"product_brand":[],"product_cat":[1150],"product_tag":[],"class_list":{"0":"post-10733","1":"product","2":"type-product","3":"status-publish","4":"has-post-thumbnail","6":"product_cat-land-rover","8":"first","9":"instock","10":"taxable","11":"shipping-taxable","12":"purchasable","13":"product-type-variable"},"yoast_head":"<!-- This site is optimized with the Yoast SEO plugin v27.5 - https:\/\/yoast.com\/product\/yoast-seo-wordpress\/ -->\n<title>Land Rover Range Rover Evoque Mileage Blocker (KM stopper) \u2192 KM Block<\/title>\n<meta name=\"description\" content=\"Buy a Land Rover Range Rover Evoque Mileage Blocker for the Best Prices \u2713 Free Shipping \u2713 Incl. Installation Guides\" \/>\n<meta name=\"robots\" content=\"index, follow, max-snippet:-1, max-image-preview:large, max-video-preview:-1\" \/>\n<meta property=\"og:locale\" content=\"pt_PT\" \/>\n<meta property=\"og:type\" content=\"article\" \/>\n<meta property=\"og:title\" content=\"Land Rover Range Rover Evoque Mileage Blocker (KM stopper) \u2192 KM Block\" \/>\n<meta property=\"og:description\" content=\"Buy a Land Rover Range Rover Evoque Mileage Blocker for the Best Prices \u2713 Free Shipping \u2713 Incl. Installation Guides\" \/>\n<meta property=\"og:url\" content=\"https:\/\/kmblock.com\/pt-pt\/product\/land-rover-range-rover-evoque\/\" \/>\n<meta property=\"og:site_name\" content=\"KM Block\" \/>\n<meta property=\"og:image\" content=\"https:\/\/kmblock.com\/wp-content\/uploads\/2024\/09\/Land-Rover-Range-Rover-Evoque.jpg\" \/>\n\t<meta property=\"og:image:width\" content=\"800\" \/>\n\t<meta property=\"og:image:height\" content=\"800\" \/>\n\t<meta property=\"og:image:type\" content=\"image\/jpeg\" \/>\n<meta name=\"twitter:card\" content=\"summary_large_image\" \/>\n<meta name=\"twitter:label1\" content=\"Tempo estimado de leitura\" \/>\n\t<meta name=\"twitter:data1\" content=\"3 minutos\" \/>\n<script type=\"application\/ld+json\" class=\"yoast-schema-graph\">{\"@context\":\"https:\\\/\\\/schema.org\",\"@graph\":[{\"@type\":\"WebPage\",\"@id\":\"https:\\\/\\\/kmblock.com\\\/pt-pt\\\/product\\\/land-rover-range-rover-evoque\\\/\",\"url\":\"https:\\\/\\\/kmblock.com\\\/pt-pt\\\/product\\\/land-rover-range-rover-evoque\\\/\",\"name\":\"Land Rover Range Rover Evoque Mileage Blocker (KM stopper) \u2192 KM Block\",\"isPartOf\":{\"@id\":\"https:\\\/\\\/kmblock.com\\\/pt-pt\\\/#website\"},\"primaryImageOfPage\":{\"@id\":\"https:\\\/\\\/kmblock.com\\\/pt-pt\\\/product\\\/land-rover-range-rover-evoque\\\/#primaryimage\"},\"image\":{\"@id\":\"https:\\\/\\\/kmblock.com\\\/pt-pt\\\/product\\\/land-rover-range-rover-evoque\\\/#primaryimage\"},\"thumbnailUrl\":\"https:\\\/\\\/kmblock.com\\\/wp-content\\\/uploads\\\/2024\\\/09\\\/Land-Rover-Range-Rover-Evoque.jpg\",\"datePublished\":\"2024-09-22T12:24:57+00:00\",\"description\":\"Buy a Land Rover Range Rover Evoque Mileage Blocker for the Best Prices \u2713 Free Shipping \u2713 Incl. Installation Guides\",\"breadcrumb\":{\"@id\":\"https:\\\/\\\/kmblock.com\\\/pt-pt\\\/product\\\/land-rover-range-rover-evoque\\\/#breadcrumb\"},\"inLanguage\":\"pt-PT\",\"potentialAction\":[{\"@type\":\"ReadAction\",\"target\":[\"https:\\\/\\\/kmblock.com\\\/pt-pt\\\/product\\\/land-rover-range-rover-evoque\\\/\"]}]},{\"@type\":\"ImageObject\",\"inLanguage\":\"pt-PT\",\"@id\":\"https:\\\/\\\/kmblock.com\\\/pt-pt\\\/product\\\/land-rover-range-rover-evoque\\\/#primaryimage\",\"url\":\"https:\\\/\\\/kmblock.com\\\/wp-content\\\/uploads\\\/2024\\\/09\\\/Land-Rover-Range-Rover-Evoque.jpg\",\"contentUrl\":\"https:\\\/\\\/kmblock.com\\\/wp-content\\\/uploads\\\/2024\\\/09\\\/Land-Rover-Range-Rover-Evoque.jpg\",\"width\":800,\"height\":800,\"caption\":\"Land Rover Range Rover Evoque\"},{\"@type\":\"BreadcrumbList\",\"@id\":\"https:\\\/\\\/kmblock.com\\\/pt-pt\\\/product\\\/land-rover-range-rover-evoque\\\/#breadcrumb\",\"itemListElement\":[{\"@type\":\"ListItem\",\"position\":1,\"name\":\"Casa\",\"item\":\"https:\\\/\\\/kmblock.com\\\/pt-pt\\\/\"},{\"@type\":\"ListItem\",\"position\":2,\"name\":\"Produtos\",\"item\":\"https:\\\/\\\/kmblock.com\\\/pt-pt\\\/shop\\\/\"},{\"@type\":\"ListItem\",\"position\":3,\"name\":\"Land Rover Range Rover Evoque\"}]},{\"@type\":\"WebSite\",\"@id\":\"https:\\\/\\\/kmblock.com\\\/pt-pt\\\/#website\",\"url\":\"https:\\\/\\\/kmblock.com\\\/pt-pt\\\/\",\"name\":\"KM Block\",\"description\":\"\",\"publisher\":{\"@id\":\"https:\\\/\\\/kmblock.com\\\/pt-pt\\\/#organization\"},\"potentialAction\":[{\"@type\":\"SearchAction\",\"target\":{\"@type\":\"EntryPoint\",\"urlTemplate\":\"https:\\\/\\\/kmblock.com\\\/pt-pt\\\/?s={search_term_string}\"},\"query-input\":{\"@type\":\"PropertyValueSpecification\",\"valueRequired\":true,\"valueName\":\"search_term_string\"}}],\"inLanguage\":\"pt-PT\"},{\"@type\":\"Organization\",\"@id\":\"https:\\\/\\\/kmblock.com\\\/pt-pt\\\/#organization\",\"name\":\"Bloco KM\",\"url\":\"https:\\\/\\\/kmblock.com\\\/pt-pt\\\/\",\"logo\":{\"@type\":\"ImageObject\",\"inLanguage\":\"pt-PT\",\"@id\":\"https:\\\/\\\/kmblock.com\\\/pt-pt\\\/#\\\/schema\\\/logo\\\/image\\\/\",\"url\":\"https:\\\/\\\/kmblock.com\\\/wp-content\\\/uploads\\\/2024\\\/08\\\/main-logo.png\",\"contentUrl\":\"https:\\\/\\\/kmblock.com\\\/wp-content\\\/uploads\\\/2024\\\/08\\\/main-logo.png\",\"width\":186,\"height\":28,\"caption\":\"Bloco KM\"},\"image\":{\"@id\":\"https:\\\/\\\/kmblock.com\\\/pt-pt\\\/#\\\/schema\\\/logo\\\/image\\\/\"}}]}<\/script>\n<!-- \/ Yoast SEO plugin. -->","yoast_head_json":{"title":"Land Rover Range Rover Evoque Mileage Blocker (KM stopper) \u2192 KM Block","description":"Buy a Land Rover Range Rover Evoque Mileage Blocker for the Best Prices \u2713 Free Shipping \u2713 Incl. Installation Guides","robots":{"index":"index","follow":"follow","max-snippet":"max-snippet:-1","max-image-preview":"max-image-preview:large","max-video-preview":"max-video-preview:-1"},"og_locale":"pt_PT","og_type":"article","og_title":"Land Rover Range Rover Evoque Mileage Blocker (KM stopper) \u2192 KM Block","og_description":"Buy a Land Rover Range Rover Evoque Mileage Blocker for the Best Prices \u2713 Free Shipping \u2713 Incl. Installation Guides","og_url":"https:\/\/kmblock.com\/pt-pt\/product\/land-rover-range-rover-evoque\/","og_site_name":"KM Block","og_image":[{"width":800,"height":800,"url":"https:\/\/kmblock.com\/wp-content\/uploads\/2024\/09\/Land-Rover-Range-Rover-Evoque.jpg","type":"image\/jpeg"}],"twitter_card":"summary_large_image","twitter_misc":{"Tempo estimado de leitura":"3 minutos"},"schema":{"@context":"https:\/\/schema.org","@graph":[{"@type":"WebPage","@id":"https:\/\/kmblock.com\/pt-pt\/product\/land-rover-range-rover-evoque\/","url":"https:\/\/kmblock.com\/pt-pt\/product\/land-rover-range-rover-evoque\/","name":"Land Rover Range Rover Evoque Mileage Blocker (KM stopper) \u2192 KM Block","isPartOf":{"@id":"https:\/\/kmblock.com\/pt-pt\/#website"},"primaryImageOfPage":{"@id":"https:\/\/kmblock.com\/pt-pt\/product\/land-rover-range-rover-evoque\/#primaryimage"},"image":{"@id":"https:\/\/kmblock.com\/pt-pt\/product\/land-rover-range-rover-evoque\/#primaryimage"},"thumbnailUrl":"https:\/\/kmblock.com\/wp-content\/uploads\/2024\/09\/Land-Rover-Range-Rover-Evoque.jpg","datePublished":"2024-09-22T12:24:57+00:00","description":"Buy a Land Rover Range Rover Evoque Mileage Blocker for the Best Prices \u2713 Free Shipping \u2713 Incl. Installation Guides","breadcrumb":{"@id":"https:\/\/kmblock.com\/pt-pt\/product\/land-rover-range-rover-evoque\/#breadcrumb"},"inLanguage":"pt-PT","potentialAction":[{"@type":"ReadAction","target":["https:\/\/kmblock.com\/pt-pt\/product\/land-rover-range-rover-evoque\/"]}]},{"@type":"ImageObject","inLanguage":"pt-PT","@id":"https:\/\/kmblock.com\/pt-pt\/product\/land-rover-range-rover-evoque\/#primaryimage","url":"https:\/\/kmblock.com\/wp-content\/uploads\/2024\/09\/Land-Rover-Range-Rover-Evoque.jpg","contentUrl":"https:\/\/kmblock.com\/wp-content\/uploads\/2024\/09\/Land-Rover-Range-Rover-Evoque.jpg","width":800,"height":800,"caption":"Land Rover Range Rover Evoque"},{"@type":"BreadcrumbList","@id":"https:\/\/kmblock.com\/pt-pt\/product\/land-rover-range-rover-evoque\/#breadcrumb","itemListElement":[{"@type":"ListItem","position":1,"name":"Casa","item":"https:\/\/kmblock.com\/pt-pt\/"},{"@type":"ListItem","position":2,"name":"Produtos","item":"https:\/\/kmblock.com\/pt-pt\/shop\/"},{"@type":"ListItem","position":3,"name":"Land Rover Range Rover Evoque"}]},{"@type":"WebSite","@id":"https:\/\/kmblock.com\/pt-pt\/#website","url":"https:\/\/kmblock.com\/pt-pt\/","name":"KM Block","description":"","publisher":{"@id":"https:\/\/kmblock.com\/pt-pt\/#organization"},"potentialAction":[{"@type":"SearchAction","target":{"@type":"EntryPoint","urlTemplate":"https:\/\/kmblock.com\/pt-pt\/?s={search_term_string}"},"query-input":{"@type":"PropertyValueSpecification","valueRequired":true,"valueName":"search_term_string"}}],"inLanguage":"pt-PT"},{"@type":"Organization","@id":"https:\/\/kmblock.com\/pt-pt\/#organization","name":"Bloco KM","url":"https:\/\/kmblock.com\/pt-pt\/","logo":{"@type":"ImageObject","inLanguage":"pt-PT","@id":"https:\/\/kmblock.com\/pt-pt\/#\/schema\/logo\/image\/","url":"https:\/\/kmblock.com\/wp-content\/uploads\/2024\/08\/main-logo.png","contentUrl":"https:\/\/kmblock.com\/wp-content\/uploads\/2024\/08\/main-logo.png","width":186,"height":28,"caption":"Bloco KM"},"image":{"@id":"https:\/\/kmblock.com\/pt-pt\/#\/schema\/logo\/image\/"}}]}},"_links":{"self":[{"href":"https:\/\/kmblock.com\/pt-pt\/wp-json\/wp\/v2\/product\/10733","targetHints":{"allow":["GET"]}}],"collection":[{"href":"https:\/\/kmblock.com\/pt-pt\/wp-json\/wp\/v2\/product"}],"about":[{"href":"https:\/\/kmblock.com\/pt-pt\/wp-json\/wp\/v2\/types\/product"}],"replies":[{"embeddable":true,"href":"https:\/\/kmblock.com\/pt-pt\/wp-json\/wp\/v2\/comments?post=10733"}],"wp:featuredmedia":[{"embeddable":true,"href":"https:\/\/kmblock.com\/pt-pt\/wp-json\/wp\/v2\/media\/816"}],"wp:attachment":[{"href":"https:\/\/kmblock.com\/pt-pt\/wp-json\/wp\/v2\/media?parent=10733"}],"wp:term":[{"taxonomy":"product_brand","embeddable":true,"href":"https:\/\/kmblock.com\/pt-pt\/wp-json\/wp\/v2\/product_brand?post=10733"},{"taxonomy":"product_cat","embeddable":true,"href":"https:\/\/kmblock.com\/pt-pt\/wp-json\/wp\/v2\/product_cat?post=10733"},{"taxonomy":"product_tag","embeddable":true,"href":"https:\/\/kmblock.com\/pt-pt\/wp-json\/wp\/v2\/product_tag?post=10733"}],"curies":[{"name":"wp","href":"https:\/\/api.w.org\/{rel}","templated":true}]}}