{"id":10723,"date":"2024-09-21T16:19:11","date_gmt":"2024-09-21T16:19:11","guid":{"rendered":"https:\/\/kmblock.com\/product\/jaguar-e-pace-x540\/"},"modified":"2024-09-21T16:19:11","modified_gmt":"2024-09-21T16:19:11","slug":"jaguar-e-pace-x540","status":"publish","type":"product","link":"https:\/\/kmblock.com\/pt-pt\/product\/jaguar-e-pace-x540\/","title":{"rendered":"Jaguar E-Pace (X540)"},"content":{"rendered":"<div class=\"flex max-w-full flex-col flex-grow\">\n<div class=\"min-h-[20px] text-message flex w-full flex-col items-end gap-2 whitespace-normal break-words [.text-message+&amp;]:mt-5\" dir=\"auto\" data-message-author-role=\"assistant\" data-message-id=\"486fbb14-d9b0-4abf-8aac-69dd9ef3f888\">\n<div class=\"flex w-full flex-col gap-1 empty:hidden first:pt-[3px]\">\n<div class=\"markdown prose w-full break-words dark:prose-invert dark\">\n<div class=\"flex max-w-full flex-col flex-grow\">\n<div class=\"min-h-[20px] text-message flex w-full flex-col items-end gap-2 whitespace-normal break-words [.text-message+&amp;]:mt-5\" dir=\"auto\" data-message-author-role=\"assistant\" data-message-id=\"583787e4-ced2-4497-934b-fd13934d3b5f\">\n<div class=\"flex w-full flex-col gap-1 empty:hidden first:pt-[3px]\">\n<div class=\"markdown prose w-full break-words dark:prose-invert dark\">\n<h3><strong>BLOQUEADOR DE QUIL\u00d3METROS PARA JAGUAR E-PACE (X540)<\/strong><\/h3>\n<p>O bloqueador de quil\u00f3metros do Jaguar E-Pace (X540) tamb\u00e9m \u00e9 conhecido por v\u00e1rios nomes: Bloqueador de Od\u00f3metro, Bloqueador de Od\u00f3metro, Bloqueador de Lata, Bloqueador de Quil\u00f3metros, Od\u00f3metro de Viagem, Filtro de Lata ou, em alguns casos, como Ferramenta de Corre\u00e7\u00e3o de Quil\u00f3metros.<\/p>\n<p><strong>Compatibilidade:<\/strong><\/p>\n<ul>\n<li>Adequado para todos os modelos Jaguar E-Pace (X540) lan\u00e7ados desde 2017.<\/li>\n<\/ul>\n<h3>ESPECIFICA\u00c7\u00d5ES:<\/h3>\n<ul>\n<li><strong>Instala\u00e7\u00e3o &#8221;fa\u00e7a voc\u00ea mesmo&#8221;:<\/strong> Instala\u00e7\u00e3o f\u00e1cil, do tipo &#8221;fa\u00e7a voc\u00ea mesmo&#8221;.<\/li>\n<li><strong>Funcionamento em movimento:<\/strong> Pode ser ativado ou desativado mesmo durante a condu\u00e7\u00e3o.<\/li>\n<li><strong>N\u00e3o necessita de modifica\u00e7\u00f5es:<\/strong> N\u00e3o necessita de soldar ou cortar os cabos e n\u00e3o deixa vest\u00edgios ap\u00f3s a utiliza\u00e7\u00e3o.<\/li>\n<li><strong>Componentes de alta qualidade:<\/strong> Vem com fichas de alta qualidade e cabos resistentes ao calor.<\/li>\n<li><strong>Modos m\u00faltiplos:<\/strong> Funciona facilmente com v\u00e1rias combina\u00e7\u00f5es de teclas.<\/li>\n<li><strong>N\u00e3o h\u00e1 aumento espont\u00e2neo da quilometragem:<\/strong> Depois de remover o m\u00f3dulo, a quilometragem n\u00e3o aumenta automaticamente.<\/li>\n<li><strong>N\u00e3o pode ser detectado por ferramentas de diagn\u00f3stico:<\/strong> Os aparelhos de diagn\u00f3stico n\u00e3o conseguem detetar os quil\u00f3metros alterados por este dispositivo.<\/li>\n<li><strong>Defini\u00e7\u00f5es guardadas:<\/strong> Uma vez configuradas, as defini\u00e7\u00f5es permanecem guardadas incondicionalmente.<\/li>\n<li><strong>Funcionamento:<\/strong> O veloc\u00edmetro e outros sistemas de assist\u00eancia funcionam sem problemas.<\/li>\n<li><strong>N\u00e3o h\u00e1 mensagens de erro:<\/strong> N\u00e3o aparecem sinais de aviso no veloc\u00edmetro ou no sistema de navega\u00e7\u00e3o.<\/li>\n<li><strong>Instala\u00e7\u00e3o f\u00e1cil:<\/strong> A face de acoplamento e os sulcos no conetor garantem uma instala\u00e7\u00e3o suave.<\/li>\n<li><strong>Alta precis\u00e3o:<\/strong> Para os modos de altera\u00e7\u00e3o da quilometragem, pode haver um desvio de at\u00e9 1% da dist\u00e2ncia real percorrida.<\/li>\n<\/ul>\n<h3>ACTIVA\u00c7\u00c3O E DESACTIVA\u00c7\u00c3O (Pr\u00e9-Facelift)<\/h3>\n<p>&#8221;Liga mantendo o bot\u00e3o de sil\u00eancio premido durante 7 segundos. N\u00e3o d\u00e1 sinal mas est\u00e1 ligado. <\/p>\n<p><strong>Modo On:<\/strong> conta 0% de milhas. Tudo est\u00e1 a funcionar corretamente. <\/p>\n<p><strong>Modo desligado:<\/strong> conta 100% da quilometragem. Tudo est\u00e1 a funcionar bem&#8221; <\/p>\n<h3>O que \u00e9 o bloqueador do conta-quil\u00f3metros ou a ferramenta de corre\u00e7\u00e3o da quilometragem do Jaguar E-Pace X540?<\/h3>\n<p>O Bloqueador de Quil\u00f3metros do Jaguar E-Pace permite-te parar a contagem de quil\u00f3metros enquanto testas o desempenho do ve\u00edculo. Na KM Block, encontrar\u00e1s m\u00f3dulos de alta qualidade fabricados com componentes genu\u00ednos, concebidos para funcionar sem falhas, independentemente de o teu ve\u00edculo registar a dist\u00e2ncia em milhas ou quil\u00f3metros. Esta ferramenta \u00e9 adequada para motores diesel-gasolina, ve\u00edculos h\u00edbridos el\u00e9ctricos plug-in (PHEV) e carros el\u00e9ctricos. O nosso software \u00e9 adaptado especificamente a cada modelo para garantir um desempenho perfeito. A instala\u00e7\u00e3o \u00e9 simples e requer apenas uma combina\u00e7\u00e3o de teclas pr\u00e9-determinada para operar o dispositivo.    <\/p>\n<p>Tem em aten\u00e7\u00e3o que <strong>n\u00e3o<\/strong> vendemos ferramentas de corre\u00e7\u00e3o de quilometragem destinadas a fins fraudulentos, como o retrocesso do conta-quil\u00f3metros. Os autom\u00f3veis modernos armazenam dados em v\u00e1rios locais e as ferramentas de retrocesso s\u00e3o frequentemente ineficazes para reverter totalmente a quilometragem registada. <\/p>\n<p>Os nossos dispositivos Mileage Stopper est\u00e3o dispon\u00edveis para uma vasta gama de ve\u00edculos e n\u00e3o requerem conhecimentos t\u00e9cnicos avan\u00e7ados para a sua instala\u00e7\u00e3o. Basta ligar o m\u00f3dulo entre a porta do veloc\u00edmetro e o painel de instrumentos para tirar o m\u00e1ximo partido das suas funcionalidades. <\/p>\n<p>O Bloqueador de Quil\u00f3metros do Jaguar E-Pace pode ser ativado ou desativado a qualquer momento, quer o ve\u00edculo esteja em movimento ou parado.<\/p>\n<\/div>\n<\/div>\n<\/div>\n<\/div>\n<\/div>\n<\/div>\n<\/div>\n<\/div>\n","protected":false},"excerpt":{"rendered":"<div class=\"flex-shrink-0 flex flex-col relative items-end\">\n<div class=\"pt-0\">\n<div class=\"gizmo-bot-avatar flex h-8 w-8 items-center justify-center overflow-hidden rounded-full\">\n<div class=\"relative p-1 rounded-sm flex items-center justify-center bg-token-main-surface-primary text-token-text-primary h-8 w-8\">\n<p>Antes de encomendar, l\u00ea os seguintes detalhes importantes relativos \u00e0 ativa\u00e7\u00e3o do m\u00f3dulo, mensagens de erro e funcionalidade.<\/p>\n<p><strong>ESTE DISPOSITIVO \u00c9 ADEQUADO PARA TODOS OS MODELOS JAGUAR E-PACE (X540) LAN\u00c7ADOS DESDE 2017.  <\/strong>Instala\u00e7\u00e3o f\u00e1cil, do tipo &#8221;fa\u00e7a voc\u00ea mesmo&#8221;, sem necessidade de assist\u00eancia profissional. N\u00e3o deixa vest\u00edgios e n\u00e3o pode ser detectado por ferramentas de diagn\u00f3stico. O dispositivo pode ser ativado ou desativado durante a condu\u00e7\u00e3o. Equipado com fichas de alta qualidade e cabos resistentes ao calor para uma utiliza\u00e7\u00e3o duradoura. O veloc\u00edmetro e todos os programas de assist\u00eancia funcionam perfeitamente, sem interrup\u00e7\u00f5es. Escolhe entre as vers\u00f5es Facelift e Pr\u00e9-Facelift para compatibilidade com o teu modelo espec\u00edfico.     <\/p>\n<p class=\"p1\"><b> Integra\u00e7\u00e3o perfeita<\/b><b><\/b><\/p>\n<p class=\"p1\"><b> Instala\u00e7\u00e3o f\u00e1cil<\/b><b><\/b><\/p>\n<p class=\"p1\"><b> Gest\u00e3o exacta da quilometragem<\/b><b><\/b><\/p>\n<p class=\"p1\"><b> Funcionamento em modo furtivo<\/b><b><\/b><\/p>\n<p class=\"p1\"><span class=\"s1\">\u2705<\/span><b> Suporte e actualiza\u00e7\u00f5es vital\u00edcias<\/b><\/p>\n<\/div>\n<\/div>\n<\/div>\n<\/div>\n","protected":false},"featured_media":778,"comment_status":"open","ping_status":"closed","template":"","meta":[],"product_brand":[],"product_cat":[1148],"product_tag":[],"class_list":{"0":"post-10723","1":"product","2":"type-product","3":"status-publish","4":"has-post-thumbnail","6":"product_cat-jaguar","8":"first","9":"instock","10":"taxable","11":"shipping-taxable","12":"purchasable","13":"product-type-variable"},"yoast_head":"<!-- This site is optimized with the Yoast SEO plugin v27.5 - https:\/\/yoast.com\/product\/yoast-seo-wordpress\/ -->\n<title>Jaguar E-Pace (X540) Mileage Blocker (KM stopper) \u2192 KM Block<\/title>\n<meta name=\"description\" content=\"Buy a Jaguar E-Pace (X540) Mileage Blocker for the Best Prices \u2713 Free Shipping \u2713 Incl. Installation Guides\" \/>\n<meta name=\"robots\" content=\"index, follow, max-snippet:-1, max-image-preview:large, max-video-preview:-1\" \/>\n<meta property=\"og:locale\" content=\"pt_PT\" \/>\n<meta property=\"og:type\" content=\"article\" \/>\n<meta property=\"og:title\" content=\"Jaguar E-Pace (X540) Mileage Blocker (KM stopper) \u2192 KM Block\" \/>\n<meta property=\"og:description\" content=\"Buy a Jaguar E-Pace (X540) Mileage Blocker for the Best Prices \u2713 Free Shipping \u2713 Incl. Installation Guides\" \/>\n<meta property=\"og:url\" content=\"https:\/\/kmblock.com\/pt-pt\/product\/jaguar-e-pace-x540\/\" \/>\n<meta property=\"og:site_name\" content=\"KM Block\" \/>\n<meta property=\"og:image\" content=\"https:\/\/kmblock.com\/wp-content\/uploads\/2024\/09\/Jaguar-E-Pace-X540.jpg\" \/>\n\t<meta property=\"og:image:width\" content=\"800\" \/>\n\t<meta property=\"og:image:height\" content=\"800\" \/>\n\t<meta property=\"og:image:type\" content=\"image\/jpeg\" \/>\n<meta name=\"twitter:card\" content=\"summary_large_image\" \/>\n<meta name=\"twitter:label1\" content=\"Tempo estimado de leitura\" \/>\n\t<meta name=\"twitter:data1\" content=\"3 minutos\" \/>\n<script type=\"application\/ld+json\" class=\"yoast-schema-graph\">{\"@context\":\"https:\\\/\\\/schema.org\",\"@graph\":[{\"@type\":\"WebPage\",\"@id\":\"https:\\\/\\\/kmblock.com\\\/pt-pt\\\/product\\\/jaguar-e-pace-x540\\\/\",\"url\":\"https:\\\/\\\/kmblock.com\\\/pt-pt\\\/product\\\/jaguar-e-pace-x540\\\/\",\"name\":\"Jaguar E-Pace (X540) Mileage Blocker (KM stopper) \u2192 KM Block\",\"isPartOf\":{\"@id\":\"https:\\\/\\\/kmblock.com\\\/pt-pt\\\/#website\"},\"primaryImageOfPage\":{\"@id\":\"https:\\\/\\\/kmblock.com\\\/pt-pt\\\/product\\\/jaguar-e-pace-x540\\\/#primaryimage\"},\"image\":{\"@id\":\"https:\\\/\\\/kmblock.com\\\/pt-pt\\\/product\\\/jaguar-e-pace-x540\\\/#primaryimage\"},\"thumbnailUrl\":\"https:\\\/\\\/kmblock.com\\\/wp-content\\\/uploads\\\/2024\\\/09\\\/Jaguar-E-Pace-X540.jpg\",\"datePublished\":\"2024-09-21T16:19:11+00:00\",\"description\":\"Buy a Jaguar E-Pace (X540) Mileage Blocker for the Best Prices \u2713 Free Shipping \u2713 Incl. Installation Guides\",\"breadcrumb\":{\"@id\":\"https:\\\/\\\/kmblock.com\\\/pt-pt\\\/product\\\/jaguar-e-pace-x540\\\/#breadcrumb\"},\"inLanguage\":\"pt-PT\",\"potentialAction\":[{\"@type\":\"ReadAction\",\"target\":[\"https:\\\/\\\/kmblock.com\\\/pt-pt\\\/product\\\/jaguar-e-pace-x540\\\/\"]}]},{\"@type\":\"ImageObject\",\"inLanguage\":\"pt-PT\",\"@id\":\"https:\\\/\\\/kmblock.com\\\/pt-pt\\\/product\\\/jaguar-e-pace-x540\\\/#primaryimage\",\"url\":\"https:\\\/\\\/kmblock.com\\\/wp-content\\\/uploads\\\/2024\\\/09\\\/Jaguar-E-Pace-X540.jpg\",\"contentUrl\":\"https:\\\/\\\/kmblock.com\\\/wp-content\\\/uploads\\\/2024\\\/09\\\/Jaguar-E-Pace-X540.jpg\",\"width\":800,\"height\":800,\"caption\":\"Jaguar E-Pace (X540)\"},{\"@type\":\"BreadcrumbList\",\"@id\":\"https:\\\/\\\/kmblock.com\\\/pt-pt\\\/product\\\/jaguar-e-pace-x540\\\/#breadcrumb\",\"itemListElement\":[{\"@type\":\"ListItem\",\"position\":1,\"name\":\"Casa\",\"item\":\"https:\\\/\\\/kmblock.com\\\/pt-pt\\\/\"},{\"@type\":\"ListItem\",\"position\":2,\"name\":\"Produtos\",\"item\":\"https:\\\/\\\/kmblock.com\\\/pt-pt\\\/shop\\\/\"},{\"@type\":\"ListItem\",\"position\":3,\"name\":\"Jaguar E-Pace (X540)\"}]},{\"@type\":\"WebSite\",\"@id\":\"https:\\\/\\\/kmblock.com\\\/pt-pt\\\/#website\",\"url\":\"https:\\\/\\\/kmblock.com\\\/pt-pt\\\/\",\"name\":\"KM Block\",\"description\":\"\",\"publisher\":{\"@id\":\"https:\\\/\\\/kmblock.com\\\/pt-pt\\\/#organization\"},\"potentialAction\":[{\"@type\":\"SearchAction\",\"target\":{\"@type\":\"EntryPoint\",\"urlTemplate\":\"https:\\\/\\\/kmblock.com\\\/pt-pt\\\/?s={search_term_string}\"},\"query-input\":{\"@type\":\"PropertyValueSpecification\",\"valueRequired\":true,\"valueName\":\"search_term_string\"}}],\"inLanguage\":\"pt-PT\"},{\"@type\":\"Organization\",\"@id\":\"https:\\\/\\\/kmblock.com\\\/pt-pt\\\/#organization\",\"name\":\"Bloco KM\",\"url\":\"https:\\\/\\\/kmblock.com\\\/pt-pt\\\/\",\"logo\":{\"@type\":\"ImageObject\",\"inLanguage\":\"pt-PT\",\"@id\":\"https:\\\/\\\/kmblock.com\\\/pt-pt\\\/#\\\/schema\\\/logo\\\/image\\\/\",\"url\":\"https:\\\/\\\/kmblock.com\\\/wp-content\\\/uploads\\\/2024\\\/08\\\/main-logo.png\",\"contentUrl\":\"https:\\\/\\\/kmblock.com\\\/wp-content\\\/uploads\\\/2024\\\/08\\\/main-logo.png\",\"width\":186,\"height\":28,\"caption\":\"Bloco KM\"},\"image\":{\"@id\":\"https:\\\/\\\/kmblock.com\\\/pt-pt\\\/#\\\/schema\\\/logo\\\/image\\\/\"}}]}<\/script>\n<!-- \/ Yoast SEO plugin. -->","yoast_head_json":{"title":"Jaguar E-Pace (X540) Mileage Blocker (KM stopper) \u2192 KM Block","description":"Buy a Jaguar E-Pace (X540) Mileage Blocker for the Best Prices \u2713 Free Shipping \u2713 Incl. Installation Guides","robots":{"index":"index","follow":"follow","max-snippet":"max-snippet:-1","max-image-preview":"max-image-preview:large","max-video-preview":"max-video-preview:-1"},"og_locale":"pt_PT","og_type":"article","og_title":"Jaguar E-Pace (X540) Mileage Blocker (KM stopper) \u2192 KM Block","og_description":"Buy a Jaguar E-Pace (X540) Mileage Blocker for the Best Prices \u2713 Free Shipping \u2713 Incl. Installation Guides","og_url":"https:\/\/kmblock.com\/pt-pt\/product\/jaguar-e-pace-x540\/","og_site_name":"KM Block","og_image":[{"width":800,"height":800,"url":"https:\/\/kmblock.com\/wp-content\/uploads\/2024\/09\/Jaguar-E-Pace-X540.jpg","type":"image\/jpeg"}],"twitter_card":"summary_large_image","twitter_misc":{"Tempo estimado de leitura":"3 minutos"},"schema":{"@context":"https:\/\/schema.org","@graph":[{"@type":"WebPage","@id":"https:\/\/kmblock.com\/pt-pt\/product\/jaguar-e-pace-x540\/","url":"https:\/\/kmblock.com\/pt-pt\/product\/jaguar-e-pace-x540\/","name":"Jaguar E-Pace (X540) Mileage Blocker (KM stopper) \u2192 KM Block","isPartOf":{"@id":"https:\/\/kmblock.com\/pt-pt\/#website"},"primaryImageOfPage":{"@id":"https:\/\/kmblock.com\/pt-pt\/product\/jaguar-e-pace-x540\/#primaryimage"},"image":{"@id":"https:\/\/kmblock.com\/pt-pt\/product\/jaguar-e-pace-x540\/#primaryimage"},"thumbnailUrl":"https:\/\/kmblock.com\/wp-content\/uploads\/2024\/09\/Jaguar-E-Pace-X540.jpg","datePublished":"2024-09-21T16:19:11+00:00","description":"Buy a Jaguar E-Pace (X540) Mileage Blocker for the Best Prices \u2713 Free Shipping \u2713 Incl. Installation Guides","breadcrumb":{"@id":"https:\/\/kmblock.com\/pt-pt\/product\/jaguar-e-pace-x540\/#breadcrumb"},"inLanguage":"pt-PT","potentialAction":[{"@type":"ReadAction","target":["https:\/\/kmblock.com\/pt-pt\/product\/jaguar-e-pace-x540\/"]}]},{"@type":"ImageObject","inLanguage":"pt-PT","@id":"https:\/\/kmblock.com\/pt-pt\/product\/jaguar-e-pace-x540\/#primaryimage","url":"https:\/\/kmblock.com\/wp-content\/uploads\/2024\/09\/Jaguar-E-Pace-X540.jpg","contentUrl":"https:\/\/kmblock.com\/wp-content\/uploads\/2024\/09\/Jaguar-E-Pace-X540.jpg","width":800,"height":800,"caption":"Jaguar E-Pace (X540)"},{"@type":"BreadcrumbList","@id":"https:\/\/kmblock.com\/pt-pt\/product\/jaguar-e-pace-x540\/#breadcrumb","itemListElement":[{"@type":"ListItem","position":1,"name":"Casa","item":"https:\/\/kmblock.com\/pt-pt\/"},{"@type":"ListItem","position":2,"name":"Produtos","item":"https:\/\/kmblock.com\/pt-pt\/shop\/"},{"@type":"ListItem","position":3,"name":"Jaguar E-Pace (X540)"}]},{"@type":"WebSite","@id":"https:\/\/kmblock.com\/pt-pt\/#website","url":"https:\/\/kmblock.com\/pt-pt\/","name":"KM Block","description":"","publisher":{"@id":"https:\/\/kmblock.com\/pt-pt\/#organization"},"potentialAction":[{"@type":"SearchAction","target":{"@type":"EntryPoint","urlTemplate":"https:\/\/kmblock.com\/pt-pt\/?s={search_term_string}"},"query-input":{"@type":"PropertyValueSpecification","valueRequired":true,"valueName":"search_term_string"}}],"inLanguage":"pt-PT"},{"@type":"Organization","@id":"https:\/\/kmblock.com\/pt-pt\/#organization","name":"Bloco KM","url":"https:\/\/kmblock.com\/pt-pt\/","logo":{"@type":"ImageObject","inLanguage":"pt-PT","@id":"https:\/\/kmblock.com\/pt-pt\/#\/schema\/logo\/image\/","url":"https:\/\/kmblock.com\/wp-content\/uploads\/2024\/08\/main-logo.png","contentUrl":"https:\/\/kmblock.com\/wp-content\/uploads\/2024\/08\/main-logo.png","width":186,"height":28,"caption":"Bloco KM"},"image":{"@id":"https:\/\/kmblock.com\/pt-pt\/#\/schema\/logo\/image\/"}}]}},"_links":{"self":[{"href":"https:\/\/kmblock.com\/pt-pt\/wp-json\/wp\/v2\/product\/10723","targetHints":{"allow":["GET"]}}],"collection":[{"href":"https:\/\/kmblock.com\/pt-pt\/wp-json\/wp\/v2\/product"}],"about":[{"href":"https:\/\/kmblock.com\/pt-pt\/wp-json\/wp\/v2\/types\/product"}],"replies":[{"embeddable":true,"href":"https:\/\/kmblock.com\/pt-pt\/wp-json\/wp\/v2\/comments?post=10723"}],"wp:featuredmedia":[{"embeddable":true,"href":"https:\/\/kmblock.com\/pt-pt\/wp-json\/wp\/v2\/media\/778"}],"wp:attachment":[{"href":"https:\/\/kmblock.com\/pt-pt\/wp-json\/wp\/v2\/media?parent=10723"}],"wp:term":[{"taxonomy":"product_brand","embeddable":true,"href":"https:\/\/kmblock.com\/pt-pt\/wp-json\/wp\/v2\/product_brand?post=10723"},{"taxonomy":"product_cat","embeddable":true,"href":"https:\/\/kmblock.com\/pt-pt\/wp-json\/wp\/v2\/product_cat?post=10723"},{"taxonomy":"product_tag","embeddable":true,"href":"https:\/\/kmblock.com\/pt-pt\/wp-json\/wp\/v2\/product_tag?post=10723"}],"curies":[{"name":"wp","href":"https:\/\/api.w.org\/{rel}","templated":true}]}}