{"id":10717,"date":"2024-09-19T16:23:11","date_gmt":"2024-09-19T16:23:11","guid":{"rendered":"https:\/\/kmblock.com\/product\/bmw-z4-g29\/"},"modified":"2024-09-19T16:23:11","modified_gmt":"2024-09-19T16:23:11","slug":"bmw-z4-g29","status":"publish","type":"product","link":"https:\/\/kmblock.com\/pt-pt\/product\/bmw-z4-g29\/","title":{"rendered":"BMW Z4 G29"},"content":{"rendered":"<div class=\"flex max-w-full flex-col flex-grow\">\n<div class=\"min-h-[20px] text-message flex w-full flex-col items-end gap-2 whitespace-normal break-words [.text-message+&amp;]:mt-5\" dir=\"auto\" data-message-author-role=\"assistant\" data-message-id=\"486fbb14-d9b0-4abf-8aac-69dd9ef3f888\">\n<div class=\"flex w-full flex-col gap-1 empty:hidden first:pt-[3px]\">\n<div class=\"markdown prose w-full break-words dark:prose-invert dark\">\n<p><strong>MILEAGE BLOCKER PARA BMW Z4 G29O<\/strong>Mileage Blocker do BMW Z4 G29, tamb\u00e9m conhecido como bloqueador de od\u00f3metro, rolha de od\u00f3metro, bloqueador de lata, rolha de quilometragem, od\u00f3metro de viagem, filtro de lata ou ferramenta de corre\u00e7\u00e3o de quilometragem, foi concebido para todos os modelos BMW Z4 G29 lan\u00e7ados desde 2018.<\/p>\n<h3><strong>Especifica\u00e7\u00f5es:<\/strong><\/h3>\n<ul>\n<li><strong>Instala\u00e7\u00e3o &#8221;fa\u00e7a voc\u00ea mesmo&#8221;:<\/strong> Instala\u00e7\u00e3o f\u00e1cil, sem necessidade de ajuda profissional<\/li>\n<li><strong>Componentes de alta qualidade:<\/strong> Inclui fichas de qualidade superior e cabos resistentes ao calor<\/li>\n<li><strong>Sem mensagens de erro:<\/strong> O veloc\u00edmetro e o painel de navega\u00e7\u00e3o permanecem sem erros<\/li>\n<li><strong>N\u00e3o necessita de acesso \u00e0 ECU:<\/strong> N\u00e3o solda ou corta cabos<\/li>\n<li><strong>F\u00e1cil de utilizar:<\/strong> Funciona com v\u00e1rias combina\u00e7\u00f5es de teclas e v\u00e1rios modos<\/li>\n<li><strong>Defini\u00e7\u00f5es persistentes:<\/strong> As defini\u00e7\u00f5es s\u00e3o guardadas permanentemente ap\u00f3s a configura\u00e7\u00e3o inicial<\/li>\n<li><strong>Compatibilidade com actualiza\u00e7\u00f5es:<\/strong> Ativa o modo dois para continuar a utilizar ap\u00f3s as actualiza\u00e7\u00f5es de software<\/li>\n<li><strong>Instala\u00e7\u00e3o suave:<\/strong> A face de acoplamento e os sulcos no conetor garantem uma instala\u00e7\u00e3o f\u00e1cil<\/li>\n<li><strong>Ajuste autom\u00e1tico de servi\u00e7o:<\/strong> Mant\u00e9m os intervalos de manuten\u00e7\u00e3o exactos<\/li>\n<li><strong>N\u00e3o h\u00e1 mensagens de erro:<\/strong> O assistente de \u00e2ngulo morto e o controlo de velocidade de cruzeiro funcionam corretamente<\/li>\n<\/ul>\n<h3><strong>Ajuste de servi\u00e7o:<\/strong><\/h3>\n<ul>\n<li>O Bloqueador de quil\u00f3metros p\u00e1ra o registo de quil\u00f3metros mas ajusta automaticamente os intervalos de manuten\u00e7\u00e3o. A contagem decrescente das revis\u00f5es continua at\u00e9 restarem 30% da dist\u00e2ncia, depois reinicia para 90%. Os intervalos de manuten\u00e7\u00e3o variam consoante o tipo de motor, mas o ajuste da percentagem permanece exato.  <\/li>\n<\/ul>\n<h3><strong>Ativa\u00e7\u00e3o e desativa\u00e7\u00e3o:<\/strong><\/h3>\n<h3><strong>Modos:<\/strong><\/h3>\n<p>&#8221;Liga, mantendo premido o bot\u00e3o BC durante 10 segundos, at\u00e9 que todas as luzes do visor se acendam.<\/p>\n<p><strong>Modo verde:<\/strong> conta-quil\u00f3metros original novamente original a 100%. Funciona tudo bem. <\/p>\n<p><strong>Modo Amarelo:<\/strong> a contagem de quil\u00f3metros abrandou 30%. Por cada 100 km, conta 30 km.  Tudo funciona bem.<\/p>\n<p><strong>Modo vermelho:<\/strong> o contador de quil\u00f3metros j\u00e1 n\u00e3o est\u00e1 a 0%. A velocidade n\u00e3o funciona&#8221;. <\/p>\n<h3><strong>Informa\u00e7\u00f5es adicionais:<\/strong><\/h3>\n<ul>\n<li><strong>Defini\u00e7\u00f5es persistentes:<\/strong> O m\u00f3dulo mant\u00e9m as defini\u00e7\u00f5es aplicadas anteriormente, poupando tempo na reconfigura\u00e7\u00e3o<\/li>\n<li><strong>Op\u00e7\u00f5es de ativa\u00e7\u00e3o:<\/strong> Pode ser ativado ou desativado com o ve\u00edculo parado ou, para determinados ve\u00edculos, em movimento<\/li>\n<\/ul>\n<h3><strong>O que \u00e9 o bloqueador de conta-quil\u00f3metros do BMW Z4 G29?<\/strong><\/h3>\n<p>O bloqueador de quil\u00f3metros do BMW Z4 G29 foi concebido para impedir o registo de quil\u00f3metros para testes de desempenho. \u00c9 eficaz tanto para milhas como para quil\u00f3metros e \u00e9 compat\u00edvel com ve\u00edculos a diesel, a gasolina, PHEVs e el\u00e9ctricos. O nosso m\u00f3dulo, constru\u00eddo com componentes genu\u00ednos, garante um desempenho sem falhas. Nota: N\u00e3o disponibilizamos ferramentas de corre\u00e7\u00e3o de quilometragem destinadas a fins fraudulentos, como o retrocesso de quilometragem.   <\/p>\n<\/div>\n<\/div>\n<\/div>\n<\/div>\n","protected":false},"excerpt":{"rendered":"<div class=\"flex-shrink-0 flex flex-col relative items-end\">\n<div class=\"pt-0\">\n<div class=\"gizmo-bot-avatar flex h-8 w-8 items-center justify-center overflow-hidden rounded-full\">\n<div class=\"relative p-1 rounded-sm flex items-center justify-center bg-token-main-surface-primary text-token-text-primary h-8 w-8\">\n<p>Antes de efectuares a tua encomenda, rev\u00ea cuidadosamente as instru\u00e7\u00f5es de ativa\u00e7\u00e3o e as notas importantes relativas a mensagens de erro e funcionalidades abaixo:<\/p>\n<p><strong>Compat\u00edvel com todos os modelos BMW Z4 G29 de 2018 em diante.  <\/strong>Indicador de velocidade funcional e programas de assist\u00eancia: Funciona em modos selecionados. Assegura que a Assist\u00eancia ao \u00e2ngulo morto e o controlo da velocidade de cruzeiro permanecem sem erros. Configura\u00e7\u00e3o simples, sem necessidade de ajuda profissional. Inclui fichas de qualidade superior e cabos resistentes ao calor.   <\/p>\n<p class=\"p1\"><b> Integra\u00e7\u00e3o perfeita<\/b><b><\/b><\/p>\n<p class=\"p1\"><b> Instala\u00e7\u00e3o f\u00e1cil<\/b><b><\/b><\/p>\n<p class=\"p1\"><b> Gest\u00e3o exacta da quilometragem<\/b><b><\/b><\/p>\n<p class=\"p1\"><b> Funcionamento em modo furtivo<\/b><b><\/b><\/p>\n<p class=\"p1\"><span class=\"s1\">\u2705<\/span><b> Suporte e actualiza\u00e7\u00f5es vital\u00edcias<\/b><\/p>\n<\/div>\n<\/div>\n<\/div>\n<\/div>\n","protected":false},"featured_media":772,"comment_status":"open","ping_status":"closed","template":"","meta":[],"product_brand":[],"product_cat":[1109],"product_tag":[],"class_list":{"0":"post-10717","1":"product","2":"type-product","3":"status-publish","4":"has-post-thumbnail","6":"product_cat-bmw","8":"first","9":"instock","10":"taxable","11":"shipping-taxable","12":"purchasable","13":"product-type-variable"},"yoast_head":"<!-- This site is optimized with the Yoast SEO plugin v27.5 - https:\/\/yoast.com\/product\/yoast-seo-wordpress\/ -->\n<title>BMW Z4 G29 Mileage Blocker (KM stopper) \u2192 KM Block<\/title>\n<meta name=\"description\" content=\"Buy a BMW Z4 G29 Mileage Blocker for the Best Prices \u2713 Free Shipping \u2713 Incl. Installation Guides\" \/>\n<meta name=\"robots\" content=\"index, follow, max-snippet:-1, max-image-preview:large, max-video-preview:-1\" \/>\n<meta property=\"og:locale\" content=\"pt_PT\" \/>\n<meta property=\"og:type\" content=\"article\" \/>\n<meta property=\"og:title\" content=\"BMW Z4 G29 Mileage Blocker (KM stopper) \u2192 KM Block\" \/>\n<meta property=\"og:description\" content=\"Buy a BMW Z4 G29 Mileage Blocker for the Best Prices \u2713 Free Shipping \u2713 Incl. Installation Guides\" \/>\n<meta property=\"og:url\" content=\"https:\/\/kmblock.com\/pt-pt\/product\/bmw-z4-g29\/\" \/>\n<meta property=\"og:site_name\" content=\"KM Block\" \/>\n<meta property=\"og:image\" content=\"https:\/\/kmblock.com\/wp-content\/uploads\/2024\/09\/BMW-Z4-G29-from-2018-1-600x600-1.jpg\" \/>\n\t<meta property=\"og:image:width\" content=\"600\" \/>\n\t<meta property=\"og:image:height\" content=\"600\" \/>\n\t<meta property=\"og:image:type\" content=\"image\/jpeg\" \/>\n<meta name=\"twitter:card\" content=\"summary_large_image\" \/>\n<meta name=\"twitter:label1\" content=\"Tempo estimado de leitura\" \/>\n\t<meta name=\"twitter:data1\" content=\"2 minutos\" \/>\n<script type=\"application\/ld+json\" class=\"yoast-schema-graph\">{\"@context\":\"https:\\\/\\\/schema.org\",\"@graph\":[{\"@type\":\"WebPage\",\"@id\":\"https:\\\/\\\/kmblock.com\\\/pt-pt\\\/product\\\/bmw-z4-g29\\\/\",\"url\":\"https:\\\/\\\/kmblock.com\\\/pt-pt\\\/product\\\/bmw-z4-g29\\\/\",\"name\":\"BMW Z4 G29 Mileage Blocker (KM stopper) \u2192 KM Block\",\"isPartOf\":{\"@id\":\"https:\\\/\\\/kmblock.com\\\/pt-pt\\\/#website\"},\"primaryImageOfPage\":{\"@id\":\"https:\\\/\\\/kmblock.com\\\/pt-pt\\\/product\\\/bmw-z4-g29\\\/#primaryimage\"},\"image\":{\"@id\":\"https:\\\/\\\/kmblock.com\\\/pt-pt\\\/product\\\/bmw-z4-g29\\\/#primaryimage\"},\"thumbnailUrl\":\"https:\\\/\\\/kmblock.com\\\/wp-content\\\/uploads\\\/2024\\\/09\\\/BMW-Z4-G29-from-2018-1-600x600-1.jpg\",\"datePublished\":\"2024-09-19T16:23:11+00:00\",\"description\":\"Buy a BMW Z4 G29 Mileage Blocker for the Best Prices \u2713 Free Shipping \u2713 Incl. Installation Guides\",\"breadcrumb\":{\"@id\":\"https:\\\/\\\/kmblock.com\\\/pt-pt\\\/product\\\/bmw-z4-g29\\\/#breadcrumb\"},\"inLanguage\":\"pt-PT\",\"potentialAction\":[{\"@type\":\"ReadAction\",\"target\":[\"https:\\\/\\\/kmblock.com\\\/pt-pt\\\/product\\\/bmw-z4-g29\\\/\"]}]},{\"@type\":\"ImageObject\",\"inLanguage\":\"pt-PT\",\"@id\":\"https:\\\/\\\/kmblock.com\\\/pt-pt\\\/product\\\/bmw-z4-g29\\\/#primaryimage\",\"url\":\"https:\\\/\\\/kmblock.com\\\/wp-content\\\/uploads\\\/2024\\\/09\\\/BMW-Z4-G29-from-2018-1-600x600-1.jpg\",\"contentUrl\":\"https:\\\/\\\/kmblock.com\\\/wp-content\\\/uploads\\\/2024\\\/09\\\/BMW-Z4-G29-from-2018-1-600x600-1.jpg\",\"width\":600,\"height\":600,\"caption\":\"BMW-Z4-G29\"},{\"@type\":\"BreadcrumbList\",\"@id\":\"https:\\\/\\\/kmblock.com\\\/pt-pt\\\/product\\\/bmw-z4-g29\\\/#breadcrumb\",\"itemListElement\":[{\"@type\":\"ListItem\",\"position\":1,\"name\":\"Casa\",\"item\":\"https:\\\/\\\/kmblock.com\\\/pt-pt\\\/\"},{\"@type\":\"ListItem\",\"position\":2,\"name\":\"Produtos\",\"item\":\"https:\\\/\\\/kmblock.com\\\/pt-pt\\\/shop\\\/\"},{\"@type\":\"ListItem\",\"position\":3,\"name\":\"BMW Z4 G29\"}]},{\"@type\":\"WebSite\",\"@id\":\"https:\\\/\\\/kmblock.com\\\/pt-pt\\\/#website\",\"url\":\"https:\\\/\\\/kmblock.com\\\/pt-pt\\\/\",\"name\":\"KM Block\",\"description\":\"\",\"publisher\":{\"@id\":\"https:\\\/\\\/kmblock.com\\\/pt-pt\\\/#organization\"},\"potentialAction\":[{\"@type\":\"SearchAction\",\"target\":{\"@type\":\"EntryPoint\",\"urlTemplate\":\"https:\\\/\\\/kmblock.com\\\/pt-pt\\\/?s={search_term_string}\"},\"query-input\":{\"@type\":\"PropertyValueSpecification\",\"valueRequired\":true,\"valueName\":\"search_term_string\"}}],\"inLanguage\":\"pt-PT\"},{\"@type\":\"Organization\",\"@id\":\"https:\\\/\\\/kmblock.com\\\/pt-pt\\\/#organization\",\"name\":\"Bloco KM\",\"url\":\"https:\\\/\\\/kmblock.com\\\/pt-pt\\\/\",\"logo\":{\"@type\":\"ImageObject\",\"inLanguage\":\"pt-PT\",\"@id\":\"https:\\\/\\\/kmblock.com\\\/pt-pt\\\/#\\\/schema\\\/logo\\\/image\\\/\",\"url\":\"https:\\\/\\\/kmblock.com\\\/wp-content\\\/uploads\\\/2024\\\/08\\\/main-logo.png\",\"contentUrl\":\"https:\\\/\\\/kmblock.com\\\/wp-content\\\/uploads\\\/2024\\\/08\\\/main-logo.png\",\"width\":186,\"height\":28,\"caption\":\"Bloco KM\"},\"image\":{\"@id\":\"https:\\\/\\\/kmblock.com\\\/pt-pt\\\/#\\\/schema\\\/logo\\\/image\\\/\"}}]}<\/script>\n<!-- \/ Yoast SEO plugin. -->","yoast_head_json":{"title":"BMW Z4 G29 Mileage Blocker (KM stopper) \u2192 KM Block","description":"Buy a BMW Z4 G29 Mileage Blocker for the Best Prices \u2713 Free Shipping \u2713 Incl. Installation Guides","robots":{"index":"index","follow":"follow","max-snippet":"max-snippet:-1","max-image-preview":"max-image-preview:large","max-video-preview":"max-video-preview:-1"},"og_locale":"pt_PT","og_type":"article","og_title":"BMW Z4 G29 Mileage Blocker (KM stopper) \u2192 KM Block","og_description":"Buy a BMW Z4 G29 Mileage Blocker for the Best Prices \u2713 Free Shipping \u2713 Incl. Installation Guides","og_url":"https:\/\/kmblock.com\/pt-pt\/product\/bmw-z4-g29\/","og_site_name":"KM Block","og_image":[{"width":600,"height":600,"url":"https:\/\/kmblock.com\/wp-content\/uploads\/2024\/09\/BMW-Z4-G29-from-2018-1-600x600-1.jpg","type":"image\/jpeg"}],"twitter_card":"summary_large_image","twitter_misc":{"Tempo estimado de leitura":"2 minutos"},"schema":{"@context":"https:\/\/schema.org","@graph":[{"@type":"WebPage","@id":"https:\/\/kmblock.com\/pt-pt\/product\/bmw-z4-g29\/","url":"https:\/\/kmblock.com\/pt-pt\/product\/bmw-z4-g29\/","name":"BMW Z4 G29 Mileage Blocker (KM stopper) \u2192 KM Block","isPartOf":{"@id":"https:\/\/kmblock.com\/pt-pt\/#website"},"primaryImageOfPage":{"@id":"https:\/\/kmblock.com\/pt-pt\/product\/bmw-z4-g29\/#primaryimage"},"image":{"@id":"https:\/\/kmblock.com\/pt-pt\/product\/bmw-z4-g29\/#primaryimage"},"thumbnailUrl":"https:\/\/kmblock.com\/wp-content\/uploads\/2024\/09\/BMW-Z4-G29-from-2018-1-600x600-1.jpg","datePublished":"2024-09-19T16:23:11+00:00","description":"Buy a BMW Z4 G29 Mileage Blocker for the Best Prices \u2713 Free Shipping \u2713 Incl. Installation Guides","breadcrumb":{"@id":"https:\/\/kmblock.com\/pt-pt\/product\/bmw-z4-g29\/#breadcrumb"},"inLanguage":"pt-PT","potentialAction":[{"@type":"ReadAction","target":["https:\/\/kmblock.com\/pt-pt\/product\/bmw-z4-g29\/"]}]},{"@type":"ImageObject","inLanguage":"pt-PT","@id":"https:\/\/kmblock.com\/pt-pt\/product\/bmw-z4-g29\/#primaryimage","url":"https:\/\/kmblock.com\/wp-content\/uploads\/2024\/09\/BMW-Z4-G29-from-2018-1-600x600-1.jpg","contentUrl":"https:\/\/kmblock.com\/wp-content\/uploads\/2024\/09\/BMW-Z4-G29-from-2018-1-600x600-1.jpg","width":600,"height":600,"caption":"BMW-Z4-G29"},{"@type":"BreadcrumbList","@id":"https:\/\/kmblock.com\/pt-pt\/product\/bmw-z4-g29\/#breadcrumb","itemListElement":[{"@type":"ListItem","position":1,"name":"Casa","item":"https:\/\/kmblock.com\/pt-pt\/"},{"@type":"ListItem","position":2,"name":"Produtos","item":"https:\/\/kmblock.com\/pt-pt\/shop\/"},{"@type":"ListItem","position":3,"name":"BMW Z4 G29"}]},{"@type":"WebSite","@id":"https:\/\/kmblock.com\/pt-pt\/#website","url":"https:\/\/kmblock.com\/pt-pt\/","name":"KM Block","description":"","publisher":{"@id":"https:\/\/kmblock.com\/pt-pt\/#organization"},"potentialAction":[{"@type":"SearchAction","target":{"@type":"EntryPoint","urlTemplate":"https:\/\/kmblock.com\/pt-pt\/?s={search_term_string}"},"query-input":{"@type":"PropertyValueSpecification","valueRequired":true,"valueName":"search_term_string"}}],"inLanguage":"pt-PT"},{"@type":"Organization","@id":"https:\/\/kmblock.com\/pt-pt\/#organization","name":"Bloco KM","url":"https:\/\/kmblock.com\/pt-pt\/","logo":{"@type":"ImageObject","inLanguage":"pt-PT","@id":"https:\/\/kmblock.com\/pt-pt\/#\/schema\/logo\/image\/","url":"https:\/\/kmblock.com\/wp-content\/uploads\/2024\/08\/main-logo.png","contentUrl":"https:\/\/kmblock.com\/wp-content\/uploads\/2024\/08\/main-logo.png","width":186,"height":28,"caption":"Bloco KM"},"image":{"@id":"https:\/\/kmblock.com\/pt-pt\/#\/schema\/logo\/image\/"}}]}},"_links":{"self":[{"href":"https:\/\/kmblock.com\/pt-pt\/wp-json\/wp\/v2\/product\/10717","targetHints":{"allow":["GET"]}}],"collection":[{"href":"https:\/\/kmblock.com\/pt-pt\/wp-json\/wp\/v2\/product"}],"about":[{"href":"https:\/\/kmblock.com\/pt-pt\/wp-json\/wp\/v2\/types\/product"}],"replies":[{"embeddable":true,"href":"https:\/\/kmblock.com\/pt-pt\/wp-json\/wp\/v2\/comments?post=10717"}],"wp:featuredmedia":[{"embeddable":true,"href":"https:\/\/kmblock.com\/pt-pt\/wp-json\/wp\/v2\/media\/772"}],"wp:attachment":[{"href":"https:\/\/kmblock.com\/pt-pt\/wp-json\/wp\/v2\/media?parent=10717"}],"wp:term":[{"taxonomy":"product_brand","embeddable":true,"href":"https:\/\/kmblock.com\/pt-pt\/wp-json\/wp\/v2\/product_brand?post=10717"},{"taxonomy":"product_cat","embeddable":true,"href":"https:\/\/kmblock.com\/pt-pt\/wp-json\/wp\/v2\/product_cat?post=10717"},{"taxonomy":"product_tag","embeddable":true,"href":"https:\/\/kmblock.com\/pt-pt\/wp-json\/wp\/v2\/product_tag?post=10717"}],"curies":[{"name":"wp","href":"https:\/\/api.w.org\/{rel}","templated":true}]}}