{"id":10705,"date":"2024-09-19T04:32:29","date_gmt":"2024-09-19T04:32:29","guid":{"rendered":"https:\/\/kmblock.com\/product\/bmw-x2-f39\/"},"modified":"2024-09-19T04:32:29","modified_gmt":"2024-09-19T04:32:29","slug":"bmw-x2-f39","status":"publish","type":"product","link":"https:\/\/kmblock.com\/pt-pt\/product\/bmw-x2-f39\/","title":{"rendered":"BMW X2 F39"},"content":{"rendered":"<div class=\"flex max-w-full flex-col flex-grow\">\n<div class=\"min-h-[20px] text-message flex w-full flex-col items-end gap-2 whitespace-normal break-words [.text-message+&amp;]:mt-5\" dir=\"auto\" data-message-author-role=\"assistant\" data-message-id=\"486fbb14-d9b0-4abf-8aac-69dd9ef3f888\">\n<div class=\"flex w-full flex-col gap-1 empty:hidden first:pt-[3px]\">\n<div class=\"markdown prose w-full break-words dark:prose-invert dark\">\n<h3><strong>BLOQUEADOR DE QUIL\u00d3METROS PARA BMW X2 F39<\/strong><\/h3>\n<p><strong>Vis\u00e3o geral:<\/strong> O bloqueador de quilometragem do BMW X2 F39, tamb\u00e9m conhecido como bloqueador de od\u00f3metro, batente de od\u00f3metro, bloqueador de lata, batente de quilometragem, od\u00f3metro de viagem, filtro de lata ou ferramenta de corre\u00e7\u00e3o de quilometragem, foi concebido para se adequar a todos os modelos BMW X2 F39 lan\u00e7ados desde 2018.<\/p>\n<h3><strong>Especifica\u00e7\u00f5es:<\/strong><\/h3>\n<ul>\n<li><strong>Instala\u00e7\u00e3o:<\/strong> Faz voc\u00ea mesmo (DIY), sem necessidade de abrir ECUs, sem necessidade de soldar ou cortar cabos.<\/li>\n<li><strong>Qualidade:<\/strong> Inclui fichas de qualidade superior e cabos resistentes ao calor.<\/li>\n<li><strong>Modos:<\/strong> Apresenta v\u00e1rios modos para maior flexibilidade.<\/li>\n<li><strong>Compatibilidade com actualiza\u00e7\u00f5es de software:<\/strong> Se o ve\u00edculo tiver recebido uma atualiza\u00e7\u00e3o de software, ativa o modo dois para continuar a utilizar o dispositivo &#8211; n\u00e3o \u00e9 necess\u00e1ria qualquer troca ou atualiza\u00e7\u00e3o.<\/li>\n<li><strong>Funcionamento:<\/strong> F\u00e1cil de utilizar com v\u00e1rias combina\u00e7\u00f5es de teclas.<\/li>\n<li><strong>Mensagens de erro:<\/strong> N\u00e3o aparecem mensagens de erro no veloc\u00edmetro ou no painel de navega\u00e7\u00e3o. N\u00e3o h\u00e1 problemas com o assistente de \u00e2ngulo morto ou com a falha do controlo da velocidade de cruzeiro. <\/li>\n<li><strong>Ajuste de servi\u00e7o:<\/strong> Ajusta automaticamente os intervalos de manuten\u00e7\u00e3o.<\/li>\n<li><strong>Funcionalidade p\u00f3s-remo\u00e7\u00e3o:<\/strong> Ap\u00f3s a remo\u00e7\u00e3o do m\u00f3dulo, a quilometragem n\u00e3o aumenta espontaneamente.<\/li>\n<\/ul>\n<h3><strong>Ajuste de servi\u00e7o:<\/strong><\/h3>\n<ul>\n<li><strong>Funcionamento:<\/strong> P\u00e1ra de contar a dist\u00e2ncia percorrida nas mem\u00f3rias do ve\u00edculo e ajusta automaticamente os intervalos de manuten\u00e7\u00e3o.<\/li>\n<li><strong>Contagem decrescente de servi\u00e7o:<\/strong> O intervalo de manuten\u00e7\u00e3o faz uma contagem decrescente, mas n\u00e3o regista a quilometragem at\u00e9 atingir 30%. Se cair para 30%, reinicia automaticamente para 90%. <\/li>\n<li><strong>Intervalos de manuten\u00e7\u00e3o:<\/strong> Geralmente, a manuten\u00e7\u00e3o \u00e9 necess\u00e1ria a cada 30.000 km para motores a gas\u00f3leo e 15.000 km para motores a gasolina. A ferramenta mant\u00e9m a precis\u00e3o da contagem decrescente do servi\u00e7o enquanto a quilometragem est\u00e1 parada. <\/li>\n<\/ul>\n<h3><strong>Ativa\u00e7\u00e3o e desativa\u00e7\u00e3o:<\/strong><\/h3>\n<p>&#8221;Ativa premindo *BC com o modo *.<br \/>\n<strong>Modo 1:<\/strong> 1 piscada para a esquerda 30 por cento<\/p>\n<p><strong>Modo 2:<\/strong> 2 piscas \u00e0 esquerda 0 por cento (sem velocidade)<\/p>\n<p><strong>Modo 3:<\/strong> 3 piscas \u00e0 esquerda 0 por cento (velocidade, funciona apenas sem atualiza\u00e7\u00e3o)<\/p>\n<p><strong>Modo 4:<\/strong> 1 piscadela para a direita 100 por cento&#8221;<\/p>\n<h3><strong>O que \u00e9 o bloqueador de od\u00f3metro ou a ferramenta de corre\u00e7\u00e3o de quilometragem do BMW X2 F39?<\/strong><\/h3>\n<p>O Bloqueador de Quil\u00f3metros BMW X2 F39 foi concebido para parar a contagem de quil\u00f3metros no teu ve\u00edculo enquanto testa o seu desempenho. Dispon\u00edvel no KM Block, este m\u00f3dulo \u00e9 fabricado com componentes genu\u00ednos e garante um desempenho impec\u00e1vel, quer o teu conta-quil\u00f3metros digital conte em milhas ou quil\u00f3metros. O dispositivo \u00e9 simples de instalar e operar, usando combina\u00e7\u00f5es de teclas pr\u00e9-determinadas para alternar entre os modos.  <\/p>\n<p><strong>Nota:<\/strong> N\u00e3o vendemos ferramentas de corre\u00e7\u00e3o de quilometragem para o BMW X2 F39, uma vez que se destinam a fins enganadores, tais como o retrocesso da quilometragem, que \u00e9 ineficaz devido \u00e0s m\u00faltiplas unidades de armazenamento de dados nos autom\u00f3veis modernos.<\/p>\n<p>Oferecemos uma vasta gama de dispositivos Mileage Stopper adequados a v\u00e1rios ve\u00edculos, incluindo motores diesel-gasolina, ve\u00edculos h\u00edbridos el\u00e9ctricos plug-in (PHEV) e autom\u00f3veis el\u00e9ctricos. O processo de instala\u00e7\u00e3o \u00e9 simples e demora geralmente at\u00e9 uma hora. Liga-o entre a porta do veloc\u00edmetro e o painel de instrumentos e desfruta dos benef\u00edcios deste m\u00f3dulo avan\u00e7ado.  <\/p>\n<\/div>\n<\/div>\n<\/div>\n<\/div>\n","protected":false},"excerpt":{"rendered":"<div class=\"flex-shrink-0 flex flex-col relative items-end\">\n<div class=\"pt-0\">\n<div class=\"gizmo-bot-avatar flex h-8 w-8 items-center justify-center overflow-hidden rounded-full\">\n<div class=\"relative p-1 rounded-sm flex items-center justify-center bg-token-main-surface-primary text-token-text-primary h-8 w-8\">\n<p>Antes de efectuares a tua encomenda, rev\u00ea cuidadosamente as instru\u00e7\u00f5es de ativa\u00e7\u00e3o e as notas importantes relativas a mensagens de erro e funcionalidades abaixo:<\/p>\n<div class=\"flex-shrink-0 flex flex-col relative items-end\">\n<div class=\"pt-0\">\n<div class=\"gizmo-bot-avatar flex h-8 w-8 items-center justify-center overflow-hidden rounded-full\">\n<p><strong>Adequado para todos os modelos BMW X2 F39 lan\u00e7ados desde 2018.<\/strong>  A funcionalidade varia consoante o modo. N\u00e3o h\u00e1 problemas com o assistente de \u00e2ngulo morto ou com a falha do controlo da velocidade de cruzeiro. Faz tu mesmo, sem necessidade de ajuda profissional. Vem com fichas de qualidade superior e cabos resistentes ao calor.   <\/p>\n<p class=\"p1\"><b> Integra\u00e7\u00e3o perfeita<\/b><b><\/b><\/p>\n<p class=\"p1\"><b> Instala\u00e7\u00e3o f\u00e1cil<\/b><b><\/b><\/p>\n<p class=\"p1\"><b> Gest\u00e3o exacta da quilometragem<\/b><b><\/b><\/p>\n<p class=\"p1\"><b> Funcionamento em modo furtivo<\/b><b><\/b><\/p>\n<p class=\"p1\"><span class=\"s1\">\u2705<\/span><b> Suporte e actualiza\u00e7\u00f5es vital\u00edcias<\/b><\/p>\n<\/div>\n<\/div>\n<\/div>\n<\/div>\n<\/div>\n<\/div>\n<\/div>\n","protected":false},"featured_media":749,"comment_status":"open","ping_status":"closed","template":"","meta":[],"product_brand":[],"product_cat":[1109],"product_tag":[],"class_list":{"0":"post-10705","1":"product","2":"type-product","3":"status-publish","4":"has-post-thumbnail","6":"product_cat-bmw","8":"first","9":"instock","10":"taxable","11":"shipping-taxable","12":"purchasable","13":"product-type-variable"},"yoast_head":"<!-- This site is optimized with the Yoast SEO plugin v27.5 - https:\/\/yoast.com\/product\/yoast-seo-wordpress\/ -->\n<title>BMW X2 F39 Mileage Blocker (KM stopper) \u2192 KM Block<\/title>\n<meta name=\"description\" content=\"Buy a BMW X2 F39 Mileage Blocker for the Best Prices \u2713 Free Shipping \u2713 Incl. Installation Guides\" \/>\n<meta name=\"robots\" content=\"index, follow, max-snippet:-1, max-image-preview:large, max-video-preview:-1\" \/>\n<meta property=\"og:locale\" content=\"pt_PT\" \/>\n<meta property=\"og:type\" content=\"article\" \/>\n<meta property=\"og:title\" content=\"BMW X2 F39 Mileage Blocker (KM stopper) \u2192 KM Block\" \/>\n<meta property=\"og:description\" content=\"Buy a BMW X2 F39 Mileage Blocker for the Best Prices \u2713 Free Shipping \u2713 Incl. Installation Guides\" \/>\n<meta property=\"og:url\" content=\"https:\/\/kmblock.com\/pt-pt\/product\/bmw-x2-f39\/\" \/>\n<meta property=\"og:site_name\" content=\"KM Block\" \/>\n<meta property=\"og:image\" content=\"https:\/\/kmblock.com\/wp-content\/uploads\/2024\/09\/BMW-X2-F39.jpg\" \/>\n\t<meta property=\"og:image:width\" content=\"800\" \/>\n\t<meta property=\"og:image:height\" content=\"800\" \/>\n\t<meta property=\"og:image:type\" content=\"image\/jpeg\" \/>\n<meta name=\"twitter:card\" content=\"summary_large_image\" \/>\n<meta name=\"twitter:label1\" content=\"Tempo estimado de leitura\" \/>\n\t<meta name=\"twitter:data1\" content=\"3 minutos\" \/>\n<script type=\"application\/ld+json\" class=\"yoast-schema-graph\">{\"@context\":\"https:\\\/\\\/schema.org\",\"@graph\":[{\"@type\":\"WebPage\",\"@id\":\"https:\\\/\\\/kmblock.com\\\/pt-pt\\\/product\\\/bmw-x2-f39\\\/\",\"url\":\"https:\\\/\\\/kmblock.com\\\/pt-pt\\\/product\\\/bmw-x2-f39\\\/\",\"name\":\"BMW X2 F39 Mileage Blocker (KM stopper) \u2192 KM Block\",\"isPartOf\":{\"@id\":\"https:\\\/\\\/kmblock.com\\\/pt-pt\\\/#website\"},\"primaryImageOfPage\":{\"@id\":\"https:\\\/\\\/kmblock.com\\\/pt-pt\\\/product\\\/bmw-x2-f39\\\/#primaryimage\"},\"image\":{\"@id\":\"https:\\\/\\\/kmblock.com\\\/pt-pt\\\/product\\\/bmw-x2-f39\\\/#primaryimage\"},\"thumbnailUrl\":\"https:\\\/\\\/kmblock.com\\\/wp-content\\\/uploads\\\/2024\\\/09\\\/BMW-X2-F39.jpg\",\"datePublished\":\"2024-09-19T04:32:29+00:00\",\"description\":\"Buy a BMW X2 F39 Mileage Blocker for the Best Prices \u2713 Free Shipping \u2713 Incl. Installation Guides\",\"breadcrumb\":{\"@id\":\"https:\\\/\\\/kmblock.com\\\/pt-pt\\\/product\\\/bmw-x2-f39\\\/#breadcrumb\"},\"inLanguage\":\"pt-PT\",\"potentialAction\":[{\"@type\":\"ReadAction\",\"target\":[\"https:\\\/\\\/kmblock.com\\\/pt-pt\\\/product\\\/bmw-x2-f39\\\/\"]}]},{\"@type\":\"ImageObject\",\"inLanguage\":\"pt-PT\",\"@id\":\"https:\\\/\\\/kmblock.com\\\/pt-pt\\\/product\\\/bmw-x2-f39\\\/#primaryimage\",\"url\":\"https:\\\/\\\/kmblock.com\\\/wp-content\\\/uploads\\\/2024\\\/09\\\/BMW-X2-F39.jpg\",\"contentUrl\":\"https:\\\/\\\/kmblock.com\\\/wp-content\\\/uploads\\\/2024\\\/09\\\/BMW-X2-F39.jpg\",\"width\":800,\"height\":800,\"caption\":\"BMW X2 F39\"},{\"@type\":\"BreadcrumbList\",\"@id\":\"https:\\\/\\\/kmblock.com\\\/pt-pt\\\/product\\\/bmw-x2-f39\\\/#breadcrumb\",\"itemListElement\":[{\"@type\":\"ListItem\",\"position\":1,\"name\":\"Casa\",\"item\":\"https:\\\/\\\/kmblock.com\\\/pt-pt\\\/\"},{\"@type\":\"ListItem\",\"position\":2,\"name\":\"Produtos\",\"item\":\"https:\\\/\\\/kmblock.com\\\/pt-pt\\\/shop\\\/\"},{\"@type\":\"ListItem\",\"position\":3,\"name\":\"BMW X2 F39\"}]},{\"@type\":\"WebSite\",\"@id\":\"https:\\\/\\\/kmblock.com\\\/pt-pt\\\/#website\",\"url\":\"https:\\\/\\\/kmblock.com\\\/pt-pt\\\/\",\"name\":\"KM Block\",\"description\":\"\",\"publisher\":{\"@id\":\"https:\\\/\\\/kmblock.com\\\/pt-pt\\\/#organization\"},\"potentialAction\":[{\"@type\":\"SearchAction\",\"target\":{\"@type\":\"EntryPoint\",\"urlTemplate\":\"https:\\\/\\\/kmblock.com\\\/pt-pt\\\/?s={search_term_string}\"},\"query-input\":{\"@type\":\"PropertyValueSpecification\",\"valueRequired\":true,\"valueName\":\"search_term_string\"}}],\"inLanguage\":\"pt-PT\"},{\"@type\":\"Organization\",\"@id\":\"https:\\\/\\\/kmblock.com\\\/pt-pt\\\/#organization\",\"name\":\"Bloco KM\",\"url\":\"https:\\\/\\\/kmblock.com\\\/pt-pt\\\/\",\"logo\":{\"@type\":\"ImageObject\",\"inLanguage\":\"pt-PT\",\"@id\":\"https:\\\/\\\/kmblock.com\\\/pt-pt\\\/#\\\/schema\\\/logo\\\/image\\\/\",\"url\":\"https:\\\/\\\/kmblock.com\\\/wp-content\\\/uploads\\\/2024\\\/08\\\/main-logo.png\",\"contentUrl\":\"https:\\\/\\\/kmblock.com\\\/wp-content\\\/uploads\\\/2024\\\/08\\\/main-logo.png\",\"width\":186,\"height\":28,\"caption\":\"Bloco KM\"},\"image\":{\"@id\":\"https:\\\/\\\/kmblock.com\\\/pt-pt\\\/#\\\/schema\\\/logo\\\/image\\\/\"}}]}<\/script>\n<!-- \/ Yoast SEO plugin. -->","yoast_head_json":{"title":"BMW X2 F39 Mileage Blocker (KM stopper) \u2192 KM Block","description":"Buy a BMW X2 F39 Mileage Blocker for the Best Prices \u2713 Free Shipping \u2713 Incl. Installation Guides","robots":{"index":"index","follow":"follow","max-snippet":"max-snippet:-1","max-image-preview":"max-image-preview:large","max-video-preview":"max-video-preview:-1"},"og_locale":"pt_PT","og_type":"article","og_title":"BMW X2 F39 Mileage Blocker (KM stopper) \u2192 KM Block","og_description":"Buy a BMW X2 F39 Mileage Blocker for the Best Prices \u2713 Free Shipping \u2713 Incl. Installation Guides","og_url":"https:\/\/kmblock.com\/pt-pt\/product\/bmw-x2-f39\/","og_site_name":"KM Block","og_image":[{"width":800,"height":800,"url":"https:\/\/kmblock.com\/wp-content\/uploads\/2024\/09\/BMW-X2-F39.jpg","type":"image\/jpeg"}],"twitter_card":"summary_large_image","twitter_misc":{"Tempo estimado de leitura":"3 minutos"},"schema":{"@context":"https:\/\/schema.org","@graph":[{"@type":"WebPage","@id":"https:\/\/kmblock.com\/pt-pt\/product\/bmw-x2-f39\/","url":"https:\/\/kmblock.com\/pt-pt\/product\/bmw-x2-f39\/","name":"BMW X2 F39 Mileage Blocker (KM stopper) \u2192 KM Block","isPartOf":{"@id":"https:\/\/kmblock.com\/pt-pt\/#website"},"primaryImageOfPage":{"@id":"https:\/\/kmblock.com\/pt-pt\/product\/bmw-x2-f39\/#primaryimage"},"image":{"@id":"https:\/\/kmblock.com\/pt-pt\/product\/bmw-x2-f39\/#primaryimage"},"thumbnailUrl":"https:\/\/kmblock.com\/wp-content\/uploads\/2024\/09\/BMW-X2-F39.jpg","datePublished":"2024-09-19T04:32:29+00:00","description":"Buy a BMW X2 F39 Mileage Blocker for the Best Prices \u2713 Free Shipping \u2713 Incl. Installation Guides","breadcrumb":{"@id":"https:\/\/kmblock.com\/pt-pt\/product\/bmw-x2-f39\/#breadcrumb"},"inLanguage":"pt-PT","potentialAction":[{"@type":"ReadAction","target":["https:\/\/kmblock.com\/pt-pt\/product\/bmw-x2-f39\/"]}]},{"@type":"ImageObject","inLanguage":"pt-PT","@id":"https:\/\/kmblock.com\/pt-pt\/product\/bmw-x2-f39\/#primaryimage","url":"https:\/\/kmblock.com\/wp-content\/uploads\/2024\/09\/BMW-X2-F39.jpg","contentUrl":"https:\/\/kmblock.com\/wp-content\/uploads\/2024\/09\/BMW-X2-F39.jpg","width":800,"height":800,"caption":"BMW X2 F39"},{"@type":"BreadcrumbList","@id":"https:\/\/kmblock.com\/pt-pt\/product\/bmw-x2-f39\/#breadcrumb","itemListElement":[{"@type":"ListItem","position":1,"name":"Casa","item":"https:\/\/kmblock.com\/pt-pt\/"},{"@type":"ListItem","position":2,"name":"Produtos","item":"https:\/\/kmblock.com\/pt-pt\/shop\/"},{"@type":"ListItem","position":3,"name":"BMW X2 F39"}]},{"@type":"WebSite","@id":"https:\/\/kmblock.com\/pt-pt\/#website","url":"https:\/\/kmblock.com\/pt-pt\/","name":"KM Block","description":"","publisher":{"@id":"https:\/\/kmblock.com\/pt-pt\/#organization"},"potentialAction":[{"@type":"SearchAction","target":{"@type":"EntryPoint","urlTemplate":"https:\/\/kmblock.com\/pt-pt\/?s={search_term_string}"},"query-input":{"@type":"PropertyValueSpecification","valueRequired":true,"valueName":"search_term_string"}}],"inLanguage":"pt-PT"},{"@type":"Organization","@id":"https:\/\/kmblock.com\/pt-pt\/#organization","name":"Bloco KM","url":"https:\/\/kmblock.com\/pt-pt\/","logo":{"@type":"ImageObject","inLanguage":"pt-PT","@id":"https:\/\/kmblock.com\/pt-pt\/#\/schema\/logo\/image\/","url":"https:\/\/kmblock.com\/wp-content\/uploads\/2024\/08\/main-logo.png","contentUrl":"https:\/\/kmblock.com\/wp-content\/uploads\/2024\/08\/main-logo.png","width":186,"height":28,"caption":"Bloco KM"},"image":{"@id":"https:\/\/kmblock.com\/pt-pt\/#\/schema\/logo\/image\/"}}]}},"_links":{"self":[{"href":"https:\/\/kmblock.com\/pt-pt\/wp-json\/wp\/v2\/product\/10705","targetHints":{"allow":["GET"]}}],"collection":[{"href":"https:\/\/kmblock.com\/pt-pt\/wp-json\/wp\/v2\/product"}],"about":[{"href":"https:\/\/kmblock.com\/pt-pt\/wp-json\/wp\/v2\/types\/product"}],"replies":[{"embeddable":true,"href":"https:\/\/kmblock.com\/pt-pt\/wp-json\/wp\/v2\/comments?post=10705"}],"wp:featuredmedia":[{"embeddable":true,"href":"https:\/\/kmblock.com\/pt-pt\/wp-json\/wp\/v2\/media\/749"}],"wp:attachment":[{"href":"https:\/\/kmblock.com\/pt-pt\/wp-json\/wp\/v2\/media?parent=10705"}],"wp:term":[{"taxonomy":"product_brand","embeddable":true,"href":"https:\/\/kmblock.com\/pt-pt\/wp-json\/wp\/v2\/product_brand?post=10705"},{"taxonomy":"product_cat","embeddable":true,"href":"https:\/\/kmblock.com\/pt-pt\/wp-json\/wp\/v2\/product_cat?post=10705"},{"taxonomy":"product_tag","embeddable":true,"href":"https:\/\/kmblock.com\/pt-pt\/wp-json\/wp\/v2\/product_tag?post=10705"}],"curies":[{"name":"wp","href":"https:\/\/api.w.org\/{rel}","templated":true}]}}