{"id":10698,"date":"2024-09-19T05:01:16","date_gmt":"2024-09-19T05:01:16","guid":{"rendered":"https:\/\/kmblock.com\/product\/bmw-x4-f26\/"},"modified":"2024-09-19T05:01:16","modified_gmt":"2024-09-19T05:01:16","slug":"bmw-x4-f26","status":"publish","type":"product","link":"https:\/\/kmblock.com\/pt-pt\/product\/bmw-x4-f26\/","title":{"rendered":"BMW X4 F26"},"content":{"rendered":"<div class=\"flex max-w-full flex-col flex-grow\">\n<div class=\"min-h-[20px] text-message flex w-full flex-col items-end gap-2 whitespace-normal break-words [.text-message+&amp;]:mt-5\" dir=\"auto\" data-message-author-role=\"assistant\" data-message-id=\"486fbb14-d9b0-4abf-8aac-69dd9ef3f888\">\n<div class=\"flex w-full flex-col gap-1 empty:hidden first:pt-[3px]\">\n<div class=\"markdown prose w-full break-words dark:prose-invert dark\">\n<h3><strong>Bloqueador de Quil\u00f3metros para BMW X4 F26<\/strong><\/h3>\n<p>O Bloqueador de Quil\u00f3metros do BMW X4 F26, tamb\u00e9m conhecido por termos como Bloqueador de Od\u00f3metro, Bloqueador de Od\u00f3metro, Bloqueador de Lata, Bloqueador de Quil\u00f3metros, Od\u00f3metro de Viagem, Filtro de Lata e, ocasionalmente, como Ferramenta de Corre\u00e7\u00e3o de Quil\u00f3metros, foi concebido para todos os modelos BMW X4 F26 lan\u00e7ados entre 2014 e 2018.<\/p>\n<h3><strong>Especifica\u00e7\u00f5es:<\/strong><\/h3>\n<ul>\n<li><strong>Instala\u00e7\u00e3o:<\/strong> Faz voc\u00ea mesmo (DIY); n\u00e3o \u00e9 necess\u00e1rio soldar ou cortar cabos.<\/li>\n<li><strong>Componentes:<\/strong> Inclui fichas de alta qualidade e cabos resistentes ao calor.<\/li>\n<li><strong>Funcionamento:<\/strong> F\u00e1cil de utilizar com v\u00e1rias combina\u00e7\u00f5es de teclas.<\/li>\n<li><strong>Actualiza\u00e7\u00f5es de software:<\/strong> Se o teu ve\u00edculo tiver recebido uma atualiza\u00e7\u00e3o de software, ativa o modo dois para continuares a utilizar o dispositivo &#8211; sem necessidade de troca ou atualiza\u00e7\u00e3o.<\/li>\n<li><strong>Conector:<\/strong> A face de encaixe e os sulcos garantem uma instala\u00e7\u00e3o suave.<\/li>\n<li><strong>Funcionamento:<\/strong> N\u00e3o \u00e9 necess\u00e1rio abrir as UCE e, ap\u00f3s a remo\u00e7\u00e3o, a quilometragem n\u00e3o aumenta espontaneamente.<\/li>\n<li><strong>Configura\u00e7\u00f5es:<\/strong> Uma vez definidas, s\u00e3o guardadas incondicionalmente.<\/li>\n<li><strong>Indicador de velocidade e sistemas de assist\u00eancia:<\/strong> Funciona em determinados modos.<\/li>\n<li><strong>Mensagens de erro:<\/strong> N\u00e3o h\u00e1 mensagens de erro do assistente de \u00e2ngulo morto ou de falha do controlo de cruzeiro.<\/li>\n<li><strong>Precis\u00e3o:<\/strong> Para os modos que alteram a quilometragem, \u00e9 permitido um desvio de at\u00e9 1% da dist\u00e2ncia percorrida. Os dados relativos \u00e0 quilometragem parada s\u00e3o aproximados. <\/li>\n<\/ul>\n<h3><strong>Ajuste de servi\u00e7o:<\/strong><\/h3>\n<ul>\n<li>O Bloqueador de Quil\u00f3metros p\u00e1ra a contagem de quil\u00f3metros em todas as mem\u00f3rias do ve\u00edculo, mas continua a contar o &#8221;Servi\u00e7o&#8221; at\u00e9 atingir 30%. Aos 30%, reinicia automaticamente para 90%. Por exemplo, se o intervalo de servi\u00e7o for de 30.000 km e forem percorridos 1.000 km, a pr\u00f3xima contagem de servi\u00e7o ser\u00e1 de 29.000 km. Se a quilometragem for interrompida, o servi\u00e7o continua at\u00e9 atingir 30%, depois volta a 90% (27.000 km).   <\/li>\n<\/ul>\n<h3><strong>Ativa\u00e7\u00e3o e desativa\u00e7\u00e3o:<\/strong><\/h3>\n<p>&#8221;Ativa premindo *BC com o modo *.<br \/>\n<strong>Modo 1:<\/strong> 1 piscada para a esquerda 30 por cento<\/p>\n<p><strong>Modo 2:<\/strong> 2 piscas \u00e0 esquerda 0 por cento (sem velocidade)<\/p>\n<p><strong>Modo 3:<\/strong> 3 piscas \u00e0 esquerda 0 por cento (velocidade, funciona apenas sem atualiza\u00e7\u00e3o)<\/p>\n<p><strong>Modo 4:<\/strong> 1 piscadela para a direita 100 por cento&#8221;<\/p>\n<p><strong>Nota:<\/strong> O dispositivo mant\u00e9m as defini\u00e7\u00f5es aplicadas anteriormente, pelo que n\u00e3o \u00e9 necess\u00e1rio voltar a configur\u00e1-lo antes de ligar o autom\u00f3vel de cada vez. Pode ser ativado ou desativado em movimento (para determinados ve\u00edculos) ou quando est\u00e1 parado. <\/p>\n<p><strong>Objetivo:<\/strong> O bloqueador de quilometragem do BMW X4 F26 permite-te testar o desempenho do ve\u00edculo sem acumular quilometragem extra. Os nossos m\u00f3dulos de componentes genu\u00ednos asseguram um funcionamento sem falhas para ve\u00edculos com leitura digital do conta-quil\u00f3metros em milhas ou quil\u00f3metros. Funciona com motores a diesel, a gasolina, ve\u00edculos h\u00edbridos el\u00e9tricos plug-in (PHEVs) e carros el\u00e9tricos.  <\/p>\n<p><strong>Importante:<\/strong> N\u00e3o oferecemos ferramentas de corre\u00e7\u00e3o de quilometragem para o BMW X4 F26, uma vez que se destinam a fins fraudulentos e s\u00f3 podem remover parcialmente os valores de quilometragem dos od\u00f3metros. Os ve\u00edculos modernos t\u00eam v\u00e1rias unidades de armazenamento de dados, tornando as ferramentas de revers\u00e3o ineficazes. <\/p>\n<p><strong>Instala\u00e7\u00e3o:<\/strong> \u00c9 simples e n\u00e3o requer conhecimentos profundos de manuten\u00e7\u00e3o do ve\u00edculo. Liga-o entre o veloc\u00edmetro e o painel de instrumentos e utiliza combina\u00e7\u00f5es de teclas pr\u00e9-determinadas para mudar de modo. <\/p>\n<p>O BMW X4 F26 Mileage Blocker \u00e9 uma ferramenta vers\u00e1til para testes de desempenho controlados.<\/p>\n<\/div>\n<\/div>\n<\/div>\n<\/div>\n","protected":false},"excerpt":{"rendered":"<div class=\"flex-shrink-0 flex flex-col relative items-end\">\n<div class=\"pt-0\">\n<div class=\"gizmo-bot-avatar flex h-8 w-8 items-center justify-center overflow-hidden rounded-full\">\n<div class=\"relative p-1 rounded-sm flex items-center justify-center bg-token-main-surface-primary text-token-text-primary h-8 w-8\">\n<p>Antes de efectuares a tua encomenda, rev\u00ea cuidadosamente as instru\u00e7\u00f5es de ativa\u00e7\u00e3o e as notas importantes relativas a mensagens de erro e funcionalidades abaixo:<\/p>\n<p><strong>Adequado para todos os modelos BMW X4 F26 lan\u00e7ados entre 2014 e 2018.  <\/strong>Funciona em determinados modos. N\u00e3o h\u00e1 problemas com o assistente de \u00e2ngulo morto ou com o controlo da velocidade de cruzeiro. Faz tu mesmo (DIY); n\u00e3o \u00e9 necess\u00e1ria ajuda profissional. Inclui fichas de qualidade superior e cabos resistentes ao calor.   <\/p>\n<p class=\"p1\"><b> Integra\u00e7\u00e3o perfeita<\/b><b><\/b><\/p>\n<p class=\"p1\"><b> Instala\u00e7\u00e3o f\u00e1cil<\/b><b><\/b><\/p>\n<p class=\"p1\"><b> Gest\u00e3o exacta da quilometragem<\/b><b><\/b><\/p>\n<p class=\"p1\"><b> Funcionamento em modo furtivo<\/b><b><\/b><\/p>\n<p class=\"p1\"><span class=\"s1\">\u2705<\/span><b> Suporte e actualiza\u00e7\u00f5es vital\u00edcias<\/b><\/p>\n<\/div>\n<\/div>\n<\/div>\n<\/div>\n","protected":false},"featured_media":755,"comment_status":"open","ping_status":"closed","template":"","meta":[],"product_brand":[],"product_cat":[1109],"product_tag":[],"class_list":{"0":"post-10698","1":"product","2":"type-product","3":"status-publish","4":"has-post-thumbnail","6":"product_cat-bmw","8":"first","9":"instock","10":"taxable","11":"shipping-taxable","12":"purchasable","13":"product-type-variable"},"yoast_head":"<!-- This site is optimized with the Yoast SEO plugin v27.5 - https:\/\/yoast.com\/product\/yoast-seo-wordpress\/ -->\n<title>BMW X4 F26 Mileage Blocker (KM stopper) \u2192 KM Block<\/title>\n<meta name=\"description\" content=\"Buy a BMW X4 F26 Mileage Blocker for the Best Prices \u2713 Free Shipping \u2713 Incl. Installation Guides\" \/>\n<meta name=\"robots\" content=\"index, follow, max-snippet:-1, max-image-preview:large, max-video-preview:-1\" \/>\n<meta property=\"og:locale\" content=\"pt_PT\" \/>\n<meta property=\"og:type\" content=\"article\" \/>\n<meta property=\"og:title\" content=\"BMW X4 F26 Mileage Blocker (KM stopper) \u2192 KM Block\" \/>\n<meta property=\"og:description\" content=\"Buy a BMW X4 F26 Mileage Blocker for the Best Prices \u2713 Free Shipping \u2713 Incl. Installation Guides\" \/>\n<meta property=\"og:url\" content=\"https:\/\/kmblock.com\/pt-pt\/product\/bmw-x4-f26\/\" \/>\n<meta property=\"og:site_name\" content=\"KM Block\" \/>\n<meta property=\"og:image\" content=\"https:\/\/kmblock.com\/wp-content\/uploads\/2024\/09\/BMW-X4-F26.jpg\" \/>\n\t<meta property=\"og:image:width\" content=\"800\" \/>\n\t<meta property=\"og:image:height\" content=\"800\" \/>\n\t<meta property=\"og:image:type\" content=\"image\/jpeg\" \/>\n<meta name=\"twitter:card\" content=\"summary_large_image\" \/>\n<meta name=\"twitter:label1\" content=\"Tempo estimado de leitura\" \/>\n\t<meta name=\"twitter:data1\" content=\"3 minutos\" \/>\n<script type=\"application\/ld+json\" class=\"yoast-schema-graph\">{\"@context\":\"https:\\\/\\\/schema.org\",\"@graph\":[{\"@type\":\"WebPage\",\"@id\":\"https:\\\/\\\/kmblock.com\\\/pt-pt\\\/product\\\/bmw-x4-f26\\\/\",\"url\":\"https:\\\/\\\/kmblock.com\\\/pt-pt\\\/product\\\/bmw-x4-f26\\\/\",\"name\":\"BMW X4 F26 Mileage Blocker (KM stopper) \u2192 KM Block\",\"isPartOf\":{\"@id\":\"https:\\\/\\\/kmblock.com\\\/pt-pt\\\/#website\"},\"primaryImageOfPage\":{\"@id\":\"https:\\\/\\\/kmblock.com\\\/pt-pt\\\/product\\\/bmw-x4-f26\\\/#primaryimage\"},\"image\":{\"@id\":\"https:\\\/\\\/kmblock.com\\\/pt-pt\\\/product\\\/bmw-x4-f26\\\/#primaryimage\"},\"thumbnailUrl\":\"https:\\\/\\\/kmblock.com\\\/wp-content\\\/uploads\\\/2024\\\/09\\\/BMW-X4-F26.jpg\",\"datePublished\":\"2024-09-19T05:01:16+00:00\",\"description\":\"Buy a BMW X4 F26 Mileage Blocker for the Best Prices \u2713 Free Shipping \u2713 Incl. Installation Guides\",\"breadcrumb\":{\"@id\":\"https:\\\/\\\/kmblock.com\\\/pt-pt\\\/product\\\/bmw-x4-f26\\\/#breadcrumb\"},\"inLanguage\":\"pt-PT\",\"potentialAction\":[{\"@type\":\"ReadAction\",\"target\":[\"https:\\\/\\\/kmblock.com\\\/pt-pt\\\/product\\\/bmw-x4-f26\\\/\"]}]},{\"@type\":\"ImageObject\",\"inLanguage\":\"pt-PT\",\"@id\":\"https:\\\/\\\/kmblock.com\\\/pt-pt\\\/product\\\/bmw-x4-f26\\\/#primaryimage\",\"url\":\"https:\\\/\\\/kmblock.com\\\/wp-content\\\/uploads\\\/2024\\\/09\\\/BMW-X4-F26.jpg\",\"contentUrl\":\"https:\\\/\\\/kmblock.com\\\/wp-content\\\/uploads\\\/2024\\\/09\\\/BMW-X4-F26.jpg\",\"width\":800,\"height\":800,\"caption\":\"BMW X4 F26\"},{\"@type\":\"BreadcrumbList\",\"@id\":\"https:\\\/\\\/kmblock.com\\\/pt-pt\\\/product\\\/bmw-x4-f26\\\/#breadcrumb\",\"itemListElement\":[{\"@type\":\"ListItem\",\"position\":1,\"name\":\"Casa\",\"item\":\"https:\\\/\\\/kmblock.com\\\/pt-pt\\\/\"},{\"@type\":\"ListItem\",\"position\":2,\"name\":\"Produtos\",\"item\":\"https:\\\/\\\/kmblock.com\\\/pt-pt\\\/shop\\\/\"},{\"@type\":\"ListItem\",\"position\":3,\"name\":\"BMW X4 F26\"}]},{\"@type\":\"WebSite\",\"@id\":\"https:\\\/\\\/kmblock.com\\\/pt-pt\\\/#website\",\"url\":\"https:\\\/\\\/kmblock.com\\\/pt-pt\\\/\",\"name\":\"KM Block\",\"description\":\"\",\"publisher\":{\"@id\":\"https:\\\/\\\/kmblock.com\\\/pt-pt\\\/#organization\"},\"potentialAction\":[{\"@type\":\"SearchAction\",\"target\":{\"@type\":\"EntryPoint\",\"urlTemplate\":\"https:\\\/\\\/kmblock.com\\\/pt-pt\\\/?s={search_term_string}\"},\"query-input\":{\"@type\":\"PropertyValueSpecification\",\"valueRequired\":true,\"valueName\":\"search_term_string\"}}],\"inLanguage\":\"pt-PT\"},{\"@type\":\"Organization\",\"@id\":\"https:\\\/\\\/kmblock.com\\\/pt-pt\\\/#organization\",\"name\":\"Bloco KM\",\"url\":\"https:\\\/\\\/kmblock.com\\\/pt-pt\\\/\",\"logo\":{\"@type\":\"ImageObject\",\"inLanguage\":\"pt-PT\",\"@id\":\"https:\\\/\\\/kmblock.com\\\/pt-pt\\\/#\\\/schema\\\/logo\\\/image\\\/\",\"url\":\"https:\\\/\\\/kmblock.com\\\/wp-content\\\/uploads\\\/2024\\\/08\\\/main-logo.png\",\"contentUrl\":\"https:\\\/\\\/kmblock.com\\\/wp-content\\\/uploads\\\/2024\\\/08\\\/main-logo.png\",\"width\":186,\"height\":28,\"caption\":\"Bloco KM\"},\"image\":{\"@id\":\"https:\\\/\\\/kmblock.com\\\/pt-pt\\\/#\\\/schema\\\/logo\\\/image\\\/\"}}]}<\/script>\n<!-- \/ Yoast SEO plugin. -->","yoast_head_json":{"title":"BMW X4 F26 Mileage Blocker (KM stopper) \u2192 KM Block","description":"Buy a BMW X4 F26 Mileage Blocker for the Best Prices \u2713 Free Shipping \u2713 Incl. Installation Guides","robots":{"index":"index","follow":"follow","max-snippet":"max-snippet:-1","max-image-preview":"max-image-preview:large","max-video-preview":"max-video-preview:-1"},"og_locale":"pt_PT","og_type":"article","og_title":"BMW X4 F26 Mileage Blocker (KM stopper) \u2192 KM Block","og_description":"Buy a BMW X4 F26 Mileage Blocker for the Best Prices \u2713 Free Shipping \u2713 Incl. Installation Guides","og_url":"https:\/\/kmblock.com\/pt-pt\/product\/bmw-x4-f26\/","og_site_name":"KM Block","og_image":[{"width":800,"height":800,"url":"https:\/\/kmblock.com\/wp-content\/uploads\/2024\/09\/BMW-X4-F26.jpg","type":"image\/jpeg"}],"twitter_card":"summary_large_image","twitter_misc":{"Tempo estimado de leitura":"3 minutos"},"schema":{"@context":"https:\/\/schema.org","@graph":[{"@type":"WebPage","@id":"https:\/\/kmblock.com\/pt-pt\/product\/bmw-x4-f26\/","url":"https:\/\/kmblock.com\/pt-pt\/product\/bmw-x4-f26\/","name":"BMW X4 F26 Mileage Blocker (KM stopper) \u2192 KM Block","isPartOf":{"@id":"https:\/\/kmblock.com\/pt-pt\/#website"},"primaryImageOfPage":{"@id":"https:\/\/kmblock.com\/pt-pt\/product\/bmw-x4-f26\/#primaryimage"},"image":{"@id":"https:\/\/kmblock.com\/pt-pt\/product\/bmw-x4-f26\/#primaryimage"},"thumbnailUrl":"https:\/\/kmblock.com\/wp-content\/uploads\/2024\/09\/BMW-X4-F26.jpg","datePublished":"2024-09-19T05:01:16+00:00","description":"Buy a BMW X4 F26 Mileage Blocker for the Best Prices \u2713 Free Shipping \u2713 Incl. Installation Guides","breadcrumb":{"@id":"https:\/\/kmblock.com\/pt-pt\/product\/bmw-x4-f26\/#breadcrumb"},"inLanguage":"pt-PT","potentialAction":[{"@type":"ReadAction","target":["https:\/\/kmblock.com\/pt-pt\/product\/bmw-x4-f26\/"]}]},{"@type":"ImageObject","inLanguage":"pt-PT","@id":"https:\/\/kmblock.com\/pt-pt\/product\/bmw-x4-f26\/#primaryimage","url":"https:\/\/kmblock.com\/wp-content\/uploads\/2024\/09\/BMW-X4-F26.jpg","contentUrl":"https:\/\/kmblock.com\/wp-content\/uploads\/2024\/09\/BMW-X4-F26.jpg","width":800,"height":800,"caption":"BMW X4 F26"},{"@type":"BreadcrumbList","@id":"https:\/\/kmblock.com\/pt-pt\/product\/bmw-x4-f26\/#breadcrumb","itemListElement":[{"@type":"ListItem","position":1,"name":"Casa","item":"https:\/\/kmblock.com\/pt-pt\/"},{"@type":"ListItem","position":2,"name":"Produtos","item":"https:\/\/kmblock.com\/pt-pt\/shop\/"},{"@type":"ListItem","position":3,"name":"BMW X4 F26"}]},{"@type":"WebSite","@id":"https:\/\/kmblock.com\/pt-pt\/#website","url":"https:\/\/kmblock.com\/pt-pt\/","name":"KM Block","description":"","publisher":{"@id":"https:\/\/kmblock.com\/pt-pt\/#organization"},"potentialAction":[{"@type":"SearchAction","target":{"@type":"EntryPoint","urlTemplate":"https:\/\/kmblock.com\/pt-pt\/?s={search_term_string}"},"query-input":{"@type":"PropertyValueSpecification","valueRequired":true,"valueName":"search_term_string"}}],"inLanguage":"pt-PT"},{"@type":"Organization","@id":"https:\/\/kmblock.com\/pt-pt\/#organization","name":"Bloco KM","url":"https:\/\/kmblock.com\/pt-pt\/","logo":{"@type":"ImageObject","inLanguage":"pt-PT","@id":"https:\/\/kmblock.com\/pt-pt\/#\/schema\/logo\/image\/","url":"https:\/\/kmblock.com\/wp-content\/uploads\/2024\/08\/main-logo.png","contentUrl":"https:\/\/kmblock.com\/wp-content\/uploads\/2024\/08\/main-logo.png","width":186,"height":28,"caption":"Bloco KM"},"image":{"@id":"https:\/\/kmblock.com\/pt-pt\/#\/schema\/logo\/image\/"}}]}},"_links":{"self":[{"href":"https:\/\/kmblock.com\/pt-pt\/wp-json\/wp\/v2\/product\/10698","targetHints":{"allow":["GET"]}}],"collection":[{"href":"https:\/\/kmblock.com\/pt-pt\/wp-json\/wp\/v2\/product"}],"about":[{"href":"https:\/\/kmblock.com\/pt-pt\/wp-json\/wp\/v2\/types\/product"}],"replies":[{"embeddable":true,"href":"https:\/\/kmblock.com\/pt-pt\/wp-json\/wp\/v2\/comments?post=10698"}],"wp:featuredmedia":[{"embeddable":true,"href":"https:\/\/kmblock.com\/pt-pt\/wp-json\/wp\/v2\/media\/755"}],"wp:attachment":[{"href":"https:\/\/kmblock.com\/pt-pt\/wp-json\/wp\/v2\/media?parent=10698"}],"wp:term":[{"taxonomy":"product_brand","embeddable":true,"href":"https:\/\/kmblock.com\/pt-pt\/wp-json\/wp\/v2\/product_brand?post=10698"},{"taxonomy":"product_cat","embeddable":true,"href":"https:\/\/kmblock.com\/pt-pt\/wp-json\/wp\/v2\/product_cat?post=10698"},{"taxonomy":"product_tag","embeddable":true,"href":"https:\/\/kmblock.com\/pt-pt\/wp-json\/wp\/v2\/product_tag?post=10698"}],"curies":[{"name":"wp","href":"https:\/\/api.w.org\/{rel}","templated":true}]}}