{"id":10681,"date":"2024-09-19T04:24:59","date_gmt":"2024-09-19T04:24:59","guid":{"rendered":"https:\/\/kmblock.com\/product\/bmw-ix3-g08\/"},"modified":"2024-09-19T04:24:59","modified_gmt":"2024-09-19T04:24:59","slug":"bmw-ix3-g08","status":"publish","type":"product","link":"https:\/\/kmblock.com\/pt-pt\/product\/bmw-ix3-g08\/","title":{"rendered":"BMW IX3 G08"},"content":{"rendered":"<div class=\"flex max-w-full flex-col flex-grow\">\n<div class=\"min-h-[20px] text-message flex w-full flex-col items-end gap-2 whitespace-normal break-words [.text-message+&amp;]:mt-5\" dir=\"auto\" data-message-author-role=\"assistant\" data-message-id=\"486fbb14-d9b0-4abf-8aac-69dd9ef3f888\">\n<div class=\"flex w-full flex-col gap-1 empty:hidden first:pt-[3px]\">\n<div class=\"markdown prose w-full break-words dark:prose-invert dark\">\n<h3>Bloqueador de Quil\u00f3metros para BMW X3 G01<\/h3>\n<p>O Bloqueador de Quil\u00f3metros do BMW X3 G01, tamb\u00e9m conhecido como Bloqueador de Od\u00f3metro, Bloqueador de Od\u00f3metro, Bloqueador de Latas, Bloqueador de Quil\u00f3metros, Od\u00f3metro de Viagem, Filtro de Latas ou Ferramenta de Corre\u00e7\u00e3o de Quil\u00f3metros, foi concebido para os modelos BMW X3 G01 lan\u00e7ados desde 2017.<\/p>\n<h4><strong>Especifica\u00e7\u00f5es:<\/strong><\/h4>\n<ul>\n<li><strong>Instala\u00e7\u00e3o:<\/strong> Faz voc\u00ea mesmo (DIY); n\u00e3o \u00e9 necess\u00e1rio abrir ECUs ou cortar\/soldar cabos.<\/li>\n<li><strong>Componentes:<\/strong> Inclui fichas de alta qualidade e cabos resistentes ao calor.<\/li>\n<li><strong>Funcionamento:<\/strong> F\u00e1cil de utilizar com v\u00e1rias combina\u00e7\u00f5es de teclas; as defini\u00e7\u00f5es s\u00e3o guardadas permanentemente.<\/li>\n<li><strong>Modos:<\/strong> Disp\u00f5e de v\u00e1rios modos para diferentes necessidades.<\/li>\n<li><strong>Ajuste do servi\u00e7o:<\/strong> Ajusta automaticamente os intervalos de manuten\u00e7\u00e3o; a contagem decrescente da manuten\u00e7\u00e3o continua, mas a quilometragem n\u00e3o \u00e9 registada at\u00e9 restarem 30%. O intervalo de manuten\u00e7\u00e3o \u00e9 reposto para 90% se descer para 30%. <\/li>\n<li><strong>Ap\u00f3s a remo\u00e7\u00e3o:<\/strong> Ap\u00f3s a remo\u00e7\u00e3o do m\u00f3dulo, a quilometragem n\u00e3o aumentar\u00e1 espontaneamente.<\/li>\n<li><strong>Indicador de velocidade e sistemas de assist\u00eancia:<\/strong> Funciona apenas em determinados modos.<\/li>\n<li><strong>Mensagens de erro:<\/strong> N\u00e3o h\u00e1 mensagens de erro no veloc\u00edmetro ou no painel de navega\u00e7\u00e3o; n\u00e3o h\u00e1 problemas com o assistente de \u00e2ngulo morto ou com o controlo de velocidade de cruzeiro.<\/li>\n<\/ul>\n<h4><strong>Modos:<\/strong><\/h4>\n<p>&#8221;Liga, mantendo premido o bot\u00e3o BC durante 10 segundos, at\u00e9 que todas as luzes do visor se acendam.<\/p>\n<p><strong>Modo verde:<\/strong> conta-quil\u00f3metros original novamente original a 100%. Funciona tudo bem. <\/p>\n<p><strong>Modo Amarelo:<\/strong> a contagem de quil\u00f3metros abrandou 30%. Em cada 100 km, conta 30 km. Tudo funciona bem.  <\/p>\n<p><strong>Modo vermelho:<\/strong> o contador de quil\u00f3metros j\u00e1 n\u00e3o est\u00e1 a 0%. A velocidade n\u00e3o funciona&#8221;. <\/p>\n<h4><strong>Nota sobre os bloqueadores de quil\u00f3metros:<\/strong><\/h4>\n<p>O bloqueador de quil\u00f3metros do BMW X3 G01 foi concebido para ajudar a impedir o registo de quil\u00f3metros extra durante os testes de desempenho. Trabalha eficazmente tanto com milhas como com quil\u00f3metros. O nosso dispositivo n\u00e3o \u00e9 uma ferramenta de corre\u00e7\u00e3o de quilometragem, que \u00e9 utilizada para fins fraudulentos, como a revers\u00e3o da quilometragem. Os ve\u00edculos modernos t\u00eam v\u00e1rias unidades de armazenamento de dados, o que torna as tentativas de retrocesso ineficazes.   <\/p>\n<p>Oferecemos uma variedade de dispositivos Mileage Stopper adequados a diferentes ve\u00edculos, incluindo motores a diesel, a gasolina, ve\u00edculos h\u00edbridos el\u00e9ctricos plug-in (PHEVs) e carros el\u00e9ctricos. A instala\u00e7\u00e3o \u00e9 simples e n\u00e3o requer grandes conhecimentos sobre o ve\u00edculo &#8211; basta lig\u00e1-lo entre a porta do veloc\u00edmetro e o painel de instrumentos. <\/p>\n<p><strong>O bloqueador de quilometragem do BMW X3 G01 \u00e9 uma ferramenta fi\u00e1vel para testar o desempenho num ambiente controlado.<\/strong><\/p>\n<\/div>\n<\/div>\n<\/div>\n<\/div>\n","protected":false},"excerpt":{"rendered":"<div class=\"flex-shrink-0 flex flex-col relative items-end\">\n<div class=\"pt-0\">\n<div class=\"gizmo-bot-avatar flex h-8 w-8 items-center justify-center overflow-hidden rounded-full\">\n<div class=\"relative p-1 rounded-sm flex items-center justify-center bg-token-main-surface-primary text-token-text-primary h-8 w-8\">\n<p>Antes de efectuares a tua encomenda, rev\u00ea cuidadosamente as instru\u00e7\u00f5es de ativa\u00e7\u00e3o e as notas importantes relativas a mensagens de erro e funcionalidades abaixo:<\/p>\n<p><strong>Compatibilidades: Adequado para todos os modelos BMW X3 G01 lan\u00e7ados desde 2017.  <\/strong>  Funciona em determinados modos. Sem mensagens de erro relacionadas com a assist\u00eancia ao \u00e2ngulo morto ou com a falha do controlo de cruzeiro. Faz tu mesmo (DIY) com fichas de qualidade superior e cabos resistentes ao calor; n\u00e3o \u00e9 necess\u00e1rio abrir a ECU ou cortar os cabos. Funciona com o LCD 6WB ou com o Live Cockpit.   <\/p>\n<p class=\"p1\"><b> Integra\u00e7\u00e3o perfeita<\/b><b><\/b><\/p>\n<p class=\"p1\"><b> Instala\u00e7\u00e3o f\u00e1cil<\/b><b><\/b><\/p>\n<p class=\"p1\"><b> Gest\u00e3o exacta da quilometragem<\/b><b><\/b><\/p>\n<p class=\"p1\"><b> Funcionamento em modo furtivo<\/b><b><\/b><\/p>\n<p class=\"p1\"><span class=\"s1\">\u2705<\/span><b> Suporte e actualiza\u00e7\u00f5es vital\u00edcias<\/b><\/p>\n<\/div>\n<\/div>\n<\/div>\n<\/div>\n","protected":false},"featured_media":745,"comment_status":"open","ping_status":"closed","template":"","meta":[],"product_brand":[],"product_cat":[1109],"product_tag":[],"class_list":{"0":"post-10681","1":"product","2":"type-product","3":"status-publish","4":"has-post-thumbnail","6":"product_cat-bmw","8":"first","9":"instock","10":"taxable","11":"shipping-taxable","12":"purchasable","13":"product-type-variable"},"yoast_head":"<!-- This site is optimized with the Yoast SEO plugin v27.5 - https:\/\/yoast.com\/product\/yoast-seo-wordpress\/ -->\n<title>BMW IX3 G08 Mileage Blocker (KM stopper) \u2192 KM Block<\/title>\n<meta name=\"description\" content=\"Buy a BMW IX3 G08 Mileage Blocker for the Best Prices \u2713 Free Shipping \u2713 Incl. Installation Guides\" \/>\n<meta name=\"robots\" content=\"index, follow, max-snippet:-1, max-image-preview:large, max-video-preview:-1\" \/>\n<meta property=\"og:locale\" content=\"pt_PT\" \/>\n<meta property=\"og:type\" content=\"article\" \/>\n<meta property=\"og:title\" content=\"BMW IX3 G08 Mileage Blocker (KM stopper) \u2192 KM Block\" \/>\n<meta property=\"og:description\" content=\"Buy a BMW IX3 G08 Mileage Blocker for the Best Prices \u2713 Free Shipping \u2713 Incl. Installation Guides\" \/>\n<meta property=\"og:url\" content=\"https:\/\/kmblock.com\/pt-pt\/product\/bmw-ix3-g08\/\" \/>\n<meta property=\"og:site_name\" content=\"KM Block\" \/>\n<meta property=\"og:image\" content=\"https:\/\/kmblock.com\/wp-content\/uploads\/2024\/09\/BMW-IX3-g08.jpg\" \/>\n\t<meta property=\"og:image:width\" content=\"800\" \/>\n\t<meta property=\"og:image:height\" content=\"800\" \/>\n\t<meta property=\"og:image:type\" content=\"image\/jpeg\" \/>\n<meta name=\"twitter:card\" content=\"summary_large_image\" \/>\n<meta name=\"twitter:label1\" content=\"Tempo estimado de leitura\" \/>\n\t<meta name=\"twitter:data1\" content=\"2 minutos\" \/>\n<script type=\"application\/ld+json\" class=\"yoast-schema-graph\">{\"@context\":\"https:\\\/\\\/schema.org\",\"@graph\":[{\"@type\":\"WebPage\",\"@id\":\"https:\\\/\\\/kmblock.com\\\/pt-pt\\\/product\\\/bmw-ix3-g08\\\/\",\"url\":\"https:\\\/\\\/kmblock.com\\\/pt-pt\\\/product\\\/bmw-ix3-g08\\\/\",\"name\":\"BMW IX3 G08 Mileage Blocker (KM stopper) \u2192 KM Block\",\"isPartOf\":{\"@id\":\"https:\\\/\\\/kmblock.com\\\/pt-pt\\\/#website\"},\"primaryImageOfPage\":{\"@id\":\"https:\\\/\\\/kmblock.com\\\/pt-pt\\\/product\\\/bmw-ix3-g08\\\/#primaryimage\"},\"image\":{\"@id\":\"https:\\\/\\\/kmblock.com\\\/pt-pt\\\/product\\\/bmw-ix3-g08\\\/#primaryimage\"},\"thumbnailUrl\":\"https:\\\/\\\/kmblock.com\\\/wp-content\\\/uploads\\\/2024\\\/09\\\/BMW-IX3-g08.jpg\",\"datePublished\":\"2024-09-19T04:24:59+00:00\",\"description\":\"Buy a BMW IX3 G08 Mileage Blocker for the Best Prices \u2713 Free Shipping \u2713 Incl. Installation Guides\",\"breadcrumb\":{\"@id\":\"https:\\\/\\\/kmblock.com\\\/pt-pt\\\/product\\\/bmw-ix3-g08\\\/#breadcrumb\"},\"inLanguage\":\"pt-PT\",\"potentialAction\":[{\"@type\":\"ReadAction\",\"target\":[\"https:\\\/\\\/kmblock.com\\\/pt-pt\\\/product\\\/bmw-ix3-g08\\\/\"]}]},{\"@type\":\"ImageObject\",\"inLanguage\":\"pt-PT\",\"@id\":\"https:\\\/\\\/kmblock.com\\\/pt-pt\\\/product\\\/bmw-ix3-g08\\\/#primaryimage\",\"url\":\"https:\\\/\\\/kmblock.com\\\/wp-content\\\/uploads\\\/2024\\\/09\\\/BMW-IX3-g08.jpg\",\"contentUrl\":\"https:\\\/\\\/kmblock.com\\\/wp-content\\\/uploads\\\/2024\\\/09\\\/BMW-IX3-g08.jpg\",\"width\":800,\"height\":800,\"caption\":\"BMW IX3 g08\"},{\"@type\":\"BreadcrumbList\",\"@id\":\"https:\\\/\\\/kmblock.com\\\/pt-pt\\\/product\\\/bmw-ix3-g08\\\/#breadcrumb\",\"itemListElement\":[{\"@type\":\"ListItem\",\"position\":1,\"name\":\"Casa\",\"item\":\"https:\\\/\\\/kmblock.com\\\/pt-pt\\\/\"},{\"@type\":\"ListItem\",\"position\":2,\"name\":\"Produtos\",\"item\":\"https:\\\/\\\/kmblock.com\\\/pt-pt\\\/shop\\\/\"},{\"@type\":\"ListItem\",\"position\":3,\"name\":\"BMW IX3 G08\"}]},{\"@type\":\"WebSite\",\"@id\":\"https:\\\/\\\/kmblock.com\\\/pt-pt\\\/#website\",\"url\":\"https:\\\/\\\/kmblock.com\\\/pt-pt\\\/\",\"name\":\"KM Block\",\"description\":\"\",\"publisher\":{\"@id\":\"https:\\\/\\\/kmblock.com\\\/pt-pt\\\/#organization\"},\"potentialAction\":[{\"@type\":\"SearchAction\",\"target\":{\"@type\":\"EntryPoint\",\"urlTemplate\":\"https:\\\/\\\/kmblock.com\\\/pt-pt\\\/?s={search_term_string}\"},\"query-input\":{\"@type\":\"PropertyValueSpecification\",\"valueRequired\":true,\"valueName\":\"search_term_string\"}}],\"inLanguage\":\"pt-PT\"},{\"@type\":\"Organization\",\"@id\":\"https:\\\/\\\/kmblock.com\\\/pt-pt\\\/#organization\",\"name\":\"Bloco KM\",\"url\":\"https:\\\/\\\/kmblock.com\\\/pt-pt\\\/\",\"logo\":{\"@type\":\"ImageObject\",\"inLanguage\":\"pt-PT\",\"@id\":\"https:\\\/\\\/kmblock.com\\\/pt-pt\\\/#\\\/schema\\\/logo\\\/image\\\/\",\"url\":\"https:\\\/\\\/kmblock.com\\\/wp-content\\\/uploads\\\/2024\\\/08\\\/main-logo.png\",\"contentUrl\":\"https:\\\/\\\/kmblock.com\\\/wp-content\\\/uploads\\\/2024\\\/08\\\/main-logo.png\",\"width\":186,\"height\":28,\"caption\":\"Bloco KM\"},\"image\":{\"@id\":\"https:\\\/\\\/kmblock.com\\\/pt-pt\\\/#\\\/schema\\\/logo\\\/image\\\/\"}}]}<\/script>\n<!-- \/ Yoast SEO plugin. -->","yoast_head_json":{"title":"BMW IX3 G08 Mileage Blocker (KM stopper) \u2192 KM Block","description":"Buy a BMW IX3 G08 Mileage Blocker for the Best Prices \u2713 Free Shipping \u2713 Incl. Installation Guides","robots":{"index":"index","follow":"follow","max-snippet":"max-snippet:-1","max-image-preview":"max-image-preview:large","max-video-preview":"max-video-preview:-1"},"og_locale":"pt_PT","og_type":"article","og_title":"BMW IX3 G08 Mileage Blocker (KM stopper) \u2192 KM Block","og_description":"Buy a BMW IX3 G08 Mileage Blocker for the Best Prices \u2713 Free Shipping \u2713 Incl. Installation Guides","og_url":"https:\/\/kmblock.com\/pt-pt\/product\/bmw-ix3-g08\/","og_site_name":"KM Block","og_image":[{"width":800,"height":800,"url":"https:\/\/kmblock.com\/wp-content\/uploads\/2024\/09\/BMW-IX3-g08.jpg","type":"image\/jpeg"}],"twitter_card":"summary_large_image","twitter_misc":{"Tempo estimado de leitura":"2 minutos"},"schema":{"@context":"https:\/\/schema.org","@graph":[{"@type":"WebPage","@id":"https:\/\/kmblock.com\/pt-pt\/product\/bmw-ix3-g08\/","url":"https:\/\/kmblock.com\/pt-pt\/product\/bmw-ix3-g08\/","name":"BMW IX3 G08 Mileage Blocker (KM stopper) \u2192 KM Block","isPartOf":{"@id":"https:\/\/kmblock.com\/pt-pt\/#website"},"primaryImageOfPage":{"@id":"https:\/\/kmblock.com\/pt-pt\/product\/bmw-ix3-g08\/#primaryimage"},"image":{"@id":"https:\/\/kmblock.com\/pt-pt\/product\/bmw-ix3-g08\/#primaryimage"},"thumbnailUrl":"https:\/\/kmblock.com\/wp-content\/uploads\/2024\/09\/BMW-IX3-g08.jpg","datePublished":"2024-09-19T04:24:59+00:00","description":"Buy a BMW IX3 G08 Mileage Blocker for the Best Prices \u2713 Free Shipping \u2713 Incl. Installation Guides","breadcrumb":{"@id":"https:\/\/kmblock.com\/pt-pt\/product\/bmw-ix3-g08\/#breadcrumb"},"inLanguage":"pt-PT","potentialAction":[{"@type":"ReadAction","target":["https:\/\/kmblock.com\/pt-pt\/product\/bmw-ix3-g08\/"]}]},{"@type":"ImageObject","inLanguage":"pt-PT","@id":"https:\/\/kmblock.com\/pt-pt\/product\/bmw-ix3-g08\/#primaryimage","url":"https:\/\/kmblock.com\/wp-content\/uploads\/2024\/09\/BMW-IX3-g08.jpg","contentUrl":"https:\/\/kmblock.com\/wp-content\/uploads\/2024\/09\/BMW-IX3-g08.jpg","width":800,"height":800,"caption":"BMW IX3 g08"},{"@type":"BreadcrumbList","@id":"https:\/\/kmblock.com\/pt-pt\/product\/bmw-ix3-g08\/#breadcrumb","itemListElement":[{"@type":"ListItem","position":1,"name":"Casa","item":"https:\/\/kmblock.com\/pt-pt\/"},{"@type":"ListItem","position":2,"name":"Produtos","item":"https:\/\/kmblock.com\/pt-pt\/shop\/"},{"@type":"ListItem","position":3,"name":"BMW IX3 G08"}]},{"@type":"WebSite","@id":"https:\/\/kmblock.com\/pt-pt\/#website","url":"https:\/\/kmblock.com\/pt-pt\/","name":"KM Block","description":"","publisher":{"@id":"https:\/\/kmblock.com\/pt-pt\/#organization"},"potentialAction":[{"@type":"SearchAction","target":{"@type":"EntryPoint","urlTemplate":"https:\/\/kmblock.com\/pt-pt\/?s={search_term_string}"},"query-input":{"@type":"PropertyValueSpecification","valueRequired":true,"valueName":"search_term_string"}}],"inLanguage":"pt-PT"},{"@type":"Organization","@id":"https:\/\/kmblock.com\/pt-pt\/#organization","name":"Bloco KM","url":"https:\/\/kmblock.com\/pt-pt\/","logo":{"@type":"ImageObject","inLanguage":"pt-PT","@id":"https:\/\/kmblock.com\/pt-pt\/#\/schema\/logo\/image\/","url":"https:\/\/kmblock.com\/wp-content\/uploads\/2024\/08\/main-logo.png","contentUrl":"https:\/\/kmblock.com\/wp-content\/uploads\/2024\/08\/main-logo.png","width":186,"height":28,"caption":"Bloco KM"},"image":{"@id":"https:\/\/kmblock.com\/pt-pt\/#\/schema\/logo\/image\/"}}]}},"_links":{"self":[{"href":"https:\/\/kmblock.com\/pt-pt\/wp-json\/wp\/v2\/product\/10681","targetHints":{"allow":["GET"]}}],"collection":[{"href":"https:\/\/kmblock.com\/pt-pt\/wp-json\/wp\/v2\/product"}],"about":[{"href":"https:\/\/kmblock.com\/pt-pt\/wp-json\/wp\/v2\/types\/product"}],"replies":[{"embeddable":true,"href":"https:\/\/kmblock.com\/pt-pt\/wp-json\/wp\/v2\/comments?post=10681"}],"wp:featuredmedia":[{"embeddable":true,"href":"https:\/\/kmblock.com\/pt-pt\/wp-json\/wp\/v2\/media\/745"}],"wp:attachment":[{"href":"https:\/\/kmblock.com\/pt-pt\/wp-json\/wp\/v2\/media?parent=10681"}],"wp:term":[{"taxonomy":"product_brand","embeddable":true,"href":"https:\/\/kmblock.com\/pt-pt\/wp-json\/wp\/v2\/product_brand?post=10681"},{"taxonomy":"product_cat","embeddable":true,"href":"https:\/\/kmblock.com\/pt-pt\/wp-json\/wp\/v2\/product_cat?post=10681"},{"taxonomy":"product_tag","embeddable":true,"href":"https:\/\/kmblock.com\/pt-pt\/wp-json\/wp\/v2\/product_tag?post=10681"}],"curies":[{"name":"wp","href":"https:\/\/api.w.org\/{rel}","templated":true}]}}