{"id":10626,"date":"2024-09-19T02:11:02","date_gmt":"2024-09-19T02:11:02","guid":{"rendered":"https:\/\/kmblock.com\/product\/bmw-8er-g14-g15-g16-f93\/"},"modified":"2024-09-19T02:11:02","modified_gmt":"2024-09-19T02:11:02","slug":"bmw-8er-g14-g15-g16-f93","status":"publish","type":"product","link":"https:\/\/kmblock.com\/pt-pt\/product\/bmw-8er-g14-g15-g16-f93\/","title":{"rendered":"BMW 8ER G14\/G15\/G16\/F93"},"content":{"rendered":"<div class=\"flex max-w-full flex-col flex-grow\">\n<div class=\"min-h-[20px] text-message flex w-full flex-col items-end gap-2 whitespace-normal break-words [.text-message+&amp;]:mt-5\" dir=\"auto\" data-message-author-role=\"assistant\" data-message-id=\"486fbb14-d9b0-4abf-8aac-69dd9ef3f888\">\n<div class=\"flex w-full flex-col gap-1 empty:hidden first:pt-[3px]\">\n<div class=\"markdown prose w-full break-words dark:prose-invert dark\">\n<h3><strong>Bloqueador de Quil\u00f3metros para BMW 8ER G14\/G15\/G16\/F93<\/strong><\/h3>\n<p><strong>Descri\u00e7\u00e3o:<\/strong> O Bloqueador de Quil\u00f3metros BMW 8ER G14\/G15\/G16\/F93, tamb\u00e9m conhecido como Bloqueador de Od\u00f3metro, Limitador de Quil\u00f3metros ou Filtro de Lata, foi concebido para controlar e parar a contagem de quil\u00f3metros nos teus modelos BMW S\u00e9rie 8 lan\u00e7ados desde 2018. \u00c9 ideal para testes de desempenho e pode ser usado em v\u00e1rios tipos de ve\u00edculos, incluindo diesel, gasolina, ve\u00edculos h\u00edbridos el\u00e9tricos plug-in (PHEVs) e carros el\u00e9tricos. <\/p>\n<h3><strong>Especifica\u00e7\u00f5es:<\/strong><\/h3>\n<ul>\n<li><strong>Instala\u00e7\u00e3o:<\/strong> Instala\u00e7\u00e3o simples e r\u00e1pida do tipo &#8221;fa\u00e7a voc\u00ea mesmo&#8221; com fichas de qualidade superior e cabos resistentes ao calor. N\u00e3o necessita de soldar ou cortar os cabos. <\/li>\n<li><strong>Modos:<\/strong> Disp\u00f5e de v\u00e1rios modos, com defini\u00e7\u00f5es guardadas incondicionalmente.<\/li>\n<li><strong>Compatibilidade:<\/strong> Funciona com o 6WB LCD e o Live Cockpit. Se o teu ve\u00edculo receber uma atualiza\u00e7\u00e3o de software, ativa o modo dois para continuares a utilizar o dispositivo sem necessidade de troca ou atualiza\u00e7\u00e3o. <\/li>\n<li><strong>Funcionamento:<\/strong> F\u00e1cil de utilizar com v\u00e1rias combina\u00e7\u00f5es de teclas. A quilometragem n\u00e3o aumenta ap\u00f3s a remo\u00e7\u00e3o da ferramenta. <\/li>\n<li><strong>Ajuste de servi\u00e7o:<\/strong> Ajusta automaticamente os intervalos de manuten\u00e7\u00e3o. A contagem da quilometragem \u00e9 interrompida, mas o contador de servi\u00e7o continua at\u00e9 atingir 30% antes de voltar a 90% se a quilometragem for interrompida. <\/li>\n<li><strong>Mensagens de erro:<\/strong> N\u00e3o h\u00e1 mensagens de erro de assist\u00eancia ao \u00e2ngulo morto ou de falha do controlo da velocidade de cruzeiro. O indicador de velocidade e os sistemas de assist\u00eancia funcionam em determinados modos. <\/li>\n<\/ul>\n<h3><strong>Modos:<\/strong><\/h3>\n<p>&#8221;Liga, mantendo premido o bot\u00e3o BC durante 10 segundos, at\u00e9 que todas as luzes do visor se acendam.<\/p>\n<p><strong>Modo verde:<\/strong> conta-quil\u00f3metros original novamente original a 100%. Funciona tudo bem. <\/p>\n<p><strong>Modo Amarelo:<\/strong> a contagem de quil\u00f3metros abrandou 30%. Em cada 100 km, conta 30 km. Tudo funciona bem.  <\/p>\n<p><strong>Modo vermelho:<\/strong> o contador de quil\u00f3metros j\u00e1 n\u00e3o est\u00e1 a 0%. A velocidade n\u00e3o funciona&#8221;. <\/p>\n<h4><strong>Notas importantes:<\/strong><\/h4>\n<ul>\n<li><strong>Funciona:<\/strong> A ferramenta Mileage Blocker mant\u00e9m as \u00faltimas defini\u00e7\u00f5es aplicadas, pelo que n\u00e3o precisas de as repor antes de ligares o carro da pr\u00f3xima vez.<\/li>\n<li><strong>Movimento do ve\u00edculo:<\/strong> O dispositivo pode ser ativado ou desativado em movimento (para determinados ve\u00edculos) ou quando est\u00e1 parado.<\/li>\n<\/ul>\n<p><strong>Aviso:<\/strong> Esta ferramenta n\u00e3o se destina a fins fraudulentos. N\u00e3o vendemos ferramentas de corre\u00e7\u00e3o de quilometragem concebidas para reverter a quilometragem, que muitas vezes falham devido \u00e0s m\u00faltiplas unidades de armazenamento de dados nos ve\u00edculos modernos. O nosso dispositivo destina-se a uma utiliza\u00e7\u00e3o leg\u00edtima, como testes de desempenho.  <\/p>\n<p><strong>Encomenda:<\/strong> Certifica-te de que compreendes a ativa\u00e7\u00e3o e as fun\u00e7\u00f5es do m\u00f3dulo antes de fazeres uma encomenda. Para mais informa\u00e7\u00f5es ou para comprar, visita a KM Block. <\/p>\n<\/div>\n<\/div>\n<\/div>\n<\/div>\n","protected":false},"excerpt":{"rendered":"<div class=\"flex-shrink-0 flex flex-col relative items-end\">\n<div class=\"pt-0\">\n<div class=\"gizmo-bot-avatar flex h-8 w-8 items-center justify-center overflow-hidden rounded-full\">\n<div class=\"relative p-1 rounded-sm flex items-center justify-center bg-token-main-surface-primary text-token-text-primary h-8 w-8\">\n<p>Consulta as seguintes informa\u00e7\u00f5es sobre o bloqueador de quil\u00f3metros BMW 8ER G14\/G15\/G16\/F93:<\/p>\n<p><strong>Adequado para todos os modelos BMW S\u00e9rie 8 (G14\/G15\/G16\/F93) lan\u00e7ados desde 2018.  <\/strong>O indicador de velocidade e os programas de assist\u00eancia s\u00f3 funcionam em determinados modos. N\u00e3o h\u00e1 mensagens de erro do assistente de \u00e2ngulo morto ou de falha do controlo da velocidade de cruzeiro. Instala\u00e7\u00e3o simples do tipo &#8221;fa\u00e7a voc\u00ea mesmo&#8221; com fichas de qualidade superior e cabos resistentes ao calor; n\u00e3o \u00e9 necess\u00e1rio soldar ou cortar.  <\/p>\n<p class=\"p1\"><b> Integra\u00e7\u00e3o perfeita<\/b><b><\/b><\/p>\n<p class=\"p1\"><b> Instala\u00e7\u00e3o f\u00e1cil<\/b><b><\/b><\/p>\n<p class=\"p1\"><b> Gest\u00e3o exacta da quilometragem<\/b><b><\/b><\/p>\n<p class=\"p1\"><b> Funcionamento em modo furtivo<\/b><b><\/b><\/p>\n<p class=\"p1\"><span class=\"s1\">\u2705<\/span><b> Suporte e actualiza\u00e7\u00f5es vital\u00edcias<\/b><\/p>\n<\/div>\n<\/div>\n<\/div>\n<\/div>\n","protected":false},"featured_media":737,"comment_status":"open","ping_status":"closed","template":"","meta":[],"product_brand":[],"product_cat":[1109],"product_tag":[],"class_list":{"0":"post-10626","1":"product","2":"type-product","3":"status-publish","4":"has-post-thumbnail","6":"product_cat-bmw","8":"first","9":"instock","10":"taxable","11":"shipping-taxable","12":"purchasable","13":"product-type-variable"},"yoast_head":"<!-- This site is optimized with the Yoast SEO plugin v27.5 - https:\/\/yoast.com\/product\/yoast-seo-wordpress\/ -->\n<title>BMW 8ER G14\/G15\/G16\/F93 Mileage Blocker (KM stopper) \u2192 KM Block<\/title>\n<meta name=\"description\" content=\"Buy a BMW 8ER G14\/G15\/G16\/F93 Mileage Blocker for the Best Prices \u2713 Free Shipping \u2713 Incl. Installation Guides\" \/>\n<meta name=\"robots\" content=\"index, follow, max-snippet:-1, max-image-preview:large, max-video-preview:-1\" \/>\n<meta property=\"og:locale\" content=\"pt_PT\" \/>\n<meta property=\"og:type\" content=\"article\" \/>\n<meta property=\"og:title\" content=\"BMW 8ER G14\/G15\/G16\/F93 Mileage Blocker (KM stopper) \u2192 KM Block\" \/>\n<meta property=\"og:description\" content=\"Buy a BMW 8ER G14\/G15\/G16\/F93 Mileage Blocker for the Best Prices \u2713 Free Shipping \u2713 Incl. Installation Guides\" \/>\n<meta property=\"og:url\" content=\"https:\/\/kmblock.com\/pt-pt\/product\/bmw-8er-g14-g15-g16-f93\/\" \/>\n<meta property=\"og:site_name\" content=\"KM Block\" \/>\n<meta property=\"og:image\" content=\"https:\/\/kmblock.com\/wp-content\/uploads\/2024\/09\/BMW-8ER-G14G15G16F93.jpg\" \/>\n\t<meta property=\"og:image:width\" content=\"800\" \/>\n\t<meta property=\"og:image:height\" content=\"800\" \/>\n\t<meta property=\"og:image:type\" content=\"image\/jpeg\" \/>\n<meta name=\"twitter:card\" content=\"summary_large_image\" \/>\n<meta name=\"twitter:label1\" content=\"Tempo estimado de leitura\" \/>\n\t<meta name=\"twitter:data1\" content=\"2 minutos\" \/>\n<script type=\"application\/ld+json\" class=\"yoast-schema-graph\">{\"@context\":\"https:\\\/\\\/schema.org\",\"@graph\":[{\"@type\":\"WebPage\",\"@id\":\"https:\\\/\\\/kmblock.com\\\/pt-pt\\\/product\\\/bmw-8er-g14-g15-g16-f93\\\/\",\"url\":\"https:\\\/\\\/kmblock.com\\\/pt-pt\\\/product\\\/bmw-8er-g14-g15-g16-f93\\\/\",\"name\":\"BMW 8ER G14\\\/G15\\\/G16\\\/F93 Mileage Blocker (KM stopper) \u2192 KM Block\",\"isPartOf\":{\"@id\":\"https:\\\/\\\/kmblock.com\\\/pt-pt\\\/#website\"},\"primaryImageOfPage\":{\"@id\":\"https:\\\/\\\/kmblock.com\\\/pt-pt\\\/product\\\/bmw-8er-g14-g15-g16-f93\\\/#primaryimage\"},\"image\":{\"@id\":\"https:\\\/\\\/kmblock.com\\\/pt-pt\\\/product\\\/bmw-8er-g14-g15-g16-f93\\\/#primaryimage\"},\"thumbnailUrl\":\"https:\\\/\\\/kmblock.com\\\/wp-content\\\/uploads\\\/2024\\\/09\\\/BMW-8ER-G14G15G16F93.jpg\",\"datePublished\":\"2024-09-19T02:11:02+00:00\",\"description\":\"Buy a BMW 8ER G14\\\/G15\\\/G16\\\/F93 Mileage Blocker for the Best Prices \u2713 Free Shipping \u2713 Incl. Installation Guides\",\"breadcrumb\":{\"@id\":\"https:\\\/\\\/kmblock.com\\\/pt-pt\\\/product\\\/bmw-8er-g14-g15-g16-f93\\\/#breadcrumb\"},\"inLanguage\":\"pt-PT\",\"potentialAction\":[{\"@type\":\"ReadAction\",\"target\":[\"https:\\\/\\\/kmblock.com\\\/pt-pt\\\/product\\\/bmw-8er-g14-g15-g16-f93\\\/\"]}]},{\"@type\":\"ImageObject\",\"inLanguage\":\"pt-PT\",\"@id\":\"https:\\\/\\\/kmblock.com\\\/pt-pt\\\/product\\\/bmw-8er-g14-g15-g16-f93\\\/#primaryimage\",\"url\":\"https:\\\/\\\/kmblock.com\\\/wp-content\\\/uploads\\\/2024\\\/09\\\/BMW-8ER-G14G15G16F93.jpg\",\"contentUrl\":\"https:\\\/\\\/kmblock.com\\\/wp-content\\\/uploads\\\/2024\\\/09\\\/BMW-8ER-G14G15G16F93.jpg\",\"width\":800,\"height\":800,\"caption\":\"BMW 8ER G14\\\/G15\\\/G16\\\/F93\"},{\"@type\":\"BreadcrumbList\",\"@id\":\"https:\\\/\\\/kmblock.com\\\/pt-pt\\\/product\\\/bmw-8er-g14-g15-g16-f93\\\/#breadcrumb\",\"itemListElement\":[{\"@type\":\"ListItem\",\"position\":1,\"name\":\"Casa\",\"item\":\"https:\\\/\\\/kmblock.com\\\/pt-pt\\\/\"},{\"@type\":\"ListItem\",\"position\":2,\"name\":\"Produtos\",\"item\":\"https:\\\/\\\/kmblock.com\\\/pt-pt\\\/shop\\\/\"},{\"@type\":\"ListItem\",\"position\":3,\"name\":\"BMW 8ER G14\\\/G15\\\/G16\\\/F93\"}]},{\"@type\":\"WebSite\",\"@id\":\"https:\\\/\\\/kmblock.com\\\/pt-pt\\\/#website\",\"url\":\"https:\\\/\\\/kmblock.com\\\/pt-pt\\\/\",\"name\":\"KM Block\",\"description\":\"\",\"publisher\":{\"@id\":\"https:\\\/\\\/kmblock.com\\\/pt-pt\\\/#organization\"},\"potentialAction\":[{\"@type\":\"SearchAction\",\"target\":{\"@type\":\"EntryPoint\",\"urlTemplate\":\"https:\\\/\\\/kmblock.com\\\/pt-pt\\\/?s={search_term_string}\"},\"query-input\":{\"@type\":\"PropertyValueSpecification\",\"valueRequired\":true,\"valueName\":\"search_term_string\"}}],\"inLanguage\":\"pt-PT\"},{\"@type\":\"Organization\",\"@id\":\"https:\\\/\\\/kmblock.com\\\/pt-pt\\\/#organization\",\"name\":\"Bloco KM\",\"url\":\"https:\\\/\\\/kmblock.com\\\/pt-pt\\\/\",\"logo\":{\"@type\":\"ImageObject\",\"inLanguage\":\"pt-PT\",\"@id\":\"https:\\\/\\\/kmblock.com\\\/pt-pt\\\/#\\\/schema\\\/logo\\\/image\\\/\",\"url\":\"https:\\\/\\\/kmblock.com\\\/wp-content\\\/uploads\\\/2024\\\/08\\\/main-logo.png\",\"contentUrl\":\"https:\\\/\\\/kmblock.com\\\/wp-content\\\/uploads\\\/2024\\\/08\\\/main-logo.png\",\"width\":186,\"height\":28,\"caption\":\"Bloco KM\"},\"image\":{\"@id\":\"https:\\\/\\\/kmblock.com\\\/pt-pt\\\/#\\\/schema\\\/logo\\\/image\\\/\"}}]}<\/script>\n<!-- \/ Yoast SEO plugin. -->","yoast_head_json":{"title":"BMW 8ER G14\/G15\/G16\/F93 Mileage Blocker (KM stopper) \u2192 KM Block","description":"Buy a BMW 8ER G14\/G15\/G16\/F93 Mileage Blocker for the Best Prices \u2713 Free Shipping \u2713 Incl. Installation Guides","robots":{"index":"index","follow":"follow","max-snippet":"max-snippet:-1","max-image-preview":"max-image-preview:large","max-video-preview":"max-video-preview:-1"},"og_locale":"pt_PT","og_type":"article","og_title":"BMW 8ER G14\/G15\/G16\/F93 Mileage Blocker (KM stopper) \u2192 KM Block","og_description":"Buy a BMW 8ER G14\/G15\/G16\/F93 Mileage Blocker for the Best Prices \u2713 Free Shipping \u2713 Incl. Installation Guides","og_url":"https:\/\/kmblock.com\/pt-pt\/product\/bmw-8er-g14-g15-g16-f93\/","og_site_name":"KM Block","og_image":[{"width":800,"height":800,"url":"https:\/\/kmblock.com\/wp-content\/uploads\/2024\/09\/BMW-8ER-G14G15G16F93.jpg","type":"image\/jpeg"}],"twitter_card":"summary_large_image","twitter_misc":{"Tempo estimado de leitura":"2 minutos"},"schema":{"@context":"https:\/\/schema.org","@graph":[{"@type":"WebPage","@id":"https:\/\/kmblock.com\/pt-pt\/product\/bmw-8er-g14-g15-g16-f93\/","url":"https:\/\/kmblock.com\/pt-pt\/product\/bmw-8er-g14-g15-g16-f93\/","name":"BMW 8ER G14\/G15\/G16\/F93 Mileage Blocker (KM stopper) \u2192 KM Block","isPartOf":{"@id":"https:\/\/kmblock.com\/pt-pt\/#website"},"primaryImageOfPage":{"@id":"https:\/\/kmblock.com\/pt-pt\/product\/bmw-8er-g14-g15-g16-f93\/#primaryimage"},"image":{"@id":"https:\/\/kmblock.com\/pt-pt\/product\/bmw-8er-g14-g15-g16-f93\/#primaryimage"},"thumbnailUrl":"https:\/\/kmblock.com\/wp-content\/uploads\/2024\/09\/BMW-8ER-G14G15G16F93.jpg","datePublished":"2024-09-19T02:11:02+00:00","description":"Buy a BMW 8ER G14\/G15\/G16\/F93 Mileage Blocker for the Best Prices \u2713 Free Shipping \u2713 Incl. Installation Guides","breadcrumb":{"@id":"https:\/\/kmblock.com\/pt-pt\/product\/bmw-8er-g14-g15-g16-f93\/#breadcrumb"},"inLanguage":"pt-PT","potentialAction":[{"@type":"ReadAction","target":["https:\/\/kmblock.com\/pt-pt\/product\/bmw-8er-g14-g15-g16-f93\/"]}]},{"@type":"ImageObject","inLanguage":"pt-PT","@id":"https:\/\/kmblock.com\/pt-pt\/product\/bmw-8er-g14-g15-g16-f93\/#primaryimage","url":"https:\/\/kmblock.com\/wp-content\/uploads\/2024\/09\/BMW-8ER-G14G15G16F93.jpg","contentUrl":"https:\/\/kmblock.com\/wp-content\/uploads\/2024\/09\/BMW-8ER-G14G15G16F93.jpg","width":800,"height":800,"caption":"BMW 8ER G14\/G15\/G16\/F93"},{"@type":"BreadcrumbList","@id":"https:\/\/kmblock.com\/pt-pt\/product\/bmw-8er-g14-g15-g16-f93\/#breadcrumb","itemListElement":[{"@type":"ListItem","position":1,"name":"Casa","item":"https:\/\/kmblock.com\/pt-pt\/"},{"@type":"ListItem","position":2,"name":"Produtos","item":"https:\/\/kmblock.com\/pt-pt\/shop\/"},{"@type":"ListItem","position":3,"name":"BMW 8ER G14\/G15\/G16\/F93"}]},{"@type":"WebSite","@id":"https:\/\/kmblock.com\/pt-pt\/#website","url":"https:\/\/kmblock.com\/pt-pt\/","name":"KM Block","description":"","publisher":{"@id":"https:\/\/kmblock.com\/pt-pt\/#organization"},"potentialAction":[{"@type":"SearchAction","target":{"@type":"EntryPoint","urlTemplate":"https:\/\/kmblock.com\/pt-pt\/?s={search_term_string}"},"query-input":{"@type":"PropertyValueSpecification","valueRequired":true,"valueName":"search_term_string"}}],"inLanguage":"pt-PT"},{"@type":"Organization","@id":"https:\/\/kmblock.com\/pt-pt\/#organization","name":"Bloco KM","url":"https:\/\/kmblock.com\/pt-pt\/","logo":{"@type":"ImageObject","inLanguage":"pt-PT","@id":"https:\/\/kmblock.com\/pt-pt\/#\/schema\/logo\/image\/","url":"https:\/\/kmblock.com\/wp-content\/uploads\/2024\/08\/main-logo.png","contentUrl":"https:\/\/kmblock.com\/wp-content\/uploads\/2024\/08\/main-logo.png","width":186,"height":28,"caption":"Bloco KM"},"image":{"@id":"https:\/\/kmblock.com\/pt-pt\/#\/schema\/logo\/image\/"}}]}},"_links":{"self":[{"href":"https:\/\/kmblock.com\/pt-pt\/wp-json\/wp\/v2\/product\/10626","targetHints":{"allow":["GET"]}}],"collection":[{"href":"https:\/\/kmblock.com\/pt-pt\/wp-json\/wp\/v2\/product"}],"about":[{"href":"https:\/\/kmblock.com\/pt-pt\/wp-json\/wp\/v2\/types\/product"}],"replies":[{"embeddable":true,"href":"https:\/\/kmblock.com\/pt-pt\/wp-json\/wp\/v2\/comments?post=10626"}],"wp:featuredmedia":[{"embeddable":true,"href":"https:\/\/kmblock.com\/pt-pt\/wp-json\/wp\/v2\/media\/737"}],"wp:attachment":[{"href":"https:\/\/kmblock.com\/pt-pt\/wp-json\/wp\/v2\/media?parent=10626"}],"wp:term":[{"taxonomy":"product_brand","embeddable":true,"href":"https:\/\/kmblock.com\/pt-pt\/wp-json\/wp\/v2\/product_brand?post=10626"},{"taxonomy":"product_cat","embeddable":true,"href":"https:\/\/kmblock.com\/pt-pt\/wp-json\/wp\/v2\/product_cat?post=10626"},{"taxonomy":"product_tag","embeddable":true,"href":"https:\/\/kmblock.com\/pt-pt\/wp-json\/wp\/v2\/product_tag?post=10626"}],"curies":[{"name":"wp","href":"https:\/\/api.w.org\/{rel}","templated":true}]}}