{"id":10625,"date":"2024-09-19T03:56:43","date_gmt":"2024-09-19T03:56:43","guid":{"rendered":"https:\/\/kmblock.com\/product\/bmw-i3-i03\/"},"modified":"2024-09-19T03:56:43","modified_gmt":"2024-09-19T03:56:43","slug":"bmw-i3-i03","status":"publish","type":"product","link":"https:\/\/kmblock.com\/pt-pt\/product\/bmw-i3-i03\/","title":{"rendered":"BMW I3 (I03)"},"content":{"rendered":"<div class=\"flex max-w-full flex-col flex-grow\">\n<div class=\"min-h-[20px] text-message flex w-full flex-col items-end gap-2 whitespace-normal break-words [.text-message+&amp;]:mt-5\" dir=\"auto\" data-message-author-role=\"assistant\" data-message-id=\"486fbb14-d9b0-4abf-8aac-69dd9ef3f888\">\n<div class=\"flex w-full flex-col gap-1 empty:hidden first:pt-[3px]\">\n<div class=\"markdown prose w-full break-words dark:prose-invert dark\">\n<h3><strong>Bloqueador de quil\u00f3metros para BMW i3 (I03)<\/strong><\/h3>\n<p>O Bloqueador de Quil\u00f3metros do BMW i3 (I03), tamb\u00e9m conhecido como Bloqueador de Od\u00f3metro, Paragem de Od\u00f3metro, Bloqueador de Lata ou Paragem de Quil\u00f3metros, \u00e9 um dispositivo especializado concebido para fazer uma pausa no registo de quilometragem do ve\u00edculo enquanto testa o seu desempenho. Este dispositivo \u00e9 compat\u00edvel com todos os modelos BMW i3 (I03) lan\u00e7ados entre 2013 e 2017. <\/p>\n<h3><strong>Especifica\u00e7\u00f5es:<\/strong><\/h3>\n<ul>\n<li><strong>Instala\u00e7\u00e3o &#8221;fa\u00e7a voc\u00ea mesmo&#8221;<\/strong>: Instala\u00e7\u00e3o f\u00e1cil, sem necessidade de soldar ou cortar cabos.<\/li>\n<li><strong>Indicador de velocidade e sistemas de assist\u00eancia<\/strong>: Funciona em modos espec\u00edficos.<\/li>\n<li><strong>Componentes de alta qualidade<\/strong>: Inclui fichas de alta qualidade e cabos resistentes ao calor.<\/li>\n<li><strong>Funcionalidade multi-modo<\/strong>: Escolhe entre v\u00e1rios modos e guarda as defini\u00e7\u00f5es permanentemente.<\/li>\n<li><strong>N\u00e3o h\u00e1 aumento autom\u00e1tico da quilometragem<\/strong>: A quilometragem n\u00e3o aumentar\u00e1 inesperadamente depois de removeres o dispositivo.<\/li>\n<li><strong>Ajuste autom\u00e1tico de servi\u00e7o<\/strong>: Assegura que os intervalos de manuten\u00e7\u00e3o do ve\u00edculo s\u00e3o automaticamente corrigidos.<\/li>\n<li><strong>N\u00e3o necessita de acesso \u00e0 ECU<\/strong>: N\u00e3o \u00e9 necess\u00e1rio abrir ou mexer na ECU.<\/li>\n<li><strong>N\u00e3o recebe mensagens de erro<\/strong>: Funciona sem disparar avisos no veloc\u00edmetro ou no sistema de navega\u00e7\u00e3o.<\/li>\n<li><strong>Instala\u00e7\u00e3o sem problemas<\/strong>: As ranhuras nos conectores asseguram um processo de instala\u00e7\u00e3o sem problemas.<\/li>\n<li><strong>Compatibilidade p\u00f3s-atualiza\u00e7\u00e3o de software<\/strong>: Basta mudar para o Modo 2 ap\u00f3s qualquer atualiza\u00e7\u00e3o do software do ve\u00edculo para continuar a utilizar o dispositivo sem necessidade de trocar o m\u00f3dulo.<\/li>\n<\/ul>\n<h3><strong>Ajuste de servi\u00e7o:<\/strong><\/h3>\n<p>O Bloqueador de Quil\u00f3metros n\u00e3o s\u00f3 interrompe o registo de quil\u00f3metros como tamb\u00e9m ajusta os intervalos de manuten\u00e7\u00e3o. O ve\u00edculo s\u00f3 faz a contagem decrescente da quilometragem de servi\u00e7o restante quando faltarem 30% do intervalo e reinicia automaticamente para 90% quando o servi\u00e7o estiver prestes a terminar. Isto assegura uma gest\u00e3o consistente do servi\u00e7o, independentemente da frequ\u00eancia com que o dispositivo \u00e9 utilizado.  <\/p>\n<h3><strong>Ativa\u00e7\u00e3o e desativa\u00e7\u00e3o:<\/strong><\/h3>\n<p>&#8221;Ativa premindo *BC com o modo *.<br \/>\n<strong>Modo 1:<\/strong> 1 piscada para a esquerda 30 por cento<\/p>\n<p><strong>Modo 2:<\/strong> 2 piscas \u00e0 esquerda 0 por cento (sem velocidade)<\/p>\n<p><strong>Modo 3:<\/strong> 3 piscas \u00e0 esquerda 0 por cento (velocidade, funciona apenas sem atualiza\u00e7\u00e3o)<\/p>\n<p><strong>Modo 4:<\/strong> 1 piscadela para a direita 100 por cento&#8221;<\/p>\n<h3><strong>O que \u00e9 o bloqueador do conta-quil\u00f3metros do BMW i3 (I03)?<\/strong><\/h3>\n<p>O Bloqueador de Quil\u00f3metros ou Bloqueador de Od\u00f3metro do BMW i3 (I03) permite aos utilizadores interromper o registo de quil\u00f3metros para testes de desempenho. Concebido para funcionar sem problemas com ve\u00edculos a diesel, a gasolina, PHEVs e el\u00e9ctricos, garante um funcionamento preciso, independentemente de o teu ve\u00edculo medir a quilometragem em milhas ou quil\u00f3metros. <\/p>\n<p>O nosso bloqueador de quil\u00f3metros do BMW i3 (I03) foi concebido com software personalizado para modelos de ve\u00edculos espec\u00edficos, garantindo um desempenho sem erros. A ferramenta \u00e9 simples de instalar e utilizar com combina\u00e7\u00f5es de teclas predefinidas, permitindo-te mudar de modo conforme necess\u00e1rio. <\/p>\n<p><strong>Nota importante<\/strong>: N\u00e3o vendemos ferramentas de corre\u00e7\u00e3o de quilometragem, que s\u00e3o muitas vezes utilizadas para fins fraudulentos para retificar od\u00f3metros. Estas ferramentas n\u00e3o conseguem apagar a quilometragem de todas as unidades de armazenamento de dados do ve\u00edculo. <\/p>\n<h3><strong>Instala\u00e7\u00e3o e utiliza\u00e7\u00e3o:<\/strong><\/h3>\n<p>A ferramenta Mileage Stopper \u00e9 r\u00e1pida de instalar, exigindo conhecimentos m\u00ednimos de manuten\u00e7\u00e3o do ve\u00edculo. Basta ligar o dispositivo entre o veloc\u00edmetro e o painel de instrumentos para desfrutar de todas as funcionalidades deste m\u00f3dulo de alta qualidade. <\/p>\n<p>O bloqueador de quilometragem do BMW i3 (I03) \u00e9 uma ferramenta poderosa para testar com seguran\u00e7a o desempenho do teu ve\u00edculo num ambiente controlado.<\/p>\n<\/div>\n<\/div>\n<\/div>\n<\/div>\n","protected":false},"excerpt":{"rendered":"<div class=\"flex-shrink-0 flex flex-col relative items-end\">\n<div class=\"pt-0\">\n<div class=\"gizmo-bot-avatar flex h-8 w-8 items-center justify-center overflow-hidden rounded-full\">\n<div class=\"relative p-1 rounded-sm flex items-center justify-center bg-token-main-surface-primary text-token-text-primary h-8 w-8\">\n<p>Antes de efectuares a tua encomenda, rev\u00ea cuidadosamente as instru\u00e7\u00f5es de ativa\u00e7\u00e3o e as notas importantes relativas a mensagens de erro e funcionalidades abaixo:<\/p>\n<p><strong>Este dispositivo \u00e9 compat\u00edvel com todos os modelos BMW i3 (I03) lan\u00e7ados entre 2013-2017.  <\/strong>Indicador de velocidade e fun\u00e7\u00e3o dos programas de assist\u00eancia (apenas em modos espec\u00edficos). N\u00e3o s\u00e3o emitidas mensagens de erro devido a falhas na assist\u00eancia ao \u00e2ngulo morto ou no controlo da velocidade de cruzeiro. Instala\u00e7\u00e3o &#8221;fa\u00e7a voc\u00ea mesmo&#8221;: F\u00e1cil de instalar. Inclui fichas de qualidade superior e cabos resistentes ao calor.   <\/p>\n<p class=\"p1\"><b> Integra\u00e7\u00e3o perfeita<\/b><b><\/b><\/p>\n<p class=\"p1\"><b> Instala\u00e7\u00e3o f\u00e1cil<\/b><b><\/b><\/p>\n<p class=\"p1\"><b> Gest\u00e3o exacta da quilometragem<\/b><b><\/b><\/p>\n<p class=\"p1\"><b> Funcionamento em modo furtivo<\/b><b><\/b><\/p>\n<p class=\"p1\"><span class=\"s1\">\u2705<\/span><b> Suporte e actualiza\u00e7\u00f5es vital\u00edcias<\/b><\/p>\n<\/div>\n<\/div>\n<\/div>\n<\/div>\n","protected":false},"featured_media":740,"comment_status":"open","ping_status":"closed","template":"","meta":[],"product_brand":[],"product_cat":[1109],"product_tag":[],"class_list":{"0":"post-10625","1":"product","2":"type-product","3":"status-publish","4":"has-post-thumbnail","6":"product_cat-bmw","8":"first","9":"instock","10":"taxable","11":"shipping-taxable","12":"purchasable","13":"product-type-variable"},"yoast_head":"<!-- This site is optimized with the Yoast SEO plugin v27.5 - https:\/\/yoast.com\/product\/yoast-seo-wordpress\/ -->\n<title>BMW I3 (I03) Mileage Blocker (KM stopper) \u2192 KM Block<\/title>\n<meta name=\"description\" content=\"Buy a BMW I3 (I03) Mileage Blocker for the Best Prices \u2713 Free Shipping \u2713 Incl. Installation Guides\" \/>\n<meta name=\"robots\" content=\"index, follow, max-snippet:-1, max-image-preview:large, max-video-preview:-1\" \/>\n<meta property=\"og:locale\" content=\"pt_PT\" \/>\n<meta property=\"og:type\" content=\"article\" \/>\n<meta property=\"og:title\" content=\"BMW I3 (I03) Mileage Blocker (KM stopper) \u2192 KM Block\" \/>\n<meta property=\"og:description\" content=\"Buy a BMW I3 (I03) Mileage Blocker for the Best Prices \u2713 Free Shipping \u2713 Incl. Installation Guides\" \/>\n<meta property=\"og:url\" content=\"https:\/\/kmblock.com\/pt-pt\/product\/bmw-i3-i03\/\" \/>\n<meta property=\"og:site_name\" content=\"KM Block\" \/>\n<meta property=\"og:image\" content=\"https:\/\/kmblock.com\/wp-content\/uploads\/2024\/09\/BMW-I3-I03.jpg\" \/>\n\t<meta property=\"og:image:width\" content=\"800\" \/>\n\t<meta property=\"og:image:height\" content=\"800\" \/>\n\t<meta property=\"og:image:type\" content=\"image\/jpeg\" \/>\n<meta name=\"twitter:card\" content=\"summary_large_image\" \/>\n<meta name=\"twitter:label1\" content=\"Tempo estimado de leitura\" \/>\n\t<meta name=\"twitter:data1\" content=\"3 minutos\" \/>\n<script type=\"application\/ld+json\" class=\"yoast-schema-graph\">{\"@context\":\"https:\\\/\\\/schema.org\",\"@graph\":[{\"@type\":\"WebPage\",\"@id\":\"https:\\\/\\\/kmblock.com\\\/pt-pt\\\/product\\\/bmw-i3-i03\\\/\",\"url\":\"https:\\\/\\\/kmblock.com\\\/pt-pt\\\/product\\\/bmw-i3-i03\\\/\",\"name\":\"BMW I3 (I03) Mileage Blocker (KM stopper) \u2192 KM Block\",\"isPartOf\":{\"@id\":\"https:\\\/\\\/kmblock.com\\\/pt-pt\\\/#website\"},\"primaryImageOfPage\":{\"@id\":\"https:\\\/\\\/kmblock.com\\\/pt-pt\\\/product\\\/bmw-i3-i03\\\/#primaryimage\"},\"image\":{\"@id\":\"https:\\\/\\\/kmblock.com\\\/pt-pt\\\/product\\\/bmw-i3-i03\\\/#primaryimage\"},\"thumbnailUrl\":\"https:\\\/\\\/kmblock.com\\\/wp-content\\\/uploads\\\/2024\\\/09\\\/BMW-I3-I03.jpg\",\"datePublished\":\"2024-09-19T03:56:43+00:00\",\"description\":\"Buy a BMW I3 (I03) Mileage Blocker for the Best Prices \u2713 Free Shipping \u2713 Incl. Installation Guides\",\"breadcrumb\":{\"@id\":\"https:\\\/\\\/kmblock.com\\\/pt-pt\\\/product\\\/bmw-i3-i03\\\/#breadcrumb\"},\"inLanguage\":\"pt-PT\",\"potentialAction\":[{\"@type\":\"ReadAction\",\"target\":[\"https:\\\/\\\/kmblock.com\\\/pt-pt\\\/product\\\/bmw-i3-i03\\\/\"]}]},{\"@type\":\"ImageObject\",\"inLanguage\":\"pt-PT\",\"@id\":\"https:\\\/\\\/kmblock.com\\\/pt-pt\\\/product\\\/bmw-i3-i03\\\/#primaryimage\",\"url\":\"https:\\\/\\\/kmblock.com\\\/wp-content\\\/uploads\\\/2024\\\/09\\\/BMW-I3-I03.jpg\",\"contentUrl\":\"https:\\\/\\\/kmblock.com\\\/wp-content\\\/uploads\\\/2024\\\/09\\\/BMW-I3-I03.jpg\",\"width\":800,\"height\":800,\"caption\":\"BMW I3 (I03)\"},{\"@type\":\"BreadcrumbList\",\"@id\":\"https:\\\/\\\/kmblock.com\\\/pt-pt\\\/product\\\/bmw-i3-i03\\\/#breadcrumb\",\"itemListElement\":[{\"@type\":\"ListItem\",\"position\":1,\"name\":\"Casa\",\"item\":\"https:\\\/\\\/kmblock.com\\\/pt-pt\\\/\"},{\"@type\":\"ListItem\",\"position\":2,\"name\":\"Produtos\",\"item\":\"https:\\\/\\\/kmblock.com\\\/pt-pt\\\/shop\\\/\"},{\"@type\":\"ListItem\",\"position\":3,\"name\":\"BMW I3 (I03)\"}]},{\"@type\":\"WebSite\",\"@id\":\"https:\\\/\\\/kmblock.com\\\/pt-pt\\\/#website\",\"url\":\"https:\\\/\\\/kmblock.com\\\/pt-pt\\\/\",\"name\":\"KM Block\",\"description\":\"\",\"publisher\":{\"@id\":\"https:\\\/\\\/kmblock.com\\\/pt-pt\\\/#organization\"},\"potentialAction\":[{\"@type\":\"SearchAction\",\"target\":{\"@type\":\"EntryPoint\",\"urlTemplate\":\"https:\\\/\\\/kmblock.com\\\/pt-pt\\\/?s={search_term_string}\"},\"query-input\":{\"@type\":\"PropertyValueSpecification\",\"valueRequired\":true,\"valueName\":\"search_term_string\"}}],\"inLanguage\":\"pt-PT\"},{\"@type\":\"Organization\",\"@id\":\"https:\\\/\\\/kmblock.com\\\/pt-pt\\\/#organization\",\"name\":\"Bloco KM\",\"url\":\"https:\\\/\\\/kmblock.com\\\/pt-pt\\\/\",\"logo\":{\"@type\":\"ImageObject\",\"inLanguage\":\"pt-PT\",\"@id\":\"https:\\\/\\\/kmblock.com\\\/pt-pt\\\/#\\\/schema\\\/logo\\\/image\\\/\",\"url\":\"https:\\\/\\\/kmblock.com\\\/wp-content\\\/uploads\\\/2024\\\/08\\\/main-logo.png\",\"contentUrl\":\"https:\\\/\\\/kmblock.com\\\/wp-content\\\/uploads\\\/2024\\\/08\\\/main-logo.png\",\"width\":186,\"height\":28,\"caption\":\"Bloco KM\"},\"image\":{\"@id\":\"https:\\\/\\\/kmblock.com\\\/pt-pt\\\/#\\\/schema\\\/logo\\\/image\\\/\"}}]}<\/script>\n<!-- \/ Yoast SEO plugin. -->","yoast_head_json":{"title":"BMW I3 (I03) Mileage Blocker (KM stopper) \u2192 KM Block","description":"Buy a BMW I3 (I03) Mileage Blocker for the Best Prices \u2713 Free Shipping \u2713 Incl. Installation Guides","robots":{"index":"index","follow":"follow","max-snippet":"max-snippet:-1","max-image-preview":"max-image-preview:large","max-video-preview":"max-video-preview:-1"},"og_locale":"pt_PT","og_type":"article","og_title":"BMW I3 (I03) Mileage Blocker (KM stopper) \u2192 KM Block","og_description":"Buy a BMW I3 (I03) Mileage Blocker for the Best Prices \u2713 Free Shipping \u2713 Incl. Installation Guides","og_url":"https:\/\/kmblock.com\/pt-pt\/product\/bmw-i3-i03\/","og_site_name":"KM Block","og_image":[{"width":800,"height":800,"url":"https:\/\/kmblock.com\/wp-content\/uploads\/2024\/09\/BMW-I3-I03.jpg","type":"image\/jpeg"}],"twitter_card":"summary_large_image","twitter_misc":{"Tempo estimado de leitura":"3 minutos"},"schema":{"@context":"https:\/\/schema.org","@graph":[{"@type":"WebPage","@id":"https:\/\/kmblock.com\/pt-pt\/product\/bmw-i3-i03\/","url":"https:\/\/kmblock.com\/pt-pt\/product\/bmw-i3-i03\/","name":"BMW I3 (I03) Mileage Blocker (KM stopper) \u2192 KM Block","isPartOf":{"@id":"https:\/\/kmblock.com\/pt-pt\/#website"},"primaryImageOfPage":{"@id":"https:\/\/kmblock.com\/pt-pt\/product\/bmw-i3-i03\/#primaryimage"},"image":{"@id":"https:\/\/kmblock.com\/pt-pt\/product\/bmw-i3-i03\/#primaryimage"},"thumbnailUrl":"https:\/\/kmblock.com\/wp-content\/uploads\/2024\/09\/BMW-I3-I03.jpg","datePublished":"2024-09-19T03:56:43+00:00","description":"Buy a BMW I3 (I03) Mileage Blocker for the Best Prices \u2713 Free Shipping \u2713 Incl. Installation Guides","breadcrumb":{"@id":"https:\/\/kmblock.com\/pt-pt\/product\/bmw-i3-i03\/#breadcrumb"},"inLanguage":"pt-PT","potentialAction":[{"@type":"ReadAction","target":["https:\/\/kmblock.com\/pt-pt\/product\/bmw-i3-i03\/"]}]},{"@type":"ImageObject","inLanguage":"pt-PT","@id":"https:\/\/kmblock.com\/pt-pt\/product\/bmw-i3-i03\/#primaryimage","url":"https:\/\/kmblock.com\/wp-content\/uploads\/2024\/09\/BMW-I3-I03.jpg","contentUrl":"https:\/\/kmblock.com\/wp-content\/uploads\/2024\/09\/BMW-I3-I03.jpg","width":800,"height":800,"caption":"BMW I3 (I03)"},{"@type":"BreadcrumbList","@id":"https:\/\/kmblock.com\/pt-pt\/product\/bmw-i3-i03\/#breadcrumb","itemListElement":[{"@type":"ListItem","position":1,"name":"Casa","item":"https:\/\/kmblock.com\/pt-pt\/"},{"@type":"ListItem","position":2,"name":"Produtos","item":"https:\/\/kmblock.com\/pt-pt\/shop\/"},{"@type":"ListItem","position":3,"name":"BMW I3 (I03)"}]},{"@type":"WebSite","@id":"https:\/\/kmblock.com\/pt-pt\/#website","url":"https:\/\/kmblock.com\/pt-pt\/","name":"KM Block","description":"","publisher":{"@id":"https:\/\/kmblock.com\/pt-pt\/#organization"},"potentialAction":[{"@type":"SearchAction","target":{"@type":"EntryPoint","urlTemplate":"https:\/\/kmblock.com\/pt-pt\/?s={search_term_string}"},"query-input":{"@type":"PropertyValueSpecification","valueRequired":true,"valueName":"search_term_string"}}],"inLanguage":"pt-PT"},{"@type":"Organization","@id":"https:\/\/kmblock.com\/pt-pt\/#organization","name":"Bloco KM","url":"https:\/\/kmblock.com\/pt-pt\/","logo":{"@type":"ImageObject","inLanguage":"pt-PT","@id":"https:\/\/kmblock.com\/pt-pt\/#\/schema\/logo\/image\/","url":"https:\/\/kmblock.com\/wp-content\/uploads\/2024\/08\/main-logo.png","contentUrl":"https:\/\/kmblock.com\/wp-content\/uploads\/2024\/08\/main-logo.png","width":186,"height":28,"caption":"Bloco KM"},"image":{"@id":"https:\/\/kmblock.com\/pt-pt\/#\/schema\/logo\/image\/"}}]}},"_links":{"self":[{"href":"https:\/\/kmblock.com\/pt-pt\/wp-json\/wp\/v2\/product\/10625","targetHints":{"allow":["GET"]}}],"collection":[{"href":"https:\/\/kmblock.com\/pt-pt\/wp-json\/wp\/v2\/product"}],"about":[{"href":"https:\/\/kmblock.com\/pt-pt\/wp-json\/wp\/v2\/types\/product"}],"replies":[{"embeddable":true,"href":"https:\/\/kmblock.com\/pt-pt\/wp-json\/wp\/v2\/comments?post=10625"}],"wp:featuredmedia":[{"embeddable":true,"href":"https:\/\/kmblock.com\/pt-pt\/wp-json\/wp\/v2\/media\/740"}],"wp:attachment":[{"href":"https:\/\/kmblock.com\/pt-pt\/wp-json\/wp\/v2\/media?parent=10625"}],"wp:term":[{"taxonomy":"product_brand","embeddable":true,"href":"https:\/\/kmblock.com\/pt-pt\/wp-json\/wp\/v2\/product_brand?post=10625"},{"taxonomy":"product_cat","embeddable":true,"href":"https:\/\/kmblock.com\/pt-pt\/wp-json\/wp\/v2\/product_cat?post=10625"},{"taxonomy":"product_tag","embeddable":true,"href":"https:\/\/kmblock.com\/pt-pt\/wp-json\/wp\/v2\/product_tag?post=10625"}],"curies":[{"name":"wp","href":"https:\/\/api.w.org\/{rel}","templated":true}]}}