{"id":10590,"date":"2024-09-17T21:51:38","date_gmt":"2024-09-17T21:51:38","guid":{"rendered":"https:\/\/kmblock.com\/product\/audi-a6-s6-rs6-c8\/"},"modified":"2024-09-17T21:51:38","modified_gmt":"2024-09-17T21:51:38","slug":"audi-a6-s6-rs6-c8","status":"publish","type":"product","link":"https:\/\/kmblock.com\/pt-pt\/product\/audi-a6-s6-rs6-c8\/","title":{"rendered":"Audi A6\/S6\/RS6\/C8"},"content":{"rendered":"<h3>BLOQUEADOR DE QUIL\u00d3METROS PARA AUDI A6\/S6\/RS6 &#8211; C8<\/h3>\n<p>O <strong>Bloqueador de Quil\u00f3metros<\/strong> para <strong>Audi A6\/S6\/RS6 &#8211; C8<\/strong> tamb\u00e9m \u00e9 conhecido como Bloqueador de Od\u00f3metro, Bloqueador de Od\u00f3metro, Bloqueador de Lata, Bloqueador de Quil\u00f3metros, Od\u00f3metro de Viagem, Filtro de Lata ou, em alguns casos, uma ferramenta de Corre\u00e7\u00e3o de Quil\u00f3metros. Este dispositivo \u00e9 adequado para os <strong>modelos Audi A6\/S6\/RS6\/C8 lan\u00e7ados desde 2018<\/strong>. <\/p>\n<h4>Especifica\u00e7\u00f5es principais:<\/h4>\n<ul>\n<li><strong>Instala\u00e7\u00e3o simples<\/strong>: Concebida para uma instala\u00e7\u00e3o f\u00e1cil do tipo &#8221;fa\u00e7a voc\u00ea mesmo&#8221;, n\u00e3o requer soldadura ou corte de cabos.<\/li>\n<li><strong>Componentes de alta qualidade<\/strong>: As fichas de qualidade superior e os cabos resistentes ao calor garantem a durabilidade.<\/li>\n<li><strong>Ativa\u00e7\u00e3o no volante<\/strong>: Pode ser ativado premindo um bot\u00e3o no volante.<\/li>\n<li><strong>N\u00e3o pode ser detectado por diagn\u00f3sticos<\/strong>: A quilometragem alterada permanece indetet\u00e1vel pelos aparelhos de diagn\u00f3stico.<\/li>\n<li><strong>Funcionamento sem falhas<\/strong>: O veloc\u00edmetro e outros sistemas de assist\u00eancia funcionam perfeitamente sem qualquer problema.<\/li>\n<li><strong>Mant\u00e9m as defini\u00e7\u00f5es<\/strong>: Uma vez selecionado, as defini\u00e7\u00f5es s\u00e3o guardadas permanentemente.<\/li>\n<li><strong>N\u00e3o h\u00e1 aumento espont\u00e2neo da quilometragem<\/strong>: Ap\u00f3s a remo\u00e7\u00e3o, a quilometragem n\u00e3o aumenta por si s\u00f3.<\/li>\n<li><strong>Funcionamento sem erros<\/strong>: N\u00e3o s\u00e3o apresentadas mensagens de erro no veloc\u00edmetro ou no sistema de navega\u00e7\u00e3o.<\/li>\n<\/ul>\n<h4>Notas importantes:<\/h4>\n<ul>\n<li>Se o teu ve\u00edculo tiver recebido uma atualiza\u00e7\u00e3o recente do fabricante, apenas <strong>o modo 3 (paragem total)<\/strong> e <strong>o modo 4 (contagem total)<\/strong> funcionar\u00e3o. Ter\u00e1s de desligar o ve\u00edculo cinco vezes seguidas para ativar o m\u00f3dulo. Ap\u00f3s a compra, \u00e9 fornecido um guia detalhado em PDF.  <\/li>\n<li>Depois de ativar o dispositivo nos ve\u00edculos a partir do final de 2020, <strong>pode aparecer<\/strong> a <strong>luz de controlo do motor<\/strong>.<\/li>\n<\/ul>\n<h4>Ativa\u00e7\u00e3o e desativa\u00e7\u00e3o:<\/h4>\n<p>Utiliza o bot\u00e3o &#8221;ok&#8221; no guiador. Mant\u00e9m premido at\u00e9 que o pisca-pisca comece a piscar. <\/p>\n<p><strong>Modo 1:<\/strong> 1 pisca \u00e0 esquerda 20 por cento<br \/>\n<strong>Modo 2:<\/strong> 2 piscadas \u00e0 esquerda 10 por cento<br \/>\n<strong>Modo 3:<\/strong> 3 piscas \u00e0 esquerda 0 por cento<br \/>\n<strong>Modo 4:<\/strong> 1 piscada \u00e0 direita 100 por cento<\/p>\n<p>Para o modo 3: 0 por cento, tens de ligar o modo e, em seguida, desligar o carro e tranc\u00e1-lo durante 2 minutos e, depois, ligar e conduzir.&#8221;<\/p>\n<h4>O que \u00e9 o bloqueador de conta-quil\u00f3metros do Audi A6, S6, RS6, C8?<\/h4>\n<p>O <strong>Audi A6, S6, RS6, C8 Mileage Blocker\/Odometer Blocker<\/strong> \u00e9 utilizado para interromper o registo da quilometragem enquanto testa o desempenho do ve\u00edculo. \u00c9 compat\u00edvel tanto com milhas como com quil\u00f3metros e funciona perfeitamente em v\u00e1rios modelos. Na <strong>KM Block<\/strong>, oferecemos m\u00f3dulos de primeira linha com software especificamente concebido para cada marca e modelo de ve\u00edculo.  <\/p>\n<p>Tem em aten\u00e7\u00e3o que <strong>n\u00e3o vendemos ferramentas de Corre\u00e7\u00e3o de Quilometragem<\/strong>, que s\u00e3o normalmente utilizadas para fins fraudulentos, tais como retroceder as leituras do conta-quil\u00f3metros. Estas ferramentas n\u00e3o conseguem apagar completamente a quilometragem, uma vez que os ve\u00edculos modernos t\u00eam v\u00e1rias unidades de armazenamento de dados. <\/p>\n<h4>Instala\u00e7\u00e3o:<\/h4>\n<p>O processo de instala\u00e7\u00e3o \u00e9 simples e consistente em todos os modelos. Basta ligar o m\u00f3dulo entre a porta do veloc\u00edmetro e o painel de instrumentos. O <strong>Mileage Blocker<\/strong> funciona tanto em motores a diesel como a gasolina, bem como em ve\u00edculos h\u00edbridos el\u00e9ctricos de Plug-in (PHEV) e carros el\u00e9ctricos.  <\/p>\n<p>Este dispositivo permite-te testar o desempenho do teu ve\u00edculo num ambiente controlado, oferecendo um controlo preciso da quilometragem registada.<\/p>\n","protected":false},"excerpt":{"rendered":"<div class=\"flex-shrink-0 flex flex-col relative items-end\">\n<div class=\"pt-0\">\n<div class=\"gizmo-bot-avatar flex h-8 w-8 items-center justify-center overflow-hidden rounded-full\">\n<div class=\"relative p-1 rounded-sm flex items-center justify-center bg-token-main-surface-primary text-token-text-primary h-8 w-8\">\n<p>Antes de fazeres a tua encomenda, rev\u00ea as seguintes informa\u00e7\u00f5es importantes relativas \u00e0 ativa\u00e7\u00e3o do m\u00f3dulo, mensagens de erro e funcionalidade do dispositivo:<\/p>\n<p><strong>ESTE DISPOSITIVO \u00c9 ADEQUADO PARA TODOS OS MODELOS AUDI A6\/S6\/RS6\/C8 LAN\u00c7ADOS DESDE 2018.  <\/strong>Certifica-te de que verificas o teu tipo de conetor: 18 pinos ou 32 pinos antes de comprares. O dispositivo \u00e9 f\u00e1cil de instalar sem necessidade de assist\u00eancia profissional. O veloc\u00edmetro e todos os programas de assist\u00eancia continuar\u00e3o a funcionar perfeitamente.  <\/p>\n<p class=\"p1\"><b> Integra\u00e7\u00e3o perfeita<\/b><b><\/b><\/p>\n<p class=\"p1\"><b> Instala\u00e7\u00e3o f\u00e1cil<\/b><b><\/b><\/p>\n<p class=\"p1\"><b> Gest\u00e3o exacta da quilometragem<\/b><b><\/b><\/p>\n<p class=\"p1\"><b> Funcionamento em modo furtivo<\/b><b><\/b><\/p>\n<p class=\"p1\"><span class=\"s1\">\u2705<\/span><b> Suporte e actualiza\u00e7\u00f5es vital\u00edcias<\/b><\/p>\n<\/div>\n<\/div>\n<\/div>\n<\/div>\n","protected":false},"featured_media":661,"comment_status":"open","ping_status":"closed","template":"","meta":[],"product_brand":[],"product_cat":[1070],"product_tag":[],"class_list":{"0":"post-10590","1":"product","2":"type-product","3":"status-publish","4":"has-post-thumbnail","6":"product_cat-audi","8":"first","9":"instock","10":"taxable","11":"shipping-taxable","12":"purchasable","13":"product-type-variable"},"yoast_head":"<!-- This site is optimized with the Yoast SEO plugin v27.5 - https:\/\/yoast.com\/product\/yoast-seo-wordpress\/ -->\n<title>Audi A6\/S6\/RS6\/C8 Mileage Blocker (KM stopper) \u2192 KM Block<\/title>\n<meta name=\"description\" content=\"Buy a Audi A6\/S6\/RS6\/C8 Mileage Blocker for the Best Prices \u2713 Free Shipping \u2713 Incl. Installation Guides\" \/>\n<meta name=\"robots\" content=\"index, follow, max-snippet:-1, max-image-preview:large, max-video-preview:-1\" \/>\n<meta property=\"og:locale\" content=\"pt_PT\" \/>\n<meta property=\"og:type\" content=\"article\" \/>\n<meta property=\"og:title\" content=\"Audi A6\/S6\/RS6\/C8 Mileage Blocker (KM stopper) \u2192 KM Block\" \/>\n<meta property=\"og:description\" content=\"Buy a Audi A6\/S6\/RS6\/C8 Mileage Blocker for the Best Prices \u2713 Free Shipping \u2713 Incl. Installation Guides\" \/>\n<meta property=\"og:url\" content=\"https:\/\/kmblock.com\/pt-pt\/product\/audi-a6-s6-rs6-c8\/\" \/>\n<meta property=\"og:site_name\" content=\"KM Block\" \/>\n<meta property=\"og:image\" content=\"https:\/\/kmblock.com\/wp-content\/uploads\/2024\/09\/Audi-A6S6RS6C8.jpg\" \/>\n\t<meta property=\"og:image:width\" content=\"800\" \/>\n\t<meta property=\"og:image:height\" content=\"800\" \/>\n\t<meta property=\"og:image:type\" content=\"image\/jpeg\" \/>\n<meta name=\"twitter:card\" content=\"summary_large_image\" \/>\n<meta name=\"twitter:label1\" content=\"Tempo estimado de leitura\" \/>\n\t<meta name=\"twitter:data1\" content=\"3 minutos\" \/>\n<script type=\"application\/ld+json\" class=\"yoast-schema-graph\">{\"@context\":\"https:\\\/\\\/schema.org\",\"@graph\":[{\"@type\":\"WebPage\",\"@id\":\"https:\\\/\\\/kmblock.com\\\/pt-pt\\\/product\\\/audi-a6-s6-rs6-c8\\\/\",\"url\":\"https:\\\/\\\/kmblock.com\\\/pt-pt\\\/product\\\/audi-a6-s6-rs6-c8\\\/\",\"name\":\"Audi A6\\\/S6\\\/RS6\\\/C8 Mileage Blocker (KM stopper) \u2192 KM Block\",\"isPartOf\":{\"@id\":\"https:\\\/\\\/kmblock.com\\\/pt-pt\\\/#website\"},\"primaryImageOfPage\":{\"@id\":\"https:\\\/\\\/kmblock.com\\\/pt-pt\\\/product\\\/audi-a6-s6-rs6-c8\\\/#primaryimage\"},\"image\":{\"@id\":\"https:\\\/\\\/kmblock.com\\\/pt-pt\\\/product\\\/audi-a6-s6-rs6-c8\\\/#primaryimage\"},\"thumbnailUrl\":\"https:\\\/\\\/kmblock.com\\\/wp-content\\\/uploads\\\/2024\\\/09\\\/Audi-A6S6RS6C8.jpg\",\"datePublished\":\"2024-09-17T21:51:38+00:00\",\"description\":\"Buy a Audi A6\\\/S6\\\/RS6\\\/C8 Mileage Blocker for the Best Prices \u2713 Free Shipping \u2713 Incl. Installation Guides\",\"breadcrumb\":{\"@id\":\"https:\\\/\\\/kmblock.com\\\/pt-pt\\\/product\\\/audi-a6-s6-rs6-c8\\\/#breadcrumb\"},\"inLanguage\":\"pt-PT\",\"potentialAction\":[{\"@type\":\"ReadAction\",\"target\":[\"https:\\\/\\\/kmblock.com\\\/pt-pt\\\/product\\\/audi-a6-s6-rs6-c8\\\/\"]}]},{\"@type\":\"ImageObject\",\"inLanguage\":\"pt-PT\",\"@id\":\"https:\\\/\\\/kmblock.com\\\/pt-pt\\\/product\\\/audi-a6-s6-rs6-c8\\\/#primaryimage\",\"url\":\"https:\\\/\\\/kmblock.com\\\/wp-content\\\/uploads\\\/2024\\\/09\\\/Audi-A6S6RS6C8.jpg\",\"contentUrl\":\"https:\\\/\\\/kmblock.com\\\/wp-content\\\/uploads\\\/2024\\\/09\\\/Audi-A6S6RS6C8.jpg\",\"width\":800,\"height\":800,\"caption\":\"Audi A6\\\/S6\\\/RS6\\\/C8\"},{\"@type\":\"BreadcrumbList\",\"@id\":\"https:\\\/\\\/kmblock.com\\\/pt-pt\\\/product\\\/audi-a6-s6-rs6-c8\\\/#breadcrumb\",\"itemListElement\":[{\"@type\":\"ListItem\",\"position\":1,\"name\":\"Casa\",\"item\":\"https:\\\/\\\/kmblock.com\\\/pt-pt\\\/\"},{\"@type\":\"ListItem\",\"position\":2,\"name\":\"Produtos\",\"item\":\"https:\\\/\\\/kmblock.com\\\/pt-pt\\\/shop\\\/\"},{\"@type\":\"ListItem\",\"position\":3,\"name\":\"Audi A6\\\/S6\\\/RS6\\\/C8\"}]},{\"@type\":\"WebSite\",\"@id\":\"https:\\\/\\\/kmblock.com\\\/pt-pt\\\/#website\",\"url\":\"https:\\\/\\\/kmblock.com\\\/pt-pt\\\/\",\"name\":\"KM Block\",\"description\":\"\",\"publisher\":{\"@id\":\"https:\\\/\\\/kmblock.com\\\/pt-pt\\\/#organization\"},\"potentialAction\":[{\"@type\":\"SearchAction\",\"target\":{\"@type\":\"EntryPoint\",\"urlTemplate\":\"https:\\\/\\\/kmblock.com\\\/pt-pt\\\/?s={search_term_string}\"},\"query-input\":{\"@type\":\"PropertyValueSpecification\",\"valueRequired\":true,\"valueName\":\"search_term_string\"}}],\"inLanguage\":\"pt-PT\"},{\"@type\":\"Organization\",\"@id\":\"https:\\\/\\\/kmblock.com\\\/pt-pt\\\/#organization\",\"name\":\"Bloco KM\",\"url\":\"https:\\\/\\\/kmblock.com\\\/pt-pt\\\/\",\"logo\":{\"@type\":\"ImageObject\",\"inLanguage\":\"pt-PT\",\"@id\":\"https:\\\/\\\/kmblock.com\\\/pt-pt\\\/#\\\/schema\\\/logo\\\/image\\\/\",\"url\":\"https:\\\/\\\/kmblock.com\\\/wp-content\\\/uploads\\\/2024\\\/08\\\/main-logo.png\",\"contentUrl\":\"https:\\\/\\\/kmblock.com\\\/wp-content\\\/uploads\\\/2024\\\/08\\\/main-logo.png\",\"width\":186,\"height\":28,\"caption\":\"Bloco KM\"},\"image\":{\"@id\":\"https:\\\/\\\/kmblock.com\\\/pt-pt\\\/#\\\/schema\\\/logo\\\/image\\\/\"}}]}<\/script>\n<!-- \/ Yoast SEO plugin. -->","yoast_head_json":{"title":"Audi A6\/S6\/RS6\/C8 Mileage Blocker (KM stopper) \u2192 KM Block","description":"Buy a Audi A6\/S6\/RS6\/C8 Mileage Blocker for the Best Prices \u2713 Free Shipping \u2713 Incl. Installation Guides","robots":{"index":"index","follow":"follow","max-snippet":"max-snippet:-1","max-image-preview":"max-image-preview:large","max-video-preview":"max-video-preview:-1"},"og_locale":"pt_PT","og_type":"article","og_title":"Audi A6\/S6\/RS6\/C8 Mileage Blocker (KM stopper) \u2192 KM Block","og_description":"Buy a Audi A6\/S6\/RS6\/C8 Mileage Blocker for the Best Prices \u2713 Free Shipping \u2713 Incl. Installation Guides","og_url":"https:\/\/kmblock.com\/pt-pt\/product\/audi-a6-s6-rs6-c8\/","og_site_name":"KM Block","og_image":[{"width":800,"height":800,"url":"https:\/\/kmblock.com\/wp-content\/uploads\/2024\/09\/Audi-A6S6RS6C8.jpg","type":"image\/jpeg"}],"twitter_card":"summary_large_image","twitter_misc":{"Tempo estimado de leitura":"3 minutos"},"schema":{"@context":"https:\/\/schema.org","@graph":[{"@type":"WebPage","@id":"https:\/\/kmblock.com\/pt-pt\/product\/audi-a6-s6-rs6-c8\/","url":"https:\/\/kmblock.com\/pt-pt\/product\/audi-a6-s6-rs6-c8\/","name":"Audi A6\/S6\/RS6\/C8 Mileage Blocker (KM stopper) \u2192 KM Block","isPartOf":{"@id":"https:\/\/kmblock.com\/pt-pt\/#website"},"primaryImageOfPage":{"@id":"https:\/\/kmblock.com\/pt-pt\/product\/audi-a6-s6-rs6-c8\/#primaryimage"},"image":{"@id":"https:\/\/kmblock.com\/pt-pt\/product\/audi-a6-s6-rs6-c8\/#primaryimage"},"thumbnailUrl":"https:\/\/kmblock.com\/wp-content\/uploads\/2024\/09\/Audi-A6S6RS6C8.jpg","datePublished":"2024-09-17T21:51:38+00:00","description":"Buy a Audi A6\/S6\/RS6\/C8 Mileage Blocker for the Best Prices \u2713 Free Shipping \u2713 Incl. Installation Guides","breadcrumb":{"@id":"https:\/\/kmblock.com\/pt-pt\/product\/audi-a6-s6-rs6-c8\/#breadcrumb"},"inLanguage":"pt-PT","potentialAction":[{"@type":"ReadAction","target":["https:\/\/kmblock.com\/pt-pt\/product\/audi-a6-s6-rs6-c8\/"]}]},{"@type":"ImageObject","inLanguage":"pt-PT","@id":"https:\/\/kmblock.com\/pt-pt\/product\/audi-a6-s6-rs6-c8\/#primaryimage","url":"https:\/\/kmblock.com\/wp-content\/uploads\/2024\/09\/Audi-A6S6RS6C8.jpg","contentUrl":"https:\/\/kmblock.com\/wp-content\/uploads\/2024\/09\/Audi-A6S6RS6C8.jpg","width":800,"height":800,"caption":"Audi A6\/S6\/RS6\/C8"},{"@type":"BreadcrumbList","@id":"https:\/\/kmblock.com\/pt-pt\/product\/audi-a6-s6-rs6-c8\/#breadcrumb","itemListElement":[{"@type":"ListItem","position":1,"name":"Casa","item":"https:\/\/kmblock.com\/pt-pt\/"},{"@type":"ListItem","position":2,"name":"Produtos","item":"https:\/\/kmblock.com\/pt-pt\/shop\/"},{"@type":"ListItem","position":3,"name":"Audi A6\/S6\/RS6\/C8"}]},{"@type":"WebSite","@id":"https:\/\/kmblock.com\/pt-pt\/#website","url":"https:\/\/kmblock.com\/pt-pt\/","name":"KM Block","description":"","publisher":{"@id":"https:\/\/kmblock.com\/pt-pt\/#organization"},"potentialAction":[{"@type":"SearchAction","target":{"@type":"EntryPoint","urlTemplate":"https:\/\/kmblock.com\/pt-pt\/?s={search_term_string}"},"query-input":{"@type":"PropertyValueSpecification","valueRequired":true,"valueName":"search_term_string"}}],"inLanguage":"pt-PT"},{"@type":"Organization","@id":"https:\/\/kmblock.com\/pt-pt\/#organization","name":"Bloco KM","url":"https:\/\/kmblock.com\/pt-pt\/","logo":{"@type":"ImageObject","inLanguage":"pt-PT","@id":"https:\/\/kmblock.com\/pt-pt\/#\/schema\/logo\/image\/","url":"https:\/\/kmblock.com\/wp-content\/uploads\/2024\/08\/main-logo.png","contentUrl":"https:\/\/kmblock.com\/wp-content\/uploads\/2024\/08\/main-logo.png","width":186,"height":28,"caption":"Bloco KM"},"image":{"@id":"https:\/\/kmblock.com\/pt-pt\/#\/schema\/logo\/image\/"}}]}},"_links":{"self":[{"href":"https:\/\/kmblock.com\/pt-pt\/wp-json\/wp\/v2\/product\/10590","targetHints":{"allow":["GET"]}}],"collection":[{"href":"https:\/\/kmblock.com\/pt-pt\/wp-json\/wp\/v2\/product"}],"about":[{"href":"https:\/\/kmblock.com\/pt-pt\/wp-json\/wp\/v2\/types\/product"}],"replies":[{"embeddable":true,"href":"https:\/\/kmblock.com\/pt-pt\/wp-json\/wp\/v2\/comments?post=10590"}],"wp:featuredmedia":[{"embeddable":true,"href":"https:\/\/kmblock.com\/pt-pt\/wp-json\/wp\/v2\/media\/661"}],"wp:attachment":[{"href":"https:\/\/kmblock.com\/pt-pt\/wp-json\/wp\/v2\/media?parent=10590"}],"wp:term":[{"taxonomy":"product_brand","embeddable":true,"href":"https:\/\/kmblock.com\/pt-pt\/wp-json\/wp\/v2\/product_brand?post=10590"},{"taxonomy":"product_cat","embeddable":true,"href":"https:\/\/kmblock.com\/pt-pt\/wp-json\/wp\/v2\/product_cat?post=10590"},{"taxonomy":"product_tag","embeddable":true,"href":"https:\/\/kmblock.com\/pt-pt\/wp-json\/wp\/v2\/product_tag?post=10590"}],"curies":[{"name":"wp","href":"https:\/\/api.w.org\/{rel}","templated":true}]}}