{"id":10587,"date":"2024-09-17T21:55:55","date_gmt":"2024-09-17T21:55:55","guid":{"rendered":"https:\/\/kmblock.com\/product\/audi-a7-s7-rs7-c7\/"},"modified":"2024-09-17T21:55:55","modified_gmt":"2024-09-17T21:55:55","slug":"audi-a7-s7-rs7-c7","status":"publish","type":"product","link":"https:\/\/kmblock.com\/pt-pt\/product\/audi-a7-s7-rs7-c7\/","title":{"rendered":"Audi A7\/S7\/RS7\/C7"},"content":{"rendered":"<div class=\"flex-shrink-0 flex flex-col relative items-end\">\n<div>\n<div class=\"pt-0\">\n<div class=\"gizmo-bot-avatar flex h-8 w-8 items-center justify-center overflow-hidden rounded-full\">\n<div class=\"relative p-1 rounded-sm flex items-center justify-center bg-token-main-surface-primary text-token-text-primary h-8 w-8\"><\/div>\n<\/div>\n<\/div>\n<\/div>\n<\/div>\n<div class=\"group\/conversation-turn relative flex w-full min-w-0 flex-col agent-turn\">\n<div class=\"flex-col gap-1 md:gap-3\">\n<div class=\"flex max-w-full flex-col flex-grow\">\n<div class=\"min-h-[20px] text-message flex w-full flex-col items-end gap-2 whitespace-normal break-words [.text-message+&amp;]:mt-5\" dir=\"auto\" data-message-author-role=\"assistant\" data-message-id=\"9de38a8a-6722-463e-8ea9-6e014062db7d\">\n<div class=\"flex w-full flex-col gap-1 empty:hidden first:pt-[3px]\">\n<div class=\"markdown prose w-full break-words dark:prose-invert dark\">\n<h3><strong>BLOQUEADOR DE QUIL\u00d3METROS PARA AUDI A7\/S7\/RS7 &#8211; C7<\/strong><\/h3>\n<p>O <strong>Bloqueador de Quil\u00f3metros AUDI A7\/S7\/RS7 &#8211; C7<\/strong>, tamb\u00e9m conhecido como Bloqueador de Od\u00f3metro, Bloqueador de Od\u00f3metro, Bloqueador de Latas, Bloqueador de Quil\u00f3metros, Od\u00f3metro de Viagem, Filtro de Latas e, ocasionalmente, como ferramenta de Corre\u00e7\u00e3o de Quil\u00f3metros, foi concebido para ser utilizado em todos os <strong>modelos Audi A7\/S7\/RS7\/C7 lan\u00e7ados entre 2010 e 2018<\/strong>.<\/p>\n<h3>ESPECIFICA\u00c7\u00d5ES<\/h3>\n<ul>\n<li><strong>Instala\u00e7\u00e3o &#8221;fa\u00e7a voc\u00ea mesmo&#8221;<\/strong>: Instala\u00e7\u00e3o r\u00e1pida e f\u00e1cil sem necessidade de ajuda profissional.<\/li>\n<li><strong>Sem mensagens de erro<\/strong>: O veloc\u00edmetro e o painel de navega\u00e7\u00e3o n\u00e3o apresentam mensagens de erro.<\/li>\n<li><strong>N\u00e3o aumenta a quilometragem<\/strong>: Depois de removeres o m\u00f3dulo, a quilometragem n\u00e3o aumenta automaticamente.<\/li>\n<li><strong>Componentes de alta qualidade<\/strong>: Equipado com fichas de alta qualidade e cabos resistentes ao calor.<\/li>\n<li><strong>N\u00e3o remove vest\u00edgios<\/strong>: Pode ser facilmente removido sem deixar vest\u00edgios &#8211; n\u00e3o \u00e9 necess\u00e1rio soldar ou cortar o cabo.<\/li>\n<li><strong>Combina\u00e7\u00f5es de teclas<\/strong>: Simples de utilizar com combina\u00e7\u00f5es de teclas predefinidas.<\/li>\n<li><strong>Ativa\u00e7\u00e3o em movimento<\/strong>: Pode ser ativado ou desativado em movimento.<\/li>\n<li><strong>Indetet\u00e1vel<\/strong>: Os aparelhos de diagn\u00f3stico n\u00e3o conseguem detetar as altera\u00e7\u00f5es de quilometragem efectuadas pelo Audi A7 C7 Mileage Stopper.<\/li>\n<li><strong>Defini\u00e7\u00f5es persistentes<\/strong>: Uma vez configuradas, as defini\u00e7\u00f5es s\u00e3o guardadas permanentemente e n\u00e3o precisam de ser ajustadas para utiliza\u00e7\u00e3o posterior.<\/li>\n<li><strong>Funcionalidade sem falhas<\/strong>: O veloc\u00edmetro e todos os outros sistemas de assist\u00eancia funcionam sem interrup\u00e7\u00e3o.<\/li>\n<li><strong>Instala\u00e7\u00e3o sem problemas<\/strong>: A face de acoplamento e os sulcos no conetor asseguram um processo de instala\u00e7\u00e3o sem falhas.<\/li>\n<li><strong>Precis\u00e3o da quilometragem<\/strong>: Para os modos que interrompem completamente a contagem de quil\u00f3metros, \u00e9 poss\u00edvel um desvio de at\u00e9 1% da dist\u00e2ncia percorrida. Os detalhes da quilometragem s\u00e3o aproxima\u00e7\u00f5es e podem ocorrer pequenas varia\u00e7\u00f5es. <\/li>\n<\/ul>\n<h3>ACTIVA\u00c7\u00c3O E DESACTIVA\u00c7\u00c3O<\/h3>\n<p>Ativa-o premindo simultaneamente os bot\u00f5es &#8221;Ok&#8221; e &#8221;volume&#8221; no guiador.<\/p>\n<p><strong>Modo On:<\/strong> conta 0% de milhas. Ambos os piscas piscar\u00e3o. <\/p>\n<p><strong>Modo desligado:<\/strong> conta 100 por cento dos quil\u00f3metros. Ambos os piscas piscam. <\/p>\n<h3>O que \u00e9 o Audi A7, S7, RS7, C7 Odometer Blocker ou Mileage Corretion Tool?<\/h3>\n<p>O <strong>Audi A7, S7, RS7, C7 Mileage Blocker\/Odometer Blocker<\/strong> foi concebido para parar a contagem de quil\u00f3metros do carro enquanto testa o desempenho. O KM Block fornece m\u00f3dulos com componentes aut\u00eanticos especificamente programados para cada marca e modelo, garantindo uma funcionalidade perfeita para todos os tipos de motores, incluindo diesel-gasolina, ve\u00edculos h\u00edbridos el\u00e9ctricos plug-in (PHEV) e carros el\u00e9ctricos. <\/p>\n<p><strong>Aviso importante<\/strong>: A KM Block n\u00e3o vende ferramentas de corre\u00e7\u00e3o de quilometragem para Audi A7, S7, RS7, C7. As ferramentas de corre\u00e7\u00e3o de quilometragem s\u00e3o normalmente utilizadas para fins pouco \u00e9ticos, como o retrocesso de od\u00f3metros, e n\u00e3o removem totalmente a quilometragem de todas as unidades de armazenamento de dados do ve\u00edculo. <\/p>\n<h3>Instala\u00e7\u00e3o<\/h3>\n<p>A instala\u00e7\u00e3o \u00e9 simples e id\u00eantica para todos os modelos. N\u00e3o \u00e9 necess\u00e1rio qualquer conhecimento especial sobre a manuten\u00e7\u00e3o do ve\u00edculo. Basta ligar o m\u00f3dulo entre a porta do veloc\u00edmetro e o painel de instrumentos para come\u00e7ar a utilizar o dispositivo. Desfruta das vantagens deste m\u00f3dulo avan\u00e7ado, que se adapta a v\u00e1rios tipos de ve\u00edculos.   <\/p>\n<p>O <strong>Audi A7, S7, RS7, C7 Mileage Blocker<\/strong> pode ser ativado ou desativado a qualquer momento, quer o carro esteja em movimento ou estacionado.<\/p>\n<\/div>\n<\/div>\n<\/div>\n<\/div>\n<\/div>\n<\/div>\n","protected":false},"excerpt":{"rendered":"<div class=\"flex-shrink-0 flex flex-col relative items-end\">\n<div class=\"pt-0\">\n<div class=\"gizmo-bot-avatar flex h-8 w-8 items-center justify-center overflow-hidden rounded-full\">\n<div class=\"relative p-1 rounded-sm flex items-center justify-center bg-token-main-surface-primary text-token-text-primary h-8 w-8\">\n<p><strong>Antes de encomendar: Informa\u00e7\u00f5es importantes<\/strong><\/p>\n<p>Este <strong>bloqueador de quil\u00f3metros<\/strong> foi concebido para <strong>todos os modelos Audi A7\/S7\/RS7\/C7 de 2010 a 2018<\/strong>. Tem em aten\u00e7\u00e3o o seguinte: F\u00e1cil de instalar por ti pr\u00f3prio. O desempenho n\u00e3o \u00e9 detectado. Pode ser ligado ou desligado durante a condu\u00e7\u00e3o. Inclui fichas de qualidade superior e cabos resistentes ao calor. O veloc\u00edmetro e os sistemas de assist\u00eancia funcionam sem problemas.     <\/p>\n<p class=\"p1\"><b> Integra\u00e7\u00e3o perfeita<\/b><b><\/b><\/p>\n<p class=\"p1\"><b> Instala\u00e7\u00e3o f\u00e1cil<\/b><b><\/b><\/p>\n<p class=\"p1\"><b> Gest\u00e3o exacta da quilometragem<\/b><b><\/b><\/p>\n<p class=\"p1\"><b> Funcionamento em modo furtivo<\/b><b><\/b><\/p>\n<p class=\"p1\"><span class=\"s1\">\u2705<\/span><b> Suporte e actualiza\u00e7\u00f5es vital\u00edcias<\/b><\/p>\n<\/div>\n<\/div>\n<\/div>\n<\/div>\n","protected":false},"featured_media":664,"comment_status":"open","ping_status":"closed","template":"","meta":[],"product_brand":[],"product_cat":[1070],"product_tag":[],"class_list":{"0":"post-10587","1":"product","2":"type-product","3":"status-publish","4":"has-post-thumbnail","6":"product_cat-audi","8":"first","9":"instock","10":"taxable","11":"shipping-taxable","12":"purchasable","13":"product-type-variable"},"yoast_head":"<!-- This site is optimized with the Yoast SEO plugin v27.5 - https:\/\/yoast.com\/product\/yoast-seo-wordpress\/ -->\n<title>Audi A7\/S7\/RS7\/C7 Mileage Blocker (KM stopper) \u2192 KM Block<\/title>\n<meta name=\"description\" content=\"Buy a Audi A7\/S7\/RS7\/C7 Mileage Blocker for the Best Prices \u2713 Free Shipping \u2713 Incl. Installation Guides\" \/>\n<meta name=\"robots\" content=\"index, follow, max-snippet:-1, max-image-preview:large, max-video-preview:-1\" \/>\n<meta property=\"og:locale\" content=\"pt_PT\" \/>\n<meta property=\"og:type\" content=\"article\" \/>\n<meta property=\"og:title\" content=\"Audi A7\/S7\/RS7\/C7 Mileage Blocker (KM stopper) \u2192 KM Block\" \/>\n<meta property=\"og:description\" content=\"Buy a Audi A7\/S7\/RS7\/C7 Mileage Blocker for the Best Prices \u2713 Free Shipping \u2713 Incl. Installation Guides\" \/>\n<meta property=\"og:url\" content=\"https:\/\/kmblock.com\/pt-pt\/product\/audi-a7-s7-rs7-c7\/\" \/>\n<meta property=\"og:site_name\" content=\"KM Block\" \/>\n<meta property=\"og:image\" content=\"https:\/\/kmblock.com\/wp-content\/uploads\/2024\/09\/Audi-A7S7RS7C7.jpg\" \/>\n\t<meta property=\"og:image:width\" content=\"800\" \/>\n\t<meta property=\"og:image:height\" content=\"800\" \/>\n\t<meta property=\"og:image:type\" content=\"image\/jpeg\" \/>\n<meta name=\"twitter:card\" content=\"summary_large_image\" \/>\n<meta name=\"twitter:label1\" content=\"Tempo estimado de leitura\" \/>\n\t<meta name=\"twitter:data1\" content=\"3 minutos\" \/>\n<script type=\"application\/ld+json\" class=\"yoast-schema-graph\">{\"@context\":\"https:\\\/\\\/schema.org\",\"@graph\":[{\"@type\":\"WebPage\",\"@id\":\"https:\\\/\\\/kmblock.com\\\/pt-pt\\\/product\\\/audi-a7-s7-rs7-c7\\\/\",\"url\":\"https:\\\/\\\/kmblock.com\\\/pt-pt\\\/product\\\/audi-a7-s7-rs7-c7\\\/\",\"name\":\"Audi A7\\\/S7\\\/RS7\\\/C7 Mileage Blocker (KM stopper) \u2192 KM Block\",\"isPartOf\":{\"@id\":\"https:\\\/\\\/kmblock.com\\\/pt-pt\\\/#website\"},\"primaryImageOfPage\":{\"@id\":\"https:\\\/\\\/kmblock.com\\\/pt-pt\\\/product\\\/audi-a7-s7-rs7-c7\\\/#primaryimage\"},\"image\":{\"@id\":\"https:\\\/\\\/kmblock.com\\\/pt-pt\\\/product\\\/audi-a7-s7-rs7-c7\\\/#primaryimage\"},\"thumbnailUrl\":\"https:\\\/\\\/kmblock.com\\\/wp-content\\\/uploads\\\/2024\\\/09\\\/Audi-A7S7RS7C7.jpg\",\"datePublished\":\"2024-09-17T21:55:55+00:00\",\"description\":\"Buy a Audi A7\\\/S7\\\/RS7\\\/C7 Mileage Blocker for the Best Prices \u2713 Free Shipping \u2713 Incl. Installation Guides\",\"breadcrumb\":{\"@id\":\"https:\\\/\\\/kmblock.com\\\/pt-pt\\\/product\\\/audi-a7-s7-rs7-c7\\\/#breadcrumb\"},\"inLanguage\":\"pt-PT\",\"potentialAction\":[{\"@type\":\"ReadAction\",\"target\":[\"https:\\\/\\\/kmblock.com\\\/pt-pt\\\/product\\\/audi-a7-s7-rs7-c7\\\/\"]}]},{\"@type\":\"ImageObject\",\"inLanguage\":\"pt-PT\",\"@id\":\"https:\\\/\\\/kmblock.com\\\/pt-pt\\\/product\\\/audi-a7-s7-rs7-c7\\\/#primaryimage\",\"url\":\"https:\\\/\\\/kmblock.com\\\/wp-content\\\/uploads\\\/2024\\\/09\\\/Audi-A7S7RS7C7.jpg\",\"contentUrl\":\"https:\\\/\\\/kmblock.com\\\/wp-content\\\/uploads\\\/2024\\\/09\\\/Audi-A7S7RS7C7.jpg\",\"width\":800,\"height\":800,\"caption\":\"Audi A7\\\/S7\\\/RS7\\\/C7\"},{\"@type\":\"BreadcrumbList\",\"@id\":\"https:\\\/\\\/kmblock.com\\\/pt-pt\\\/product\\\/audi-a7-s7-rs7-c7\\\/#breadcrumb\",\"itemListElement\":[{\"@type\":\"ListItem\",\"position\":1,\"name\":\"Casa\",\"item\":\"https:\\\/\\\/kmblock.com\\\/pt-pt\\\/\"},{\"@type\":\"ListItem\",\"position\":2,\"name\":\"Produtos\",\"item\":\"https:\\\/\\\/kmblock.com\\\/pt-pt\\\/shop\\\/\"},{\"@type\":\"ListItem\",\"position\":3,\"name\":\"Audi A7\\\/S7\\\/RS7\\\/C7\"}]},{\"@type\":\"WebSite\",\"@id\":\"https:\\\/\\\/kmblock.com\\\/pt-pt\\\/#website\",\"url\":\"https:\\\/\\\/kmblock.com\\\/pt-pt\\\/\",\"name\":\"KM Block\",\"description\":\"\",\"publisher\":{\"@id\":\"https:\\\/\\\/kmblock.com\\\/pt-pt\\\/#organization\"},\"potentialAction\":[{\"@type\":\"SearchAction\",\"target\":{\"@type\":\"EntryPoint\",\"urlTemplate\":\"https:\\\/\\\/kmblock.com\\\/pt-pt\\\/?s={search_term_string}\"},\"query-input\":{\"@type\":\"PropertyValueSpecification\",\"valueRequired\":true,\"valueName\":\"search_term_string\"}}],\"inLanguage\":\"pt-PT\"},{\"@type\":\"Organization\",\"@id\":\"https:\\\/\\\/kmblock.com\\\/pt-pt\\\/#organization\",\"name\":\"Bloco KM\",\"url\":\"https:\\\/\\\/kmblock.com\\\/pt-pt\\\/\",\"logo\":{\"@type\":\"ImageObject\",\"inLanguage\":\"pt-PT\",\"@id\":\"https:\\\/\\\/kmblock.com\\\/pt-pt\\\/#\\\/schema\\\/logo\\\/image\\\/\",\"url\":\"https:\\\/\\\/kmblock.com\\\/wp-content\\\/uploads\\\/2024\\\/08\\\/main-logo.png\",\"contentUrl\":\"https:\\\/\\\/kmblock.com\\\/wp-content\\\/uploads\\\/2024\\\/08\\\/main-logo.png\",\"width\":186,\"height\":28,\"caption\":\"Bloco KM\"},\"image\":{\"@id\":\"https:\\\/\\\/kmblock.com\\\/pt-pt\\\/#\\\/schema\\\/logo\\\/image\\\/\"}}]}<\/script>\n<!-- \/ Yoast SEO plugin. -->","yoast_head_json":{"title":"Audi A7\/S7\/RS7\/C7 Mileage Blocker (KM stopper) \u2192 KM Block","description":"Buy a Audi A7\/S7\/RS7\/C7 Mileage Blocker for the Best Prices \u2713 Free Shipping \u2713 Incl. Installation Guides","robots":{"index":"index","follow":"follow","max-snippet":"max-snippet:-1","max-image-preview":"max-image-preview:large","max-video-preview":"max-video-preview:-1"},"og_locale":"pt_PT","og_type":"article","og_title":"Audi A7\/S7\/RS7\/C7 Mileage Blocker (KM stopper) \u2192 KM Block","og_description":"Buy a Audi A7\/S7\/RS7\/C7 Mileage Blocker for the Best Prices \u2713 Free Shipping \u2713 Incl. Installation Guides","og_url":"https:\/\/kmblock.com\/pt-pt\/product\/audi-a7-s7-rs7-c7\/","og_site_name":"KM Block","og_image":[{"width":800,"height":800,"url":"https:\/\/kmblock.com\/wp-content\/uploads\/2024\/09\/Audi-A7S7RS7C7.jpg","type":"image\/jpeg"}],"twitter_card":"summary_large_image","twitter_misc":{"Tempo estimado de leitura":"3 minutos"},"schema":{"@context":"https:\/\/schema.org","@graph":[{"@type":"WebPage","@id":"https:\/\/kmblock.com\/pt-pt\/product\/audi-a7-s7-rs7-c7\/","url":"https:\/\/kmblock.com\/pt-pt\/product\/audi-a7-s7-rs7-c7\/","name":"Audi A7\/S7\/RS7\/C7 Mileage Blocker (KM stopper) \u2192 KM Block","isPartOf":{"@id":"https:\/\/kmblock.com\/pt-pt\/#website"},"primaryImageOfPage":{"@id":"https:\/\/kmblock.com\/pt-pt\/product\/audi-a7-s7-rs7-c7\/#primaryimage"},"image":{"@id":"https:\/\/kmblock.com\/pt-pt\/product\/audi-a7-s7-rs7-c7\/#primaryimage"},"thumbnailUrl":"https:\/\/kmblock.com\/wp-content\/uploads\/2024\/09\/Audi-A7S7RS7C7.jpg","datePublished":"2024-09-17T21:55:55+00:00","description":"Buy a Audi A7\/S7\/RS7\/C7 Mileage Blocker for the Best Prices \u2713 Free Shipping \u2713 Incl. Installation Guides","breadcrumb":{"@id":"https:\/\/kmblock.com\/pt-pt\/product\/audi-a7-s7-rs7-c7\/#breadcrumb"},"inLanguage":"pt-PT","potentialAction":[{"@type":"ReadAction","target":["https:\/\/kmblock.com\/pt-pt\/product\/audi-a7-s7-rs7-c7\/"]}]},{"@type":"ImageObject","inLanguage":"pt-PT","@id":"https:\/\/kmblock.com\/pt-pt\/product\/audi-a7-s7-rs7-c7\/#primaryimage","url":"https:\/\/kmblock.com\/wp-content\/uploads\/2024\/09\/Audi-A7S7RS7C7.jpg","contentUrl":"https:\/\/kmblock.com\/wp-content\/uploads\/2024\/09\/Audi-A7S7RS7C7.jpg","width":800,"height":800,"caption":"Audi A7\/S7\/RS7\/C7"},{"@type":"BreadcrumbList","@id":"https:\/\/kmblock.com\/pt-pt\/product\/audi-a7-s7-rs7-c7\/#breadcrumb","itemListElement":[{"@type":"ListItem","position":1,"name":"Casa","item":"https:\/\/kmblock.com\/pt-pt\/"},{"@type":"ListItem","position":2,"name":"Produtos","item":"https:\/\/kmblock.com\/pt-pt\/shop\/"},{"@type":"ListItem","position":3,"name":"Audi A7\/S7\/RS7\/C7"}]},{"@type":"WebSite","@id":"https:\/\/kmblock.com\/pt-pt\/#website","url":"https:\/\/kmblock.com\/pt-pt\/","name":"KM Block","description":"","publisher":{"@id":"https:\/\/kmblock.com\/pt-pt\/#organization"},"potentialAction":[{"@type":"SearchAction","target":{"@type":"EntryPoint","urlTemplate":"https:\/\/kmblock.com\/pt-pt\/?s={search_term_string}"},"query-input":{"@type":"PropertyValueSpecification","valueRequired":true,"valueName":"search_term_string"}}],"inLanguage":"pt-PT"},{"@type":"Organization","@id":"https:\/\/kmblock.com\/pt-pt\/#organization","name":"Bloco KM","url":"https:\/\/kmblock.com\/pt-pt\/","logo":{"@type":"ImageObject","inLanguage":"pt-PT","@id":"https:\/\/kmblock.com\/pt-pt\/#\/schema\/logo\/image\/","url":"https:\/\/kmblock.com\/wp-content\/uploads\/2024\/08\/main-logo.png","contentUrl":"https:\/\/kmblock.com\/wp-content\/uploads\/2024\/08\/main-logo.png","width":186,"height":28,"caption":"Bloco KM"},"image":{"@id":"https:\/\/kmblock.com\/pt-pt\/#\/schema\/logo\/image\/"}}]}},"_links":{"self":[{"href":"https:\/\/kmblock.com\/pt-pt\/wp-json\/wp\/v2\/product\/10587","targetHints":{"allow":["GET"]}}],"collection":[{"href":"https:\/\/kmblock.com\/pt-pt\/wp-json\/wp\/v2\/product"}],"about":[{"href":"https:\/\/kmblock.com\/pt-pt\/wp-json\/wp\/v2\/types\/product"}],"replies":[{"embeddable":true,"href":"https:\/\/kmblock.com\/pt-pt\/wp-json\/wp\/v2\/comments?post=10587"}],"wp:featuredmedia":[{"embeddable":true,"href":"https:\/\/kmblock.com\/pt-pt\/wp-json\/wp\/v2\/media\/664"}],"wp:attachment":[{"href":"https:\/\/kmblock.com\/pt-pt\/wp-json\/wp\/v2\/media?parent=10587"}],"wp:term":[{"taxonomy":"product_brand","embeddable":true,"href":"https:\/\/kmblock.com\/pt-pt\/wp-json\/wp\/v2\/product_brand?post=10587"},{"taxonomy":"product_cat","embeddable":true,"href":"https:\/\/kmblock.com\/pt-pt\/wp-json\/wp\/v2\/product_cat?post=10587"},{"taxonomy":"product_tag","embeddable":true,"href":"https:\/\/kmblock.com\/pt-pt\/wp-json\/wp\/v2\/product_tag?post=10587"}],"curies":[{"name":"wp","href":"https:\/\/api.w.org\/{rel}","templated":true}]}}