{"id":10586,"date":"2024-09-17T22:15:43","date_gmt":"2024-09-17T22:15:43","guid":{"rendered":"https:\/\/kmblock.com\/product\/audi-a8-s8-rs8-d4\/"},"modified":"2024-09-17T22:15:43","modified_gmt":"2024-09-17T22:15:43","slug":"audi-a8-s8-rs8-d4","status":"publish","type":"product","link":"https:\/\/kmblock.com\/pt-pt\/product\/audi-a8-s8-rs8-d4\/","title":{"rendered":"Audi A8\/S8\/RS8\/D4"},"content":{"rendered":"<div class=\"flex-shrink-0 flex flex-col relative items-end\">\n<div class=\"pt-0\">\n<div class=\"gizmo-bot-avatar flex h-8 w-8 items-center justify-center overflow-hidden rounded-full\">\n<div class=\"relative p-1 rounded-sm flex items-center justify-center bg-token-main-surface-primary text-token-text-primary h-8 w-8\">\n<h3><strong>Bloqueador de Quil\u00f3metros para Audi A8\/S8\/RS8 &#8211; D4<\/strong><\/h3>\n<p>O Bloqueador de Quil\u00f3metros Audi A8\/S8\/RS8 &#8211; D4 tamb\u00e9m \u00e9 conhecido como Bloqueador de Od\u00f3metro, Bloqueador de Od\u00f3metro, Bloqueador de Lata, Bloqueador de Quil\u00f3metros, Od\u00f3metro de Viagem, Filtro de Lata e, por vezes, como ferramenta de Corre\u00e7\u00e3o de Quil\u00f3metros. Este dispositivo foi concebido para todos os modelos Audi A8\/S8\/RS8\/D4 produzidos entre 2010 e 2017. <\/p>\n<h3><strong>Especifica\u00e7\u00f5es<\/strong><\/h3>\n<ul>\n<li>N\u00e3o aparece nenhuma mensagem de erro no veloc\u00edmetro ou no painel de navega\u00e7\u00e3o.<\/li>\n<li>Instala\u00e7\u00e3o simples do tipo &#8221;fa\u00e7a voc\u00ea mesmo&#8221;.<\/li>\n<li>Disp\u00f5e de um conetor com uma face de encaixe e sulcos para uma instala\u00e7\u00e3o suave.<\/li>\n<li>Funciona com v\u00e1rias combina\u00e7\u00f5es de teclas.<\/li>\n<li>N\u00e3o deixa vest\u00edgios ap\u00f3s a remo\u00e7\u00e3o: n\u00e3o \u00e9 necess\u00e1rio soldar ou cortar os cabos.<\/li>\n<li>Pode ser ativado ou desativado enquanto o ve\u00edculo est\u00e1 em movimento.<\/li>\n<li>Inclui fichas de alta qualidade e cabos resistentes ao calor.<\/li>\n<li>As defini\u00e7\u00f5es selecionadas s\u00e3o guardadas permanentemente.<\/li>\n<li>A quilometragem n\u00e3o aumenta ap\u00f3s a remo\u00e7\u00e3o do m\u00f3dulo.<\/li>\n<li>O veloc\u00edmetro e outros sistemas de assist\u00eancia funcionam corretamente.<\/li>\n<li>Para uma altera\u00e7\u00e3o completa da quilometragem, \u00e9 permitido um desvio at\u00e9 1% da dist\u00e2ncia real. Os dados de quilometragem fornecidos s\u00e3o aproximados e podem apresentar pequenas varia\u00e7\u00f5es. <\/li>\n<\/ul>\n<h3><strong>Ativa\u00e7\u00e3o e desativa\u00e7\u00e3o<\/strong><\/h3>\n<p>Ativa-o premindo simultaneamente os bot\u00f5es &#8221;Ok&#8221; e &#8221;volume&#8221; no guiador.<\/p>\n<p><strong>Modo On:<\/strong> conta 0% de milhas. Ambos os piscas piscar\u00e3o. <\/p>\n<p><strong>Modo desligado:<\/strong> conta 100 por cento dos quil\u00f3metros. Ambos os piscas piscam. <\/p>\n<h3><strong>O que \u00e9 o Audi A8, S8, RS8, D4 Odometer Blocker ou Mileage Corretion Tool?<\/strong><\/h3>\n<p>O Bloqueador de Quil\u00f3metros\/Od\u00f3metro do Audi A8 D4 destina-se a parar a acumula\u00e7\u00e3o de quil\u00f3metros enquanto testa o desempenho do ve\u00edculo. Na KM Block, fornecemos uma gama de dispositivos de bloqueio de quil\u00f3metros adaptados a v\u00e1rios ve\u00edculos. O nosso m\u00f3dulo funciona eficazmente com motores a gas\u00f3leo, a gasolina, ve\u00edculos h\u00edbridos el\u00e9ctricos plug-in (PHEV) e carros el\u00e9ctricos. Independentemente de o teu od\u00f3metro digital medir em milhas ou quil\u00f3metros, o dispositivo funciona sem problemas.   <\/p>\n<p>Tem em aten\u00e7\u00e3o que n\u00e3o vendemos ferramentas de corre\u00e7\u00e3o de quilometragem para o Audi A8 D4, uma vez que estas s\u00e3o frequentemente utilizadas para fins enganosos, tais como a invers\u00e3o dos valores de quilometragem. Estas ferramentas s\u00e3o normalmente utilizadas para alterar a dist\u00e2ncia percorrida, mas n\u00e3o podem reverter totalmente a quilometragem devido \u00e0s m\u00faltiplas unidades de armazenamento de dados nos ve\u00edculos modernos. <\/p>\n<p>A instala\u00e7\u00e3o \u00e9 simples para todos os modelos e n\u00e3o requer conhecimentos especializados sobre o ve\u00edculo. Basta ligar o dispositivo entre a porta do veloc\u00edmetro e o painel de instrumentos para usufruir das suas vantagens. O nosso software foi concebido \u00e0 medida de cada marca e modelo de ve\u00edculo para garantir um funcionamento sem falhas. Podes ativar ou desativar o Audi A8 D4 Mileage Blocker a qualquer momento, quer o carro esteja em movimento ou parado.   <\/p>\n<\/div>\n<\/div>\n<\/div>\n<\/div>\n","protected":false},"excerpt":{"rendered":"<div class=\"flex-shrink-0 flex flex-col relative items-end\">\n<div class=\"pt-0\">\n<div class=\"gizmo-bot-avatar flex h-8 w-8 items-center justify-center overflow-hidden rounded-full\">\n<div class=\"relative p-1 rounded-sm flex items-center justify-center bg-token-main-surface-primary text-token-text-primary h-8 w-8\">\n<p>Antes de fazeres a tua encomenda, rev\u00ea cuidadosamente as informa\u00e7\u00f5es abaixo sobre a ativa\u00e7\u00e3o do m\u00f3dulo, as mensagens de erro e a funcionalidade.<\/p>\n<p><strong>Compatibilidade:<\/strong> Este dispositivo \u00e9 adequado para todos os modelos Audi A8\/S8\/RS8\/D4 lan\u00e7ados entre 2010 e 2017. F\u00e1cil de instalar por ti pr\u00f3prio. N\u00e3o deixa qualquer vest\u00edgio de modifica\u00e7\u00e3o. Pode ser ativado com o ve\u00edculo em movimento. Inclui fichas de qualidade superior e cabos resistentes ao calor. O veloc\u00edmetro e os sistemas de assist\u00eancia funcionam sem problemas.    <\/p>\n<p class=\"p1\"><b> Integra\u00e7\u00e3o perfeita<\/b><b><\/b><\/p>\n<p class=\"p1\"><b> Instala\u00e7\u00e3o f\u00e1cil<\/b><b><\/b><\/p>\n<p class=\"p1\"><b> Gest\u00e3o exacta da quilometragem<\/b><b><\/b><\/p>\n<p class=\"p1\"><b> Funcionamento em modo furtivo<\/b><b><\/b><\/p>\n<p class=\"p1\"><span class=\"s1\">\u2705<\/span><b> Suporte e actualiza\u00e7\u00f5es vital\u00edcias<\/b><\/p>\n<\/div>\n<\/div>\n<\/div>\n<\/div>\n","protected":false},"featured_media":668,"comment_status":"open","ping_status":"closed","template":"","meta":[],"product_brand":[],"product_cat":[1070],"product_tag":[],"class_list":{"0":"post-10586","1":"product","2":"type-product","3":"status-publish","4":"has-post-thumbnail","6":"product_cat-audi","8":"first","9":"instock","10":"taxable","11":"shipping-taxable","12":"purchasable","13":"product-type-variable"},"yoast_head":"<!-- This site is optimized with the Yoast SEO plugin v27.5 - https:\/\/yoast.com\/product\/yoast-seo-wordpress\/ -->\n<title>Audi A8\/S8\/RS8\/D4 Mileage Blocker (KM stopper) \u2192 KM Block<\/title>\n<meta name=\"description\" content=\"Buy a Audi A8\/S8\/RS8\/D4 Mileage Blocker for the Best Prices \u2713 Free Shipping \u2713 Incl. Installation Guides\" \/>\n<meta name=\"robots\" content=\"index, follow, max-snippet:-1, max-image-preview:large, max-video-preview:-1\" \/>\n<meta property=\"og:locale\" content=\"pt_PT\" \/>\n<meta property=\"og:type\" content=\"article\" \/>\n<meta property=\"og:title\" content=\"Audi A8\/S8\/RS8\/D4 Mileage Blocker (KM stopper) \u2192 KM Block\" \/>\n<meta property=\"og:description\" content=\"Buy a Audi A8\/S8\/RS8\/D4 Mileage Blocker for the Best Prices \u2713 Free Shipping \u2713 Incl. Installation Guides\" \/>\n<meta property=\"og:url\" content=\"https:\/\/kmblock.com\/pt-pt\/product\/audi-a8-s8-rs8-d4\/\" \/>\n<meta property=\"og:site_name\" content=\"KM Block\" \/>\n<meta property=\"og:image\" content=\"https:\/\/kmblock.com\/wp-content\/uploads\/2024\/09\/Audi-A8S8RS8D4.jpg\" \/>\n\t<meta property=\"og:image:width\" content=\"800\" \/>\n\t<meta property=\"og:image:height\" content=\"800\" \/>\n\t<meta property=\"og:image:type\" content=\"image\/jpeg\" \/>\n<meta name=\"twitter:card\" content=\"summary_large_image\" \/>\n<meta name=\"twitter:label1\" content=\"Tempo estimado de leitura\" \/>\n\t<meta name=\"twitter:data1\" content=\"3 minutos\" \/>\n<script type=\"application\/ld+json\" class=\"yoast-schema-graph\">{\"@context\":\"https:\\\/\\\/schema.org\",\"@graph\":[{\"@type\":\"WebPage\",\"@id\":\"https:\\\/\\\/kmblock.com\\\/pt-pt\\\/product\\\/audi-a8-s8-rs8-d4\\\/\",\"url\":\"https:\\\/\\\/kmblock.com\\\/pt-pt\\\/product\\\/audi-a8-s8-rs8-d4\\\/\",\"name\":\"Audi A8\\\/S8\\\/RS8\\\/D4 Mileage Blocker (KM stopper) \u2192 KM Block\",\"isPartOf\":{\"@id\":\"https:\\\/\\\/kmblock.com\\\/pt-pt\\\/#website\"},\"primaryImageOfPage\":{\"@id\":\"https:\\\/\\\/kmblock.com\\\/pt-pt\\\/product\\\/audi-a8-s8-rs8-d4\\\/#primaryimage\"},\"image\":{\"@id\":\"https:\\\/\\\/kmblock.com\\\/pt-pt\\\/product\\\/audi-a8-s8-rs8-d4\\\/#primaryimage\"},\"thumbnailUrl\":\"https:\\\/\\\/kmblock.com\\\/wp-content\\\/uploads\\\/2024\\\/09\\\/Audi-A8S8RS8D4.jpg\",\"datePublished\":\"2024-09-17T22:15:43+00:00\",\"description\":\"Buy a Audi A8\\\/S8\\\/RS8\\\/D4 Mileage Blocker for the Best Prices \u2713 Free Shipping \u2713 Incl. Installation Guides\",\"breadcrumb\":{\"@id\":\"https:\\\/\\\/kmblock.com\\\/pt-pt\\\/product\\\/audi-a8-s8-rs8-d4\\\/#breadcrumb\"},\"inLanguage\":\"pt-PT\",\"potentialAction\":[{\"@type\":\"ReadAction\",\"target\":[\"https:\\\/\\\/kmblock.com\\\/pt-pt\\\/product\\\/audi-a8-s8-rs8-d4\\\/\"]}]},{\"@type\":\"ImageObject\",\"inLanguage\":\"pt-PT\",\"@id\":\"https:\\\/\\\/kmblock.com\\\/pt-pt\\\/product\\\/audi-a8-s8-rs8-d4\\\/#primaryimage\",\"url\":\"https:\\\/\\\/kmblock.com\\\/wp-content\\\/uploads\\\/2024\\\/09\\\/Audi-A8S8RS8D4.jpg\",\"contentUrl\":\"https:\\\/\\\/kmblock.com\\\/wp-content\\\/uploads\\\/2024\\\/09\\\/Audi-A8S8RS8D4.jpg\",\"width\":800,\"height\":800,\"caption\":\"Audi A8\\\/S8\\\/RS8\\\/D4\"},{\"@type\":\"BreadcrumbList\",\"@id\":\"https:\\\/\\\/kmblock.com\\\/pt-pt\\\/product\\\/audi-a8-s8-rs8-d4\\\/#breadcrumb\",\"itemListElement\":[{\"@type\":\"ListItem\",\"position\":1,\"name\":\"Casa\",\"item\":\"https:\\\/\\\/kmblock.com\\\/pt-pt\\\/\"},{\"@type\":\"ListItem\",\"position\":2,\"name\":\"Produtos\",\"item\":\"https:\\\/\\\/kmblock.com\\\/pt-pt\\\/shop\\\/\"},{\"@type\":\"ListItem\",\"position\":3,\"name\":\"Audi A8\\\/S8\\\/RS8\\\/D4\"}]},{\"@type\":\"WebSite\",\"@id\":\"https:\\\/\\\/kmblock.com\\\/pt-pt\\\/#website\",\"url\":\"https:\\\/\\\/kmblock.com\\\/pt-pt\\\/\",\"name\":\"KM Block\",\"description\":\"\",\"publisher\":{\"@id\":\"https:\\\/\\\/kmblock.com\\\/pt-pt\\\/#organization\"},\"potentialAction\":[{\"@type\":\"SearchAction\",\"target\":{\"@type\":\"EntryPoint\",\"urlTemplate\":\"https:\\\/\\\/kmblock.com\\\/pt-pt\\\/?s={search_term_string}\"},\"query-input\":{\"@type\":\"PropertyValueSpecification\",\"valueRequired\":true,\"valueName\":\"search_term_string\"}}],\"inLanguage\":\"pt-PT\"},{\"@type\":\"Organization\",\"@id\":\"https:\\\/\\\/kmblock.com\\\/pt-pt\\\/#organization\",\"name\":\"Bloco KM\",\"url\":\"https:\\\/\\\/kmblock.com\\\/pt-pt\\\/\",\"logo\":{\"@type\":\"ImageObject\",\"inLanguage\":\"pt-PT\",\"@id\":\"https:\\\/\\\/kmblock.com\\\/pt-pt\\\/#\\\/schema\\\/logo\\\/image\\\/\",\"url\":\"https:\\\/\\\/kmblock.com\\\/wp-content\\\/uploads\\\/2024\\\/08\\\/main-logo.png\",\"contentUrl\":\"https:\\\/\\\/kmblock.com\\\/wp-content\\\/uploads\\\/2024\\\/08\\\/main-logo.png\",\"width\":186,\"height\":28,\"caption\":\"Bloco KM\"},\"image\":{\"@id\":\"https:\\\/\\\/kmblock.com\\\/pt-pt\\\/#\\\/schema\\\/logo\\\/image\\\/\"}}]}<\/script>\n<!-- \/ Yoast SEO plugin. -->","yoast_head_json":{"title":"Audi A8\/S8\/RS8\/D4 Mileage Blocker (KM stopper) \u2192 KM Block","description":"Buy a Audi A8\/S8\/RS8\/D4 Mileage Blocker for the Best Prices \u2713 Free Shipping \u2713 Incl. Installation Guides","robots":{"index":"index","follow":"follow","max-snippet":"max-snippet:-1","max-image-preview":"max-image-preview:large","max-video-preview":"max-video-preview:-1"},"og_locale":"pt_PT","og_type":"article","og_title":"Audi A8\/S8\/RS8\/D4 Mileage Blocker (KM stopper) \u2192 KM Block","og_description":"Buy a Audi A8\/S8\/RS8\/D4 Mileage Blocker for the Best Prices \u2713 Free Shipping \u2713 Incl. Installation Guides","og_url":"https:\/\/kmblock.com\/pt-pt\/product\/audi-a8-s8-rs8-d4\/","og_site_name":"KM Block","og_image":[{"width":800,"height":800,"url":"https:\/\/kmblock.com\/wp-content\/uploads\/2024\/09\/Audi-A8S8RS8D4.jpg","type":"image\/jpeg"}],"twitter_card":"summary_large_image","twitter_misc":{"Tempo estimado de leitura":"3 minutos"},"schema":{"@context":"https:\/\/schema.org","@graph":[{"@type":"WebPage","@id":"https:\/\/kmblock.com\/pt-pt\/product\/audi-a8-s8-rs8-d4\/","url":"https:\/\/kmblock.com\/pt-pt\/product\/audi-a8-s8-rs8-d4\/","name":"Audi A8\/S8\/RS8\/D4 Mileage Blocker (KM stopper) \u2192 KM Block","isPartOf":{"@id":"https:\/\/kmblock.com\/pt-pt\/#website"},"primaryImageOfPage":{"@id":"https:\/\/kmblock.com\/pt-pt\/product\/audi-a8-s8-rs8-d4\/#primaryimage"},"image":{"@id":"https:\/\/kmblock.com\/pt-pt\/product\/audi-a8-s8-rs8-d4\/#primaryimage"},"thumbnailUrl":"https:\/\/kmblock.com\/wp-content\/uploads\/2024\/09\/Audi-A8S8RS8D4.jpg","datePublished":"2024-09-17T22:15:43+00:00","description":"Buy a Audi A8\/S8\/RS8\/D4 Mileage Blocker for the Best Prices \u2713 Free Shipping \u2713 Incl. Installation Guides","breadcrumb":{"@id":"https:\/\/kmblock.com\/pt-pt\/product\/audi-a8-s8-rs8-d4\/#breadcrumb"},"inLanguage":"pt-PT","potentialAction":[{"@type":"ReadAction","target":["https:\/\/kmblock.com\/pt-pt\/product\/audi-a8-s8-rs8-d4\/"]}]},{"@type":"ImageObject","inLanguage":"pt-PT","@id":"https:\/\/kmblock.com\/pt-pt\/product\/audi-a8-s8-rs8-d4\/#primaryimage","url":"https:\/\/kmblock.com\/wp-content\/uploads\/2024\/09\/Audi-A8S8RS8D4.jpg","contentUrl":"https:\/\/kmblock.com\/wp-content\/uploads\/2024\/09\/Audi-A8S8RS8D4.jpg","width":800,"height":800,"caption":"Audi A8\/S8\/RS8\/D4"},{"@type":"BreadcrumbList","@id":"https:\/\/kmblock.com\/pt-pt\/product\/audi-a8-s8-rs8-d4\/#breadcrumb","itemListElement":[{"@type":"ListItem","position":1,"name":"Casa","item":"https:\/\/kmblock.com\/pt-pt\/"},{"@type":"ListItem","position":2,"name":"Produtos","item":"https:\/\/kmblock.com\/pt-pt\/shop\/"},{"@type":"ListItem","position":3,"name":"Audi A8\/S8\/RS8\/D4"}]},{"@type":"WebSite","@id":"https:\/\/kmblock.com\/pt-pt\/#website","url":"https:\/\/kmblock.com\/pt-pt\/","name":"KM Block","description":"","publisher":{"@id":"https:\/\/kmblock.com\/pt-pt\/#organization"},"potentialAction":[{"@type":"SearchAction","target":{"@type":"EntryPoint","urlTemplate":"https:\/\/kmblock.com\/pt-pt\/?s={search_term_string}"},"query-input":{"@type":"PropertyValueSpecification","valueRequired":true,"valueName":"search_term_string"}}],"inLanguage":"pt-PT"},{"@type":"Organization","@id":"https:\/\/kmblock.com\/pt-pt\/#organization","name":"Bloco KM","url":"https:\/\/kmblock.com\/pt-pt\/","logo":{"@type":"ImageObject","inLanguage":"pt-PT","@id":"https:\/\/kmblock.com\/pt-pt\/#\/schema\/logo\/image\/","url":"https:\/\/kmblock.com\/wp-content\/uploads\/2024\/08\/main-logo.png","contentUrl":"https:\/\/kmblock.com\/wp-content\/uploads\/2024\/08\/main-logo.png","width":186,"height":28,"caption":"Bloco KM"},"image":{"@id":"https:\/\/kmblock.com\/pt-pt\/#\/schema\/logo\/image\/"}}]}},"_links":{"self":[{"href":"https:\/\/kmblock.com\/pt-pt\/wp-json\/wp\/v2\/product\/10586","targetHints":{"allow":["GET"]}}],"collection":[{"href":"https:\/\/kmblock.com\/pt-pt\/wp-json\/wp\/v2\/product"}],"about":[{"href":"https:\/\/kmblock.com\/pt-pt\/wp-json\/wp\/v2\/types\/product"}],"replies":[{"embeddable":true,"href":"https:\/\/kmblock.com\/pt-pt\/wp-json\/wp\/v2\/comments?post=10586"}],"wp:featuredmedia":[{"embeddable":true,"href":"https:\/\/kmblock.com\/pt-pt\/wp-json\/wp\/v2\/media\/668"}],"wp:attachment":[{"href":"https:\/\/kmblock.com\/pt-pt\/wp-json\/wp\/v2\/media?parent=10586"}],"wp:term":[{"taxonomy":"product_brand","embeddable":true,"href":"https:\/\/kmblock.com\/pt-pt\/wp-json\/wp\/v2\/product_brand?post=10586"},{"taxonomy":"product_cat","embeddable":true,"href":"https:\/\/kmblock.com\/pt-pt\/wp-json\/wp\/v2\/product_cat?post=10586"},{"taxonomy":"product_tag","embeddable":true,"href":"https:\/\/kmblock.com\/pt-pt\/wp-json\/wp\/v2\/product_tag?post=10586"}],"curies":[{"name":"wp","href":"https:\/\/api.w.org\/{rel}","templated":true}]}}