{"id":10562,"date":"2024-09-17T21:55:34","date_gmt":"2024-09-17T21:55:34","guid":{"rendered":"https:\/\/kmblock.com\/product\/audi-a7-s7-rs7-c8\/"},"modified":"2024-09-17T21:55:34","modified_gmt":"2024-09-17T21:55:34","slug":"audi-a7-s7-rs7-c8","status":"publish","type":"product","link":"https:\/\/kmblock.com\/pt-pt\/product\/audi-a7-s7-rs7-c8\/","title":{"rendered":"Audi A7\/S7\/RS7\/C8"},"content":{"rendered":"<div class=\"flex max-w-full flex-col flex-grow\">\n<div class=\"min-h-[20px] text-message flex w-full flex-col items-end gap-2 whitespace-normal break-words [.text-message+&amp;]:mt-5\" dir=\"auto\" data-message-author-role=\"assistant\" data-message-id=\"765a5d77-1b34-437a-a971-026f3a7fac57\">\n<div class=\"flex w-full flex-col gap-1 empty:hidden first:pt-[3px]\">\n<div class=\"markdown prose w-full break-words dark:prose-invert dark\">\n<h3><strong>Bloqueador de Quil\u00f3metros para Audi A6\/S6\/RS6 &#8211; C8<\/strong><\/h3>\n<p>O Bloqueador de Quil\u00f3metros Audi A6\/S6\/RS6 &#8211; C8 tamb\u00e9m \u00e9 conhecido como Bloqueador de Od\u00f3metro, Bloqueador de Od\u00f3metro, Bloqueador de Lata, Bloqueador de Quil\u00f3metros, Od\u00f3metro de Viagem, Filtro de Lata ou, ocasionalmente, como ferramenta de Corre\u00e7\u00e3o de Quil\u00f3metros. \u00c9 compat\u00edvel com todos os modelos Audi A6\/S6\/RS6\/C8 lan\u00e7ados desde 2018. <\/p>\n<h3><strong>Especifica\u00e7\u00f5es<\/strong><\/h3>\n<ul>\n<li>Concebido para uma instala\u00e7\u00e3o f\u00e1cil com um conetor que apresenta uma face de encaixe e sulcos.<\/li>\n<li>Inclui fichas de alta qualidade e cabos resistentes ao calor.<\/li>\n<li>As leituras de quilometragem n\u00e3o aumentam ap\u00f3s a remo\u00e7\u00e3o.<\/li>\n<li>A ativa\u00e7\u00e3o \u00e9 feita premindo um bot\u00e3o no volante.<\/li>\n<li>As altera\u00e7\u00f5es de quilometragem efectuadas por este dispositivo n\u00e3o s\u00e3o detect\u00e1veis pelos aparelhos de diagn\u00f3stico.<\/li>\n<li>As defini\u00e7\u00f5es s\u00e3o guardadas permanentemente ap\u00f3s a sele\u00e7\u00e3o inicial.<\/li>\n<li>O veloc\u00edmetro e outros sistemas de assist\u00eancia funcionam sem problemas.<\/li>\n<li>A instala\u00e7\u00e3o simples do tipo &#8221;fa\u00e7a voc\u00ea mesmo&#8221; n\u00e3o requer conhecimentos especializados sobre o ve\u00edculo.<\/li>\n<li>N\u00e3o \u00e9 necess\u00e1rio soldar ou cortar os cabos.<\/li>\n<li>N\u00e3o aparece nenhuma mensagem de erro no veloc\u00edmetro ou no painel de navega\u00e7\u00e3o.<\/li>\n<li>Nos ve\u00edculos a partir do final de 2020, a ativa\u00e7\u00e3o do dispositivo pode acionar a luz de controlo do motor.<\/li>\n<li>Para uma altera\u00e7\u00e3o completa da quilometragem, \u00e9 permitido um desvio at\u00e9 1% da dist\u00e2ncia real. Os dados de quilometragem fornecidos s\u00e3o aproximados e podem variar ligeiramente. <\/li>\n<\/ul>\n<p><strong>Nota importante<\/strong> Se o teu ve\u00edculo tiver recebido uma atualiza\u00e7\u00e3o recente do fabricante, os m\u00e9todos de ativa\u00e7\u00e3o anteriores n\u00e3o funcionar\u00e3o. Apenas o modo 3 (paragem total) e o modo 4 (contagem total) ser\u00e3o eficazes. Para ativar o m\u00f3dulo, desliga o ve\u00edculo completamente cinco vezes seguidas. No ato da compra, ser-te-\u00e1 fornecido um PDF com instru\u00e7\u00f5es detalhadas.   <\/p>\n<h3><strong>Ativa\u00e7\u00e3o e desativa\u00e7\u00e3o<\/strong><\/h3>\n<p>Utiliza o bot\u00e3o &#8221;ok&#8221; no guiador. Mant\u00e9m premido at\u00e9 que o pisca-pisca comece a piscar. <\/p>\n<p><strong>Modo 1:<\/strong> 1 pisca \u00e0 esquerda 20 por cento<br \/>\n<strong>Modo 2:<\/strong> 2 piscadas \u00e0 esquerda 10 por cento<br \/>\n<strong>Modo 3:<\/strong> 3 piscas \u00e0 esquerda 0 por cento<br \/>\n<strong>Modo 4:<\/strong> 1 piscada \u00e0 direita 100 por cento<\/p>\n<p>Para o modo 3: 0 por cento, tens de ligar o modo e, em seguida, desligar o carro e tranc\u00e1-lo durante 2 minutos e, depois, ligar e conduzir.&#8221;<\/p>\n<h3><strong>O que \u00e9 o Audi A6, S6, RS6, C8 Odometer Blocker ou Mileage Corretion Tool?<\/strong><\/h3>\n<p>O Audi A6, S6, RS6, C8 Mileage Blocker\/Odometer Blocker foi concebido para parar a acumula\u00e7\u00e3o de quil\u00f3metros enquanto testa o desempenho do ve\u00edculo. Na KM Block, fornecemos m\u00f3dulos de alta qualidade com componentes exclusivos adaptados a cada ve\u00edculo. Quer o teu od\u00f3metro me\u00e7a em milhas ou em quil\u00f3metros, este dispositivo funciona de forma eficiente. O nosso software foi criado especificamente para cada marca e modelo de ve\u00edculo para garantir um desempenho sem falhas. A instala\u00e7\u00e3o \u00e9 simples e consiste em utilizar combina\u00e7\u00f5es de teclas pr\u00e9-determinadas para mudar de modo.    <\/p>\n<p>Tem em aten\u00e7\u00e3o que n\u00e3o disponibilizamos ferramentas de corre\u00e7\u00e3o de quilometragem para estes modelos, uma vez que s\u00e3o normalmente utilizadas para fins fraudulentos, como a revers\u00e3o dos valores de quilometragem. Estas ferramentas s\u00e3o frequentemente ineficazes, uma vez que os ve\u00edculos t\u00eam v\u00e1rias unidades de armazenamento de dados, o que dificulta a revers\u00e3o total. <\/p>\n<p>A instala\u00e7\u00e3o \u00e9 uniforme em todos os modelos e n\u00e3o requer conhecimentos especializados sobre o ve\u00edculo. Basta ligar o dispositivo entre a porta do veloc\u00edmetro e o painel de instrumentos para usufruir dos seus benef\u00edcios. O Mileage Blocker \u00e9 compat\u00edvel com motores a diesel, a gasolina, ve\u00edculos h\u00edbridos el\u00e9ctricos plug-in (PHEV) e carros el\u00e9ctricos.  <\/p>\n<p>O Audi A6, S6, RS6, C8 Mileage Blocker \u00e9 uma ferramenta not\u00e1vel que te permite testar o desempenho do teu ve\u00edculo num ambiente controlado.<\/p>\n<\/div>\n<\/div>\n<\/div>\n<\/div>\n<div class=\"mt-1 flex gap-3 empty:hidden -ml-2\">\n<div class=\"items-center justify-start rounded-xl p-1 flex\">\n<div class=\"flex items-center\">\n<p>&nbsp;<\/p>\n<div class=\"flex\"><\/div>\n<div class=\"flex items-center pb-0\"><\/div>\n<\/div>\n<\/div>\n<\/div>\n","protected":false},"excerpt":{"rendered":"<div class=\"flex-shrink-0 flex flex-col relative items-end\">\n<div class=\"pt-0\">\n<div class=\"gizmo-bot-avatar flex h-8 w-8 items-center justify-center overflow-hidden rounded-full\">\n<div class=\"relative p-1 rounded-sm flex items-center justify-center bg-token-main-surface-primary text-token-text-primary h-8 w-8\">\n<p>Antes de fazeres a tua encomenda, rev\u00ea as seguintes informa\u00e7\u00f5es importantes relativas \u00e0 ativa\u00e7\u00e3o do m\u00f3dulo, mensagens de erro e funcionalidade do dispositivo:<\/p>\n<p><strong>ESTE DISPOSITIVO \u00c9 ADEQUADO PARA TODOS OS MODELOS AUDI A6\/S6\/RS6\/C8 LAN\u00c7ADOS DESDE 2018.  <\/strong>  Certifica-te de que o teu ve\u00edculo tem um conetor de 18 ou 32 pinos antes de encomendares. Concebido para instala\u00e7\u00e3o &#8221;fa\u00e7a voc\u00ea mesmo&#8221;. O veloc\u00edmetro e os programas de assist\u00eancia funcionar\u00e3o sem falhas.  <\/p>\n<p class=\"p1\"><b> Integra\u00e7\u00e3o perfeita<\/b><b><\/b><\/p>\n<p class=\"p1\"><b> Instala\u00e7\u00e3o f\u00e1cil<\/b><b><\/b><\/p>\n<p class=\"p1\"><b> Gest\u00e3o exacta da quilometragem<\/b><b><\/b><\/p>\n<p class=\"p1\"><b> Funcionamento em modo furtivo<\/b><b><\/b><\/p>\n<p class=\"p1\"><span class=\"s1\">\u2705<\/span><b> Suporte e actualiza\u00e7\u00f5es vital\u00edcias<\/b><\/p>\n<\/div>\n<\/div>\n<\/div>\n<\/div>\n","protected":false},"featured_media":665,"comment_status":"open","ping_status":"closed","template":"","meta":[],"product_brand":[],"product_cat":[1070],"product_tag":[],"class_list":{"0":"post-10562","1":"product","2":"type-product","3":"status-publish","4":"has-post-thumbnail","6":"product_cat-audi","8":"first","9":"instock","10":"taxable","11":"shipping-taxable","12":"purchasable","13":"product-type-variable"},"yoast_head":"<!-- This site is optimized with the Yoast SEO plugin v27.5 - https:\/\/yoast.com\/product\/yoast-seo-wordpress\/ -->\n<title>Audi A7\/S7\/RS7\/C8 Mileage Blocker (KM stopper) \u2192 KM Block<\/title>\n<meta name=\"description\" content=\"Buy a Audi A7\/S7\/RS7\/C8 Mileage Blocker for the Best Prices \u2713 Free Shipping \u2713 Incl. Installation Guides\" \/>\n<meta name=\"robots\" content=\"index, follow, max-snippet:-1, max-image-preview:large, max-video-preview:-1\" \/>\n<meta property=\"og:locale\" content=\"pt_PT\" \/>\n<meta property=\"og:type\" content=\"article\" \/>\n<meta property=\"og:title\" content=\"Audi A7\/S7\/RS7\/C8 Mileage Blocker (KM stopper) \u2192 KM Block\" \/>\n<meta property=\"og:description\" content=\"Buy a Audi A7\/S7\/RS7\/C8 Mileage Blocker for the Best Prices \u2713 Free Shipping \u2713 Incl. Installation Guides\" \/>\n<meta property=\"og:url\" content=\"https:\/\/kmblock.com\/pt-pt\/product\/audi-a7-s7-rs7-c8\/\" \/>\n<meta property=\"og:site_name\" content=\"KM Block\" \/>\n<meta property=\"og:image\" content=\"https:\/\/kmblock.com\/wp-content\/uploads\/2024\/09\/Audi-A7S7RS7C8.jpg\" \/>\n\t<meta property=\"og:image:width\" content=\"800\" \/>\n\t<meta property=\"og:image:height\" content=\"800\" \/>\n\t<meta property=\"og:image:type\" content=\"image\/jpeg\" \/>\n<meta name=\"twitter:card\" content=\"summary_large_image\" \/>\n<meta name=\"twitter:label1\" content=\"Tempo estimado de leitura\" \/>\n\t<meta name=\"twitter:data1\" content=\"3 minutos\" \/>\n<script type=\"application\/ld+json\" class=\"yoast-schema-graph\">{\"@context\":\"https:\\\/\\\/schema.org\",\"@graph\":[{\"@type\":\"WebPage\",\"@id\":\"https:\\\/\\\/kmblock.com\\\/pt-pt\\\/product\\\/audi-a7-s7-rs7-c8\\\/\",\"url\":\"https:\\\/\\\/kmblock.com\\\/pt-pt\\\/product\\\/audi-a7-s7-rs7-c8\\\/\",\"name\":\"Audi A7\\\/S7\\\/RS7\\\/C8 Mileage Blocker (KM stopper) \u2192 KM Block\",\"isPartOf\":{\"@id\":\"https:\\\/\\\/kmblock.com\\\/pt-pt\\\/#website\"},\"primaryImageOfPage\":{\"@id\":\"https:\\\/\\\/kmblock.com\\\/pt-pt\\\/product\\\/audi-a7-s7-rs7-c8\\\/#primaryimage\"},\"image\":{\"@id\":\"https:\\\/\\\/kmblock.com\\\/pt-pt\\\/product\\\/audi-a7-s7-rs7-c8\\\/#primaryimage\"},\"thumbnailUrl\":\"https:\\\/\\\/kmblock.com\\\/wp-content\\\/uploads\\\/2024\\\/09\\\/Audi-A7S7RS7C8.jpg\",\"datePublished\":\"2024-09-17T21:55:34+00:00\",\"description\":\"Buy a Audi A7\\\/S7\\\/RS7\\\/C8 Mileage Blocker for the Best Prices \u2713 Free Shipping \u2713 Incl. Installation Guides\",\"breadcrumb\":{\"@id\":\"https:\\\/\\\/kmblock.com\\\/pt-pt\\\/product\\\/audi-a7-s7-rs7-c8\\\/#breadcrumb\"},\"inLanguage\":\"pt-PT\",\"potentialAction\":[{\"@type\":\"ReadAction\",\"target\":[\"https:\\\/\\\/kmblock.com\\\/pt-pt\\\/product\\\/audi-a7-s7-rs7-c8\\\/\"]}]},{\"@type\":\"ImageObject\",\"inLanguage\":\"pt-PT\",\"@id\":\"https:\\\/\\\/kmblock.com\\\/pt-pt\\\/product\\\/audi-a7-s7-rs7-c8\\\/#primaryimage\",\"url\":\"https:\\\/\\\/kmblock.com\\\/wp-content\\\/uploads\\\/2024\\\/09\\\/Audi-A7S7RS7C8.jpg\",\"contentUrl\":\"https:\\\/\\\/kmblock.com\\\/wp-content\\\/uploads\\\/2024\\\/09\\\/Audi-A7S7RS7C8.jpg\",\"width\":800,\"height\":800,\"caption\":\"Audi A7\\\/S7\\\/RS7\\\/C8\"},{\"@type\":\"BreadcrumbList\",\"@id\":\"https:\\\/\\\/kmblock.com\\\/pt-pt\\\/product\\\/audi-a7-s7-rs7-c8\\\/#breadcrumb\",\"itemListElement\":[{\"@type\":\"ListItem\",\"position\":1,\"name\":\"Casa\",\"item\":\"https:\\\/\\\/kmblock.com\\\/pt-pt\\\/\"},{\"@type\":\"ListItem\",\"position\":2,\"name\":\"Produtos\",\"item\":\"https:\\\/\\\/kmblock.com\\\/pt-pt\\\/shop\\\/\"},{\"@type\":\"ListItem\",\"position\":3,\"name\":\"Audi A7\\\/S7\\\/RS7\\\/C8\"}]},{\"@type\":\"WebSite\",\"@id\":\"https:\\\/\\\/kmblock.com\\\/pt-pt\\\/#website\",\"url\":\"https:\\\/\\\/kmblock.com\\\/pt-pt\\\/\",\"name\":\"KM Block\",\"description\":\"\",\"publisher\":{\"@id\":\"https:\\\/\\\/kmblock.com\\\/pt-pt\\\/#organization\"},\"potentialAction\":[{\"@type\":\"SearchAction\",\"target\":{\"@type\":\"EntryPoint\",\"urlTemplate\":\"https:\\\/\\\/kmblock.com\\\/pt-pt\\\/?s={search_term_string}\"},\"query-input\":{\"@type\":\"PropertyValueSpecification\",\"valueRequired\":true,\"valueName\":\"search_term_string\"}}],\"inLanguage\":\"pt-PT\"},{\"@type\":\"Organization\",\"@id\":\"https:\\\/\\\/kmblock.com\\\/pt-pt\\\/#organization\",\"name\":\"Bloco KM\",\"url\":\"https:\\\/\\\/kmblock.com\\\/pt-pt\\\/\",\"logo\":{\"@type\":\"ImageObject\",\"inLanguage\":\"pt-PT\",\"@id\":\"https:\\\/\\\/kmblock.com\\\/pt-pt\\\/#\\\/schema\\\/logo\\\/image\\\/\",\"url\":\"https:\\\/\\\/kmblock.com\\\/wp-content\\\/uploads\\\/2024\\\/08\\\/main-logo.png\",\"contentUrl\":\"https:\\\/\\\/kmblock.com\\\/wp-content\\\/uploads\\\/2024\\\/08\\\/main-logo.png\",\"width\":186,\"height\":28,\"caption\":\"Bloco KM\"},\"image\":{\"@id\":\"https:\\\/\\\/kmblock.com\\\/pt-pt\\\/#\\\/schema\\\/logo\\\/image\\\/\"}}]}<\/script>\n<!-- \/ Yoast SEO plugin. -->","yoast_head_json":{"title":"Audi A7\/S7\/RS7\/C8 Mileage Blocker (KM stopper) \u2192 KM Block","description":"Buy a Audi A7\/S7\/RS7\/C8 Mileage Blocker for the Best Prices \u2713 Free Shipping \u2713 Incl. Installation Guides","robots":{"index":"index","follow":"follow","max-snippet":"max-snippet:-1","max-image-preview":"max-image-preview:large","max-video-preview":"max-video-preview:-1"},"og_locale":"pt_PT","og_type":"article","og_title":"Audi A7\/S7\/RS7\/C8 Mileage Blocker (KM stopper) \u2192 KM Block","og_description":"Buy a Audi A7\/S7\/RS7\/C8 Mileage Blocker for the Best Prices \u2713 Free Shipping \u2713 Incl. Installation Guides","og_url":"https:\/\/kmblock.com\/pt-pt\/product\/audi-a7-s7-rs7-c8\/","og_site_name":"KM Block","og_image":[{"width":800,"height":800,"url":"https:\/\/kmblock.com\/wp-content\/uploads\/2024\/09\/Audi-A7S7RS7C8.jpg","type":"image\/jpeg"}],"twitter_card":"summary_large_image","twitter_misc":{"Tempo estimado de leitura":"3 minutos"},"schema":{"@context":"https:\/\/schema.org","@graph":[{"@type":"WebPage","@id":"https:\/\/kmblock.com\/pt-pt\/product\/audi-a7-s7-rs7-c8\/","url":"https:\/\/kmblock.com\/pt-pt\/product\/audi-a7-s7-rs7-c8\/","name":"Audi A7\/S7\/RS7\/C8 Mileage Blocker (KM stopper) \u2192 KM Block","isPartOf":{"@id":"https:\/\/kmblock.com\/pt-pt\/#website"},"primaryImageOfPage":{"@id":"https:\/\/kmblock.com\/pt-pt\/product\/audi-a7-s7-rs7-c8\/#primaryimage"},"image":{"@id":"https:\/\/kmblock.com\/pt-pt\/product\/audi-a7-s7-rs7-c8\/#primaryimage"},"thumbnailUrl":"https:\/\/kmblock.com\/wp-content\/uploads\/2024\/09\/Audi-A7S7RS7C8.jpg","datePublished":"2024-09-17T21:55:34+00:00","description":"Buy a Audi A7\/S7\/RS7\/C8 Mileage Blocker for the Best Prices \u2713 Free Shipping \u2713 Incl. Installation Guides","breadcrumb":{"@id":"https:\/\/kmblock.com\/pt-pt\/product\/audi-a7-s7-rs7-c8\/#breadcrumb"},"inLanguage":"pt-PT","potentialAction":[{"@type":"ReadAction","target":["https:\/\/kmblock.com\/pt-pt\/product\/audi-a7-s7-rs7-c8\/"]}]},{"@type":"ImageObject","inLanguage":"pt-PT","@id":"https:\/\/kmblock.com\/pt-pt\/product\/audi-a7-s7-rs7-c8\/#primaryimage","url":"https:\/\/kmblock.com\/wp-content\/uploads\/2024\/09\/Audi-A7S7RS7C8.jpg","contentUrl":"https:\/\/kmblock.com\/wp-content\/uploads\/2024\/09\/Audi-A7S7RS7C8.jpg","width":800,"height":800,"caption":"Audi A7\/S7\/RS7\/C8"},{"@type":"BreadcrumbList","@id":"https:\/\/kmblock.com\/pt-pt\/product\/audi-a7-s7-rs7-c8\/#breadcrumb","itemListElement":[{"@type":"ListItem","position":1,"name":"Casa","item":"https:\/\/kmblock.com\/pt-pt\/"},{"@type":"ListItem","position":2,"name":"Produtos","item":"https:\/\/kmblock.com\/pt-pt\/shop\/"},{"@type":"ListItem","position":3,"name":"Audi A7\/S7\/RS7\/C8"}]},{"@type":"WebSite","@id":"https:\/\/kmblock.com\/pt-pt\/#website","url":"https:\/\/kmblock.com\/pt-pt\/","name":"KM Block","description":"","publisher":{"@id":"https:\/\/kmblock.com\/pt-pt\/#organization"},"potentialAction":[{"@type":"SearchAction","target":{"@type":"EntryPoint","urlTemplate":"https:\/\/kmblock.com\/pt-pt\/?s={search_term_string}"},"query-input":{"@type":"PropertyValueSpecification","valueRequired":true,"valueName":"search_term_string"}}],"inLanguage":"pt-PT"},{"@type":"Organization","@id":"https:\/\/kmblock.com\/pt-pt\/#organization","name":"Bloco KM","url":"https:\/\/kmblock.com\/pt-pt\/","logo":{"@type":"ImageObject","inLanguage":"pt-PT","@id":"https:\/\/kmblock.com\/pt-pt\/#\/schema\/logo\/image\/","url":"https:\/\/kmblock.com\/wp-content\/uploads\/2024\/08\/main-logo.png","contentUrl":"https:\/\/kmblock.com\/wp-content\/uploads\/2024\/08\/main-logo.png","width":186,"height":28,"caption":"Bloco KM"},"image":{"@id":"https:\/\/kmblock.com\/pt-pt\/#\/schema\/logo\/image\/"}}]}},"_links":{"self":[{"href":"https:\/\/kmblock.com\/pt-pt\/wp-json\/wp\/v2\/product\/10562","targetHints":{"allow":["GET"]}}],"collection":[{"href":"https:\/\/kmblock.com\/pt-pt\/wp-json\/wp\/v2\/product"}],"about":[{"href":"https:\/\/kmblock.com\/pt-pt\/wp-json\/wp\/v2\/types\/product"}],"replies":[{"embeddable":true,"href":"https:\/\/kmblock.com\/pt-pt\/wp-json\/wp\/v2\/comments?post=10562"}],"wp:featuredmedia":[{"embeddable":true,"href":"https:\/\/kmblock.com\/pt-pt\/wp-json\/wp\/v2\/media\/665"}],"wp:attachment":[{"href":"https:\/\/kmblock.com\/pt-pt\/wp-json\/wp\/v2\/media?parent=10562"}],"wp:term":[{"taxonomy":"product_brand","embeddable":true,"href":"https:\/\/kmblock.com\/pt-pt\/wp-json\/wp\/v2\/product_brand?post=10562"},{"taxonomy":"product_cat","embeddable":true,"href":"https:\/\/kmblock.com\/pt-pt\/wp-json\/wp\/v2\/product_cat?post=10562"},{"taxonomy":"product_tag","embeddable":true,"href":"https:\/\/kmblock.com\/pt-pt\/wp-json\/wp\/v2\/product_tag?post=10562"}],"curies":[{"name":"wp","href":"https:\/\/api.w.org\/{rel}","templated":true}]}}