{"id":10506,"date":"2024-09-18T14:52:13","date_gmt":"2024-09-18T14:52:13","guid":{"rendered":"https:\/\/kmblock.com\/product\/audi-r8-4s\/"},"modified":"2024-09-18T14:52:13","modified_gmt":"2024-09-18T14:52:13","slug":"audi-r8-4s","status":"publish","type":"product","link":"https:\/\/kmblock.com\/pt-pt\/product\/audi-r8-4s\/","title":{"rendered":"Audi R8 4S"},"content":{"rendered":"<h3>Bloqueador de Quil\u00f3metros para Audi R8 &#8211; 4S<\/h3>\n<p>O bloqueador de quilometragem do Audi R8 &#8211; 4S, tamb\u00e9m conhecido como bloqueador de conta-quil\u00f3metros, bloqueador de conta-quil\u00f3metros, bloqueador de latas, bloqueador de quilometragem, conta-quil\u00f3metros de viagem, filtro de latas ou ferramenta de corre\u00e7\u00e3o de quilometragem, \u00e9 compat\u00edvel com todos os modelos Audi R8 4S lan\u00e7ados desde 2015.<\/p>\n<h3>Especifica\u00e7\u00f5es<\/h3>\n<ul>\n<li><strong>Modos m\u00faltiplos<\/strong>: Escolhe entre v\u00e1rios modos de funcionamento.<\/li>\n<li><strong>Instala\u00e7\u00e3o f\u00e1cil do tipo &#8221;fa\u00e7a voc\u00ea mesmo&#8221;<\/strong>: Concebida para uma instala\u00e7\u00e3o simples.<\/li>\n<li><strong>Instala\u00e7\u00e3o sem problemas<\/strong>: Design de encaixe com sulcos para uma liga\u00e7\u00e3o f\u00e1cil.<\/li>\n<li><strong>F\u00e1cil de utilizar<\/strong>: Ativa-se atrav\u00e9s de combina\u00e7\u00f5es simples de teclas.<\/li>\n<li><strong>Remo\u00e7\u00e3o sem vest\u00edgios<\/strong>: N\u00e3o \u00e9 necess\u00e1rio soldar ou cortar, n\u00e3o deixa vest\u00edgios.<\/li>\n<li><strong>N\u00e3o recebe mensagens de erro<\/strong>: Funciona sem disparar alertas no veloc\u00edmetro ou no painel de navega\u00e7\u00e3o.<\/li>\n<li><strong>Ativa\u00e7\u00e3o em movimento<\/strong>: Pode ser ligado ou desligado durante a condu\u00e7\u00e3o.<\/li>\n<li><strong>Qualidade superior<\/strong>: Inclui fichas de alta qualidade e cabos resistentes ao calor.<\/li>\n<li><strong>Defini\u00e7\u00f5es persistentes<\/strong>: As defini\u00e7\u00f5es selecionadas s\u00e3o guardadas automaticamente.<\/li>\n<li><strong>Quilometragem est\u00e1vel<\/strong>: Depois de desligares o m\u00f3dulo, a quilometragem n\u00e3o aumentar\u00e1 inesperadamente.<\/li>\n<li><strong>Veloc\u00edmetro funcional<\/strong>: Funciona sem problemas com o veloc\u00edmetro e os sistemas de assist\u00eancia com base no modo escolhido.<\/li>\n<li><strong>Luz de controlo do motor<\/strong>: A ativa\u00e7\u00e3o pode acionar a luz de controlo do motor nos ve\u00edculos a partir do final de 2020.<\/li>\n<\/ul>\n<h3>Ativa\u00e7\u00e3o e desativa\u00e7\u00e3o<\/h3>\n<p>Utiliza o bot\u00e3o &#8221;ok&#8221; no guiador. Mant\u00e9m premido at\u00e9 que o pisca-pisca comece a piscar. <\/p>\n<p><strong>Modo 1:<\/strong> 1 pisca \u00e0 esquerda 20 por cento<br \/>\n<strong>Modo 2:<\/strong> 2 piscadas \u00e0 esquerda 10 por cento<br \/>\n<strong>Modo 3:<\/strong> 3 piscas \u00e0 esquerda 0 por cento<br \/>\n<strong>Modo 4:<\/strong> 1 piscada \u00e0 direita 100 por cento<\/p>\n<p>Para o modo 3: 0 por cento, tens de ligar o modo e, em seguida, desligar o carro e tranc\u00e1-lo durante 2 minutos e, depois, ligar e conduzir.&#8221;<\/p>\n<h3>O que \u00e9 o bloqueador de od\u00f3metro do Audi R8 Modelo 4S?<\/h3>\n<p>O bloqueador de quil\u00f3metros do Audi R8 Modelo 4S permite-te parar a quilometragem enquanto testas o desempenho do ve\u00edculo. Oferecemos-te uma gama de dispositivos de travagem de quil\u00f3metros adaptados a v\u00e1rios ve\u00edculos. Na KM Block, podes encontrar m\u00f3dulos de alta qualidade fabricados com componentes genu\u00ednos. Quer o od\u00f3metro digital do teu ve\u00edculo me\u00e7a a quilometragem em milhas ou em quil\u00f3metros, este dispositivo funciona eficazmente.   <\/p>\n<p><strong>Nota<\/strong>: N\u00e3o disponibilizamos ferramentas de corre\u00e7\u00e3o de quilometragem para o Audi R8 Modelo 4S, uma vez que foram concebidas para fins n\u00e3o \u00e9ticos, como a altera\u00e7\u00e3o das leituras do conta-quil\u00f3metros. Estas ferramentas muitas vezes n\u00e3o conseguem reverter completamente a quilometragem devido \u00e0s m\u00faltiplas unidades de armazenamento de dados nos ve\u00edculos. <\/p>\n<p>A instala\u00e7\u00e3o \u00e9 simples em todos os modelos e n\u00e3o requer conhecimentos especializados sobre o ve\u00edculo. Basta lig\u00e1-lo entre a porta do veloc\u00edmetro e o painel de instrumentos para usufruir das vantagens deste m\u00f3dulo inovador. O Mileage Blocker funciona perfeitamente com motores a diesel, a gasolina, ve\u00edculos h\u00edbridos el\u00e9ctricos plug-in (PHEV) e carros el\u00e9ctricos.  <\/p>\n<p>O Audi R8 Model 4S Mileage Blocker pode ser ativado ou desativado a qualquer momento, quer o ve\u00edculo esteja em movimento ou parado.<\/p>\n","protected":false},"excerpt":{"rendered":"<div class=\"flex-shrink-0 flex flex-col relative items-end\">\n<div class=\"pt-0\">\n<div class=\"gizmo-bot-avatar flex h-8 w-8 items-center justify-center overflow-hidden rounded-full\">\n<div class=\"relative p-1 rounded-sm flex items-center justify-center bg-token-main-surface-primary text-token-text-primary h-8 w-8\">\n<p>Antes de fazeres a tua encomenda, rev\u00ea as instru\u00e7\u00f5es de ativa\u00e7\u00e3o do m\u00f3dulo e as notas importantes relativas a mensagens de erro e funcionalidade abaixo.<\/p>\n<p><strong>Compatibilidade: <\/strong>Este dispositivo \u00e9 adequado para todos os modelos Audi R8 4S lan\u00e7ados desde 2015.<\/p>\n<p>Certifica-te de que o teu tipo de conetor \u00e9 de 18 ou 32 pinos antes de fazeres a encomenda. Processo de configura\u00e7\u00e3o simples do tipo &#8221;fa\u00e7a voc\u00ea mesmo&#8221;. Inclui fichas de qualidade superior e cabos resistentes ao calor. O veloc\u00edmetro e os programas de assist\u00eancia funcionam sem falhas.   <\/p>\n<p class=\"p1\"><b> Integra\u00e7\u00e3o perfeita<\/b><b><\/b><\/p>\n<p class=\"p1\"><b> Instala\u00e7\u00e3o f\u00e1cil<\/b><b><\/b><\/p>\n<p class=\"p1\"><b> Gest\u00e3o exacta da quilometragem<\/b><b><\/b><\/p>\n<p class=\"p1\"><b> Funcionamento em modo furtivo<\/b><b><\/b><\/p>\n<p class=\"p1\"><span class=\"s1\">\u2705<\/span><b> Suporte e actualiza\u00e7\u00f5es vital\u00edcias<\/b><\/p>\n<\/div>\n<\/div>\n<\/div>\n<\/div>\n","protected":false},"featured_media":693,"comment_status":"open","ping_status":"closed","template":"","meta":[],"product_brand":[],"product_cat":[1070],"product_tag":[],"class_list":{"0":"post-10506","1":"product","2":"type-product","3":"status-publish","4":"has-post-thumbnail","6":"product_cat-audi","8":"first","9":"instock","10":"taxable","11":"shipping-taxable","12":"purchasable","13":"product-type-variable"},"yoast_head":"<!-- This site is optimized with the Yoast SEO plugin v27.5 - https:\/\/yoast.com\/product\/yoast-seo-wordpress\/ -->\n<title>Audi R8 4S Mileage Blocker (KM stopper) \u2192 KM Block<\/title>\n<meta name=\"description\" content=\"Buy a Audi R8 4S Mileage Blocker for the Best Prices \u2713 Free Shipping \u2713 Incl. Installation Guides\" \/>\n<meta name=\"robots\" content=\"index, follow, max-snippet:-1, max-image-preview:large, max-video-preview:-1\" \/>\n<meta property=\"og:locale\" content=\"pt_PT\" \/>\n<meta property=\"og:type\" content=\"article\" \/>\n<meta property=\"og:title\" content=\"Audi R8 4S Mileage Blocker (KM stopper) \u2192 KM Block\" \/>\n<meta property=\"og:description\" content=\"Buy a Audi R8 4S Mileage Blocker for the Best Prices \u2713 Free Shipping \u2713 Incl. Installation Guides\" \/>\n<meta property=\"og:url\" content=\"https:\/\/kmblock.com\/pt-pt\/product\/audi-r8-4s\/\" \/>\n<meta property=\"og:site_name\" content=\"KM Block\" \/>\n<meta property=\"og:image\" content=\"https:\/\/kmblock.com\/wp-content\/uploads\/2024\/09\/Audi-R8-Model-4S-600x600-1.jpg\" \/>\n\t<meta property=\"og:image:width\" content=\"600\" \/>\n\t<meta property=\"og:image:height\" content=\"600\" \/>\n\t<meta property=\"og:image:type\" content=\"image\/jpeg\" \/>\n<meta name=\"twitter:card\" content=\"summary_large_image\" \/>\n<meta name=\"twitter:label1\" content=\"Tempo estimado de leitura\" \/>\n\t<meta name=\"twitter:data1\" content=\"3 minutos\" \/>\n<script type=\"application\/ld+json\" class=\"yoast-schema-graph\">{\"@context\":\"https:\\\/\\\/schema.org\",\"@graph\":[{\"@type\":\"WebPage\",\"@id\":\"https:\\\/\\\/kmblock.com\\\/pt-pt\\\/product\\\/audi-r8-4s\\\/\",\"url\":\"https:\\\/\\\/kmblock.com\\\/pt-pt\\\/product\\\/audi-r8-4s\\\/\",\"name\":\"Audi R8 4S Mileage Blocker (KM stopper) \u2192 KM Block\",\"isPartOf\":{\"@id\":\"https:\\\/\\\/kmblock.com\\\/pt-pt\\\/#website\"},\"primaryImageOfPage\":{\"@id\":\"https:\\\/\\\/kmblock.com\\\/pt-pt\\\/product\\\/audi-r8-4s\\\/#primaryimage\"},\"image\":{\"@id\":\"https:\\\/\\\/kmblock.com\\\/pt-pt\\\/product\\\/audi-r8-4s\\\/#primaryimage\"},\"thumbnailUrl\":\"https:\\\/\\\/kmblock.com\\\/wp-content\\\/uploads\\\/2024\\\/09\\\/Audi-R8-Model-4S-600x600-1.jpg\",\"datePublished\":\"2024-09-18T14:52:13+00:00\",\"description\":\"Buy a Audi R8 4S Mileage Blocker for the Best Prices \u2713 Free Shipping \u2713 Incl. Installation Guides\",\"breadcrumb\":{\"@id\":\"https:\\\/\\\/kmblock.com\\\/pt-pt\\\/product\\\/audi-r8-4s\\\/#breadcrumb\"},\"inLanguage\":\"pt-PT\",\"potentialAction\":[{\"@type\":\"ReadAction\",\"target\":[\"https:\\\/\\\/kmblock.com\\\/pt-pt\\\/product\\\/audi-r8-4s\\\/\"]}]},{\"@type\":\"ImageObject\",\"inLanguage\":\"pt-PT\",\"@id\":\"https:\\\/\\\/kmblock.com\\\/pt-pt\\\/product\\\/audi-r8-4s\\\/#primaryimage\",\"url\":\"https:\\\/\\\/kmblock.com\\\/wp-content\\\/uploads\\\/2024\\\/09\\\/Audi-R8-Model-4S-600x600-1.jpg\",\"contentUrl\":\"https:\\\/\\\/kmblock.com\\\/wp-content\\\/uploads\\\/2024\\\/09\\\/Audi-R8-Model-4S-600x600-1.jpg\",\"width\":600,\"height\":600,\"caption\":\"Audi-R8-Model-4S-600x600\"},{\"@type\":\"BreadcrumbList\",\"@id\":\"https:\\\/\\\/kmblock.com\\\/pt-pt\\\/product\\\/audi-r8-4s\\\/#breadcrumb\",\"itemListElement\":[{\"@type\":\"ListItem\",\"position\":1,\"name\":\"Casa\",\"item\":\"https:\\\/\\\/kmblock.com\\\/pt-pt\\\/\"},{\"@type\":\"ListItem\",\"position\":2,\"name\":\"Produtos\",\"item\":\"https:\\\/\\\/kmblock.com\\\/pt-pt\\\/shop\\\/\"},{\"@type\":\"ListItem\",\"position\":3,\"name\":\"Audi R8 4S\"}]},{\"@type\":\"WebSite\",\"@id\":\"https:\\\/\\\/kmblock.com\\\/pt-pt\\\/#website\",\"url\":\"https:\\\/\\\/kmblock.com\\\/pt-pt\\\/\",\"name\":\"KM Block\",\"description\":\"\",\"publisher\":{\"@id\":\"https:\\\/\\\/kmblock.com\\\/pt-pt\\\/#organization\"},\"potentialAction\":[{\"@type\":\"SearchAction\",\"target\":{\"@type\":\"EntryPoint\",\"urlTemplate\":\"https:\\\/\\\/kmblock.com\\\/pt-pt\\\/?s={search_term_string}\"},\"query-input\":{\"@type\":\"PropertyValueSpecification\",\"valueRequired\":true,\"valueName\":\"search_term_string\"}}],\"inLanguage\":\"pt-PT\"},{\"@type\":\"Organization\",\"@id\":\"https:\\\/\\\/kmblock.com\\\/pt-pt\\\/#organization\",\"name\":\"Bloco KM\",\"url\":\"https:\\\/\\\/kmblock.com\\\/pt-pt\\\/\",\"logo\":{\"@type\":\"ImageObject\",\"inLanguage\":\"pt-PT\",\"@id\":\"https:\\\/\\\/kmblock.com\\\/pt-pt\\\/#\\\/schema\\\/logo\\\/image\\\/\",\"url\":\"https:\\\/\\\/kmblock.com\\\/wp-content\\\/uploads\\\/2024\\\/08\\\/main-logo.png\",\"contentUrl\":\"https:\\\/\\\/kmblock.com\\\/wp-content\\\/uploads\\\/2024\\\/08\\\/main-logo.png\",\"width\":186,\"height\":28,\"caption\":\"Bloco KM\"},\"image\":{\"@id\":\"https:\\\/\\\/kmblock.com\\\/pt-pt\\\/#\\\/schema\\\/logo\\\/image\\\/\"}}]}<\/script>\n<!-- \/ Yoast SEO plugin. -->","yoast_head_json":{"title":"Audi R8 4S Mileage Blocker (KM stopper) \u2192 KM Block","description":"Buy a Audi R8 4S Mileage Blocker for the Best Prices \u2713 Free Shipping \u2713 Incl. Installation Guides","robots":{"index":"index","follow":"follow","max-snippet":"max-snippet:-1","max-image-preview":"max-image-preview:large","max-video-preview":"max-video-preview:-1"},"og_locale":"pt_PT","og_type":"article","og_title":"Audi R8 4S Mileage Blocker (KM stopper) \u2192 KM Block","og_description":"Buy a Audi R8 4S Mileage Blocker for the Best Prices \u2713 Free Shipping \u2713 Incl. Installation Guides","og_url":"https:\/\/kmblock.com\/pt-pt\/product\/audi-r8-4s\/","og_site_name":"KM Block","og_image":[{"width":600,"height":600,"url":"https:\/\/kmblock.com\/wp-content\/uploads\/2024\/09\/Audi-R8-Model-4S-600x600-1.jpg","type":"image\/jpeg"}],"twitter_card":"summary_large_image","twitter_misc":{"Tempo estimado de leitura":"3 minutos"},"schema":{"@context":"https:\/\/schema.org","@graph":[{"@type":"WebPage","@id":"https:\/\/kmblock.com\/pt-pt\/product\/audi-r8-4s\/","url":"https:\/\/kmblock.com\/pt-pt\/product\/audi-r8-4s\/","name":"Audi R8 4S Mileage Blocker (KM stopper) \u2192 KM Block","isPartOf":{"@id":"https:\/\/kmblock.com\/pt-pt\/#website"},"primaryImageOfPage":{"@id":"https:\/\/kmblock.com\/pt-pt\/product\/audi-r8-4s\/#primaryimage"},"image":{"@id":"https:\/\/kmblock.com\/pt-pt\/product\/audi-r8-4s\/#primaryimage"},"thumbnailUrl":"https:\/\/kmblock.com\/wp-content\/uploads\/2024\/09\/Audi-R8-Model-4S-600x600-1.jpg","datePublished":"2024-09-18T14:52:13+00:00","description":"Buy a Audi R8 4S Mileage Blocker for the Best Prices \u2713 Free Shipping \u2713 Incl. Installation Guides","breadcrumb":{"@id":"https:\/\/kmblock.com\/pt-pt\/product\/audi-r8-4s\/#breadcrumb"},"inLanguage":"pt-PT","potentialAction":[{"@type":"ReadAction","target":["https:\/\/kmblock.com\/pt-pt\/product\/audi-r8-4s\/"]}]},{"@type":"ImageObject","inLanguage":"pt-PT","@id":"https:\/\/kmblock.com\/pt-pt\/product\/audi-r8-4s\/#primaryimage","url":"https:\/\/kmblock.com\/wp-content\/uploads\/2024\/09\/Audi-R8-Model-4S-600x600-1.jpg","contentUrl":"https:\/\/kmblock.com\/wp-content\/uploads\/2024\/09\/Audi-R8-Model-4S-600x600-1.jpg","width":600,"height":600,"caption":"Audi-R8-Model-4S-600x600"},{"@type":"BreadcrumbList","@id":"https:\/\/kmblock.com\/pt-pt\/product\/audi-r8-4s\/#breadcrumb","itemListElement":[{"@type":"ListItem","position":1,"name":"Casa","item":"https:\/\/kmblock.com\/pt-pt\/"},{"@type":"ListItem","position":2,"name":"Produtos","item":"https:\/\/kmblock.com\/pt-pt\/shop\/"},{"@type":"ListItem","position":3,"name":"Audi R8 4S"}]},{"@type":"WebSite","@id":"https:\/\/kmblock.com\/pt-pt\/#website","url":"https:\/\/kmblock.com\/pt-pt\/","name":"KM Block","description":"","publisher":{"@id":"https:\/\/kmblock.com\/pt-pt\/#organization"},"potentialAction":[{"@type":"SearchAction","target":{"@type":"EntryPoint","urlTemplate":"https:\/\/kmblock.com\/pt-pt\/?s={search_term_string}"},"query-input":{"@type":"PropertyValueSpecification","valueRequired":true,"valueName":"search_term_string"}}],"inLanguage":"pt-PT"},{"@type":"Organization","@id":"https:\/\/kmblock.com\/pt-pt\/#organization","name":"Bloco KM","url":"https:\/\/kmblock.com\/pt-pt\/","logo":{"@type":"ImageObject","inLanguage":"pt-PT","@id":"https:\/\/kmblock.com\/pt-pt\/#\/schema\/logo\/image\/","url":"https:\/\/kmblock.com\/wp-content\/uploads\/2024\/08\/main-logo.png","contentUrl":"https:\/\/kmblock.com\/wp-content\/uploads\/2024\/08\/main-logo.png","width":186,"height":28,"caption":"Bloco KM"},"image":{"@id":"https:\/\/kmblock.com\/pt-pt\/#\/schema\/logo\/image\/"}}]}},"_links":{"self":[{"href":"https:\/\/kmblock.com\/pt-pt\/wp-json\/wp\/v2\/product\/10506","targetHints":{"allow":["GET"]}}],"collection":[{"href":"https:\/\/kmblock.com\/pt-pt\/wp-json\/wp\/v2\/product"}],"about":[{"href":"https:\/\/kmblock.com\/pt-pt\/wp-json\/wp\/v2\/types\/product"}],"replies":[{"embeddable":true,"href":"https:\/\/kmblock.com\/pt-pt\/wp-json\/wp\/v2\/comments?post=10506"}],"wp:featuredmedia":[{"embeddable":true,"href":"https:\/\/kmblock.com\/pt-pt\/wp-json\/wp\/v2\/media\/693"}],"wp:attachment":[{"href":"https:\/\/kmblock.com\/pt-pt\/wp-json\/wp\/v2\/media?parent=10506"}],"wp:term":[{"taxonomy":"product_brand","embeddable":true,"href":"https:\/\/kmblock.com\/pt-pt\/wp-json\/wp\/v2\/product_brand?post=10506"},{"taxonomy":"product_cat","embeddable":true,"href":"https:\/\/kmblock.com\/pt-pt\/wp-json\/wp\/v2\/product_cat?post=10506"},{"taxonomy":"product_tag","embeddable":true,"href":"https:\/\/kmblock.com\/pt-pt\/wp-json\/wp\/v2\/product_tag?post=10506"}],"curies":[{"name":"wp","href":"https:\/\/api.w.org\/{rel}","templated":true}]}}