{"id":10474,"date":"2024-09-18T14:24:58","date_gmt":"2024-09-18T14:24:58","guid":{"rendered":"https:\/\/kmblock.com\/product\/audi-q5-sq5-fy\/"},"modified":"2024-09-18T14:24:58","modified_gmt":"2024-09-18T14:24:58","slug":"audi-q5-sq5-fy","status":"publish","type":"product","link":"https:\/\/kmblock.com\/pt-pt\/product\/audi-q5-sq5-fy\/","title":{"rendered":"Audi Q5 SQ5 FY"},"content":{"rendered":"<h3>Bloqueador de quil\u00f3metros para Audi Q5\/SQ5 &#8211; FY<\/h3>\n<p>O bloqueador de quil\u00f3metros do Audi Q5\/SQ5 &#8211; FY tamb\u00e9m \u00e9 conhecido como bloqueador de conta-quil\u00f3metros, limitador de conta-quil\u00f3metros, bloqueador de latas, limitador de quil\u00f3metros, conta-quil\u00f3metros de viagem, filtro de latas e, por vezes, como ferramenta de corre\u00e7\u00e3o de quil\u00f3metros. Este dispositivo \u00e9 adequado para todos os modelos Audi Q5 e SQ5 FY lan\u00e7ados desde 2016. <\/p>\n<h3><strong>Especifica\u00e7\u00f5es<\/strong><\/h3>\n<ul>\n<li>V\u00e1rios modos dispon\u00edveis<\/li>\n<li>Instala\u00e7\u00e3o f\u00e1cil de bricolage<\/li>\n<li>O design do conetor garante uma instala\u00e7\u00e3o sem problemas<\/li>\n<li>Funciona com v\u00e1rias combina\u00e7\u00f5es de teclas<\/li>\n<li>N\u00e3o deixa vest\u00edgios ap\u00f3s a remo\u00e7\u00e3o &#8211; n\u00e3o \u00e9 necess\u00e1rio soldar ou cortar<\/li>\n<li>N\u00e3o h\u00e1 mensagens de erro no veloc\u00edmetro ou no painel de navega\u00e7\u00e3o<\/li>\n<li>A luz de controlo do motor pode ser activada nos modelos a partir de finais de 2020<\/li>\n<li>Fichas de qualidade superior e cabos resistentes ao calor<\/li>\n<li>Guarda permanentemente as defini\u00e7\u00f5es escolhidas<\/li>\n<li>A quilometragem n\u00e3o aumenta ap\u00f3s a remo\u00e7\u00e3o do m\u00f3dulo<\/li>\n<li>O veloc\u00edmetro e os sistemas de assist\u00eancia funcionam sem falhas<\/li>\n<\/ul>\n<h3><strong>Nota importante<\/strong><\/h3>\n<p>Se o teu ve\u00edculo tiver recebido recentemente uma atualiza\u00e7\u00e3o do fabricante, o m\u00e9todo de ativa\u00e7\u00e3o anterior pode j\u00e1 n\u00e3o se aplicar. Apenas o Modo 3 (paragem total) e o Modo 4 (contagem total) funcionar\u00e3o. Para ativar o m\u00f3dulo, desliga o ve\u00edculo completamente cinco vezes seguidas. Ap\u00f3s a compra, receber\u00e1s um PDF com mais instru\u00e7\u00f5es.   <\/p>\n<h3><strong>Ativa\u00e7\u00e3o e desativa\u00e7\u00e3o (com indicador de velocidade de trabalho)<\/strong><\/h3>\n<p>Utiliza o bot\u00e3o &#8221;ok&#8221; no guiador. Mant\u00e9m premido at\u00e9 que o pisca-pisca comece a piscar. <\/p>\n<p><strong>Modo 1:<\/strong> 1 pisca \u00e0 esquerda 20 por cento<br \/>\n<strong>Modo 2:<\/strong> 2 piscadas \u00e0 esquerda 10 por cento<br \/>\n<strong>Modo 3:<\/strong> 3 piscas \u00e0 esquerda 0 por cento<br \/>\n<strong>Modo 4:<\/strong> 1 piscada \u00e0 direita 100 por cento<\/p>\n<p>Para o modo 3: 0 por cento, tens de ligar o modo e, em seguida, desligar o carro e tranc\u00e1-lo durante 2 minutos e, depois, ligar e conduzir.&#8221;<\/p>\n<h3><strong>O que \u00e9 o Q5\/SQ5 &#8211; Bloqueador do conta-quil\u00f3metros FY?<\/strong><\/h3>\n<p>O Audi Q5\/SQ5 &#8211; FY Mileage Blocker permite-te parar a acumula\u00e7\u00e3o de quil\u00f3metros enquanto testas o desempenho do ve\u00edculo. Oferecemos-te uma gama de dispositivos de Paragem de Quil\u00f3metros para v\u00e1rios ve\u00edculos, dispon\u00edveis no KM Block, com componentes genu\u00ednos. Quer o teu conta-quil\u00f3metros conte em milhas ou em quil\u00f3metros, este dispositivo funciona eficazmente. O nosso software \u00e9 adaptado a cada modelo para garantir um desempenho sem falhas.   <\/p>\n<p>Tem em aten\u00e7\u00e3o que n\u00e3o vendemos ferramentas de corre\u00e7\u00e3o de quilometragem para o Audi Q5\/SQ5 &#8211; FY, uma vez que estas s\u00e3o frequentemente utilizadas para fins fraudulentos, tais como a invers\u00e3o das leituras do conta-quil\u00f3metros. Estas ferramentas n\u00e3o podem reverter completamente a quilometragem devido \u00e0s m\u00faltiplas unidades de armazenamento de dados nos ve\u00edculos. <\/p>\n<p>A instala\u00e7\u00e3o \u00e9 simples e n\u00e3o requer conhecimentos especializados sobre o ve\u00edculo. Basta ligar o dispositivo entre a porta do veloc\u00edmetro e o painel de instrumentos para aceder aos seus benef\u00edcios. O Mileage Blocker funciona bem com ve\u00edculos a diesel, a gasolina, PHEVs e el\u00e9ctricos, o que o torna uma ferramenta valiosa para testes de desempenho.  <\/p>\n","protected":false},"excerpt":{"rendered":"<div class=\"flex-shrink-0 flex flex-col relative items-end\">\n<div class=\"pt-0\">\n<div class=\"gizmo-bot-avatar flex h-8 w-8 items-center justify-center overflow-hidden rounded-full\">\n<div class=\"relative p-1 rounded-sm flex items-center justify-center bg-token-main-surface-primary text-token-text-primary h-8 w-8\">\n<p>Antes de fazeres a tua encomenda, rev\u00ea as instru\u00e7\u00f5es de ativa\u00e7\u00e3o do m\u00f3dulo e as notas importantes relativas a mensagens de erro e funcionalidade abaixo.<\/p>\n<p><strong>Compatibilidade: <\/strong>Este dispositivo \u00e9 compat\u00edvel com todos os modelos Audi Q5 e SQ5 FY lan\u00e7ados desde 2016. Instala\u00e7\u00e3o f\u00e1cil do tipo &#8221;fa\u00e7a voc\u00ea mesmo&#8221;. Desempenho indetet\u00e1vel. Fichas de alta qualidade e cabos resistentes ao calor. O veloc\u00edmetro e os sistemas de assist\u00eancia funcionam sem falhas. Funciona com ou sem indicador de velocidade.     <\/p>\n<p class=\"p1\"><b> Integra\u00e7\u00e3o perfeita<\/b><b><\/b><\/p>\n<p class=\"p1\"><b> Instala\u00e7\u00e3o f\u00e1cil<\/b><b><\/b><\/p>\n<p class=\"p1\"><b> Gest\u00e3o exacta da quilometragem<\/b><b><\/b><\/p>\n<p class=\"p1\"><b> Funcionamento em modo furtivo<\/b><b><\/b><\/p>\n<p class=\"p1\"><span class=\"s1\">\u2705<\/span><b> Suporte e actualiza\u00e7\u00f5es vital\u00edcias<\/b><\/p>\n<\/div>\n<\/div>\n<\/div>\n<\/div>\n","protected":false},"featured_media":686,"comment_status":"open","ping_status":"closed","template":"","meta":[],"product_brand":[],"product_cat":[1070],"product_tag":[],"class_list":{"0":"post-10474","1":"product","2":"type-product","3":"status-publish","4":"has-post-thumbnail","6":"product_cat-audi","8":"first","9":"instock","10":"taxable","11":"shipping-taxable","12":"purchasable","13":"product-type-variable"},"yoast_head":"<!-- This site is optimized with the Yoast SEO plugin v27.5 - https:\/\/yoast.com\/product\/yoast-seo-wordpress\/ -->\n<title>Audi Q5 SQ5 FY Mileage Blocker (KM stopper) \u2192 KM Block<\/title>\n<meta name=\"description\" content=\"Buy a Audi Q5 SQ5 FY Mileage Blocker for the Best Prices \u2713 Free Shipping \u2713 Incl. Installation Guides\" \/>\n<meta name=\"robots\" content=\"index, follow, max-snippet:-1, max-image-preview:large, max-video-preview:-1\" \/>\n<meta property=\"og:locale\" content=\"pt_PT\" \/>\n<meta property=\"og:type\" content=\"article\" \/>\n<meta property=\"og:title\" content=\"Audi Q5 SQ5 FY Mileage Blocker (KM stopper) \u2192 KM Block\" \/>\n<meta property=\"og:description\" content=\"Buy a Audi Q5 SQ5 FY Mileage Blocker for the Best Prices \u2713 Free Shipping \u2713 Incl. Installation Guides\" \/>\n<meta property=\"og:url\" content=\"https:\/\/kmblock.com\/pt-pt\/product\/audi-q5-sq5-fy\/\" \/>\n<meta property=\"og:site_name\" content=\"KM Block\" \/>\n<meta property=\"og:image\" content=\"https:\/\/kmblock.com\/wp-content\/uploads\/2024\/09\/Audi-Q5-SQ5-FY-600x600-1.jpg\" \/>\n\t<meta property=\"og:image:width\" content=\"600\" \/>\n\t<meta property=\"og:image:height\" content=\"600\" \/>\n\t<meta property=\"og:image:type\" content=\"image\/jpeg\" \/>\n<meta name=\"twitter:card\" content=\"summary_large_image\" \/>\n<meta name=\"twitter:label1\" content=\"Tempo estimado de leitura\" \/>\n\t<meta name=\"twitter:data1\" content=\"3 minutos\" \/>\n<script type=\"application\/ld+json\" class=\"yoast-schema-graph\">{\"@context\":\"https:\\\/\\\/schema.org\",\"@graph\":[{\"@type\":\"WebPage\",\"@id\":\"https:\\\/\\\/kmblock.com\\\/pt-pt\\\/product\\\/audi-q5-sq5-fy\\\/\",\"url\":\"https:\\\/\\\/kmblock.com\\\/pt-pt\\\/product\\\/audi-q5-sq5-fy\\\/\",\"name\":\"Audi Q5 SQ5 FY Mileage Blocker (KM stopper) \u2192 KM Block\",\"isPartOf\":{\"@id\":\"https:\\\/\\\/kmblock.com\\\/pt-pt\\\/#website\"},\"primaryImageOfPage\":{\"@id\":\"https:\\\/\\\/kmblock.com\\\/pt-pt\\\/product\\\/audi-q5-sq5-fy\\\/#primaryimage\"},\"image\":{\"@id\":\"https:\\\/\\\/kmblock.com\\\/pt-pt\\\/product\\\/audi-q5-sq5-fy\\\/#primaryimage\"},\"thumbnailUrl\":\"https:\\\/\\\/kmblock.com\\\/wp-content\\\/uploads\\\/2024\\\/09\\\/Audi-Q5-SQ5-FY-600x600-1.jpg\",\"datePublished\":\"2024-09-18T14:24:58+00:00\",\"description\":\"Buy a Audi Q5 SQ5 FY Mileage Blocker for the Best Prices \u2713 Free Shipping \u2713 Incl. Installation Guides\",\"breadcrumb\":{\"@id\":\"https:\\\/\\\/kmblock.com\\\/pt-pt\\\/product\\\/audi-q5-sq5-fy\\\/#breadcrumb\"},\"inLanguage\":\"pt-PT\",\"potentialAction\":[{\"@type\":\"ReadAction\",\"target\":[\"https:\\\/\\\/kmblock.com\\\/pt-pt\\\/product\\\/audi-q5-sq5-fy\\\/\"]}]},{\"@type\":\"ImageObject\",\"inLanguage\":\"pt-PT\",\"@id\":\"https:\\\/\\\/kmblock.com\\\/pt-pt\\\/product\\\/audi-q5-sq5-fy\\\/#primaryimage\",\"url\":\"https:\\\/\\\/kmblock.com\\\/wp-content\\\/uploads\\\/2024\\\/09\\\/Audi-Q5-SQ5-FY-600x600-1.jpg\",\"contentUrl\":\"https:\\\/\\\/kmblock.com\\\/wp-content\\\/uploads\\\/2024\\\/09\\\/Audi-Q5-SQ5-FY-600x600-1.jpg\",\"width\":600,\"height\":600,\"caption\":\"Audi-Q5-SQ5-FY-600x600\"},{\"@type\":\"BreadcrumbList\",\"@id\":\"https:\\\/\\\/kmblock.com\\\/pt-pt\\\/product\\\/audi-q5-sq5-fy\\\/#breadcrumb\",\"itemListElement\":[{\"@type\":\"ListItem\",\"position\":1,\"name\":\"Casa\",\"item\":\"https:\\\/\\\/kmblock.com\\\/pt-pt\\\/\"},{\"@type\":\"ListItem\",\"position\":2,\"name\":\"Produtos\",\"item\":\"https:\\\/\\\/kmblock.com\\\/pt-pt\\\/shop\\\/\"},{\"@type\":\"ListItem\",\"position\":3,\"name\":\"Audi Q5 SQ5 FY\"}]},{\"@type\":\"WebSite\",\"@id\":\"https:\\\/\\\/kmblock.com\\\/pt-pt\\\/#website\",\"url\":\"https:\\\/\\\/kmblock.com\\\/pt-pt\\\/\",\"name\":\"KM Block\",\"description\":\"\",\"publisher\":{\"@id\":\"https:\\\/\\\/kmblock.com\\\/pt-pt\\\/#organization\"},\"potentialAction\":[{\"@type\":\"SearchAction\",\"target\":{\"@type\":\"EntryPoint\",\"urlTemplate\":\"https:\\\/\\\/kmblock.com\\\/pt-pt\\\/?s={search_term_string}\"},\"query-input\":{\"@type\":\"PropertyValueSpecification\",\"valueRequired\":true,\"valueName\":\"search_term_string\"}}],\"inLanguage\":\"pt-PT\"},{\"@type\":\"Organization\",\"@id\":\"https:\\\/\\\/kmblock.com\\\/pt-pt\\\/#organization\",\"name\":\"Bloco KM\",\"url\":\"https:\\\/\\\/kmblock.com\\\/pt-pt\\\/\",\"logo\":{\"@type\":\"ImageObject\",\"inLanguage\":\"pt-PT\",\"@id\":\"https:\\\/\\\/kmblock.com\\\/pt-pt\\\/#\\\/schema\\\/logo\\\/image\\\/\",\"url\":\"https:\\\/\\\/kmblock.com\\\/wp-content\\\/uploads\\\/2024\\\/08\\\/main-logo.png\",\"contentUrl\":\"https:\\\/\\\/kmblock.com\\\/wp-content\\\/uploads\\\/2024\\\/08\\\/main-logo.png\",\"width\":186,\"height\":28,\"caption\":\"Bloco KM\"},\"image\":{\"@id\":\"https:\\\/\\\/kmblock.com\\\/pt-pt\\\/#\\\/schema\\\/logo\\\/image\\\/\"}}]}<\/script>\n<!-- \/ Yoast SEO plugin. -->","yoast_head_json":{"title":"Audi Q5 SQ5 FY Mileage Blocker (KM stopper) \u2192 KM Block","description":"Buy a Audi Q5 SQ5 FY Mileage Blocker for the Best Prices \u2713 Free Shipping \u2713 Incl. Installation Guides","robots":{"index":"index","follow":"follow","max-snippet":"max-snippet:-1","max-image-preview":"max-image-preview:large","max-video-preview":"max-video-preview:-1"},"og_locale":"pt_PT","og_type":"article","og_title":"Audi Q5 SQ5 FY Mileage Blocker (KM stopper) \u2192 KM Block","og_description":"Buy a Audi Q5 SQ5 FY Mileage Blocker for the Best Prices \u2713 Free Shipping \u2713 Incl. Installation Guides","og_url":"https:\/\/kmblock.com\/pt-pt\/product\/audi-q5-sq5-fy\/","og_site_name":"KM Block","og_image":[{"width":600,"height":600,"url":"https:\/\/kmblock.com\/wp-content\/uploads\/2024\/09\/Audi-Q5-SQ5-FY-600x600-1.jpg","type":"image\/jpeg"}],"twitter_card":"summary_large_image","twitter_misc":{"Tempo estimado de leitura":"3 minutos"},"schema":{"@context":"https:\/\/schema.org","@graph":[{"@type":"WebPage","@id":"https:\/\/kmblock.com\/pt-pt\/product\/audi-q5-sq5-fy\/","url":"https:\/\/kmblock.com\/pt-pt\/product\/audi-q5-sq5-fy\/","name":"Audi Q5 SQ5 FY Mileage Blocker (KM stopper) \u2192 KM Block","isPartOf":{"@id":"https:\/\/kmblock.com\/pt-pt\/#website"},"primaryImageOfPage":{"@id":"https:\/\/kmblock.com\/pt-pt\/product\/audi-q5-sq5-fy\/#primaryimage"},"image":{"@id":"https:\/\/kmblock.com\/pt-pt\/product\/audi-q5-sq5-fy\/#primaryimage"},"thumbnailUrl":"https:\/\/kmblock.com\/wp-content\/uploads\/2024\/09\/Audi-Q5-SQ5-FY-600x600-1.jpg","datePublished":"2024-09-18T14:24:58+00:00","description":"Buy a Audi Q5 SQ5 FY Mileage Blocker for the Best Prices \u2713 Free Shipping \u2713 Incl. Installation Guides","breadcrumb":{"@id":"https:\/\/kmblock.com\/pt-pt\/product\/audi-q5-sq5-fy\/#breadcrumb"},"inLanguage":"pt-PT","potentialAction":[{"@type":"ReadAction","target":["https:\/\/kmblock.com\/pt-pt\/product\/audi-q5-sq5-fy\/"]}]},{"@type":"ImageObject","inLanguage":"pt-PT","@id":"https:\/\/kmblock.com\/pt-pt\/product\/audi-q5-sq5-fy\/#primaryimage","url":"https:\/\/kmblock.com\/wp-content\/uploads\/2024\/09\/Audi-Q5-SQ5-FY-600x600-1.jpg","contentUrl":"https:\/\/kmblock.com\/wp-content\/uploads\/2024\/09\/Audi-Q5-SQ5-FY-600x600-1.jpg","width":600,"height":600,"caption":"Audi-Q5-SQ5-FY-600x600"},{"@type":"BreadcrumbList","@id":"https:\/\/kmblock.com\/pt-pt\/product\/audi-q5-sq5-fy\/#breadcrumb","itemListElement":[{"@type":"ListItem","position":1,"name":"Casa","item":"https:\/\/kmblock.com\/pt-pt\/"},{"@type":"ListItem","position":2,"name":"Produtos","item":"https:\/\/kmblock.com\/pt-pt\/shop\/"},{"@type":"ListItem","position":3,"name":"Audi Q5 SQ5 FY"}]},{"@type":"WebSite","@id":"https:\/\/kmblock.com\/pt-pt\/#website","url":"https:\/\/kmblock.com\/pt-pt\/","name":"KM Block","description":"","publisher":{"@id":"https:\/\/kmblock.com\/pt-pt\/#organization"},"potentialAction":[{"@type":"SearchAction","target":{"@type":"EntryPoint","urlTemplate":"https:\/\/kmblock.com\/pt-pt\/?s={search_term_string}"},"query-input":{"@type":"PropertyValueSpecification","valueRequired":true,"valueName":"search_term_string"}}],"inLanguage":"pt-PT"},{"@type":"Organization","@id":"https:\/\/kmblock.com\/pt-pt\/#organization","name":"Bloco KM","url":"https:\/\/kmblock.com\/pt-pt\/","logo":{"@type":"ImageObject","inLanguage":"pt-PT","@id":"https:\/\/kmblock.com\/pt-pt\/#\/schema\/logo\/image\/","url":"https:\/\/kmblock.com\/wp-content\/uploads\/2024\/08\/main-logo.png","contentUrl":"https:\/\/kmblock.com\/wp-content\/uploads\/2024\/08\/main-logo.png","width":186,"height":28,"caption":"Bloco KM"},"image":{"@id":"https:\/\/kmblock.com\/pt-pt\/#\/schema\/logo\/image\/"}}]}},"_links":{"self":[{"href":"https:\/\/kmblock.com\/pt-pt\/wp-json\/wp\/v2\/product\/10474","targetHints":{"allow":["GET"]}}],"collection":[{"href":"https:\/\/kmblock.com\/pt-pt\/wp-json\/wp\/v2\/product"}],"about":[{"href":"https:\/\/kmblock.com\/pt-pt\/wp-json\/wp\/v2\/types\/product"}],"replies":[{"embeddable":true,"href":"https:\/\/kmblock.com\/pt-pt\/wp-json\/wp\/v2\/comments?post=10474"}],"wp:featuredmedia":[{"embeddable":true,"href":"https:\/\/kmblock.com\/pt-pt\/wp-json\/wp\/v2\/media\/686"}],"wp:attachment":[{"href":"https:\/\/kmblock.com\/pt-pt\/wp-json\/wp\/v2\/media?parent=10474"}],"wp:term":[{"taxonomy":"product_brand","embeddable":true,"href":"https:\/\/kmblock.com\/pt-pt\/wp-json\/wp\/v2\/product_brand?post=10474"},{"taxonomy":"product_cat","embeddable":true,"href":"https:\/\/kmblock.com\/pt-pt\/wp-json\/wp\/v2\/product_cat?post=10474"},{"taxonomy":"product_tag","embeddable":true,"href":"https:\/\/kmblock.com\/pt-pt\/wp-json\/wp\/v2\/product_tag?post=10474"}],"curies":[{"name":"wp","href":"https:\/\/api.w.org\/{rel}","templated":true}]}}