{"id":10472,"date":"2024-09-18T18:39:14","date_gmt":"2024-09-18T18:39:14","guid":{"rendered":"https:\/\/kmblock.com\/product\/bmw-2er-f22-f23-f45-f46-f87\/"},"modified":"2024-09-18T18:39:14","modified_gmt":"2024-09-18T18:39:14","slug":"bmw-2er-f22-f23-f45-f46-f87","status":"publish","type":"product","link":"https:\/\/kmblock.com\/pt-pt\/product\/bmw-2er-f22-f23-f45-f46-f87\/","title":{"rendered":"BMW 2ER F22\/F23\/F45\/F46\/F87"},"content":{"rendered":"<div class=\"flex max-w-full flex-col flex-grow\">\n<div class=\"min-h-[20px] text-message flex w-full flex-col items-end gap-2 whitespace-normal break-words [.text-message+&amp;]:mt-5\" dir=\"auto\" data-message-author-role=\"assistant\" data-message-id=\"486fbb14-d9b0-4abf-8aac-69dd9ef3f888\">\n<div class=\"flex w-full flex-col gap-1 empty:hidden first:pt-[3px]\">\n<div class=\"markdown prose w-full break-words dark:prose-invert dark\">\n<h3><strong>BLOQUEADOR DE QUIL\u00d3METROS PARA BMW 2ER F22\/F23\/F45\/F46\/F87<\/strong><\/h3>\n<p>O Bloqueador de Quil\u00f3metros BMW 2ER F22\/F23\/F45\/F46\/F87, tamb\u00e9m conhecido como Bloqueador de Od\u00f3metro, Bloqueador de Od\u00f3metro, Bloqueador de Lata, Bloqueador de Quil\u00f3metros, Od\u00f3metro de Viagem, Filtro de Lata ou Ferramenta de Corre\u00e7\u00e3o de Quil\u00f3metros, foi concebido para ser utilizado em todos os modelos BMW 2ER F22\/F23\/F45\/F46\/F87 lan\u00e7ados desde 2013.<\/p>\n<h3><strong>ESPECIFICA\u00c7\u00d5ES<\/strong><\/h3>\n<ul>\n<li><strong>Instala\u00e7\u00e3o<\/strong>: Instala\u00e7\u00e3o &#8221;fa\u00e7a voc\u00ea mesmo&#8221; (DIY), sem necessidade de assist\u00eancia profissional.<\/li>\n<li><strong>Componentes<\/strong>: Inclui fichas de alta qualidade e cabos resistentes ao calor.<\/li>\n<li><strong>Sem modifica\u00e7\u00f5es<\/strong>: N\u00e3o \u00e9 necess\u00e1rio soldar ou cortar cabos e n\u00e3o \u00e9 necess\u00e1rio abrir ECUs.<\/li>\n<li><strong>Modos<\/strong>: Disp\u00f5e de v\u00e1rios modos para diferentes necessidades.<\/li>\n<li><strong>Actualiza\u00e7\u00f5es de software<\/strong>: Se o teu ve\u00edculo tiver recebido uma atualiza\u00e7\u00e3o de software, basta ativar o modo dois para continuar a utilizar o dispositivo; n\u00e3o \u00e9 necess\u00e1ria qualquer troca ou atualiza\u00e7\u00e3o.<\/li>\n<li><strong>Defini\u00e7\u00f5es<\/strong>: Uma vez selecionadas, as defini\u00e7\u00f5es s\u00e3o guardadas incondicionalmente.<\/li>\n<li><strong>Quilometragem<\/strong>: Ap\u00f3s a remo\u00e7\u00e3o do m\u00f3dulo, a quilometragem n\u00e3o aumenta espontaneamente.<\/li>\n<li><strong>Funcionamento sem erros<\/strong>: N\u00e3o h\u00e1 mensagens de erro do assistente de \u00e2ngulo morto ou do controlo da velocidade de cruzeiro; o indicador de velocidade e os sistemas de assist\u00eancia funcionam corretamente (em determinados modos).<\/li>\n<li><strong>Ajuste de servi\u00e7o<\/strong>: Corrige automaticamente os intervalos de manuten\u00e7\u00e3o.<\/li>\n<\/ul>\n<h3><strong>AJUSTE DE SERVI\u00c7O<\/strong><\/h3>\n<p>O nosso bloqueador de quil\u00f3metros n\u00e3o s\u00f3 interrompe a contagem de quil\u00f3metros, como tamb\u00e9m ajusta o lembrete de servi\u00e7o em conformidade. Enquanto o &#8221;Servi\u00e7o&#8221; continua a contagem decrescente, n\u00e3o regista qualquer quilometragem at\u00e9 restarem 30% do intervalo de servi\u00e7o. Nessa altura, reinicia automaticamente para 90%. Este ajuste assegura que o lembrete de servi\u00e7o \u00e9 refletido com precis\u00e3o, mesmo com a quilometragem parada. Por exemplo, se tiver de efetuar uma revis\u00e3o a cada 30.000 km e faltarem 9.000 km, o lembrete ser\u00e1 reposto para 27.000 km.    <\/p>\n<h3><strong>ACTIVA\u00c7\u00c3O E DESACTIVA\u00c7\u00c3O<\/strong><\/h3>\n<p>&#8221;Ativa premindo *BC com o modo *.<\/p>\n<p><strong>Modo 1:<\/strong> 1 piscada para a esquerda 30 por cento<\/p>\n<p><strong>Modo 2:<\/strong> 2 piscas \u00e0 esquerda 0 por cento (sem velocidade)<\/p>\n<p><strong>Modo 3:<\/strong> 3 piscas \u00e0 esquerda 0 por cento (velocidade, funciona apenas sem atualiza\u00e7\u00e3o)<\/p>\n<p><strong>Modo 4:<\/strong> 1 piscadela para a direita 100 por cento&#8221;<\/p>\n<h3><strong>O que \u00e9 o bloqueador de quilometragem BMW 2ER F22\/F23\/F45\/F46\/F87?<\/strong><\/h3>\n<p>O Bloqueador de Quil\u00f3metros BMW 2ER F22\/F23\/F45\/F46\/F87 \u00e9 utilizado para parar a contagem de quil\u00f3metros para testar o desempenho do teu ve\u00edculo. Este m\u00f3dulo, dispon\u00edvel no KM Block, foi concebido para funcionar eficazmente com od\u00f3metros digitais, quer me\u00e7am em milhas ou quil\u00f3metros. Funciona sem problemas em v\u00e1rios tipos de motores, incluindo diesel, gasolina, ve\u00edculos h\u00edbridos el\u00e9tricos plug-in (PHEVs) e carros el\u00e9tricos.  <\/p>\n<p><strong>Nota<\/strong>: N\u00e3o vendemos ferramentas de corre\u00e7\u00e3o de quilometragem para o BMW 2ER F22\/F23\/F45\/F46\/F87, uma vez que se destinam a fins fraudulentos e apenas alteram os valores de quilometragem. O nosso Bloqueador de Quil\u00f3metros foi concebido para ajudar nos testes de desempenho num ambiente controlado. <\/p>\n<p>Para obter uma grande variedade de dispositivos Mileage Stopper para diferentes ve\u00edculos, instala o m\u00f3dulo entre o veloc\u00edmetro e o painel de instrumentos e utiliza combina\u00e7\u00f5es de teclas pr\u00e9-determinadas para mudar de modo. A instala\u00e7\u00e3o \u00e9 simples e n\u00e3o requer grandes conhecimentos de manuten\u00e7\u00e3o do ve\u00edculo. <\/p>\n<\/div>\n<\/div>\n<\/div>\n<\/div>\n","protected":false},"excerpt":{"rendered":"<div class=\"flex-shrink-0 flex flex-col relative items-end\">\n<div class=\"pt-0\">\n<div class=\"gizmo-bot-avatar flex h-8 w-8 items-center justify-center overflow-hidden rounded-full\">\n<div class=\"relative p-1 rounded-sm flex items-center justify-center bg-token-main-surface-primary text-token-text-primary h-8 w-8\">\n<p>Antes de encomendar , L\u00ea atentamente as seguintes informa\u00e7\u00f5es relativas \u00e0 ativa\u00e7\u00e3o do m\u00f3dulo, mensagens de erro e fun\u00e7\u00f5es:<\/p>\n<p><strong>COMPATIBILIDADE DO DISPOSITIVO: <\/strong>Este bloqueador de quil\u00f3metros \u00e9 adequado para todos os modelos BMW 2ER F22\/F23\/F45\/F46\/F87 lan\u00e7ados desde 2013. Indicador de velocidade e programas de assist\u00eancia: Funciona corretamente em determinados modos. N\u00e3o h\u00e1 mensagens de erro relacionadas com a Assist\u00eancia ao \u00e2ngulo morto ou com a falha do controlo da velocidade de cruzeiro. Faz tu mesmo (DIY) com fichas de alta qualidade e cabos resistentes ao calor; n\u00e3o \u00e9 necess\u00e1ria assist\u00eancia profissional.   <\/p>\n<p class=\"p1\"><b> Integra\u00e7\u00e3o perfeita<\/b><b><\/b><\/p>\n<p class=\"p1\"><b> Instala\u00e7\u00e3o f\u00e1cil<\/b><b><\/b><\/p>\n<p class=\"p1\"><b> Gest\u00e3o exacta da quilometragem<\/b><b><\/b><\/p>\n<p class=\"p1\"><b> Funcionamento em modo furtivo<\/b><b><\/b><\/p>\n<p class=\"p1\"><span class=\"s1\">\u2705<\/span><b> Suporte e actualiza\u00e7\u00f5es vital\u00edcias<\/b><\/p>\n<\/div>\n<\/div>\n<\/div>\n<\/div>\n","protected":false},"featured_media":713,"comment_status":"open","ping_status":"closed","template":"","meta":[],"product_brand":[],"product_cat":[1109],"product_tag":[],"class_list":{"0":"post-10472","1":"product","2":"type-product","3":"status-publish","4":"has-post-thumbnail","6":"product_cat-bmw","8":"first","9":"instock","10":"taxable","11":"shipping-taxable","12":"purchasable","13":"product-type-variable"},"yoast_head":"<!-- This site is optimized with the Yoast SEO plugin v27.5 - https:\/\/yoast.com\/product\/yoast-seo-wordpress\/ -->\n<title>BMW 2ER F22\/F23\/F45\/F46\/F87 Mileage Blocker (KM stopper) \u2192 KM Block<\/title>\n<meta name=\"description\" content=\"Buy a BMW 2ER F22\/F23\/F45\/F46\/F87 Mileage Blocker for the Best Prices \u2713 Free Shipping \u2713 Incl. Installation Guides\" \/>\n<meta name=\"robots\" content=\"index, follow, max-snippet:-1, max-image-preview:large, max-video-preview:-1\" \/>\n<meta property=\"og:locale\" content=\"pt_PT\" \/>\n<meta property=\"og:type\" content=\"article\" \/>\n<meta property=\"og:title\" content=\"BMW 2ER F22\/F23\/F45\/F46\/F87 Mileage Blocker (KM stopper) \u2192 KM Block\" \/>\n<meta property=\"og:description\" content=\"Buy a BMW 2ER F22\/F23\/F45\/F46\/F87 Mileage Blocker for the Best Prices \u2713 Free Shipping \u2713 Incl. Installation Guides\" \/>\n<meta property=\"og:url\" content=\"https:\/\/kmblock.com\/pt-pt\/product\/bmw-2er-f22-f23-f45-f46-f87\/\" \/>\n<meta property=\"og:site_name\" content=\"KM Block\" \/>\n<meta property=\"og:image\" content=\"https:\/\/kmblock.com\/wp-content\/uploads\/2024\/09\/BMW-2ER-F22F23F45F46F87.webp\" \/>\n\t<meta property=\"og:image:width\" content=\"800\" \/>\n\t<meta property=\"og:image:height\" content=\"800\" \/>\n\t<meta property=\"og:image:type\" content=\"image\/webp\" \/>\n<meta name=\"twitter:card\" content=\"summary_large_image\" \/>\n<meta name=\"twitter:label1\" content=\"Tempo estimado de leitura\" \/>\n\t<meta name=\"twitter:data1\" content=\"3 minutos\" \/>\n<script type=\"application\/ld+json\" class=\"yoast-schema-graph\">{\"@context\":\"https:\\\/\\\/schema.org\",\"@graph\":[{\"@type\":\"WebPage\",\"@id\":\"https:\\\/\\\/kmblock.com\\\/pt-pt\\\/product\\\/bmw-2er-f22-f23-f45-f46-f87\\\/\",\"url\":\"https:\\\/\\\/kmblock.com\\\/pt-pt\\\/product\\\/bmw-2er-f22-f23-f45-f46-f87\\\/\",\"name\":\"BMW 2ER F22\\\/F23\\\/F45\\\/F46\\\/F87 Mileage Blocker (KM stopper) \u2192 KM Block\",\"isPartOf\":{\"@id\":\"https:\\\/\\\/kmblock.com\\\/pt-pt\\\/#website\"},\"primaryImageOfPage\":{\"@id\":\"https:\\\/\\\/kmblock.com\\\/pt-pt\\\/product\\\/bmw-2er-f22-f23-f45-f46-f87\\\/#primaryimage\"},\"image\":{\"@id\":\"https:\\\/\\\/kmblock.com\\\/pt-pt\\\/product\\\/bmw-2er-f22-f23-f45-f46-f87\\\/#primaryimage\"},\"thumbnailUrl\":\"https:\\\/\\\/kmblock.com\\\/wp-content\\\/uploads\\\/2024\\\/09\\\/BMW-2ER-F22F23F45F46F87.webp\",\"datePublished\":\"2024-09-18T18:39:14+00:00\",\"description\":\"Buy a BMW 2ER F22\\\/F23\\\/F45\\\/F46\\\/F87 Mileage Blocker for the Best Prices \u2713 Free Shipping \u2713 Incl. Installation Guides\",\"breadcrumb\":{\"@id\":\"https:\\\/\\\/kmblock.com\\\/pt-pt\\\/product\\\/bmw-2er-f22-f23-f45-f46-f87\\\/#breadcrumb\"},\"inLanguage\":\"pt-PT\",\"potentialAction\":[{\"@type\":\"ReadAction\",\"target\":[\"https:\\\/\\\/kmblock.com\\\/pt-pt\\\/product\\\/bmw-2er-f22-f23-f45-f46-f87\\\/\"]}]},{\"@type\":\"ImageObject\",\"inLanguage\":\"pt-PT\",\"@id\":\"https:\\\/\\\/kmblock.com\\\/pt-pt\\\/product\\\/bmw-2er-f22-f23-f45-f46-f87\\\/#primaryimage\",\"url\":\"https:\\\/\\\/kmblock.com\\\/wp-content\\\/uploads\\\/2024\\\/09\\\/BMW-2ER-F22F23F45F46F87.webp\",\"contentUrl\":\"https:\\\/\\\/kmblock.com\\\/wp-content\\\/uploads\\\/2024\\\/09\\\/BMW-2ER-F22F23F45F46F87.webp\",\"width\":800,\"height\":800,\"caption\":\"BMW 2ER F22\\\/F23\\\/F45\\\/F46\\\/F87\"},{\"@type\":\"BreadcrumbList\",\"@id\":\"https:\\\/\\\/kmblock.com\\\/pt-pt\\\/product\\\/bmw-2er-f22-f23-f45-f46-f87\\\/#breadcrumb\",\"itemListElement\":[{\"@type\":\"ListItem\",\"position\":1,\"name\":\"Casa\",\"item\":\"https:\\\/\\\/kmblock.com\\\/pt-pt\\\/\"},{\"@type\":\"ListItem\",\"position\":2,\"name\":\"Produtos\",\"item\":\"https:\\\/\\\/kmblock.com\\\/pt-pt\\\/shop\\\/\"},{\"@type\":\"ListItem\",\"position\":3,\"name\":\"BMW 2ER F22\\\/F23\\\/F45\\\/F46\\\/F87\"}]},{\"@type\":\"WebSite\",\"@id\":\"https:\\\/\\\/kmblock.com\\\/pt-pt\\\/#website\",\"url\":\"https:\\\/\\\/kmblock.com\\\/pt-pt\\\/\",\"name\":\"KM Block\",\"description\":\"\",\"publisher\":{\"@id\":\"https:\\\/\\\/kmblock.com\\\/pt-pt\\\/#organization\"},\"potentialAction\":[{\"@type\":\"SearchAction\",\"target\":{\"@type\":\"EntryPoint\",\"urlTemplate\":\"https:\\\/\\\/kmblock.com\\\/pt-pt\\\/?s={search_term_string}\"},\"query-input\":{\"@type\":\"PropertyValueSpecification\",\"valueRequired\":true,\"valueName\":\"search_term_string\"}}],\"inLanguage\":\"pt-PT\"},{\"@type\":\"Organization\",\"@id\":\"https:\\\/\\\/kmblock.com\\\/pt-pt\\\/#organization\",\"name\":\"Bloco KM\",\"url\":\"https:\\\/\\\/kmblock.com\\\/pt-pt\\\/\",\"logo\":{\"@type\":\"ImageObject\",\"inLanguage\":\"pt-PT\",\"@id\":\"https:\\\/\\\/kmblock.com\\\/pt-pt\\\/#\\\/schema\\\/logo\\\/image\\\/\",\"url\":\"https:\\\/\\\/kmblock.com\\\/wp-content\\\/uploads\\\/2024\\\/08\\\/main-logo.png\",\"contentUrl\":\"https:\\\/\\\/kmblock.com\\\/wp-content\\\/uploads\\\/2024\\\/08\\\/main-logo.png\",\"width\":186,\"height\":28,\"caption\":\"Bloco KM\"},\"image\":{\"@id\":\"https:\\\/\\\/kmblock.com\\\/pt-pt\\\/#\\\/schema\\\/logo\\\/image\\\/\"}}]}<\/script>\n<!-- \/ Yoast SEO plugin. -->","yoast_head_json":{"title":"BMW 2ER F22\/F23\/F45\/F46\/F87 Mileage Blocker (KM stopper) \u2192 KM Block","description":"Buy a BMW 2ER F22\/F23\/F45\/F46\/F87 Mileage Blocker for the Best Prices \u2713 Free Shipping \u2713 Incl. Installation Guides","robots":{"index":"index","follow":"follow","max-snippet":"max-snippet:-1","max-image-preview":"max-image-preview:large","max-video-preview":"max-video-preview:-1"},"og_locale":"pt_PT","og_type":"article","og_title":"BMW 2ER F22\/F23\/F45\/F46\/F87 Mileage Blocker (KM stopper) \u2192 KM Block","og_description":"Buy a BMW 2ER F22\/F23\/F45\/F46\/F87 Mileage Blocker for the Best Prices \u2713 Free Shipping \u2713 Incl. Installation Guides","og_url":"https:\/\/kmblock.com\/pt-pt\/product\/bmw-2er-f22-f23-f45-f46-f87\/","og_site_name":"KM Block","og_image":[{"width":800,"height":800,"url":"https:\/\/kmblock.com\/wp-content\/uploads\/2024\/09\/BMW-2ER-F22F23F45F46F87.webp","type":"image\/webp"}],"twitter_card":"summary_large_image","twitter_misc":{"Tempo estimado de leitura":"3 minutos"},"schema":{"@context":"https:\/\/schema.org","@graph":[{"@type":"WebPage","@id":"https:\/\/kmblock.com\/pt-pt\/product\/bmw-2er-f22-f23-f45-f46-f87\/","url":"https:\/\/kmblock.com\/pt-pt\/product\/bmw-2er-f22-f23-f45-f46-f87\/","name":"BMW 2ER F22\/F23\/F45\/F46\/F87 Mileage Blocker (KM stopper) \u2192 KM Block","isPartOf":{"@id":"https:\/\/kmblock.com\/pt-pt\/#website"},"primaryImageOfPage":{"@id":"https:\/\/kmblock.com\/pt-pt\/product\/bmw-2er-f22-f23-f45-f46-f87\/#primaryimage"},"image":{"@id":"https:\/\/kmblock.com\/pt-pt\/product\/bmw-2er-f22-f23-f45-f46-f87\/#primaryimage"},"thumbnailUrl":"https:\/\/kmblock.com\/wp-content\/uploads\/2024\/09\/BMW-2ER-F22F23F45F46F87.webp","datePublished":"2024-09-18T18:39:14+00:00","description":"Buy a BMW 2ER F22\/F23\/F45\/F46\/F87 Mileage Blocker for the Best Prices \u2713 Free Shipping \u2713 Incl. Installation Guides","breadcrumb":{"@id":"https:\/\/kmblock.com\/pt-pt\/product\/bmw-2er-f22-f23-f45-f46-f87\/#breadcrumb"},"inLanguage":"pt-PT","potentialAction":[{"@type":"ReadAction","target":["https:\/\/kmblock.com\/pt-pt\/product\/bmw-2er-f22-f23-f45-f46-f87\/"]}]},{"@type":"ImageObject","inLanguage":"pt-PT","@id":"https:\/\/kmblock.com\/pt-pt\/product\/bmw-2er-f22-f23-f45-f46-f87\/#primaryimage","url":"https:\/\/kmblock.com\/wp-content\/uploads\/2024\/09\/BMW-2ER-F22F23F45F46F87.webp","contentUrl":"https:\/\/kmblock.com\/wp-content\/uploads\/2024\/09\/BMW-2ER-F22F23F45F46F87.webp","width":800,"height":800,"caption":"BMW 2ER F22\/F23\/F45\/F46\/F87"},{"@type":"BreadcrumbList","@id":"https:\/\/kmblock.com\/pt-pt\/product\/bmw-2er-f22-f23-f45-f46-f87\/#breadcrumb","itemListElement":[{"@type":"ListItem","position":1,"name":"Casa","item":"https:\/\/kmblock.com\/pt-pt\/"},{"@type":"ListItem","position":2,"name":"Produtos","item":"https:\/\/kmblock.com\/pt-pt\/shop\/"},{"@type":"ListItem","position":3,"name":"BMW 2ER F22\/F23\/F45\/F46\/F87"}]},{"@type":"WebSite","@id":"https:\/\/kmblock.com\/pt-pt\/#website","url":"https:\/\/kmblock.com\/pt-pt\/","name":"KM Block","description":"","publisher":{"@id":"https:\/\/kmblock.com\/pt-pt\/#organization"},"potentialAction":[{"@type":"SearchAction","target":{"@type":"EntryPoint","urlTemplate":"https:\/\/kmblock.com\/pt-pt\/?s={search_term_string}"},"query-input":{"@type":"PropertyValueSpecification","valueRequired":true,"valueName":"search_term_string"}}],"inLanguage":"pt-PT"},{"@type":"Organization","@id":"https:\/\/kmblock.com\/pt-pt\/#organization","name":"Bloco KM","url":"https:\/\/kmblock.com\/pt-pt\/","logo":{"@type":"ImageObject","inLanguage":"pt-PT","@id":"https:\/\/kmblock.com\/pt-pt\/#\/schema\/logo\/image\/","url":"https:\/\/kmblock.com\/wp-content\/uploads\/2024\/08\/main-logo.png","contentUrl":"https:\/\/kmblock.com\/wp-content\/uploads\/2024\/08\/main-logo.png","width":186,"height":28,"caption":"Bloco KM"},"image":{"@id":"https:\/\/kmblock.com\/pt-pt\/#\/schema\/logo\/image\/"}}]}},"_links":{"self":[{"href":"https:\/\/kmblock.com\/pt-pt\/wp-json\/wp\/v2\/product\/10472","targetHints":{"allow":["GET"]}}],"collection":[{"href":"https:\/\/kmblock.com\/pt-pt\/wp-json\/wp\/v2\/product"}],"about":[{"href":"https:\/\/kmblock.com\/pt-pt\/wp-json\/wp\/v2\/types\/product"}],"replies":[{"embeddable":true,"href":"https:\/\/kmblock.com\/pt-pt\/wp-json\/wp\/v2\/comments?post=10472"}],"wp:featuredmedia":[{"embeddable":true,"href":"https:\/\/kmblock.com\/pt-pt\/wp-json\/wp\/v2\/media\/713"}],"wp:attachment":[{"href":"https:\/\/kmblock.com\/pt-pt\/wp-json\/wp\/v2\/media?parent=10472"}],"wp:term":[{"taxonomy":"product_brand","embeddable":true,"href":"https:\/\/kmblock.com\/pt-pt\/wp-json\/wp\/v2\/product_brand?post=10472"},{"taxonomy":"product_cat","embeddable":true,"href":"https:\/\/kmblock.com\/pt-pt\/wp-json\/wp\/v2\/product_cat?post=10472"},{"taxonomy":"product_tag","embeddable":true,"href":"https:\/\/kmblock.com\/pt-pt\/wp-json\/wp\/v2\/product_tag?post=10472"}],"curies":[{"name":"wp","href":"https:\/\/api.w.org\/{rel}","templated":true}]}}