{"id":10460,"date":"2024-09-19T01:45:26","date_gmt":"2024-09-19T01:45:26","guid":{"rendered":"https:\/\/kmblock.com\/product\/bmw-7er-f01-f02\/"},"modified":"2024-09-19T01:45:26","modified_gmt":"2024-09-19T01:45:26","slug":"bmw-7er-f01-f02","status":"publish","type":"product","link":"https:\/\/kmblock.com\/pt-pt\/product\/bmw-7er-f01-f02\/","title":{"rendered":"BMW 7ER F01\/F02"},"content":{"rendered":"<div class=\"flex max-w-full flex-col flex-grow\">\n<div class=\"min-h-[20px] text-message flex w-full flex-col items-end gap-2 whitespace-normal break-words [.text-message+&amp;]:mt-5\" dir=\"auto\" data-message-author-role=\"assistant\" data-message-id=\"486fbb14-d9b0-4abf-8aac-69dd9ef3f888\">\n<div class=\"flex w-full flex-col gap-1 empty:hidden first:pt-[3px]\">\n<div class=\"markdown prose w-full break-words dark:prose-invert dark\">\n<h3><strong>BLOQUEADOR DE QUIL\u00d3METROS PARA BMW 7ER F01\/F02<\/strong><\/h3>\n<p><strong>Descri\u00e7\u00e3o:<\/strong> O Bloqueador de Quil\u00f3metros do BMW 7ER F01\/F02, tamb\u00e9m conhecido como Bloqueador de Od\u00f3metro, Bloqueador de Od\u00f3metro, Bloqueador de Lata, Bloqueador de Quil\u00f3metros, Od\u00f3metro de Viagem, Filtro de Lata ou Ferramenta de Corre\u00e7\u00e3o de Quil\u00f3metros, foi concebido para todos os modelos BMW 7ER F01\/F02 lan\u00e7ados entre 2008 e 2015.<\/p>\n<h3><strong>Especifica\u00e7\u00f5es:<\/strong><\/h3>\n<ul>\n<li><strong>Instala-te sozinho:<\/strong> N\u00e3o necessita de ajuda profissional.<\/li>\n<li><strong>Componentes de alta qualidade:<\/strong> Inclui fichas de qualidade superior e cabos resistentes ao calor.<\/li>\n<li><strong>N\u00e3o precisas de cortar:<\/strong> N\u00e3o solda nem corta os cabos.<\/li>\n<li><strong>Funcionamento f\u00e1cil de utilizar:<\/strong> Funciona facilmente com v\u00e1rias combina\u00e7\u00f5es de teclas.<\/li>\n<li><strong>Ecr\u00e3 sem erros:<\/strong> N\u00e3o h\u00e1 mensagens de erro no veloc\u00edmetro ou no painel de navega\u00e7\u00e3o.<\/li>\n<li><strong>Modos m\u00faltiplos:<\/strong> Oferece v\u00e1rios modos de funcionamento.<\/li>\n<li><strong>N\u00e3o necessita de acesso \u00e0 ECU:<\/strong> N\u00e3o precisas de abrir as ECUs.<\/li>\n<li><strong>Defini\u00e7\u00f5es est\u00e1veis:<\/strong> As defini\u00e7\u00f5es s\u00e3o guardadas incondicionalmente ap\u00f3s a sele\u00e7\u00e3o.<\/li>\n<li><strong>Compatibilidade:<\/strong> O indicador de velocidade e os sistemas de assist\u00eancia funcionam em modos espec\u00edficos.<\/li>\n<li><strong>Ajuste autom\u00e1tico de servi\u00e7o:<\/strong> Inclui o ajuste autom\u00e1tico de servi\u00e7o.<\/li>\n<li><strong>Precis\u00e3o da quilometragem:<\/strong> Permite um desvio de at\u00e9 1% na quilometragem; as aproxima\u00e7\u00f5es podem variar ligeiramente.<\/li>\n<\/ul>\n<h3><strong>Ajuste de servi\u00e7o:<\/strong><\/h3>\n<ul>\n<li><strong>Paragem de quil\u00f3metros:<\/strong> P\u00e1ra a contagem de quil\u00f3metros em todas as mem\u00f3rias do ve\u00edculo.<\/li>\n<li><strong>Contagem decrescente de servi\u00e7o:<\/strong> Continua a contar o tempo de servi\u00e7o, mas n\u00e3o regista a quilometragem at\u00e9 restarem 30% do intervalo. Se o intervalo de manuten\u00e7\u00e3o for adiado de 30% para 90%, a reposi\u00e7\u00e3o pode n\u00e3o ser registada. <\/li>\n<li><strong>Intervalos de manuten\u00e7\u00e3o:<\/strong> Normalmente, as revis\u00f5es s\u00e3o devidas a cada 30.000 km para o gas\u00f3leo e 15.000 km para a gasolina. A ferramenta ajusta a contagem decrescente do servi\u00e7o em conformidade. <\/li>\n<\/ul>\n<h3><strong>Ativa\u00e7\u00e3o e desativa\u00e7\u00e3o:<\/strong><\/h3>\n<p>&#8221;Ativa premindo *BC com o modo *.<br \/>\n<strong>Modo 1:<\/strong> 1 piscada para a esquerda 30 por cento<\/p>\n<p><strong>Modo 2:<\/strong> 2 piscas \u00e0 esquerda 0 por cento (sem velocidade)<\/p>\n<p><strong>Modo 3:<\/strong> 3 piscas \u00e0 esquerda 0 por cento (velocidade, funciona apenas sem atualiza\u00e7\u00e3o)<\/p>\n<p><strong>Modo 4:<\/strong> 1 piscadela para a direita 100 por cento&#8221;<\/p>\n<h3><strong>Funcionamento:<\/strong><\/h3>\n<ul>\n<li>O dispositivo mant\u00e9m automaticamente as \u00faltimas defini\u00e7\u00f5es aplicadas, pelo que n\u00e3o \u00e9 necess\u00e1rio voltar a configur\u00e1-lo antes de ligar o autom\u00f3vel.<\/li>\n<li>Pode ser ativado ou desativado em movimento (para alguns ve\u00edculos) ou quando est\u00e1 parado.<\/li>\n<\/ul>\n<p><strong>Objetivo:<\/strong> O bloqueador de quilometragem do BMW 7ER F01\/F02 ajuda a gerir a quilometragem enquanto testa o desempenho do ve\u00edculo. Os nossos m\u00f3dulos s\u00e3o fabricados com componentes genu\u00ednos e software personalizado para cada modelo para garantir um funcionamento sem falhas. A ferramenta \u00e9 compat\u00edvel com ve\u00edculos a diesel, a gasolina, PHEVs e el\u00e9ctricos, e \u00e9 f\u00e1cil de instalar sem necessidade de conhecimentos aprofundados sobre o ve\u00edculo.  <\/p>\n<p><strong>Nota importante:<\/strong> N\u00e3o vendemos ferramentas de corre\u00e7\u00e3o de quilometragem concebidas para fins enganadores, tais como o retrocesso das leituras do conta-quil\u00f3metros. Os ve\u00edculos modernos t\u00eam v\u00e1rias unidades de armazenamento de dados e estas ferramentas n\u00e3o podem inverter completamente a quilometragem. <\/p>\n<p>Explora a nossa gama de dispositivos Mileage Stopper, cada um concebido para necessidades espec\u00edficas do ve\u00edculo.<\/p>\n<\/div>\n<\/div>\n<\/div>\n<\/div>\n","protected":false},"excerpt":{"rendered":"<div class=\"flex-shrink-0 flex flex-col relative items-end\">\n<div class=\"pt-0\">\n<div class=\"gizmo-bot-avatar flex h-8 w-8 items-center justify-center overflow-hidden rounded-full\">\n<div class=\"relative p-1 rounded-sm flex items-center justify-center bg-token-main-surface-primary text-token-text-primary h-8 w-8\">\n<p>Antes de encomendar, l\u00ea atentamente a ativa\u00e7\u00e3o do m\u00f3dulo e as notas importantes sobre as mensagens de erro e as fun\u00e7\u00f5es abaixo.<\/p>\n<p><strong>Compatibilidade: <\/strong><strong>Modelos:<\/strong> Adequado para todos os modelos BMW 7ER F01\/F02 lan\u00e7ados entre 2008 &#8211; 2015. Funciona em modos espec\u00edficos. Sem mensagens de erro de Blind Spot Assist ou falha no controlo de cruzeiro. Instala\u00e7\u00e3o &#8221;fa\u00e7a voc\u00ea mesmo&#8221; (DIY), sem necessidade de soldar ou cortar cabos. Inclui fichas de qualidade superior e cabos resistentes ao calor.    <\/p>\n<p class=\"p1\"><b> Integra\u00e7\u00e3o perfeita<\/b><b><\/b><\/p>\n<p class=\"p1\"><b> Instala\u00e7\u00e3o f\u00e1cil<\/b><b><\/b><\/p>\n<p class=\"p1\"><b> Gest\u00e3o exacta da quilometragem<\/b><b><\/b><\/p>\n<p class=\"p1\"><b> Funcionamento em modo furtivo<\/b><b><\/b><\/p>\n<p class=\"p1\"><span class=\"s1\">\u2705<\/span><b> Suporte e actualiza\u00e7\u00f5es vital\u00edcias<\/b><\/p>\n<\/div>\n<\/div>\n<\/div>\n<\/div>\n","protected":false},"featured_media":733,"comment_status":"open","ping_status":"closed","template":"","meta":[],"product_brand":[],"product_cat":[1109],"product_tag":[],"class_list":{"0":"post-10460","1":"product","2":"type-product","3":"status-publish","4":"has-post-thumbnail","6":"product_cat-bmw","8":"first","9":"instock","10":"taxable","11":"shipping-taxable","12":"purchasable","13":"product-type-variable"},"yoast_head":"<!-- This site is optimized with the Yoast SEO plugin v27.5 - https:\/\/yoast.com\/product\/yoast-seo-wordpress\/ -->\n<title>BMW 7ER F01\/F02 Mileage Blocker (KM stopper) \u2192 KM Block<\/title>\n<meta name=\"description\" content=\"Buy a BMW 7ER F01\/F02 Mileage Blocker for the Best Prices \u2713 Free Shipping \u2713 Incl. Installation Guides\" \/>\n<meta name=\"robots\" content=\"index, follow, max-snippet:-1, max-image-preview:large, max-video-preview:-1\" \/>\n<meta property=\"og:locale\" content=\"pt_PT\" \/>\n<meta property=\"og:type\" content=\"article\" \/>\n<meta property=\"og:title\" content=\"BMW 7ER F01\/F02 Mileage Blocker (KM stopper) \u2192 KM Block\" \/>\n<meta property=\"og:description\" content=\"Buy a BMW 7ER F01\/F02 Mileage Blocker for the Best Prices \u2713 Free Shipping \u2713 Incl. Installation Guides\" \/>\n<meta property=\"og:url\" content=\"https:\/\/kmblock.com\/pt-pt\/product\/bmw-7er-f01-f02\/\" \/>\n<meta property=\"og:site_name\" content=\"KM Block\" \/>\n<meta property=\"og:image\" content=\"https:\/\/kmblock.com\/wp-content\/uploads\/2024\/09\/BMW-7ER-F01F02.webp\" \/>\n\t<meta property=\"og:image:width\" content=\"800\" \/>\n\t<meta property=\"og:image:height\" content=\"800\" \/>\n\t<meta property=\"og:image:type\" content=\"image\/webp\" \/>\n<meta name=\"twitter:card\" content=\"summary_large_image\" \/>\n<meta name=\"twitter:label1\" content=\"Tempo estimado de leitura\" \/>\n\t<meta name=\"twitter:data1\" content=\"3 minutos\" \/>\n<script type=\"application\/ld+json\" class=\"yoast-schema-graph\">{\"@context\":\"https:\\\/\\\/schema.org\",\"@graph\":[{\"@type\":\"WebPage\",\"@id\":\"https:\\\/\\\/kmblock.com\\\/pt-pt\\\/product\\\/bmw-7er-f01-f02\\\/\",\"url\":\"https:\\\/\\\/kmblock.com\\\/pt-pt\\\/product\\\/bmw-7er-f01-f02\\\/\",\"name\":\"BMW 7ER F01\\\/F02 Mileage Blocker (KM stopper) \u2192 KM Block\",\"isPartOf\":{\"@id\":\"https:\\\/\\\/kmblock.com\\\/pt-pt\\\/#website\"},\"primaryImageOfPage\":{\"@id\":\"https:\\\/\\\/kmblock.com\\\/pt-pt\\\/product\\\/bmw-7er-f01-f02\\\/#primaryimage\"},\"image\":{\"@id\":\"https:\\\/\\\/kmblock.com\\\/pt-pt\\\/product\\\/bmw-7er-f01-f02\\\/#primaryimage\"},\"thumbnailUrl\":\"https:\\\/\\\/kmblock.com\\\/wp-content\\\/uploads\\\/2024\\\/09\\\/BMW-7ER-F01F02.webp\",\"datePublished\":\"2024-09-19T01:45:26+00:00\",\"description\":\"Buy a BMW 7ER F01\\\/F02 Mileage Blocker for the Best Prices \u2713 Free Shipping \u2713 Incl. Installation Guides\",\"breadcrumb\":{\"@id\":\"https:\\\/\\\/kmblock.com\\\/pt-pt\\\/product\\\/bmw-7er-f01-f02\\\/#breadcrumb\"},\"inLanguage\":\"pt-PT\",\"potentialAction\":[{\"@type\":\"ReadAction\",\"target\":[\"https:\\\/\\\/kmblock.com\\\/pt-pt\\\/product\\\/bmw-7er-f01-f02\\\/\"]}]},{\"@type\":\"ImageObject\",\"inLanguage\":\"pt-PT\",\"@id\":\"https:\\\/\\\/kmblock.com\\\/pt-pt\\\/product\\\/bmw-7er-f01-f02\\\/#primaryimage\",\"url\":\"https:\\\/\\\/kmblock.com\\\/wp-content\\\/uploads\\\/2024\\\/09\\\/BMW-7ER-F01F02.webp\",\"contentUrl\":\"https:\\\/\\\/kmblock.com\\\/wp-content\\\/uploads\\\/2024\\\/09\\\/BMW-7ER-F01F02.webp\",\"width\":800,\"height\":800,\"caption\":\"BMW 7ER F01\\\/F02\"},{\"@type\":\"BreadcrumbList\",\"@id\":\"https:\\\/\\\/kmblock.com\\\/pt-pt\\\/product\\\/bmw-7er-f01-f02\\\/#breadcrumb\",\"itemListElement\":[{\"@type\":\"ListItem\",\"position\":1,\"name\":\"Casa\",\"item\":\"https:\\\/\\\/kmblock.com\\\/pt-pt\\\/\"},{\"@type\":\"ListItem\",\"position\":2,\"name\":\"Produtos\",\"item\":\"https:\\\/\\\/kmblock.com\\\/pt-pt\\\/shop\\\/\"},{\"@type\":\"ListItem\",\"position\":3,\"name\":\"BMW 7ER F01\\\/F02\"}]},{\"@type\":\"WebSite\",\"@id\":\"https:\\\/\\\/kmblock.com\\\/pt-pt\\\/#website\",\"url\":\"https:\\\/\\\/kmblock.com\\\/pt-pt\\\/\",\"name\":\"KM Block\",\"description\":\"\",\"publisher\":{\"@id\":\"https:\\\/\\\/kmblock.com\\\/pt-pt\\\/#organization\"},\"potentialAction\":[{\"@type\":\"SearchAction\",\"target\":{\"@type\":\"EntryPoint\",\"urlTemplate\":\"https:\\\/\\\/kmblock.com\\\/pt-pt\\\/?s={search_term_string}\"},\"query-input\":{\"@type\":\"PropertyValueSpecification\",\"valueRequired\":true,\"valueName\":\"search_term_string\"}}],\"inLanguage\":\"pt-PT\"},{\"@type\":\"Organization\",\"@id\":\"https:\\\/\\\/kmblock.com\\\/pt-pt\\\/#organization\",\"name\":\"Bloco KM\",\"url\":\"https:\\\/\\\/kmblock.com\\\/pt-pt\\\/\",\"logo\":{\"@type\":\"ImageObject\",\"inLanguage\":\"pt-PT\",\"@id\":\"https:\\\/\\\/kmblock.com\\\/pt-pt\\\/#\\\/schema\\\/logo\\\/image\\\/\",\"url\":\"https:\\\/\\\/kmblock.com\\\/wp-content\\\/uploads\\\/2024\\\/08\\\/main-logo.png\",\"contentUrl\":\"https:\\\/\\\/kmblock.com\\\/wp-content\\\/uploads\\\/2024\\\/08\\\/main-logo.png\",\"width\":186,\"height\":28,\"caption\":\"Bloco KM\"},\"image\":{\"@id\":\"https:\\\/\\\/kmblock.com\\\/pt-pt\\\/#\\\/schema\\\/logo\\\/image\\\/\"}}]}<\/script>\n<!-- \/ Yoast SEO plugin. -->","yoast_head_json":{"title":"BMW 7ER F01\/F02 Mileage Blocker (KM stopper) \u2192 KM Block","description":"Buy a BMW 7ER F01\/F02 Mileage Blocker for the Best Prices \u2713 Free Shipping \u2713 Incl. Installation Guides","robots":{"index":"index","follow":"follow","max-snippet":"max-snippet:-1","max-image-preview":"max-image-preview:large","max-video-preview":"max-video-preview:-1"},"og_locale":"pt_PT","og_type":"article","og_title":"BMW 7ER F01\/F02 Mileage Blocker (KM stopper) \u2192 KM Block","og_description":"Buy a BMW 7ER F01\/F02 Mileage Blocker for the Best Prices \u2713 Free Shipping \u2713 Incl. Installation Guides","og_url":"https:\/\/kmblock.com\/pt-pt\/product\/bmw-7er-f01-f02\/","og_site_name":"KM Block","og_image":[{"width":800,"height":800,"url":"https:\/\/kmblock.com\/wp-content\/uploads\/2024\/09\/BMW-7ER-F01F02.webp","type":"image\/webp"}],"twitter_card":"summary_large_image","twitter_misc":{"Tempo estimado de leitura":"3 minutos"},"schema":{"@context":"https:\/\/schema.org","@graph":[{"@type":"WebPage","@id":"https:\/\/kmblock.com\/pt-pt\/product\/bmw-7er-f01-f02\/","url":"https:\/\/kmblock.com\/pt-pt\/product\/bmw-7er-f01-f02\/","name":"BMW 7ER F01\/F02 Mileage Blocker (KM stopper) \u2192 KM Block","isPartOf":{"@id":"https:\/\/kmblock.com\/pt-pt\/#website"},"primaryImageOfPage":{"@id":"https:\/\/kmblock.com\/pt-pt\/product\/bmw-7er-f01-f02\/#primaryimage"},"image":{"@id":"https:\/\/kmblock.com\/pt-pt\/product\/bmw-7er-f01-f02\/#primaryimage"},"thumbnailUrl":"https:\/\/kmblock.com\/wp-content\/uploads\/2024\/09\/BMW-7ER-F01F02.webp","datePublished":"2024-09-19T01:45:26+00:00","description":"Buy a BMW 7ER F01\/F02 Mileage Blocker for the Best Prices \u2713 Free Shipping \u2713 Incl. Installation Guides","breadcrumb":{"@id":"https:\/\/kmblock.com\/pt-pt\/product\/bmw-7er-f01-f02\/#breadcrumb"},"inLanguage":"pt-PT","potentialAction":[{"@type":"ReadAction","target":["https:\/\/kmblock.com\/pt-pt\/product\/bmw-7er-f01-f02\/"]}]},{"@type":"ImageObject","inLanguage":"pt-PT","@id":"https:\/\/kmblock.com\/pt-pt\/product\/bmw-7er-f01-f02\/#primaryimage","url":"https:\/\/kmblock.com\/wp-content\/uploads\/2024\/09\/BMW-7ER-F01F02.webp","contentUrl":"https:\/\/kmblock.com\/wp-content\/uploads\/2024\/09\/BMW-7ER-F01F02.webp","width":800,"height":800,"caption":"BMW 7ER F01\/F02"},{"@type":"BreadcrumbList","@id":"https:\/\/kmblock.com\/pt-pt\/product\/bmw-7er-f01-f02\/#breadcrumb","itemListElement":[{"@type":"ListItem","position":1,"name":"Casa","item":"https:\/\/kmblock.com\/pt-pt\/"},{"@type":"ListItem","position":2,"name":"Produtos","item":"https:\/\/kmblock.com\/pt-pt\/shop\/"},{"@type":"ListItem","position":3,"name":"BMW 7ER F01\/F02"}]},{"@type":"WebSite","@id":"https:\/\/kmblock.com\/pt-pt\/#website","url":"https:\/\/kmblock.com\/pt-pt\/","name":"KM Block","description":"","publisher":{"@id":"https:\/\/kmblock.com\/pt-pt\/#organization"},"potentialAction":[{"@type":"SearchAction","target":{"@type":"EntryPoint","urlTemplate":"https:\/\/kmblock.com\/pt-pt\/?s={search_term_string}"},"query-input":{"@type":"PropertyValueSpecification","valueRequired":true,"valueName":"search_term_string"}}],"inLanguage":"pt-PT"},{"@type":"Organization","@id":"https:\/\/kmblock.com\/pt-pt\/#organization","name":"Bloco KM","url":"https:\/\/kmblock.com\/pt-pt\/","logo":{"@type":"ImageObject","inLanguage":"pt-PT","@id":"https:\/\/kmblock.com\/pt-pt\/#\/schema\/logo\/image\/","url":"https:\/\/kmblock.com\/wp-content\/uploads\/2024\/08\/main-logo.png","contentUrl":"https:\/\/kmblock.com\/wp-content\/uploads\/2024\/08\/main-logo.png","width":186,"height":28,"caption":"Bloco KM"},"image":{"@id":"https:\/\/kmblock.com\/pt-pt\/#\/schema\/logo\/image\/"}}]}},"_links":{"self":[{"href":"https:\/\/kmblock.com\/pt-pt\/wp-json\/wp\/v2\/product\/10460","targetHints":{"allow":["GET"]}}],"collection":[{"href":"https:\/\/kmblock.com\/pt-pt\/wp-json\/wp\/v2\/product"}],"about":[{"href":"https:\/\/kmblock.com\/pt-pt\/wp-json\/wp\/v2\/types\/product"}],"replies":[{"embeddable":true,"href":"https:\/\/kmblock.com\/pt-pt\/wp-json\/wp\/v2\/comments?post=10460"}],"wp:featuredmedia":[{"embeddable":true,"href":"https:\/\/kmblock.com\/pt-pt\/wp-json\/wp\/v2\/media\/733"}],"wp:attachment":[{"href":"https:\/\/kmblock.com\/pt-pt\/wp-json\/wp\/v2\/media?parent=10460"}],"wp:term":[{"taxonomy":"product_brand","embeddable":true,"href":"https:\/\/kmblock.com\/pt-pt\/wp-json\/wp\/v2\/product_brand?post=10460"},{"taxonomy":"product_cat","embeddable":true,"href":"https:\/\/kmblock.com\/pt-pt\/wp-json\/wp\/v2\/product_cat?post=10460"},{"taxonomy":"product_tag","embeddable":true,"href":"https:\/\/kmblock.com\/pt-pt\/wp-json\/wp\/v2\/product_tag?post=10460"}],"curies":[{"name":"wp","href":"https:\/\/api.w.org\/{rel}","templated":true}]}}