{"id":10429,"date":"2024-09-18T22:51:12","date_gmt":"2024-09-18T22:51:12","guid":{"rendered":"https:\/\/kmblock.com\/product\/bmw-4er-g22-g23-g26-g83-i4\/"},"modified":"2024-09-18T22:51:12","modified_gmt":"2024-09-18T22:51:12","slug":"bmw-4er-g22-g23-g26-g83-i4","status":"publish","type":"product","link":"https:\/\/kmblock.com\/pt-pt\/product\/bmw-4er-g22-g23-g26-g83-i4\/","title":{"rendered":"BMW 4ER G22\/G23\/G26\/G83\/I4"},"content":{"rendered":"<div class=\"flex max-w-full flex-col flex-grow\">\n<div class=\"min-h-[20px] text-message flex w-full flex-col items-end gap-2 whitespace-normal break-words [.text-message+&amp;]:mt-5\" dir=\"auto\" data-message-author-role=\"assistant\" data-message-id=\"486fbb14-d9b0-4abf-8aac-69dd9ef3f888\">\n<div class=\"flex w-full flex-col gap-1 empty:hidden first:pt-[3px]\">\n<div class=\"markdown prose w-full break-words dark:prose-invert dark\">\n<h3><strong>BLOQUEADOR DE QUIL\u00d3METROS PARA BMW 4ER G22\/G23\/G26\/G83\/I4<\/strong><\/h3>\n<p>O Bloqueador de Quil\u00f3metros do BMW 4ER G22\/G23\/G26\/G83\/I4 tamb\u00e9m \u00e9 conhecido como Bloqueador de Od\u00f3metro, Bloqueador de Od\u00f3metro, Bloqueador de Lata, Bloqueador de Quil\u00f3metros, Od\u00f3metro de Viagem, Filtro de Lata e, ocasionalmente, como ferramenta de Corre\u00e7\u00e3o de Quil\u00f3metros.<\/p>\n<p><strong>Modelos compat\u00edveis:<\/strong><br \/>\nEste dispositivo \u00e9 adequado para todos os modelos BMW 4ER G22\/G23\/G26\/G83\/I4 lan\u00e7ados desde 2020.<\/p>\n<h3>Especifica\u00e7\u00f5es principais:<\/h3>\n<ul>\n<li><strong>Instala\u00e7\u00e3o &#8221;fa\u00e7a voc\u00ea mesmo&#8221;:<\/strong> Processo de instala\u00e7\u00e3o simples sem necessidade de abrir as ECUs.<\/li>\n<li><strong>M\u00faltiplos modos:<\/strong> Personaliza a utiliza\u00e7\u00e3o com diferentes modos, dependendo do software do teu ve\u00edculo.<\/li>\n<li><strong>Compatibilidade com actualiza\u00e7\u00f5es de software:<\/strong> Ap\u00f3s as actualiza\u00e7\u00f5es do software do ve\u00edculo, basta ativar o modo dois &#8211; sem necessidade de trocas ou outras actualiza\u00e7\u00f5es.<\/li>\n<li><strong>Qualidade superior:<\/strong> Equipado com fichas de alta qualidade e cabos resistentes ao calor.<\/li>\n<li><strong>Sem erros:<\/strong> N\u00e3o h\u00e1 mensagens de erro no veloc\u00edmetro ou no painel de navega\u00e7\u00e3o.<\/li>\n<li><strong>N\u00e3o corta nem solda:<\/strong> N\u00e3o necessita de soldar ou cortar os cabos.<\/li>\n<li><strong>Opera\u00e7\u00e3o f\u00e1cil:<\/strong> Controlada atrav\u00e9s de combina\u00e7\u00f5es de teclas para uma mudan\u00e7a de modo sem problemas.<\/li>\n<li><strong>Estabilidade da quilometragem:<\/strong> Depois de removeres o m\u00f3dulo, a quilometragem n\u00e3o aumentar\u00e1 inesperadamente.<\/li>\n<li><strong>Defini\u00e7\u00f5es persistentes:<\/strong> As defini\u00e7\u00f5es s\u00e3o guardadas permanentemente e n\u00e3o precisam de ser ajustadas novamente ap\u00f3s a configura\u00e7\u00e3o inicial.<\/li>\n<li><strong>Compatibilidade do sistema:<\/strong> O indicador de velocidade e os sistemas de assist\u00eancia funcionam (em determinados modos).<\/li>\n<li><strong>Instala\u00e7\u00e3o sem esfor\u00e7o:<\/strong> A face de encaixe e os sulcos no conetor garantem uma instala\u00e7\u00e3o f\u00e1cil.<\/li>\n<li><strong>Ajuste de servi\u00e7o:<\/strong> Ajusta automaticamente os intervalos de manuten\u00e7\u00e3o.<\/li>\n<li><strong>Desvio menor:<\/strong> Nos modos que alteram a quilometragem, \u00e9 permitido um desvio de at\u00e9 1% da dist\u00e2ncia percorrida. Todos os desvios s\u00e3o pequenos e baseados em aproxima\u00e7\u00f5es. <\/li>\n<\/ul>\n<h3>Ativa\u00e7\u00e3o e desativa\u00e7\u00e3o do Live Cockpit:<\/h3>\n<p>&#8221;Liga, mantendo premido o bot\u00e3o BC durante 10 segundos, at\u00e9 que todas as luzes do visor se acendam.<\/p>\n<p><strong>Modo verde:<\/strong> conta-quil\u00f3metros original novamente original a 100%. Funciona tudo bem. <\/p>\n<p><strong>Modo Amarelo:<\/strong> a contagem de quil\u00f3metros abrandou 30%. Em cada 100 km, conta 30 km. Tudo funciona bem.  <\/p>\n<p><strong>Modo vermelho:<\/strong> o contador de quil\u00f3metros j\u00e1 n\u00e3o est\u00e1 a 0%. A velocidade n\u00e3o funciona&#8221;. <\/p>\n<h3>Ajuste de servi\u00e7o:<\/h3>\n<p>O Bloqueador de Quil\u00f3metros n\u00e3o s\u00f3 deixa de contar a dist\u00e2ncia percorrida em todas as mem\u00f3rias, como tamb\u00e9m ajusta automaticamente o intervalo de manuten\u00e7\u00e3o. Ao utilizar a ferramenta, a contagem decrescente &#8221;Servi\u00e7o&#8221; continua, mas n\u00e3o regista a quilometragem at\u00e9 restarem apenas 30%. Quando atinge os 30%, reinicia para 90% e este rein\u00edcio n\u00e3o \u00e9 registado, a menos que tenha sido enviada uma mensagem de servi\u00e7o.  <\/p>\n<p>Por exemplo, um ve\u00edculo a gas\u00f3leo com um intervalo de manuten\u00e7\u00e3o de 30.000 km teria 9.000 km restantes a 30%. Quando o limitador de quilometragem est\u00e1 ativo, empurra o servi\u00e7o para 27.000 km (90%). Embora os intervalos de manuten\u00e7\u00e3o exactos variem, o sistema de percentagem continua a ser preciso.  <\/p>\n<h3>O que \u00e9 o bloqueador do conta-quil\u00f3metros ou a ferramenta de corre\u00e7\u00e3o de quilometragem do BMW 4ER G22\/G23\/G26\/G83\/I4?<\/h3>\n<p>O bloqueador de quil\u00f3metros do BMW 4ER G22\/G23\/G26\/G83\/I4 foi concebido para impedir a contagem de quil\u00f3metros durante os testes de desempenho. Funciona com od\u00f3metros digitais em milhas e quil\u00f3metros, e o nosso software \u00e9 adaptado a cada modelo de ve\u00edculo para um funcionamento sem falhas. Utilizando combina\u00e7\u00f5es de teclas, podes alternar facilmente entre modos.  <\/p>\n<p><strong>Importante:<\/strong> N\u00e3o vendemos ferramentas de corre\u00e7\u00e3o de quilometragem destinadas a fins fraudulentos. As ferramentas de corre\u00e7\u00e3o da quilometragem, que tentam reverter as leituras do conta-quil\u00f3metros, s\u00e3o ineficazes nos autom\u00f3veis modernos devido \u00e0s m\u00faltiplas unidades de armazenamento de dados. <\/p>\n<h3>Benef\u00edcios do bloqueador de quil\u00f3metros:<\/h3>\n<p>Este dispositivo funciona para ve\u00edculos a gas\u00f3leo, a gasolina, ve\u00edculos h\u00edbridos el\u00e9ctricos plug-in (PHEV) e carros el\u00e9ctricos, oferecendo uma solu\u00e7\u00e3o f\u00e1cil de instalar para testes de desempenho num ambiente controlado.<\/p>\n<\/div>\n<\/div>\n<\/div>\n<\/div>\n","protected":false},"excerpt":{"rendered":"<div class=\"flex-shrink-0 flex flex-col relative items-end\">\n<div class=\"pt-0\">\n<div class=\"gizmo-bot-avatar flex h-8 w-8 items-center justify-center overflow-hidden rounded-full\">\n<div class=\"relative p-1 rounded-sm flex items-center justify-center bg-token-main-surface-primary text-token-text-primary h-8 w-8\">\n<p>Antes de fazeres a tua encomenda, rev\u00ea cuidadosamente os detalhes de ativa\u00e7\u00e3o do m\u00f3dulo e as notas importantes relativas \u00e0s mensagens de erro e \u00e0 funcionalidade.<\/p>\n<p><strong>Compatibilidade: <\/strong>Este dispositivo \u00e9 adequado para todos os modelos BMW 4er G22\/G23\/G26\/G83\/I4 lan\u00e7ados desde 2020. Indicador de velocidade e programas de assist\u00eancia: Estas fun\u00e7\u00f5es est\u00e3o dispon\u00edveis em modos espec\u00edficos. N\u00e3o h\u00e1 mensagens de erro do assistente de \u00e2ngulo morto ou de falha do controlo de cruzeiro. Instala\u00e7\u00e3o f\u00e1cil e aut\u00f3noma, sem necessidade de assist\u00eancia profissional. Vem com fichas de alta qualidade e cabos resistentes ao calor para maior durabilidade.    <\/p>\n<p class=\"p1\"><b> Integra\u00e7\u00e3o perfeita<\/b><b><\/b><\/p>\n<p class=\"p1\"><b> Instala\u00e7\u00e3o f\u00e1cil<\/b><b><\/b><\/p>\n<p class=\"p1\"><b> Gest\u00e3o exacta da quilometragem<\/b><b><\/b><\/p>\n<p class=\"p1\"><b> Funcionamento em modo furtivo<\/b><b><\/b><\/p>\n<p class=\"p1\"><span class=\"s1\">\u2705<\/span><b> Suporte e actualiza\u00e7\u00f5es vital\u00edcias<\/b><\/p>\n<\/div>\n<\/div>\n<\/div>\n<\/div>\n","protected":false},"featured_media":723,"comment_status":"open","ping_status":"closed","template":"","meta":[],"product_brand":[],"product_cat":[1109],"product_tag":[],"class_list":{"0":"post-10429","1":"product","2":"type-product","3":"status-publish","4":"has-post-thumbnail","6":"product_cat-bmw","8":"first","9":"instock","10":"taxable","11":"shipping-taxable","12":"purchasable","13":"product-type-variable"},"yoast_head":"<!-- This site is optimized with the Yoast SEO plugin v27.5 - https:\/\/yoast.com\/product\/yoast-seo-wordpress\/ -->\n<title>BMW 4ER G22\/G23\/G26\/G83\/I4 Mileage Blocker (KM stopper) \u2192 KM Block<\/title>\n<meta name=\"description\" content=\"Buy a BMW 4ER G22\/G23\/G26\/G83\/I4 Mileage Blocker for the Best Prices \u2713 Free Shipping \u2713 Incl. Installation Guides\" \/>\n<meta name=\"robots\" content=\"index, follow, max-snippet:-1, max-image-preview:large, max-video-preview:-1\" \/>\n<meta property=\"og:locale\" content=\"pt_PT\" \/>\n<meta property=\"og:type\" content=\"article\" \/>\n<meta property=\"og:title\" content=\"BMW 4ER G22\/G23\/G26\/G83\/I4 Mileage Blocker (KM stopper) \u2192 KM Block\" \/>\n<meta property=\"og:description\" content=\"Buy a BMW 4ER G22\/G23\/G26\/G83\/I4 Mileage Blocker for the Best Prices \u2713 Free Shipping \u2713 Incl. Installation Guides\" \/>\n<meta property=\"og:url\" content=\"https:\/\/kmblock.com\/pt-pt\/product\/bmw-4er-g22-g23-g26-g83-i4\/\" \/>\n<meta property=\"og:site_name\" content=\"KM Block\" \/>\n<meta property=\"og:image\" content=\"https:\/\/kmblock.com\/wp-content\/uploads\/2024\/09\/BMW-4ER-G22G23G26G83I4.webp\" \/>\n\t<meta property=\"og:image:width\" content=\"800\" \/>\n\t<meta property=\"og:image:height\" content=\"800\" \/>\n\t<meta property=\"og:image:type\" content=\"image\/webp\" \/>\n<meta name=\"twitter:card\" content=\"summary_large_image\" \/>\n<meta name=\"twitter:label1\" content=\"Tempo estimado de leitura\" \/>\n\t<meta name=\"twitter:data1\" content=\"3 minutos\" \/>\n<script type=\"application\/ld+json\" class=\"yoast-schema-graph\">{\"@context\":\"https:\\\/\\\/schema.org\",\"@graph\":[{\"@type\":\"WebPage\",\"@id\":\"https:\\\/\\\/kmblock.com\\\/pt-pt\\\/product\\\/bmw-4er-g22-g23-g26-g83-i4\\\/\",\"url\":\"https:\\\/\\\/kmblock.com\\\/pt-pt\\\/product\\\/bmw-4er-g22-g23-g26-g83-i4\\\/\",\"name\":\"BMW 4ER G22\\\/G23\\\/G26\\\/G83\\\/I4 Mileage Blocker (KM stopper) \u2192 KM Block\",\"isPartOf\":{\"@id\":\"https:\\\/\\\/kmblock.com\\\/pt-pt\\\/#website\"},\"primaryImageOfPage\":{\"@id\":\"https:\\\/\\\/kmblock.com\\\/pt-pt\\\/product\\\/bmw-4er-g22-g23-g26-g83-i4\\\/#primaryimage\"},\"image\":{\"@id\":\"https:\\\/\\\/kmblock.com\\\/pt-pt\\\/product\\\/bmw-4er-g22-g23-g26-g83-i4\\\/#primaryimage\"},\"thumbnailUrl\":\"https:\\\/\\\/kmblock.com\\\/wp-content\\\/uploads\\\/2024\\\/09\\\/BMW-4ER-G22G23G26G83I4.webp\",\"datePublished\":\"2024-09-18T22:51:12+00:00\",\"description\":\"Buy a BMW 4ER G22\\\/G23\\\/G26\\\/G83\\\/I4 Mileage Blocker for the Best Prices \u2713 Free Shipping \u2713 Incl. Installation Guides\",\"breadcrumb\":{\"@id\":\"https:\\\/\\\/kmblock.com\\\/pt-pt\\\/product\\\/bmw-4er-g22-g23-g26-g83-i4\\\/#breadcrumb\"},\"inLanguage\":\"pt-PT\",\"potentialAction\":[{\"@type\":\"ReadAction\",\"target\":[\"https:\\\/\\\/kmblock.com\\\/pt-pt\\\/product\\\/bmw-4er-g22-g23-g26-g83-i4\\\/\"]}]},{\"@type\":\"ImageObject\",\"inLanguage\":\"pt-PT\",\"@id\":\"https:\\\/\\\/kmblock.com\\\/pt-pt\\\/product\\\/bmw-4er-g22-g23-g26-g83-i4\\\/#primaryimage\",\"url\":\"https:\\\/\\\/kmblock.com\\\/wp-content\\\/uploads\\\/2024\\\/09\\\/BMW-4ER-G22G23G26G83I4.webp\",\"contentUrl\":\"https:\\\/\\\/kmblock.com\\\/wp-content\\\/uploads\\\/2024\\\/09\\\/BMW-4ER-G22G23G26G83I4.webp\",\"width\":800,\"height\":800,\"caption\":\"BMW 4ER G22\\\/G23\\\/G26\\\/G83\\\/I4\"},{\"@type\":\"BreadcrumbList\",\"@id\":\"https:\\\/\\\/kmblock.com\\\/pt-pt\\\/product\\\/bmw-4er-g22-g23-g26-g83-i4\\\/#breadcrumb\",\"itemListElement\":[{\"@type\":\"ListItem\",\"position\":1,\"name\":\"Casa\",\"item\":\"https:\\\/\\\/kmblock.com\\\/pt-pt\\\/\"},{\"@type\":\"ListItem\",\"position\":2,\"name\":\"Produtos\",\"item\":\"https:\\\/\\\/kmblock.com\\\/pt-pt\\\/shop\\\/\"},{\"@type\":\"ListItem\",\"position\":3,\"name\":\"BMW 4ER G22\\\/G23\\\/G26\\\/G83\\\/I4\"}]},{\"@type\":\"WebSite\",\"@id\":\"https:\\\/\\\/kmblock.com\\\/pt-pt\\\/#website\",\"url\":\"https:\\\/\\\/kmblock.com\\\/pt-pt\\\/\",\"name\":\"KM Block\",\"description\":\"\",\"publisher\":{\"@id\":\"https:\\\/\\\/kmblock.com\\\/pt-pt\\\/#organization\"},\"potentialAction\":[{\"@type\":\"SearchAction\",\"target\":{\"@type\":\"EntryPoint\",\"urlTemplate\":\"https:\\\/\\\/kmblock.com\\\/pt-pt\\\/?s={search_term_string}\"},\"query-input\":{\"@type\":\"PropertyValueSpecification\",\"valueRequired\":true,\"valueName\":\"search_term_string\"}}],\"inLanguage\":\"pt-PT\"},{\"@type\":\"Organization\",\"@id\":\"https:\\\/\\\/kmblock.com\\\/pt-pt\\\/#organization\",\"name\":\"Bloco KM\",\"url\":\"https:\\\/\\\/kmblock.com\\\/pt-pt\\\/\",\"logo\":{\"@type\":\"ImageObject\",\"inLanguage\":\"pt-PT\",\"@id\":\"https:\\\/\\\/kmblock.com\\\/pt-pt\\\/#\\\/schema\\\/logo\\\/image\\\/\",\"url\":\"https:\\\/\\\/kmblock.com\\\/wp-content\\\/uploads\\\/2024\\\/08\\\/main-logo.png\",\"contentUrl\":\"https:\\\/\\\/kmblock.com\\\/wp-content\\\/uploads\\\/2024\\\/08\\\/main-logo.png\",\"width\":186,\"height\":28,\"caption\":\"Bloco KM\"},\"image\":{\"@id\":\"https:\\\/\\\/kmblock.com\\\/pt-pt\\\/#\\\/schema\\\/logo\\\/image\\\/\"}}]}<\/script>\n<!-- \/ Yoast SEO plugin. -->","yoast_head_json":{"title":"BMW 4ER G22\/G23\/G26\/G83\/I4 Mileage Blocker (KM stopper) \u2192 KM Block","description":"Buy a BMW 4ER G22\/G23\/G26\/G83\/I4 Mileage Blocker for the Best Prices \u2713 Free Shipping \u2713 Incl. Installation Guides","robots":{"index":"index","follow":"follow","max-snippet":"max-snippet:-1","max-image-preview":"max-image-preview:large","max-video-preview":"max-video-preview:-1"},"og_locale":"pt_PT","og_type":"article","og_title":"BMW 4ER G22\/G23\/G26\/G83\/I4 Mileage Blocker (KM stopper) \u2192 KM Block","og_description":"Buy a BMW 4ER G22\/G23\/G26\/G83\/I4 Mileage Blocker for the Best Prices \u2713 Free Shipping \u2713 Incl. Installation Guides","og_url":"https:\/\/kmblock.com\/pt-pt\/product\/bmw-4er-g22-g23-g26-g83-i4\/","og_site_name":"KM Block","og_image":[{"width":800,"height":800,"url":"https:\/\/kmblock.com\/wp-content\/uploads\/2024\/09\/BMW-4ER-G22G23G26G83I4.webp","type":"image\/webp"}],"twitter_card":"summary_large_image","twitter_misc":{"Tempo estimado de leitura":"3 minutos"},"schema":{"@context":"https:\/\/schema.org","@graph":[{"@type":"WebPage","@id":"https:\/\/kmblock.com\/pt-pt\/product\/bmw-4er-g22-g23-g26-g83-i4\/","url":"https:\/\/kmblock.com\/pt-pt\/product\/bmw-4er-g22-g23-g26-g83-i4\/","name":"BMW 4ER G22\/G23\/G26\/G83\/I4 Mileage Blocker (KM stopper) \u2192 KM Block","isPartOf":{"@id":"https:\/\/kmblock.com\/pt-pt\/#website"},"primaryImageOfPage":{"@id":"https:\/\/kmblock.com\/pt-pt\/product\/bmw-4er-g22-g23-g26-g83-i4\/#primaryimage"},"image":{"@id":"https:\/\/kmblock.com\/pt-pt\/product\/bmw-4er-g22-g23-g26-g83-i4\/#primaryimage"},"thumbnailUrl":"https:\/\/kmblock.com\/wp-content\/uploads\/2024\/09\/BMW-4ER-G22G23G26G83I4.webp","datePublished":"2024-09-18T22:51:12+00:00","description":"Buy a BMW 4ER G22\/G23\/G26\/G83\/I4 Mileage Blocker for the Best Prices \u2713 Free Shipping \u2713 Incl. Installation Guides","breadcrumb":{"@id":"https:\/\/kmblock.com\/pt-pt\/product\/bmw-4er-g22-g23-g26-g83-i4\/#breadcrumb"},"inLanguage":"pt-PT","potentialAction":[{"@type":"ReadAction","target":["https:\/\/kmblock.com\/pt-pt\/product\/bmw-4er-g22-g23-g26-g83-i4\/"]}]},{"@type":"ImageObject","inLanguage":"pt-PT","@id":"https:\/\/kmblock.com\/pt-pt\/product\/bmw-4er-g22-g23-g26-g83-i4\/#primaryimage","url":"https:\/\/kmblock.com\/wp-content\/uploads\/2024\/09\/BMW-4ER-G22G23G26G83I4.webp","contentUrl":"https:\/\/kmblock.com\/wp-content\/uploads\/2024\/09\/BMW-4ER-G22G23G26G83I4.webp","width":800,"height":800,"caption":"BMW 4ER G22\/G23\/G26\/G83\/I4"},{"@type":"BreadcrumbList","@id":"https:\/\/kmblock.com\/pt-pt\/product\/bmw-4er-g22-g23-g26-g83-i4\/#breadcrumb","itemListElement":[{"@type":"ListItem","position":1,"name":"Casa","item":"https:\/\/kmblock.com\/pt-pt\/"},{"@type":"ListItem","position":2,"name":"Produtos","item":"https:\/\/kmblock.com\/pt-pt\/shop\/"},{"@type":"ListItem","position":3,"name":"BMW 4ER G22\/G23\/G26\/G83\/I4"}]},{"@type":"WebSite","@id":"https:\/\/kmblock.com\/pt-pt\/#website","url":"https:\/\/kmblock.com\/pt-pt\/","name":"KM Block","description":"","publisher":{"@id":"https:\/\/kmblock.com\/pt-pt\/#organization"},"potentialAction":[{"@type":"SearchAction","target":{"@type":"EntryPoint","urlTemplate":"https:\/\/kmblock.com\/pt-pt\/?s={search_term_string}"},"query-input":{"@type":"PropertyValueSpecification","valueRequired":true,"valueName":"search_term_string"}}],"inLanguage":"pt-PT"},{"@type":"Organization","@id":"https:\/\/kmblock.com\/pt-pt\/#organization","name":"Bloco KM","url":"https:\/\/kmblock.com\/pt-pt\/","logo":{"@type":"ImageObject","inLanguage":"pt-PT","@id":"https:\/\/kmblock.com\/pt-pt\/#\/schema\/logo\/image\/","url":"https:\/\/kmblock.com\/wp-content\/uploads\/2024\/08\/main-logo.png","contentUrl":"https:\/\/kmblock.com\/wp-content\/uploads\/2024\/08\/main-logo.png","width":186,"height":28,"caption":"Bloco KM"},"image":{"@id":"https:\/\/kmblock.com\/pt-pt\/#\/schema\/logo\/image\/"}}]}},"_links":{"self":[{"href":"https:\/\/kmblock.com\/pt-pt\/wp-json\/wp\/v2\/product\/10429","targetHints":{"allow":["GET"]}}],"collection":[{"href":"https:\/\/kmblock.com\/pt-pt\/wp-json\/wp\/v2\/product"}],"about":[{"href":"https:\/\/kmblock.com\/pt-pt\/wp-json\/wp\/v2\/types\/product"}],"replies":[{"embeddable":true,"href":"https:\/\/kmblock.com\/pt-pt\/wp-json\/wp\/v2\/comments?post=10429"}],"wp:featuredmedia":[{"embeddable":true,"href":"https:\/\/kmblock.com\/pt-pt\/wp-json\/wp\/v2\/media\/723"}],"wp:attachment":[{"href":"https:\/\/kmblock.com\/pt-pt\/wp-json\/wp\/v2\/media?parent=10429"}],"wp:term":[{"taxonomy":"product_brand","embeddable":true,"href":"https:\/\/kmblock.com\/pt-pt\/wp-json\/wp\/v2\/product_brand?post=10429"},{"taxonomy":"product_cat","embeddable":true,"href":"https:\/\/kmblock.com\/pt-pt\/wp-json\/wp\/v2\/product_cat?post=10429"},{"taxonomy":"product_tag","embeddable":true,"href":"https:\/\/kmblock.com\/pt-pt\/wp-json\/wp\/v2\/product_tag?post=10429"}],"curies":[{"name":"wp","href":"https:\/\/api.w.org\/{rel}","templated":true}]}}