{"id":10377,"date":"2024-09-19T01:25:51","date_gmt":"2024-09-19T01:25:51","guid":{"rendered":"https:\/\/kmblock.com\/product\/bmw-6er-g32-gt\/"},"modified":"2024-09-19T01:25:51","modified_gmt":"2024-09-19T01:25:51","slug":"bmw-6er-g32-gt","status":"publish","type":"product","link":"https:\/\/kmblock.com\/pt-pt\/product\/bmw-6er-g32-gt\/","title":{"rendered":"BMW 6ER G32 GT"},"content":{"rendered":"<div class=\"flex max-w-full flex-col flex-grow\">\n<div class=\"min-h-[20px] text-message flex w-full flex-col items-end gap-2 whitespace-normal break-words [.text-message+&amp;]:mt-5\" dir=\"auto\" data-message-author-role=\"assistant\" data-message-id=\"486fbb14-d9b0-4abf-8aac-69dd9ef3f888\">\n<div class=\"flex w-full flex-col gap-1 empty:hidden first:pt-[3px]\">\n<div class=\"markdown prose w-full break-words dark:prose-invert dark\">\n<h3><strong>Bloqueador de Quil\u00f3metros para BMW 6er G32 GT<\/strong><\/h3>\n<p>O Bloqueador de Quil\u00f3metros BMW 6er G32 GT tamb\u00e9m \u00e9 conhecido como Bloqueador de Od\u00f3metro, Bloqueador de Od\u00f3metro, Bloqueador de Lata, Bloqueador de Quil\u00f3metros, Od\u00f3metro de Viagem, Filtro de Lata ou Ferramenta de Corre\u00e7\u00e3o de Quil\u00f3metros.<\/p>\n<p><strong>Compatibilidade:<\/strong><br \/>\nEste dispositivo \u00e9 adequado para todos os modelos BMW 6er G32 GT lan\u00e7ados desde 2017.<\/p>\n<h3><strong>Especifica\u00e7\u00f5es:<\/strong><\/h3>\n<ul>\n<li><strong>Instala\u00e7\u00e3o &#8221;fa\u00e7a voc\u00ea mesmo&#8221;:<\/strong> Simples, n\u00e3o necessita de soldar ou cortar os cabos.<\/li>\n<li><strong>Funcionamento sem erros:<\/strong> N\u00e3o h\u00e1 mensagens de erro no veloc\u00edmetro ou no painel de navega\u00e7\u00e3o.<\/li>\n<li><strong>Facilidade de utiliza\u00e7\u00e3o:<\/strong> Funciona com v\u00e1rias combina\u00e7\u00f5es de teclas e n\u00e3o requer a abertura da ECU.<\/li>\n<li><strong>Componentes de alta qualidade:<\/strong> Inclui fichas de qualidade superior e cabos resistentes ao calor.<\/li>\n<li><strong>M\u00faltiplos modos:<\/strong> Permite v\u00e1rias defini\u00e7\u00f5es, com prefer\u00eancias guardadas ap\u00f3s cada utiliza\u00e7\u00e3o.<\/li>\n<li><strong>N\u00e3o h\u00e1 aumento espont\u00e2neo da quilometragem:<\/strong> A quilometragem n\u00e3o aumenta ap\u00f3s a remo\u00e7\u00e3o do m\u00f3dulo.<\/li>\n<li><strong>Ajuste autom\u00e1tico de manuten\u00e7\u00e3o:<\/strong> Ajusta automaticamente os intervalos de manuten\u00e7\u00e3o sem gerar mensagens de erro para o Assistente de \u00e2ngulo morto ou para o controlo da velocidade de cruzeiro.<\/li>\n<\/ul>\n<h3><strong>Ajuste de servi\u00e7o:<\/strong><\/h3>\n<ul>\n<li><strong>Monitoriza\u00e7\u00e3o de servi\u00e7os:<\/strong> P\u00e1ra a contagem de quil\u00f3metros, mas continua a registar os intervalos de manuten\u00e7\u00e3o. A contagem decrescente de manuten\u00e7\u00e3o p\u00e1ra at\u00e9 restarem 30% do intervalo, depois reinicia para 90%. <\/li>\n<li><strong>Detalhes do intervalo de manuten\u00e7\u00e3o:<\/strong> Geralmente, os intervalos de manuten\u00e7\u00e3o s\u00e3o de 30.000 km para motores a gas\u00f3leo e 15.000 km para motores a gasolina. As percentagens para a contagem de quil\u00f3metros s\u00e3o aproximadas e podem variar consoante as condi\u00e7\u00f5es de condu\u00e7\u00e3o. <\/li>\n<\/ul>\n<h3><strong>Ativa\u00e7\u00e3o e desativa\u00e7\u00e3o:<\/strong><\/h3>\n<p>&#8221;Liga, mantendo premido o bot\u00e3o BC durante 10 segundos, at\u00e9 que todas as luzes do visor se acendam.<\/p>\n<p><strong>Modo verde:<\/strong> conta-quil\u00f3metros original novamente original a 100%. Funciona tudo bem. <\/p>\n<p><strong>Modo Amarelo:<\/strong> a contagem de quil\u00f3metros abrandou 30%. Em cada 100 km, conta 30 km. Tudo funciona bem.  <\/p>\n<p><strong>Modo vermelho:<\/strong> o contador de quil\u00f3metros j\u00e1 n\u00e3o est\u00e1 a 0%. A velocidade n\u00e3o funciona&#8221;. <\/p>\n<p><strong>O que \u00e9?<\/strong><br \/>\nO bloqueador de quil\u00f3metros BMW 6er G32 GT foi concebido para impedir a acumula\u00e7\u00e3o de quil\u00f3metros enquanto testa o desempenho do teu ve\u00edculo. Funciona eficazmente quer o teu od\u00f3metro digital me\u00e7a a quilometragem em milhas ou em quil\u00f3metros. De notar que n\u00e3o oferecemos ferramentas de Corre\u00e7\u00e3o de Quilometragem, que se destinam a pr\u00e1ticas enganosas, como o retrocesso dos valores de quilometragem. O nosso Mileage Blocker foi concebido para ajudar nos testes de desempenho e \u00e9 compat\u00edvel com ve\u00edculos a diesel, a gasolina, h\u00edbridos e el\u00e9ctricos.   <\/p>\n<p><strong>Instala\u00e7\u00e3o:<\/strong><br \/>\nO processo de instala\u00e7\u00e3o \u00e9 simples, envolvendo a liga\u00e7\u00e3o do dispositivo entre a porta do veloc\u00edmetro e o painel de instrumentos. Funciona sem necessidade de um conhecimento profundo do ve\u00edculo e oferece uma ferramenta valiosa para testes de desempenho controlados. <\/p>\n<\/div>\n<\/div>\n<\/div>\n<\/div>\n","protected":false},"excerpt":{"rendered":"<div class=\"flex-shrink-0 flex flex-col relative items-end\">\n<div class=\"pt-0\">\n<div class=\"gizmo-bot-avatar flex h-8 w-8 items-center justify-center overflow-hidden rounded-full\">\n<div class=\"relative p-1 rounded-sm flex items-center justify-center bg-token-main-surface-primary text-token-text-primary h-8 w-8\">\n<p>Antes de encomendar, l\u00ea atentamente a ativa\u00e7\u00e3o do m\u00f3dulo e as notas importantes sobre as mensagens de erro e as fun\u00e7\u00f5es abaixo.<\/p>\n<p><strong>Este dispositivo \u00e9 adequado para todos os modelos BMW 6er G32 GT lan\u00e7ados desde 2017.  <\/strong>  Funciona em determinados modos. N\u00e3o h\u00e1 mensagens de erro do assistente de \u00e2ngulo morto ou de falha do controlo de cruzeiro. F\u00e1cil de instalar, sem necessidade de ajuda profissional. Inclui fichas de qualidade superior e cabos resistentes ao calor. Funciona com o LCD 6WB e o Live Cockpit.    <\/p>\n<p class=\"p1\"><b> Integra\u00e7\u00e3o perfeita<\/b><b><\/b><\/p>\n<p class=\"p1\"><b> Instala\u00e7\u00e3o f\u00e1cil<\/b><b><\/b><\/p>\n<p class=\"p1\"><b> Gest\u00e3o exacta da quilometragem<\/b><b><\/b><\/p>\n<p class=\"p1\"><b> Funcionamento em modo furtivo<\/b><b><\/b><\/p>\n<p class=\"p1\"><span class=\"s1\">\u2705<\/span><b> Suporte e actualiza\u00e7\u00f5es vital\u00edcias<\/b><\/p>\n<\/div>\n<\/div>\n<\/div>\n<\/div>\n","protected":false},"featured_media":731,"comment_status":"open","ping_status":"closed","template":"","meta":[],"product_brand":[],"product_cat":[1109],"product_tag":[],"class_list":{"0":"post-10377","1":"product","2":"type-product","3":"status-publish","4":"has-post-thumbnail","6":"product_cat-bmw","8":"first","9":"instock","10":"taxable","11":"shipping-taxable","12":"purchasable","13":"product-type-variable"},"yoast_head":"<!-- This site is optimized with the Yoast SEO plugin v27.5 - https:\/\/yoast.com\/product\/yoast-seo-wordpress\/ -->\n<title>BMW 6ER G32 GT Mileage Blocker (KM stopper) \u2192 KM Block<\/title>\n<meta name=\"description\" content=\"Buy a BMW 6ER G32 GT Mileage Blocker for the Best Prices \u2713 Free Shipping \u2713 Incl. Installation Guides\" \/>\n<meta name=\"robots\" content=\"index, follow, max-snippet:-1, max-image-preview:large, max-video-preview:-1\" \/>\n<meta property=\"og:locale\" content=\"pt_PT\" \/>\n<meta property=\"og:type\" content=\"article\" \/>\n<meta property=\"og:title\" content=\"BMW 6ER G32 GT Mileage Blocker (KM stopper) \u2192 KM Block\" \/>\n<meta property=\"og:description\" content=\"Buy a BMW 6ER G32 GT Mileage Blocker for the Best Prices \u2713 Free Shipping \u2713 Incl. Installation Guides\" \/>\n<meta property=\"og:url\" content=\"https:\/\/kmblock.com\/pt-pt\/product\/bmw-6er-g32-gt\/\" \/>\n<meta property=\"og:site_name\" content=\"KM Block\" \/>\n<meta property=\"og:image\" content=\"https:\/\/kmblock.com\/wp-content\/uploads\/2024\/09\/BMW-6ER-G32-GT.jpg\" \/>\n\t<meta property=\"og:image:width\" content=\"800\" \/>\n\t<meta property=\"og:image:height\" content=\"800\" \/>\n\t<meta property=\"og:image:type\" content=\"image\/jpeg\" \/>\n<meta name=\"twitter:card\" content=\"summary_large_image\" \/>\n<meta name=\"twitter:label1\" content=\"Tempo estimado de leitura\" \/>\n\t<meta name=\"twitter:data1\" content=\"3 minutos\" \/>\n<script type=\"application\/ld+json\" class=\"yoast-schema-graph\">{\"@context\":\"https:\\\/\\\/schema.org\",\"@graph\":[{\"@type\":\"WebPage\",\"@id\":\"https:\\\/\\\/kmblock.com\\\/pt-pt\\\/product\\\/bmw-6er-g32-gt\\\/\",\"url\":\"https:\\\/\\\/kmblock.com\\\/pt-pt\\\/product\\\/bmw-6er-g32-gt\\\/\",\"name\":\"BMW 6ER G32 GT Mileage Blocker (KM stopper) \u2192 KM Block\",\"isPartOf\":{\"@id\":\"https:\\\/\\\/kmblock.com\\\/pt-pt\\\/#website\"},\"primaryImageOfPage\":{\"@id\":\"https:\\\/\\\/kmblock.com\\\/pt-pt\\\/product\\\/bmw-6er-g32-gt\\\/#primaryimage\"},\"image\":{\"@id\":\"https:\\\/\\\/kmblock.com\\\/pt-pt\\\/product\\\/bmw-6er-g32-gt\\\/#primaryimage\"},\"thumbnailUrl\":\"https:\\\/\\\/kmblock.com\\\/wp-content\\\/uploads\\\/2024\\\/09\\\/BMW-6ER-G32-GT.jpg\",\"datePublished\":\"2024-09-19T01:25:51+00:00\",\"description\":\"Buy a BMW 6ER G32 GT Mileage Blocker for the Best Prices \u2713 Free Shipping \u2713 Incl. Installation Guides\",\"breadcrumb\":{\"@id\":\"https:\\\/\\\/kmblock.com\\\/pt-pt\\\/product\\\/bmw-6er-g32-gt\\\/#breadcrumb\"},\"inLanguage\":\"pt-PT\",\"potentialAction\":[{\"@type\":\"ReadAction\",\"target\":[\"https:\\\/\\\/kmblock.com\\\/pt-pt\\\/product\\\/bmw-6er-g32-gt\\\/\"]}]},{\"@type\":\"ImageObject\",\"inLanguage\":\"pt-PT\",\"@id\":\"https:\\\/\\\/kmblock.com\\\/pt-pt\\\/product\\\/bmw-6er-g32-gt\\\/#primaryimage\",\"url\":\"https:\\\/\\\/kmblock.com\\\/wp-content\\\/uploads\\\/2024\\\/09\\\/BMW-6ER-G32-GT.jpg\",\"contentUrl\":\"https:\\\/\\\/kmblock.com\\\/wp-content\\\/uploads\\\/2024\\\/09\\\/BMW-6ER-G32-GT.jpg\",\"width\":800,\"height\":800,\"caption\":\"BMW 6ER G32 GT\"},{\"@type\":\"BreadcrumbList\",\"@id\":\"https:\\\/\\\/kmblock.com\\\/pt-pt\\\/product\\\/bmw-6er-g32-gt\\\/#breadcrumb\",\"itemListElement\":[{\"@type\":\"ListItem\",\"position\":1,\"name\":\"Casa\",\"item\":\"https:\\\/\\\/kmblock.com\\\/pt-pt\\\/\"},{\"@type\":\"ListItem\",\"position\":2,\"name\":\"Produtos\",\"item\":\"https:\\\/\\\/kmblock.com\\\/pt-pt\\\/shop\\\/\"},{\"@type\":\"ListItem\",\"position\":3,\"name\":\"BMW 6ER G32 GT\"}]},{\"@type\":\"WebSite\",\"@id\":\"https:\\\/\\\/kmblock.com\\\/pt-pt\\\/#website\",\"url\":\"https:\\\/\\\/kmblock.com\\\/pt-pt\\\/\",\"name\":\"KM Block\",\"description\":\"\",\"publisher\":{\"@id\":\"https:\\\/\\\/kmblock.com\\\/pt-pt\\\/#organization\"},\"potentialAction\":[{\"@type\":\"SearchAction\",\"target\":{\"@type\":\"EntryPoint\",\"urlTemplate\":\"https:\\\/\\\/kmblock.com\\\/pt-pt\\\/?s={search_term_string}\"},\"query-input\":{\"@type\":\"PropertyValueSpecification\",\"valueRequired\":true,\"valueName\":\"search_term_string\"}}],\"inLanguage\":\"pt-PT\"},{\"@type\":\"Organization\",\"@id\":\"https:\\\/\\\/kmblock.com\\\/pt-pt\\\/#organization\",\"name\":\"Bloco KM\",\"url\":\"https:\\\/\\\/kmblock.com\\\/pt-pt\\\/\",\"logo\":{\"@type\":\"ImageObject\",\"inLanguage\":\"pt-PT\",\"@id\":\"https:\\\/\\\/kmblock.com\\\/pt-pt\\\/#\\\/schema\\\/logo\\\/image\\\/\",\"url\":\"https:\\\/\\\/kmblock.com\\\/wp-content\\\/uploads\\\/2024\\\/08\\\/main-logo.png\",\"contentUrl\":\"https:\\\/\\\/kmblock.com\\\/wp-content\\\/uploads\\\/2024\\\/08\\\/main-logo.png\",\"width\":186,\"height\":28,\"caption\":\"Bloco KM\"},\"image\":{\"@id\":\"https:\\\/\\\/kmblock.com\\\/pt-pt\\\/#\\\/schema\\\/logo\\\/image\\\/\"}}]}<\/script>\n<!-- \/ Yoast SEO plugin. -->","yoast_head_json":{"title":"BMW 6ER G32 GT Mileage Blocker (KM stopper) \u2192 KM Block","description":"Buy a BMW 6ER G32 GT Mileage Blocker for the Best Prices \u2713 Free Shipping \u2713 Incl. Installation Guides","robots":{"index":"index","follow":"follow","max-snippet":"max-snippet:-1","max-image-preview":"max-image-preview:large","max-video-preview":"max-video-preview:-1"},"og_locale":"pt_PT","og_type":"article","og_title":"BMW 6ER G32 GT Mileage Blocker (KM stopper) \u2192 KM Block","og_description":"Buy a BMW 6ER G32 GT Mileage Blocker for the Best Prices \u2713 Free Shipping \u2713 Incl. Installation Guides","og_url":"https:\/\/kmblock.com\/pt-pt\/product\/bmw-6er-g32-gt\/","og_site_name":"KM Block","og_image":[{"width":800,"height":800,"url":"https:\/\/kmblock.com\/wp-content\/uploads\/2024\/09\/BMW-6ER-G32-GT.jpg","type":"image\/jpeg"}],"twitter_card":"summary_large_image","twitter_misc":{"Tempo estimado de leitura":"3 minutos"},"schema":{"@context":"https:\/\/schema.org","@graph":[{"@type":"WebPage","@id":"https:\/\/kmblock.com\/pt-pt\/product\/bmw-6er-g32-gt\/","url":"https:\/\/kmblock.com\/pt-pt\/product\/bmw-6er-g32-gt\/","name":"BMW 6ER G32 GT Mileage Blocker (KM stopper) \u2192 KM Block","isPartOf":{"@id":"https:\/\/kmblock.com\/pt-pt\/#website"},"primaryImageOfPage":{"@id":"https:\/\/kmblock.com\/pt-pt\/product\/bmw-6er-g32-gt\/#primaryimage"},"image":{"@id":"https:\/\/kmblock.com\/pt-pt\/product\/bmw-6er-g32-gt\/#primaryimage"},"thumbnailUrl":"https:\/\/kmblock.com\/wp-content\/uploads\/2024\/09\/BMW-6ER-G32-GT.jpg","datePublished":"2024-09-19T01:25:51+00:00","description":"Buy a BMW 6ER G32 GT Mileage Blocker for the Best Prices \u2713 Free Shipping \u2713 Incl. Installation Guides","breadcrumb":{"@id":"https:\/\/kmblock.com\/pt-pt\/product\/bmw-6er-g32-gt\/#breadcrumb"},"inLanguage":"pt-PT","potentialAction":[{"@type":"ReadAction","target":["https:\/\/kmblock.com\/pt-pt\/product\/bmw-6er-g32-gt\/"]}]},{"@type":"ImageObject","inLanguage":"pt-PT","@id":"https:\/\/kmblock.com\/pt-pt\/product\/bmw-6er-g32-gt\/#primaryimage","url":"https:\/\/kmblock.com\/wp-content\/uploads\/2024\/09\/BMW-6ER-G32-GT.jpg","contentUrl":"https:\/\/kmblock.com\/wp-content\/uploads\/2024\/09\/BMW-6ER-G32-GT.jpg","width":800,"height":800,"caption":"BMW 6ER G32 GT"},{"@type":"BreadcrumbList","@id":"https:\/\/kmblock.com\/pt-pt\/product\/bmw-6er-g32-gt\/#breadcrumb","itemListElement":[{"@type":"ListItem","position":1,"name":"Casa","item":"https:\/\/kmblock.com\/pt-pt\/"},{"@type":"ListItem","position":2,"name":"Produtos","item":"https:\/\/kmblock.com\/pt-pt\/shop\/"},{"@type":"ListItem","position":3,"name":"BMW 6ER G32 GT"}]},{"@type":"WebSite","@id":"https:\/\/kmblock.com\/pt-pt\/#website","url":"https:\/\/kmblock.com\/pt-pt\/","name":"KM Block","description":"","publisher":{"@id":"https:\/\/kmblock.com\/pt-pt\/#organization"},"potentialAction":[{"@type":"SearchAction","target":{"@type":"EntryPoint","urlTemplate":"https:\/\/kmblock.com\/pt-pt\/?s={search_term_string}"},"query-input":{"@type":"PropertyValueSpecification","valueRequired":true,"valueName":"search_term_string"}}],"inLanguage":"pt-PT"},{"@type":"Organization","@id":"https:\/\/kmblock.com\/pt-pt\/#organization","name":"Bloco KM","url":"https:\/\/kmblock.com\/pt-pt\/","logo":{"@type":"ImageObject","inLanguage":"pt-PT","@id":"https:\/\/kmblock.com\/pt-pt\/#\/schema\/logo\/image\/","url":"https:\/\/kmblock.com\/wp-content\/uploads\/2024\/08\/main-logo.png","contentUrl":"https:\/\/kmblock.com\/wp-content\/uploads\/2024\/08\/main-logo.png","width":186,"height":28,"caption":"Bloco KM"},"image":{"@id":"https:\/\/kmblock.com\/pt-pt\/#\/schema\/logo\/image\/"}}]}},"_links":{"self":[{"href":"https:\/\/kmblock.com\/pt-pt\/wp-json\/wp\/v2\/product\/10377","targetHints":{"allow":["GET"]}}],"collection":[{"href":"https:\/\/kmblock.com\/pt-pt\/wp-json\/wp\/v2\/product"}],"about":[{"href":"https:\/\/kmblock.com\/pt-pt\/wp-json\/wp\/v2\/types\/product"}],"replies":[{"embeddable":true,"href":"https:\/\/kmblock.com\/pt-pt\/wp-json\/wp\/v2\/comments?post=10377"}],"wp:featuredmedia":[{"embeddable":true,"href":"https:\/\/kmblock.com\/pt-pt\/wp-json\/wp\/v2\/media\/731"}],"wp:attachment":[{"href":"https:\/\/kmblock.com\/pt-pt\/wp-json\/wp\/v2\/media?parent=10377"}],"wp:term":[{"taxonomy":"product_brand","embeddable":true,"href":"https:\/\/kmblock.com\/pt-pt\/wp-json\/wp\/v2\/product_brand?post=10377"},{"taxonomy":"product_cat","embeddable":true,"href":"https:\/\/kmblock.com\/pt-pt\/wp-json\/wp\/v2\/product_cat?post=10377"},{"taxonomy":"product_tag","embeddable":true,"href":"https:\/\/kmblock.com\/pt-pt\/wp-json\/wp\/v2\/product_tag?post=10377"}],"curies":[{"name":"wp","href":"https:\/\/api.w.org\/{rel}","templated":true}]}}