{"id":10278,"date":"2024-09-18T18:15:37","date_gmt":"2024-09-18T18:15:37","guid":{"rendered":"https:\/\/kmblock.com\/product\/bmw-1er-f20-f21\/"},"modified":"2024-09-18T18:15:37","modified_gmt":"2024-09-18T18:15:37","slug":"bmw-1er-f20-f21","status":"publish","type":"product","link":"https:\/\/kmblock.com\/pt-pt\/product\/bmw-1er-f20-f21\/","title":{"rendered":"BMW 1ER F20\/F21"},"content":{"rendered":"<h3><strong>BLOQUEADOR DE QUIL\u00d3METROS PARA BMW 1ER F20\/F21<\/strong><\/h3>\n<p>O bloqueador de quilometragem do BMW 1ER F20\/F21, tamb\u00e9m conhecido como bloqueador de conta-quil\u00f3metros, bloqueador de conta-quil\u00f3metros, bloqueador de latas, bloqueador de quilometragem, conta-quil\u00f3metros de viagem ou filtro de latas, foi concebido para impedir o registo de quilometragem no teu ve\u00edculo enquanto testa o desempenho. Esta ferramenta \u00e9 compat\u00edvel com todos os modelos BMW 1ER F20\/F21 produzidos entre 2011 e 2019. <\/p>\n<h3><strong>ESPECIFICA\u00c7\u00d5ES<\/strong><\/h3>\n<ul>\n<li><strong>Instala\u00e7\u00e3o &#8221;fa\u00e7a voc\u00ea mesmo&#8221;<\/strong>: N\u00e3o necessita de assist\u00eancia profissional.<\/li>\n<li><strong>Modos m\u00faltiplos<\/strong>: Oferece diferentes modos para diferentes necessidades.<\/li>\n<li><strong>Op\u00e7\u00f5es incondicionais<\/strong>: As defini\u00e7\u00f5es s\u00e3o guardadas permanentemente ap\u00f3s a sele\u00e7\u00e3o.<\/li>\n<li><strong>N\u00e3o aumenta a quilometragem ap\u00f3s a remo\u00e7\u00e3o<\/strong>: O conta-quil\u00f3metros n\u00e3o registar\u00e1 quilometragem adicional ap\u00f3s a remo\u00e7\u00e3o.<\/li>\n<li><strong>N\u00e3o necessita de soldar ou cortar<\/strong>: Instala\u00e7\u00e3o f\u00e1cil sem necessidade de modificar a cablagem do ve\u00edculo.<\/li>\n<li><strong>N\u00e3o necessita de acesso \u00e0 ECU<\/strong>: N\u00e3o \u00e9 necess\u00e1rio abrir as unidades de controlo do motor.<\/li>\n<li><strong>Componentes de alta qualidade<\/strong>: Inclui fichas de qualidade superior e cabos resistentes ao calor.<\/li>\n<li><strong>Ajuste autom\u00e1tico de servi\u00e7o<\/strong>: A ferramenta ajusta automaticamente os intervalos de manuten\u00e7\u00e3o.<\/li>\n<li><strong>Funcionamento por combina\u00e7\u00e3o de teclas<\/strong>: Alterna facilmente entre modos utilizando combina\u00e7\u00f5es de teclas espec\u00edficas.<\/li>\n<li><strong>Veloc\u00edmetro e sistemas de assist\u00eancia sem falhas<\/strong>: Os sistemas funcionam corretamente em determinados modos.<\/li>\n<li><strong>N\u00e3o h\u00e1 mensagens de erro<\/strong>: O veloc\u00edmetro e o ecr\u00e3 de navega\u00e7\u00e3o n\u00e3o apresentam erros.<\/li>\n<li><strong>Instala\u00e7\u00e3o suave<\/strong>: A face de acoplamento e os sulcos no conetor asseguram uma instala\u00e7\u00e3o sem problemas.<\/li>\n<li><strong>Compat\u00edvel com actualiza\u00e7\u00f5es de software<\/strong>: Ap\u00f3s uma atualiza\u00e7\u00e3o de software, o modo dois pode ser ativado sem necessidade de trocar ou atualizar o m\u00f3dulo.<\/li>\n<li><strong>N\u00e3o h\u00e1 erros na assist\u00eancia ao \u00e2ngulo morto ou no Cruise Control<\/strong>: N\u00e3o h\u00e1 avarias nos sistemas de assist\u00eancia.<\/li>\n<\/ul>\n<p>Para os modos que alteram completamente a quilometragem, \u00e9 de esperar um desvio de at\u00e9 1% da dist\u00e2ncia percorrida, e os valores de quilometragem interrompida s\u00e3o aproximados.<\/p>\n<h3><strong>AJUSTE DE SERVI\u00c7O<\/strong><\/h3>\n<p>O Bloqueador de Quil\u00f3metros n\u00e3o s\u00f3 impede o registo da dist\u00e2ncia, como tamb\u00e9m ajusta automaticamente o intervalo de manuten\u00e7\u00e3o. Enquanto a contagem decrescente da manuten\u00e7\u00e3o continua at\u00e9 faltarem 30%, volta a saltar para 90% quando o Bloqueador de Quil\u00f3metros est\u00e1 ativo. Isto assegura que o intervalo de manuten\u00e7\u00e3o n\u00e3o regista prematuramente a quilometragem enquanto a ferramenta est\u00e1 a ser utilizada.  <\/p>\n<h3><strong>ACTIVA\u00c7\u00c3O E DESACTIVA\u00c7\u00c3O<\/strong><\/h3>\n<p>&#8221;Ativa premindo *BC com o modo *.<br \/>\n<strong>Modo 1:<\/strong> 1 piscada para a esquerda 30 por cento<\/p>\n<p><strong>Modo 2:<\/strong> 2 piscas \u00e0 esquerda 0 por cento (sem velocidade)<\/p>\n<p><strong>Modo 3:<\/strong> 3 piscas \u00e0 esquerda 0 por cento (velocidade, funciona apenas sem atualiza\u00e7\u00e3o)<\/p>\n<p><strong>Modo 4:<\/strong> 1 piscadela para a direita 100 por cento&#8221;<\/p>\n<h3><strong>O que \u00e9 o bloqueador de od\u00f3metro ou ferramenta de corre\u00e7\u00e3o de quilometragem do BMW 1er F20\/F21?<\/strong><\/h3>\n<p>O bloqueador de quil\u00f3metros do BMW 1ER F20\/F21 impede que o conta-quil\u00f3metros conte os quil\u00f3metros enquanto testa o desempenho do ve\u00edculo. Foi concebido para funcionar igualmente bem tanto com milhas como com quil\u00f3metros no conta-quil\u00f3metros. Esta ferramenta funciona em motores a gasolina e a diesel, ve\u00edculos h\u00edbridos el\u00e9ctricos plug-in (PHEV) e ve\u00edculos el\u00e9ctricos.  <\/p>\n<p>Nota: <strong>N\u00e3o vendemos ferramentas de corre\u00e7\u00e3o de quilometragem<\/strong>, uma vez que se destinam a fins fraudulentos, tais como rebobinar ou retroceder o conta-quil\u00f3metros. Os ve\u00edculos t\u00eam v\u00e1rias unidades de armazenamento de dados e as ferramentas de retrocesso n\u00e3o conseguem inverter totalmente a quilometragem. <\/p>\n<h3><strong>Instala\u00e7\u00e3o e utiliza\u00e7\u00e3o<\/strong><\/h3>\n<p>O m\u00f3dulo Mileage Stopper \u00e9 f\u00e1cil de instalar, ligando-o entre o veloc\u00edmetro e o painel de instrumentos. Combina\u00e7\u00f5es de teclas pr\u00e9-determinadas permitem-te alternar entre modos com facilidade. <\/p>\n<p>O bloqueador de quilometragem do BMW 1ER F20\/F21 permite-te testar o desempenho do teu carro num ambiente controlado. \u00c9 uma ferramenta valiosa para testar e afinar, garantindo intervalos de manuten\u00e7\u00e3o precisos e um desempenho impec\u00e1vel em diferentes condi\u00e7\u00f5es de condu\u00e7\u00e3o. <\/p>\n<hr>\n<p><strong>Avisa<\/strong>: O conta-quil\u00f3metros destina-se apenas a fins de teste e afina\u00e7\u00e3o e n\u00e3o a ser utilizado em estradas p\u00fablicas. N\u00e3o deve ser utilizado para manipular a quilometragem para fins fraudulentos. <\/p>\n","protected":false},"excerpt":{"rendered":"<div class=\"flex-shrink-0 flex flex-col relative items-end\">\n<div class=\"pt-0\">\n<div class=\"gizmo-bot-avatar flex h-8 w-8 items-center justify-center overflow-hidden rounded-full\">\n<div class=\"relative p-1 rounded-sm flex items-center justify-center bg-token-main-surface-primary text-token-text-primary h-8 w-8\">\n<p><strong>Antes de encomendar, l\u00ea atentamente os seguintes detalhes sobre a ativa\u00e7\u00e3o do m\u00f3dulo e notas importantes sobre mensagens de erro e fun\u00e7\u00f5es:<\/strong><\/p>\n<p><strong>COMPATIBILIDADE: Este dispositivo \u00e9 adequado para todos os modelos BMW 1ER F20\/F21 lan\u00e7ados entre 2011 e 2019.  <\/strong>Indicador de velocidade e programas de assist\u00eancia: Estes sistemas funcionam sem problemas em determinados modos. O assistente de \u00e2ngulo morto e o controlo de velocidade de cruzeiro n\u00e3o apresentam mensagens de erro. F\u00e1cil de instalar sem assist\u00eancia profissional. Vem com fichas de qualidade superior e cabos resistentes ao calor.   <\/p>\n<p class=\"p1\"><b> Integra\u00e7\u00e3o perfeita<\/b><b><\/b><\/p>\n<p class=\"p1\"><b> Instala\u00e7\u00e3o f\u00e1cil<\/b><b><\/b><\/p>\n<p class=\"p1\"><b> Gest\u00e3o exacta da quilometragem<\/b><b><\/b><\/p>\n<p class=\"p1\"><b> Funcionamento em modo furtivo<\/b><b><\/b><\/p>\n<p class=\"p1\"><span class=\"s1\">\u2705<\/span><b> Suporte e actualiza\u00e7\u00f5es vital\u00edcias<\/b><\/p>\n<\/div>\n<\/div>\n<\/div>\n<\/div>\n","protected":false},"featured_media":709,"comment_status":"open","ping_status":"closed","template":"","meta":[],"product_brand":[],"product_cat":[1109],"product_tag":[],"class_list":{"0":"post-10278","1":"product","2":"type-product","3":"status-publish","4":"has-post-thumbnail","6":"product_cat-bmw","8":"first","9":"instock","10":"taxable","11":"shipping-taxable","12":"purchasable","13":"product-type-variable"},"yoast_head":"<!-- This site is optimized with the Yoast SEO plugin v27.5 - https:\/\/yoast.com\/product\/yoast-seo-wordpress\/ -->\n<title>BMW 1ER F20\/F21 Mileage Blocker (KM stopper) \u2192 KM Block<\/title>\n<meta name=\"description\" content=\"Buy a BMW 1ER F20\/F21 Mileage Blocker for the Best Prices \u2713 Free Shipping \u2713 Incl. Installation Guides\" \/>\n<meta name=\"robots\" content=\"index, follow, max-snippet:-1, max-image-preview:large, max-video-preview:-1\" \/>\n<meta property=\"og:locale\" content=\"pt_PT\" \/>\n<meta property=\"og:type\" content=\"article\" \/>\n<meta property=\"og:title\" content=\"BMW 1ER F20\/F21 Mileage Blocker (KM stopper) \u2192 KM Block\" \/>\n<meta property=\"og:description\" content=\"Buy a BMW 1ER F20\/F21 Mileage Blocker for the Best Prices \u2713 Free Shipping \u2713 Incl. Installation Guides\" \/>\n<meta property=\"og:url\" content=\"https:\/\/kmblock.com\/pt-pt\/product\/bmw-1er-f20-f21\/\" \/>\n<meta property=\"og:site_name\" content=\"KM Block\" \/>\n<meta property=\"og:image\" content=\"https:\/\/kmblock.com\/wp-content\/uploads\/2024\/09\/BMW-1ER-F20F21.jpg\" \/>\n\t<meta property=\"og:image:width\" content=\"800\" \/>\n\t<meta property=\"og:image:height\" content=\"800\" \/>\n\t<meta property=\"og:image:type\" content=\"image\/jpeg\" \/>\n<meta name=\"twitter:card\" content=\"summary_large_image\" \/>\n<meta name=\"twitter:label1\" content=\"Tempo estimado de leitura\" \/>\n\t<meta name=\"twitter:data1\" content=\"4 minutos\" \/>\n<script type=\"application\/ld+json\" class=\"yoast-schema-graph\">{\"@context\":\"https:\\\/\\\/schema.org\",\"@graph\":[{\"@type\":\"WebPage\",\"@id\":\"https:\\\/\\\/kmblock.com\\\/pt-pt\\\/product\\\/bmw-1er-f20-f21\\\/\",\"url\":\"https:\\\/\\\/kmblock.com\\\/pt-pt\\\/product\\\/bmw-1er-f20-f21\\\/\",\"name\":\"BMW 1ER F20\\\/F21 Mileage Blocker (KM stopper) \u2192 KM Block\",\"isPartOf\":{\"@id\":\"https:\\\/\\\/kmblock.com\\\/pt-pt\\\/#website\"},\"primaryImageOfPage\":{\"@id\":\"https:\\\/\\\/kmblock.com\\\/pt-pt\\\/product\\\/bmw-1er-f20-f21\\\/#primaryimage\"},\"image\":{\"@id\":\"https:\\\/\\\/kmblock.com\\\/pt-pt\\\/product\\\/bmw-1er-f20-f21\\\/#primaryimage\"},\"thumbnailUrl\":\"https:\\\/\\\/kmblock.com\\\/wp-content\\\/uploads\\\/2024\\\/09\\\/BMW-1ER-F20F21.jpg\",\"datePublished\":\"2024-09-18T18:15:37+00:00\",\"description\":\"Buy a BMW 1ER F20\\\/F21 Mileage Blocker for the Best Prices \u2713 Free Shipping \u2713 Incl. Installation Guides\",\"breadcrumb\":{\"@id\":\"https:\\\/\\\/kmblock.com\\\/pt-pt\\\/product\\\/bmw-1er-f20-f21\\\/#breadcrumb\"},\"inLanguage\":\"pt-PT\",\"potentialAction\":[{\"@type\":\"ReadAction\",\"target\":[\"https:\\\/\\\/kmblock.com\\\/pt-pt\\\/product\\\/bmw-1er-f20-f21\\\/\"]}]},{\"@type\":\"ImageObject\",\"inLanguage\":\"pt-PT\",\"@id\":\"https:\\\/\\\/kmblock.com\\\/pt-pt\\\/product\\\/bmw-1er-f20-f21\\\/#primaryimage\",\"url\":\"https:\\\/\\\/kmblock.com\\\/wp-content\\\/uploads\\\/2024\\\/09\\\/BMW-1ER-F20F21.jpg\",\"contentUrl\":\"https:\\\/\\\/kmblock.com\\\/wp-content\\\/uploads\\\/2024\\\/09\\\/BMW-1ER-F20F21.jpg\",\"width\":800,\"height\":800,\"caption\":\"BMW 1ER F20\\\/F21\"},{\"@type\":\"BreadcrumbList\",\"@id\":\"https:\\\/\\\/kmblock.com\\\/pt-pt\\\/product\\\/bmw-1er-f20-f21\\\/#breadcrumb\",\"itemListElement\":[{\"@type\":\"ListItem\",\"position\":1,\"name\":\"Casa\",\"item\":\"https:\\\/\\\/kmblock.com\\\/pt-pt\\\/\"},{\"@type\":\"ListItem\",\"position\":2,\"name\":\"Produtos\",\"item\":\"https:\\\/\\\/kmblock.com\\\/pt-pt\\\/shop\\\/\"},{\"@type\":\"ListItem\",\"position\":3,\"name\":\"BMW 1ER F20\\\/F21\"}]},{\"@type\":\"WebSite\",\"@id\":\"https:\\\/\\\/kmblock.com\\\/pt-pt\\\/#website\",\"url\":\"https:\\\/\\\/kmblock.com\\\/pt-pt\\\/\",\"name\":\"KM Block\",\"description\":\"\",\"publisher\":{\"@id\":\"https:\\\/\\\/kmblock.com\\\/pt-pt\\\/#organization\"},\"potentialAction\":[{\"@type\":\"SearchAction\",\"target\":{\"@type\":\"EntryPoint\",\"urlTemplate\":\"https:\\\/\\\/kmblock.com\\\/pt-pt\\\/?s={search_term_string}\"},\"query-input\":{\"@type\":\"PropertyValueSpecification\",\"valueRequired\":true,\"valueName\":\"search_term_string\"}}],\"inLanguage\":\"pt-PT\"},{\"@type\":\"Organization\",\"@id\":\"https:\\\/\\\/kmblock.com\\\/pt-pt\\\/#organization\",\"name\":\"Bloco KM\",\"url\":\"https:\\\/\\\/kmblock.com\\\/pt-pt\\\/\",\"logo\":{\"@type\":\"ImageObject\",\"inLanguage\":\"pt-PT\",\"@id\":\"https:\\\/\\\/kmblock.com\\\/pt-pt\\\/#\\\/schema\\\/logo\\\/image\\\/\",\"url\":\"https:\\\/\\\/kmblock.com\\\/wp-content\\\/uploads\\\/2024\\\/08\\\/main-logo.png\",\"contentUrl\":\"https:\\\/\\\/kmblock.com\\\/wp-content\\\/uploads\\\/2024\\\/08\\\/main-logo.png\",\"width\":186,\"height\":28,\"caption\":\"Bloco KM\"},\"image\":{\"@id\":\"https:\\\/\\\/kmblock.com\\\/pt-pt\\\/#\\\/schema\\\/logo\\\/image\\\/\"}}]}<\/script>\n<!-- \/ Yoast SEO plugin. -->","yoast_head_json":{"title":"BMW 1ER F20\/F21 Mileage Blocker (KM stopper) \u2192 KM Block","description":"Buy a BMW 1ER F20\/F21 Mileage Blocker for the Best Prices \u2713 Free Shipping \u2713 Incl. Installation Guides","robots":{"index":"index","follow":"follow","max-snippet":"max-snippet:-1","max-image-preview":"max-image-preview:large","max-video-preview":"max-video-preview:-1"},"og_locale":"pt_PT","og_type":"article","og_title":"BMW 1ER F20\/F21 Mileage Blocker (KM stopper) \u2192 KM Block","og_description":"Buy a BMW 1ER F20\/F21 Mileage Blocker for the Best Prices \u2713 Free Shipping \u2713 Incl. Installation Guides","og_url":"https:\/\/kmblock.com\/pt-pt\/product\/bmw-1er-f20-f21\/","og_site_name":"KM Block","og_image":[{"width":800,"height":800,"url":"https:\/\/kmblock.com\/wp-content\/uploads\/2024\/09\/BMW-1ER-F20F21.jpg","type":"image\/jpeg"}],"twitter_card":"summary_large_image","twitter_misc":{"Tempo estimado de leitura":"4 minutos"},"schema":{"@context":"https:\/\/schema.org","@graph":[{"@type":"WebPage","@id":"https:\/\/kmblock.com\/pt-pt\/product\/bmw-1er-f20-f21\/","url":"https:\/\/kmblock.com\/pt-pt\/product\/bmw-1er-f20-f21\/","name":"BMW 1ER F20\/F21 Mileage Blocker (KM stopper) \u2192 KM Block","isPartOf":{"@id":"https:\/\/kmblock.com\/pt-pt\/#website"},"primaryImageOfPage":{"@id":"https:\/\/kmblock.com\/pt-pt\/product\/bmw-1er-f20-f21\/#primaryimage"},"image":{"@id":"https:\/\/kmblock.com\/pt-pt\/product\/bmw-1er-f20-f21\/#primaryimage"},"thumbnailUrl":"https:\/\/kmblock.com\/wp-content\/uploads\/2024\/09\/BMW-1ER-F20F21.jpg","datePublished":"2024-09-18T18:15:37+00:00","description":"Buy a BMW 1ER F20\/F21 Mileage Blocker for the Best Prices \u2713 Free Shipping \u2713 Incl. Installation Guides","breadcrumb":{"@id":"https:\/\/kmblock.com\/pt-pt\/product\/bmw-1er-f20-f21\/#breadcrumb"},"inLanguage":"pt-PT","potentialAction":[{"@type":"ReadAction","target":["https:\/\/kmblock.com\/pt-pt\/product\/bmw-1er-f20-f21\/"]}]},{"@type":"ImageObject","inLanguage":"pt-PT","@id":"https:\/\/kmblock.com\/pt-pt\/product\/bmw-1er-f20-f21\/#primaryimage","url":"https:\/\/kmblock.com\/wp-content\/uploads\/2024\/09\/BMW-1ER-F20F21.jpg","contentUrl":"https:\/\/kmblock.com\/wp-content\/uploads\/2024\/09\/BMW-1ER-F20F21.jpg","width":800,"height":800,"caption":"BMW 1ER F20\/F21"},{"@type":"BreadcrumbList","@id":"https:\/\/kmblock.com\/pt-pt\/product\/bmw-1er-f20-f21\/#breadcrumb","itemListElement":[{"@type":"ListItem","position":1,"name":"Casa","item":"https:\/\/kmblock.com\/pt-pt\/"},{"@type":"ListItem","position":2,"name":"Produtos","item":"https:\/\/kmblock.com\/pt-pt\/shop\/"},{"@type":"ListItem","position":3,"name":"BMW 1ER F20\/F21"}]},{"@type":"WebSite","@id":"https:\/\/kmblock.com\/pt-pt\/#website","url":"https:\/\/kmblock.com\/pt-pt\/","name":"KM Block","description":"","publisher":{"@id":"https:\/\/kmblock.com\/pt-pt\/#organization"},"potentialAction":[{"@type":"SearchAction","target":{"@type":"EntryPoint","urlTemplate":"https:\/\/kmblock.com\/pt-pt\/?s={search_term_string}"},"query-input":{"@type":"PropertyValueSpecification","valueRequired":true,"valueName":"search_term_string"}}],"inLanguage":"pt-PT"},{"@type":"Organization","@id":"https:\/\/kmblock.com\/pt-pt\/#organization","name":"Bloco KM","url":"https:\/\/kmblock.com\/pt-pt\/","logo":{"@type":"ImageObject","inLanguage":"pt-PT","@id":"https:\/\/kmblock.com\/pt-pt\/#\/schema\/logo\/image\/","url":"https:\/\/kmblock.com\/wp-content\/uploads\/2024\/08\/main-logo.png","contentUrl":"https:\/\/kmblock.com\/wp-content\/uploads\/2024\/08\/main-logo.png","width":186,"height":28,"caption":"Bloco KM"},"image":{"@id":"https:\/\/kmblock.com\/pt-pt\/#\/schema\/logo\/image\/"}}]}},"_links":{"self":[{"href":"https:\/\/kmblock.com\/pt-pt\/wp-json\/wp\/v2\/product\/10278","targetHints":{"allow":["GET"]}}],"collection":[{"href":"https:\/\/kmblock.com\/pt-pt\/wp-json\/wp\/v2\/product"}],"about":[{"href":"https:\/\/kmblock.com\/pt-pt\/wp-json\/wp\/v2\/types\/product"}],"replies":[{"embeddable":true,"href":"https:\/\/kmblock.com\/pt-pt\/wp-json\/wp\/v2\/comments?post=10278"}],"wp:featuredmedia":[{"embeddable":true,"href":"https:\/\/kmblock.com\/pt-pt\/wp-json\/wp\/v2\/media\/709"}],"wp:attachment":[{"href":"https:\/\/kmblock.com\/pt-pt\/wp-json\/wp\/v2\/media?parent=10278"}],"wp:term":[{"taxonomy":"product_brand","embeddable":true,"href":"https:\/\/kmblock.com\/pt-pt\/wp-json\/wp\/v2\/product_brand?post=10278"},{"taxonomy":"product_cat","embeddable":true,"href":"https:\/\/kmblock.com\/pt-pt\/wp-json\/wp\/v2\/product_cat?post=10278"},{"taxonomy":"product_tag","embeddable":true,"href":"https:\/\/kmblock.com\/pt-pt\/wp-json\/wp\/v2\/product_tag?post=10278"}],"curies":[{"name":"wp","href":"https:\/\/api.w.org\/{rel}","templated":true}]}}