{"id":10277,"date":"2024-09-18T15:10:18","date_gmt":"2024-09-18T15:10:18","guid":{"rendered":"https:\/\/kmblock.com\/product\/bentley-flying-spur-2a-geracao\/"},"modified":"2024-09-18T15:10:18","modified_gmt":"2024-09-18T15:10:18","slug":"bentley-flying-spur-2a-geracao","status":"publish","type":"product","link":"https:\/\/kmblock.com\/pt-pt\/product\/bentley-flying-spur-2a-geracao\/","title":{"rendered":"Bentley Flying Spur (2\u00aa gera\u00e7\u00e3o)"},"content":{"rendered":"<h3>Bloqueador de Quil\u00f3metros para Bentley Flying Spur (2\u00aa Gera\u00e7\u00e3o)<\/h3>\n<p>O Bloqueador de Quil\u00f3metros do Bentley Flying Spur (2\u00aa Gera\u00e7\u00e3o), tamb\u00e9m conhecido como Bloqueador de Od\u00f3metro, Bloqueador de Od\u00f3metro, Bloqueador de Lata, Bloqueador de Quil\u00f3metros, Od\u00f3metro de Viagem, Filtro de Lata e, ocasionalmente, como ferramenta de Corre\u00e7\u00e3o de Quil\u00f3metros, \u00e9 compat\u00edvel com todos os modelos Bentley Flying Spur (2\u00aa Gera\u00e7\u00e3o) lan\u00e7ados desde 2019.<\/p>\n<h3>Especifica\u00e7\u00f5es<\/h3>\n<ul>\n<li><strong>Modos m\u00faltiplos<\/strong>: Oferece v\u00e1rios modos de funcionamento \u00e0 escolha.<\/li>\n<li><strong>Remo\u00e7\u00e3o sem vest\u00edgios<\/strong>: N\u00e3o deixa vest\u00edgios ap\u00f3s a remo\u00e7\u00e3o.<\/li>\n<li><strong>Quilometragem est\u00e1vel<\/strong>: A quilometragem n\u00e3o aumenta espontaneamente ap\u00f3s a remo\u00e7\u00e3o do m\u00f3dulo.<\/li>\n<li><strong>Defini\u00e7\u00f5es persistentes<\/strong>: As defini\u00e7\u00f5es selecionadas s\u00e3o guardadas automaticamente.<\/li>\n<li><strong>Funcionalidade sem falhas<\/strong>: O veloc\u00edmetro e os sistemas de assist\u00eancia funcionam sem problemas.<\/li>\n<li><strong>Seguran\u00e7a de diagn\u00f3stico<\/strong>: Os aparelhos de diagn\u00f3stico n\u00e3o conseguem detetar as altera\u00e7\u00f5es de quilometragem efectuadas pelo Mileage Stopper.<\/li>\n<li><strong>Instala\u00e7\u00e3o &#8221;fa\u00e7a voc\u00ea mesmo&#8221;<\/strong>: Instala\u00e7\u00e3o f\u00e1cil do tipo &#8221;fa\u00e7a voc\u00ea mesmo&#8221;, normalmente conclu\u00edda em uma hora.<\/li>\n<li><strong>Componentes de alta qualidade<\/strong>: Vem com cabos resistentes ao calor.<\/li>\n<li><strong>N\u00e3o necessita de modifica\u00e7\u00f5es<\/strong>: N\u00e3o precisa de soldar ou cortar os fios.<\/li>\n<li><strong>Opera\u00e7\u00e3o f\u00e1cil de utilizar<\/strong>: Funciona facilmente com v\u00e1rias combina\u00e7\u00f5es de teclas.<\/li>\n<li><strong>Ecr\u00e3 sem erros<\/strong>: N\u00e3o h\u00e1 mensagens de erro no veloc\u00edmetro ou no painel de navega\u00e7\u00e3o.<\/li>\n<li><strong>Instala\u00e7\u00e3o sem problemas<\/strong>: A face de encaixe e os sulcos no conetor garantem uma instala\u00e7\u00e3o f\u00e1cil.<\/li>\n<\/ul>\n<h3>Nota importante<\/h3>\n<p>Se o teu ve\u00edculo tiver recebido recentemente uma atualiza\u00e7\u00e3o do fabricante, o m\u00e9todo de ativa\u00e7\u00e3o anterior pode j\u00e1 n\u00e3o funcionar. Apenas o Modo 3 (paragem total) e o Modo 4 (contagem total) estar\u00e3o operacionais. Para ativar o m\u00f3dulo, desliga o ve\u00edculo completamente cinco vezes seguidas. Ap\u00f3s a compra, ser-te-\u00e1 fornecido um PDF com informa\u00e7\u00f5es adicionais.   <\/p>\n<h3>Ativa\u00e7\u00e3o e desativa\u00e7\u00e3o<\/h3>\n<p>Utiliza o bot\u00e3o &#8221;ok&#8221; no guiador. Mant\u00e9m premido at\u00e9 que o pisca-pisca comece a piscar. <\/p>\n<p><strong>Modo 1:<\/strong> 1 pisca \u00e0 esquerda 20 por cento<br \/>\n<strong>Modo 2:<\/strong> 2 piscadas \u00e0 esquerda 10 por cento<br \/>\n<strong>Modo 3:<\/strong> 3 piscas \u00e0 esquerda 0 por cento<br \/>\n<strong>Modo 4:<\/strong> 1 piscada \u00e0 direita 100 por cento<\/p>\n<p>Para o modo 3: 0 por cento, tens de ligar o modo e, em seguida, desligar o carro e tranc\u00e1-lo durante 2 minutos e, depois, ligar e conduzir.&#8221;<\/p>\n<h3>O que \u00e9 o bloqueador de conta-quil\u00f3metros do Bentley Flying Spur?<\/h3>\n<p>O Bloqueador de Quil\u00f3metros\/Bloqueador de Od\u00f3metro do Bentley Flying Spur foi concebido para parar a contagem de quil\u00f3metros enquanto testa o desempenho do ve\u00edculo. Na KM Block, podes encontrar os melhores m\u00f3dulos feitos com componentes genu\u00ednos. Este bloqueador de quil\u00f3metros funciona eficazmente em motores a diesel, a gasolina, ve\u00edculos h\u00edbridos el\u00e9ctricos plug-in (PHEV) e carros el\u00e9ctricos. Quer o teu od\u00f3metro digital me\u00e7a em milhas ou quil\u00f3metros, este dispositivo funcionar\u00e1 eficazmente.   <\/p>\n<p><strong>Nota<\/strong>: N\u00e3o vendemos ferramentas de corre\u00e7\u00e3o de quilometragem para o Bentley Flying Spur, uma vez que se destinam a uma utiliza\u00e7\u00e3o fraudulenta e apenas removem as leituras do conta-quil\u00f3metros. Estas ferramentas muitas vezes n\u00e3o conseguem reverter totalmente a quilometragem devido \u00e0s m\u00faltiplas unidades de armazenamento de dados nos ve\u00edculos modernos. <\/p>\n<p>Oferecemos uma vasta gama de dispositivos de trav\u00f5es de quilometragem para v\u00e1rios ve\u00edculos. O processo de instala\u00e7\u00e3o \u00e9 consistente em todos os modelos e n\u00e3o requer conhecimentos avan\u00e7ados de manuten\u00e7\u00e3o do ve\u00edculo. Basta lig\u00e1-lo entre a porta do veloc\u00edmetro e o painel de instrumentos para desfrutar de todas as vantagens deste m\u00f3dulo \u00fanico.  <\/p>\n<p>O Bentley Flying Spur Mileage Blocker \u00e9 uma ferramenta excecional que te permite testar o desempenho do teu ve\u00edculo num ambiente controlado.<\/p>\n","protected":false},"excerpt":{"rendered":"<div class=\"flex-shrink-0 flex flex-col relative items-end\">\n<div class=\"pt-0\">\n<div class=\"gizmo-bot-avatar flex h-8 w-8 items-center justify-center overflow-hidden rounded-full\">\n<div class=\"relative p-1 rounded-sm flex items-center justify-center bg-token-main-surface-primary text-token-text-primary h-8 w-8\">\n<h4>Antes de fazeres a tua encomenda, rev\u00ea as instru\u00e7\u00f5es de ativa\u00e7\u00e3o do m\u00f3dulo e as notas importantes relativas a mensagens de erro e funcionalidade abaixo.<\/h4>\n<p><strong>Adequado para todos os modelos lan\u00e7ados desde 2019.  <\/strong>Certifica-te de que o teu tipo de conetor \u00e9 de 18 ou 32 pinos antes de fazeres a encomenda. Processo de configura\u00e7\u00e3o simples do tipo &#8221;fa\u00e7a voc\u00ea mesmo&#8221;. Inclui fichas de qualidade superior e cabos resistentes ao calor. O veloc\u00edmetro e os programas de assist\u00eancia funcionam sem falhas.   <\/p>\n<p class=\"p1\"><b> Integra\u00e7\u00e3o perfeita<\/b><b><\/b><\/p>\n<p class=\"p1\"><b> Instala\u00e7\u00e3o f\u00e1cil<\/b><b><\/b><\/p>\n<p class=\"p1\"><b> Gest\u00e3o exacta da quilometragem<\/b><b><\/b><\/p>\n<p class=\"p1\"><b> Funcionamento em modo furtivo<\/b><b><\/b><\/p>\n<p class=\"p1\"><span class=\"s1\">\u2705<\/span><b> Suporte e actualiza\u00e7\u00f5es vital\u00edcias<\/b><\/p>\n<\/div>\n<\/div>\n<\/div>\n<\/div>\n","protected":false},"featured_media":701,"comment_status":"open","ping_status":"closed","template":"","meta":[],"product_brand":[],"product_cat":[1111],"product_tag":[],"class_list":{"0":"post-10277","1":"product","2":"type-product","3":"status-publish","4":"has-post-thumbnail","6":"product_cat-bentley","8":"first","9":"instock","10":"taxable","11":"shipping-taxable","12":"purchasable","13":"product-type-variable"},"yoast_head":"<!-- This site is optimized with the Yoast SEO plugin v27.5 - https:\/\/yoast.com\/product\/yoast-seo-wordpress\/ -->\n<title>Bentley Flying Spur (2\u00aa gera\u00e7\u00e3o) Mileage Blocker (KM stopper) \u2192 KM Block<\/title>\n<meta name=\"description\" content=\"Buy a Bentley Flying Spur (2\u00aa gera\u00e7\u00e3o) Mileage Blocker for the Best Prices \u2713 Free Shipping \u2713 Incl. Installation Guides\" \/>\n<meta name=\"robots\" content=\"index, follow, max-snippet:-1, max-image-preview:large, max-video-preview:-1\" \/>\n<meta property=\"og:locale\" content=\"pt_PT\" \/>\n<meta property=\"og:type\" content=\"article\" \/>\n<meta property=\"og:title\" content=\"Bentley Flying Spur (2\u00aa gera\u00e7\u00e3o) Mileage Blocker (KM stopper) \u2192 KM Block\" \/>\n<meta property=\"og:description\" content=\"Buy a Bentley Flying Spur (2\u00aa gera\u00e7\u00e3o) Mileage Blocker for the Best Prices \u2713 Free Shipping \u2713 Incl. Installation Guides\" \/>\n<meta property=\"og:url\" content=\"https:\/\/kmblock.com\/pt-pt\/product\/bentley-flying-spur-2a-geracao\/\" \/>\n<meta property=\"og:site_name\" content=\"KM Block\" \/>\n<meta property=\"og:image\" content=\"https:\/\/kmblock.com\/wp-content\/uploads\/2024\/09\/Bentley-Flying-Spur-Odometer-Blocker-600x600-1.webp\" \/>\n\t<meta property=\"og:image:width\" content=\"600\" \/>\n\t<meta property=\"og:image:height\" content=\"600\" \/>\n\t<meta property=\"og:image:type\" content=\"image\/webp\" \/>\n<meta name=\"twitter:card\" content=\"summary_large_image\" \/>\n<meta name=\"twitter:label1\" content=\"Tempo estimado de leitura\" \/>\n\t<meta name=\"twitter:data1\" content=\"3 minutos\" \/>\n<script type=\"application\/ld+json\" class=\"yoast-schema-graph\">{\"@context\":\"https:\\\/\\\/schema.org\",\"@graph\":[{\"@type\":\"WebPage\",\"@id\":\"https:\\\/\\\/kmblock.com\\\/pt-pt\\\/product\\\/bentley-flying-spur-2a-geracao\\\/\",\"url\":\"https:\\\/\\\/kmblock.com\\\/pt-pt\\\/product\\\/bentley-flying-spur-2a-geracao\\\/\",\"name\":\"Bentley Flying Spur (2\u00aa gera\u00e7\u00e3o) Mileage Blocker (KM stopper) \u2192 KM Block\",\"isPartOf\":{\"@id\":\"https:\\\/\\\/kmblock.com\\\/pt-pt\\\/#website\"},\"primaryImageOfPage\":{\"@id\":\"https:\\\/\\\/kmblock.com\\\/pt-pt\\\/product\\\/bentley-flying-spur-2a-geracao\\\/#primaryimage\"},\"image\":{\"@id\":\"https:\\\/\\\/kmblock.com\\\/pt-pt\\\/product\\\/bentley-flying-spur-2a-geracao\\\/#primaryimage\"},\"thumbnailUrl\":\"https:\\\/\\\/kmblock.com\\\/wp-content\\\/uploads\\\/2024\\\/09\\\/Bentley-Flying-Spur-Odometer-Blocker-600x600-1.webp\",\"datePublished\":\"2024-09-18T15:10:18+00:00\",\"description\":\"Buy a Bentley Flying Spur (2\u00aa gera\u00e7\u00e3o) Mileage Blocker for the Best Prices \u2713 Free Shipping \u2713 Incl. Installation Guides\",\"breadcrumb\":{\"@id\":\"https:\\\/\\\/kmblock.com\\\/pt-pt\\\/product\\\/bentley-flying-spur-2a-geracao\\\/#breadcrumb\"},\"inLanguage\":\"pt-PT\",\"potentialAction\":[{\"@type\":\"ReadAction\",\"target\":[\"https:\\\/\\\/kmblock.com\\\/pt-pt\\\/product\\\/bentley-flying-spur-2a-geracao\\\/\"]}]},{\"@type\":\"ImageObject\",\"inLanguage\":\"pt-PT\",\"@id\":\"https:\\\/\\\/kmblock.com\\\/pt-pt\\\/product\\\/bentley-flying-spur-2a-geracao\\\/#primaryimage\",\"url\":\"https:\\\/\\\/kmblock.com\\\/wp-content\\\/uploads\\\/2024\\\/09\\\/Bentley-Flying-Spur-Odometer-Blocker-600x600-1.webp\",\"contentUrl\":\"https:\\\/\\\/kmblock.com\\\/wp-content\\\/uploads\\\/2024\\\/09\\\/Bentley-Flying-Spur-Odometer-Blocker-600x600-1.webp\",\"width\":600,\"height\":600,\"caption\":\"Bentley-Flying-Spur\"},{\"@type\":\"BreadcrumbList\",\"@id\":\"https:\\\/\\\/kmblock.com\\\/pt-pt\\\/product\\\/bentley-flying-spur-2a-geracao\\\/#breadcrumb\",\"itemListElement\":[{\"@type\":\"ListItem\",\"position\":1,\"name\":\"Casa\",\"item\":\"https:\\\/\\\/kmblock.com\\\/pt-pt\\\/\"},{\"@type\":\"ListItem\",\"position\":2,\"name\":\"Produtos\",\"item\":\"https:\\\/\\\/kmblock.com\\\/pt-pt\\\/shop\\\/\"},{\"@type\":\"ListItem\",\"position\":3,\"name\":\"Bentley Flying Spur (2\u00aa gera\u00e7\u00e3o)\"}]},{\"@type\":\"WebSite\",\"@id\":\"https:\\\/\\\/kmblock.com\\\/pt-pt\\\/#website\",\"url\":\"https:\\\/\\\/kmblock.com\\\/pt-pt\\\/\",\"name\":\"KM Block\",\"description\":\"\",\"publisher\":{\"@id\":\"https:\\\/\\\/kmblock.com\\\/pt-pt\\\/#organization\"},\"potentialAction\":[{\"@type\":\"SearchAction\",\"target\":{\"@type\":\"EntryPoint\",\"urlTemplate\":\"https:\\\/\\\/kmblock.com\\\/pt-pt\\\/?s={search_term_string}\"},\"query-input\":{\"@type\":\"PropertyValueSpecification\",\"valueRequired\":true,\"valueName\":\"search_term_string\"}}],\"inLanguage\":\"pt-PT\"},{\"@type\":\"Organization\",\"@id\":\"https:\\\/\\\/kmblock.com\\\/pt-pt\\\/#organization\",\"name\":\"Bloco KM\",\"url\":\"https:\\\/\\\/kmblock.com\\\/pt-pt\\\/\",\"logo\":{\"@type\":\"ImageObject\",\"inLanguage\":\"pt-PT\",\"@id\":\"https:\\\/\\\/kmblock.com\\\/pt-pt\\\/#\\\/schema\\\/logo\\\/image\\\/\",\"url\":\"https:\\\/\\\/kmblock.com\\\/wp-content\\\/uploads\\\/2024\\\/08\\\/main-logo.png\",\"contentUrl\":\"https:\\\/\\\/kmblock.com\\\/wp-content\\\/uploads\\\/2024\\\/08\\\/main-logo.png\",\"width\":186,\"height\":28,\"caption\":\"Bloco KM\"},\"image\":{\"@id\":\"https:\\\/\\\/kmblock.com\\\/pt-pt\\\/#\\\/schema\\\/logo\\\/image\\\/\"}}]}<\/script>\n<!-- \/ Yoast SEO plugin. -->","yoast_head_json":{"title":"Bentley Flying Spur (2\u00aa gera\u00e7\u00e3o) Mileage Blocker (KM stopper) \u2192 KM Block","description":"Buy a Bentley Flying Spur (2\u00aa gera\u00e7\u00e3o) Mileage Blocker for the Best Prices \u2713 Free Shipping \u2713 Incl. Installation Guides","robots":{"index":"index","follow":"follow","max-snippet":"max-snippet:-1","max-image-preview":"max-image-preview:large","max-video-preview":"max-video-preview:-1"},"og_locale":"pt_PT","og_type":"article","og_title":"Bentley Flying Spur (2\u00aa gera\u00e7\u00e3o) Mileage Blocker (KM stopper) \u2192 KM Block","og_description":"Buy a Bentley Flying Spur (2\u00aa gera\u00e7\u00e3o) Mileage Blocker for the Best Prices \u2713 Free Shipping \u2713 Incl. Installation Guides","og_url":"https:\/\/kmblock.com\/pt-pt\/product\/bentley-flying-spur-2a-geracao\/","og_site_name":"KM Block","og_image":[{"width":600,"height":600,"url":"https:\/\/kmblock.com\/wp-content\/uploads\/2024\/09\/Bentley-Flying-Spur-Odometer-Blocker-600x600-1.webp","type":"image\/webp"}],"twitter_card":"summary_large_image","twitter_misc":{"Tempo estimado de leitura":"3 minutos"},"schema":{"@context":"https:\/\/schema.org","@graph":[{"@type":"WebPage","@id":"https:\/\/kmblock.com\/pt-pt\/product\/bentley-flying-spur-2a-geracao\/","url":"https:\/\/kmblock.com\/pt-pt\/product\/bentley-flying-spur-2a-geracao\/","name":"Bentley Flying Spur (2\u00aa gera\u00e7\u00e3o) Mileage Blocker (KM stopper) \u2192 KM Block","isPartOf":{"@id":"https:\/\/kmblock.com\/pt-pt\/#website"},"primaryImageOfPage":{"@id":"https:\/\/kmblock.com\/pt-pt\/product\/bentley-flying-spur-2a-geracao\/#primaryimage"},"image":{"@id":"https:\/\/kmblock.com\/pt-pt\/product\/bentley-flying-spur-2a-geracao\/#primaryimage"},"thumbnailUrl":"https:\/\/kmblock.com\/wp-content\/uploads\/2024\/09\/Bentley-Flying-Spur-Odometer-Blocker-600x600-1.webp","datePublished":"2024-09-18T15:10:18+00:00","description":"Buy a Bentley Flying Spur (2\u00aa gera\u00e7\u00e3o) Mileage Blocker for the Best Prices \u2713 Free Shipping \u2713 Incl. Installation Guides","breadcrumb":{"@id":"https:\/\/kmblock.com\/pt-pt\/product\/bentley-flying-spur-2a-geracao\/#breadcrumb"},"inLanguage":"pt-PT","potentialAction":[{"@type":"ReadAction","target":["https:\/\/kmblock.com\/pt-pt\/product\/bentley-flying-spur-2a-geracao\/"]}]},{"@type":"ImageObject","inLanguage":"pt-PT","@id":"https:\/\/kmblock.com\/pt-pt\/product\/bentley-flying-spur-2a-geracao\/#primaryimage","url":"https:\/\/kmblock.com\/wp-content\/uploads\/2024\/09\/Bentley-Flying-Spur-Odometer-Blocker-600x600-1.webp","contentUrl":"https:\/\/kmblock.com\/wp-content\/uploads\/2024\/09\/Bentley-Flying-Spur-Odometer-Blocker-600x600-1.webp","width":600,"height":600,"caption":"Bentley-Flying-Spur"},{"@type":"BreadcrumbList","@id":"https:\/\/kmblock.com\/pt-pt\/product\/bentley-flying-spur-2a-geracao\/#breadcrumb","itemListElement":[{"@type":"ListItem","position":1,"name":"Casa","item":"https:\/\/kmblock.com\/pt-pt\/"},{"@type":"ListItem","position":2,"name":"Produtos","item":"https:\/\/kmblock.com\/pt-pt\/shop\/"},{"@type":"ListItem","position":3,"name":"Bentley Flying Spur (2\u00aa gera\u00e7\u00e3o)"}]},{"@type":"WebSite","@id":"https:\/\/kmblock.com\/pt-pt\/#website","url":"https:\/\/kmblock.com\/pt-pt\/","name":"KM Block","description":"","publisher":{"@id":"https:\/\/kmblock.com\/pt-pt\/#organization"},"potentialAction":[{"@type":"SearchAction","target":{"@type":"EntryPoint","urlTemplate":"https:\/\/kmblock.com\/pt-pt\/?s={search_term_string}"},"query-input":{"@type":"PropertyValueSpecification","valueRequired":true,"valueName":"search_term_string"}}],"inLanguage":"pt-PT"},{"@type":"Organization","@id":"https:\/\/kmblock.com\/pt-pt\/#organization","name":"Bloco KM","url":"https:\/\/kmblock.com\/pt-pt\/","logo":{"@type":"ImageObject","inLanguage":"pt-PT","@id":"https:\/\/kmblock.com\/pt-pt\/#\/schema\/logo\/image\/","url":"https:\/\/kmblock.com\/wp-content\/uploads\/2024\/08\/main-logo.png","contentUrl":"https:\/\/kmblock.com\/wp-content\/uploads\/2024\/08\/main-logo.png","width":186,"height":28,"caption":"Bloco KM"},"image":{"@id":"https:\/\/kmblock.com\/pt-pt\/#\/schema\/logo\/image\/"}}]}},"_links":{"self":[{"href":"https:\/\/kmblock.com\/pt-pt\/wp-json\/wp\/v2\/product\/10277","targetHints":{"allow":["GET"]}}],"collection":[{"href":"https:\/\/kmblock.com\/pt-pt\/wp-json\/wp\/v2\/product"}],"about":[{"href":"https:\/\/kmblock.com\/pt-pt\/wp-json\/wp\/v2\/types\/product"}],"replies":[{"embeddable":true,"href":"https:\/\/kmblock.com\/pt-pt\/wp-json\/wp\/v2\/comments?post=10277"}],"wp:featuredmedia":[{"embeddable":true,"href":"https:\/\/kmblock.com\/pt-pt\/wp-json\/wp\/v2\/media\/701"}],"wp:attachment":[{"href":"https:\/\/kmblock.com\/pt-pt\/wp-json\/wp\/v2\/media?parent=10277"}],"wp:term":[{"taxonomy":"product_brand","embeddable":true,"href":"https:\/\/kmblock.com\/pt-pt\/wp-json\/wp\/v2\/product_brand?post=10277"},{"taxonomy":"product_cat","embeddable":true,"href":"https:\/\/kmblock.com\/pt-pt\/wp-json\/wp\/v2\/product_cat?post=10277"},{"taxonomy":"product_tag","embeddable":true,"href":"https:\/\/kmblock.com\/pt-pt\/wp-json\/wp\/v2\/product_tag?post=10277"}],"curies":[{"name":"wp","href":"https:\/\/api.w.org\/{rel}","templated":true}]}}