{"id":10276,"date":"2025-01-01T18:34:40","date_gmt":"2025-01-01T18:34:40","guid":{"rendered":"https:\/\/kmblock.com\/product\/bmw-1er-f40\/"},"modified":"2025-01-01T18:34:40","modified_gmt":"2025-01-01T18:34:40","slug":"bmw-1er-f40","status":"publish","type":"product","link":"https:\/\/kmblock.com\/pt-pt\/product\/bmw-1er-f40\/","title":{"rendered":"BMW 1ER F40"},"content":{"rendered":"<h3><strong>BLOQUEADOR DE QUIL\u00d3METROS PARA BMW 1ER F40<\/strong><\/h3>\n<p>O <strong>bloqueador de quilometragem do BMW 1ER F40<\/strong>, por vezes designado por bloqueador de conta-quil\u00f3metros, batente de conta-quil\u00f3metros, bloqueador de latas, batente de quilometragem, conta-quil\u00f3metros de viagem ou filtro de latas, \u00e9 uma ferramenta concebida para impedir o registo da quilometragem durante os testes do ve\u00edculo.<\/p>\n<p><strong>COMPATIBILIDADE<\/strong><br \/>\nEste dispositivo \u00e9 adequado para todos os modelos BMW 1ER F40 lan\u00e7ados desde 2019.<\/p>\n<hr>\n<h3><strong>ESPECIFICA\u00c7\u00d5ES<\/strong><\/h3>\n<ul>\n<li><strong>Instala\u00e7\u00e3o &#8221;fa\u00e7a voc\u00ea mesmo&#8221;<\/strong>: F\u00e1cil de instalar sem ajuda profissional.<\/li>\n<li><strong>Materiais de alta qualidade<\/strong>: Fichas de qualidade superior e cabos resistentes ao calor.<\/li>\n<li><strong>N\u00e3o necessita de modifica\u00e7\u00f5es<\/strong>: N\u00e3o soldas, n\u00e3o cortas cabos, nem abres ECUs.<\/li>\n<li><strong>Modos m\u00faltiplos<\/strong>: Alterna entre diferentes modos utilizando combina\u00e7\u00f5es de teclas.<\/li>\n<li><strong>Actualiza\u00e7\u00f5es de software<\/strong>: N\u00e3o \u00e9 necess\u00e1ria qualquer troca ou atualiza\u00e7\u00e3o ap\u00f3s as actualiza\u00e7\u00f5es de software, basta ativar o modo dois.<\/li>\n<li><strong>Protege as defini\u00e7\u00f5es<\/strong>: As defini\u00e7\u00f5es s\u00e3o guardadas permanentemente ap\u00f3s a sele\u00e7\u00e3o.<\/li>\n<li><strong>N\u00e3o h\u00e1 aumento espont\u00e2neo da quilometragem<\/strong>: A quilometragem n\u00e3o aumenta depois de o m\u00f3dulo ser removido.<\/li>\n<li><strong>Funcionalidade total<\/strong>: O indicador de velocidade e os sistemas de assist\u00eancia funcionam em modos selecionados.<\/li>\n<li><strong>N\u00e3o h\u00e1 mensagens de erro<\/strong>: N\u00e3o h\u00e1 erros no veloc\u00edmetro, na navega\u00e7\u00e3o, no assistente de \u00e2ngulo morto ou no controlo da velocidade de cruzeiro.<\/li>\n<li><strong>Instala\u00e7\u00e3o suave<\/strong>: A face de acoplamento e os sulcos no conetor garantem um processo de instala\u00e7\u00e3o f\u00e1cil.<\/li>\n<li><strong>Ajuste de servi\u00e7o<\/strong>: Ajusta automaticamente os intervalos de manuten\u00e7\u00e3o.<\/li>\n<\/ul>\n<h3><strong>AJUSTE DE SERVI\u00c7O<\/strong><\/h3>\n<p>O Bloqueador de Quil\u00f3metros p\u00e1ra o registo de quil\u00f3metros em todas as mem\u00f3rias e ajusta automaticamente o intervalo de manuten\u00e7\u00e3o. O contador de servi\u00e7o permanece ativo at\u00e9 restarem 30%, e depois reinicia automaticamente para 90% assim que o Limitador de Quil\u00f3metros for ativado. Por exemplo, num ve\u00edculo com um intervalo de manuten\u00e7\u00e3o de 30.000 km, 30% restante equivale a 9.000 km. O sistema faz subir a dist\u00e2ncia restante para 27.000 km (90%).   <\/p>\n<h3><strong>ACTIVA\u00c7\u00c3O E DESACTIVA\u00c7\u00c3O<\/strong><\/h3>\n<p>&#8221;Liga, mantendo premido o bot\u00e3o BC durante 10 segundos, at\u00e9 que todas as luzes do visor se acendam.<\/p>\n<p><strong>Modo verde:<\/strong> conta-quil\u00f3metros original novamente original a 100%. Funciona tudo bem. <\/p>\n<p><strong>Modo Amarelo:<\/strong> a contagem de quil\u00f3metros abrandou 30%. Em cada 100 km, conta 30 km. Tudo funciona bem.  <\/p>\n<p><strong>Modo vermelho:<\/strong> o contador de quil\u00f3metros j\u00e1 n\u00e3o est\u00e1 a 0%. A velocidade n\u00e3o funciona&#8221;. <\/p>\n<hr>\n<h3><strong>O que \u00e9 o bloqueador de od\u00f3metro ou ferramenta de corre\u00e7\u00e3o de quilometragem do BMW 1er F40?<\/strong><\/h3>\n<p>O <strong>bloqueador de quil\u00f3metros do BMW 1er F40<\/strong> \u00e9 utilizado para impedir o registo de quil\u00f3metros durante os testes de desempenho. Funciona perfeitamente em motores a diesel, a gasolina, h\u00edbridos e el\u00e9ctricos, independentemente de o teu conta-quil\u00f3metros medir em milhas ou quil\u00f3metros. <\/p>\n<p>Ao contr\u00e1rio das ferramentas de corre\u00e7\u00e3o de quilometragem que manipulam as leituras do conta-quil\u00f3metros para fins fraudulentos, este Mileage Blocker foi concebido para testes de desempenho leg\u00edtimos. As ferramentas de corre\u00e7\u00e3o n\u00e3o conseguem inverter totalmente a quilometragem devido \u00e0s m\u00faltiplas unidades de armazenamento de dados nos ve\u00edculos modernos. O nosso dispositivo garante testes precisos e destina-se a ambientes controlados, n\u00e3o a estradas p\u00fablicas.  <\/p>\n<p>A instala\u00e7\u00e3o \u00e9 simples, sem necessidade de conhecimentos especiais. Basta lig\u00e1-lo entre a porta do veloc\u00edmetro e o painel de instrumentos e desfrutar das vantagens deste m\u00f3dulo fi\u00e1vel. <\/p>\n<p><strong>Nota<\/strong>: O Kilometer Stopper destina-se apenas a fins de teste e afina\u00e7\u00e3o e n\u00e3o deve ser utilizado em estradas p\u00fablicas. N\u00e3o se destina a actividades fraudulentas. <\/p>\n","protected":false},"excerpt":{"rendered":"<div class=\"flex-shrink-0 flex flex-col relative items-end\">\n<div class=\"pt-0\">\n<div class=\"gizmo-bot-avatar flex h-8 w-8 items-center justify-center overflow-hidden rounded-full\">\n<div class=\"relative p-1 rounded-sm flex items-center justify-center bg-token-main-surface-primary text-token-text-primary h-8 w-8\">\n<p><strong>Antes de fazeres a encomenda: Notas importantes sobre a ativa\u00e7\u00e3o e a funcionalidade <\/strong>L\u00ea atentamente as seguintes informa\u00e7\u00f5es antes de efectuares a tua compra:<\/p>\n<p>Este m\u00f3dulo \u00e9 adequado para todos os <strong>modelos BMW 1ER F40<\/strong> lan\u00e7ados <strong>desde 2019<\/strong>. O indicador de velocidade e os programas de assist\u00eancia funcionam corretamente, mas apenas em determinados modos. N\u00e3o h\u00e1 mensagens de erro do assistente de \u00e2ngulo morto ou do controlo de cruzeiro. Instala\u00e7\u00e3o &#8221;fa\u00e7a voc\u00ea mesmo&#8221;, sem necessidade de ajuda profissional. Inclui fichas de qualidade superior e cabos resistentes ao calor para maior durabilidade.    <\/p>\n<\/div>\n<p><strong>Integra\u00e7\u00e3o perfeita<\/strong><\/p>\n<p><strong>Instala\u00e7\u00e3o f\u00e1cil<\/strong><\/p>\n<p><strong>Gest\u00e3o exacta da quilometragem<\/strong><\/p>\n<p><strong>Funcionamento em modo furtivo<\/strong><\/p>\n<p><strong>Suporte e actualiza\u00e7\u00f5es vital\u00edcias<\/strong><\/p>\n<\/div>\n<\/div>\n<\/div>\n","protected":false},"featured_media":711,"comment_status":"open","ping_status":"closed","template":"","meta":[],"product_brand":[],"product_cat":[1109],"product_tag":[],"class_list":{"0":"post-10276","1":"product","2":"type-product","3":"status-publish","4":"has-post-thumbnail","6":"product_cat-bmw","8":"first","9":"instock","10":"taxable","11":"shipping-taxable","12":"purchasable","13":"product-type-variable"},"yoast_head":"<!-- This site is optimized with the Yoast SEO plugin v27.5 - https:\/\/yoast.com\/product\/yoast-seo-wordpress\/ -->\n<title>BMW 1ER F40 Mileage Blocker (KM stopper) \u2192 KM Block<\/title>\n<meta name=\"description\" content=\"Buy a BMW 1ER F40 Mileage Blocker for the Best Prices \u2713 Free Shipping \u2713 Incl. Installation Guides\" \/>\n<meta name=\"robots\" content=\"index, follow, max-snippet:-1, max-image-preview:large, max-video-preview:-1\" \/>\n<meta property=\"og:locale\" content=\"pt_PT\" \/>\n<meta property=\"og:type\" content=\"article\" \/>\n<meta property=\"og:title\" content=\"BMW 1ER F40 Mileage Blocker (KM stopper) \u2192 KM Block\" \/>\n<meta property=\"og:description\" content=\"Buy a BMW 1ER F40 Mileage Blocker for the Best Prices \u2713 Free Shipping \u2713 Incl. Installation Guides\" \/>\n<meta property=\"og:url\" content=\"https:\/\/kmblock.com\/pt-pt\/product\/bmw-1er-f40\/\" \/>\n<meta property=\"og:site_name\" content=\"KM Block\" \/>\n<meta property=\"og:image\" content=\"https:\/\/kmblock.com\/wp-content\/uploads\/2024\/09\/BMW-1ER-F40.jpg\" \/>\n\t<meta property=\"og:image:width\" content=\"800\" \/>\n\t<meta property=\"og:image:height\" content=\"800\" \/>\n\t<meta property=\"og:image:type\" content=\"image\/jpeg\" \/>\n<meta name=\"twitter:card\" content=\"summary_large_image\" \/>\n<meta name=\"twitter:label1\" content=\"Tempo estimado de leitura\" \/>\n\t<meta name=\"twitter:data1\" content=\"3 minutos\" \/>\n<script type=\"application\/ld+json\" class=\"yoast-schema-graph\">{\"@context\":\"https:\\\/\\\/schema.org\",\"@graph\":[{\"@type\":\"WebPage\",\"@id\":\"https:\\\/\\\/kmblock.com\\\/pt-pt\\\/product\\\/bmw-1er-f40\\\/\",\"url\":\"https:\\\/\\\/kmblock.com\\\/pt-pt\\\/product\\\/bmw-1er-f40\\\/\",\"name\":\"BMW 1ER F40 Mileage Blocker (KM stopper) \u2192 KM Block\",\"isPartOf\":{\"@id\":\"https:\\\/\\\/kmblock.com\\\/pt-pt\\\/#website\"},\"primaryImageOfPage\":{\"@id\":\"https:\\\/\\\/kmblock.com\\\/pt-pt\\\/product\\\/bmw-1er-f40\\\/#primaryimage\"},\"image\":{\"@id\":\"https:\\\/\\\/kmblock.com\\\/pt-pt\\\/product\\\/bmw-1er-f40\\\/#primaryimage\"},\"thumbnailUrl\":\"https:\\\/\\\/kmblock.com\\\/wp-content\\\/uploads\\\/2024\\\/09\\\/BMW-1ER-F40.jpg\",\"datePublished\":\"2025-01-01T18:34:40+00:00\",\"description\":\"Buy a BMW 1ER F40 Mileage Blocker for the Best Prices \u2713 Free Shipping \u2713 Incl. Installation Guides\",\"breadcrumb\":{\"@id\":\"https:\\\/\\\/kmblock.com\\\/pt-pt\\\/product\\\/bmw-1er-f40\\\/#breadcrumb\"},\"inLanguage\":\"pt-PT\",\"potentialAction\":[{\"@type\":\"ReadAction\",\"target\":[\"https:\\\/\\\/kmblock.com\\\/pt-pt\\\/product\\\/bmw-1er-f40\\\/\"]}]},{\"@type\":\"ImageObject\",\"inLanguage\":\"pt-PT\",\"@id\":\"https:\\\/\\\/kmblock.com\\\/pt-pt\\\/product\\\/bmw-1er-f40\\\/#primaryimage\",\"url\":\"https:\\\/\\\/kmblock.com\\\/wp-content\\\/uploads\\\/2024\\\/09\\\/BMW-1ER-F40.jpg\",\"contentUrl\":\"https:\\\/\\\/kmblock.com\\\/wp-content\\\/uploads\\\/2024\\\/09\\\/BMW-1ER-F40.jpg\",\"width\":800,\"height\":800,\"caption\":\"BMW 1ER F40\"},{\"@type\":\"BreadcrumbList\",\"@id\":\"https:\\\/\\\/kmblock.com\\\/pt-pt\\\/product\\\/bmw-1er-f40\\\/#breadcrumb\",\"itemListElement\":[{\"@type\":\"ListItem\",\"position\":1,\"name\":\"Casa\",\"item\":\"https:\\\/\\\/kmblock.com\\\/pt-pt\\\/\"},{\"@type\":\"ListItem\",\"position\":2,\"name\":\"Produtos\",\"item\":\"https:\\\/\\\/kmblock.com\\\/pt-pt\\\/shop\\\/\"},{\"@type\":\"ListItem\",\"position\":3,\"name\":\"BMW 1ER F40\"}]},{\"@type\":\"WebSite\",\"@id\":\"https:\\\/\\\/kmblock.com\\\/pt-pt\\\/#website\",\"url\":\"https:\\\/\\\/kmblock.com\\\/pt-pt\\\/\",\"name\":\"KM Block\",\"description\":\"\",\"publisher\":{\"@id\":\"https:\\\/\\\/kmblock.com\\\/pt-pt\\\/#organization\"},\"potentialAction\":[{\"@type\":\"SearchAction\",\"target\":{\"@type\":\"EntryPoint\",\"urlTemplate\":\"https:\\\/\\\/kmblock.com\\\/pt-pt\\\/?s={search_term_string}\"},\"query-input\":{\"@type\":\"PropertyValueSpecification\",\"valueRequired\":true,\"valueName\":\"search_term_string\"}}],\"inLanguage\":\"pt-PT\"},{\"@type\":\"Organization\",\"@id\":\"https:\\\/\\\/kmblock.com\\\/pt-pt\\\/#organization\",\"name\":\"Bloco KM\",\"url\":\"https:\\\/\\\/kmblock.com\\\/pt-pt\\\/\",\"logo\":{\"@type\":\"ImageObject\",\"inLanguage\":\"pt-PT\",\"@id\":\"https:\\\/\\\/kmblock.com\\\/pt-pt\\\/#\\\/schema\\\/logo\\\/image\\\/\",\"url\":\"https:\\\/\\\/kmblock.com\\\/wp-content\\\/uploads\\\/2024\\\/08\\\/main-logo.png\",\"contentUrl\":\"https:\\\/\\\/kmblock.com\\\/wp-content\\\/uploads\\\/2024\\\/08\\\/main-logo.png\",\"width\":186,\"height\":28,\"caption\":\"Bloco KM\"},\"image\":{\"@id\":\"https:\\\/\\\/kmblock.com\\\/pt-pt\\\/#\\\/schema\\\/logo\\\/image\\\/\"}}]}<\/script>\n<!-- \/ Yoast SEO plugin. -->","yoast_head_json":{"title":"BMW 1ER F40 Mileage Blocker (KM stopper) \u2192 KM Block","description":"Buy a BMW 1ER F40 Mileage Blocker for the Best Prices \u2713 Free Shipping \u2713 Incl. Installation Guides","robots":{"index":"index","follow":"follow","max-snippet":"max-snippet:-1","max-image-preview":"max-image-preview:large","max-video-preview":"max-video-preview:-1"},"og_locale":"pt_PT","og_type":"article","og_title":"BMW 1ER F40 Mileage Blocker (KM stopper) \u2192 KM Block","og_description":"Buy a BMW 1ER F40 Mileage Blocker for the Best Prices \u2713 Free Shipping \u2713 Incl. Installation Guides","og_url":"https:\/\/kmblock.com\/pt-pt\/product\/bmw-1er-f40\/","og_site_name":"KM Block","og_image":[{"width":800,"height":800,"url":"https:\/\/kmblock.com\/wp-content\/uploads\/2024\/09\/BMW-1ER-F40.jpg","type":"image\/jpeg"}],"twitter_card":"summary_large_image","twitter_misc":{"Tempo estimado de leitura":"3 minutos"},"schema":{"@context":"https:\/\/schema.org","@graph":[{"@type":"WebPage","@id":"https:\/\/kmblock.com\/pt-pt\/product\/bmw-1er-f40\/","url":"https:\/\/kmblock.com\/pt-pt\/product\/bmw-1er-f40\/","name":"BMW 1ER F40 Mileage Blocker (KM stopper) \u2192 KM Block","isPartOf":{"@id":"https:\/\/kmblock.com\/pt-pt\/#website"},"primaryImageOfPage":{"@id":"https:\/\/kmblock.com\/pt-pt\/product\/bmw-1er-f40\/#primaryimage"},"image":{"@id":"https:\/\/kmblock.com\/pt-pt\/product\/bmw-1er-f40\/#primaryimage"},"thumbnailUrl":"https:\/\/kmblock.com\/wp-content\/uploads\/2024\/09\/BMW-1ER-F40.jpg","datePublished":"2025-01-01T18:34:40+00:00","description":"Buy a BMW 1ER F40 Mileage Blocker for the Best Prices \u2713 Free Shipping \u2713 Incl. Installation Guides","breadcrumb":{"@id":"https:\/\/kmblock.com\/pt-pt\/product\/bmw-1er-f40\/#breadcrumb"},"inLanguage":"pt-PT","potentialAction":[{"@type":"ReadAction","target":["https:\/\/kmblock.com\/pt-pt\/product\/bmw-1er-f40\/"]}]},{"@type":"ImageObject","inLanguage":"pt-PT","@id":"https:\/\/kmblock.com\/pt-pt\/product\/bmw-1er-f40\/#primaryimage","url":"https:\/\/kmblock.com\/wp-content\/uploads\/2024\/09\/BMW-1ER-F40.jpg","contentUrl":"https:\/\/kmblock.com\/wp-content\/uploads\/2024\/09\/BMW-1ER-F40.jpg","width":800,"height":800,"caption":"BMW 1ER F40"},{"@type":"BreadcrumbList","@id":"https:\/\/kmblock.com\/pt-pt\/product\/bmw-1er-f40\/#breadcrumb","itemListElement":[{"@type":"ListItem","position":1,"name":"Casa","item":"https:\/\/kmblock.com\/pt-pt\/"},{"@type":"ListItem","position":2,"name":"Produtos","item":"https:\/\/kmblock.com\/pt-pt\/shop\/"},{"@type":"ListItem","position":3,"name":"BMW 1ER F40"}]},{"@type":"WebSite","@id":"https:\/\/kmblock.com\/pt-pt\/#website","url":"https:\/\/kmblock.com\/pt-pt\/","name":"KM Block","description":"","publisher":{"@id":"https:\/\/kmblock.com\/pt-pt\/#organization"},"potentialAction":[{"@type":"SearchAction","target":{"@type":"EntryPoint","urlTemplate":"https:\/\/kmblock.com\/pt-pt\/?s={search_term_string}"},"query-input":{"@type":"PropertyValueSpecification","valueRequired":true,"valueName":"search_term_string"}}],"inLanguage":"pt-PT"},{"@type":"Organization","@id":"https:\/\/kmblock.com\/pt-pt\/#organization","name":"Bloco KM","url":"https:\/\/kmblock.com\/pt-pt\/","logo":{"@type":"ImageObject","inLanguage":"pt-PT","@id":"https:\/\/kmblock.com\/pt-pt\/#\/schema\/logo\/image\/","url":"https:\/\/kmblock.com\/wp-content\/uploads\/2024\/08\/main-logo.png","contentUrl":"https:\/\/kmblock.com\/wp-content\/uploads\/2024\/08\/main-logo.png","width":186,"height":28,"caption":"Bloco KM"},"image":{"@id":"https:\/\/kmblock.com\/pt-pt\/#\/schema\/logo\/image\/"}}]}},"_links":{"self":[{"href":"https:\/\/kmblock.com\/pt-pt\/wp-json\/wp\/v2\/product\/10276","targetHints":{"allow":["GET"]}}],"collection":[{"href":"https:\/\/kmblock.com\/pt-pt\/wp-json\/wp\/v2\/product"}],"about":[{"href":"https:\/\/kmblock.com\/pt-pt\/wp-json\/wp\/v2\/types\/product"}],"replies":[{"embeddable":true,"href":"https:\/\/kmblock.com\/pt-pt\/wp-json\/wp\/v2\/comments?post=10276"}],"wp:featuredmedia":[{"embeddable":true,"href":"https:\/\/kmblock.com\/pt-pt\/wp-json\/wp\/v2\/media\/711"}],"wp:attachment":[{"href":"https:\/\/kmblock.com\/pt-pt\/wp-json\/wp\/v2\/media?parent=10276"}],"wp:term":[{"taxonomy":"product_brand","embeddable":true,"href":"https:\/\/kmblock.com\/pt-pt\/wp-json\/wp\/v2\/product_brand?post=10276"},{"taxonomy":"product_cat","embeddable":true,"href":"https:\/\/kmblock.com\/pt-pt\/wp-json\/wp\/v2\/product_cat?post=10276"},{"taxonomy":"product_tag","embeddable":true,"href":"https:\/\/kmblock.com\/pt-pt\/wp-json\/wp\/v2\/product_tag?post=10276"}],"curies":[{"name":"wp","href":"https:\/\/api.w.org\/{rel}","templated":true}]}}